{"id":3953,"date":"2025-07-08T01:52:00","date_gmt":"2025-07-08T01:52:00","guid":{"rendered":"https:\/\/www.usborkeychain.com\/?post_type=product&#038;p=3953"},"modified":"2025-07-08T01:56:30","modified_gmt":"2025-07-08T01:56:30","slug":"coca-cola-bottle-shape-usb-flash-drive","status":"publish","type":"product","link":"https:\/\/www.usborkeychain.com\/fr\/produit\/coca-cola-bottle-shape-usb-flash-drive\/","title":{"rendered":"Cl\u00e9 USB en forme de bouteille de Coca-Cola"},"content":{"rendered":"<p><\/p>\n\n\n\n<div class=\"wp-block-columns is-layout-flex wp-container-core-columns-is-layout-28f84493 wp-block-columns-is-layout-flex\">\n<div class=\"wp-block-column is-layout-flow wp-block-column-is-layout-flow\">\n<figure class=\"wp-block-image size-full\"><img alt=\"\" fetchpriority=\"high\" decoding=\"async\" width=\"800\" height=\"800\" src=\"https:\/\/www.usborkeychain.com\/wp-content\/uploads\/Creative-Pepsi-Bottle-USB-Drive-for-Promotional-Use.jpg\" class=\"wp-image-3923\" srcset=\"https:\/\/www.usborkeychain.com\/wp-content\/uploads\/Creative-Pepsi-Bottle-USB-Drive-for-Promotional-Use.jpg 800w, https:\/\/www.usborkeychain.com\/wp-content\/uploads\/Creative-Pepsi-Bottle-USB-Drive-for-Promotional-Use-300x300.jpg 300w, https:\/\/www.usborkeychain.com\/wp-content\/uploads\/Creative-Pepsi-Bottle-USB-Drive-for-Promotional-Use-150x150.jpg 150w, https:\/\/www.usborkeychain.com\/wp-content\/uploads\/Creative-Pepsi-Bottle-USB-Drive-for-Promotional-Use-768x768.jpg 768w, https:\/\/www.usborkeychain.com\/wp-content\/uploads\/Creative-Pepsi-Bottle-USB-Drive-for-Promotional-Use-12x12.jpg 12w, https:\/\/www.usborkeychain.com\/wp-content\/uploads\/Creative-Pepsi-Bottle-USB-Drive-for-Promotional-Use-600x600.jpg 600w, https:\/\/www.usborkeychain.com\/wp-content\/uploads\/Creative-Pepsi-Bottle-USB-Drive-for-Promotional-Use-100x100.jpg 100w\" sizes=\"(max-width: 800px) 100vw, 800px\" \/><\/figure>\n<\/div>\n\n\n\n<div class=\"wp-block-column is-vertically-aligned-center is-layout-flow wp-block-column-is-layout-flow\">\n<p>Cette s\u00e9rie de cl\u00e9s USB en forme de bouteille de Coca-Cola comprend trois mod\u00e8les distincts, tous fabriqu\u00e9s en caoutchouc souple PVC respectueux de l'environnement.<\/p>\n\n\n\n<p> Le design reproduit fid\u00e8lement la v\u00e9ritable bouteille de Coca-Cola \u00e0 l'\u00e9chelle 1:6 environ. Chaque unit\u00e9 mesure moins de 60 mm de hauteur et pr\u00e9sente une texture douce au toucher et des caract\u00e9ristiques de surface d\u00e9taill\u00e9es. <\/p>\n\n\n\n<p>Les disques sont r\u00e9sistants aux chocs, \u00e0 l'eau et \u00e0 la poussi\u00e8re. Dot\u00e9s d'une interface USB 2.0, ils sont compatibles avec les syst\u00e8mes Windows, Mac OS et Linux. Les capacit\u00e9s de stockage vont de 4 \u00e0 64 Go, ce qui est id\u00e9al pour une utilisation promotionnelle, le stockage de donn\u00e9es ou les cadeaux d'entreprise de marque.<\/p>\n<\/div>\n<\/div>\n\n\n\n<h2 class=\"wp-block-heading\"><strong>1 : Cl\u00e9 USB 3D classique de la bouteille de Coca-Cola rouge<\/strong><\/h2>\n\n\n\n<ul class=\"wp-block-list\">\n<li><strong>Couleur<\/strong>: Coca-Cola Rouge<\/li>\n\n\n\n<li><strong>Taille<\/strong>: Environ 58 mm (H) \u00d7 18 mm (Diam\u00e8tre)<\/li>\n\n\n\n<li><strong>Interface<\/strong>: USB 2.0<\/li>\n\n\n\n<li><strong>Mat\u00e9riau<\/strong>: Caoutchouc souple PVC \u00e0 haute \u00e9lasticit\u00e9, moulage int\u00e9gr\u00e9<\/li>\n\n\n\n<li><strong>Conception<\/strong>: Le bouchon d\u00e9tachable de la bouteille dissimule le connecteur USB ; le logo blanc est imprim\u00e9 sur la bouteille ; les d\u00e9tails sculpt\u00e9s en 3D ressemblent beaucoup \u00e0 la bouteille en verre classique.<\/li>\n<\/ul>\n\n\n\n<p>Ce mod\u00e8le est la version standard et la plus vendue de la s\u00e9rie, largement utilis\u00e9e pour les promotions, les cadeaux de marque et le merchandising \u00e9v\u00e9nementiel.<\/p>\n\n\n\n<div class=\"wp-block-columns is-layout-flex wp-container-core-columns-is-layout-28f84493 wp-block-columns-is-layout-flex\">\n<div class=\"wp-block-column is-layout-flow wp-block-column-is-layout-flow\">\n<figure class=\"wp-block-image size-full\"><img alt=\"\" decoding=\"async\" width=\"800\" height=\"800\" src=\"https:\/\/www.usborkeychain.com\/wp-content\/uploads\/Coca-Cola-bottle-shaped-pen-drive.jpg\" class=\"wp-image-3957\" srcset=\"https:\/\/www.usborkeychain.com\/wp-content\/uploads\/Coca-Cola-bottle-shaped-pen-drive.jpg 800w, https:\/\/www.usborkeychain.com\/wp-content\/uploads\/Coca-Cola-bottle-shaped-pen-drive-300x300.jpg 300w, https:\/\/www.usborkeychain.com\/wp-content\/uploads\/Coca-Cola-bottle-shaped-pen-drive-150x150.jpg 150w, https:\/\/www.usborkeychain.com\/wp-content\/uploads\/Coca-Cola-bottle-shaped-pen-drive-768x768.jpg 768w, https:\/\/www.usborkeychain.com\/wp-content\/uploads\/Coca-Cola-bottle-shaped-pen-drive-12x12.jpg 12w, https:\/\/www.usborkeychain.com\/wp-content\/uploads\/Coca-Cola-bottle-shaped-pen-drive-600x600.jpg 600w, https:\/\/www.usborkeychain.com\/wp-content\/uploads\/Coca-Cola-bottle-shaped-pen-drive-100x100.jpg 100w\" sizes=\"(max-width: 800px) 100vw, 800px\" \/><\/figure>\n<\/div>\n\n\n\n<div class=\"wp-block-column is-layout-flow wp-block-column-is-layout-flow\">\n<figure class=\"wp-block-image size-full\"><img alt=\"\" decoding=\"async\" width=\"800\" height=\"800\" src=\"https:\/\/www.usborkeychain.com\/wp-content\/uploads\/Coca-Cola-bottle-memory-stick.jpg\" class=\"wp-image-3956\" srcset=\"https:\/\/www.usborkeychain.com\/wp-content\/uploads\/Coca-Cola-bottle-memory-stick.jpg 800w, https:\/\/www.usborkeychain.com\/wp-content\/uploads\/Coca-Cola-bottle-memory-stick-300x300.jpg 300w, https:\/\/www.usborkeychain.com\/wp-content\/uploads\/Coca-Cola-bottle-memory-stick-150x150.jpg 150w, https:\/\/www.usborkeychain.com\/wp-content\/uploads\/Coca-Cola-bottle-memory-stick-768x768.jpg 768w, https:\/\/www.usborkeychain.com\/wp-content\/uploads\/Coca-Cola-bottle-memory-stick-12x12.jpg 12w, https:\/\/www.usborkeychain.com\/wp-content\/uploads\/Coca-Cola-bottle-memory-stick-600x600.jpg 600w, https:\/\/www.usborkeychain.com\/wp-content\/uploads\/Coca-Cola-bottle-memory-stick-100x100.jpg 100w\" sizes=\"(max-width: 800px) 100vw, 800px\" \/><\/figure>\n<\/div>\n<\/div>\n\n\n\n<h2 class=\"wp-block-heading\"><strong> 2 : Cl\u00e9 USB bouteille Coca-Cola \u00e9dition limit\u00e9e noire et rouge<\/strong><\/h2>\n\n\n\n<ul class=\"wp-block-list\">\n<li><strong>Couleur<\/strong>: Corps noir avec bouchon rouge<\/li>\n\n\n\n<li><strong>Technique du logo<\/strong>: Mold-in (\u00e9tiquetage dans le moule), form\u00e9 directement lors du moulage par injection - pas d'impression - garantissant la durabilit\u00e9 et la r\u00e9sistance \u00e0 la d\u00e9coloration.<\/li>\n\n\n\n<li><strong>Taille<\/strong>: Identique au mod\u00e8le 1<\/li>\n\n\n\n<li><strong>Caract\u00e9ristiques<\/strong>: Aspect unique et moderne, adapt\u00e9 aux \u00e9ditions limit\u00e9es, aux cadeaux haut de gamme ou aux \u00e9v\u00e9nements de marque haut de gamme.<\/li>\n<\/ul>\n\n\n\n<p>Gr\u00e2ce \u00e0 son logo moul\u00e9 et \u00e0 ses couleurs contrast\u00e9es, ce mod\u00e8le offre une identit\u00e9 visuelle plus premium et durable.<\/p>\n\n\n\n<div class=\"wp-block-columns is-layout-flex wp-container-core-columns-is-layout-28f84493 wp-block-columns-is-layout-flex\">\n<div class=\"wp-block-column is-layout-flow wp-block-column-is-layout-flow\">\n<figure class=\"wp-block-image size-full\"><img alt=\"\" loading=\"lazy\" decoding=\"async\" width=\"800\" height=\"800\" src=\"https:\/\/www.usborkeychain.com\/wp-content\/uploads\/Coca-Cola-bottle-USB-drive.jpg\" class=\"wp-image-3959\" srcset=\"https:\/\/www.usborkeychain.com\/wp-content\/uploads\/Coca-Cola-bottle-USB-drive.jpg 800w, https:\/\/www.usborkeychain.com\/wp-content\/uploads\/Coca-Cola-bottle-USB-drive-300x300.jpg 300w, https:\/\/www.usborkeychain.com\/wp-content\/uploads\/Coca-Cola-bottle-USB-drive-150x150.jpg 150w, https:\/\/www.usborkeychain.com\/wp-content\/uploads\/Coca-Cola-bottle-USB-drive-768x768.jpg 768w, https:\/\/www.usborkeychain.com\/wp-content\/uploads\/Coca-Cola-bottle-USB-drive-12x12.jpg 12w, https:\/\/www.usborkeychain.com\/wp-content\/uploads\/Coca-Cola-bottle-USB-drive-600x600.jpg 600w, https:\/\/www.usborkeychain.com\/wp-content\/uploads\/Coca-Cola-bottle-USB-drive-100x100.jpg 100w\" sizes=\"(max-width: 800px) 100vw, 800px\" \/><\/figure>\n<\/div>\n\n\n\n<div class=\"wp-block-column is-layout-flow wp-block-column-is-layout-flow\">\n<figure class=\"wp-block-image size-full\"><img alt=\"\" loading=\"lazy\" decoding=\"async\" width=\"800\" height=\"800\" src=\"https:\/\/www.usborkeychain.com\/wp-content\/uploads\/Coca-Cola-bottle-USB-stick.jpg\" class=\"wp-image-3961\" srcset=\"https:\/\/www.usborkeychain.com\/wp-content\/uploads\/Coca-Cola-bottle-USB-stick.jpg 800w, https:\/\/www.usborkeychain.com\/wp-content\/uploads\/Coca-Cola-bottle-USB-stick-300x300.jpg 300w, https:\/\/www.usborkeychain.com\/wp-content\/uploads\/Coca-Cola-bottle-USB-stick-150x150.jpg 150w, https:\/\/www.usborkeychain.com\/wp-content\/uploads\/Coca-Cola-bottle-USB-stick-768x768.jpg 768w, https:\/\/www.usborkeychain.com\/wp-content\/uploads\/Coca-Cola-bottle-USB-stick-12x12.jpg 12w, https:\/\/www.usborkeychain.com\/wp-content\/uploads\/Coca-Cola-bottle-USB-stick-600x600.jpg 600w, https:\/\/www.usborkeychain.com\/wp-content\/uploads\/Coca-Cola-bottle-USB-stick-100x100.jpg 100w\" sizes=\"(max-width: 800px) 100vw, 800px\" \/><\/figure>\n<\/div>\n<\/div>\n\n\n\n<h2 class=\"wp-block-heading\"><strong>3 : Inspir\u00e9 par <strong>Coca-Cola<\/strong>Campagne promotionnelle de la Commission europ\u00e9enne<\/strong><\/h2>\n\n\n\n<p><strong>Coca-Cola <\/strong>avait d\u00e9j\u00e0 mis en place une cl\u00e9 USB similaire en forme de bouteille dans le cadre de ses campagnes de marketing. Plus de 100 000 unit\u00e9s ont \u00e9t\u00e9 distribu\u00e9es dans le cadre de promotions dans les supermarch\u00e9s, d'activations hors ligne et d'\u00e9v\u00e9nements d'interaction avec la marque. Les r\u00e9actions du march\u00e9 ont montr\u00e9 que, par rapport aux cl\u00e9s USB standard, les cl\u00e9s en forme de bouteille avaient un taux de r\u00e9tention trois fois plus \u00e9lev\u00e9 et un cycle d'utilisation moyen de plus de six mois, ce qui permet de prolonger l'exposition de la marque.<\/p>\n\n\n\n<div class=\"wp-block-columns is-layout-flex wp-container-core-columns-is-layout-28f84493 wp-block-columns-is-layout-flex\">\n<div class=\"wp-block-column is-layout-flow wp-block-column-is-layout-flow\">\n<figure class=\"wp-block-image size-full\"><img alt=\"\" loading=\"lazy\" decoding=\"async\" width=\"800\" height=\"800\" src=\"https:\/\/www.usborkeychain.com\/wp-content\/uploads\/Coca-Cola-bottle-USB-flash-drive.jpg\" class=\"wp-image-3960\" srcset=\"https:\/\/www.usborkeychain.com\/wp-content\/uploads\/Coca-Cola-bottle-USB-flash-drive.jpg 800w, https:\/\/www.usborkeychain.com\/wp-content\/uploads\/Coca-Cola-bottle-USB-flash-drive-300x300.jpg 300w, https:\/\/www.usborkeychain.com\/wp-content\/uploads\/Coca-Cola-bottle-USB-flash-drive-150x150.jpg 150w, https:\/\/www.usborkeychain.com\/wp-content\/uploads\/Coca-Cola-bottle-USB-flash-drive-768x768.jpg 768w, https:\/\/www.usborkeychain.com\/wp-content\/uploads\/Coca-Cola-bottle-USB-flash-drive-12x12.jpg 12w, https:\/\/www.usborkeychain.com\/wp-content\/uploads\/Coca-Cola-bottle-USB-flash-drive-600x600.jpg 600w, https:\/\/www.usborkeychain.com\/wp-content\/uploads\/Coca-Cola-bottle-USB-flash-drive-100x100.jpg 100w\" sizes=\"(max-width: 800px) 100vw, 800px\" \/><\/figure>\n<\/div>\n\n\n\n<div class=\"wp-block-column is-layout-flow wp-block-column-is-layout-flow\">\n<figure class=\"wp-block-image size-full\"><img alt=\"\" loading=\"lazy\" decoding=\"async\" width=\"800\" height=\"800\" src=\"https:\/\/www.usborkeychain.com\/wp-content\/uploads\/Coca-Cola-bottle-style-flash-disk.jpg\" class=\"wp-image-3958\" srcset=\"https:\/\/www.usborkeychain.com\/wp-content\/uploads\/Coca-Cola-bottle-style-flash-disk.jpg 800w, https:\/\/www.usborkeychain.com\/wp-content\/uploads\/Coca-Cola-bottle-style-flash-disk-300x300.jpg 300w, https:\/\/www.usborkeychain.com\/wp-content\/uploads\/Coca-Cola-bottle-style-flash-disk-150x150.jpg 150w, https:\/\/www.usborkeychain.com\/wp-content\/uploads\/Coca-Cola-bottle-style-flash-disk-768x768.jpg 768w, https:\/\/www.usborkeychain.com\/wp-content\/uploads\/Coca-Cola-bottle-style-flash-disk-12x12.jpg 12w, https:\/\/www.usborkeychain.com\/wp-content\/uploads\/Coca-Cola-bottle-style-flash-disk-600x600.jpg 600w, https:\/\/www.usborkeychain.com\/wp-content\/uploads\/Coca-Cola-bottle-style-flash-disk-100x100.jpg 100w\" sizes=\"(max-width: 800px) 100vw, 800px\" \/><\/figure>\n<\/div>\n<\/div>\n\n\n\n<p>L'adoption par Coca-Cola d'une strat\u00e9gie similaire - l'utilisation de cl\u00e9s USB r\u00e9alistes en forme de bouteille pour des festivals, des lancements ou des cadeaux publicitaires - peut accro\u00eetre de mani\u00e8re significative l'engagement des consommateurs et am\u00e9liorer la visibilit\u00e9 de la marque gr\u00e2ce \u00e0 un design de produit unique et personnalis\u00e9.<\/p>","protected":false},"excerpt":{"rendered":"<ul>\n<li>Forme de la bouteille de Coca-Cola<\/li>\n<li>Moule en PVC<\/li>\n<li>Trois styles<\/li>\n<li>MOQ:100PCS<\/li>\n<li>Cadeau pour la soci\u00e9t\u00e9 Coca-cola<\/li>\n<\/ul>","protected":false},"featured_media":3957,"comment_status":"open","ping_status":"closed","template":"","meta":{"_seopress_robots_primary_cat":"","_seopress_titles_title":"","_seopress_titles_desc":"","_seopress_robots_index":"","site-sidebar-layout":"default","site-content-layout":"","ast-site-content-layout":"","site-content-style":"default","site-sidebar-style":"default","ast-global-header-display":"","ast-banner-title-visibility":"","ast-main-header-display":"","ast-hfb-above-header-display":"","ast-hfb-below-header-display":"","ast-hfb-mobile-header-display":"","site-post-title":"","ast-breadcrumbs-content":"","ast-featured-img":"","footer-sml-layout":"","theme-transparent-header-meta":"","adv-header-id-meta":"","stick-header-meta":"","header-above-stick-meta":"","header-main-stick-meta":"","header-below-stick-meta":"","astra-migrate-meta-layouts":"default","ast-page-background-enabled":"default","ast-page-background-meta":{"desktop":{"background-color":"var(--ast-global-color-5)","background-image":"","background-repeat":"repeat","background-position":"center center","background-size":"auto","background-attachment":"scroll","background-type":"","background-media":"","overlay-type":"","overlay-color":"","overlay-opacity":"","overlay-gradient":""},"tablet":{"background-color":"","background-image":"","background-repeat":"repeat","background-position":"center center","background-size":"auto","background-attachment":"scroll","background-type":"","background-media":"","overlay-type":"","overlay-color":"","overlay-opacity":"","overlay-gradient":""},"mobile":{"background-color":"","background-image":"","background-repeat":"repeat","background-position":"center center","background-size":"auto","background-attachment":"scroll","background-type":"","background-media":"","overlay-type":"","overlay-color":"","overlay-opacity":"","overlay-gradient":""}},"ast-content-background-meta":{"desktop":{"background-color":"var(--ast-global-color-4)","background-image":"","background-repeat":"repeat","background-position":"center center","background-size":"auto","background-attachment":"scroll","background-type":"","background-media":"","overlay-type":"","overlay-color":"","overlay-opacity":"","overlay-gradient":""},"tablet":{"background-color":"var(--ast-global-color-4)","background-image":"","background-repeat":"repeat","background-position":"center center","background-size":"auto","background-attachment":"scroll","background-type":"","background-media":"","overlay-type":"","overlay-color":"","overlay-opacity":"","overlay-gradient":""},"mobile":{"background-color":"var(--ast-global-color-4)","background-image":"","background-repeat":"repeat","background-position":"center center","background-size":"auto","background-attachment":"scroll","background-type":"","background-media":"","overlay-type":"","overlay-color":"","overlay-opacity":"","overlay-gradient":""}}},"product_brand":[],"product_cat":[94],"product_tag":[218],"class_list":{"0":"post-3953","1":"product","2":"type-product","3":"status-publish","4":"has-post-thumbnail","6":"product_cat-pvc-usb-pendrive","7":"product_tag-bottle-usb-drive","8":"desktop-align-left","9":"tablet-align-left","10":"mobile-align-left","12":"first","13":"instock","14":"shipping-taxable","15":"product-type-simple"},"_links":{"self":[{"href":"https:\/\/www.usborkeychain.com\/fr\/wp-json\/wp\/v2\/product\/3953","targetHints":{"allow":["GET"]}}],"collection":[{"href":"https:\/\/www.usborkeychain.com\/fr\/wp-json\/wp\/v2\/product"}],"about":[{"href":"https:\/\/www.usborkeychain.com\/fr\/wp-json\/wp\/v2\/types\/product"}],"replies":[{"embeddable":true,"href":"https:\/\/www.usborkeychain.com\/fr\/wp-json\/wp\/v2\/comments?post=3953"}],"wp:featuredmedia":[{"embeddable":true,"href":"https:\/\/www.usborkeychain.com\/fr\/wp-json\/wp\/v2\/media\/3957"}],"wp:attachment":[{"href":"https:\/\/www.usborkeychain.com\/fr\/wp-json\/wp\/v2\/media?parent=3953"}],"wp:term":[{"taxonomy":"product_brand","embeddable":true,"href":"https:\/\/www.usborkeychain.com\/fr\/wp-json\/wp\/v2\/product_brand?post=3953"},{"taxonomy":"product_cat","embeddable":true,"href":"https:\/\/www.usborkeychain.com\/fr\/wp-json\/wp\/v2\/product_cat?post=3953"},{"taxonomy":"product_tag","embeddable":true,"href":"https:\/\/www.usborkeychain.com\/fr\/wp-json\/wp\/v2\/product_tag?post=3953"}],"curies":[{"name":"wp","href":"https:\/\/api.w.org\/{rel}","templated":true}]}}