{"id":3962,"date":"2025-07-09T09:57:25","date_gmt":"2025-07-09T09:57:25","guid":{"rendered":"https:\/\/www.usborkeychain.com\/?post_type=product&#038;p=3962"},"modified":"2025-07-09T10:00:06","modified_gmt":"2025-07-09T10:00:06","slug":"bottle-shaped-usb-flash-drive-for-mountain-new","status":"publish","type":"product","link":"https:\/\/www.usborkeychain.com\/fr\/produit\/bottle-shaped-usb-flash-drive-for-mountain-new\/","title":{"rendered":"Cl\u00e9 USB en forme de bouteille pour la montagne"},"content":{"rendered":"<p><\/p>\n\n\n\n<div class=\"wp-block-columns is-layout-flex wp-container-core-columns-is-layout-28f84493 wp-block-columns-is-layout-flex\">\n<div class=\"wp-block-column is-layout-flow wp-block-column-is-layout-flow\">\n<figure class=\"wp-block-image size-full\"><img fetchpriority=\"high\" decoding=\"async\" width=\"800\" height=\"800\" src=\"https:\/\/www.usborkeychain.com\/wp-content\/uploads\/bootle-shaped-usb-flash-drive.png\" alt=\"bootle-shaped-usb-flash-drive\" class=\"wp-image-3965\" srcset=\"https:\/\/www.usborkeychain.com\/wp-content\/uploads\/bootle-shaped-usb-flash-drive.png 800w, https:\/\/www.usborkeychain.com\/wp-content\/uploads\/bootle-shaped-usb-flash-drive-300x300.png 300w, https:\/\/www.usborkeychain.com\/wp-content\/uploads\/bootle-shaped-usb-flash-drive-150x150.png 150w, https:\/\/www.usborkeychain.com\/wp-content\/uploads\/bootle-shaped-usb-flash-drive-768x768.png 768w, https:\/\/www.usborkeychain.com\/wp-content\/uploads\/bootle-shaped-usb-flash-drive-12x12.png 12w, https:\/\/www.usborkeychain.com\/wp-content\/uploads\/bootle-shaped-usb-flash-drive-600x600.png 600w, https:\/\/www.usborkeychain.com\/wp-content\/uploads\/bootle-shaped-usb-flash-drive-100x100.png 100w\" sizes=\"(max-width: 800px) 100vw, 800px\" \/><\/figure>\n<\/div>\n\n\n\n<div class=\"wp-block-column is-vertically-aligned-center is-layout-flow wp-block-column-is-layout-flow\">\n<p>Cette cl\u00e9 USB en forme de bouteille est propos\u00e9e avec des capacit\u00e9s de stockage personnalisables de 8 Go, 16 Go, 32 Go ou 64 Go. Elle prend en charge les interfaces USB 2.0 et 3.0 et est compatible avec les syst\u00e8mes Windows, macOS et Linux. Le produit mesure environ 70 x 25 x 20 mm et p\u00e8se environ 22 g. <\/p>\n\n\n\n<p>Con\u00e7ue pour ressembler \u00e0 une bouteille de boisson \u00e9nergisante Mountain Dew, elle a \u00e9t\u00e9 cr\u00e9\u00e9e comme cadeau promotionnel pour les campagnes de publicit\u00e9 et d'image de marque de Mountain Dew.<\/p>\n<\/div>\n<\/div>\n\n\n\n<p>L'\u00e9tui ext\u00e9rieur est fabriqu\u00e9 en caoutchouc souple PVC vert respectueux de l'environnement, offrant une prise en main confortable et une bonne protection contre l'eau et la poussi\u00e8re. Le corps de la bouteille est fabriqu\u00e9 par moulage par injection de haute pr\u00e9cision, avec une finition r\u00e9aliste, et comporte un logo Mountain Dew haute r\u00e9solution en rouge et vert vifs pour un contraste visuel fort. Le bouchon s'ouvre pour r\u00e9v\u00e9ler le connecteur USB cach\u00e9, qui reste enti\u00e8rement prot\u00e9g\u00e9 lorsqu'il est ferm\u00e9.<\/p>\n\n\n\n<div class=\"wp-block-columns is-layout-flex wp-container-core-columns-is-layout-28f84493 wp-block-columns-is-layout-flex\">\n<div class=\"wp-block-column is-layout-flow wp-block-column-is-layout-flow\">\n<figure class=\"wp-block-image size-full\"><img decoding=\"async\" width=\"800\" height=\"800\" src=\"https:\/\/www.usborkeychain.com\/wp-content\/uploads\/bootle-shaped-usb-flash-drive-for-mountain-new.png\" alt=\"bootle-shaped-usb-flash-drive-for-mountain-new\" class=\"wp-image-3966\" srcset=\"https:\/\/www.usborkeychain.com\/wp-content\/uploads\/bootle-shaped-usb-flash-drive-for-mountain-new.png 800w, https:\/\/www.usborkeychain.com\/wp-content\/uploads\/bootle-shaped-usb-flash-drive-for-mountain-new-300x300.png 300w, https:\/\/www.usborkeychain.com\/wp-content\/uploads\/bootle-shaped-usb-flash-drive-for-mountain-new-150x150.png 150w, https:\/\/www.usborkeychain.com\/wp-content\/uploads\/bootle-shaped-usb-flash-drive-for-mountain-new-768x768.png 768w, https:\/\/www.usborkeychain.com\/wp-content\/uploads\/bootle-shaped-usb-flash-drive-for-mountain-new-12x12.png 12w, https:\/\/www.usborkeychain.com\/wp-content\/uploads\/bootle-shaped-usb-flash-drive-for-mountain-new-600x600.png 600w, https:\/\/www.usborkeychain.com\/wp-content\/uploads\/bootle-shaped-usb-flash-drive-for-mountain-new-100x100.png 100w\" sizes=\"(max-width: 800px) 100vw, 800px\" \/><\/figure>\n<\/div>\n\n\n\n<div class=\"wp-block-column is-layout-flow wp-block-column-is-layout-flow\">\n<figure class=\"wp-block-image size-full\"><img decoding=\"async\" width=\"800\" height=\"800\" src=\"https:\/\/www.usborkeychain.com\/wp-content\/uploads\/bottle-shaped-usb-flash-drive.png\" alt=\"bottle-shaped-usb-flash-drive\" class=\"wp-image-3967\" srcset=\"https:\/\/www.usborkeychain.com\/wp-content\/uploads\/bottle-shaped-usb-flash-drive.png 800w, https:\/\/www.usborkeychain.com\/wp-content\/uploads\/bottle-shaped-usb-flash-drive-300x300.png 300w, https:\/\/www.usborkeychain.com\/wp-content\/uploads\/bottle-shaped-usb-flash-drive-150x150.png 150w, https:\/\/www.usborkeychain.com\/wp-content\/uploads\/bottle-shaped-usb-flash-drive-768x768.png 768w, https:\/\/www.usborkeychain.com\/wp-content\/uploads\/bottle-shaped-usb-flash-drive-12x12.png 12w, https:\/\/www.usborkeychain.com\/wp-content\/uploads\/bottle-shaped-usb-flash-drive-600x600.png 600w, https:\/\/www.usborkeychain.com\/wp-content\/uploads\/bottle-shaped-usb-flash-drive-100x100.png 100w\" sizes=\"(max-width: 800px) 100vw, 800px\" \/><\/figure>\n<\/div>\n<\/div>\n\n\n\n<p>Cette cl\u00e9 USB a \u00e9t\u00e9 con\u00e7ue sur mesure pour Mountain Dew en tant que cadeau promotionnel. La personnalisation comprend l'impression du logo, l'emballage de la marque et des options de taille de m\u00e9moire, ce qui garantit une parfaite ad\u00e9quation avec l'image de la marque. Elle a \u00e9t\u00e9 bien accueillie dans les campagnes pour son utilisation pratique et son impact sur la marque.<\/p>\n\n\n\n<p>En tant qu'article cadeau, la cl\u00e9 USB en forme de bouteille se distingue par son design cr\u00e9atif et sa fonctionnalit\u00e9. Elle est parfaite pour attirer l'attention lors de salons professionnels, sur les m\u00e9dias sociaux et dans la vie de tous les jours, contribuant ainsi \u00e0 renforcer l'exposition et l'engagement de la marque de mani\u00e8re efficace.<\/p>","protected":false},"excerpt":{"rendered":"<ul>\n<li>Mati\u00e8re PVC<\/li>\n<li>Forme de bouteille verte<\/li>\n<li>MOQ:100PCS<\/li>\n<li>Cadeau promotionnel<\/li>\n<li>Pour la soci\u00e9t\u00e9 Mountain Dew<\/li>\n<\/ul>","protected":false},"featured_media":3965,"comment_status":"open","ping_status":"closed","template":"","meta":{"_seopress_robots_primary_cat":"","_seopress_titles_title":"","_seopress_titles_desc":"","_seopress_robots_index":"","site-sidebar-layout":"default","site-content-layout":"","ast-site-content-layout":"","site-content-style":"default","site-sidebar-style":"default","ast-global-header-display":"","ast-banner-title-visibility":"","ast-main-header-display":"","ast-hfb-above-header-display":"","ast-hfb-below-header-display":"","ast-hfb-mobile-header-display":"","site-post-title":"","ast-breadcrumbs-content":"","ast-featured-img":"","footer-sml-layout":"","theme-transparent-header-meta":"","adv-header-id-meta":"","stick-header-meta":"","header-above-stick-meta":"","header-main-stick-meta":"","header-below-stick-meta":"","astra-migrate-meta-layouts":"default","ast-page-background-enabled":"default","ast-page-background-meta":{"desktop":{"background-color":"var(--ast-global-color-5)","background-image":"","background-repeat":"repeat","background-position":"center center","background-size":"auto","background-attachment":"scroll","background-type":"","background-media":"","overlay-type":"","overlay-color":"","overlay-opacity":"","overlay-gradient":""},"tablet":{"background-color":"","background-image":"","background-repeat":"repeat","background-position":"center center","background-size":"auto","background-attachment":"scroll","background-type":"","background-media":"","overlay-type":"","overlay-color":"","overlay-opacity":"","overlay-gradient":""},"mobile":{"background-color":"","background-image":"","background-repeat":"repeat","background-position":"center center","background-size":"auto","background-attachment":"scroll","background-type":"","background-media":"","overlay-type":"","overlay-color":"","overlay-opacity":"","overlay-gradient":""}},"ast-content-background-meta":{"desktop":{"background-color":"var(--ast-global-color-4)","background-image":"","background-repeat":"repeat","background-position":"center center","background-size":"auto","background-attachment":"scroll","background-type":"","background-media":"","overlay-type":"","overlay-color":"","overlay-opacity":"","overlay-gradient":""},"tablet":{"background-color":"var(--ast-global-color-4)","background-image":"","background-repeat":"repeat","background-position":"center center","background-size":"auto","background-attachment":"scroll","background-type":"","background-media":"","overlay-type":"","overlay-color":"","overlay-opacity":"","overlay-gradient":""},"mobile":{"background-color":"var(--ast-global-color-4)","background-image":"","background-repeat":"repeat","background-position":"center center","background-size":"auto","background-attachment":"scroll","background-type":"","background-media":"","overlay-type":"","overlay-color":"","overlay-opacity":"","overlay-gradient":""}}},"product_brand":[],"product_cat":[94],"product_tag":[219],"class_list":{"0":"post-3962","1":"product","2":"type-product","3":"status-publish","4":"has-post-thumbnail","6":"product_cat-pvc-usb-pendrive","7":"product_tag-bottle-shape-usb-flash-drive","8":"desktop-align-left","9":"tablet-align-left","10":"mobile-align-left","12":"first","13":"instock","14":"shipping-taxable","15":"product-type-simple"},"_links":{"self":[{"href":"https:\/\/www.usborkeychain.com\/fr\/wp-json\/wp\/v2\/product\/3962","targetHints":{"allow":["GET"]}}],"collection":[{"href":"https:\/\/www.usborkeychain.com\/fr\/wp-json\/wp\/v2\/product"}],"about":[{"href":"https:\/\/www.usborkeychain.com\/fr\/wp-json\/wp\/v2\/types\/product"}],"replies":[{"embeddable":true,"href":"https:\/\/www.usborkeychain.com\/fr\/wp-json\/wp\/v2\/comments?post=3962"}],"wp:featuredmedia":[{"embeddable":true,"href":"https:\/\/www.usborkeychain.com\/fr\/wp-json\/wp\/v2\/media\/3965"}],"wp:attachment":[{"href":"https:\/\/www.usborkeychain.com\/fr\/wp-json\/wp\/v2\/media?parent=3962"}],"wp:term":[{"taxonomy":"product_brand","embeddable":true,"href":"https:\/\/www.usborkeychain.com\/fr\/wp-json\/wp\/v2\/product_brand?post=3962"},{"taxonomy":"product_cat","embeddable":true,"href":"https:\/\/www.usborkeychain.com\/fr\/wp-json\/wp\/v2\/product_cat?post=3962"},{"taxonomy":"product_tag","embeddable":true,"href":"https:\/\/www.usborkeychain.com\/fr\/wp-json\/wp\/v2\/product_tag?post=3962"}],"curies":[{"name":"wp","href":"https:\/\/api.w.org\/{rel}","templated":true}]}}