{"id":3969,"date":"2025-07-10T00:19:20","date_gmt":"2025-07-10T00:19:20","guid":{"rendered":"https:\/\/www.usborkeychain.com\/?post_type=product&#038;p=3969"},"modified":"2025-07-10T00:21:34","modified_gmt":"2025-07-10T00:21:34","slug":"glass-bottle-usb-drive-with-wooden-cork","status":"publish","type":"product","link":"https:\/\/www.usborkeychain.com\/fr\/produit\/glass-bottle-usb-drive-with-wooden-cork\/","title":{"rendered":"Cl\u00e9 USB bouteille en verre avec bouchon en bois"},"content":{"rendered":"<p><\/p>\n\n\n\n<div class=\"wp-block-columns is-layout-flex wp-container-core-columns-is-layout-28f84493 wp-block-columns-is-layout-flex\">\n<div class=\"wp-block-column is-layout-flow wp-block-column-is-layout-flow\">\n<figure class=\"wp-block-image size-large\"><img alt=\"Creative Glass Bottle USB Flash Drive\" fetchpriority=\"high\" decoding=\"async\" width=\"1024\" height=\"1024\" src=\"https:\/\/www.usborkeychain.com\/wp-content\/uploads\/Creative-Glass-Bottle-USB-Flash-Drive-1024x1024.jpg\" class=\"wp-image-3972\" srcset=\"https:\/\/www.usborkeychain.com\/wp-content\/uploads\/Creative-Glass-Bottle-USB-Flash-Drive-1024x1024.jpg 1024w, https:\/\/www.usborkeychain.com\/wp-content\/uploads\/Creative-Glass-Bottle-USB-Flash-Drive-300x300.jpg 300w, https:\/\/www.usborkeychain.com\/wp-content\/uploads\/Creative-Glass-Bottle-USB-Flash-Drive-150x150.jpg 150w, https:\/\/www.usborkeychain.com\/wp-content\/uploads\/Creative-Glass-Bottle-USB-Flash-Drive-768x768.jpg 768w, https:\/\/www.usborkeychain.com\/wp-content\/uploads\/Creative-Glass-Bottle-USB-Flash-Drive-12x12.jpg 12w, https:\/\/www.usborkeychain.com\/wp-content\/uploads\/Creative-Glass-Bottle-USB-Flash-Drive-600x600.jpg 600w, https:\/\/www.usborkeychain.com\/wp-content\/uploads\/Creative-Glass-Bottle-USB-Flash-Drive-100x100.jpg 100w, https:\/\/www.usborkeychain.com\/wp-content\/uploads\/Creative-Glass-Bottle-USB-Flash-Drive.jpg 1200w\" sizes=\"(max-width: 1024px) 100vw, 1024px\" \/><\/figure>\n<\/div>\n\n\n\n<div class=\"wp-block-column is-vertically-aligned-center is-layout-flow wp-block-column-is-layout-flow\">\n<p>En tant que fabricant professionnel de cl\u00e9s USB, nous avons lanc\u00e9 une cl\u00e9 USB unique en forme de bouteille en verre.<\/p>\n\n\n\n<p> Il se compose d'une bouteille en verre transparent et d'un bouchon en li\u00e8ge textur\u00e9, dans lequel une puce USB est astucieusement int\u00e9gr\u00e9e. Cette combinaison parfaite de praticit\u00e9 et d'esth\u00e9tique permet \u00e0 notre usine de la produire en masse pour r\u00e9pondre aux demandes du march\u00e9.<\/p>\n<\/div>\n<\/div>\n\n\n\n<h3 class=\"wp-block-heading\">Quelles sont les caract\u00e9ristiques de la cl\u00e9 USB bouteille de verre ?<\/h3>\n\n\n\n<p>Cette cl\u00e9 USB en forme de bouteille en verre a un corps en verre transparent, pr\u00e9sentant une texture pure et translucide, tandis que le bouchon en li\u00e8ge ajoute une touche naturelle. La forme g\u00e9n\u00e9rale de la bouteille est unique et nouvelle, ce qui en fait un mod\u00e8le tr\u00e8s repr\u00e9sentatif parmi les cl\u00e9s USB transparentes. Le fabricant accorde une attention particuli\u00e8re aux d\u00e9tails de la conception, ce qui rend le produit plus attrayant.<\/p>\n\n\n\n<p>L'un des principaux avantages de la cl\u00e9 USB bouteille en verre est son haut degr\u00e9 de personnalisation, ce qui la rend particuli\u00e8rement adapt\u00e9e au marketing d'entreprise ou \u00e0 l'expression \u00e9motionnelle personnelle :<\/p>\n\n\n\n<div class=\"wp-block-columns is-layout-flex wp-container-core-columns-is-layout-9c22b1e3 wp-block-columns-is-layout-flex\">\n<div class=\"wp-block-column is-layout-flow wp-block-column-is-layout-flow\">\n<figure class=\"wp-block-image size-large\"><img alt=\"Glass Bottle Shaped USB Drive\" decoding=\"async\" width=\"1024\" height=\"1024\" src=\"https:\/\/www.usborkeychain.com\/wp-content\/uploads\/Glass-Bottle-Shaped-USB-Drive-1024x1024.jpg\" class=\"wp-image-3973\" srcset=\"https:\/\/www.usborkeychain.com\/wp-content\/uploads\/Glass-Bottle-Shaped-USB-Drive-1024x1024.jpg 1024w, https:\/\/www.usborkeychain.com\/wp-content\/uploads\/Glass-Bottle-Shaped-USB-Drive-300x300.jpg 300w, https:\/\/www.usborkeychain.com\/wp-content\/uploads\/Glass-Bottle-Shaped-USB-Drive-150x150.jpg 150w, https:\/\/www.usborkeychain.com\/wp-content\/uploads\/Glass-Bottle-Shaped-USB-Drive-768x768.jpg 768w, https:\/\/www.usborkeychain.com\/wp-content\/uploads\/Glass-Bottle-Shaped-USB-Drive-12x12.jpg 12w, https:\/\/www.usborkeychain.com\/wp-content\/uploads\/Glass-Bottle-Shaped-USB-Drive-600x600.jpg 600w, https:\/\/www.usborkeychain.com\/wp-content\/uploads\/Glass-Bottle-Shaped-USB-Drive-100x100.jpg 100w, https:\/\/www.usborkeychain.com\/wp-content\/uploads\/Glass-Bottle-Shaped-USB-Drive.jpg 1200w\" sizes=\"(max-width: 1024px) 100vw, 1024px\" \/><\/figure>\n<\/div>\n\n\n\n<div class=\"wp-block-column is-layout-flow wp-block-column-is-layout-flow\">\n<figure class=\"wp-block-image size-large\"><img alt=\"Glass Bottle USB Drive Custom\" decoding=\"async\" width=\"1024\" height=\"1024\" src=\"https:\/\/www.usborkeychain.com\/wp-content\/uploads\/Glass-Bottle-USB-Drive-Custom-1024x1024.jpg\" class=\"wp-image-3974\" srcset=\"https:\/\/www.usborkeychain.com\/wp-content\/uploads\/Glass-Bottle-USB-Drive-Custom-1024x1024.jpg 1024w, https:\/\/www.usborkeychain.com\/wp-content\/uploads\/Glass-Bottle-USB-Drive-Custom-300x300.jpg 300w, https:\/\/www.usborkeychain.com\/wp-content\/uploads\/Glass-Bottle-USB-Drive-Custom-150x150.jpg 150w, https:\/\/www.usborkeychain.com\/wp-content\/uploads\/Glass-Bottle-USB-Drive-Custom-768x768.jpg 768w, https:\/\/www.usborkeychain.com\/wp-content\/uploads\/Glass-Bottle-USB-Drive-Custom-12x12.jpg 12w, https:\/\/www.usborkeychain.com\/wp-content\/uploads\/Glass-Bottle-USB-Drive-Custom-600x600.jpg 600w, https:\/\/www.usborkeychain.com\/wp-content\/uploads\/Glass-Bottle-USB-Drive-Custom-100x100.jpg 100w, https:\/\/www.usborkeychain.com\/wp-content\/uploads\/Glass-Bottle-USB-Drive-Custom.jpg 1200w\" sizes=\"(max-width: 1024px) 100vw, 1024px\" \/><\/figure>\n<\/div>\n<\/div>\n\n\n\n<p>Transport du contenu \u00e9motionnel : L'int\u00e9rieur de la bouteille dispose d'un espace pouvant contenir de petites notes, des photos, des fleurs s\u00e9ch\u00e9es ou d'autres objets physiques. Combin\u00e9 \u00e0 des fichiers num\u00e9riques (tels que des vid\u00e9os et des documents), il permet une transmission d'informations bidimensionnelle \"num\u00e9rique + physique\". Par exemple, lors de mariages, les photos et les b\u00e9n\u00e9dictions des jeunes mari\u00e9s peuvent \u00eatre stock\u00e9es ; lors d'\u00e9v\u00e9nements d'entreprise, les programmes des \u00e9v\u00e9nements ou les lettres de remerciement peuvent \u00eatre plac\u00e9s \u00e0 l'int\u00e9rieur, ce qui renforce l'interactivit\u00e9 et la m\u00e9morisation.<\/p>\n\n\n\n<h3 class=\"wp-block-heading\">Quels sont les param\u00e8tres de la cl\u00e9 USB bouteille en verre ?<\/h3>\n\n\n\n<figure class=\"wp-block-table\"><table class=\"has-fixed-layout\"><thead><tr><th>Param\u00e8tres<\/th><th>D\u00e9tails<\/th><\/tr><\/thead><tbody><tr><td>Capacit\u00e9 de stockage<\/td><td>4GB, 8GB, 16GB, 32GB, 64GB, 128GB<\/td><\/tr><tr><td>Type d'interface<\/td><td>USB 2.0, USB 3.0 (en option)<\/td><\/tr><tr><td>Vitesse de lecture<\/td><td>USB 2.0 : 15-20MB\/s ; USB 3.0 : 80-100MB\/s<\/td><\/tr><tr><td>Vitesse d'\u00e9criture<\/td><td>USB 2.0 : 3-6MB\/s ; USB 3.0 : 15-30MB\/s<\/td><\/tr><tr><td>Temp\u00e9rature de fonctionnement<\/td><td>0-60\u2103<\/td><\/tr><tr><td>Temp\u00e9rature de stockage<\/td><td>-20-85\u2103<\/td><\/tr><tr><td>Mat\u00e9riau<\/td><td>Verre borosilicat\u00e9, li\u00e8ge naturel<\/td><\/tr><tr><td>Taille<\/td><td>Hauteur 6-8cm, diam\u00e8tre 2-3cm (peut \u00eatre personnalis\u00e9 en fonction des besoins)<\/td><\/tr><\/tbody><\/table><\/figure>\n\n\n\n<h3 class=\"wp-block-heading\">La cl\u00e9 USB bouteille en verre peut-elle \u00eatre personnalis\u00e9e avec un logo ?<\/h3>\n\n\n\n<p>Bien entendu, les logos peuvent \u00eatre imprim\u00e9s au rouleau sur la cl\u00e9 USB de la bouteille en verre, ce qui permet d'obtenir un effet UV qui rend le logo plus clair, plus durable et plus riche en textures. L'usine est dot\u00e9e d'un \u00e9quipement de personnalisation avanc\u00e9 pour r\u00e9pondre aux besoins de personnalisation des diff\u00e9rents clients.<\/p>\n\n\n\n<div class=\"wp-block-columns is-layout-flex wp-container-core-columns-is-layout-28f84493 wp-block-columns-is-layout-flex\">\n<div class=\"wp-block-column is-layout-flow wp-block-column-is-layout-flow\">\n<figure class=\"wp-block-image size-large\"><img alt=\"Glass Bottle USB Stick with Cork\" loading=\"lazy\" decoding=\"async\" width=\"1024\" height=\"1024\" src=\"https:\/\/www.usborkeychain.com\/wp-content\/uploads\/Glass-Bottle-USB-Stick-with-Cork-1024x1024.jpg\" class=\"wp-image-3975\" srcset=\"https:\/\/www.usborkeychain.com\/wp-content\/uploads\/Glass-Bottle-USB-Stick-with-Cork-1024x1024.jpg 1024w, https:\/\/www.usborkeychain.com\/wp-content\/uploads\/Glass-Bottle-USB-Stick-with-Cork-300x300.jpg 300w, https:\/\/www.usborkeychain.com\/wp-content\/uploads\/Glass-Bottle-USB-Stick-with-Cork-150x150.jpg 150w, https:\/\/www.usborkeychain.com\/wp-content\/uploads\/Glass-Bottle-USB-Stick-with-Cork-768x768.jpg 768w, https:\/\/www.usborkeychain.com\/wp-content\/uploads\/Glass-Bottle-USB-Stick-with-Cork-12x12.jpg 12w, https:\/\/www.usborkeychain.com\/wp-content\/uploads\/Glass-Bottle-USB-Stick-with-Cork-600x600.jpg 600w, https:\/\/www.usborkeychain.com\/wp-content\/uploads\/Glass-Bottle-USB-Stick-with-Cork-100x100.jpg 100w, https:\/\/www.usborkeychain.com\/wp-content\/uploads\/Glass-Bottle-USB-Stick-with-Cork.jpg 1200w\" sizes=\"(max-width: 1024px) 100vw, 1024px\" \/><\/figure>\n<\/div>\n\n\n\n<div class=\"wp-block-column is-layout-flow wp-block-column-is-layout-flow\">\n<figure class=\"wp-block-image size-large\"><img alt=\"Glass Bottle USB Stick with Cork\" loading=\"lazy\" decoding=\"async\" width=\"1024\" height=\"1024\" src=\"https:\/\/www.usborkeychain.com\/wp-content\/uploads\/Promotional-Glass-Bottle-USB-Gift-1024x1024.jpg\" class=\"wp-image-3976\" srcset=\"https:\/\/www.usborkeychain.com\/wp-content\/uploads\/Promotional-Glass-Bottle-USB-Gift-1024x1024.jpg 1024w, https:\/\/www.usborkeychain.com\/wp-content\/uploads\/Promotional-Glass-Bottle-USB-Gift-300x300.jpg 300w, https:\/\/www.usborkeychain.com\/wp-content\/uploads\/Promotional-Glass-Bottle-USB-Gift-150x150.jpg 150w, https:\/\/www.usborkeychain.com\/wp-content\/uploads\/Promotional-Glass-Bottle-USB-Gift-768x768.jpg 768w, https:\/\/www.usborkeychain.com\/wp-content\/uploads\/Promotional-Glass-Bottle-USB-Gift-12x12.jpg 12w, https:\/\/www.usborkeychain.com\/wp-content\/uploads\/Promotional-Glass-Bottle-USB-Gift-600x600.jpg 600w, https:\/\/www.usborkeychain.com\/wp-content\/uploads\/Promotional-Glass-Bottle-USB-Gift-100x100.jpg 100w, https:\/\/www.usborkeychain.com\/wp-content\/uploads\/Promotional-Glass-Bottle-USB-Gift.jpg 1200w\" sizes=\"(max-width: 1024px) 100vw, 1024px\" \/><\/figure>\n<\/div>\n<\/div>\n\n\n\n<h3 class=\"wp-block-heading\">Quels sont les secteurs d'activit\u00e9 qui se pr\u00eatent \u00e0 l'utilisation de ce produit comme cadeau ?<\/h3>\n\n\n\n<p>L'industrie du mariage l'utilise souvent comme cadeau souvenir, et l'impression du logo des jeunes mari\u00e9s est tr\u00e8s m\u00e9morable ; l'industrie de la photographie peut l'utiliser comme cadeau pour les travaux afin de d\u00e9montrer son professionnalisme ; l'industrie de la protection de l'environnement l'appr\u00e9cie \u00e9galement, car il est conforme au concept de protection de l'environnement. Notre usine peut vendre en gros des fournitures en fonction des besoins des diff\u00e9rentes industries et prend en charge la production sur mesure.<\/p>\n\n\n\n<p>En conclusion, cette cl\u00e9 USB en forme de bouteille de verre est un produit \u00e0 la fois caract\u00e9ristique et pratique. Elle est vendue directement par le fabricant, peut \u00eatre personnalis\u00e9e et vendue en gros, et constitue un excellent choix pour l'achat de cadeaux dans divers secteurs d'activit\u00e9.<\/p>","protected":false},"excerpt":{"rendered":"<ul>\n<li>En forme de bouteille<\/li>\n<li>Mat\u00e9riau en verre et couvercle en bois<\/li>\n<li>Personnalisation du logo de la marque<\/li>\n<li>Portage du contenu \u00e9motionnel<\/li>\n<li>Cadeau souvenir<\/li>\n<li>MOQ:100pcs<\/li>\n<\/ul>","protected":false},"featured_media":3975,"comment_status":"open","ping_status":"closed","template":"","meta":{"_seopress_robots_primary_cat":"","_seopress_titles_title":"","_seopress_titles_desc":"","_seopress_robots_index":"","site-sidebar-layout":"default","site-content-layout":"","ast-site-content-layout":"","site-content-style":"default","site-sidebar-style":"default","ast-global-header-display":"","ast-banner-title-visibility":"","ast-main-header-display":"","ast-hfb-above-header-display":"","ast-hfb-below-header-display":"","ast-hfb-mobile-header-display":"","site-post-title":"","ast-breadcrumbs-content":"","ast-featured-img":"","footer-sml-layout":"","theme-transparent-header-meta":"","adv-header-id-meta":"","stick-header-meta":"","header-above-stick-meta":"","header-main-stick-meta":"","header-below-stick-meta":"","astra-migrate-meta-layouts":"default","ast-page-background-enabled":"default","ast-page-background-meta":{"desktop":{"background-color":"var(--ast-global-color-5)","background-image":"","background-repeat":"repeat","background-position":"center center","background-size":"auto","background-attachment":"scroll","background-type":"","background-media":"","overlay-type":"","overlay-color":"","overlay-opacity":"","overlay-gradient":""},"tablet":{"background-color":"","background-image":"","background-repeat":"repeat","background-position":"center center","background-size":"auto","background-attachment":"scroll","background-type":"","background-media":"","overlay-type":"","overlay-color":"","overlay-opacity":"","overlay-gradient":""},"mobile":{"background-color":"","background-image":"","background-repeat":"repeat","background-position":"center center","background-size":"auto","background-attachment":"scroll","background-type":"","background-media":"","overlay-type":"","overlay-color":"","overlay-opacity":"","overlay-gradient":""}},"ast-content-background-meta":{"desktop":{"background-color":"var(--ast-global-color-4)","background-image":"","background-repeat":"repeat","background-position":"center center","background-size":"auto","background-attachment":"scroll","background-type":"","background-media":"","overlay-type":"","overlay-color":"","overlay-opacity":"","overlay-gradient":""},"tablet":{"background-color":"var(--ast-global-color-4)","background-image":"","background-repeat":"repeat","background-position":"center center","background-size":"auto","background-attachment":"scroll","background-type":"","background-media":"","overlay-type":"","overlay-color":"","overlay-opacity":"","overlay-gradient":""},"mobile":{"background-color":"var(--ast-global-color-4)","background-image":"","background-repeat":"repeat","background-position":"center center","background-size":"auto","background-attachment":"scroll","background-type":"","background-media":"","overlay-type":"","overlay-color":"","overlay-opacity":"","overlay-gradient":""}}},"product_brand":[],"product_cat":[168],"product_tag":[219],"class_list":{"0":"post-3969","1":"product","2":"type-product","3":"status-publish","4":"has-post-thumbnail","6":"product_cat-wood-usb-flash-drive","7":"product_tag-bottle-shape-usb-flash-drive","8":"desktop-align-left","9":"tablet-align-left","10":"mobile-align-left","12":"first","13":"instock","14":"shipping-taxable","15":"product-type-simple"},"_links":{"self":[{"href":"https:\/\/www.usborkeychain.com\/fr\/wp-json\/wp\/v2\/product\/3969","targetHints":{"allow":["GET"]}}],"collection":[{"href":"https:\/\/www.usborkeychain.com\/fr\/wp-json\/wp\/v2\/product"}],"about":[{"href":"https:\/\/www.usborkeychain.com\/fr\/wp-json\/wp\/v2\/types\/product"}],"replies":[{"embeddable":true,"href":"https:\/\/www.usborkeychain.com\/fr\/wp-json\/wp\/v2\/comments?post=3969"}],"wp:featuredmedia":[{"embeddable":true,"href":"https:\/\/www.usborkeychain.com\/fr\/wp-json\/wp\/v2\/media\/3975"}],"wp:attachment":[{"href":"https:\/\/www.usborkeychain.com\/fr\/wp-json\/wp\/v2\/media?parent=3969"}],"wp:term":[{"taxonomy":"product_brand","embeddable":true,"href":"https:\/\/www.usborkeychain.com\/fr\/wp-json\/wp\/v2\/product_brand?post=3969"},{"taxonomy":"product_cat","embeddable":true,"href":"https:\/\/www.usborkeychain.com\/fr\/wp-json\/wp\/v2\/product_cat?post=3969"},{"taxonomy":"product_tag","embeddable":true,"href":"https:\/\/www.usborkeychain.com\/fr\/wp-json\/wp\/v2\/product_tag?post=3969"}],"curies":[{"name":"wp","href":"https:\/\/api.w.org\/{rel}","templated":true}]}}