{"id":3978,"date":"2025-07-11T02:47:22","date_gmt":"2025-07-11T02:47:22","guid":{"rendered":"https:\/\/www.usborkeychain.com\/?post_type=product&#038;p=3978"},"modified":"2025-07-11T02:48:27","modified_gmt":"2025-07-11T02:48:27","slug":"pvc-beer-bottle-shaped-usb-drive","status":"publish","type":"product","link":"https:\/\/www.usborkeychain.com\/fr\/produit\/pvc-beer-bottle-shaped-usb-drive\/","title":{"rendered":"Cl\u00e9 USB en PVC en forme de bouteille de bi\u00e8re"},"content":{"rendered":"<p>La cl\u00e9 USB en forme de bouteille de bi\u00e8re en PVC hautement simul\u00e9e, directement fournie par le fabricant, subvertit la forme traditionnelle de la cl\u00e9 USB gr\u00e2ce \u00e0 son design personnalis\u00e9 cr\u00e9atif. Elle int\u00e8gre profond\u00e9ment les \u00e9l\u00e9ments de la culture de la bi\u00e8re et est devenue un choix populaire pour les cadeaux personnalis\u00e9s dans l'industrie de la bi\u00e8re. La forme de la bouteille, obtenue gr\u00e2ce \u00e0 un processus de miniaturisation \u00e0 l'\u00e9chelle 1:1, associe des fonctions pratiques \u00e0 la valeur de communication de la marque, ce qui la rend particuli\u00e8rement adapt\u00e9e \u00e0 l'achat en gros de cadeaux d'affaires.<\/p>\n\n\n\n<div class=\"wp-block-columns is-layout-flex wp-container-core-columns-is-layout-28f84493 wp-block-columns-is-layout-flex\">\n<div class=\"wp-block-column is-layout-flow wp-block-column-is-layout-flow\">\n<figure class=\"wp-block-image size-full\"><img alt=\"\" fetchpriority=\"high\" decoding=\"async\" width=\"800\" height=\"800\" src=\"https:\/\/www.usborkeychain.com\/wp-content\/uploads\/PVC-Beer-Bottle-Replica-USB-Memory-Stick.png\" class=\"wp-image-3986\" srcset=\"https:\/\/www.usborkeychain.com\/wp-content\/uploads\/PVC-Beer-Bottle-Replica-USB-Memory-Stick.png 800w, https:\/\/www.usborkeychain.com\/wp-content\/uploads\/PVC-Beer-Bottle-Replica-USB-Memory-Stick-300x300.png 300w, https:\/\/www.usborkeychain.com\/wp-content\/uploads\/PVC-Beer-Bottle-Replica-USB-Memory-Stick-150x150.png 150w, https:\/\/www.usborkeychain.com\/wp-content\/uploads\/PVC-Beer-Bottle-Replica-USB-Memory-Stick-768x768.png 768w, https:\/\/www.usborkeychain.com\/wp-content\/uploads\/PVC-Beer-Bottle-Replica-USB-Memory-Stick-12x12.png 12w, https:\/\/www.usborkeychain.com\/wp-content\/uploads\/PVC-Beer-Bottle-Replica-USB-Memory-Stick-600x600.png 600w, https:\/\/www.usborkeychain.com\/wp-content\/uploads\/PVC-Beer-Bottle-Replica-USB-Memory-Stick-100x100.png 100w\" sizes=\"(max-width: 800px) 100vw, 800px\" \/><\/figure>\n<\/div>\n\n\n\n<div class=\"wp-block-column is-layout-flow wp-block-column-is-layout-flow\">\n<figure class=\"wp-block-image size-full\"><img alt=\"\" decoding=\"async\" width=\"800\" height=\"800\" src=\"https:\/\/www.usborkeychain.com\/wp-content\/uploads\/3D-Beer-Bottle-USB-Flash-Drive.png\" class=\"wp-image-3983\" srcset=\"https:\/\/www.usborkeychain.com\/wp-content\/uploads\/3D-Beer-Bottle-USB-Flash-Drive.png 800w, https:\/\/www.usborkeychain.com\/wp-content\/uploads\/3D-Beer-Bottle-USB-Flash-Drive-300x300.png 300w, https:\/\/www.usborkeychain.com\/wp-content\/uploads\/3D-Beer-Bottle-USB-Flash-Drive-150x150.png 150w, https:\/\/www.usborkeychain.com\/wp-content\/uploads\/3D-Beer-Bottle-USB-Flash-Drive-768x768.png 768w, https:\/\/www.usborkeychain.com\/wp-content\/uploads\/3D-Beer-Bottle-USB-Flash-Drive-12x12.png 12w, https:\/\/www.usborkeychain.com\/wp-content\/uploads\/3D-Beer-Bottle-USB-Flash-Drive-600x600.png 600w, https:\/\/www.usborkeychain.com\/wp-content\/uploads\/3D-Beer-Bottle-USB-Flash-Drive-100x100.png 100w\" sizes=\"(max-width: 800px) 100vw, 800px\" \/><\/figure>\n<\/div>\n<\/div>\n\n\n\n<h2 class=\"wp-block-heading\">1. Simulation de haute qualit\u00e9 Conception cr\u00e9ative<\/h2>\n\n\n\n<p>Cette cl\u00e9 USB adopte la forme d'une bouteille de bi\u00e8re verte avec un design tridimensionnel en 3D tr\u00e8s r\u00e9aliste. Tous les d\u00e9tails, du corps de la bouteille au bouchon, sont r\u00e9alistes, comme une v\u00e9ritable mini-bouteille de bi\u00e8re.<\/p>\n\n\n\n<ul class=\"wp-block-list\">\n<li><strong>Texte en relief en trois dimensions<\/strong>: Plusieurs s\u00e9ries de logos de marque tels que \"HEINEKEN\" et \"PREMIUM QUALITY\" se d\u00e9tachent naturellement sur le corps de la bouteille.<\/li>\n\n\n\n<li><strong>Mat\u00e9riau PVC de qualit\u00e9 alimentaire<\/strong>: Il a un toucher r\u00e9aliste et r\u00e9siste aux chutes et \u00e0 l'usure.<\/li>\n\n\n\n<li><strong>Syst\u00e8me d'identification visuelle<\/strong>: Les d\u00e9tails tels que les capsules de bouteilles, les \u00e9tiquettes de goulot et les autocollants de bouteilles sont reproduits avec pr\u00e9cision.<\/li>\n<\/ul>\n\n\n\n<p>Le corps de la mini-bouteille de 3 cm aux couleurs satur\u00e9es a un impact visuel bien sup\u00e9rieur \u00e0 celui des cl\u00e9s USB ordinaires, ce qui peut renforcer consid\u00e9rablement la m\u00e9moire de la marque lorsqu'elle est expos\u00e9e.<\/p>\n\n\n\n<div class=\"wp-block-columns is-layout-flex wp-container-core-columns-is-layout-28f84493 wp-block-columns-is-layout-flex\">\n<div class=\"wp-block-column is-layout-flow wp-block-column-is-layout-flow\">\n<figure class=\"wp-block-image size-full\"><img alt=\"\" decoding=\"async\" width=\"800\" height=\"800\" src=\"https:\/\/www.usborkeychain.com\/wp-content\/uploads\/Custom-Beer-Bottle-Design-USB-Flash-Drive.png\" class=\"wp-image-3984\" srcset=\"https:\/\/www.usborkeychain.com\/wp-content\/uploads\/Custom-Beer-Bottle-Design-USB-Flash-Drive.png 800w, https:\/\/www.usborkeychain.com\/wp-content\/uploads\/Custom-Beer-Bottle-Design-USB-Flash-Drive-300x300.png 300w, https:\/\/www.usborkeychain.com\/wp-content\/uploads\/Custom-Beer-Bottle-Design-USB-Flash-Drive-150x150.png 150w, https:\/\/www.usborkeychain.com\/wp-content\/uploads\/Custom-Beer-Bottle-Design-USB-Flash-Drive-768x768.png 768w, https:\/\/www.usborkeychain.com\/wp-content\/uploads\/Custom-Beer-Bottle-Design-USB-Flash-Drive-12x12.png 12w, https:\/\/www.usborkeychain.com\/wp-content\/uploads\/Custom-Beer-Bottle-Design-USB-Flash-Drive-600x600.png 600w, https:\/\/www.usborkeychain.com\/wp-content\/uploads\/Custom-Beer-Bottle-Design-USB-Flash-Drive-100x100.png 100w\" sizes=\"(max-width: 800px) 100vw, 800px\" \/><\/figure>\n<\/div>\n\n\n\n<div class=\"wp-block-column is-layout-flow wp-block-column-is-layout-flow\">\n<figure class=\"wp-block-image size-full\"><img alt=\"\" loading=\"lazy\" decoding=\"async\" width=\"800\" height=\"800\" src=\"https:\/\/www.usborkeychain.com\/wp-content\/uploads\/Miniature-Beer-Bottle-Shaped-USB-Stick.png\" class=\"wp-image-3985\" srcset=\"https:\/\/www.usborkeychain.com\/wp-content\/uploads\/Miniature-Beer-Bottle-Shaped-USB-Stick.png 800w, https:\/\/www.usborkeychain.com\/wp-content\/uploads\/Miniature-Beer-Bottle-Shaped-USB-Stick-300x300.png 300w, https:\/\/www.usborkeychain.com\/wp-content\/uploads\/Miniature-Beer-Bottle-Shaped-USB-Stick-150x150.png 150w, https:\/\/www.usborkeychain.com\/wp-content\/uploads\/Miniature-Beer-Bottle-Shaped-USB-Stick-768x768.png 768w, https:\/\/www.usborkeychain.com\/wp-content\/uploads\/Miniature-Beer-Bottle-Shaped-USB-Stick-12x12.png 12w, https:\/\/www.usborkeychain.com\/wp-content\/uploads\/Miniature-Beer-Bottle-Shaped-USB-Stick-600x600.png 600w, https:\/\/www.usborkeychain.com\/wp-content\/uploads\/Miniature-Beer-Bottle-Shaped-USB-Stick-100x100.png 100w\" sizes=\"(max-width: 800px) 100vw, 800px\" \/><\/figure>\n<\/div>\n<\/div>\n\n\n\n<h2 class=\"wp-block-heading\">2. Param\u00e8tres de la cl\u00e9 USB<\/h2>\n\n\n\n<figure class=\"wp-block-table\"><table class=\"has-fixed-layout\"><thead><tr><th>Param\u00e8tre Poste<\/th><th>Configuration d\u00e9taill\u00e9e<\/th><\/tr><\/thead><tbody><tr><td>Interface physique<\/td><td>Interface standard USB 2.0<\/td><\/tr><tr><td>Vitesse de transmission th\u00e9orique<\/td><td>35 Mo\/s (mesur\u00e9)<\/td><\/tr><tr><td>Capacit\u00e9 principale<\/td><td>64GB\/128GB<\/td><\/tr><tr><td>Syst\u00e8me de fichiers<\/td><td>Format compatible FAT32\/exFAT<\/td><\/tr><tr><td>Le temps de la r\u00e9\u00e9criture<\/td><td>\u2265100 000 cycles de lecture et d'\u00e9criture<\/td><\/tr><tr><td>Conception de la protection<\/td><td>Housse de protection pour l'interface<\/td><\/tr><\/tbody><\/table><\/figure>\n\n\n\n<p>Remarque : des versions de plus grande capacit\u00e9 (256GB\/512GB) sont disponibles pour la personnalisation OEM.<\/p>\n\n\n\n<h2 class=\"wp-block-heading\">3. Industries ou entreprises adapt\u00e9es \u00e0 la personnalisation<\/h2>\n\n\n\n<div class=\"wp-block-columns is-layout-flex wp-container-core-columns-is-layout-28f84493 wp-block-columns-is-layout-flex\">\n<div class=\"wp-block-column is-layout-flow wp-block-column-is-layout-flow\">\n<figure class=\"wp-block-image size-full\"><img alt=\"\" loading=\"lazy\" decoding=\"async\" width=\"1000\" height=\"1000\" src=\"https:\/\/www.usborkeychain.com\/wp-content\/uploads\/3D-Beer-Bottle-USB-Flash-Drive-Wholesale-USB-Key-for-Beer-Events.jpg\" class=\"wp-image-3982\" srcset=\"https:\/\/www.usborkeychain.com\/wp-content\/uploads\/3D-Beer-Bottle-USB-Flash-Drive-Wholesale-USB-Key-for-Beer-Events.jpg 1000w, https:\/\/www.usborkeychain.com\/wp-content\/uploads\/3D-Beer-Bottle-USB-Flash-Drive-Wholesale-USB-Key-for-Beer-Events-300x300.jpg 300w, https:\/\/www.usborkeychain.com\/wp-content\/uploads\/3D-Beer-Bottle-USB-Flash-Drive-Wholesale-USB-Key-for-Beer-Events-150x150.jpg 150w, https:\/\/www.usborkeychain.com\/wp-content\/uploads\/3D-Beer-Bottle-USB-Flash-Drive-Wholesale-USB-Key-for-Beer-Events-768x768.jpg 768w, https:\/\/www.usborkeychain.com\/wp-content\/uploads\/3D-Beer-Bottle-USB-Flash-Drive-Wholesale-USB-Key-for-Beer-Events-12x12.jpg 12w, https:\/\/www.usborkeychain.com\/wp-content\/uploads\/3D-Beer-Bottle-USB-Flash-Drive-Wholesale-USB-Key-for-Beer-Events-600x600.jpg 600w, https:\/\/www.usborkeychain.com\/wp-content\/uploads\/3D-Beer-Bottle-USB-Flash-Drive-Wholesale-USB-Key-for-Beer-Events-100x100.jpg 100w\" sizes=\"(max-width: 1000px) 100vw, 1000px\" \/><\/figure>\n<\/div>\n\n\n\n<div class=\"wp-block-column is-vertically-aligned-center is-layout-flow wp-block-column-is-layout-flow\">\n<ol class=\"wp-block-list\">\n<li>Fabricants de bi\u00e8re : Comme souvenirs pour les conf\u00e9rences de lancement de nouveaux produits ou les conf\u00e9rences de revendeurs. Par exemple, Budweiser et Tsingtao Brewery peuvent les utiliser comme cadeaux d'entreprise internes pour r\u00e9compenser les employ\u00e9s exceptionnels ou comme cadeaux clients pour am\u00e9liorer l'image de la marque.<\/li>\n\n\n\n<li>Distributeurs de bi\u00e8re : Utilis\u00e9s comme cadeaux promotionnels dans le cadre d'activit\u00e9s commerciales, ils permettent d'attirer davantage de clients et d'augmenter les ventes.<\/li>\n\n\n\n<li>Institutions de communication de la culture de la bi\u00e8re : Les mus\u00e9es de la bi\u00e8re, par exemple, peuvent \u00eatre vendus comme souvenirs, ce qui permet aux touristes de diffuser la culture de la bi\u00e8re tout en emportant des souvenirs.<\/li>\n\n\n\n<li>Bars et restaurants : Offerts aux clients qui d\u00e9pensent un certain montant sous forme de cadeaux de recharge pour les membres VIP ou d'accessoires de promotion d'ouverture, ils peuvent am\u00e9liorer la satisfaction et la fid\u00e9lisation des clients.<\/li>\n\n\n\n<li>Festival international de la bi\u00e8re - Exposition de la marque des exposants, cadeaux d'interaction avec le public.<\/li>\n<\/ol>\n<\/div>\n<\/div>\n\n\n\n<p>En conclusion, cette cl\u00e9 USB en PVC en forme de bouteille de bi\u00e8re, avec son design cr\u00e9atif et ses fonctions pratiques, est un choix id\u00e9al pour les cadeaux personnalis\u00e9s dans les entreprises li\u00e9es \u00e0 l'industrie de la bi\u00e8re.<\/p>","protected":false},"excerpt":{"rendered":"<ul>\n<li>Moule en PVC<\/li>\n<li>USB en forme de bouteille de bi\u00e8re<\/li>\n<li>Couleur verte<\/li>\n<li>Cadeaux d'entreprise<\/li>\n<li>MOQ:100PCS<\/li>\n<\/ul>","protected":false},"featured_media":3983,"comment_status":"open","ping_status":"closed","template":"","meta":{"_seopress_robots_primary_cat":"","_seopress_titles_title":"","_seopress_titles_desc":"","_seopress_robots_index":"","site-sidebar-layout":"default","site-content-layout":"","ast-site-content-layout":"","site-content-style":"default","site-sidebar-style":"default","ast-global-header-display":"","ast-banner-title-visibility":"","ast-main-header-display":"","ast-hfb-above-header-display":"","ast-hfb-below-header-display":"","ast-hfb-mobile-header-display":"","site-post-title":"","ast-breadcrumbs-content":"","ast-featured-img":"","footer-sml-layout":"","theme-transparent-header-meta":"","adv-header-id-meta":"","stick-header-meta":"","header-above-stick-meta":"","header-main-stick-meta":"","header-below-stick-meta":"","astra-migrate-meta-layouts":"default","ast-page-background-enabled":"default","ast-page-background-meta":{"desktop":{"background-color":"var(--ast-global-color-5)","background-image":"","background-repeat":"repeat","background-position":"center center","background-size":"auto","background-attachment":"scroll","background-type":"","background-media":"","overlay-type":"","overlay-color":"","overlay-opacity":"","overlay-gradient":""},"tablet":{"background-color":"","background-image":"","background-repeat":"repeat","background-position":"center center","background-size":"auto","background-attachment":"scroll","background-type":"","background-media":"","overlay-type":"","overlay-color":"","overlay-opacity":"","overlay-gradient":""},"mobile":{"background-color":"","background-image":"","background-repeat":"repeat","background-position":"center center","background-size":"auto","background-attachment":"scroll","background-type":"","background-media":"","overlay-type":"","overlay-color":"","overlay-opacity":"","overlay-gradient":""}},"ast-content-background-meta":{"desktop":{"background-color":"var(--ast-global-color-4)","background-image":"","background-repeat":"repeat","background-position":"center center","background-size":"auto","background-attachment":"scroll","background-type":"","background-media":"","overlay-type":"","overlay-color":"","overlay-opacity":"","overlay-gradient":""},"tablet":{"background-color":"var(--ast-global-color-4)","background-image":"","background-repeat":"repeat","background-position":"center center","background-size":"auto","background-attachment":"scroll","background-type":"","background-media":"","overlay-type":"","overlay-color":"","overlay-opacity":"","overlay-gradient":""},"mobile":{"background-color":"var(--ast-global-color-4)","background-image":"","background-repeat":"repeat","background-position":"center center","background-size":"auto","background-attachment":"scroll","background-type":"","background-media":"","overlay-type":"","overlay-color":"","overlay-opacity":"","overlay-gradient":""}}},"product_brand":[],"product_cat":[94],"product_tag":[219],"class_list":{"0":"post-3978","1":"product","2":"type-product","3":"status-publish","4":"has-post-thumbnail","6":"product_cat-pvc-usb-pendrive","7":"product_tag-bottle-shape-usb-flash-drive","8":"desktop-align-left","9":"tablet-align-left","10":"mobile-align-left","12":"first","13":"instock","14":"shipping-taxable","15":"product-type-simple"},"_links":{"self":[{"href":"https:\/\/www.usborkeychain.com\/fr\/wp-json\/wp\/v2\/product\/3978","targetHints":{"allow":["GET"]}}],"collection":[{"href":"https:\/\/www.usborkeychain.com\/fr\/wp-json\/wp\/v2\/product"}],"about":[{"href":"https:\/\/www.usborkeychain.com\/fr\/wp-json\/wp\/v2\/types\/product"}],"replies":[{"embeddable":true,"href":"https:\/\/www.usborkeychain.com\/fr\/wp-json\/wp\/v2\/comments?post=3978"}],"wp:featuredmedia":[{"embeddable":true,"href":"https:\/\/www.usborkeychain.com\/fr\/wp-json\/wp\/v2\/media\/3983"}],"wp:attachment":[{"href":"https:\/\/www.usborkeychain.com\/fr\/wp-json\/wp\/v2\/media?parent=3978"}],"wp:term":[{"taxonomy":"product_brand","embeddable":true,"href":"https:\/\/www.usborkeychain.com\/fr\/wp-json\/wp\/v2\/product_brand?post=3978"},{"taxonomy":"product_cat","embeddable":true,"href":"https:\/\/www.usborkeychain.com\/fr\/wp-json\/wp\/v2\/product_cat?post=3978"},{"taxonomy":"product_tag","embeddable":true,"href":"https:\/\/www.usborkeychain.com\/fr\/wp-json\/wp\/v2\/product_tag?post=3978"}],"curies":[{"name":"wp","href":"https:\/\/api.w.org\/{rel}","templated":true}]}}