{"id":3989,"date":"2025-07-12T08:52:01","date_gmt":"2025-07-12T08:52:01","guid":{"rendered":"https:\/\/www.usborkeychain.com\/?post_type=product&#038;p=3989"},"modified":"2025-07-12T10:22:14","modified_gmt":"2025-07-12T10:22:14","slug":"usb-flash-drive-with-a5-notebook","status":"publish","type":"product","link":"https:\/\/www.usborkeychain.com\/fr\/produit\/usb-flash-drive-with-a5-notebook\/","title":{"rendered":"Cl\u00e9 USB avec ordinateur portable A5\/A6\/B5"},"content":{"rendered":"<p><\/p>\n\n\n\n<div class=\"wp-block-columns is-layout-flex wp-container-core-columns-is-layout-28f84493 wp-block-columns-is-layout-flex\">\n<div class=\"wp-block-column is-layout-flow wp-block-column-is-layout-flow\">\n<figure class=\"wp-block-image size-full\"><img alt=\"\" fetchpriority=\"high\" decoding=\"async\" width=\"797\" height=\"607\" src=\"https:\/\/www.usborkeychain.com\/wp-content\/uploads\/Manufacturer-Custom-A5-Notebook-USB-Flash-Drive.jpg\" class=\"wp-image-4001\" srcset=\"https:\/\/www.usborkeychain.com\/wp-content\/uploads\/Manufacturer-Custom-A5-Notebook-USB-Flash-Drive.jpg 797w, https:\/\/www.usborkeychain.com\/wp-content\/uploads\/Manufacturer-Custom-A5-Notebook-USB-Flash-Drive-300x228.jpg 300w, https:\/\/www.usborkeychain.com\/wp-content\/uploads\/Manufacturer-Custom-A5-Notebook-USB-Flash-Drive-768x585.jpg 768w, https:\/\/www.usborkeychain.com\/wp-content\/uploads\/Manufacturer-Custom-A5-Notebook-USB-Flash-Drive-16x12.jpg 16w, https:\/\/www.usborkeychain.com\/wp-content\/uploads\/Manufacturer-Custom-A5-Notebook-USB-Flash-Drive-600x457.jpg 600w\" sizes=\"(max-width: 797px) 100vw, 797px\" \/><\/figure>\n<\/div>\n\n\n\n<div class=\"wp-block-column is-vertically-aligned-center is-layout-flow wp-block-column-is-layout-flow\">\n<p>Dans l'environnement de bureau moderne, la cl\u00e9 USB avec un ordinateur portable est sans aucun doute une fourniture de bureau innovante.<\/p>\n\n\n\n<p> Il combine des ordinateurs portables de diff\u00e9rentes sp\u00e9cifications telles que A5, B5 et A6 avec la fonction d'une cl\u00e9 USB, apportant une grande commodit\u00e9 aux utilisateurs.<\/p>\n<\/div>\n<\/div>\n\n\n\n<h3 class=\"wp-block-heading\">Qu'est-ce qu'une cl\u00e9 USB avec un ordinateur portable ?<\/h3>\n\n\n\n<p>La cl\u00e9 USB avec ordinateur portable est un produit de bureau au design raffin\u00e9. Elle se compose d'une coque en cuir de haute qualit\u00e9, qui non seulement pr\u00e9sente une texture sup\u00e9rieure, mais peut \u00e9galement s'adapter \u00e0 des ordinateurs portables de tailles et de mod\u00e8les diff\u00e9rents. Son design unique r\u00e9side dans l'int\u00e9gration intelligente de la boucle m\u00e9tallique de l'ordinateur portable dans une cl\u00e9 USB. Cette conception garantit l'esth\u00e9tique tout en combinant parfaitement les fonctions d'enregistrement et de stockage, ce qui en fait un compagnon pour les employ\u00e9s de bureau.<\/p>\n\n\n\n<div class=\"wp-block-columns is-layout-flex wp-container-core-columns-is-layout-28f84493 wp-block-columns-is-layout-flex\">\n<div class=\"wp-block-column is-layout-flow wp-block-column-is-layout-flow\">\n<figure class=\"wp-block-image size-full\"><img alt=\"\" decoding=\"async\" width=\"797\" height=\"607\" src=\"https:\/\/www.usborkeychain.com\/wp-content\/uploads\/Factory-Direct-A5-Notebook-Flash-Drive-with-Customization.jpg\" class=\"wp-image-3999\" srcset=\"https:\/\/www.usborkeychain.com\/wp-content\/uploads\/Factory-Direct-A5-Notebook-Flash-Drive-with-Customization.jpg 797w, https:\/\/www.usborkeychain.com\/wp-content\/uploads\/Factory-Direct-A5-Notebook-Flash-Drive-with-Customization-300x228.jpg 300w, https:\/\/www.usborkeychain.com\/wp-content\/uploads\/Factory-Direct-A5-Notebook-Flash-Drive-with-Customization-768x585.jpg 768w, https:\/\/www.usborkeychain.com\/wp-content\/uploads\/Factory-Direct-A5-Notebook-Flash-Drive-with-Customization-16x12.jpg 16w, https:\/\/www.usborkeychain.com\/wp-content\/uploads\/Factory-Direct-A5-Notebook-Flash-Drive-with-Customization-600x457.jpg 600w\" sizes=\"(max-width: 797px) 100vw, 797px\" \/><\/figure>\n<\/div>\n\n\n\n<div class=\"wp-block-column is-layout-flow wp-block-column-is-layout-flow\">\n<figure class=\"wp-block-image size-full\"><img alt=\"\" decoding=\"async\" width=\"797\" height=\"607\" src=\"https:\/\/www.usborkeychain.com\/wp-content\/uploads\/B5-Manufacturer-Customized-Notebook-USB-Stick.jpg\" class=\"wp-image-3995\" srcset=\"https:\/\/www.usborkeychain.com\/wp-content\/uploads\/B5-Manufacturer-Customized-Notebook-USB-Stick.jpg 797w, https:\/\/www.usborkeychain.com\/wp-content\/uploads\/B5-Manufacturer-Customized-Notebook-USB-Stick-300x228.jpg 300w, https:\/\/www.usborkeychain.com\/wp-content\/uploads\/B5-Manufacturer-Customized-Notebook-USB-Stick-768x585.jpg 768w, https:\/\/www.usborkeychain.com\/wp-content\/uploads\/B5-Manufacturer-Customized-Notebook-USB-Stick-16x12.jpg 16w, https:\/\/www.usborkeychain.com\/wp-content\/uploads\/B5-Manufacturer-Customized-Notebook-USB-Stick-600x457.jpg 600w\" sizes=\"(max-width: 797px) 100vw, 797px\" \/><\/figure>\n<\/div>\n<\/div>\n\n\n\n<h3 class=\"wp-block-heading\">Quels sont les param\u00e8tres de la cl\u00e9 USB ?<\/h3>\n\n\n\n<figure class=\"wp-block-table\"><table class=\"has-fixed-layout\"><thead><tr><th>Param\u00e8tres<\/th><th>D\u00e9tails<\/th><\/tr><\/thead><tbody><tr><td>Type d'interface<\/td><td>USB (la version sp\u00e9cifique d\u00e9pend du produit)<\/td><\/tr><tr><td>Capacit\u00e9<\/td><td>Les options courantes vont de 16 \u00e0 256 Go (elles peuvent \u00eatre personnalis\u00e9es en fonction des besoins).<\/td><\/tr><tr><td>Taux de transfert de donn\u00e9es<\/td><td>D\u00e9pend de la version USB (par exemple, USB2.0 est d'environ 480 Mbps, USB3.0 est d'environ 5Gbps).<\/td><\/tr><tr><td>Mat\u00e9riau<\/td><td>Coque en cuir de haute qualit\u00e9 ; les pages int\u00e9rieures peuvent \u00eatre s\u00e9lectionn\u00e9es selon les besoins<\/td><\/tr><tr><td>Taille de l'ordinateur portable<\/td><td>Y compris A5 (235MM\u00d7175MM), B5, A6, etc.<\/td><\/tr><\/tbody><\/table><\/figure>\n\n\n\n<h3 class=\"wp-block-heading\">La cl\u00e9 USB avec ordinateur portable peut-elle \u00eatre personnalis\u00e9e avec un logo ?<\/h3>\n\n\n\n<p>Bien entendu, les fabricants professionnels de cl\u00e9s USB proposent des services de personnalisation. Les fabricants professionnels de cl\u00e9s USB proposent des services de personnalisation, qui permettent d'embosser des logos sur la coque en cuir de l'ordinateur portable. Ce gaufrage peut \u00eatre r\u00e9alis\u00e9 au moyen de diff\u00e9rentes techniques, telles que l'estampage en or ou en argent, ce qui rend le produit plus personnalis\u00e9. Il r\u00e9pond aux besoins de promotion de la marque de l'entreprise ou de cadeaux personnels, et constitue une solution de personnalisation tr\u00e8s pratique.<\/p>\n\n\n\n<div class=\"wp-block-columns is-layout-flex wp-container-core-columns-is-layout-28f84493 wp-block-columns-is-layout-flex\">\n<div class=\"wp-block-column is-layout-flow wp-block-column-is-layout-flow\">\n<figure class=\"wp-block-image size-full\"><img alt=\"\" loading=\"lazy\" decoding=\"async\" width=\"800\" height=\"800\" src=\"https:\/\/www.usborkeychain.com\/wp-content\/uploads\/A6-Notebook-Thumb-Drive-Customized-by-Manufacturer.jpg\" class=\"wp-image-3993\" srcset=\"https:\/\/www.usborkeychain.com\/wp-content\/uploads\/A6-Notebook-Thumb-Drive-Customized-by-Manufacturer.jpg 800w, https:\/\/www.usborkeychain.com\/wp-content\/uploads\/A6-Notebook-Thumb-Drive-Customized-by-Manufacturer-300x300.jpg 300w, https:\/\/www.usborkeychain.com\/wp-content\/uploads\/A6-Notebook-Thumb-Drive-Customized-by-Manufacturer-150x150.jpg 150w, https:\/\/www.usborkeychain.com\/wp-content\/uploads\/A6-Notebook-Thumb-Drive-Customized-by-Manufacturer-768x768.jpg 768w, https:\/\/www.usborkeychain.com\/wp-content\/uploads\/A6-Notebook-Thumb-Drive-Customized-by-Manufacturer-12x12.jpg 12w, https:\/\/www.usborkeychain.com\/wp-content\/uploads\/A6-Notebook-Thumb-Drive-Customized-by-Manufacturer-600x600.jpg 600w, https:\/\/www.usborkeychain.com\/wp-content\/uploads\/A6-Notebook-Thumb-Drive-Customized-by-Manufacturer-100x100.jpg 100w\" sizes=\"(max-width: 800px) 100vw, 800px\" \/><\/figure>\n<\/div>\n\n\n\n<div class=\"wp-block-column is-layout-flow wp-block-column-is-layout-flow\">\n<figure class=\"wp-block-image size-full\"><img alt=\"\" loading=\"lazy\" decoding=\"async\" width=\"800\" height=\"800\" src=\"https:\/\/www.usborkeychain.com\/wp-content\/uploads\/Factory-Customized-A6-Notebook-Flash-Storage-Drive.jpg\" class=\"wp-image-3998\" srcset=\"https:\/\/www.usborkeychain.com\/wp-content\/uploads\/Factory-Customized-A6-Notebook-Flash-Storage-Drive.jpg 800w, https:\/\/www.usborkeychain.com\/wp-content\/uploads\/Factory-Customized-A6-Notebook-Flash-Storage-Drive-300x300.jpg 300w, https:\/\/www.usborkeychain.com\/wp-content\/uploads\/Factory-Customized-A6-Notebook-Flash-Storage-Drive-150x150.jpg 150w, https:\/\/www.usborkeychain.com\/wp-content\/uploads\/Factory-Customized-A6-Notebook-Flash-Storage-Drive-768x768.jpg 768w, https:\/\/www.usborkeychain.com\/wp-content\/uploads\/Factory-Customized-A6-Notebook-Flash-Storage-Drive-12x12.jpg 12w, https:\/\/www.usborkeychain.com\/wp-content\/uploads\/Factory-Customized-A6-Notebook-Flash-Storage-Drive-600x600.jpg 600w, https:\/\/www.usborkeychain.com\/wp-content\/uploads\/Factory-Customized-A6-Notebook-Flash-Storage-Drive-100x100.jpg 100w\" sizes=\"(max-width: 800px) 100vw, 800px\" \/><\/figure>\n<\/div>\n<\/div>\n\n\n\n<div class=\"wp-block-columns is-layout-flex wp-container-core-columns-is-layout-28f84493 wp-block-columns-is-layout-flex\">\n<div class=\"wp-block-column is-layout-flow wp-block-column-is-layout-flow\">\n<figure class=\"wp-block-image size-full\"><img alt=\"\" loading=\"lazy\" decoding=\"async\" width=\"800\" height=\"800\" src=\"https:\/\/www.usborkeychain.com\/wp-content\/uploads\/Manufacturer-Direct-Custom-A5-Notebook-USB-Stick.jpg\" class=\"wp-image-4002\" srcset=\"https:\/\/www.usborkeychain.com\/wp-content\/uploads\/Manufacturer-Direct-Custom-A5-Notebook-USB-Stick.jpg 800w, https:\/\/www.usborkeychain.com\/wp-content\/uploads\/Manufacturer-Direct-Custom-A5-Notebook-USB-Stick-300x300.jpg 300w, https:\/\/www.usborkeychain.com\/wp-content\/uploads\/Manufacturer-Direct-Custom-A5-Notebook-USB-Stick-150x150.jpg 150w, https:\/\/www.usborkeychain.com\/wp-content\/uploads\/Manufacturer-Direct-Custom-A5-Notebook-USB-Stick-768x768.jpg 768w, https:\/\/www.usborkeychain.com\/wp-content\/uploads\/Manufacturer-Direct-Custom-A5-Notebook-USB-Stick-12x12.jpg 12w, https:\/\/www.usborkeychain.com\/wp-content\/uploads\/Manufacturer-Direct-Custom-A5-Notebook-USB-Stick-600x600.jpg 600w, https:\/\/www.usborkeychain.com\/wp-content\/uploads\/Manufacturer-Direct-Custom-A5-Notebook-USB-Stick-100x100.jpg 100w\" sizes=\"(max-width: 800px) 100vw, 800px\" \/><\/figure>\n<\/div>\n\n\n\n<div class=\"wp-block-column is-layout-flow wp-block-column-is-layout-flow\">\n<figure class=\"wp-block-image size-full\"><img alt=\"\" loading=\"lazy\" decoding=\"async\" width=\"800\" height=\"800\" src=\"https:\/\/www.usborkeychain.com\/wp-content\/uploads\/B5-Custom-Notebook-USB-Memory-Drive-Factory-Supply.jpg\" class=\"wp-image-3994\" srcset=\"https:\/\/www.usborkeychain.com\/wp-content\/uploads\/B5-Custom-Notebook-USB-Memory-Drive-Factory-Supply.jpg 800w, https:\/\/www.usborkeychain.com\/wp-content\/uploads\/B5-Custom-Notebook-USB-Memory-Drive-Factory-Supply-300x300.jpg 300w, https:\/\/www.usborkeychain.com\/wp-content\/uploads\/B5-Custom-Notebook-USB-Memory-Drive-Factory-Supply-150x150.jpg 150w, https:\/\/www.usborkeychain.com\/wp-content\/uploads\/B5-Custom-Notebook-USB-Memory-Drive-Factory-Supply-768x768.jpg 768w, https:\/\/www.usborkeychain.com\/wp-content\/uploads\/B5-Custom-Notebook-USB-Memory-Drive-Factory-Supply-12x12.jpg 12w, https:\/\/www.usborkeychain.com\/wp-content\/uploads\/B5-Custom-Notebook-USB-Memory-Drive-Factory-Supply-600x600.jpg 600w, https:\/\/www.usborkeychain.com\/wp-content\/uploads\/B5-Custom-Notebook-USB-Memory-Drive-Factory-Supply-100x100.jpg 100w\" sizes=\"(max-width: 800px) 100vw, 800px\" \/><\/figure>\n<\/div>\n<\/div>\n\n\n\n<h3 class=\"wp-block-heading\">Pourquoi la cl\u00e9 USB avec ordinateur portable convient-elle pour les coffrets cadeaux ?<\/h3>\n\n\n\n<p>La cl\u00e9 USB avec ordinateur portable pr\u00e9sente une forte compatibilit\u00e9. Elle peut \u00eatre combin\u00e9e non seulement avec des ordinateurs portables de diff\u00e9rents mod\u00e8les, mais aussi avec des stylos, des banques d'alimentation et d'autres produits pour former des ensembles de cadeaux. Pour les cadeaux d'entreprise ou les cadeaux d'affaires, ces coffrets sont \u00e0 la fois pratiques et \u00e9l\u00e9gants. Les services de personnalisation de cl\u00e9s USB peuvent cr\u00e9er des coffrets cadeaux uniques en fonction des besoins du client, ce qui peut t\u00e9moigner de la sinc\u00e9rit\u00e9 et du bon go\u00fbt de l'entreprise, qu'ils soient offerts \u00e0 des employ\u00e9s ou \u00e0 des partenaires.<\/p>\n\n\n\n<div class=\"wp-block-columns is-layout-flex wp-container-core-columns-is-layout-28f84493 wp-block-columns-is-layout-flex\">\n<div class=\"wp-block-column is-layout-flow wp-block-column-is-layout-flow\">\n<figure class=\"wp-block-image size-full\"><img alt=\"\" loading=\"lazy\" decoding=\"async\" width=\"800\" height=\"800\" src=\"https:\/\/www.usborkeychain.com\/wp-content\/uploads\/Factory-Made-B5-Notebook-Flash-Drive-with-Custom-Design.jpg\" class=\"wp-image-4000\" srcset=\"https:\/\/www.usborkeychain.com\/wp-content\/uploads\/Factory-Made-B5-Notebook-Flash-Drive-with-Custom-Design.jpg 800w, https:\/\/www.usborkeychain.com\/wp-content\/uploads\/Factory-Made-B5-Notebook-Flash-Drive-with-Custom-Design-300x300.jpg 300w, https:\/\/www.usborkeychain.com\/wp-content\/uploads\/Factory-Made-B5-Notebook-Flash-Drive-with-Custom-Design-150x150.jpg 150w, https:\/\/www.usborkeychain.com\/wp-content\/uploads\/Factory-Made-B5-Notebook-Flash-Drive-with-Custom-Design-768x768.jpg 768w, https:\/\/www.usborkeychain.com\/wp-content\/uploads\/Factory-Made-B5-Notebook-Flash-Drive-with-Custom-Design-12x12.jpg 12w, https:\/\/www.usborkeychain.com\/wp-content\/uploads\/Factory-Made-B5-Notebook-Flash-Drive-with-Custom-Design-600x600.jpg 600w, https:\/\/www.usborkeychain.com\/wp-content\/uploads\/Factory-Made-B5-Notebook-Flash-Drive-with-Custom-Design-100x100.jpg 100w\" sizes=\"(max-width: 800px) 100vw, 800px\" \/><\/figure>\n<\/div>\n\n\n\n<div class=\"wp-block-column is-layout-flow wp-block-column-is-layout-flow\">\n<figure class=\"wp-block-image size-full\"><img alt=\"\" loading=\"lazy\" decoding=\"async\" width=\"800\" height=\"800\" src=\"https:\/\/www.usborkeychain.com\/wp-content\/uploads\/Custom-Manufacturer-A5-Notebook-USB-Drive.jpg\" class=\"wp-image-3997\" srcset=\"https:\/\/www.usborkeychain.com\/wp-content\/uploads\/Custom-Manufacturer-A5-Notebook-USB-Drive.jpg 800w, https:\/\/www.usborkeychain.com\/wp-content\/uploads\/Custom-Manufacturer-A5-Notebook-USB-Drive-300x300.jpg 300w, https:\/\/www.usborkeychain.com\/wp-content\/uploads\/Custom-Manufacturer-A5-Notebook-USB-Drive-150x150.jpg 150w, https:\/\/www.usborkeychain.com\/wp-content\/uploads\/Custom-Manufacturer-A5-Notebook-USB-Drive-768x768.jpg 768w, https:\/\/www.usborkeychain.com\/wp-content\/uploads\/Custom-Manufacturer-A5-Notebook-USB-Drive-12x12.jpg 12w, https:\/\/www.usborkeychain.com\/wp-content\/uploads\/Custom-Manufacturer-A5-Notebook-USB-Drive-600x600.jpg 600w, https:\/\/www.usborkeychain.com\/wp-content\/uploads\/Custom-Manufacturer-A5-Notebook-USB-Drive-100x100.jpg 100w\" sizes=\"(max-width: 800px) 100vw, 800px\" \/><\/figure>\n<\/div>\n<\/div>\n\n\n\n<p>En bref, avec son design innovant, ses fonctions pratiques et ses avantages en mati\u00e8re de personnalisation, la cl\u00e9 USB avec ordinateur portable est devenue un choix id\u00e9al sur les march\u00e9s du bureau et des cadeaux.<\/p>","protected":false},"excerpt":{"rendered":"<ul>\n<li>Cahier A5\u3001A6\u3001B5<\/li>\n<li>Cl\u00e9 USB<\/li>\n<li>Plusieurs couleurs<\/li>\n<li>Possibilit\u00e9 de choisir le stylo<\/li>\n<li>Possibilit\u00e9 de choisir une banque d'alimentation<\/li>\n<\/ul>","protected":false},"featured_media":3996,"comment_status":"open","ping_status":"closed","template":"","meta":{"_seopress_robots_primary_cat":"","_seopress_titles_title":"","_seopress_titles_desc":"","_seopress_robots_index":"","site-sidebar-layout":"default","site-content-layout":"","ast-site-content-layout":"","site-content-style":"default","site-sidebar-style":"default","ast-global-header-display":"","ast-banner-title-visibility":"","ast-main-header-display":"","ast-hfb-above-header-display":"","ast-hfb-below-header-display":"","ast-hfb-mobile-header-display":"","site-post-title":"","ast-breadcrumbs-content":"","ast-featured-img":"","footer-sml-layout":"","theme-transparent-header-meta":"","adv-header-id-meta":"","stick-header-meta":"","header-above-stick-meta":"","header-main-stick-meta":"","header-below-stick-meta":"","astra-migrate-meta-layouts":"default","ast-page-background-enabled":"default","ast-page-background-meta":{"desktop":{"background-color":"var(--ast-global-color-5)","background-image":"","background-repeat":"repeat","background-position":"center center","background-size":"auto","background-attachment":"scroll","background-type":"","background-media":"","overlay-type":"","overlay-color":"","overlay-opacity":"","overlay-gradient":""},"tablet":{"background-color":"","background-image":"","background-repeat":"repeat","background-position":"center center","background-size":"auto","background-attachment":"scroll","background-type":"","background-media":"","overlay-type":"","overlay-color":"","overlay-opacity":"","overlay-gradient":""},"mobile":{"background-color":"","background-image":"","background-repeat":"repeat","background-position":"center center","background-size":"auto","background-attachment":"scroll","background-type":"","background-media":"","overlay-type":"","overlay-color":"","overlay-opacity":"","overlay-gradient":""}},"ast-content-background-meta":{"desktop":{"background-color":"var(--ast-global-color-4)","background-image":"","background-repeat":"repeat","background-position":"center center","background-size":"auto","background-attachment":"scroll","background-type":"","background-media":"","overlay-type":"","overlay-color":"","overlay-opacity":"","overlay-gradient":""},"tablet":{"background-color":"var(--ast-global-color-4)","background-image":"","background-repeat":"repeat","background-position":"center center","background-size":"auto","background-attachment":"scroll","background-type":"","background-media":"","overlay-type":"","overlay-color":"","overlay-opacity":"","overlay-gradient":""},"mobile":{"background-color":"var(--ast-global-color-4)","background-image":"","background-repeat":"repeat","background-position":"center center","background-size":"auto","background-attachment":"scroll","background-type":"","background-media":"","overlay-type":"","overlay-color":"","overlay-opacity":"","overlay-gradient":""}}},"product_brand":[],"product_cat":[99],"product_tag":[],"class_list":{"0":"post-3989","1":"product","2":"type-product","3":"status-publish","4":"has-post-thumbnail","6":"product_cat-usb-pendrive-with-notebook","7":"desktop-align-left","8":"tablet-align-left","9":"mobile-align-left","11":"first","12":"instock","13":"shipping-taxable","14":"product-type-simple"},"_links":{"self":[{"href":"https:\/\/www.usborkeychain.com\/fr\/wp-json\/wp\/v2\/product\/3989","targetHints":{"allow":["GET"]}}],"collection":[{"href":"https:\/\/www.usborkeychain.com\/fr\/wp-json\/wp\/v2\/product"}],"about":[{"href":"https:\/\/www.usborkeychain.com\/fr\/wp-json\/wp\/v2\/types\/product"}],"replies":[{"embeddable":true,"href":"https:\/\/www.usborkeychain.com\/fr\/wp-json\/wp\/v2\/comments?post=3989"}],"wp:featuredmedia":[{"embeddable":true,"href":"https:\/\/www.usborkeychain.com\/fr\/wp-json\/wp\/v2\/media\/3996"}],"wp:attachment":[{"href":"https:\/\/www.usborkeychain.com\/fr\/wp-json\/wp\/v2\/media?parent=3989"}],"wp:term":[{"taxonomy":"product_brand","embeddable":true,"href":"https:\/\/www.usborkeychain.com\/fr\/wp-json\/wp\/v2\/product_brand?post=3989"},{"taxonomy":"product_cat","embeddable":true,"href":"https:\/\/www.usborkeychain.com\/fr\/wp-json\/wp\/v2\/product_cat?post=3989"},{"taxonomy":"product_tag","embeddable":true,"href":"https:\/\/www.usborkeychain.com\/fr\/wp-json\/wp\/v2\/product_tag?post=3989"}],"curies":[{"name":"wp","href":"https:\/\/api.w.org\/{rel}","templated":true}]}}