{"id":4015,"date":"2025-07-12T10:15:29","date_gmt":"2025-07-12T10:15:29","guid":{"rendered":"https:\/\/www.usborkeychain.com\/?post_type=product&#038;p=4015"},"modified":"2025-07-12T10:22:36","modified_gmt":"2025-07-12T10:22:36","slug":"metal-usb-flash-drive-with-diamond-and-notebook","status":"publish","type":"product","link":"https:\/\/www.usborkeychain.com\/fr\/produit\/metal-usb-flash-drive-with-diamond-and-notebook\/","title":{"rendered":"Cl\u00e9 USB en m\u00e9tal avec diamant et carnet de notes"},"content":{"rendered":"<p><\/p>\n\n\n\n<div class=\"wp-block-columns is-layout-flex wp-container-core-columns-is-layout-28f84493 wp-block-columns-is-layout-flex\">\n<div class=\"wp-block-column is-layout-flow wp-block-column-is-layout-flow\">\n<figure class=\"wp-block-image size-full\"><img fetchpriority=\"high\" decoding=\"async\" width=\"800\" height=\"800\" src=\"https:\/\/www.usborkeychain.com\/wp-content\/uploads\/Personalized-Notebook-with-USB-Flash-pendrive.jpg\" alt=\"Personalized-Notebook-with-USB-Flash-pendrive\" class=\"wp-image-4022\" srcset=\"https:\/\/www.usborkeychain.com\/wp-content\/uploads\/Personalized-Notebook-with-USB-Flash-pendrive.jpg 800w, https:\/\/www.usborkeychain.com\/wp-content\/uploads\/Personalized-Notebook-with-USB-Flash-pendrive-300x300.jpg 300w, https:\/\/www.usborkeychain.com\/wp-content\/uploads\/Personalized-Notebook-with-USB-Flash-pendrive-150x150.jpg 150w, https:\/\/www.usborkeychain.com\/wp-content\/uploads\/Personalized-Notebook-with-USB-Flash-pendrive-768x768.jpg 768w, https:\/\/www.usborkeychain.com\/wp-content\/uploads\/Personalized-Notebook-with-USB-Flash-pendrive-12x12.jpg 12w, https:\/\/www.usborkeychain.com\/wp-content\/uploads\/Personalized-Notebook-with-USB-Flash-pendrive-600x600.jpg 600w, https:\/\/www.usborkeychain.com\/wp-content\/uploads\/Personalized-Notebook-with-USB-Flash-pendrive-100x100.jpg 100w\" sizes=\"(max-width: 800px) 100vw, 800px\" \/><\/figure>\n<\/div>\n\n\n\n<div class=\"wp-block-column is-vertically-aligned-center is-layout-flow wp-block-column-is-layout-flow\">\n<p>\u00c0 l'\u00e8re de la personnalisation et de la haute qualit\u00e9, la cl\u00e9 USB pour ordinateur portable en m\u00e9tal avec diamants se distingue. Elle combine parfaitement des \u00e9l\u00e9ments de mode et des fonctions pratiques gr\u00e2ce \u00e0 son design unique. <\/p>\n\n\n\n<p>Il est tr\u00e8s appr\u00e9ci\u00e9 des consommateurs. Avec de d\u00e9licats diamants incrust\u00e9s sur la coque ext\u00e9rieure, sa forme allong\u00e9e et son mat\u00e9riau m\u00e9tallique sont synonymes de luxe.<\/p>\n<\/div>\n<\/div>\n\n\n\n<h3 class=\"wp-block-heading\">Quel est le mat\u00e9riau utilis\u00e9 pour la cl\u00e9 USB en m\u00e9tal avec diamants ?<\/h3>\n\n\n\n<p>Cette cl\u00e9 USB est fabriqu\u00e9e en m\u00e9tal de haute qualit\u00e9. Le cadre concave et convexe qui l'entoure augmente non seulement l'esth\u00e9tique, mais pr\u00e9vient \u00e9galement l'usure dans une certaine mesure. L'incrustation de diamants est la touche finale qui donne \u00e0 l'ensemble de la cl\u00e9 USB un aspect plus haut de gamme. Le design allong\u00e9 est simple et \u00e9l\u00e9gant, ce qui est un style classique parmi les cl\u00e9s USB pour ordinateurs portables. Les fabricants de cl\u00e9s USB sont tr\u00e8s attentifs \u00e0 la s\u00e9lection des mat\u00e9riaux afin de garantir la texture et la durabilit\u00e9 du produit.<\/p>\n\n\n\n<div class=\"wp-block-columns is-layout-flex wp-container-core-columns-is-layout-28f84493 wp-block-columns-is-layout-flex\">\n<div class=\"wp-block-column is-layout-flow wp-block-column-is-layout-flow\">\n<figure class=\"wp-block-image size-full\"><img decoding=\"async\" width=\"800\" height=\"800\" src=\"https:\/\/www.usborkeychain.com\/wp-content\/uploads\/A5-Notebook-Diary-with-USB-Flash-Drive.jpg\" alt=\"A5-Notebook-Diary-with-USB-Flash-Drive\" class=\"wp-image-4019\" srcset=\"https:\/\/www.usborkeychain.com\/wp-content\/uploads\/A5-Notebook-Diary-with-USB-Flash-Drive.jpg 800w, https:\/\/www.usborkeychain.com\/wp-content\/uploads\/A5-Notebook-Diary-with-USB-Flash-Drive-300x300.jpg 300w, https:\/\/www.usborkeychain.com\/wp-content\/uploads\/A5-Notebook-Diary-with-USB-Flash-Drive-150x150.jpg 150w, https:\/\/www.usborkeychain.com\/wp-content\/uploads\/A5-Notebook-Diary-with-USB-Flash-Drive-768x768.jpg 768w, https:\/\/www.usborkeychain.com\/wp-content\/uploads\/A5-Notebook-Diary-with-USB-Flash-Drive-12x12.jpg 12w, https:\/\/www.usborkeychain.com\/wp-content\/uploads\/A5-Notebook-Diary-with-USB-Flash-Drive-600x600.jpg 600w, https:\/\/www.usborkeychain.com\/wp-content\/uploads\/A5-Notebook-Diary-with-USB-Flash-Drive-100x100.jpg 100w\" sizes=\"(max-width: 800px) 100vw, 800px\" \/><\/figure>\n<\/div>\n\n\n\n<div class=\"wp-block-column is-layout-flow wp-block-column-is-layout-flow\">\n<figure class=\"wp-block-image size-full\"><img decoding=\"async\" width=\"800\" height=\"800\" src=\"https:\/\/www.usborkeychain.com\/wp-content\/uploads\/gold-Personalized-Notebook-with-USB-Flash-Drive.jpg\" alt=\"gold-Personalized-Notebook-with-USB-Flash-Drive\" class=\"wp-image-4020\" srcset=\"https:\/\/www.usborkeychain.com\/wp-content\/uploads\/gold-Personalized-Notebook-with-USB-Flash-Drive.jpg 800w, https:\/\/www.usborkeychain.com\/wp-content\/uploads\/gold-Personalized-Notebook-with-USB-Flash-Drive-300x300.jpg 300w, https:\/\/www.usborkeychain.com\/wp-content\/uploads\/gold-Personalized-Notebook-with-USB-Flash-Drive-150x150.jpg 150w, https:\/\/www.usborkeychain.com\/wp-content\/uploads\/gold-Personalized-Notebook-with-USB-Flash-Drive-768x768.jpg 768w, https:\/\/www.usborkeychain.com\/wp-content\/uploads\/gold-Personalized-Notebook-with-USB-Flash-Drive-12x12.jpg 12w, https:\/\/www.usborkeychain.com\/wp-content\/uploads\/gold-Personalized-Notebook-with-USB-Flash-Drive-600x600.jpg 600w, https:\/\/www.usborkeychain.com\/wp-content\/uploads\/gold-Personalized-Notebook-with-USB-Flash-Drive-100x100.jpg 100w\" sizes=\"(max-width: 800px) 100vw, 800px\" \/><\/figure>\n<\/div>\n<\/div>\n\n\n\n<h3 class=\"wp-block-heading\">Quels sont les param\u00e8tres de la cl\u00e9 USB ?<\/h3>\n\n\n\n<figure class=\"wp-block-table\"><table class=\"has-fixed-layout\"><thead><tr><th>Param\u00e8tres<\/th><th>D\u00e9tails<\/th><\/tr><\/thead><tbody><tr><td>Mat\u00e9riau<\/td><td>M\u00e9tal de haute qualit\u00e9<\/td><\/tr><tr><td>D\u00e9coration<\/td><td>Diamants<\/td><\/tr><tr><td>Forme<\/td><td>Allong\u00e9<\/td><\/tr><tr><td>Options de l'ordinateur portable<\/td><td>Divers mod\u00e8les tels que A5, B5, A6, B6, etc. Le nombre de pages et les types de papier des pages int\u00e9rieures peuvent \u00eatre s\u00e9lectionn\u00e9s selon les besoins.<\/td><\/tr><\/tbody><\/table><\/figure>\n\n\n\n<h3 class=\"wp-block-heading\">Quelles sont les couleurs disponibles pour la cl\u00e9 USB en m\u00e9tal avec diamants ?<\/h3>\n\n\n\n<p><\/p>\n\n\n\n<div class=\"wp-block-columns is-layout-flex wp-container-core-columns-is-layout-28f84493 wp-block-columns-is-layout-flex\">\n<div class=\"wp-block-column is-layout-flow wp-block-column-is-layout-flow\">\n<figure class=\"wp-block-image size-full\"><img loading=\"lazy\" decoding=\"async\" width=\"800\" height=\"800\" src=\"https:\/\/www.usborkeychain.com\/wp-content\/uploads\/Personalized-Notebook-with-USB-Flash-Drive-128gb.jpg\" alt=\"Personalized-Notebook-with-USB-Flash-Drive-128gb\" class=\"wp-image-4021\" srcset=\"https:\/\/www.usborkeychain.com\/wp-content\/uploads\/Personalized-Notebook-with-USB-Flash-Drive-128gb.jpg 800w, https:\/\/www.usborkeychain.com\/wp-content\/uploads\/Personalized-Notebook-with-USB-Flash-Drive-128gb-300x300.jpg 300w, https:\/\/www.usborkeychain.com\/wp-content\/uploads\/Personalized-Notebook-with-USB-Flash-Drive-128gb-150x150.jpg 150w, https:\/\/www.usborkeychain.com\/wp-content\/uploads\/Personalized-Notebook-with-USB-Flash-Drive-128gb-768x768.jpg 768w, https:\/\/www.usborkeychain.com\/wp-content\/uploads\/Personalized-Notebook-with-USB-Flash-Drive-128gb-12x12.jpg 12w, https:\/\/www.usborkeychain.com\/wp-content\/uploads\/Personalized-Notebook-with-USB-Flash-Drive-128gb-600x600.jpg 600w, https:\/\/www.usborkeychain.com\/wp-content\/uploads\/Personalized-Notebook-with-USB-Flash-Drive-128gb-100x100.jpg 100w\" sizes=\"(max-width: 800px) 100vw, 800px\" \/><\/figure>\n<\/div>\n\n\n\n<div class=\"wp-block-column is-vertically-aligned-center is-layout-flow wp-block-column-is-layout-flow\">\n<p>Actuellement, la cl\u00e9 USB pour ordinateur portable en m\u00e9tal avec diamants se d\u00e9cline principalement en deux couleurs : or et argent. La cl\u00e9 argent\u00e9e est plus populaire sur le march\u00e9 en raison de son style simple et \u00e9l\u00e9gant.<\/p>\n\n\n\n<p> La couleur or est plus adapt\u00e9e aux combinaisons de sets haut de gamme, qui t\u00e9moignent de la noblesse et du luxe. Les services de personnalisation des cl\u00e9s USB peuvent concevoir des couleurs innovantes en fonction des exigences des clients.<\/p>\n<\/div>\n<\/div>\n\n\n\n<h3 class=\"wp-block-heading\">Comment installer la cl\u00e9 USB pour ordinateur portable en m\u00e9tal ?<\/h3>\n\n\n\n<p>La m\u00e9thode d'installation est relativement simple. L'une d'entre elles consiste \u00e0 ins\u00e9rer directement la cl\u00e9 USB dans le logement de carte pr\u00e9d\u00e9fini de l'ordinateur portable et \u00e0 s'assurer qu'elle est stable. D'autre part, la cl\u00e9 USB peut \u00eatre directement transform\u00e9e en boucle, ce qui est plus pratique et plus rapide \u00e0 utiliser, tout en renfor\u00e7ant l'int\u00e9grit\u00e9 du produit.<\/p>\n\n\n\n<p>En conclusion, la cl\u00e9 USB pour ordinateur portable en m\u00e9tal avec diamants est devenue un produit tr\u00e8s comp\u00e9titif sur le march\u00e9 gr\u00e2ce \u00e0 ses mat\u00e9riaux de haute qualit\u00e9, son apparence \u00e0 la mode et ses m\u00e9thodes d'installation pratiques. Elle convient parfaitement \u00e0 l'usage quotidien et aux cadeaux.<\/p>","protected":false},"excerpt":{"rendered":"<ul>\n<li>Style mini<\/li>\n<li>Cl\u00e9 USB en m\u00e9tal<\/li>\n<li>Avec diamant et carnet de notes<\/li>\n<li>Logo personnalis\u00e9<\/li>\n<li>MOQ\uff1b100PCS<\/li>\n<li><\/li>\n<\/ul>","protected":false},"featured_media":4022,"comment_status":"open","ping_status":"closed","template":"","meta":{"_seopress_robots_primary_cat":"","_seopress_titles_title":"","_seopress_titles_desc":"","_seopress_robots_index":"","site-sidebar-layout":"default","site-content-layout":"","ast-site-content-layout":"","site-content-style":"default","site-sidebar-style":"default","ast-global-header-display":"","ast-banner-title-visibility":"","ast-main-header-display":"","ast-hfb-above-header-display":"","ast-hfb-below-header-display":"","ast-hfb-mobile-header-display":"","site-post-title":"","ast-breadcrumbs-content":"","ast-featured-img":"","footer-sml-layout":"","theme-transparent-header-meta":"","adv-header-id-meta":"","stick-header-meta":"","header-above-stick-meta":"","header-main-stick-meta":"","header-below-stick-meta":"","astra-migrate-meta-layouts":"default","ast-page-background-enabled":"default","ast-page-background-meta":{"desktop":{"background-color":"var(--ast-global-color-5)","background-image":"","background-repeat":"repeat","background-position":"center center","background-size":"auto","background-attachment":"scroll","background-type":"","background-media":"","overlay-type":"","overlay-color":"","overlay-opacity":"","overlay-gradient":""},"tablet":{"background-color":"","background-image":"","background-repeat":"repeat","background-position":"center center","background-size":"auto","background-attachment":"scroll","background-type":"","background-media":"","overlay-type":"","overlay-color":"","overlay-opacity":"","overlay-gradient":""},"mobile":{"background-color":"","background-image":"","background-repeat":"repeat","background-position":"center center","background-size":"auto","background-attachment":"scroll","background-type":"","background-media":"","overlay-type":"","overlay-color":"","overlay-opacity":"","overlay-gradient":""}},"ast-content-background-meta":{"desktop":{"background-color":"var(--ast-global-color-4)","background-image":"","background-repeat":"repeat","background-position":"center center","background-size":"auto","background-attachment":"scroll","background-type":"","background-media":"","overlay-type":"","overlay-color":"","overlay-opacity":"","overlay-gradient":""},"tablet":{"background-color":"var(--ast-global-color-4)","background-image":"","background-repeat":"repeat","background-position":"center center","background-size":"auto","background-attachment":"scroll","background-type":"","background-media":"","overlay-type":"","overlay-color":"","overlay-opacity":"","overlay-gradient":""},"mobile":{"background-color":"var(--ast-global-color-4)","background-image":"","background-repeat":"repeat","background-position":"center center","background-size":"auto","background-attachment":"scroll","background-type":"","background-media":"","overlay-type":"","overlay-color":"","overlay-opacity":"","overlay-gradient":""}}},"product_brand":[],"product_cat":[99],"product_tag":[],"class_list":{"0":"post-4015","1":"product","2":"type-product","3":"status-publish","4":"has-post-thumbnail","6":"product_cat-usb-pendrive-with-notebook","7":"desktop-align-left","8":"tablet-align-left","9":"mobile-align-left","11":"first","12":"instock","13":"shipping-taxable","14":"product-type-simple"},"_links":{"self":[{"href":"https:\/\/www.usborkeychain.com\/fr\/wp-json\/wp\/v2\/product\/4015","targetHints":{"allow":["GET"]}}],"collection":[{"href":"https:\/\/www.usborkeychain.com\/fr\/wp-json\/wp\/v2\/product"}],"about":[{"href":"https:\/\/www.usborkeychain.com\/fr\/wp-json\/wp\/v2\/types\/product"}],"replies":[{"embeddable":true,"href":"https:\/\/www.usborkeychain.com\/fr\/wp-json\/wp\/v2\/comments?post=4015"}],"wp:featuredmedia":[{"embeddable":true,"href":"https:\/\/www.usborkeychain.com\/fr\/wp-json\/wp\/v2\/media\/4022"}],"wp:attachment":[{"href":"https:\/\/www.usborkeychain.com\/fr\/wp-json\/wp\/v2\/media?parent=4015"}],"wp:term":[{"taxonomy":"product_brand","embeddable":true,"href":"https:\/\/www.usborkeychain.com\/fr\/wp-json\/wp\/v2\/product_brand?post=4015"},{"taxonomy":"product_cat","embeddable":true,"href":"https:\/\/www.usborkeychain.com\/fr\/wp-json\/wp\/v2\/product_cat?post=4015"},{"taxonomy":"product_tag","embeddable":true,"href":"https:\/\/www.usborkeychain.com\/fr\/wp-json\/wp\/v2\/product_tag?post=4015"}],"curies":[{"name":"wp","href":"https:\/\/api.w.org\/{rel}","templated":true}]}}