{"id":4111,"date":"2025-07-13T14:02:11","date_gmt":"2025-07-13T14:02:11","guid":{"rendered":"https:\/\/www.usborkeychain.com\/?post_type=product&#038;p=4111"},"modified":"2025-08-11T07:02:30","modified_gmt":"2025-08-11T07:02:30","slug":"metal-red-wine-bottle-usb-drive","status":"publish","type":"product","link":"https:\/\/www.usborkeychain.com\/fr\/produit\/metal-red-wine-bottle-usb-drive\/","title":{"rendered":"Cl\u00e9 USB en forme de bouteille en alliage d'aluminium"},"content":{"rendered":"<p>Le <strong>cl\u00e9 USB en forme de bouteille en alliage d'aluminium<\/strong> est fabriqu\u00e9e en alliage d'aluminium de haute qualit\u00e9, reproduisant fid\u00e8lement les formes des bouteilles courantes telles que les bouteilles de bi\u00e8re et de vinaigre. Elle adopte un design r\u00e9duit avec pr\u00e9cision, qui non seulement conserve les contours vivants du corps de la bouteille, mais prend \u00e9galement en compte la portabilit\u00e9 de la cl\u00e9 USB. Le produit offre une vari\u00e9t\u00e9 de couleurs, dont le rouge, le bleu, le vert, l'argent et le noir, rompant ainsi avec le conventionnel, tant au niveau de la vision que de la texture.<\/p>\n\n\n\n<figure class=\"wp-block-image aligncenter size-full\"><img alt=\"\" fetchpriority=\"high\" decoding=\"async\" width=\"800\" height=\"800\" src=\"https:\/\/www.usborkeychain.com\/wp-content\/uploads\/Metal-Red-Wine-Bottle-USB-Drive.png\" class=\"wp-image-4121\" srcset=\"https:\/\/www.usborkeychain.com\/wp-content\/uploads\/Metal-Red-Wine-Bottle-USB-Drive.png 800w, https:\/\/www.usborkeychain.com\/wp-content\/uploads\/Metal-Red-Wine-Bottle-USB-Drive-300x300.png 300w, https:\/\/www.usborkeychain.com\/wp-content\/uploads\/Metal-Red-Wine-Bottle-USB-Drive-150x150.png 150w, https:\/\/www.usborkeychain.com\/wp-content\/uploads\/Metal-Red-Wine-Bottle-USB-Drive-768x768.png 768w, https:\/\/www.usborkeychain.com\/wp-content\/uploads\/Metal-Red-Wine-Bottle-USB-Drive-12x12.png 12w, https:\/\/www.usborkeychain.com\/wp-content\/uploads\/Metal-Red-Wine-Bottle-USB-Drive-600x600.png 600w, https:\/\/www.usborkeychain.com\/wp-content\/uploads\/Metal-Red-Wine-Bottle-USB-Drive-100x100.png 100w\" sizes=\"(max-width: 800px) 100vw, 800px\" \/><\/figure>\n\n\n\n<p>Parmi les t<strong>es cl\u00e9s USB en forme de bouteille<\/strong>Les bouteilles imitant les formes des bouteilles de bi\u00e8re et de vinaigre sont les plus populaires sur le march\u00e9. Gr\u00e2ce \u00e0 la simulation proportionnelle, les courbes du corps de la bouteille et les d\u00e9tails du bouchon sont parfaitement restitu\u00e9s, comme si une vraie bouteille \u00e9tait \"miniaturis\u00e9e\" dans un support num\u00e9rique. En ce qui concerne le mat\u00e9riau, un alliage d'aluminium ultra-l\u00e9ger a \u00e9t\u00e9 choisi, une seule pi\u00e8ce ne pesant qu'environ 15 g (en fonction de la capacit\u00e9). La coque permet de personnaliser la finition satin\u00e9e et l'effet bross\u00e9 : la version mate a un toucher d\u00e9licat et lisse, tandis que la version bross\u00e9e pr\u00e9sente un \u00e9clat m\u00e9tallique. Les deux proc\u00e9d\u00e9s peuvent \u00eatre assortis de couleurs vives personnalis\u00e9es pour r\u00e9pondre aux besoins de diff\u00e9renciation des marques.<\/p>\n\n\n\n<div class=\"wp-block-columns is-layout-flex wp-container-core-columns-is-layout-28f84493 wp-block-columns-is-layout-flex\">\n<div class=\"wp-block-column is-layout-flow wp-block-column-is-layout-flow\">\n<figure class=\"wp-block-image size-full\"><img alt=\"\" decoding=\"async\" width=\"800\" height=\"800\" src=\"https:\/\/www.usborkeychain.com\/wp-content\/uploads\/Metal-Red-Wine-Bottle-USB-as-a-Premium-Gift.png\" class=\"wp-image-4120\" srcset=\"https:\/\/www.usborkeychain.com\/wp-content\/uploads\/Metal-Red-Wine-Bottle-USB-as-a-Premium-Gift.png 800w, https:\/\/www.usborkeychain.com\/wp-content\/uploads\/Metal-Red-Wine-Bottle-USB-as-a-Premium-Gift-300x300.png 300w, https:\/\/www.usborkeychain.com\/wp-content\/uploads\/Metal-Red-Wine-Bottle-USB-as-a-Premium-Gift-150x150.png 150w, https:\/\/www.usborkeychain.com\/wp-content\/uploads\/Metal-Red-Wine-Bottle-USB-as-a-Premium-Gift-768x768.png 768w, https:\/\/www.usborkeychain.com\/wp-content\/uploads\/Metal-Red-Wine-Bottle-USB-as-a-Premium-Gift-12x12.png 12w, https:\/\/www.usborkeychain.com\/wp-content\/uploads\/Metal-Red-Wine-Bottle-USB-as-a-Premium-Gift-600x600.png 600w, https:\/\/www.usborkeychain.com\/wp-content\/uploads\/Metal-Red-Wine-Bottle-USB-as-a-Premium-Gift-100x100.png 100w\" sizes=\"(max-width: 800px) 100vw, 800px\" \/><\/figure>\n<\/div>\n\n\n\n<div class=\"wp-block-column is-layout-flow wp-block-column-is-layout-flow\">\n<figure class=\"wp-block-image size-full\"><img alt=\"\" decoding=\"async\" width=\"800\" height=\"800\" src=\"https:\/\/www.usborkeychain.com\/wp-content\/uploads\/Durable-Metal-Wine-Bottle-styled-USB-Drive.png\" class=\"wp-image-4118\" srcset=\"https:\/\/www.usborkeychain.com\/wp-content\/uploads\/Durable-Metal-Wine-Bottle-styled-USB-Drive.png 800w, https:\/\/www.usborkeychain.com\/wp-content\/uploads\/Durable-Metal-Wine-Bottle-styled-USB-Drive-300x300.png 300w, https:\/\/www.usborkeychain.com\/wp-content\/uploads\/Durable-Metal-Wine-Bottle-styled-USB-Drive-150x150.png 150w, https:\/\/www.usborkeychain.com\/wp-content\/uploads\/Durable-Metal-Wine-Bottle-styled-USB-Drive-768x768.png 768w, https:\/\/www.usborkeychain.com\/wp-content\/uploads\/Durable-Metal-Wine-Bottle-styled-USB-Drive-12x12.png 12w, https:\/\/www.usborkeychain.com\/wp-content\/uploads\/Durable-Metal-Wine-Bottle-styled-USB-Drive-600x600.png 600w, https:\/\/www.usborkeychain.com\/wp-content\/uploads\/Durable-Metal-Wine-Bottle-styled-USB-Drive-100x100.png 100w\" sizes=\"(max-width: 800px) 100vw, 800px\" \/><\/figure>\n<\/div>\n<\/div>\n\n\n\n<h2 class=\"wp-block-heading\"><strong>Tableau des param\u00e8tres de la cl\u00e9 USB<\/strong><\/h2>\n\n\n\n<figure class=\"wp-block-table\"><table class=\"has-fixed-layout\"><thead><tr><th>Param\u00e8tre Poste<\/th><th>Valeur du param\u00e8tre<\/th><\/tr><\/thead><tbody><tr><td>Type d'interface<\/td><td>USB 2.0\/USB 3.0 (en option)<\/td><\/tr><tr><td>Options de capacit\u00e9<\/td><td>8GB\/16GB\/32GB\/64GB\/128GB<\/td><\/tr><tr><td>Taille du produit<\/td><td>60 mm de hauteur \u00d7 18 mm de diam\u00e8tre<\/td><\/tr><tr><td>Poids du produit<\/td><td>Environ 15 g<\/td><\/tr><tr><td>Vitesse de lecture<\/td><td>Jusqu'\u00e0 15 Mo\/s (USB2.0) ; jusqu'\u00e0 80 Mo\/s (USB3.0)<\/td><\/tr><tr><td>Vitesse d'\u00e9criture<\/td><td>Jusqu'\u00e0 8 Mo\/s (USB2.0) ; jusqu'\u00e0 30 Mo\/s (USB3.0)<\/td><\/tr><tr><td>Mat\u00e9riau<\/td><td>Alliage d'aluminium (mat \/ bross\u00e9 en option)<\/td><\/tr><tr><td>Personnalisation des couleurs<\/td><td>Disponible en rouge, bleu, vert, argent, noir et autres couleurs<\/td><\/tr><\/tbody><\/table><\/figure>\n\n\n\n<h2 class=\"wp-block-heading\">La cl\u00e9 USB bouteille en alliage d'aluminium est-elle livr\u00e9e avec un porte-cl\u00e9s ?<\/h2>\n\n\n\n<p><strong> <\/strong>Le haut du bouchon de la bouteille du<strong> bouteille en alliage d'aluminium cl\u00e9 USB<\/strong> est sp\u00e9cialement con\u00e7ue avec un trou de serrure circulaire, qui permet de l'assortir \u00e0 un porte-cl\u00e9s en m\u00e9tal (personnalisable). Ce d\u00e9tail permet d'attacher facilement le produit aux sacs, portefeuilles et porte-cl\u00e9s, ce qui r\u00e9sout le probl\u00e8me des \"cl\u00e9s USB faciles \u00e0 perdre\" et am\u00e9liore la commodit\u00e9 du transport quotidien. Pour les acheteurs en gros, ce design renforce encore l'\"attribut portable\" du produit, en maintenant l'exposition de la marque \u00e0 tout moment.<\/p>\n\n\n\n<div class=\"wp-block-columns is-layout-flex wp-container-core-columns-is-layout-28f84493 wp-block-columns-is-layout-flex\">\n<div class=\"wp-block-column is-layout-flow wp-block-column-is-layout-flow\">\n<figure class=\"wp-block-image size-full\"><img alt=\"\" loading=\"lazy\" decoding=\"async\" width=\"800\" height=\"800\" src=\"https:\/\/www.usborkeychain.com\/wp-content\/uploads\/Portable-Metal-Red-Wine-Bottle-USB-with-Multiple-Capacities.png\" class=\"wp-image-4124\" srcset=\"https:\/\/www.usborkeychain.com\/wp-content\/uploads\/Portable-Metal-Red-Wine-Bottle-USB-with-Multiple-Capacities.png 800w, https:\/\/www.usborkeychain.com\/wp-content\/uploads\/Portable-Metal-Red-Wine-Bottle-USB-with-Multiple-Capacities-300x300.png 300w, https:\/\/www.usborkeychain.com\/wp-content\/uploads\/Portable-Metal-Red-Wine-Bottle-USB-with-Multiple-Capacities-150x150.png 150w, https:\/\/www.usborkeychain.com\/wp-content\/uploads\/Portable-Metal-Red-Wine-Bottle-USB-with-Multiple-Capacities-768x768.png 768w, https:\/\/www.usborkeychain.com\/wp-content\/uploads\/Portable-Metal-Red-Wine-Bottle-USB-with-Multiple-Capacities-12x12.png 12w, https:\/\/www.usborkeychain.com\/wp-content\/uploads\/Portable-Metal-Red-Wine-Bottle-USB-with-Multiple-Capacities-600x600.png 600w, https:\/\/www.usborkeychain.com\/wp-content\/uploads\/Portable-Metal-Red-Wine-Bottle-USB-with-Multiple-Capacities-100x100.png 100w\" sizes=\"(max-width: 800px) 100vw, 800px\" \/><\/figure>\n<\/div>\n\n\n\n<div class=\"wp-block-column is-layout-flow wp-block-column-is-layout-flow\">\n<figure class=\"wp-block-image size-full\"><img alt=\"\" loading=\"lazy\" decoding=\"async\" width=\"800\" height=\"800\" src=\"https:\/\/www.usborkeychain.com\/wp-content\/uploads\/Compact-Metal-Red-Wine-Bottle-USB-Storage.png\" class=\"wp-image-4116\" srcset=\"https:\/\/www.usborkeychain.com\/wp-content\/uploads\/Compact-Metal-Red-Wine-Bottle-USB-Storage.png 800w, https:\/\/www.usborkeychain.com\/wp-content\/uploads\/Compact-Metal-Red-Wine-Bottle-USB-Storage-300x300.png 300w, https:\/\/www.usborkeychain.com\/wp-content\/uploads\/Compact-Metal-Red-Wine-Bottle-USB-Storage-150x150.png 150w, https:\/\/www.usborkeychain.com\/wp-content\/uploads\/Compact-Metal-Red-Wine-Bottle-USB-Storage-768x768.png 768w, https:\/\/www.usborkeychain.com\/wp-content\/uploads\/Compact-Metal-Red-Wine-Bottle-USB-Storage-12x12.png 12w, https:\/\/www.usborkeychain.com\/wp-content\/uploads\/Compact-Metal-Red-Wine-Bottle-USB-Storage-600x600.png 600w, https:\/\/www.usborkeychain.com\/wp-content\/uploads\/Compact-Metal-Red-Wine-Bottle-USB-Storage-100x100.png 100w\" sizes=\"(max-width: 800px) 100vw, 800px\" \/><\/figure>\n<\/div>\n<\/div>\n\n\n\n<hr class=\"wp-block-separator alignfull has-alpha-channel-opacity\"\/>\n\n\n\n<h2 class=\"wp-block-heading\">Quels sont les secteurs d'activit\u00e9 pour lesquels ce produit peut \u00eatre offert en cadeau ?<\/h2>\n\n\n\n<p>La cl\u00e9 USB en alliage d'aluminium en forme de bouteille convient parfaitement aux besoins de cadeaux personnalis\u00e9s des industries li\u00e9es aux bouteilles, en particulier :<\/p>\n\n\n\n<p>Entreprises de marketing cr\u00e9atif : Personnalisation de cadeaux num\u00e9riques diff\u00e9renci\u00e9s pour les clients afin de cr\u00e9er des \"points de m\u00e9moire\".<\/p>\n\n\n\n<p>Vin rouge \/ industrie vinicole : La cl\u00e9 USB imitant la forme d'une bouteille de vin peut \u00eatre utilis\u00e9e comme cadeau pour les f\u00eates de d\u00e9gustation dans les caves et les promotions de nouveaux produits, le logo de la marque \u00e9tant grav\u00e9 pour conf\u00e9rer une texture haut de gamme.<\/p>\n\n\n\n<p>Industrie des condiments (vinaigre, sauce soja, etc.) : Adapt\u00e9 \u00e0 la forme des bouteilles de vinaigre et de sauce soja, il est utilis\u00e9 comme cadeau personnalis\u00e9 pour les r\u00e9unions annuelles des entreprises et les conf\u00e9rences des distributeurs afin de renforcer l'association des cat\u00e9gories.<\/p>\n\n\n\n<p>Industrie des boissons : Le design imitant les bouteilles de boissons convient au lancement de nouvelles boissons et aux activit\u00e9s promotionnelles, attirant les jeunes groupes de consommateurs gr\u00e2ce \u00e0 des supports cr\u00e9atifs.<\/p>\n\n\n\n<p>Entreprises brassicoles\/alimentaires : En tant que cadeaux p\u00e9riph\u00e9riques \u00e0 la marque, ils peuvent \u00e9tendre la culture du produit et renforcer l'adh\u00e9sion des utilisateurs.<\/p>\n\n\n\n<div class=\"wp-block-columns is-layout-flex wp-container-core-columns-is-layout-28f84493 wp-block-columns-is-layout-flex\">\n<div class=\"wp-block-column is-layout-flow wp-block-column-is-layout-flow\">\n<figure class=\"wp-block-image size-full\"><img alt=\"\" loading=\"lazy\" decoding=\"async\" width=\"800\" height=\"800\" src=\"https:\/\/www.usborkeychain.com\/wp-content\/uploads\/Customizable-Metal-Red-Wine-Bottle-USB-for-Wine-Companies.png\" class=\"wp-image-4117\" srcset=\"https:\/\/www.usborkeychain.com\/wp-content\/uploads\/Customizable-Metal-Red-Wine-Bottle-USB-for-Wine-Companies.png 800w, https:\/\/www.usborkeychain.com\/wp-content\/uploads\/Customizable-Metal-Red-Wine-Bottle-USB-for-Wine-Companies-300x300.png 300w, https:\/\/www.usborkeychain.com\/wp-content\/uploads\/Customizable-Metal-Red-Wine-Bottle-USB-for-Wine-Companies-150x150.png 150w, https:\/\/www.usborkeychain.com\/wp-content\/uploads\/Customizable-Metal-Red-Wine-Bottle-USB-for-Wine-Companies-768x768.png 768w, https:\/\/www.usborkeychain.com\/wp-content\/uploads\/Customizable-Metal-Red-Wine-Bottle-USB-for-Wine-Companies-12x12.png 12w, https:\/\/www.usborkeychain.com\/wp-content\/uploads\/Customizable-Metal-Red-Wine-Bottle-USB-for-Wine-Companies-600x600.png 600w, https:\/\/www.usborkeychain.com\/wp-content\/uploads\/Customizable-Metal-Red-Wine-Bottle-USB-for-Wine-Companies-100x100.png 100w\" sizes=\"(max-width: 800px) 100vw, 800px\" \/><\/figure>\n<\/div>\n\n\n\n<div class=\"wp-block-column is-layout-flow wp-block-column-is-layout-flow\">\n<figure class=\"wp-block-image size-full\"><img alt=\"\" loading=\"lazy\" decoding=\"async\" width=\"800\" height=\"800\" src=\"https:\/\/www.usborkeychain.com\/wp-content\/uploads\/Colorful-Metal-Red-Wine-Bottle-USB-Options.png\" class=\"wp-image-4115\" srcset=\"https:\/\/www.usborkeychain.com\/wp-content\/uploads\/Colorful-Metal-Red-Wine-Bottle-USB-Options.png 800w, https:\/\/www.usborkeychain.com\/wp-content\/uploads\/Colorful-Metal-Red-Wine-Bottle-USB-Options-300x300.png 300w, https:\/\/www.usborkeychain.com\/wp-content\/uploads\/Colorful-Metal-Red-Wine-Bottle-USB-Options-150x150.png 150w, https:\/\/www.usborkeychain.com\/wp-content\/uploads\/Colorful-Metal-Red-Wine-Bottle-USB-Options-768x768.png 768w, https:\/\/www.usborkeychain.com\/wp-content\/uploads\/Colorful-Metal-Red-Wine-Bottle-USB-Options-12x12.png 12w, https:\/\/www.usborkeychain.com\/wp-content\/uploads\/Colorful-Metal-Red-Wine-Bottle-USB-Options-600x600.png 600w, https:\/\/www.usborkeychain.com\/wp-content\/uploads\/Colorful-Metal-Red-Wine-Bottle-USB-Options-100x100.png 100w\" sizes=\"(max-width: 800px) 100vw, 800px\" \/><\/figure>\n<\/div>\n<\/div>\n\n\n\n<hr class=\"wp-block-separator has-alpha-channel-opacity\"\/>\n\n\n\n<p>Le fabricant prend en charge la personnalisation de petits lots et la vente en gros \u00e0 grande \u00e9chelle, r\u00e9pondant aux besoins personnalis\u00e9s de la marque dans l'ensemble du processus, de la s\u00e9rigraphie du logo au m\u00e9lange des couleurs.<\/p>\n\n\n\n<div class=\"wp-block-columns is-layout-flex wp-container-core-columns-is-layout-28f84493 wp-block-columns-is-layout-flex\">\n<div class=\"wp-block-column is-layout-flow wp-block-column-is-layout-flow\">\n<figure class=\"wp-block-image size-full\"><img alt=\"\" loading=\"lazy\" decoding=\"async\" width=\"800\" height=\"800\" src=\"https:\/\/www.usborkeychain.com\/wp-content\/uploads\/Branding-Friendly-Metal-Red-Wine-Bottle-USB.png\" class=\"wp-image-4114\" srcset=\"https:\/\/www.usborkeychain.com\/wp-content\/uploads\/Branding-Friendly-Metal-Red-Wine-Bottle-USB.png 800w, https:\/\/www.usborkeychain.com\/wp-content\/uploads\/Branding-Friendly-Metal-Red-Wine-Bottle-USB-300x300.png 300w, https:\/\/www.usborkeychain.com\/wp-content\/uploads\/Branding-Friendly-Metal-Red-Wine-Bottle-USB-150x150.png 150w, https:\/\/www.usborkeychain.com\/wp-content\/uploads\/Branding-Friendly-Metal-Red-Wine-Bottle-USB-768x768.png 768w, https:\/\/www.usborkeychain.com\/wp-content\/uploads\/Branding-Friendly-Metal-Red-Wine-Bottle-USB-12x12.png 12w, https:\/\/www.usborkeychain.com\/wp-content\/uploads\/Branding-Friendly-Metal-Red-Wine-Bottle-USB-600x600.png 600w, https:\/\/www.usborkeychain.com\/wp-content\/uploads\/Branding-Friendly-Metal-Red-Wine-Bottle-USB-100x100.png 100w\" sizes=\"(max-width: 800px) 100vw, 800px\" \/><\/figure>\n<\/div>\n\n\n\n<div class=\"wp-block-column is-layout-flow wp-block-column-is-layout-flow\">\n<figure class=\"wp-block-image size-full\"><img alt=\"\" loading=\"lazy\" decoding=\"async\" width=\"800\" height=\"800\" src=\"https:\/\/www.usborkeychain.com\/wp-content\/uploads\/High-end-Metal-Red-Wine-Bottle-Shaped-USB-Flash-Drive.png\" class=\"wp-image-4119\" srcset=\"https:\/\/www.usborkeychain.com\/wp-content\/uploads\/High-end-Metal-Red-Wine-Bottle-Shaped-USB-Flash-Drive.png 800w, https:\/\/www.usborkeychain.com\/wp-content\/uploads\/High-end-Metal-Red-Wine-Bottle-Shaped-USB-Flash-Drive-300x300.png 300w, https:\/\/www.usborkeychain.com\/wp-content\/uploads\/High-end-Metal-Red-Wine-Bottle-Shaped-USB-Flash-Drive-150x150.png 150w, https:\/\/www.usborkeychain.com\/wp-content\/uploads\/High-end-Metal-Red-Wine-Bottle-Shaped-USB-Flash-Drive-768x768.png 768w, https:\/\/www.usborkeychain.com\/wp-content\/uploads\/High-end-Metal-Red-Wine-Bottle-Shaped-USB-Flash-Drive-12x12.png 12w, https:\/\/www.usborkeychain.com\/wp-content\/uploads\/High-end-Metal-Red-Wine-Bottle-Shaped-USB-Flash-Drive-600x600.png 600w, https:\/\/www.usborkeychain.com\/wp-content\/uploads\/High-end-Metal-Red-Wine-Bottle-Shaped-USB-Flash-Drive-100x100.png 100w\" sizes=\"(max-width: 800px) 100vw, 800px\" \/><\/figure>\n<\/div>\n<\/div>\n\n\n\n<p>L'a<strong>Cl\u00e9 USB en forme de bouteille en alliage d'aluminium<\/strong> La forme cr\u00e9ative, le mat\u00e9riau de haute qualit\u00e9 et la personnalisation flexible sont les principaux avantages de ce produit. Il s'agit non seulement d'un produit num\u00e9rique pratique, mais aussi d'un \"support cr\u00e9atif\" pour le marketing de marque, ce qui en fait un choix id\u00e9al pour la vente en gros des fabricants et la personnalisation des marques, aidant ainsi diverses industries \u00e0 r\u00e9aliser des perc\u00e9es caract\u00e9ristiques en mati\u00e8re de marketing.<\/p>","protected":false},"excerpt":{"rendered":"<ul>\n<li>Alliage d'aluminium<\/li>\n<li>M\u00e9tal<\/li>\n<li>Couleur : rouge, bleu, vert, argent, noir<\/li>\n<li>Cadeau d'affaires haut de gamme<\/li>\n<li>S\u00e9rigraphie, gravure laser et impression UV<\/li>\n<li>MOQ:100PCS<\/li>\n<\/ul>","protected":false},"featured_media":4121,"comment_status":"open","ping_status":"closed","template":"","meta":{"_seopress_robots_primary_cat":"none","_seopress_titles_title":"","_seopress_titles_desc":"","_seopress_robots_index":"","site-sidebar-layout":"default","site-content-layout":"","ast-site-content-layout":"","site-content-style":"default","site-sidebar-style":"default","ast-global-header-display":"","ast-banner-title-visibility":"","ast-main-header-display":"","ast-hfb-above-header-display":"","ast-hfb-below-header-display":"","ast-hfb-mobile-header-display":"","site-post-title":"","ast-breadcrumbs-content":"","ast-featured-img":"","footer-sml-layout":"","theme-transparent-header-meta":"","adv-header-id-meta":"","stick-header-meta":"","header-above-stick-meta":"","header-main-stick-meta":"","header-below-stick-meta":"","astra-migrate-meta-layouts":"default","ast-page-background-enabled":"default","ast-page-background-meta":{"desktop":{"background-color":"var(--ast-global-color-5)","background-image":"","background-repeat":"repeat","background-position":"center center","background-size":"auto","background-attachment":"scroll","background-type":"","background-media":"","overlay-type":"","overlay-color":"","overlay-opacity":"","overlay-gradient":""},"tablet":{"background-color":"","background-image":"","background-repeat":"repeat","background-position":"center center","background-size":"auto","background-attachment":"scroll","background-type":"","background-media":"","overlay-type":"","overlay-color":"","overlay-opacity":"","overlay-gradient":""},"mobile":{"background-color":"","background-image":"","background-repeat":"repeat","background-position":"center center","background-size":"auto","background-attachment":"scroll","background-type":"","background-media":"","overlay-type":"","overlay-color":"","overlay-opacity":"","overlay-gradient":""}},"ast-content-background-meta":{"desktop":{"background-color":"var(--ast-global-color-4)","background-image":"","background-repeat":"repeat","background-position":"center center","background-size":"auto","background-attachment":"scroll","background-type":"","background-media":"","overlay-type":"","overlay-color":"","overlay-opacity":"","overlay-gradient":""},"tablet":{"background-color":"var(--ast-global-color-4)","background-image":"","background-repeat":"repeat","background-position":"center center","background-size":"auto","background-attachment":"scroll","background-type":"","background-media":"","overlay-type":"","overlay-color":"","overlay-opacity":"","overlay-gradient":""},"mobile":{"background-color":"var(--ast-global-color-4)","background-image":"","background-repeat":"repeat","background-position":"center center","background-size":"auto","background-attachment":"scroll","background-type":"","background-media":"","overlay-type":"","overlay-color":"","overlay-opacity":"","overlay-gradient":""}}},"product_brand":[],"product_cat":[89],"product_tag":[238,398],"class_list":{"0":"post-4111","1":"product","2":"type-product","3":"status-publish","4":"has-post-thumbnail","6":"product_cat-metal-usb-pendrive","7":"product_tag-aluminum-alloy-bottle-shaped-usb-flash-drive","8":"product_tag-aluminum-usb-drive","9":"desktop-align-left","10":"tablet-align-left","11":"mobile-align-left","13":"first","14":"instock","15":"shipping-taxable","16":"product-type-simple"},"_links":{"self":[{"href":"https:\/\/www.usborkeychain.com\/fr\/wp-json\/wp\/v2\/product\/4111","targetHints":{"allow":["GET"]}}],"collection":[{"href":"https:\/\/www.usborkeychain.com\/fr\/wp-json\/wp\/v2\/product"}],"about":[{"href":"https:\/\/www.usborkeychain.com\/fr\/wp-json\/wp\/v2\/types\/product"}],"replies":[{"embeddable":true,"href":"https:\/\/www.usborkeychain.com\/fr\/wp-json\/wp\/v2\/comments?post=4111"}],"wp:featuredmedia":[{"embeddable":true,"href":"https:\/\/www.usborkeychain.com\/fr\/wp-json\/wp\/v2\/media\/4121"}],"wp:attachment":[{"href":"https:\/\/www.usborkeychain.com\/fr\/wp-json\/wp\/v2\/media?parent=4111"}],"wp:term":[{"taxonomy":"product_brand","embeddable":true,"href":"https:\/\/www.usborkeychain.com\/fr\/wp-json\/wp\/v2\/product_brand?post=4111"},{"taxonomy":"product_cat","embeddable":true,"href":"https:\/\/www.usborkeychain.com\/fr\/wp-json\/wp\/v2\/product_cat?post=4111"},{"taxonomy":"product_tag","embeddable":true,"href":"https:\/\/www.usborkeychain.com\/fr\/wp-json\/wp\/v2\/product_tag?post=4111"}],"curies":[{"name":"wp","href":"https:\/\/api.w.org\/{rel}","templated":true}]}}