{"id":4125,"date":"2025-07-16T15:02:16","date_gmt":"2025-07-16T15:02:16","guid":{"rendered":"https:\/\/www.usborkeychain.com\/?post_type=product&#038;p=4125"},"modified":"2025-08-11T07:02:19","modified_gmt":"2025-08-11T07:02:19","slug":"metal-bottle-usb-drive","status":"publish","type":"product","link":"https:\/\/www.usborkeychain.com\/fr\/produit\/metal-bottle-usb-drive\/","title":{"rendered":"Cl\u00e9 USB bouteille en m\u00e9tal"},"content":{"rendered":"<p>Le <strong>bouteille en m\u00e9tal cl\u00e9 USB<\/strong>Avec son design unique de bouteille de vin qui rompt la monotonie des dispositifs de stockage traditionnels, il constitue un excellent choix pour les cadeaux de sommet d'entreprise, les souvenirs de lancement de produits, l'entretien des relations avec les clients et les activit\u00e9s de promotion de la marque. Son ext\u00e9rieur en m\u00e9tal exquis allie texture et valeur ornementale. Compact et portable, il prend peu de place. L'interface USB permet une fonctionnalit\u00e9 plug-and-play et une transmission stable des donn\u00e9es pour r\u00e9pondre \u00e0 des besoins tels que le stockage et le partage de fichiers, en int\u00e9grant parfaitement les fonctions pratiques au design cr\u00e9atif.<\/p>\n\n\n\n<figure class=\"wp-block-image aligncenter size-full\"><img alt=\"\" fetchpriority=\"high\" decoding=\"async\" width=\"800\" height=\"800\" src=\"https:\/\/www.usborkeychain.com\/wp-content\/uploads\/MiniBottle-USB.png\" class=\"wp-image-4132\" srcset=\"https:\/\/www.usborkeychain.com\/wp-content\/uploads\/MiniBottle-USB.png 800w, https:\/\/www.usborkeychain.com\/wp-content\/uploads\/MiniBottle-USB-300x300.png 300w, https:\/\/www.usborkeychain.com\/wp-content\/uploads\/MiniBottle-USB-150x150.png 150w, https:\/\/www.usborkeychain.com\/wp-content\/uploads\/MiniBottle-USB-768x768.png 768w, https:\/\/www.usborkeychain.com\/wp-content\/uploads\/MiniBottle-USB-12x12.png 12w, https:\/\/www.usborkeychain.com\/wp-content\/uploads\/MiniBottle-USB-600x600.png 600w, https:\/\/www.usborkeychain.com\/wp-content\/uploads\/MiniBottle-USB-100x100.png 100w\" sizes=\"(max-width: 800px) 100vw, 800px\" \/><\/figure>\n\n\n\n<h2 class=\"wp-block-heading\">Tableau des param\u00e8tres de la cl\u00e9 USB \u00e0 bouteille m\u00e9tallique<\/h2>\n\n\n\n<figure class=\"wp-block-table\"><table class=\"has-fixed-layout\"><thead><tr><th>Cat\u00e9gorie de param\u00e8tres<\/th><th>D\u00e9tails<\/th><\/tr><\/thead><tbody><tr><td>Type d'interface<\/td><td>USB 2.0\/USB 3.0 (en option)<\/td><\/tr><tr><td>Capacit\u00e9 de stockage<\/td><td>8GB, 16GB, 32GB, 64GB, 128GB (des capacit\u00e9s sup\u00e9rieures peuvent \u00eatre personnalis\u00e9es)<\/td><\/tr><tr><td>Poids total<\/td><td><strong> 25-35g<\/strong><\/td><\/tr><tr><td>Taille du corps<\/td><td><strong>45-50mm<\/strong><\/td><\/tr><tr><td>Bouchon de bouteille rotatif<\/td><td>Sph\u00e8re en argent avec une structure d\u00e9tachable du corps de la bouteille<\/td><\/tr><tr><td>Boucle de lani\u00e8re en m\u00e9tal<\/td><td>Ouverture de 0,5 mm en boucle ferm\u00e9e sur le dessus de la sph\u00e8re<\/td><\/tr><tr><td>Protection de l'interface<\/td><td>Bague d'\u00e9tanch\u00e9it\u00e9 en silicone encastr\u00e9e dans le goulot de la bouteille (n\u00e9cessite un grossissement pour \u00eatre observ\u00e9e)<\/td><\/tr><\/tbody><\/table><\/figure>\n\n\n\n<div class=\"wp-block-columns is-layout-flex wp-container-core-columns-is-layout-28f84493 wp-block-columns-is-layout-flex\">\n<div class=\"wp-block-column is-layout-flow wp-block-column-is-layout-flow\">\n<figure class=\"wp-block-image size-full\"><img alt=\"\" decoding=\"async\" width=\"800\" height=\"800\" src=\"https:\/\/www.usborkeychain.com\/wp-content\/uploads\/MetalBottle-USB.png\" class=\"wp-image-4131\" srcset=\"https:\/\/www.usborkeychain.com\/wp-content\/uploads\/MetalBottle-USB.png 800w, https:\/\/www.usborkeychain.com\/wp-content\/uploads\/MetalBottle-USB-300x300.png 300w, https:\/\/www.usborkeychain.com\/wp-content\/uploads\/MetalBottle-USB-150x150.png 150w, https:\/\/www.usborkeychain.com\/wp-content\/uploads\/MetalBottle-USB-768x768.png 768w, https:\/\/www.usborkeychain.com\/wp-content\/uploads\/MetalBottle-USB-12x12.png 12w, https:\/\/www.usborkeychain.com\/wp-content\/uploads\/MetalBottle-USB-600x600.png 600w, https:\/\/www.usborkeychain.com\/wp-content\/uploads\/MetalBottle-USB-100x100.png 100w\" sizes=\"(max-width: 800px) 100vw, 800px\" \/><\/figure>\n<\/div>\n\n\n\n<div class=\"wp-block-column is-layout-flow wp-block-column-is-layout-flow\">\n<figure class=\"wp-block-image size-full\"><img alt=\"\" decoding=\"async\" width=\"800\" height=\"800\" src=\"https:\/\/www.usborkeychain.com\/wp-content\/uploads\/BottleUSB-Max.png\" class=\"wp-image-4130\" srcset=\"https:\/\/www.usborkeychain.com\/wp-content\/uploads\/BottleUSB-Max.png 800w, https:\/\/www.usborkeychain.com\/wp-content\/uploads\/BottleUSB-Max-300x300.png 300w, https:\/\/www.usborkeychain.com\/wp-content\/uploads\/BottleUSB-Max-150x150.png 150w, https:\/\/www.usborkeychain.com\/wp-content\/uploads\/BottleUSB-Max-768x768.png 768w, https:\/\/www.usborkeychain.com\/wp-content\/uploads\/BottleUSB-Max-12x12.png 12w, https:\/\/www.usborkeychain.com\/wp-content\/uploads\/BottleUSB-Max-600x600.png 600w, https:\/\/www.usborkeychain.com\/wp-content\/uploads\/BottleUSB-Max-100x100.png 100w\" sizes=\"(max-width: 800px) 100vw, 800px\" \/><\/figure>\n<\/div>\n<\/div>\n\n\n\n<h2 class=\"wp-block-heading\">Des options de couleurs riches<\/h2>\n\n\n\n<p> Le <strong>bouteille en m\u00e9tal cl\u00e9 USB<\/strong> offre une grande vari\u00e9t\u00e9 de combinaisons de couleurs. Les couleurs de base telles que l'or professionnel, le bleu calme et le rouge vibrant peuvent s'adapter \u00e0 diff\u00e9rents styles d'entreprise. Les couleurs tendance comme l'argent technologique et le rose \u00e0 la mode r\u00e9pondent aux besoins des entreprises jeunes et cr\u00e9atives. Il peut aider les entreprises \u00e0 personnaliser avec pr\u00e9cision des sch\u00e9mas de couleurs exclusifs en fonction des caract\u00e9ristiques de leurs produits et des syst\u00e8mes VI de l'entreprise, en garantissant un degr\u00e9 \u00e9lev\u00e9 de coh\u00e9rence avec le style de la ligne de produits de l'entreprise.<\/p>\n\n\n\n<div class=\"wp-block-columns is-layout-flex wp-container-core-columns-is-layout-28f84493 wp-block-columns-is-layout-flex\">\n<div class=\"wp-block-column is-layout-flow wp-block-column-is-layout-flow\">\n<figure class=\"wp-block-image size-full\"><img alt=\"\" loading=\"lazy\" decoding=\"async\" width=\"800\" height=\"800\" src=\"https:\/\/www.usborkeychain.com\/wp-content\/uploads\/BottleDrive-Pro.png\" class=\"wp-image-4128\" srcset=\"https:\/\/www.usborkeychain.com\/wp-content\/uploads\/BottleDrive-Pro.png 800w, https:\/\/www.usborkeychain.com\/wp-content\/uploads\/BottleDrive-Pro-300x300.png 300w, https:\/\/www.usborkeychain.com\/wp-content\/uploads\/BottleDrive-Pro-150x150.png 150w, https:\/\/www.usborkeychain.com\/wp-content\/uploads\/BottleDrive-Pro-768x768.png 768w, https:\/\/www.usborkeychain.com\/wp-content\/uploads\/BottleDrive-Pro-12x12.png 12w, https:\/\/www.usborkeychain.com\/wp-content\/uploads\/BottleDrive-Pro-600x600.png 600w, https:\/\/www.usborkeychain.com\/wp-content\/uploads\/BottleDrive-Pro-100x100.png 100w\" sizes=\"(max-width: 800px) 100vw, 800px\" \/><\/figure>\n<\/div>\n\n\n\n<div class=\"wp-block-column is-layout-flow wp-block-column-is-layout-flow\">\n<figure class=\"wp-block-image size-full\"><img alt=\"\" loading=\"lazy\" decoding=\"async\" width=\"800\" height=\"800\" src=\"https:\/\/www.usborkeychain.com\/wp-content\/uploads\/BottleShaped-USB.png\" class=\"wp-image-4129\" srcset=\"https:\/\/www.usborkeychain.com\/wp-content\/uploads\/BottleShaped-USB.png 800w, https:\/\/www.usborkeychain.com\/wp-content\/uploads\/BottleShaped-USB-300x300.png 300w, https:\/\/www.usborkeychain.com\/wp-content\/uploads\/BottleShaped-USB-150x150.png 150w, https:\/\/www.usborkeychain.com\/wp-content\/uploads\/BottleShaped-USB-768x768.png 768w, https:\/\/www.usborkeychain.com\/wp-content\/uploads\/BottleShaped-USB-12x12.png 12w, https:\/\/www.usborkeychain.com\/wp-content\/uploads\/BottleShaped-USB-600x600.png 600w, https:\/\/www.usborkeychain.com\/wp-content\/uploads\/BottleShaped-USB-100x100.png 100w\" sizes=\"(max-width: 800px) 100vw, 800px\" \/><\/figure>\n<\/div>\n<\/div>\n\n\n\n<h2 class=\"wp-block-heading\">Options du processus d'impression<\/h2>\n\n\n\n<ol class=\"wp-block-list\">\n<li>La s\u00e9rigraphie permet de pr\u00e9senter des logos et des slogans d'entreprise clairs et color\u00e9s.<\/li>\n\n\n\n<li>La gravure au laser cr\u00e9e des textures d\u00e9licates et durables qui soulignent le sens de la qualit\u00e9.<\/li>\n\n\n\n<li>L'impression UV permet d'obtenir un rendu tr\u00e8s pr\u00e9cis de motifs complexes et de couleurs d\u00e9grad\u00e9es.<\/li>\n<\/ol>\n\n\n\n<p>   Que ce soit pour <strong>r\u00e9unions d'affaires<\/strong>, <strong>promotion des expositions<\/strong>,<strong> avantages sociaux<\/strong>ou <strong>appr\u00e9ciation du client<\/strong>Le contenu personnalis\u00e9 imprim\u00e9 sur le corps de la bouteille ou sur la partie sup\u00e9rieure transforme la bouteille en un produit de qualit\u00e9. <strong>Pilote USB<\/strong>e en une \"carte de visite de marque mobile\", transmettant des informations sur l'entreprise \u00e0 tout moment et en tout lieu, et am\u00e9liorant la visibilit\u00e9 et la r\u00e9putation de la marque.<\/p>\n\n\n\n<p>    Le <strong>bouteille en m\u00e9tal cl\u00e9 USB<\/strong>Avec son design cr\u00e9atif, ses performances stables et sa flexibilit\u00e9 de personnalisation, il comble le foss\u00e9 entre les besoins de stockage des entreprises et la communication de la marque. Il s'agit d'un excellent choix qui pr\u00e9sente \u00e0 la fois une grande valeur pratique et une grande valeur marketing.<\/p>\n\n\n\n<p><\/p>","protected":false},"excerpt":{"rendered":"<ol>\n<li>M\u00e9talBouteille USB<\/li>\n<li>BottleDrive Pro<\/li>\n<li>Bouteille USB de couleur diff\u00e9rente<\/li>\n<li>r\u00e9unions d'affaires<\/li>\n<li>promotion des expositions<\/li>\n<li>avantages sociaux<\/li>\n<li>appr\u00e9ciation du client<\/li>\n<li>QCM:100PCS<\/li>\n<\/ol>","protected":false},"featured_media":4128,"comment_status":"open","ping_status":"closed","template":"","meta":{"_seopress_robots_primary_cat":"none","_seopress_titles_title":"metal bottle USB Flash Drive,metal USB Drive,bottle USB Drive","_seopress_titles_desc":"","_seopress_robots_index":"","site-sidebar-layout":"default","site-content-layout":"","ast-site-content-layout":"","site-content-style":"default","site-sidebar-style":"default","ast-global-header-display":"","ast-banner-title-visibility":"","ast-main-header-display":"","ast-hfb-above-header-display":"","ast-hfb-below-header-display":"","ast-hfb-mobile-header-display":"","site-post-title":"","ast-breadcrumbs-content":"","ast-featured-img":"","footer-sml-layout":"","theme-transparent-header-meta":"","adv-header-id-meta":"","stick-header-meta":"","header-above-stick-meta":"","header-main-stick-meta":"","header-below-stick-meta":"","astra-migrate-meta-layouts":"default","ast-page-background-enabled":"default","ast-page-background-meta":{"desktop":{"background-color":"var(--ast-global-color-5)","background-image":"","background-repeat":"repeat","background-position":"center center","background-size":"auto","background-attachment":"scroll","background-type":"","background-media":"","overlay-type":"","overlay-color":"","overlay-opacity":"","overlay-gradient":""},"tablet":{"background-color":"","background-image":"","background-repeat":"repeat","background-position":"center center","background-size":"auto","background-attachment":"scroll","background-type":"","background-media":"","overlay-type":"","overlay-color":"","overlay-opacity":"","overlay-gradient":""},"mobile":{"background-color":"","background-image":"","background-repeat":"repeat","background-position":"center center","background-size":"auto","background-attachment":"scroll","background-type":"","background-media":"","overlay-type":"","overlay-color":"","overlay-opacity":"","overlay-gradient":""}},"ast-content-background-meta":{"desktop":{"background-color":"var(--ast-global-color-4)","background-image":"","background-repeat":"repeat","background-position":"center center","background-size":"auto","background-attachment":"scroll","background-type":"","background-media":"","overlay-type":"","overlay-color":"","overlay-opacity":"","overlay-gradient":""},"tablet":{"background-color":"var(--ast-global-color-4)","background-image":"","background-repeat":"repeat","background-position":"center center","background-size":"auto","background-attachment":"scroll","background-type":"","background-media":"","overlay-type":"","overlay-color":"","overlay-opacity":"","overlay-gradient":""},"mobile":{"background-color":"var(--ast-global-color-4)","background-image":"","background-repeat":"repeat","background-position":"center center","background-size":"auto","background-attachment":"scroll","background-type":"","background-media":"","overlay-type":"","overlay-color":"","overlay-opacity":"","overlay-gradient":""}}},"product_brand":[],"product_cat":[89],"product_tag":[398,222],"class_list":{"0":"post-4125","1":"product","2":"type-product","3":"status-publish","4":"has-post-thumbnail","6":"product_cat-metal-usb-pendrive","7":"product_tag-aluminum-usb-drive","8":"product_tag-metal-bottle-usb-drive","9":"desktop-align-left","10":"tablet-align-left","11":"mobile-align-left","13":"first","14":"instock","15":"shipping-taxable","16":"product-type-simple"},"_links":{"self":[{"href":"https:\/\/www.usborkeychain.com\/fr\/wp-json\/wp\/v2\/product\/4125","targetHints":{"allow":["GET"]}}],"collection":[{"href":"https:\/\/www.usborkeychain.com\/fr\/wp-json\/wp\/v2\/product"}],"about":[{"href":"https:\/\/www.usborkeychain.com\/fr\/wp-json\/wp\/v2\/types\/product"}],"replies":[{"embeddable":true,"href":"https:\/\/www.usborkeychain.com\/fr\/wp-json\/wp\/v2\/comments?post=4125"}],"wp:featuredmedia":[{"embeddable":true,"href":"https:\/\/www.usborkeychain.com\/fr\/wp-json\/wp\/v2\/media\/4128"}],"wp:attachment":[{"href":"https:\/\/www.usborkeychain.com\/fr\/wp-json\/wp\/v2\/media?parent=4125"}],"wp:term":[{"taxonomy":"product_brand","embeddable":true,"href":"https:\/\/www.usborkeychain.com\/fr\/wp-json\/wp\/v2\/product_brand?post=4125"},{"taxonomy":"product_cat","embeddable":true,"href":"https:\/\/www.usborkeychain.com\/fr\/wp-json\/wp\/v2\/product_cat?post=4125"},{"taxonomy":"product_tag","embeddable":true,"href":"https:\/\/www.usborkeychain.com\/fr\/wp-json\/wp\/v2\/product_tag?post=4125"}],"curies":[{"name":"wp","href":"https:\/\/api.w.org\/{rel}","templated":true}]}}