{"id":4133,"date":"2025-07-17T01:55:04","date_gmt":"2025-07-17T01:55:04","guid":{"rendered":"https:\/\/www.usborkeychain.com\/?post_type=product&#038;p=4133"},"modified":"2025-08-11T07:07:27","modified_gmt":"2025-08-11T07:07:27","slug":"metal-bottle-opener-usb-drive","status":"publish","type":"product","link":"https:\/\/www.usborkeychain.com\/fr\/produit\/metal-bottle-opener-usb-drive\/","title":{"rendered":"Cl\u00e9 USB d\u00e9capsuleur en m\u00e9tal"},"content":{"rendered":"<p>Le <strong>d\u00e9capsuleur en m\u00e9tal cl\u00e9 USB<\/strong> combine astucieusement la fonction d'ouverture de bouteille et la fonction de stockage, con\u00e7u sp\u00e9cifiquement pour les sc\u00e9narios de restauration sociale et de bureau d'affaires. Il adopte une structure en alliage int\u00e9gr\u00e9e, int\u00e9grant de mani\u00e8re transparente une interface USB standard \u00e0 l'extr\u00e9mit\u00e9 du d\u00e9capsuleur. La forme unique du d\u00e9capsuleur allie praticit\u00e9 et plaisir. Il peut \u00eatre utilis\u00e9 comme un petit outil d'ouverture de bouteille dans la vie quotidienne, mais aussi stocker et transmettre des donn\u00e9es de mani\u00e8re stable, r\u00e9alisant ainsi l'int\u00e9gration transfrontali\u00e8re du stockage de donn\u00e9es et de l'ouverture physique de bouteilles. La forme a\u00e9rodynamique s'adapte \u00e0 la courbure de la paume de la main et la fente d'ouverture de la bouteille en haut correspond exactement \u00e0 la taille de la capsule d'une bouteille de bi\u00e8re. Qu'il s'agisse de la transmission de donn\u00e9es lors d'une conf\u00e9rence ou d'un moment de convivialit\u00e9, il peut devenir le centre d'int\u00e9r\u00eat de toute la sc\u00e8ne.<\/p>\n\n\n\n<div class=\"wp-block-columns is-layout-flex wp-container-core-columns-is-layout-28f84493 wp-block-columns-is-layout-flex\">\n<div class=\"wp-block-column is-layout-flow wp-block-column-is-layout-flow\">\n<figure class=\"wp-block-image size-full\"><img alt=\"\" fetchpriority=\"high\" decoding=\"async\" width=\"800\" height=\"800\" src=\"https:\/\/www.usborkeychain.com\/wp-content\/uploads\/BottleOpener-USB.png\" class=\"wp-image-4136\" srcset=\"https:\/\/www.usborkeychain.com\/wp-content\/uploads\/BottleOpener-USB.png 800w, https:\/\/www.usborkeychain.com\/wp-content\/uploads\/BottleOpener-USB-300x300.png 300w, https:\/\/www.usborkeychain.com\/wp-content\/uploads\/BottleOpener-USB-150x150.png 150w, https:\/\/www.usborkeychain.com\/wp-content\/uploads\/BottleOpener-USB-768x768.png 768w, https:\/\/www.usborkeychain.com\/wp-content\/uploads\/BottleOpener-USB-12x12.png 12w, https:\/\/www.usborkeychain.com\/wp-content\/uploads\/BottleOpener-USB-600x600.png 600w, https:\/\/www.usborkeychain.com\/wp-content\/uploads\/BottleOpener-USB-100x100.png 100w\" sizes=\"(max-width: 800px) 100vw, 800px\" \/><\/figure>\n<\/div>\n\n\n\n<div class=\"wp-block-column is-layout-flow wp-block-column-is-layout-flow\">\n<figure class=\"wp-block-image size-full\"><img alt=\"\" decoding=\"async\" width=\"800\" height=\"800\" src=\"https:\/\/www.usborkeychain.com\/wp-content\/uploads\/KeyUSB-Opener.png\" class=\"wp-image-4138\" srcset=\"https:\/\/www.usborkeychain.com\/wp-content\/uploads\/KeyUSB-Opener.png 800w, https:\/\/www.usborkeychain.com\/wp-content\/uploads\/KeyUSB-Opener-300x300.png 300w, https:\/\/www.usborkeychain.com\/wp-content\/uploads\/KeyUSB-Opener-150x150.png 150w, https:\/\/www.usborkeychain.com\/wp-content\/uploads\/KeyUSB-Opener-768x768.png 768w, https:\/\/www.usborkeychain.com\/wp-content\/uploads\/KeyUSB-Opener-12x12.png 12w, https:\/\/www.usborkeychain.com\/wp-content\/uploads\/KeyUSB-Opener-600x600.png 600w, https:\/\/www.usborkeychain.com\/wp-content\/uploads\/KeyUSB-Opener-100x100.png 100w\" sizes=\"(max-width: 800px) 100vw, 800px\" \/><\/figure>\n<\/div>\n<\/div>\n\n\n\n<h2 class=\"wp-block-heading\">Tableau des param\u00e8tres du d\u00e9capsuleur en m\u00e9tal et de la cl\u00e9 USB<\/h2>\n\n\n\n<figure class=\"wp-block-table\"><table class=\"has-fixed-layout\"><thead><tr><th>Cat\u00e9gorie de param\u00e8tres<\/th><th>D\u00e9tails<\/th><\/tr><\/thead><tbody><tr><td>Type d'interface<\/td><td>USB 3.0<\/td><\/tr><tr><td>Capacit\u00e9 de stockage<\/td><td>8GB, 16GB, 32GB, 64GB, 128GB<\/td><\/tr><tr><td>Dimensions et poids<\/td><td>8cm*3cm*1.5cm;30g<\/td><\/tr><\/tbody><\/table><\/figure>\n\n\n\n<h3 class=\"wp-block-heading\">Performances et sc\u00e9narios applicables<\/h3>\n\n\n\n<p>En termes de performances, le <strong>d\u00e9capsuleur en m\u00e9tal cl\u00e9 USB<\/strong> Il peut rapidement sauvegarder des documents et transmettre des photos et des vid\u00e9os. Le mat\u00e9riau m\u00e9tallique lui permet de s'adapter \u00e0 divers environnements et n'est pas susceptible d'\u00eatre endommag\u00e9 par les chutes, les collisions, l'humidit\u00e9, etc.<\/p>\n\n\n\n<p><strong>Sc\u00e9narios d'application \u00e0 forte conversion<\/strong>:<\/p>\n\n\n\n<ol class=\"wp-block-list\">\n<li><strong>Promotion du secteur de la restauration<\/strong>:\n<ul class=\"wp-block-list\">\n<li>Des cl\u00e9s USB personnalis\u00e9es pour les festivals de la bi\u00e8re<\/li>\n\n\n\n<li>Cartes \u00e0 valeur stock\u00e9e VIP pour les restaurants <\/li>\n<\/ul>\n<\/li>\n\n\n\n<li><strong>\u00c9largissement du sc\u00e9nario d'entreprise<\/strong>: Lors des r\u00e9unions d'affaires, il est offert en cadeau aux clients, et la fonction de stockage permet de pr\u00e9d\u00e9finir les documents de l'entreprise.<\/li>\n\n\n\n<li><strong>Combinaison d'urgence ext\u00e9rieure<\/strong>:\n<ul class=\"wp-block-list\">\n<li>Set de mat\u00e9riel de camping (rempla\u00e7ant les d\u00e9capsuleurs traditionnels)<\/li>\n\n\n\n<li>Outils d'urgence pour les v\u00e9hicules (avec guide de conduite PDF int\u00e9gr\u00e9)<\/li>\n<\/ul>\n<\/li>\n\n\n\n<li>Lors des f\u00eates, il n'est pas seulement un d\u00e9capsuleur utile, mais il peut aussi stocker des photos et de la musique de l'\u00e9v\u00e9nement pour les partager \u00e0 tout moment.<\/li>\n\n\n\n<li>Pour la distribution des avantages quotidiens dans les entreprises, les employ\u00e9s peuvent l'utiliser comme rangement de bureau, ce qui est pratique et cr\u00e9atif, et renforce l'image de l'entreprise.<\/li>\n<\/ol>\n\n\n\n<div class=\"wp-block-columns is-layout-flex wp-container-core-columns-is-layout-28f84493 wp-block-columns-is-layout-flex\">\n<div class=\"wp-block-column is-layout-flow wp-block-column-is-layout-flow\">\n<figure class=\"wp-block-image size-full\"><img alt=\"\" decoding=\"async\" width=\"800\" height=\"800\" src=\"https:\/\/www.usborkeychain.com\/wp-content\/uploads\/MetalOpener-Drive.png\" class=\"wp-image-4139\" srcset=\"https:\/\/www.usborkeychain.com\/wp-content\/uploads\/MetalOpener-Drive.png 800w, https:\/\/www.usborkeychain.com\/wp-content\/uploads\/MetalOpener-Drive-300x300.png 300w, https:\/\/www.usborkeychain.com\/wp-content\/uploads\/MetalOpener-Drive-150x150.png 150w, https:\/\/www.usborkeychain.com\/wp-content\/uploads\/MetalOpener-Drive-768x768.png 768w, https:\/\/www.usborkeychain.com\/wp-content\/uploads\/MetalOpener-Drive-12x12.png 12w, https:\/\/www.usborkeychain.com\/wp-content\/uploads\/MetalOpener-Drive-600x600.png 600w, https:\/\/www.usborkeychain.com\/wp-content\/uploads\/MetalOpener-Drive-100x100.png 100w\" sizes=\"(max-width: 800px) 100vw, 800px\" \/><\/figure>\n<\/div>\n\n\n\n<div class=\"wp-block-column is-layout-flow wp-block-column-is-layout-flow\">\n<figure class=\"wp-block-image size-full\"><img alt=\"\" loading=\"lazy\" decoding=\"async\" width=\"800\" height=\"800\" src=\"https:\/\/www.usborkeychain.com\/wp-content\/uploads\/CapLifter-USB.png\" class=\"wp-image-4137\" srcset=\"https:\/\/www.usborkeychain.com\/wp-content\/uploads\/CapLifter-USB.png 800w, https:\/\/www.usborkeychain.com\/wp-content\/uploads\/CapLifter-USB-300x300.png 300w, https:\/\/www.usborkeychain.com\/wp-content\/uploads\/CapLifter-USB-150x150.png 150w, https:\/\/www.usborkeychain.com\/wp-content\/uploads\/CapLifter-USB-768x768.png 768w, https:\/\/www.usborkeychain.com\/wp-content\/uploads\/CapLifter-USB-12x12.png 12w, https:\/\/www.usborkeychain.com\/wp-content\/uploads\/CapLifter-USB-600x600.png 600w, https:\/\/www.usborkeychain.com\/wp-content\/uploads\/CapLifter-USB-100x100.png 100w\" sizes=\"(max-width: 800px) 100vw, 800px\" \/><\/figure>\n<\/div>\n<\/div>\n\n\n\n<h2 class=\"wp-block-heading\">Communication personnalis\u00e9e sur la marque<\/h2>\n\n\n\n<figure class=\"wp-block-table\"><table class=\"has-fixed-layout\"><thead><tr><th>Type d'artisanat<\/th><th>Partie applicable<\/th><\/tr><\/thead><tbody><tr><td>Gravure au laser<\/td><td>Plan d'interface USB<\/td><\/tr><tr><td>Impression UV<\/td><td>D\u00e9capsuleur surface incurv\u00e9e<\/td><\/tr><tr><td>S\u00e9rigraphie<\/td><td>Grande surface sur le c\u00f4t\u00e9<\/td><\/tr><\/tbody><\/table><\/figure>\n\n\n\n<p>  Impression du logo de l'entreprise sur le <strong>Cl\u00e9 USB<\/strong> en fait une \"carte de visite de marque mobile\". Qu'il s'agisse de communication commerciale, de promotion d'\u00e9v\u00e9nements ou d'utilisation quotidienne, elle peut transmettre des informations sur l'entreprise \u00e0 tout moment et en tout lieu, renforcer l'impression de marque et aider les entreprises \u00e0 \u00e9largir les canaux de communication de la marque.<\/p>\n\n\n\n<p>  Avec sa forme cr\u00e9ative, ses performances pratiques et ses avantages en mati\u00e8re de personnalisation, le <strong>d\u00e9capsuleur en m\u00e9tal cl\u00e9 USB<\/strong> \u00e9tablit un lien entre le stockage, les besoins en mati\u00e8re de sc\u00e9narios et la communication de la marque. Il s'agit d'un produit de haute qualit\u00e9 qui pr\u00e9sente une valeur pratique et commerciale.<\/p>\n\n\n\n<figure class=\"wp-block-image aligncenter size-full\"><img alt=\"\" loading=\"lazy\" decoding=\"async\" width=\"800\" height=\"800\" src=\"https:\/\/www.usborkeychain.com\/wp-content\/uploads\/OpenStore-USB.png\" class=\"wp-image-4140\" srcset=\"https:\/\/www.usborkeychain.com\/wp-content\/uploads\/OpenStore-USB.png 800w, https:\/\/www.usborkeychain.com\/wp-content\/uploads\/OpenStore-USB-300x300.png 300w, https:\/\/www.usborkeychain.com\/wp-content\/uploads\/OpenStore-USB-150x150.png 150w, https:\/\/www.usborkeychain.com\/wp-content\/uploads\/OpenStore-USB-768x768.png 768w, https:\/\/www.usborkeychain.com\/wp-content\/uploads\/OpenStore-USB-12x12.png 12w, https:\/\/www.usborkeychain.com\/wp-content\/uploads\/OpenStore-USB-600x600.png 600w, https:\/\/www.usborkeychain.com\/wp-content\/uploads\/OpenStore-USB-100x100.png 100w\" sizes=\"(max-width: 800px) 100vw, 800px\" \/><\/figure>","protected":false},"excerpt":{"rendered":"<ul>\n<li>Cl\u00e9 USB en m\u00e9tal<\/li>\n<li>Ouvre-bouteille Cl\u00e9 USB<\/li>\n<li>Cl\u00e9 USB d\u00e9capsuleur en argent<\/li>\n<li>Promotion du secteur de la restauration<\/li>\n<li>MOQ:100PCS<\/li>\n<\/ul>","protected":false},"featured_media":4136,"comment_status":"open","ping_status":"closed","template":"","meta":{"_seopress_robots_primary_cat":"","_seopress_titles_title":"Metal Bottle Opener USB flash Drive;metal usb drive","_seopress_titles_desc":"","_seopress_robots_index":"","site-sidebar-layout":"default","site-content-layout":"","ast-site-content-layout":"","site-content-style":"default","site-sidebar-style":"default","ast-global-header-display":"","ast-banner-title-visibility":"","ast-main-header-display":"","ast-hfb-above-header-display":"","ast-hfb-below-header-display":"","ast-hfb-mobile-header-display":"","site-post-title":"","ast-breadcrumbs-content":"","ast-featured-img":"","footer-sml-layout":"","theme-transparent-header-meta":"","adv-header-id-meta":"","stick-header-meta":"","header-above-stick-meta":"","header-main-stick-meta":"","header-below-stick-meta":"","astra-migrate-meta-layouts":"default","ast-page-background-enabled":"default","ast-page-background-meta":{"desktop":{"background-color":"var(--ast-global-color-5)","background-image":"","background-repeat":"repeat","background-position":"center center","background-size":"auto","background-attachment":"scroll","background-type":"","background-media":"","overlay-type":"","overlay-color":"","overlay-opacity":"","overlay-gradient":""},"tablet":{"background-color":"","background-image":"","background-repeat":"repeat","background-position":"center center","background-size":"auto","background-attachment":"scroll","background-type":"","background-media":"","overlay-type":"","overlay-color":"","overlay-opacity":"","overlay-gradient":""},"mobile":{"background-color":"","background-image":"","background-repeat":"repeat","background-position":"center center","background-size":"auto","background-attachment":"scroll","background-type":"","background-media":"","overlay-type":"","overlay-color":"","overlay-opacity":"","overlay-gradient":""}},"ast-content-background-meta":{"desktop":{"background-color":"var(--ast-global-color-4)","background-image":"","background-repeat":"repeat","background-position":"center center","background-size":"auto","background-attachment":"scroll","background-type":"","background-media":"","overlay-type":"","overlay-color":"","overlay-opacity":"","overlay-gradient":""},"tablet":{"background-color":"var(--ast-global-color-4)","background-image":"","background-repeat":"repeat","background-position":"center center","background-size":"auto","background-attachment":"scroll","background-type":"","background-media":"","overlay-type":"","overlay-color":"","overlay-opacity":"","overlay-gradient":""},"mobile":{"background-color":"var(--ast-global-color-4)","background-image":"","background-repeat":"repeat","background-position":"center center","background-size":"auto","background-attachment":"scroll","background-type":"","background-media":"","overlay-type":"","overlay-color":"","overlay-opacity":"","overlay-gradient":""}}},"product_brand":[],"product_cat":[89],"product_tag":[224,222,397],"class_list":{"0":"post-4133","1":"product","2":"type-product","3":"status-publish","4":"has-post-thumbnail","6":"product_cat-metal-usb-pendrive","7":"product_tag-metal-bottle-opener-usb-flash-drive","8":"product_tag-metal-bottle-usb-drive","9":"product_tag-zinc-alloy-usb-pen-drive","10":"desktop-align-left","11":"tablet-align-left","12":"mobile-align-left","14":"first","15":"instock","16":"shipping-taxable","17":"product-type-simple"},"_links":{"self":[{"href":"https:\/\/www.usborkeychain.com\/fr\/wp-json\/wp\/v2\/product\/4133","targetHints":{"allow":["GET"]}}],"collection":[{"href":"https:\/\/www.usborkeychain.com\/fr\/wp-json\/wp\/v2\/product"}],"about":[{"href":"https:\/\/www.usborkeychain.com\/fr\/wp-json\/wp\/v2\/types\/product"}],"replies":[{"embeddable":true,"href":"https:\/\/www.usborkeychain.com\/fr\/wp-json\/wp\/v2\/comments?post=4133"}],"wp:featuredmedia":[{"embeddable":true,"href":"https:\/\/www.usborkeychain.com\/fr\/wp-json\/wp\/v2\/media\/4136"}],"wp:attachment":[{"href":"https:\/\/www.usborkeychain.com\/fr\/wp-json\/wp\/v2\/media?parent=4133"}],"wp:term":[{"taxonomy":"product_brand","embeddable":true,"href":"https:\/\/www.usborkeychain.com\/fr\/wp-json\/wp\/v2\/product_brand?post=4133"},{"taxonomy":"product_cat","embeddable":true,"href":"https:\/\/www.usborkeychain.com\/fr\/wp-json\/wp\/v2\/product_cat?post=4133"},{"taxonomy":"product_tag","embeddable":true,"href":"https:\/\/www.usborkeychain.com\/fr\/wp-json\/wp\/v2\/product_tag?post=4133"}],"curies":[{"name":"wp","href":"https:\/\/api.w.org\/{rel}","templated":true}]}}