{"id":4141,"date":"2025-07-17T03:09:57","date_gmt":"2025-07-17T03:09:57","guid":{"rendered":"https:\/\/www.usborkeychain.com\/?post_type=product&#038;p=4141"},"modified":"2025-08-11T07:02:09","modified_gmt":"2025-08-11T07:02:09","slug":"metal-can-shaped-usb-drive","status":"publish","type":"product","link":"https:\/\/www.usborkeychain.com\/fr\/produit\/metal-can-shaped-usb-drive\/","title":{"rendered":"Cl\u00e9 USB en m\u00e9tal en forme de canette"},"content":{"rendered":"<p>La cl\u00e9 USB canette de soda en m\u00e9tal est un dispositif de stockage cr\u00e9atif mis au point par des fabricants professionnels de cl\u00e9s USB. Enti\u00e8rement fabriqu\u00e9e en m\u00e9tal, elle reproduit pr\u00e9cis\u00e9ment l'aspect d'une canette de boisson, insufflant l'inspiration de l'emballage des boissons quotidiennes dans un dispositif de stockage. Elle constitue un choix unique pour les services de personnalisation des cl\u00e9s USB et, gr\u00e2ce \u00e0 son design innovant et \u00e0 ses performances stables, elle est devenue un excellent support pour le stockage cr\u00e9atif et la promotion de la marque.<\/p>\n\n\n\n<figure class=\"wp-block-image aligncenter size-full\"><img alt=\"\" fetchpriority=\"high\" decoding=\"async\" width=\"800\" height=\"800\" src=\"https:\/\/www.usborkeychain.com\/wp-content\/uploads\/Clip-Can-USB\u200b-drive.png\" class=\"wp-image-4145\" srcset=\"https:\/\/www.usborkeychain.com\/wp-content\/uploads\/Clip-Can-USB\u200b-drive.png 800w, https:\/\/www.usborkeychain.com\/wp-content\/uploads\/Clip-Can-USB\u200b-drive-300x300.png 300w, https:\/\/www.usborkeychain.com\/wp-content\/uploads\/Clip-Can-USB\u200b-drive-150x150.png 150w, https:\/\/www.usborkeychain.com\/wp-content\/uploads\/Clip-Can-USB\u200b-drive-768x768.png 768w, https:\/\/www.usborkeychain.com\/wp-content\/uploads\/Clip-Can-USB\u200b-drive-12x12.png 12w, https:\/\/www.usborkeychain.com\/wp-content\/uploads\/Clip-Can-USB\u200b-drive-600x600.png 600w, https:\/\/www.usborkeychain.com\/wp-content\/uploads\/Clip-Can-USB\u200b-drive-100x100.png 100w\" sizes=\"(max-width: 800px) 100vw, 800px\" \/><\/figure>\n\n\n\n<h2 class=\"wp-block-heading\"> En quel mat\u00e9riau est fabriqu\u00e9e la cl\u00e9 USB en m\u00e9tal de la canette de soda et quels sont ses avantages ?<\/h2>\n\n\n\n<p>Le corps principal de la <strong>cl\u00e9 USB en forme de canette de soda en m\u00e9tal<\/strong> est fabriqu\u00e9 en alliage d'aluminium. Le mat\u00e9riau m\u00e9tallique lui conf\u00e8re une excellente durabilit\u00e9 ; il n'est pas facilement endommag\u00e9 par les chutes ou les collisions mineures lors d'une utilisation quotidienne, et prot\u00e8ge efficacement la puce de stockage interne. Par ailleurs, la texture m\u00e9tallique rend son apparence plus exquise et plus haut de gamme, ce qui rehausse la qualit\u00e9 de la marque lorsqu'elle est utilis\u00e9e comme cadeau personnalis\u00e9. De plus, le m\u00e9tal est facile \u00e0 traiter, ce qui facilite la personnalisation de la cl\u00e9 USB avec diff\u00e9rents motifs et couleurs.<\/p>\n\n\n\n<div class=\"wp-block-columns is-layout-flex wp-container-core-columns-is-layout-28f84493 wp-block-columns-is-layout-flex\">\n<div class=\"wp-block-column is-layout-flow wp-block-column-is-layout-flow\">\n<figure class=\"wp-block-image size-full\"><img alt=\"\" decoding=\"async\" width=\"800\" height=\"800\" src=\"https:\/\/www.usborkeychain.com\/wp-content\/uploads\/Coke-Can-USB-Flash-Drive\u200b.png\" class=\"wp-image-4146\" srcset=\"https:\/\/www.usborkeychain.com\/wp-content\/uploads\/Coke-Can-USB-Flash-Drive\u200b.png 800w, https:\/\/www.usborkeychain.com\/wp-content\/uploads\/Coke-Can-USB-Flash-Drive\u200b-300x300.png 300w, https:\/\/www.usborkeychain.com\/wp-content\/uploads\/Coke-Can-USB-Flash-Drive\u200b-150x150.png 150w, https:\/\/www.usborkeychain.com\/wp-content\/uploads\/Coke-Can-USB-Flash-Drive\u200b-768x768.png 768w, https:\/\/www.usborkeychain.com\/wp-content\/uploads\/Coke-Can-USB-Flash-Drive\u200b-12x12.png 12w, https:\/\/www.usborkeychain.com\/wp-content\/uploads\/Coke-Can-USB-Flash-Drive\u200b-600x600.png 600w, https:\/\/www.usborkeychain.com\/wp-content\/uploads\/Coke-Can-USB-Flash-Drive\u200b-100x100.png 100w\" sizes=\"(max-width: 800px) 100vw, 800px\" \/><\/figure>\n<\/div>\n\n\n\n<div class=\"wp-block-column is-layout-flow wp-block-column-is-layout-flow\">\n<figure class=\"wp-block-image size-full\"><img alt=\"\" decoding=\"async\" width=\"750\" height=\"750\" src=\"https:\/\/www.usborkeychain.com\/wp-content\/uploads\/Slide-Soda-Storage-USB-dirve.webp\" class=\"wp-image-4149\" srcset=\"https:\/\/www.usborkeychain.com\/wp-content\/uploads\/Slide-Soda-Storage-USB-dirve.webp 750w, https:\/\/www.usborkeychain.com\/wp-content\/uploads\/Slide-Soda-Storage-USB-dirve-300x300.webp 300w, https:\/\/www.usborkeychain.com\/wp-content\/uploads\/Slide-Soda-Storage-USB-dirve-150x150.webp 150w, https:\/\/www.usborkeychain.com\/wp-content\/uploads\/Slide-Soda-Storage-USB-dirve-12x12.webp 12w, https:\/\/www.usborkeychain.com\/wp-content\/uploads\/Slide-Soda-Storage-USB-dirve-600x600.webp 600w, https:\/\/www.usborkeychain.com\/wp-content\/uploads\/Slide-Soda-Storage-USB-dirve-100x100.webp 100w\" sizes=\"(max-width: 750px) 100vw, 750px\" \/><\/figure>\n<\/div>\n<\/div>\n\n\n\n<h2 class=\"wp-block-heading\">Quels sont les param\u00e8tres de la cl\u00e9 USB en forme de canette de soda en m\u00e9tal ?<\/h2>\n\n\n\n<p>Les param\u00e8tres fondamentaux de la<strong> cl\u00e9 USB en forme de canette de soda en m\u00e9tal<\/strong>. Les fabricants de cl\u00e9s USB contr\u00f4lent strictement les normes de production afin de garantir des performances stables :<\/p>\n\n\n\n<figure class=\"wp-block-table\"><table class=\"has-fixed-layout\"><thead><tr><th>Cat\u00e9gorie de param\u00e8tres<\/th><th>D\u00e9tails<\/th><\/tr><\/thead><tbody><tr><td>Type d'interface<\/td><td><strong>USB3.0<\/strong> (r\u00e9trocompatible avec USB2.0)<\/td><\/tr><tr><td>Capacit\u00e9 de stockage<\/td><td><strong>8GB, 16GB, 32GB, 64GB, 128GB<\/strong> (facultatif)<\/td><\/tr><tr><td>Vitesse de lecture\/\u00e9criture<\/td><td>Avec l'interface USB3.0, la vitesse de lecture peut atteindre 30 - 80MB\/s, la vitesse d'\u00e9criture 10 - 30MB\/s (variable selon la capacit\u00e9 et l'appareil).<\/td><\/tr><tr><td>\u00c9paisseur du m\u00e9tal<\/td><td>1,2 mm<\/td><\/tr><tr><td>Taille du produit<\/td><td>Hauteur 60 mm, diam\u00e8tre 25 mm<\/td><\/tr><\/tbody><\/table><\/figure>\n\n\n\n<h2 class=\"wp-block-heading\">La cl\u00e9 USB en m\u00e9tal pour canettes de soda peut-elle \u00eatre personnalis\u00e9e avec un logo ?<\/h2>\n\n\n\n<p>La personnalisation des cl\u00e9s USB est un service essentiel ! La surface de la bo\u00eete est compatible :<br>\u2460 <strong>Gravure au laser des identifiants LOGO\/VI de l'entreprise<\/strong><br>\u2461<strong> Personnalisation de sch\u00e9mas de couleurs exclusifs <\/strong>(comme le rouge de Coca-Cola, le bleu de Pepsi)<br>\u2462 T<strong>sc\u00e9narios vis\u00e9s<\/strong>: <strong>soci\u00e9t\u00e9s de bi\u00e8re<\/strong> (canettes vertes Heineken), <strong>entreprises de boissons<\/strong> (types de canettes de cola), les boissons \u00e9nergisantes (canettes de Red Bull gold), etc. Il a \u00e9t\u00e9 test\u00e9 pour augmenter l'exposition de la marque de 300%.<\/p>\n\n\n\n<p>Pour les promotions des entreprises de boissons, offrir des cl\u00e9s USB en forme de canette de soda permet aux clients non seulement de stocker des fichiers, mais aussi de se souvenir de la marque \u00e0 tout moment. Les distribuer lors d'expositions et d'\u00e9v\u00e9nements est \u00e0 la fois accrocheur et pratique, et contribue \u00e0 la communication de la marque.<\/p>\n\n\n\n<div class=\"wp-block-columns is-layout-flex wp-container-core-columns-is-layout-28f84493 wp-block-columns-is-layout-flex\">\n<div class=\"wp-block-column is-layout-flow wp-block-column-is-layout-flow\">\n<figure class=\"wp-block-image size-full\"><img alt=\"\" loading=\"lazy\" decoding=\"async\" width=\"800\" height=\"800\" src=\"https:\/\/www.usborkeychain.com\/wp-content\/uploads\/Pop-Top-Portable-USB-drive.png\" class=\"wp-image-4148\" srcset=\"https:\/\/www.usborkeychain.com\/wp-content\/uploads\/Pop-Top-Portable-USB-drive.png 800w, https:\/\/www.usborkeychain.com\/wp-content\/uploads\/Pop-Top-Portable-USB-drive-300x300.png 300w, https:\/\/www.usborkeychain.com\/wp-content\/uploads\/Pop-Top-Portable-USB-drive-150x150.png 150w, https:\/\/www.usborkeychain.com\/wp-content\/uploads\/Pop-Top-Portable-USB-drive-768x768.png 768w, https:\/\/www.usborkeychain.com\/wp-content\/uploads\/Pop-Top-Portable-USB-drive-12x12.png 12w, https:\/\/www.usborkeychain.com\/wp-content\/uploads\/Pop-Top-Portable-USB-drive-600x600.png 600w, https:\/\/www.usborkeychain.com\/wp-content\/uploads\/Pop-Top-Portable-USB-drive-100x100.png 100w\" sizes=\"(max-width: 800px) 100vw, 800px\" \/><\/figure>\n<\/div>\n\n\n\n<div class=\"wp-block-column is-layout-flow wp-block-column-is-layout-flow\">\n<figure class=\"wp-block-image size-full\"><img alt=\"\" loading=\"lazy\" decoding=\"async\" width=\"800\" height=\"800\" src=\"https:\/\/www.usborkeychain.com\/wp-content\/uploads\/Cola-Cruiser-USB\u200b-flash-drive.png\" class=\"wp-image-4147\" srcset=\"https:\/\/www.usborkeychain.com\/wp-content\/uploads\/Cola-Cruiser-USB\u200b-flash-drive.png 800w, https:\/\/www.usborkeychain.com\/wp-content\/uploads\/Cola-Cruiser-USB\u200b-flash-drive-300x300.png 300w, https:\/\/www.usborkeychain.com\/wp-content\/uploads\/Cola-Cruiser-USB\u200b-flash-drive-150x150.png 150w, https:\/\/www.usborkeychain.com\/wp-content\/uploads\/Cola-Cruiser-USB\u200b-flash-drive-768x768.png 768w, https:\/\/www.usborkeychain.com\/wp-content\/uploads\/Cola-Cruiser-USB\u200b-flash-drive-12x12.png 12w, https:\/\/www.usborkeychain.com\/wp-content\/uploads\/Cola-Cruiser-USB\u200b-flash-drive-600x600.png 600w, https:\/\/www.usborkeychain.com\/wp-content\/uploads\/Cola-Cruiser-USB\u200b-flash-drive-100x100.png 100w\" sizes=\"(max-width: 800px) 100vw, 800px\" \/><\/figure>\n<\/div>\n<\/div>\n\n\n\n<h2 class=\"wp-block-heading\">Quelles sont les couleurs disponibles pour la cl\u00e9 USB en m\u00e9tal ?<\/h2>\n\n\n\n<ol class=\"wp-block-list\">\n<li>Actuellement, les mod\u00e8les de base sont disponibles en :<\/li>\n<\/ol>\n\n\n\n<ul class=\"wp-block-list\">\n<li>Argent classique (poli miroir)<\/li>\n\n\n\n<li>Business Gun Gray (texture mate)<\/li>\n<\/ul>\n\n\n\n<p>Options sp\u00e9ciales de personnalisation pour des besoins sp\u00e9cifiques :<\/p>\n\n\n\n<ul class=\"wp-block-list\">\n<li>Couleurs de la marque (par exemple, rouge Coca-Cola)<\/li>\n\n\n\n<li>Placage \u00e9lectrolytique en gradient (quantit\u00e9 minimale requise)<\/li>\n\n\n\n<li>Iridescence laser (solution de personnalisation haut de gamme)<\/li>\n<\/ul>\n\n\n\n<figure class=\"wp-block-image aligncenter size-full\"><img alt=\"\" loading=\"lazy\" decoding=\"async\" width=\"800\" height=\"800\" src=\"https:\/\/www.usborkeychain.com\/wp-content\/uploads\/Byte-Beverage\u200b-USB-drive.png\" class=\"wp-image-4144\" srcset=\"https:\/\/www.usborkeychain.com\/wp-content\/uploads\/Byte-Beverage\u200b-USB-drive.png 800w, https:\/\/www.usborkeychain.com\/wp-content\/uploads\/Byte-Beverage\u200b-USB-drive-300x300.png 300w, https:\/\/www.usborkeychain.com\/wp-content\/uploads\/Byte-Beverage\u200b-USB-drive-150x150.png 150w, https:\/\/www.usborkeychain.com\/wp-content\/uploads\/Byte-Beverage\u200b-USB-drive-768x768.png 768w, https:\/\/www.usborkeychain.com\/wp-content\/uploads\/Byte-Beverage\u200b-USB-drive-12x12.png 12w, https:\/\/www.usborkeychain.com\/wp-content\/uploads\/Byte-Beverage\u200b-USB-drive-600x600.png 600w, https:\/\/www.usborkeychain.com\/wp-content\/uploads\/Byte-Beverage\u200b-USB-drive-100x100.png 100w\" sizes=\"(max-width: 800px) 100vw, 800px\" \/><\/figure>\n\n\n\n<h2 class=\"wp-block-heading\">R\u00e9sum\u00e9<\/h2>\n\n\n\n<p>  Le <strong>cl\u00e9 USB en forme de canette de soda en m\u00e9tal<\/strong> est fabriqu\u00e9e en m\u00e9tal durable, garantit des performances pratiques gr\u00e2ce \u00e0 des param\u00e8tres clairs et \u00e9largit les canaux de commercialisation de la marque gr\u00e2ce \u00e0 des logos et des couleurs personnalis\u00e9s. Les fabricants de cl\u00e9s USB peuvent \u00e9galement exploiter la double valeur des outils de stockage et des supports de marque gr\u00e2ce \u00e0 la cl\u00e9 USB en m\u00e9tal pour canettes de soda, qui permet une personnalisation bas\u00e9e sur des sc\u00e9narios gr\u00e2ce \u00e0 des param\u00e8tres solides et aide les entreprises \u00e0 rompre avec l'homog\u00e9n\u00e9it\u00e9 du marketing<\/p>","protected":false},"excerpt":{"rendered":"<ul>\n<li>Cl\u00e9 USB en m\u00e9tal pour canettes de soda<\/li>\n<li>Cl\u00e9 USB en m\u00e9tal en forme de canette<\/li>\n<li>Coca-Cola rouge<\/li>\n<li>Pepsi bleu<\/li>\n<li>MOQ:100PCS<\/li>\n<\/ul>","protected":false},"featured_media":4145,"comment_status":"open","ping_status":"closed","template":"","meta":{"_seopress_robots_primary_cat":"","_seopress_titles_title":"Metal soda can USB drive;Metal Can-shaped USB Drive;metal USB","_seopress_titles_desc":"","_seopress_robots_index":"","site-sidebar-layout":"default","site-content-layout":"","ast-site-content-layout":"","site-content-style":"default","site-sidebar-style":"default","ast-global-header-display":"","ast-banner-title-visibility":"","ast-main-header-display":"","ast-hfb-above-header-display":"","ast-hfb-below-header-display":"","ast-hfb-mobile-header-display":"","site-post-title":"","ast-breadcrumbs-content":"","ast-featured-img":"","footer-sml-layout":"","theme-transparent-header-meta":"","adv-header-id-meta":"","stick-header-meta":"","header-above-stick-meta":"","header-main-stick-meta":"","header-below-stick-meta":"","astra-migrate-meta-layouts":"default","ast-page-background-enabled":"default","ast-page-background-meta":{"desktop":{"background-color":"var(--ast-global-color-5)","background-image":"","background-repeat":"repeat","background-position":"center center","background-size":"auto","background-attachment":"scroll","background-type":"","background-media":"","overlay-type":"","overlay-color":"","overlay-opacity":"","overlay-gradient":""},"tablet":{"background-color":"","background-image":"","background-repeat":"repeat","background-position":"center center","background-size":"auto","background-attachment":"scroll","background-type":"","background-media":"","overlay-type":"","overlay-color":"","overlay-opacity":"","overlay-gradient":""},"mobile":{"background-color":"","background-image":"","background-repeat":"repeat","background-position":"center center","background-size":"auto","background-attachment":"scroll","background-type":"","background-media":"","overlay-type":"","overlay-color":"","overlay-opacity":"","overlay-gradient":""}},"ast-content-background-meta":{"desktop":{"background-color":"var(--ast-global-color-4)","background-image":"","background-repeat":"repeat","background-position":"center center","background-size":"auto","background-attachment":"scroll","background-type":"","background-media":"","overlay-type":"","overlay-color":"","overlay-opacity":"","overlay-gradient":""},"tablet":{"background-color":"var(--ast-global-color-4)","background-image":"","background-repeat":"repeat","background-position":"center center","background-size":"auto","background-attachment":"scroll","background-type":"","background-media":"","overlay-type":"","overlay-color":"","overlay-opacity":"","overlay-gradient":""},"mobile":{"background-color":"var(--ast-global-color-4)","background-image":"","background-repeat":"repeat","background-position":"center center","background-size":"auto","background-attachment":"scroll","background-type":"","background-media":"","overlay-type":"","overlay-color":"","overlay-opacity":"","overlay-gradient":""}}},"product_brand":[],"product_cat":[89,104],"product_tag":[398,227,226],"class_list":{"0":"post-4141","1":"product","2":"type-product","3":"status-publish","4":"has-post-thumbnail","6":"product_cat-metal-usb-pendrive","7":"product_cat-usb3-0-usb-pendrive","8":"product_tag-aluminum-usb-drive","9":"product_tag-metal-can-usb-drive","10":"product_tag-metal-can-shaped-usb-drive","11":"desktop-align-left","12":"tablet-align-left","13":"mobile-align-left","15":"first","16":"instock","17":"shipping-taxable","18":"product-type-simple"},"_links":{"self":[{"href":"https:\/\/www.usborkeychain.com\/fr\/wp-json\/wp\/v2\/product\/4141","targetHints":{"allow":["GET"]}}],"collection":[{"href":"https:\/\/www.usborkeychain.com\/fr\/wp-json\/wp\/v2\/product"}],"about":[{"href":"https:\/\/www.usborkeychain.com\/fr\/wp-json\/wp\/v2\/types\/product"}],"replies":[{"embeddable":true,"href":"https:\/\/www.usborkeychain.com\/fr\/wp-json\/wp\/v2\/comments?post=4141"}],"wp:featuredmedia":[{"embeddable":true,"href":"https:\/\/www.usborkeychain.com\/fr\/wp-json\/wp\/v2\/media\/4145"}],"wp:attachment":[{"href":"https:\/\/www.usborkeychain.com\/fr\/wp-json\/wp\/v2\/media?parent=4141"}],"wp:term":[{"taxonomy":"product_brand","embeddable":true,"href":"https:\/\/www.usborkeychain.com\/fr\/wp-json\/wp\/v2\/product_brand?post=4141"},{"taxonomy":"product_cat","embeddable":true,"href":"https:\/\/www.usborkeychain.com\/fr\/wp-json\/wp\/v2\/product_cat?post=4141"},{"taxonomy":"product_tag","embeddable":true,"href":"https:\/\/www.usborkeychain.com\/fr\/wp-json\/wp\/v2\/product_tag?post=4141"}],"curies":[{"name":"wp","href":"https:\/\/api.w.org\/{rel}","templated":true}]}}