{"id":4151,"date":"2025-07-17T04:00:13","date_gmt":"2025-07-17T04:00:13","guid":{"rendered":"https:\/\/www.usborkeychain.com\/?post_type=product&#038;p=4151"},"modified":"2025-08-11T07:01:56","modified_gmt":"2025-08-11T07:01:56","slug":"metal-paint-bucket-usb-drive","status":"publish","type":"product","link":"https:\/\/www.usborkeychain.com\/fr\/produit\/metal-paint-bucket-usb-drive\/","title":{"rendered":"Seau de peinture en m\u00e9tal Cl\u00e9 USB"},"content":{"rendered":"<p>Le <strong>seau \u00e0 peinture en m\u00e9tal cl\u00e9 USB <\/strong>est con\u00e7ue par des fabricants professionnels de cl\u00e9s USB \u00e0 partir d'un alliage de zinc moul\u00e9 sous pression, reproduisant parfaitement la forme des seaux de peinture industriels et int\u00e9grant intelligemment le design des seaux de peinture dans un dispositif de stockage. Le mat\u00e9riau m\u00e9tallique conf\u00e8re \u00e0 la cl\u00e9 trois avantages essentiels : r\u00e9sistance \u00e0 la pression et aux chutes, excellente dissipation de la chaleur et texture haut de gamme. Le design du porte-cl\u00e9s sur le dessus am\u00e9liore la portabilit\u00e9, r\u00e9pondant \u00e0 la fois aux besoins de stockage et servant de support puissant pour les visuels de la marque. Avec son aspect unique, il est devenu un excellent choix pour la personnalisation et la promotion des marques, ajoutant de la valeur au stockage cr\u00e9atif et \u00e0 la publicit\u00e9 d'entreprise.<\/p>\n\n\n\n<div class=\"wp-block-columns is-layout-flex wp-container-core-columns-is-layout-28f84493 wp-block-columns-is-layout-flex\">\n<div class=\"wp-block-column is-layout-flow wp-block-column-is-layout-flow\">\n<figure class=\"wp-block-image size-full\"><img alt=\"\" fetchpriority=\"high\" decoding=\"async\" width=\"800\" height=\"800\" src=\"https:\/\/www.usborkeychain.com\/wp-content\/uploads\/Colorful-Metal-Drum-USB.png\" class=\"wp-image-4155\" srcset=\"https:\/\/www.usborkeychain.com\/wp-content\/uploads\/Colorful-Metal-Drum-USB.png 800w, https:\/\/www.usborkeychain.com\/wp-content\/uploads\/Colorful-Metal-Drum-USB-300x300.png 300w, https:\/\/www.usborkeychain.com\/wp-content\/uploads\/Colorful-Metal-Drum-USB-150x150.png 150w, https:\/\/www.usborkeychain.com\/wp-content\/uploads\/Colorful-Metal-Drum-USB-768x768.png 768w, https:\/\/www.usborkeychain.com\/wp-content\/uploads\/Colorful-Metal-Drum-USB-12x12.png 12w, https:\/\/www.usborkeychain.com\/wp-content\/uploads\/Colorful-Metal-Drum-USB-600x600.png 600w, https:\/\/www.usborkeychain.com\/wp-content\/uploads\/Colorful-Metal-Drum-USB-100x100.png 100w\" sizes=\"(max-width: 800px) 100vw, 800px\" \/><\/figure>\n<\/div>\n\n\n\n<div class=\"wp-block-column is-layout-flow wp-block-column-is-layout-flow\">\n<figure class=\"wp-block-image size-full\"><img alt=\"\" decoding=\"async\" width=\"800\" height=\"800\" src=\"https:\/\/www.usborkeychain.com\/wp-content\/uploads\/Drum-Like-USB-Drive.png\" class=\"wp-image-4156\" srcset=\"https:\/\/www.usborkeychain.com\/wp-content\/uploads\/Drum-Like-USB-Drive.png 800w, https:\/\/www.usborkeychain.com\/wp-content\/uploads\/Drum-Like-USB-Drive-300x300.png 300w, https:\/\/www.usborkeychain.com\/wp-content\/uploads\/Drum-Like-USB-Drive-150x150.png 150w, https:\/\/www.usborkeychain.com\/wp-content\/uploads\/Drum-Like-USB-Drive-768x768.png 768w, https:\/\/www.usborkeychain.com\/wp-content\/uploads\/Drum-Like-USB-Drive-12x12.png 12w, https:\/\/www.usborkeychain.com\/wp-content\/uploads\/Drum-Like-USB-Drive-600x600.png 600w, https:\/\/www.usborkeychain.com\/wp-content\/uploads\/Drum-Like-USB-Drive-100x100.png 100w\" sizes=\"(max-width: 800px) 100vw, 800px\" \/><\/figure>\n<\/div>\n<\/div>\n\n\n\n<h2 class=\"wp-block-heading\">Quels sont les param\u00e8tres de la cl\u00e9 USB en forme de seau de peinture m\u00e9tallique ?<\/h2>\n\n\n\n<p>Les fabricants de cl\u00e9s USB contr\u00f4lent rigoureusement la production, ce qui garantit que la cl\u00e9 USB \u00e0 seau de peinture m\u00e9tallique pr\u00e9sente des param\u00e8tres stables et pratiques pour r\u00e9pondre \u00e0 divers besoins de stockage :<\/p>\n\n\n\n<figure class=\"wp-block-table\"><table class=\"has-fixed-layout\"><thead><tr><th>Cat\u00e9gorie de param\u00e8tres<\/th><th>D\u00e9tails<\/th><\/tr><\/thead><tbody><tr><td>Type d'interface<\/td><td>USB3.0 (compatible avec USB2.0)<\/td><\/tr><tr><td>Capacit\u00e9 de stockage<\/td><td>8GB, 16GB, 32GB, 64GB, 128GB<\/td><\/tr><tr><td>Dimensions du produit<\/td><td>Hauteur : environ 45-55mm, Diam\u00e8tre : environ 20-25mm<\/td><\/tr><tr><td>Poids du produit<\/td><td>Environ 15-25 grammes<\/td><\/tr><\/tbody><\/table><\/figure>\n\n\n\n<p>L'interface USB3.0 garantit une transmission efficace, avec des capacit\u00e9s multiples adapt\u00e9es \u00e0 diff\u00e9rents sc\u00e9narios. Sa taille et son poids compacts le rendent facile \u00e0 transporter, id\u00e9al pour le transfert de documents de travail ou le stockage de mat\u00e9riel de conception.<\/p>\n\n\n\n<div class=\"wp-block-columns is-layout-flex wp-container-core-columns-is-layout-28f84493 wp-block-columns-is-layout-flex\">\n<div class=\"wp-block-column is-layout-flow wp-block-column-is-layout-flow\">\n<figure class=\"wp-block-image size-full\"><img alt=\"\" decoding=\"async\" width=\"800\" height=\"800\" src=\"https:\/\/www.usborkeychain.com\/wp-content\/uploads\/Metal-Oil-Drum-USB.png\" class=\"wp-image-4159\" srcset=\"https:\/\/www.usborkeychain.com\/wp-content\/uploads\/Metal-Oil-Drum-USB.png 800w, https:\/\/www.usborkeychain.com\/wp-content\/uploads\/Metal-Oil-Drum-USB-300x300.png 300w, https:\/\/www.usborkeychain.com\/wp-content\/uploads\/Metal-Oil-Drum-USB-150x150.png 150w, https:\/\/www.usborkeychain.com\/wp-content\/uploads\/Metal-Oil-Drum-USB-768x768.png 768w, https:\/\/www.usborkeychain.com\/wp-content\/uploads\/Metal-Oil-Drum-USB-12x12.png 12w, https:\/\/www.usborkeychain.com\/wp-content\/uploads\/Metal-Oil-Drum-USB-600x600.png 600w, https:\/\/www.usborkeychain.com\/wp-content\/uploads\/Metal-Oil-Drum-USB-100x100.png 100w\" sizes=\"(max-width: 800px) 100vw, 800px\" \/><\/figure>\n<\/div>\n\n\n\n<div class=\"wp-block-column is-layout-flow wp-block-column-is-layout-flow\">\n<figure class=\"wp-block-image size-full\"><img alt=\"\" loading=\"lazy\" decoding=\"async\" width=\"800\" height=\"800\" src=\"https:\/\/www.usborkeychain.com\/wp-content\/uploads\/Metal-Barrel-USB-Drive.png\" class=\"wp-image-4158\" srcset=\"https:\/\/www.usborkeychain.com\/wp-content\/uploads\/Metal-Barrel-USB-Drive.png 800w, https:\/\/www.usborkeychain.com\/wp-content\/uploads\/Metal-Barrel-USB-Drive-300x300.png 300w, https:\/\/www.usborkeychain.com\/wp-content\/uploads\/Metal-Barrel-USB-Drive-150x150.png 150w, https:\/\/www.usborkeychain.com\/wp-content\/uploads\/Metal-Barrel-USB-Drive-768x768.png 768w, https:\/\/www.usborkeychain.com\/wp-content\/uploads\/Metal-Barrel-USB-Drive-12x12.png 12w, https:\/\/www.usborkeychain.com\/wp-content\/uploads\/Metal-Barrel-USB-Drive-600x600.png 600w, https:\/\/www.usborkeychain.com\/wp-content\/uploads\/Metal-Barrel-USB-Drive-100x100.png 100w\" sizes=\"(max-width: 800px) 100vw, 800px\" \/><\/figure>\n<\/div>\n<\/div>\n\n\n\n<h2 class=\"wp-block-heading\">La cl\u00e9 USB seau de peinture en m\u00e9tal peut-elle \u00eatre personnalis\u00e9e avec un logo ?<\/h2>\n\n\n\n<p>Les services de personnalisation des cl\u00e9s USB visent \u00e0 r\u00e9pondre aux besoins en mati\u00e8re de logos de marque. Qu'il s'agisse d'entreprises de peinture bien connues comme Dulux et Nippon Paint, ou d'entreprises d'autres secteurs, les logos et les identifiants VI peuvent \u00eatre appliqu\u00e9s sur la surface m\u00e9tallique par gravure au laser, s\u00e9rigraphie et autres techniques. Pour les entreprises de peinture, la personnalisation de ces cl\u00e9s USB en tant que cadeaux d'exposition ou cadeaux d'entreprise permet aux clients de rester en contact avec la marque chaque fois qu'ils utilisent la cl\u00e9, renfor\u00e7ant ainsi la m\u00e9moire de la marque et am\u00e9liorant sa notori\u00e9t\u00e9 et sa r\u00e9putation.<\/p>\n\n\n\n<h2 class=\"wp-block-heading\">Quelles sont les couleurs disponibles pour la cl\u00e9 USB seau de peinture en m\u00e9tal ?<\/h2>\n\n\n\n<p>Actuellement, les couleurs standard comprennent des teintes m\u00e9talliques de base telles que l'argent, le noir, le rouge, le bleu et le vert, qui sont simples, polyvalentes et adapt\u00e9es \u00e0 la plupart des styles de marque. Si les entreprises ont des exigences particuli\u00e8res en mati\u00e8re de couleurs, par exemple pour correspondre aux couleurs du th\u00e8me de la marque, les fabricants de cl\u00e9s USB prennent en charge la personnalisation. Gr\u00e2ce \u00e0 l'anodisation, \u00e0 la peinture et \u00e0 d'autres proc\u00e9d\u00e9s, ils peuvent cr\u00e9er avec pr\u00e9cision des couleurs exclusives, faisant de la cl\u00e9 USB une \"carte de visite mobile\" pour l'image de la marque.<\/p>\n\n\n\n<div class=\"wp-block-columns is-layout-flex wp-container-core-columns-is-layout-28f84493 wp-block-columns-is-layout-flex\">\n<div class=\"wp-block-column is-layout-flow wp-block-column-is-layout-flow\">\n<figure class=\"wp-block-image size-full\"><img alt=\"\" loading=\"lazy\" decoding=\"async\" width=\"800\" height=\"800\" src=\"https:\/\/www.usborkeychain.com\/wp-content\/uploads\/Oil-Drum-Shaped-USB.png\" class=\"wp-image-4161\" srcset=\"https:\/\/www.usborkeychain.com\/wp-content\/uploads\/Oil-Drum-Shaped-USB.png 800w, https:\/\/www.usborkeychain.com\/wp-content\/uploads\/Oil-Drum-Shaped-USB-300x300.png 300w, https:\/\/www.usborkeychain.com\/wp-content\/uploads\/Oil-Drum-Shaped-USB-150x150.png 150w, https:\/\/www.usborkeychain.com\/wp-content\/uploads\/Oil-Drum-Shaped-USB-768x768.png 768w, https:\/\/www.usborkeychain.com\/wp-content\/uploads\/Oil-Drum-Shaped-USB-12x12.png 12w, https:\/\/www.usborkeychain.com\/wp-content\/uploads\/Oil-Drum-Shaped-USB-600x600.png 600w, https:\/\/www.usborkeychain.com\/wp-content\/uploads\/Oil-Drum-Shaped-USB-100x100.png 100w\" sizes=\"(max-width: 800px) 100vw, 800px\" \/><\/figure>\n<\/div>\n\n\n\n<div class=\"wp-block-column is-layout-flow wp-block-column-is-layout-flow\">\n<figure class=\"wp-block-image size-full\"><img alt=\"\" loading=\"lazy\" decoding=\"async\" width=\"800\" height=\"800\" src=\"https:\/\/www.usborkeychain.com\/wp-content\/uploads\/Stylish-Drum-USB.png\" class=\"wp-image-4163\" srcset=\"https:\/\/www.usborkeychain.com\/wp-content\/uploads\/Stylish-Drum-USB.png 800w, https:\/\/www.usborkeychain.com\/wp-content\/uploads\/Stylish-Drum-USB-300x300.png 300w, https:\/\/www.usborkeychain.com\/wp-content\/uploads\/Stylish-Drum-USB-150x150.png 150w, https:\/\/www.usborkeychain.com\/wp-content\/uploads\/Stylish-Drum-USB-768x768.png 768w, https:\/\/www.usborkeychain.com\/wp-content\/uploads\/Stylish-Drum-USB-12x12.png 12w, https:\/\/www.usborkeychain.com\/wp-content\/uploads\/Stylish-Drum-USB-600x600.png 600w, https:\/\/www.usborkeychain.com\/wp-content\/uploads\/Stylish-Drum-USB-100x100.png 100w\" sizes=\"(max-width: 800px) 100vw, 800px\" \/><\/figure>\n<\/div>\n<\/div>\n\n\n\n<div class=\"wp-block-columns is-layout-flex wp-container-core-columns-is-layout-28f84493 wp-block-columns-is-layout-flex\">\n<div class=\"wp-block-column is-layout-flow wp-block-column-is-layout-flow\">\n<figure class=\"wp-block-image size-full\"><img alt=\"\" loading=\"lazy\" decoding=\"async\" width=\"800\" height=\"800\" src=\"https:\/\/www.usborkeychain.com\/wp-content\/uploads\/Portable-Drum-USB.png\" class=\"wp-image-4162\" srcset=\"https:\/\/www.usborkeychain.com\/wp-content\/uploads\/Portable-Drum-USB.png 800w, https:\/\/www.usborkeychain.com\/wp-content\/uploads\/Portable-Drum-USB-300x300.png 300w, https:\/\/www.usborkeychain.com\/wp-content\/uploads\/Portable-Drum-USB-150x150.png 150w, https:\/\/www.usborkeychain.com\/wp-content\/uploads\/Portable-Drum-USB-768x768.png 768w, https:\/\/www.usborkeychain.com\/wp-content\/uploads\/Portable-Drum-USB-12x12.png 12w, https:\/\/www.usborkeychain.com\/wp-content\/uploads\/Portable-Drum-USB-600x600.png 600w, https:\/\/www.usborkeychain.com\/wp-content\/uploads\/Portable-Drum-USB-100x100.png 100w\" sizes=\"(max-width: 800px) 100vw, 800px\" \/><\/figure>\n<\/div>\n\n\n\n<div class=\"wp-block-column is-layout-flow wp-block-column-is-layout-flow\">\n<figure class=\"wp-block-image size-full\"><img alt=\"\" loading=\"lazy\" decoding=\"async\" width=\"800\" height=\"800\" src=\"https:\/\/www.usborkeychain.com\/wp-content\/uploads\/Mini-Drum-USB-Storage.png\" class=\"wp-image-4160\" srcset=\"https:\/\/www.usborkeychain.com\/wp-content\/uploads\/Mini-Drum-USB-Storage.png 800w, https:\/\/www.usborkeychain.com\/wp-content\/uploads\/Mini-Drum-USB-Storage-300x300.png 300w, https:\/\/www.usborkeychain.com\/wp-content\/uploads\/Mini-Drum-USB-Storage-150x150.png 150w, https:\/\/www.usborkeychain.com\/wp-content\/uploads\/Mini-Drum-USB-Storage-768x768.png 768w, https:\/\/www.usborkeychain.com\/wp-content\/uploads\/Mini-Drum-USB-Storage-12x12.png 12w, https:\/\/www.usborkeychain.com\/wp-content\/uploads\/Mini-Drum-USB-Storage-600x600.png 600w, https:\/\/www.usborkeychain.com\/wp-content\/uploads\/Mini-Drum-USB-Storage-100x100.png 100w\" sizes=\"(max-width: 800px) 100vw, 800px\" \/><\/figure>\n<\/div>\n<\/div>\n\n\n\n<div class=\"wp-block-columns is-layout-flex wp-container-core-columns-is-layout-28f84493 wp-block-columns-is-layout-flex\">\n<div class=\"wp-block-column is-layout-flow wp-block-column-is-layout-flow\">\n<figure class=\"wp-block-image size-full\"><img alt=\"\" loading=\"lazy\" decoding=\"async\" width=\"800\" height=\"800\" src=\"https:\/\/www.usborkeychain.com\/wp-content\/uploads\/Keychain-Drum-USB.png\" class=\"wp-image-4157\" srcset=\"https:\/\/www.usborkeychain.com\/wp-content\/uploads\/Keychain-Drum-USB.png 800w, https:\/\/www.usborkeychain.com\/wp-content\/uploads\/Keychain-Drum-USB-300x300.png 300w, https:\/\/www.usborkeychain.com\/wp-content\/uploads\/Keychain-Drum-USB-150x150.png 150w, https:\/\/www.usborkeychain.com\/wp-content\/uploads\/Keychain-Drum-USB-768x768.png 768w, https:\/\/www.usborkeychain.com\/wp-content\/uploads\/Keychain-Drum-USB-12x12.png 12w, https:\/\/www.usborkeychain.com\/wp-content\/uploads\/Keychain-Drum-USB-600x600.png 600w, https:\/\/www.usborkeychain.com\/wp-content\/uploads\/Keychain-Drum-USB-100x100.png 100w\" sizes=\"(max-width: 800px) 100vw, 800px\" \/><\/figure>\n<\/div>\n\n\n\n<div class=\"wp-block-column is-layout-flow wp-block-column-is-layout-flow\">\n<figure class=\"wp-block-image size-full\"><img alt=\"\" loading=\"lazy\" decoding=\"async\" width=\"800\" height=\"800\" src=\"https:\/\/www.usborkeychain.com\/wp-content\/uploads\/\u200bChromaSteel-Barrel-USB-Drive.png\" class=\"wp-image-4154\" srcset=\"https:\/\/www.usborkeychain.com\/wp-content\/uploads\/\u200bChromaSteel-Barrel-USB-Drive.png 800w, https:\/\/www.usborkeychain.com\/wp-content\/uploads\/\u200bChromaSteel-Barrel-USB-Drive-300x300.png 300w, https:\/\/www.usborkeychain.com\/wp-content\/uploads\/\u200bChromaSteel-Barrel-USB-Drive-150x150.png 150w, https:\/\/www.usborkeychain.com\/wp-content\/uploads\/\u200bChromaSteel-Barrel-USB-Drive-768x768.png 768w, https:\/\/www.usborkeychain.com\/wp-content\/uploads\/\u200bChromaSteel-Barrel-USB-Drive-12x12.png 12w, https:\/\/www.usborkeychain.com\/wp-content\/uploads\/\u200bChromaSteel-Barrel-USB-Drive-600x600.png 600w, https:\/\/www.usborkeychain.com\/wp-content\/uploads\/\u200bChromaSteel-Barrel-USB-Drive-100x100.png 100w\" sizes=\"(max-width: 800px) 100vw, 800px\" \/><\/figure>\n<\/div>\n<\/div>\n\n\n\n<h2 class=\"wp-block-heading\">R\u00e9sum\u00e9<\/h2>\n\n\n\n<p>Le <strong>seau \u00e0 peinture en m\u00e9tal cl\u00e9 USB<\/strong> garantit la durabilit\u00e9 gr\u00e2ce \u00e0 son mat\u00e9riau m\u00e9tallique, des fonctions pratiques avec des param\u00e8tres clairs, et \u00e9largit les canaux de commercialisation de la marque gr\u00e2ce \u00e0 des logos personnalis\u00e9s et \u00e0 des couleurs vari\u00e9es. Ce produit de stockage cr\u00e9atif d\u00e9velopp\u00e9 par les fabricants de cl\u00e9s USB est un excellent choix pour le stockage quotidien des entreprises et la promotion de la marque, v\u00e9hiculant la valeur de la marque gr\u00e2ce \u00e0 son design unique.<\/p>","protected":false},"excerpt":{"rendered":"<ul>\n<li>Cl\u00e9 USB en m\u00e9tal<\/li>\n<li>Tambour en m\u00e9tal color\u00e9 USB<\/li>\n<li>seau \u00e0 peinture en m\u00e9tal cl\u00e9 USB<\/li>\n<li>Dulux et Nippon Paint<\/li>\n<li>MOQ:100PCS<\/li>\n<\/ul>","protected":false},"featured_media":4155,"comment_status":"open","ping_status":"closed","template":"","meta":{"_seopress_robots_primary_cat":"","_seopress_titles_title":"Metal Barrel USB Drive;Metal Paint Bucket USB Drive","_seopress_titles_desc":"","_seopress_robots_index":"","site-sidebar-layout":"default","site-content-layout":"","ast-site-content-layout":"","site-content-style":"default","site-sidebar-style":"default","ast-global-header-display":"","ast-banner-title-visibility":"","ast-main-header-display":"","ast-hfb-above-header-display":"","ast-hfb-below-header-display":"","ast-hfb-mobile-header-display":"","site-post-title":"","ast-breadcrumbs-content":"","ast-featured-img":"","footer-sml-layout":"","theme-transparent-header-meta":"","adv-header-id-meta":"","stick-header-meta":"","header-above-stick-meta":"","header-main-stick-meta":"","header-below-stick-meta":"","astra-migrate-meta-layouts":"default","ast-page-background-enabled":"default","ast-page-background-meta":{"desktop":{"background-color":"var(--ast-global-color-5)","background-image":"","background-repeat":"repeat","background-position":"center center","background-size":"auto","background-attachment":"scroll","background-type":"","background-media":"","overlay-type":"","overlay-color":"","overlay-opacity":"","overlay-gradient":""},"tablet":{"background-color":"","background-image":"","background-repeat":"repeat","background-position":"center center","background-size":"auto","background-attachment":"scroll","background-type":"","background-media":"","overlay-type":"","overlay-color":"","overlay-opacity":"","overlay-gradient":""},"mobile":{"background-color":"","background-image":"","background-repeat":"repeat","background-position":"center center","background-size":"auto","background-attachment":"scroll","background-type":"","background-media":"","overlay-type":"","overlay-color":"","overlay-opacity":"","overlay-gradient":""}},"ast-content-background-meta":{"desktop":{"background-color":"var(--ast-global-color-4)","background-image":"","background-repeat":"repeat","background-position":"center center","background-size":"auto","background-attachment":"scroll","background-type":"","background-media":"","overlay-type":"","overlay-color":"","overlay-opacity":"","overlay-gradient":""},"tablet":{"background-color":"var(--ast-global-color-4)","background-image":"","background-repeat":"repeat","background-position":"center center","background-size":"auto","background-attachment":"scroll","background-type":"","background-media":"","overlay-type":"","overlay-color":"","overlay-opacity":"","overlay-gradient":""},"mobile":{"background-color":"var(--ast-global-color-4)","background-image":"","background-repeat":"repeat","background-position":"center center","background-size":"auto","background-attachment":"scroll","background-type":"","background-media":"","overlay-type":"","overlay-color":"","overlay-opacity":"","overlay-gradient":""}}},"product_brand":[],"product_cat":[89,103,104],"product_tag":[398,228],"class_list":{"0":"post-4151","1":"product","2":"type-product","3":"status-publish","4":"has-post-thumbnail","6":"product_cat-metal-usb-pendrive","7":"product_cat-usb2-0-usb-pendrive","8":"product_cat-usb3-0-usb-pendrive","9":"product_tag-aluminum-usb-drive","10":"product_tag-metal-paint-bucket-usb-drive","11":"desktop-align-left","12":"tablet-align-left","13":"mobile-align-left","15":"first","16":"instock","17":"shipping-taxable","18":"product-type-simple"},"_links":{"self":[{"href":"https:\/\/www.usborkeychain.com\/fr\/wp-json\/wp\/v2\/product\/4151","targetHints":{"allow":["GET"]}}],"collection":[{"href":"https:\/\/www.usborkeychain.com\/fr\/wp-json\/wp\/v2\/product"}],"about":[{"href":"https:\/\/www.usborkeychain.com\/fr\/wp-json\/wp\/v2\/types\/product"}],"replies":[{"embeddable":true,"href":"https:\/\/www.usborkeychain.com\/fr\/wp-json\/wp\/v2\/comments?post=4151"}],"wp:featuredmedia":[{"embeddable":true,"href":"https:\/\/www.usborkeychain.com\/fr\/wp-json\/wp\/v2\/media\/4155"}],"wp:attachment":[{"href":"https:\/\/www.usborkeychain.com\/fr\/wp-json\/wp\/v2\/media?parent=4151"}],"wp:term":[{"taxonomy":"product_brand","embeddable":true,"href":"https:\/\/www.usborkeychain.com\/fr\/wp-json\/wp\/v2\/product_brand?post=4151"},{"taxonomy":"product_cat","embeddable":true,"href":"https:\/\/www.usborkeychain.com\/fr\/wp-json\/wp\/v2\/product_cat?post=4151"},{"taxonomy":"product_tag","embeddable":true,"href":"https:\/\/www.usborkeychain.com\/fr\/wp-json\/wp\/v2\/product_tag?post=4151"}],"curies":[{"name":"wp","href":"https:\/\/api.w.org\/{rel}","templated":true}]}}