{"id":4165,"date":"2025-07-17T06:27:43","date_gmt":"2025-07-17T06:27:43","guid":{"rendered":"https:\/\/www.usborkeychain.com\/?post_type=product&#038;p=4165"},"modified":"2025-08-11T07:01:35","modified_gmt":"2025-08-11T07:01:35","slug":"metal-beer-bottle-cap-usb-drive","status":"publish","type":"product","link":"https:\/\/www.usborkeychain.com\/fr\/produit\/metal-beer-bottle-cap-usb-drive\/","title":{"rendered":"Cl\u00e9 USB en alliage d'aluminium avec bouchon de bouteille"},"content":{"rendered":"<p>Le <strong>Capuchon de bouteille en alliage d'aluminium Cl\u00e9 USB<\/strong> int\u00e8gre intelligemment l'\u00e9l\u00e9ment quotidien de la capsule de bouteille dans les produits num\u00e9riques. Fabriqu\u00e9 en alliage d'aluminium, il reproduit la forme et les bords antid\u00e9rapants dentel\u00e9s des capsules de bouteilles courantes dans un rapport de 1:1, d\u00e9clenchant instantan\u00e9ment une collision entre les souvenirs familiers et la technologie moderne. Plusieurs couleurs sont disponibles, notamment le gris argent\u00e9, l'or rose, le blanc argent\u00e9, le noir mat, l'or champagne (jaune clair) et d'autres couleurs anodis\u00e9es, avec des couleurs pleines et une texture de haute qualit\u00e9. Il s'adapte \u00e0 diff\u00e9rents styles, servant \u00e0 la fois d'outil de stockage pratique et d'objet accrocheur gr\u00e2ce \u00e0 sa forme unique, ajoutant de l'amusement et de la personnalit\u00e9 au stockage des donn\u00e9es.<\/p>\n\n\n\n<figure class=\"wp-block-image aligncenter size-full\"><img alt=\"\" fetchpriority=\"high\" decoding=\"async\" width=\"800\" height=\"800\" src=\"https:\/\/www.usborkeychain.com\/wp-content\/uploads\/Beer-Cap-Shaped-USB.png\" class=\"wp-image-4168\" srcset=\"https:\/\/www.usborkeychain.com\/wp-content\/uploads\/Beer-Cap-Shaped-USB.png 800w, https:\/\/www.usborkeychain.com\/wp-content\/uploads\/Beer-Cap-Shaped-USB-300x300.png 300w, https:\/\/www.usborkeychain.com\/wp-content\/uploads\/Beer-Cap-Shaped-USB-150x150.png 150w, https:\/\/www.usborkeychain.com\/wp-content\/uploads\/Beer-Cap-Shaped-USB-768x768.png 768w, https:\/\/www.usborkeychain.com\/wp-content\/uploads\/Beer-Cap-Shaped-USB-12x12.png 12w, https:\/\/www.usborkeychain.com\/wp-content\/uploads\/Beer-Cap-Shaped-USB-600x600.png 600w, https:\/\/www.usborkeychain.com\/wp-content\/uploads\/Beer-Cap-Shaped-USB-100x100.png 100w\" sizes=\"(max-width: 800px) 100vw, 800px\" \/><\/figure>\n\n\n\n<h2 class=\"wp-block-heading\">Tableau des param\u00e8tres de la cl\u00e9 USB<\/h2>\n\n\n\n<figure class=\"wp-block-table\"><table class=\"has-fixed-layout\"><thead><tr><th>Cat\u00e9gorie de param\u00e8tres<\/th><th>D\u00e9tails<\/th><\/tr><\/thead><tbody><tr><td>Type d'interface<\/td><td>USB 2.0\/USB3.0<\/td><\/tr><tr><td>Capacit\u00e9 de stockage<\/td><td>8GB, 16GB, 32GB, 64GB, 128GB<\/td><\/tr><tr><td>Dimensions du produit<\/td><td>Diam\u00e8tre : environ 30 - 35 mm ; \u00e9paisseur : environ 5 - 8 mm<\/td><\/tr><tr><td>Poids du produit<\/td><td>10 - 15 grammes<\/td><\/tr><\/tbody><\/table><\/figure>\n\n\n\n<h2 class=\"wp-block-heading\">Peut-on le personnaliser avec des couleurs et des logos diff\u00e9rents ?<\/h2>\n\n\n\n<p><strong>Cl\u00e9 USB<\/strong> La personnalisation est un service essentiel. Qu'il s'agisse de soci\u00e9t\u00e9s de bi\u00e8re bien connues comme Budweiser, Heineken, Carlsberg ou d'autres marques, les logos et les identifiants VI peuvent \u00eatre grav\u00e9s au laser sur la surface m\u00e9tallique.<\/p>\n\n\n\n<p>Produit phare des fabricants professionnels de cl\u00e9s USB personnalis\u00e9es, ce mod\u00e8le permet une personnalisation approfondie de la marque :<\/p>\n\n\n\n<ul class=\"wp-block-list\">\n<li>L<strong>Personnalisation d'ogo\/VI<\/strong>: La face avant du bouchon de bouteille peut \u00eatre grav\u00e9e au laser avec des logos d'entreprise, du texte ou des motifs.<\/li>\n\n\n\n<li><strong>Couverture du sc\u00e9nario<\/strong>: Promotion de la marque de bi\u00e8re (comme les cl\u00e9s USB personnalis\u00e9es de Budweiser), cadeaux d'entreprise (cadeaux pour les conf\u00e9rences des distributeurs de la brasserie Tsingtao), articles promotionnels (\u00e9change contre des points d'adh\u00e9sion dans les cha\u00eenes de restauration).<\/li>\n\n\n\n<li><strong>Adaptation de l'industrie<\/strong>: Les marques d'alcool, les groupes de restauration et les organisateurs d'\u00e9v\u00e9nements peuvent tous coop\u00e9rer pour d\u00e9velopper des versions exclusives.<\/li>\n<\/ul>\n\n\n\n<div class=\"wp-block-columns is-layout-flex wp-container-core-columns-is-layout-28f84493 wp-block-columns-is-layout-flex\">\n<div class=\"wp-block-column is-layout-flow wp-block-column-is-layout-flow\">\n<figure class=\"wp-block-image size-full\"><img alt=\"\" decoding=\"async\" width=\"800\" height=\"800\" src=\"https:\/\/www.usborkeychain.com\/wp-content\/uploads\/Bottle-Cap-USB-Drive.png\" class=\"wp-image-4169\" srcset=\"https:\/\/www.usborkeychain.com\/wp-content\/uploads\/Bottle-Cap-USB-Drive.png 800w, https:\/\/www.usborkeychain.com\/wp-content\/uploads\/Bottle-Cap-USB-Drive-300x300.png 300w, https:\/\/www.usborkeychain.com\/wp-content\/uploads\/Bottle-Cap-USB-Drive-150x150.png 150w, https:\/\/www.usborkeychain.com\/wp-content\/uploads\/Bottle-Cap-USB-Drive-768x768.png 768w, https:\/\/www.usborkeychain.com\/wp-content\/uploads\/Bottle-Cap-USB-Drive-12x12.png 12w, https:\/\/www.usborkeychain.com\/wp-content\/uploads\/Bottle-Cap-USB-Drive-600x600.png 600w, https:\/\/www.usborkeychain.com\/wp-content\/uploads\/Bottle-Cap-USB-Drive-100x100.png 100w\" sizes=\"(max-width: 800px) 100vw, 800px\" \/><\/figure>\n<\/div>\n\n\n\n<div class=\"wp-block-column is-layout-flow wp-block-column-is-layout-flow\">\n<figure class=\"wp-block-image size-full\"><img alt=\"\" decoding=\"async\" width=\"800\" height=\"800\" src=\"https:\/\/www.usborkeychain.com\/wp-content\/uploads\/Mini-Cap-USB-Device.png\" class=\"wp-image-4172\" srcset=\"https:\/\/www.usborkeychain.com\/wp-content\/uploads\/Mini-Cap-USB-Device.png 800w, https:\/\/www.usborkeychain.com\/wp-content\/uploads\/Mini-Cap-USB-Device-300x300.png 300w, https:\/\/www.usborkeychain.com\/wp-content\/uploads\/Mini-Cap-USB-Device-150x150.png 150w, https:\/\/www.usborkeychain.com\/wp-content\/uploads\/Mini-Cap-USB-Device-768x768.png 768w, https:\/\/www.usborkeychain.com\/wp-content\/uploads\/Mini-Cap-USB-Device-12x12.png 12w, https:\/\/www.usborkeychain.com\/wp-content\/uploads\/Mini-Cap-USB-Device-600x600.png 600w, https:\/\/www.usborkeychain.com\/wp-content\/uploads\/Mini-Cap-USB-Device-100x100.png 100w\" sizes=\"(max-width: 800px) 100vw, 800px\" \/><\/figure>\n<\/div>\n<\/div>\n\n\n\n<h2 class=\"wp-block-heading\">Est-il livr\u00e9 avec un porte-cl\u00e9s ?<\/h2>\n\n\n\n<ol class=\"wp-block-list\">\n<li><strong>Conception int\u00e9gr\u00e9e du trou de serrure<\/strong>: Un trou de serrure m\u00e9tallique int\u00e9gr\u00e9 de la m\u00eame couleur est plac\u00e9 sur le bord de la partie sup\u00e9rieure du bouchon de la bouteille, ce qui est solide et fiable.<\/li>\n\n\n\n<li><strong>Composants m\u00e9talliques de haute qualit\u00e9<\/strong>: \u00c9quip\u00e9 d'une cha\u00eene en m\u00e9tal et d'un porte-cl\u00e9s solide, facile \u00e0 ouvrir et \u00e0 fermer.<\/li>\n\n\n\n<li><strong>Super portabilit\u00e9<\/strong>:<\/li>\n<\/ol>\n\n\n\n<ul class=\"wp-block-list\">\n<li>Porte-cl\u00e9s : Il devient un objet de transport quotidien, qu'il n'est pas facile d'oublier ou de perdre.<\/li>\n\n\n\n<li>Tirette de fermeture \u00e9clair de sac \u00e0 dos ou d'ordinateur portable : Il est extr\u00eamement pratique d'acc\u00e9der aux donn\u00e9es.<\/li>\n\n\n\n<li>Bracelet de portefeuille\/boucle de ceinture : \u00c0 la fois tendance et pratique.<\/li>\n<\/ul>\n\n\n\n<ol start=\"4\" class=\"wp-block-list\">\n<li><strong>Conception amovible<\/strong>: Les \u00e9l\u00e9ments du porte-cl\u00e9s peuvent \u00eatre facilement retir\u00e9s, ce qui permet \u00e0 la cl\u00e9 USB de retrouver sa forme pure.<\/li>\n<\/ol>\n\n\n\n<div class=\"wp-block-columns is-layout-flex wp-container-core-columns-is-layout-28f84493 wp-block-columns-is-layout-flex\">\n<div class=\"wp-block-column is-layout-flow wp-block-column-is-layout-flow\">\n<figure class=\"wp-block-image size-full\"><img alt=\"\" loading=\"lazy\" decoding=\"async\" width=\"800\" height=\"800\" src=\"https:\/\/www.usborkeychain.com\/wp-content\/uploads\/Metal-Cap-USB-Keychain.png\" class=\"wp-image-4171\" srcset=\"https:\/\/www.usborkeychain.com\/wp-content\/uploads\/Metal-Cap-USB-Keychain.png 800w, https:\/\/www.usborkeychain.com\/wp-content\/uploads\/Metal-Cap-USB-Keychain-300x300.png 300w, https:\/\/www.usborkeychain.com\/wp-content\/uploads\/Metal-Cap-USB-Keychain-150x150.png 150w, https:\/\/www.usborkeychain.com\/wp-content\/uploads\/Metal-Cap-USB-Keychain-768x768.png 768w, https:\/\/www.usborkeychain.com\/wp-content\/uploads\/Metal-Cap-USB-Keychain-12x12.png 12w, https:\/\/www.usborkeychain.com\/wp-content\/uploads\/Metal-Cap-USB-Keychain-600x600.png 600w, https:\/\/www.usborkeychain.com\/wp-content\/uploads\/Metal-Cap-USB-Keychain-100x100.png 100w\" sizes=\"(max-width: 800px) 100vw, 800px\" \/><\/figure>\n<\/div>\n\n\n\n<div class=\"wp-block-column is-layout-flow wp-block-column-is-layout-flow\">\n<figure class=\"wp-block-image size-full\"><img alt=\"\" loading=\"lazy\" decoding=\"async\" width=\"800\" height=\"800\" src=\"https:\/\/www.usborkeychain.com\/wp-content\/uploads\/Keychain-Cap-USB.png\" class=\"wp-image-4170\" srcset=\"https:\/\/www.usborkeychain.com\/wp-content\/uploads\/Keychain-Cap-USB.png 800w, https:\/\/www.usborkeychain.com\/wp-content\/uploads\/Keychain-Cap-USB-300x300.png 300w, https:\/\/www.usborkeychain.com\/wp-content\/uploads\/Keychain-Cap-USB-150x150.png 150w, https:\/\/www.usborkeychain.com\/wp-content\/uploads\/Keychain-Cap-USB-768x768.png 768w, https:\/\/www.usborkeychain.com\/wp-content\/uploads\/Keychain-Cap-USB-12x12.png 12w, https:\/\/www.usborkeychain.com\/wp-content\/uploads\/Keychain-Cap-USB-600x600.png 600w, https:\/\/www.usborkeychain.com\/wp-content\/uploads\/Keychain-Cap-USB-100x100.png 100w\" sizes=\"(max-width: 800px) 100vw, 800px\" \/><\/figure>\n<\/div>\n<\/div>\n\n\n\n<h2 class=\"wp-block-heading\">Quels sont les secteurs d'activit\u00e9 auxquels il convient de s'adresser ?<\/h2>\n\n\n\n<h3 class=\"wp-block-heading\">Industrie de la bi\u00e8re<\/h3>\n\n\n\n<ul class=\"wp-block-list\">\n<li>Budweiser : Personnalisez des cl\u00e9s USB en forme de capsule de bouteille dor\u00e9e, int\u00e9grez des \u00e9l\u00e9ments de marque et utilisez-les comme cadeaux dans le cadre de promotions de nouveaux produits et d'activit\u00e9s li\u00e9es \u00e0 la f\u00eate de la bi\u00e8re.<\/li>\n\n\n\n<li>Bi\u00e8re Tsingtao : Choisissez des cl\u00e9s USB argent\u00e9es et rouges repr\u00e9sentant la marque pour les r\u00e9unions des distributeurs et les avantages offerts aux membres.<\/li>\n<\/ul>\n\n\n\n<h3 class=\"wp-block-heading\">Industrie des boissons<\/h3>\n\n\n\n<ul class=\"wp-block-list\">\n<li>Coca-Cola : Personnalisez les cl\u00e9s USB classiques \u00e0 bouchon rouge pour qu'elles correspondent au logo de la marque.<\/li>\n\n\n\n<li>Nongfu Spring : Personnalisation de cl\u00e9s USB aux couleurs de la marque pour la promotion de l'eau haut de gamme et les activit\u00e9s de bien-\u00eatre public.<\/li>\n<\/ul>\n\n\n\n<h3 class=\"wp-block-heading\">Industrie des biens de grande consommation<\/h3>\n\n\n\n<ul class=\"wp-block-list\">\n<li>Red Bull : Cr\u00e9ez des cl\u00e9s USB en forme de capsules de bouteilles dor\u00e9es et argent\u00e9es \u00e0 offrir lors des activit\u00e9s des stations d'approvisionnement en \u00e9nergie et des r\u00e9compenses aux membres.<\/li>\n<\/ul>\n\n\n\n<h2 class=\"wp-block-heading\">R\u00e9sum\u00e9<\/h2>\n\n\n\n<p>Le <strong>capuchon de bouteille en m\u00e9tal cl\u00e9 USB<\/strong>Avec sa reproduction cr\u00e9ative, son mat\u00e9riau en alliage d'aluminium et ses diverses personnalisations, il est devenu un bon produit \u00e0 la fois pratique et orient\u00e9 vers le marketing. Des param\u00e8tres pr\u00e9cis garantissent les performances de stockage, et les couleurs et les mod\u00e8les de porte-cl\u00e9s conviennent \u00e0 l'utilisation quotidienne et \u00e0 la promotion. Dans les secteurs de la bi\u00e8re, des boissons et des produits de grande consommation, il v\u00e9hicule la marque par le biais de la personnalisation, aidant les entreprises \u00e0 r\u00e9aliser la communication de la marque et la connexion avec les clients gr\u00e2ce \u00e0 une apparence unique et \u00e0 des fonctions pratiques pour les besoins de stockage de donn\u00e9es. Il s'agit d'une int\u00e9gration de haute qualit\u00e9 du stockage num\u00e9rique et de la promotion marketing.<\/p>","protected":false},"excerpt":{"rendered":"<ul>\n<li>Alliage d'aluminium<\/li>\n<li>Bouchon de bouteille en m\u00e9tal<\/li>\n<li>Casquette portable\u00a0<\/li>\n<li>Mini Cap USB\u00a0<\/li>\n<li>MOQ:100PCS<\/li>\n<\/ul>","protected":false},"featured_media":4169,"comment_status":"open","ping_status":"closed","template":"","meta":{"_seopress_robots_primary_cat":"none","_seopress_titles_title":"Bottle Cap USB Drive;Portable Cap USB;Keychain Cap USB","_seopress_titles_desc":"","_seopress_robots_index":"","site-sidebar-layout":"default","site-content-layout":"","ast-site-content-layout":"","site-content-style":"default","site-sidebar-style":"default","ast-global-header-display":"","ast-banner-title-visibility":"","ast-main-header-display":"","ast-hfb-above-header-display":"","ast-hfb-below-header-display":"","ast-hfb-mobile-header-display":"","site-post-title":"","ast-breadcrumbs-content":"","ast-featured-img":"","footer-sml-layout":"","theme-transparent-header-meta":"","adv-header-id-meta":"","stick-header-meta":"","header-above-stick-meta":"","header-main-stick-meta":"","header-below-stick-meta":"","astra-migrate-meta-layouts":"default","ast-page-background-enabled":"default","ast-page-background-meta":{"desktop":{"background-color":"var(--ast-global-color-5)","background-image":"","background-repeat":"repeat","background-position":"center center","background-size":"auto","background-attachment":"scroll","background-type":"","background-media":"","overlay-type":"","overlay-color":"","overlay-opacity":"","overlay-gradient":""},"tablet":{"background-color":"","background-image":"","background-repeat":"repeat","background-position":"center center","background-size":"auto","background-attachment":"scroll","background-type":"","background-media":"","overlay-type":"","overlay-color":"","overlay-opacity":"","overlay-gradient":""},"mobile":{"background-color":"","background-image":"","background-repeat":"repeat","background-position":"center center","background-size":"auto","background-attachment":"scroll","background-type":"","background-media":"","overlay-type":"","overlay-color":"","overlay-opacity":"","overlay-gradient":""}},"ast-content-background-meta":{"desktop":{"background-color":"var(--ast-global-color-4)","background-image":"","background-repeat":"repeat","background-position":"center center","background-size":"auto","background-attachment":"scroll","background-type":"","background-media":"","overlay-type":"","overlay-color":"","overlay-opacity":"","overlay-gradient":""},"tablet":{"background-color":"var(--ast-global-color-4)","background-image":"","background-repeat":"repeat","background-position":"center center","background-size":"auto","background-attachment":"scroll","background-type":"","background-media":"","overlay-type":"","overlay-color":"","overlay-opacity":"","overlay-gradient":""},"mobile":{"background-color":"var(--ast-global-color-4)","background-image":"","background-repeat":"repeat","background-position":"center center","background-size":"auto","background-attachment":"scroll","background-type":"","background-media":"","overlay-type":"","overlay-color":"","overlay-opacity":"","overlay-gradient":""}}},"product_brand":[],"product_cat":[89,113,101],"product_tag":[229,231,396],"class_list":{"0":"post-4165","1":"product","2":"type-product","3":"status-publish","4":"has-post-thumbnail","6":"product_cat-metal-usb-pendrive","7":"product_cat-mini-usb-pendrive","8":"product_cat-usb-pendrive-with-keychain","9":"product_tag-metal-beer-bottle-cap-usb-drive","10":"product_tag-mini-cap-usb-device","11":"product_tag-stainless-steel-usb-flash-drive","12":"desktop-align-left","13":"tablet-align-left","14":"mobile-align-left","16":"first","17":"instock","18":"shipping-taxable","19":"product-type-simple"},"_links":{"self":[{"href":"https:\/\/www.usborkeychain.com\/fr\/wp-json\/wp\/v2\/product\/4165","targetHints":{"allow":["GET"]}}],"collection":[{"href":"https:\/\/www.usborkeychain.com\/fr\/wp-json\/wp\/v2\/product"}],"about":[{"href":"https:\/\/www.usborkeychain.com\/fr\/wp-json\/wp\/v2\/types\/product"}],"replies":[{"embeddable":true,"href":"https:\/\/www.usborkeychain.com\/fr\/wp-json\/wp\/v2\/comments?post=4165"}],"wp:featuredmedia":[{"embeddable":true,"href":"https:\/\/www.usborkeychain.com\/fr\/wp-json\/wp\/v2\/media\/4169"}],"wp:attachment":[{"href":"https:\/\/www.usborkeychain.com\/fr\/wp-json\/wp\/v2\/media?parent=4165"}],"wp:term":[{"taxonomy":"product_brand","embeddable":true,"href":"https:\/\/www.usborkeychain.com\/fr\/wp-json\/wp\/v2\/product_brand?post=4165"},{"taxonomy":"product_cat","embeddable":true,"href":"https:\/\/www.usborkeychain.com\/fr\/wp-json\/wp\/v2\/product_cat?post=4165"},{"taxonomy":"product_tag","embeddable":true,"href":"https:\/\/www.usborkeychain.com\/fr\/wp-json\/wp\/v2\/product_tag?post=4165"}],"curies":[{"name":"wp","href":"https:\/\/api.w.org\/{rel}","templated":true}]}}