{"id":4173,"date":"2025-07-17T07:53:10","date_gmt":"2025-07-17T07:53:10","guid":{"rendered":"https:\/\/www.usborkeychain.com\/?post_type=product&#038;p=4173"},"modified":"2025-07-18T02:32:45","modified_gmt":"2025-07-18T02:32:45","slug":"cork-bottle-usb-drive","status":"publish","type":"product","link":"https:\/\/www.usborkeychain.com\/fr\/produit\/cork-bottle-usb-drive\/","title":{"rendered":"Cl\u00e9 USB bouteille en li\u00e8ge"},"content":{"rendered":"<figure class=\"wp-block-image aligncenter size-full\"><img alt=\"\" fetchpriority=\"high\" decoding=\"async\" width=\"800\" height=\"800\" src=\"https:\/\/www.usborkeychain.com\/wp-content\/uploads\/Eco-Cork-Wine-USB.png\" class=\"wp-image-4179\" srcset=\"https:\/\/www.usborkeychain.com\/wp-content\/uploads\/Eco-Cork-Wine-USB.png 800w, https:\/\/www.usborkeychain.com\/wp-content\/uploads\/Eco-Cork-Wine-USB-300x300.png 300w, https:\/\/www.usborkeychain.com\/wp-content\/uploads\/Eco-Cork-Wine-USB-150x150.png 150w, https:\/\/www.usborkeychain.com\/wp-content\/uploads\/Eco-Cork-Wine-USB-768x768.png 768w, https:\/\/www.usborkeychain.com\/wp-content\/uploads\/Eco-Cork-Wine-USB-12x12.png 12w, https:\/\/www.usborkeychain.com\/wp-content\/uploads\/Eco-Cork-Wine-USB-600x600.png 600w, https:\/\/www.usborkeychain.com\/wp-content\/uploads\/Eco-Cork-Wine-USB-100x100.png 100w\" sizes=\"(max-width: 800px) 100vw, 800px\" \/><\/figure>\n\n\n\n<p>Le <strong>cl\u00e9 USB bouteille en li\u00e8ge<\/strong> int\u00e8gre intelligemment la forme d'un bouchon de bouteille de vin dans un dispositif de stockage. Il est dot\u00e9 d'une interface USB cach\u00e9e sur le dessus (mod\u00e8le horizontal) et d'une interface plate \u00e0 goulot d'\u00e9tranglement (mod\u00e8le vertical), ce qui permet une exp\u00e9rience \"plug-and-play\" pratique. Compact et portable, le mat\u00e9riau li\u00e8ge offre une touche naturelle et rustique. Il s'agit non seulement d'un outil de stockage de donn\u00e9es pratique, mais aussi d'un ornement d\u00e9licat, qui ajoute du plaisir \u00e0 l'utilisation quotidienne et convient aussi bien aux cadeaux d'affaires qu'au stockage personnel.<\/p>\n\n\n\n<h2 class=\"wp-block-heading\">Quels sont les param\u00e8tres de la cl\u00e9 USB bouteille de li\u00e8ge ?<\/h2>\n\n\n\n<p>Vous trouverez ci-dessous les principaux param\u00e8tres de la cl\u00e9 USB en forme de bouteille de li\u00e8ge. Les fabricants de cl\u00e9s USB contr\u00f4lent strictement la qualit\u00e9 pour garantir la performance :<\/p>\n\n\n\n<figure class=\"wp-block-table\"><table class=\"has-fixed-layout\"><thead><tr><th>Cat\u00e9gorie de param\u00e8tres<\/th><th>D\u00e9tails<\/th><\/tr><\/thead><tbody><tr><td>Type d'interface<\/td><td>USB 2.0<\/td><\/tr><tr><td>Capacit\u00e9 de stockage<\/td><td>8GB, 16GB, 32GB, 64GB, 128GB<\/td><\/tr><tr><td>Composition du mat\u00e9riau<\/td><td>Bouchon de bouteille en li\u00e8ge naturel + r\u00e9sine \u00e9cologique ABS<\/td><\/tr><tr><td>Dimensions du produit<\/td><td>Longueur totale : environ 60-70 mm ; Diam\u00e8tre de la partie de la bouteille : environ 15-20 mm<\/td><\/tr><tr><td>\u00c9paisseur du li\u00e8ge<\/td><td>Couche de li\u00e8ge : environ 3-5 mm<\/td><\/tr><tr><td>Poids<\/td><td>Environ 10-15 grammes<\/td><\/tr><\/tbody><\/table><\/figure>\n\n\n\n<p>Le mat\u00e9riau en li\u00e8ge est respectueux de l'environnement et pr\u00e9sente des textures uniques, ce qui rend chaque cl\u00e9 USB l\u00e9g\u00e8rement diff\u00e9rente. Sa taille compacte permet de l'attacher facilement \u00e0 un porte-cl\u00e9s ou de la placer dans un portefeuille sans qu'elle ne prenne de place.<\/p>\n\n\n\n<div class=\"wp-block-columns is-layout-flex wp-container-core-columns-is-layout-28f84493 wp-block-columns-is-layout-flex\">\n<div class=\"wp-block-column is-layout-flow wp-block-column-is-layout-flow\">\n<figure class=\"wp-block-image size-full\"><img alt=\"\" decoding=\"async\" width=\"800\" height=\"800\" src=\"https:\/\/www.usborkeychain.com\/wp-content\/uploads\/Wine-Cork-USB-Drive.png\" class=\"wp-image-4181\" srcset=\"https:\/\/www.usborkeychain.com\/wp-content\/uploads\/Wine-Cork-USB-Drive.png 800w, https:\/\/www.usborkeychain.com\/wp-content\/uploads\/Wine-Cork-USB-Drive-300x300.png 300w, https:\/\/www.usborkeychain.com\/wp-content\/uploads\/Wine-Cork-USB-Drive-150x150.png 150w, https:\/\/www.usborkeychain.com\/wp-content\/uploads\/Wine-Cork-USB-Drive-768x768.png 768w, https:\/\/www.usborkeychain.com\/wp-content\/uploads\/Wine-Cork-USB-Drive-12x12.png 12w, https:\/\/www.usborkeychain.com\/wp-content\/uploads\/Wine-Cork-USB-Drive-600x600.png 600w, https:\/\/www.usborkeychain.com\/wp-content\/uploads\/Wine-Cork-USB-Drive-100x100.png 100w\" sizes=\"(max-width: 800px) 100vw, 800px\" \/><\/figure>\n<\/div>\n\n\n\n<div class=\"wp-block-column is-layout-flow wp-block-column-is-layout-flow\">\n<figure class=\"wp-block-image size-full\"><img alt=\"\" decoding=\"async\" width=\"800\" height=\"800\" src=\"https:\/\/www.usborkeychain.com\/wp-content\/uploads\/Natural-Cork-USB-Storage.png\" class=\"wp-image-4180\" srcset=\"https:\/\/www.usborkeychain.com\/wp-content\/uploads\/Natural-Cork-USB-Storage.png 800w, https:\/\/www.usborkeychain.com\/wp-content\/uploads\/Natural-Cork-USB-Storage-300x300.png 300w, https:\/\/www.usborkeychain.com\/wp-content\/uploads\/Natural-Cork-USB-Storage-150x150.png 150w, https:\/\/www.usborkeychain.com\/wp-content\/uploads\/Natural-Cork-USB-Storage-768x768.png 768w, https:\/\/www.usborkeychain.com\/wp-content\/uploads\/Natural-Cork-USB-Storage-12x12.png 12w, https:\/\/www.usborkeychain.com\/wp-content\/uploads\/Natural-Cork-USB-Storage-600x600.png 600w, https:\/\/www.usborkeychain.com\/wp-content\/uploads\/Natural-Cork-USB-Storage-100x100.png 100w\" sizes=\"(max-width: 800px) 100vw, 800px\" \/><\/figure>\n<\/div>\n<\/div>\n\n\n\n<h2 class=\"wp-block-heading\">Quelles sont les performances de la cl\u00e9 USB bouteille de li\u00e8ge et quels sont les sc\u00e9narios pour lesquels elle est adapt\u00e9e ?<\/h2>\n\n\n\n<p>En termes de performances, la stabilit\u00e9 de la lecture et de l'\u00e9criture est fondamentale. Il peut stocker quotidiennement des documents, des photos et des vid\u00e9os sans erreur de transmission.<\/p>\n\n\n\n<p>Il convient \u00e0 diff\u00e9rents sc\u00e9narios : Tout d'abord, la promotion d'un domaine viticole. Personnalis\u00e9 avec le logo du domaine, il peut \u00eatre utilis\u00e9 en tant qu'outil de promotion. <strong>cadeau d'adh\u00e9sion<\/strong> ou un <strong>cadeau<\/strong> avec les achats de vin, ce qui permet aux clients d'enregistrer des informations sur les d\u00e9gustations et des anecdotes sur les propri\u00e9t\u00e9s pour promouvoir la marque. Deuxi\u00e8mement, les r\u00e9unions d'affaires. Offert \u00e0 des partenaires, son design unique est m\u00e9morable et il permet de stocker des documents et des plans de r\u00e9union, ce qui est \u00e0 la fois pratique et \u00e9l\u00e9gant. Troisi\u00e8mement, l'usage personnel quotidien. Les passionn\u00e9s de litt\u00e9rature peuvent l'utiliser pour ranger leurs essais et leurs documents d'inspiration. Il est petit, attrayant et facile \u00e0 utiliser, et peut servir de porte-cl\u00e9s pour un acc\u00e8s instantan\u00e9 aux donn\u00e9es.<\/p>\n\n\n\n<p>Exemples :<\/p>\n\n\n\n<figure class=\"wp-block-table\"><table class=\"has-fixed-layout\"><thead><tr><th>Type de sc\u00e9nario<\/th><th>Description du cas<\/th><\/tr><\/thead><tbody><tr><td>Marketing des marques d'alcool<\/td><td>Articles promotionnels personnalis\u00e9s pour Changyu\/Great Wall Wine afin de renforcer la notori\u00e9t\u00e9 de la marque<\/td><\/tr><tr><td>Cadeaux d'affaires haut de gamme<\/td><td>Souvenirs de la r\u00e9union annuelle de l'entreprise (grav\u00e9s avec les slogans de l'entreprise pour am\u00e9liorer la reconnaissance)<\/td><\/tr><tr><td>Produits cr\u00e9atifs culturels et touristiques<\/td><td>Mod\u00e8les personnalis\u00e9s pour les centres d'accueil des vignobles bordelais en France, avec des ventes mensuelles d\u00e9passant les 2 000 unit\u00e9s.<\/td><\/tr><tr><td>Restauration Dons des membres<\/td><td><\/td><\/tr><\/tbody><\/table><\/figure>\n\n\n\n<div class=\"wp-block-columns is-layout-flex wp-container-core-columns-is-layout-28f84493 wp-block-columns-is-layout-flex\">\n<div class=\"wp-block-column is-layout-flow wp-block-column-is-layout-flow\">\n<figure class=\"wp-block-image size-full\"><img alt=\"\" loading=\"lazy\" decoding=\"async\" width=\"800\" height=\"800\" src=\"https:\/\/www.usborkeychain.com\/wp-content\/uploads\/Corked-Bottle-USB.png\" class=\"wp-image-4178\" srcset=\"https:\/\/www.usborkeychain.com\/wp-content\/uploads\/Corked-Bottle-USB.png 800w, https:\/\/www.usborkeychain.com\/wp-content\/uploads\/Corked-Bottle-USB-300x300.png 300w, https:\/\/www.usborkeychain.com\/wp-content\/uploads\/Corked-Bottle-USB-150x150.png 150w, https:\/\/www.usborkeychain.com\/wp-content\/uploads\/Corked-Bottle-USB-768x768.png 768w, https:\/\/www.usborkeychain.com\/wp-content\/uploads\/Corked-Bottle-USB-12x12.png 12w, https:\/\/www.usborkeychain.com\/wp-content\/uploads\/Corked-Bottle-USB-600x600.png 600w, https:\/\/www.usborkeychain.com\/wp-content\/uploads\/Corked-Bottle-USB-100x100.png 100w\" sizes=\"(max-width: 800px) 100vw, 800px\" \/><\/figure>\n<\/div>\n\n\n\n<div class=\"wp-block-column is-layout-flow wp-block-column-is-layout-flow\">\n<figure class=\"wp-block-image size-full\"><img alt=\"\" loading=\"lazy\" decoding=\"async\" width=\"800\" height=\"800\" src=\"https:\/\/www.usborkeychain.com\/wp-content\/uploads\/Cork-Wine-Bottle-USB.png\" class=\"wp-image-4177\" srcset=\"https:\/\/www.usborkeychain.com\/wp-content\/uploads\/Cork-Wine-Bottle-USB.png 800w, https:\/\/www.usborkeychain.com\/wp-content\/uploads\/Cork-Wine-Bottle-USB-300x300.png 300w, https:\/\/www.usborkeychain.com\/wp-content\/uploads\/Cork-Wine-Bottle-USB-150x150.png 150w, https:\/\/www.usborkeychain.com\/wp-content\/uploads\/Cork-Wine-Bottle-USB-768x768.png 768w, https:\/\/www.usborkeychain.com\/wp-content\/uploads\/Cork-Wine-Bottle-USB-12x12.png 12w, https:\/\/www.usborkeychain.com\/wp-content\/uploads\/Cork-Wine-Bottle-USB-600x600.png 600w, https:\/\/www.usborkeychain.com\/wp-content\/uploads\/Cork-Wine-Bottle-USB-100x100.png 100w\" sizes=\"(max-width: 800px) 100vw, 800px\" \/><\/figure>\n<\/div>\n<\/div>\n\n\n\n<h2 class=\"wp-block-heading\">La cl\u00e9 USB bouteille de li\u00e8ge peut-elle \u00eatre imprim\u00e9e avec un logo ?<\/h2>\n\n\n\n<p>L'impression de logos est un service cl\u00e9 dans<strong> Cl\u00e9 USB<\/strong> la personnalisation. La gravure au laser est couramment utilis\u00e9e pour graver avec pr\u00e9cision des logos et des identifiants VI sur la surface du bouchon, avec des lignes claires qui ne se d\u00e9tachent pas facilement. L'impression couleur UV est \u00e9galement disponible, permettant l'impression de motifs en couleur sur le corps de la bouteille.<\/p>\n\n\n\n<figure class=\"wp-block-image aligncenter size-full\"><img alt=\"\" loading=\"lazy\" decoding=\"async\" width=\"800\" height=\"800\" src=\"https:\/\/www.usborkeychain.com\/wp-content\/uploads\/Bottle-Cork-Shaped-USB.png\" class=\"wp-image-4176\" srcset=\"https:\/\/www.usborkeychain.com\/wp-content\/uploads\/Bottle-Cork-Shaped-USB.png 800w, https:\/\/www.usborkeychain.com\/wp-content\/uploads\/Bottle-Cork-Shaped-USB-300x300.png 300w, https:\/\/www.usborkeychain.com\/wp-content\/uploads\/Bottle-Cork-Shaped-USB-150x150.png 150w, https:\/\/www.usborkeychain.com\/wp-content\/uploads\/Bottle-Cork-Shaped-USB-768x768.png 768w, https:\/\/www.usborkeychain.com\/wp-content\/uploads\/Bottle-Cork-Shaped-USB-12x12.png 12w, https:\/\/www.usborkeychain.com\/wp-content\/uploads\/Bottle-Cork-Shaped-USB-600x600.png 600w, https:\/\/www.usborkeychain.com\/wp-content\/uploads\/Bottle-Cork-Shaped-USB-100x100.png 100w\" sizes=\"(max-width: 800px) 100vw, 800px\" \/><\/figure>\n\n\n\n<p>Le pr\u00e9sent<strong> cl\u00e9 USB cr\u00e9ative <\/strong>combine la texture chaleureuse des f\u00fbts de ch\u00eane fran\u00e7ais et l'esth\u00e9tique du vin rouge dans un format r\u00e9duit. Le corps de la bouteille en li\u00e8ge naturel et le bouchon rouge fonc\u00e9 recr\u00e9ent le sens rituel du vin fin vieilli, tandis que la conception de l'interface USB cach\u00e9e est comme l'ouverture d'une bouteille de vin vieilli - il suffit de tourner l\u00e9g\u00e8rement le \"bouchon\" pour que les donn\u00e9es circulent comme du bon vin. La philosophie orientale \"le vin est un confident\" et \"le vin refl\u00e8te le caract\u00e8re\", \u00e9l\u00e8ve l'outil num\u00e9rique au rang de support \u00e9motionnel. Pour les entreprises, il s'agit d'un excellent moyen de personnaliser l'histoire de la marque (comme les coffrets cadeaux VIP personnalis\u00e9s de Changyu Winery) ; pour les particuliers, il devient un gage de collection t\u00e9moignant de l'amiti\u00e9. Lorsque la technologie est impr\u00e9gn\u00e9e de l'esth\u00e9tique de la vie, chaque transmission de donn\u00e9es est un hommage \u00e0 l'artisanat et au go\u00fbt.<\/p>","protected":false},"excerpt":{"rendered":"<ul>\n<li>Petit et portable<\/li>\n<li>Lecture stable<\/li>\n<li>Mat\u00e9riau bois<\/li>\n<li>Vitesse plus rapide et haute qualit\u00e9<\/li>\n<li>Fiabilit\u00e9 et s\u00e9curit\u00e9<\/li>\n<\/ul>","protected":false},"featured_media":4179,"comment_status":"open","ping_status":"closed","template":"","meta":{"_seopress_robots_primary_cat":"","_seopress_titles_title":"Cork Bottle USB Drive;creative USB drive","_seopress_titles_desc":"","_seopress_robots_index":"","site-sidebar-layout":"default","site-content-layout":"","ast-site-content-layout":"","site-content-style":"default","site-sidebar-style":"default","ast-global-header-display":"","ast-banner-title-visibility":"","ast-main-header-display":"","ast-hfb-above-header-display":"","ast-hfb-below-header-display":"","ast-hfb-mobile-header-display":"","site-post-title":"","ast-breadcrumbs-content":"","ast-featured-img":"","footer-sml-layout":"","theme-transparent-header-meta":"","adv-header-id-meta":"","stick-header-meta":"","header-above-stick-meta":"","header-main-stick-meta":"","header-below-stick-meta":"","astra-migrate-meta-layouts":"default","ast-page-background-enabled":"default","ast-page-background-meta":{"desktop":{"background-color":"var(--ast-global-color-5)","background-image":"","background-repeat":"repeat","background-position":"center center","background-size":"auto","background-attachment":"scroll","background-type":"","background-media":"","overlay-type":"","overlay-color":"","overlay-opacity":"","overlay-gradient":""},"tablet":{"background-color":"","background-image":"","background-repeat":"repeat","background-position":"center center","background-size":"auto","background-attachment":"scroll","background-type":"","background-media":"","overlay-type":"","overlay-color":"","overlay-opacity":"","overlay-gradient":""},"mobile":{"background-color":"","background-image":"","background-repeat":"repeat","background-position":"center center","background-size":"auto","background-attachment":"scroll","background-type":"","background-media":"","overlay-type":"","overlay-color":"","overlay-opacity":"","overlay-gradient":""}},"ast-content-background-meta":{"desktop":{"background-color":"var(--ast-global-color-4)","background-image":"","background-repeat":"repeat","background-position":"center center","background-size":"auto","background-attachment":"scroll","background-type":"","background-media":"","overlay-type":"","overlay-color":"","overlay-opacity":"","overlay-gradient":""},"tablet":{"background-color":"var(--ast-global-color-4)","background-image":"","background-repeat":"repeat","background-position":"center center","background-size":"auto","background-attachment":"scroll","background-type":"","background-media":"","overlay-type":"","overlay-color":"","overlay-opacity":"","overlay-gradient":""},"mobile":{"background-color":"var(--ast-global-color-4)","background-image":"","background-repeat":"repeat","background-position":"center center","background-size":"auto","background-attachment":"scroll","background-type":"","background-media":"","overlay-type":"","overlay-color":"","overlay-opacity":"","overlay-gradient":""}}},"product_brand":[],"product_cat":[168],"product_tag":[232,233,234],"class_list":{"0":"post-4173","1":"product","2":"type-product","3":"status-publish","4":"has-post-thumbnail","6":"product_cat-wood-usb-flash-drive","7":"product_tag-cork-bottle-usb-drive","8":"product_tag-creative-usb-drive","9":"product_tag-wooden-bottle-usb-drive","10":"desktop-align-left","11":"tablet-align-left","12":"mobile-align-left","14":"first","15":"instock","16":"shipping-taxable","17":"product-type-simple"},"_links":{"self":[{"href":"https:\/\/www.usborkeychain.com\/fr\/wp-json\/wp\/v2\/product\/4173","targetHints":{"allow":["GET"]}}],"collection":[{"href":"https:\/\/www.usborkeychain.com\/fr\/wp-json\/wp\/v2\/product"}],"about":[{"href":"https:\/\/www.usborkeychain.com\/fr\/wp-json\/wp\/v2\/types\/product"}],"replies":[{"embeddable":true,"href":"https:\/\/www.usborkeychain.com\/fr\/wp-json\/wp\/v2\/comments?post=4173"}],"wp:featuredmedia":[{"embeddable":true,"href":"https:\/\/www.usborkeychain.com\/fr\/wp-json\/wp\/v2\/media\/4179"}],"wp:attachment":[{"href":"https:\/\/www.usborkeychain.com\/fr\/wp-json\/wp\/v2\/media?parent=4173"}],"wp:term":[{"taxonomy":"product_brand","embeddable":true,"href":"https:\/\/www.usborkeychain.com\/fr\/wp-json\/wp\/v2\/product_brand?post=4173"},{"taxonomy":"product_cat","embeddable":true,"href":"https:\/\/www.usborkeychain.com\/fr\/wp-json\/wp\/v2\/product_cat?post=4173"},{"taxonomy":"product_tag","embeddable":true,"href":"https:\/\/www.usborkeychain.com\/fr\/wp-json\/wp\/v2\/product_tag?post=4173"}],"curies":[{"name":"wp","href":"https:\/\/api.w.org\/{rel}","templated":true}]}}