{"id":4182,"date":"2025-07-17T09:16:56","date_gmt":"2025-07-17T09:16:56","guid":{"rendered":"https:\/\/www.usborkeychain.com\/?post_type=product&#038;p=4182"},"modified":"2025-07-22T14:18:53","modified_gmt":"2025-07-22T14:18:53","slug":"red-wine-cork-usb-drive","status":"publish","type":"product","link":"https:\/\/www.usborkeychain.com\/fr\/produit\/red-wine-cork-usb-drive\/","title":{"rendered":"Cl\u00e9 USB en li\u00e8ge de vin rouge"},"content":{"rendered":"<p>Le <strong>cl\u00e9 USB en bouchon de vin rouge<\/strong> reproduit astucieusement la forme d'un bouchon de vin rouge, associant le mat\u00e9riau naturel qu'est le li\u00e8ge \u00e0 la fonctionnalit\u00e9 de stockage. Il est dot\u00e9 d'une cha\u00eene m\u00e9tallique sur le dessus pour en faciliter le transport ; en retirant le bouchon, on d\u00e9couvre l'interface USB, ce qui cr\u00e9e une exp\u00e9rience amusante d'\"ouverture et d'utilisation\". Compacte et peu encombrante, elle n'est pas seulement un outil de stockage de donn\u00e9es fiable, mais elle ressemble aussi \u00e0 un bouchon de li\u00e8ge exquis tir\u00e9 d'une bouteille de vin, brisant ainsi les contraintes des conceptions traditionnelles des cl\u00e9s USB.<\/p>\n\n\n\n<div class=\"wp-block-columns is-layout-flex wp-container-core-columns-is-layout-28f84493 wp-block-columns-is-layout-flex\">\n<div class=\"wp-block-column is-layout-flow wp-block-column-is-layout-flow\">\n<figure class=\"wp-block-image size-full\"><img alt=\"\" fetchpriority=\"high\" decoding=\"async\" width=\"800\" height=\"800\" src=\"https:\/\/www.usborkeychain.com\/wp-content\/uploads\/Wine-Cork-USB-for-Promotion.png\" class=\"wp-image-4197\" srcset=\"https:\/\/www.usborkeychain.com\/wp-content\/uploads\/Wine-Cork-USB-for-Promotion.png 800w, https:\/\/www.usborkeychain.com\/wp-content\/uploads\/Wine-Cork-USB-for-Promotion-300x300.png 300w, https:\/\/www.usborkeychain.com\/wp-content\/uploads\/Wine-Cork-USB-for-Promotion-150x150.png 150w, https:\/\/www.usborkeychain.com\/wp-content\/uploads\/Wine-Cork-USB-for-Promotion-768x768.png 768w, https:\/\/www.usborkeychain.com\/wp-content\/uploads\/Wine-Cork-USB-for-Promotion-12x12.png 12w, https:\/\/www.usborkeychain.com\/wp-content\/uploads\/Wine-Cork-USB-for-Promotion-600x600.png 600w, https:\/\/www.usborkeychain.com\/wp-content\/uploads\/Wine-Cork-USB-for-Promotion-100x100.png 100w\" sizes=\"(max-width: 800px) 100vw, 800px\" \/><\/figure>\n<\/div>\n\n\n\n<div class=\"wp-block-column is-layout-flow wp-block-column-is-layout-flow\">\n<figure class=\"wp-block-image size-full\"><img alt=\"\" decoding=\"async\" width=\"800\" height=\"800\" src=\"https:\/\/www.usborkeychain.com\/wp-content\/uploads\/Wine-Cork-USB-Ornamen.png\" class=\"wp-image-4198\" srcset=\"https:\/\/www.usborkeychain.com\/wp-content\/uploads\/Wine-Cork-USB-Ornamen.png 800w, https:\/\/www.usborkeychain.com\/wp-content\/uploads\/Wine-Cork-USB-Ornamen-300x300.png 300w, https:\/\/www.usborkeychain.com\/wp-content\/uploads\/Wine-Cork-USB-Ornamen-150x150.png 150w, https:\/\/www.usborkeychain.com\/wp-content\/uploads\/Wine-Cork-USB-Ornamen-768x768.png 768w, https:\/\/www.usborkeychain.com\/wp-content\/uploads\/Wine-Cork-USB-Ornamen-12x12.png 12w, https:\/\/www.usborkeychain.com\/wp-content\/uploads\/Wine-Cork-USB-Ornamen-600x600.png 600w, https:\/\/www.usborkeychain.com\/wp-content\/uploads\/Wine-Cork-USB-Ornamen-100x100.png 100w\" sizes=\"(max-width: 800px) 100vw, 800px\" \/><\/figure>\n<\/div>\n<\/div>\n\n\n\n<h2 class=\"wp-block-heading\">Param\u00e8tres d\u00e9taill\u00e9s de la cl\u00e9 USB en li\u00e8ge de vin rouge<\/h2>\n\n\n\n<p><strong>Cl\u00e9 USB<\/strong> Les fabricants contr\u00f4lent rigoureusement la production, et les param\u00e8tres fondamentaux suivants d\u00e9montrent clairement les performances du produit :<\/p>\n\n\n\n<figure class=\"wp-block-table\"><table class=\"has-fixed-layout\"><thead><tr><th>Cat\u00e9gorie de param\u00e8tres<\/th><th>D\u00e9tails<\/th><\/tr><\/thead><tbody><tr><td>Type d'interface<\/td><td>USB 2.0\/3.0<\/td><\/tr><tr><td>Capacit\u00e9 de stockage<\/td><td>8GB, 16GB, 32GB, 64GB, 128GB<\/td><\/tr><tr><td>Dimensions du produit<\/td><td>Diam\u00e8tre : environ 20-25mm ; Longueur : environ 30-35mm<\/td><\/tr><tr><td>\u00c9paisseur du li\u00e8ge<\/td><td>Couche de li\u00e8ge : environ 5-8 mm<\/td><\/tr><tr><td>Poids<\/td><td>Environ 8-12 grammes<\/td><\/tr><\/tbody><\/table><\/figure>\n\n\n\n<p>Il pr\u00e9sente des avantages consid\u00e9rables : <strong>li\u00e8ge naturel<\/strong> est respectueuse de l'environnement et pr\u00e9sente des textures uniques qui font de chaque cl\u00e9 USB une pi\u00e8ce unique. Sa taille convient aux d\u00e9placements quotidiens et se glisse facilement dans les poches ou sur les porte-cl\u00e9s.<\/p>\n\n\n\n<div class=\"wp-block-columns is-layout-flex wp-container-core-columns-is-layout-28f84493 wp-block-columns-is-layout-flex\">\n<div class=\"wp-block-column is-layout-flow wp-block-column-is-layout-flow\">\n<figure class=\"wp-block-image size-full\"><img alt=\"\" decoding=\"async\" width=\"800\" height=\"800\" src=\"https:\/\/www.usborkeychain.com\/wp-content\/uploads\/Wine-Cork-Gift-USB.png\" class=\"wp-image-4194\" srcset=\"https:\/\/www.usborkeychain.com\/wp-content\/uploads\/Wine-Cork-Gift-USB.png 800w, https:\/\/www.usborkeychain.com\/wp-content\/uploads\/Wine-Cork-Gift-USB-300x300.png 300w, https:\/\/www.usborkeychain.com\/wp-content\/uploads\/Wine-Cork-Gift-USB-150x150.png 150w, https:\/\/www.usborkeychain.com\/wp-content\/uploads\/Wine-Cork-Gift-USB-768x768.png 768w, https:\/\/www.usborkeychain.com\/wp-content\/uploads\/Wine-Cork-Gift-USB-12x12.png 12w, https:\/\/www.usborkeychain.com\/wp-content\/uploads\/Wine-Cork-Gift-USB-600x600.png 600w, https:\/\/www.usborkeychain.com\/wp-content\/uploads\/Wine-Cork-Gift-USB-100x100.png 100w\" sizes=\"(max-width: 800px) 100vw, 800px\" \/><\/figure>\n<\/div>\n\n\n\n<div class=\"wp-block-column is-layout-flow wp-block-column-is-layout-flow\">\n<figure class=\"wp-block-image size-full\"><img alt=\"\" loading=\"lazy\" decoding=\"async\" width=\"800\" height=\"800\" src=\"https:\/\/www.usborkeychain.com\/wp-content\/uploads\/Wine-Cork-USB-Drive-1.png\" class=\"wp-image-4196\" srcset=\"https:\/\/www.usborkeychain.com\/wp-content\/uploads\/Wine-Cork-USB-Drive-1.png 800w, https:\/\/www.usborkeychain.com\/wp-content\/uploads\/Wine-Cork-USB-Drive-1-300x300.png 300w, https:\/\/www.usborkeychain.com\/wp-content\/uploads\/Wine-Cork-USB-Drive-1-150x150.png 150w, https:\/\/www.usborkeychain.com\/wp-content\/uploads\/Wine-Cork-USB-Drive-1-768x768.png 768w, https:\/\/www.usborkeychain.com\/wp-content\/uploads\/Wine-Cork-USB-Drive-1-12x12.png 12w, https:\/\/www.usborkeychain.com\/wp-content\/uploads\/Wine-Cork-USB-Drive-1-600x600.png 600w, https:\/\/www.usborkeychain.com\/wp-content\/uploads\/Wine-Cork-USB-Drive-1-100x100.png 100w\" sizes=\"(max-width: 800px) 100vw, 800px\" \/><\/figure>\n<\/div>\n<\/div>\n\n\n\n<div class=\"wp-block-columns is-layout-flex wp-container-core-columns-is-layout-28f84493 wp-block-columns-is-layout-flex\">\n<div class=\"wp-block-column is-layout-flow wp-block-column-is-layout-flow\">\n<figure class=\"wp-block-image size-full\"><img alt=\"\" loading=\"lazy\" decoding=\"async\" width=\"800\" height=\"800\" src=\"https:\/\/www.usborkeychain.com\/wp-content\/uploads\/Vintage-Cork-Wine-USB.png\" class=\"wp-image-4193\" srcset=\"https:\/\/www.usborkeychain.com\/wp-content\/uploads\/Vintage-Cork-Wine-USB.png 800w, https:\/\/www.usborkeychain.com\/wp-content\/uploads\/Vintage-Cork-Wine-USB-300x300.png 300w, https:\/\/www.usborkeychain.com\/wp-content\/uploads\/Vintage-Cork-Wine-USB-150x150.png 150w, https:\/\/www.usborkeychain.com\/wp-content\/uploads\/Vintage-Cork-Wine-USB-768x768.png 768w, https:\/\/www.usborkeychain.com\/wp-content\/uploads\/Vintage-Cork-Wine-USB-12x12.png 12w, https:\/\/www.usborkeychain.com\/wp-content\/uploads\/Vintage-Cork-Wine-USB-600x600.png 600w, https:\/\/www.usborkeychain.com\/wp-content\/uploads\/Vintage-Cork-Wine-USB-100x100.png 100w\" sizes=\"(max-width: 800px) 100vw, 800px\" \/><\/figure>\n<\/div>\n\n\n\n<div class=\"wp-block-column is-layout-flow wp-block-column-is-layout-flow\">\n<figure class=\"wp-block-image size-full\"><img alt=\"\" loading=\"lazy\" decoding=\"async\" width=\"800\" height=\"800\" src=\"https:\/\/www.usborkeychain.com\/wp-content\/uploads\/Cork-Wine-Stopper-USB.png\" class=\"wp-image-4188\" srcset=\"https:\/\/www.usborkeychain.com\/wp-content\/uploads\/Cork-Wine-Stopper-USB.png 800w, https:\/\/www.usborkeychain.com\/wp-content\/uploads\/Cork-Wine-Stopper-USB-300x300.png 300w, https:\/\/www.usborkeychain.com\/wp-content\/uploads\/Cork-Wine-Stopper-USB-150x150.png 150w, https:\/\/www.usborkeychain.com\/wp-content\/uploads\/Cork-Wine-Stopper-USB-768x768.png 768w, https:\/\/www.usborkeychain.com\/wp-content\/uploads\/Cork-Wine-Stopper-USB-12x12.png 12w, https:\/\/www.usborkeychain.com\/wp-content\/uploads\/Cork-Wine-Stopper-USB-600x600.png 600w, https:\/\/www.usborkeychain.com\/wp-content\/uploads\/Cork-Wine-Stopper-USB-100x100.png 100w\" sizes=\"(max-width: 800px) 100vw, 800px\" \/><\/figure>\n<\/div>\n<\/div>\n\n\n\n<h2 class=\"wp-block-heading\">Performances et sc\u00e9narios applicables<\/h2>\n\n\n\n<p>En termes de performances, la stabilit\u00e9 de la lecture et de l'\u00e9criture est fondamentale. Il permet de stocker des documents, des photos, des vid\u00e9os, etc., dans le cadre d'une utilisation quotidienne, avec un risque minimal d'erreurs de transmission de donn\u00e9es ou de ralentissements. Il convient \u00e0 diff\u00e9rents sc\u00e9narios :<\/p>\n\n\n\n<ul class=\"wp-block-list\">\n<li><strong>Promotion de l'industrie du vin rouge<\/strong>: Les \u00e9tablissements vinicoles peuvent y apposer le logo de leur marque pour l'offrir en cadeau lors de l'achat d'un vin ou pour en faire b\u00e9n\u00e9ficier leurs membres. Les clients peuvent y ranger des guides de d\u00e9gustation et des documents sur l'histoire de la cave, contribuant ainsi \u00e0 diffuser la culture de la marque. Des domaines viticoles r\u00e9put\u00e9s comme Lafite et Penfolds l'utilisent comme cadeau personnalis\u00e9 pour renforcer la reconnaissance de la marque.<\/li>\n\n\n\n<li><strong>Activit\u00e9s commerciales<\/strong>: En tant que souvenir pour les partenaires lors de r\u00e9unions d'affaires ou de d\u00eeners, son design unique laisse une impression profonde. Il peut contenir des documents de r\u00e9union et des plans de coop\u00e9ration. \u00c0 la fois pratique et \u00e9l\u00e9gant, il aide les entreprises \u00e0 renforcer leurs liens dans le cadre de leurs interactions commerciales.<\/li>\n\n\n\n<li><strong>Usage personnel<\/strong>: Les amateurs de litt\u00e9rature et les collectionneurs de vin rouge peuvent l'utiliser pour stocker des commentaires sur le vin et des photos de voyage. Compact et \u00e9l\u00e9gant, il prend peu de place. Accroch\u00e9 \u00e0 un porte-cl\u00e9s, il sert \u00e0 la fois de d\u00e9coration et d'outil pratique pour acc\u00e9der aux donn\u00e9es \u00e0 tout moment, r\u00e9pondant ainsi aux besoins de stockage quotidien et d'affichage de la personnalit\u00e9.<\/li>\n<\/ul>\n\n\n\n<div class=\"wp-block-columns is-layout-flex wp-container-core-columns-is-layout-28f84493 wp-block-columns-is-layout-flex\">\n<div class=\"wp-block-column is-layout-flow wp-block-column-is-layout-flow\">\n<figure class=\"wp-block-image size-full\"><img alt=\"\" loading=\"lazy\" decoding=\"async\" width=\"750\" height=\"750\" src=\"https:\/\/www.usborkeychain.com\/wp-content\/uploads\/Wine-Cork-Memory-Stick.webp\" class=\"wp-image-4195\" srcset=\"https:\/\/www.usborkeychain.com\/wp-content\/uploads\/Wine-Cork-Memory-Stick.webp 750w, https:\/\/www.usborkeychain.com\/wp-content\/uploads\/Wine-Cork-Memory-Stick-300x300.webp 300w, https:\/\/www.usborkeychain.com\/wp-content\/uploads\/Wine-Cork-Memory-Stick-150x150.webp 150w, https:\/\/www.usborkeychain.com\/wp-content\/uploads\/Wine-Cork-Memory-Stick-12x12.webp 12w, https:\/\/www.usborkeychain.com\/wp-content\/uploads\/Wine-Cork-Memory-Stick-600x600.webp 600w, https:\/\/www.usborkeychain.com\/wp-content\/uploads\/Wine-Cork-Memory-Stick-100x100.webp 100w\" sizes=\"(max-width: 750px) 100vw, 750px\" \/><\/figure>\n<\/div>\n\n\n\n<div class=\"wp-block-column is-layout-flow wp-block-column-is-layout-flow\">\n<figure class=\"wp-block-image size-full\"><img alt=\"\" loading=\"lazy\" decoding=\"async\" width=\"750\" height=\"750\" src=\"https:\/\/www.usborkeychain.com\/wp-content\/uploads\/Natural-Cork-USB.webp\" class=\"wp-image-4190\" srcset=\"https:\/\/www.usborkeychain.com\/wp-content\/uploads\/Natural-Cork-USB.webp 750w, https:\/\/www.usborkeychain.com\/wp-content\/uploads\/Natural-Cork-USB-300x300.webp 300w, https:\/\/www.usborkeychain.com\/wp-content\/uploads\/Natural-Cork-USB-150x150.webp 150w, https:\/\/www.usborkeychain.com\/wp-content\/uploads\/Natural-Cork-USB-12x12.webp 12w, https:\/\/www.usborkeychain.com\/wp-content\/uploads\/Natural-Cork-USB-600x600.webp 600w, https:\/\/www.usborkeychain.com\/wp-content\/uploads\/Natural-Cork-USB-100x100.webp 100w\" sizes=\"(max-width: 750px) 100vw, 750px\" \/><\/figure>\n<\/div>\n<\/div>\n\n\n\n<h2 class=\"wp-block-heading\"> Personnalisation du logo et techniques<\/h2>\n\n\n\n<p>La personnalisation du logo est un \u00e9l\u00e9ment cl\u00e9 de la<strong> Cl\u00e9 USB<\/strong> services de personnalisation. La gravure au laser est couramment utilis\u00e9e pour graver avec pr\u00e9cision des logos et des identifiants VI sur la surface du li\u00e8ge, avec des lignes claires qui se fondent naturellement dans la texture du li\u00e8ge et r\u00e9sistent \u00e0 l'usure et \u00e0 l'\u00e9caillage. La s\u00e9rigraphie peut \u00e9galement \u00eatre appliqu\u00e9e \u00e0 l'extr\u00e9mit\u00e9 du bouchon pour imprimer des motifs et des textes color\u00e9s, s'adaptant ainsi aux diff\u00e9rents styles de marque. Que les entreprises de vin rouge cherchent \u00e0 renforcer leur image de marque ou que d'autres industries aient besoin de cadeaux personnalis\u00e9s, ces deux techniques permettent d'obtenir des conceptions personnalis\u00e9es.<\/p>\n\n\n\n<div class=\"wp-block-columns is-layout-flex wp-container-core-columns-is-layout-28f84493 wp-block-columns-is-layout-flex\">\n<div class=\"wp-block-column is-layout-flow wp-block-column-is-layout-flow\">\n<figure class=\"wp-block-image size-full\"><img alt=\"\" loading=\"lazy\" decoding=\"async\" width=\"800\" height=\"800\" src=\"https:\/\/www.usborkeychain.com\/wp-content\/uploads\/Artistic-Cork-Wine-USB.png\" class=\"wp-image-4185\" srcset=\"https:\/\/www.usborkeychain.com\/wp-content\/uploads\/Artistic-Cork-Wine-USB.png 800w, https:\/\/www.usborkeychain.com\/wp-content\/uploads\/Artistic-Cork-Wine-USB-300x300.png 300w, https:\/\/www.usborkeychain.com\/wp-content\/uploads\/Artistic-Cork-Wine-USB-150x150.png 150w, https:\/\/www.usborkeychain.com\/wp-content\/uploads\/Artistic-Cork-Wine-USB-768x768.png 768w, https:\/\/www.usborkeychain.com\/wp-content\/uploads\/Artistic-Cork-Wine-USB-12x12.png 12w, https:\/\/www.usborkeychain.com\/wp-content\/uploads\/Artistic-Cork-Wine-USB-600x600.png 600w, https:\/\/www.usborkeychain.com\/wp-content\/uploads\/Artistic-Cork-Wine-USB-100x100.png 100w\" sizes=\"(max-width: 800px) 100vw, 800px\" \/><\/figure>\n<\/div>\n\n\n\n<div class=\"wp-block-column is-layout-flow wp-block-column-is-layout-flow\">\n<figure class=\"wp-block-image size-full\"><img alt=\"\" loading=\"lazy\" decoding=\"async\" width=\"800\" height=\"800\" src=\"https:\/\/www.usborkeychain.com\/wp-content\/uploads\/Sustainable-Cork-Wine-USB.png\" class=\"wp-image-4192\" srcset=\"https:\/\/www.usborkeychain.com\/wp-content\/uploads\/Sustainable-Cork-Wine-USB.png 800w, https:\/\/www.usborkeychain.com\/wp-content\/uploads\/Sustainable-Cork-Wine-USB-300x300.png 300w, https:\/\/www.usborkeychain.com\/wp-content\/uploads\/Sustainable-Cork-Wine-USB-150x150.png 150w, https:\/\/www.usborkeychain.com\/wp-content\/uploads\/Sustainable-Cork-Wine-USB-768x768.png 768w, https:\/\/www.usborkeychain.com\/wp-content\/uploads\/Sustainable-Cork-Wine-USB-12x12.png 12w, https:\/\/www.usborkeychain.com\/wp-content\/uploads\/Sustainable-Cork-Wine-USB-600x600.png 600w, https:\/\/www.usborkeychain.com\/wp-content\/uploads\/Sustainable-Cork-Wine-USB-100x100.png 100w\" sizes=\"(max-width: 800px) 100vw, 800px\" \/><\/figure>\n<\/div>\n<\/div>\n\n\n\n<h2 class=\"wp-block-heading\">R\u00e9sum\u00e9<\/h2>\n\n\n\n<p>Le <strong>cl\u00e9 USB en bouchon de vin rouge<\/strong>Avec son aspect unique de li\u00e8ge naturel, ses param\u00e8tres professionnels clairs, ses performances stables et pratiques et ses services flexibles de personnalisation de logo, la cl\u00e9 USB est devenue un produit cr\u00e9atif distinctif des fabricants de cl\u00e9s USB. Les fabricants professionnels de cl\u00e9s USB personnalis\u00e9es utilisent la gravure au laser pour infuser l'ADN de la marque dans chaque centim\u00e8tre de la texture du bois, \u00e9levant ainsi le stockage de donn\u00e9es \u00e0 un support de connexion \u00e9motionnelle. Il s'agit d'une combinaison parfaite de cr\u00e9ativit\u00e9 et de praticit\u00e9, qui m\u00e9rite d'\u00eatre exp\u00e9riment\u00e9e.<\/p>\n\n\n\n<div class=\"wp-block-columns is-layout-flex wp-container-core-columns-is-layout-28f84493 wp-block-columns-is-layout-flex\">\n<div class=\"wp-block-column is-layout-flow wp-block-column-is-layout-flow\">\n<figure class=\"wp-block-image size-full\"><img alt=\"\" loading=\"lazy\" decoding=\"async\" width=\"800\" height=\"800\" src=\"https:\/\/www.usborkeychain.com\/wp-content\/uploads\/Cork-USB-with-Tin-Case.png\" class=\"wp-image-4187\" srcset=\"https:\/\/www.usborkeychain.com\/wp-content\/uploads\/Cork-USB-with-Tin-Case.png 800w, https:\/\/www.usborkeychain.com\/wp-content\/uploads\/Cork-USB-with-Tin-Case-300x300.png 300w, https:\/\/www.usborkeychain.com\/wp-content\/uploads\/Cork-USB-with-Tin-Case-150x150.png 150w, https:\/\/www.usborkeychain.com\/wp-content\/uploads\/Cork-USB-with-Tin-Case-768x768.png 768w, https:\/\/www.usborkeychain.com\/wp-content\/uploads\/Cork-USB-with-Tin-Case-12x12.png 12w, https:\/\/www.usborkeychain.com\/wp-content\/uploads\/Cork-USB-with-Tin-Case-600x600.png 600w, https:\/\/www.usborkeychain.com\/wp-content\/uploads\/Cork-USB-with-Tin-Case-100x100.png 100w\" sizes=\"(max-width: 800px) 100vw, 800px\" \/><\/figure>\n<\/div>\n\n\n\n<div class=\"wp-block-column is-layout-flow wp-block-column-is-layout-flow\">\n<figure class=\"wp-block-image size-full\"><img alt=\"\" loading=\"lazy\" decoding=\"async\" width=\"800\" height=\"800\" src=\"https:\/\/www.usborkeychain.com\/wp-content\/uploads\/Cork-USB-with-Keychain.png\" class=\"wp-image-4186\" srcset=\"https:\/\/www.usborkeychain.com\/wp-content\/uploads\/Cork-USB-with-Keychain.png 800w, https:\/\/www.usborkeychain.com\/wp-content\/uploads\/Cork-USB-with-Keychain-300x300.png 300w, https:\/\/www.usborkeychain.com\/wp-content\/uploads\/Cork-USB-with-Keychain-150x150.png 150w, https:\/\/www.usborkeychain.com\/wp-content\/uploads\/Cork-USB-with-Keychain-768x768.png 768w, https:\/\/www.usborkeychain.com\/wp-content\/uploads\/Cork-USB-with-Keychain-12x12.png 12w, https:\/\/www.usborkeychain.com\/wp-content\/uploads\/Cork-USB-with-Keychain-600x600.png 600w, https:\/\/www.usborkeychain.com\/wp-content\/uploads\/Cork-USB-with-Keychain-100x100.png 100w\" sizes=\"(max-width: 800px) 100vw, 800px\" \/><\/figure>\n<\/div>\n<\/div>","protected":false},"excerpt":{"rendered":"<ul>\n<li>Ouvrir et utiliser<\/li>\n<li>Li\u00e8ge naturel<\/li>\n<li>Compact<\/li>\n<li>Peu encombrant<\/li>\n<li>Respect de l'environnement<\/li>\n<\/ul>","protected":false},"featured_media":4189,"comment_status":"open","ping_status":"closed","template":"","meta":{"_seopress_robots_primary_cat":"none","_seopress_titles_title":"Red Wine Cork USB Drive\uff1bwooden usb drive","_seopress_titles_desc":"","_seopress_robots_index":"","site-sidebar-layout":"default","site-content-layout":"","ast-site-content-layout":"","site-content-style":"default","site-sidebar-style":"default","ast-global-header-display":"","ast-banner-title-visibility":"","ast-main-header-display":"","ast-hfb-above-header-display":"","ast-hfb-below-header-display":"","ast-hfb-mobile-header-display":"","site-post-title":"","ast-breadcrumbs-content":"","ast-featured-img":"","footer-sml-layout":"","theme-transparent-header-meta":"","adv-header-id-meta":"","stick-header-meta":"","header-above-stick-meta":"","header-main-stick-meta":"","header-below-stick-meta":"","astra-migrate-meta-layouts":"default","ast-page-background-enabled":"default","ast-page-background-meta":{"desktop":{"background-color":"var(--ast-global-color-5)","background-image":"","background-repeat":"repeat","background-position":"center center","background-size":"auto","background-attachment":"scroll","background-type":"","background-media":"","overlay-type":"","overlay-color":"","overlay-opacity":"","overlay-gradient":""},"tablet":{"background-color":"","background-image":"","background-repeat":"repeat","background-position":"center center","background-size":"auto","background-attachment":"scroll","background-type":"","background-media":"","overlay-type":"","overlay-color":"","overlay-opacity":"","overlay-gradient":""},"mobile":{"background-color":"","background-image":"","background-repeat":"repeat","background-position":"center center","background-size":"auto","background-attachment":"scroll","background-type":"","background-media":"","overlay-type":"","overlay-color":"","overlay-opacity":"","overlay-gradient":""}},"ast-content-background-meta":{"desktop":{"background-color":"var(--ast-global-color-4)","background-image":"","background-repeat":"repeat","background-position":"center center","background-size":"auto","background-attachment":"scroll","background-type":"","background-media":"","overlay-type":"","overlay-color":"","overlay-opacity":"","overlay-gradient":""},"tablet":{"background-color":"var(--ast-global-color-4)","background-image":"","background-repeat":"repeat","background-position":"center center","background-size":"auto","background-attachment":"scroll","background-type":"","background-media":"","overlay-type":"","overlay-color":"","overlay-opacity":"","overlay-gradient":""},"mobile":{"background-color":"var(--ast-global-color-4)","background-image":"","background-repeat":"repeat","background-position":"center center","background-size":"auto","background-attachment":"scroll","background-type":"","background-media":"","overlay-type":"","overlay-color":"","overlay-opacity":"","overlay-gradient":""}}},"product_brand":[],"product_cat":[168,101,103],"product_tag":[235,237,236],"class_list":{"0":"post-4182","1":"product","2":"type-product","3":"status-publish","4":"has-post-thumbnail","6":"product_cat-wood-usb-flash-drive","7":"product_cat-usb-pendrive-with-keychain","8":"product_cat-usb2-0-usb-pendrive","9":"product_tag-red-wine-cork-usb-drive","10":"product_tag-wine-cork-usb-flash-drive","11":"product_tag-wooden-usb-drive","12":"desktop-align-left","13":"tablet-align-left","14":"mobile-align-left","16":"first","17":"instock","18":"shipping-taxable","19":"product-type-simple"},"_links":{"self":[{"href":"https:\/\/www.usborkeychain.com\/fr\/wp-json\/wp\/v2\/product\/4182","targetHints":{"allow":["GET"]}}],"collection":[{"href":"https:\/\/www.usborkeychain.com\/fr\/wp-json\/wp\/v2\/product"}],"about":[{"href":"https:\/\/www.usborkeychain.com\/fr\/wp-json\/wp\/v2\/types\/product"}],"replies":[{"embeddable":true,"href":"https:\/\/www.usborkeychain.com\/fr\/wp-json\/wp\/v2\/comments?post=4182"}],"wp:featuredmedia":[{"embeddable":true,"href":"https:\/\/www.usborkeychain.com\/fr\/wp-json\/wp\/v2\/media\/4189"}],"wp:attachment":[{"href":"https:\/\/www.usborkeychain.com\/fr\/wp-json\/wp\/v2\/media?parent=4182"}],"wp:term":[{"taxonomy":"product_brand","embeddable":true,"href":"https:\/\/www.usborkeychain.com\/fr\/wp-json\/wp\/v2\/product_brand?post=4182"},{"taxonomy":"product_cat","embeddable":true,"href":"https:\/\/www.usborkeychain.com\/fr\/wp-json\/wp\/v2\/product_cat?post=4182"},{"taxonomy":"product_tag","embeddable":true,"href":"https:\/\/www.usborkeychain.com\/fr\/wp-json\/wp\/v2\/product_tag?post=4182"}],"curies":[{"name":"wp","href":"https:\/\/api.w.org\/{rel}","templated":true}]}}