{"id":4203,"date":"2025-07-18T07:07:55","date_gmt":"2025-07-18T07:07:55","guid":{"rendered":"https:\/\/www.usborkeychain.com\/?post_type=product&#038;p=4203"},"modified":"2025-07-19T08:52:46","modified_gmt":"2025-07-19T08:52:46","slug":"wooden-heart-shaped-usb-flash-drive","status":"publish","type":"product","link":"https:\/\/www.usborkeychain.com\/fr\/produit\/wooden-heart-shaped-usb-flash-drive\/","title":{"rendered":"Cl\u00e9 USB en bois en forme de coeur"},"content":{"rendered":"<div class=\"wp-block-columns is-layout-flex wp-container-core-columns-is-layout-28f84493 wp-block-columns-is-layout-flex\">\n<div class=\"wp-block-column is-layout-flow wp-block-column-is-layout-flow\">\n<figure class=\"wp-block-image size-full\"><img alt=\"\" fetchpriority=\"high\" decoding=\"async\" width=\"800\" height=\"800\" src=\"https:\/\/www.usborkeychain.com\/wp-content\/uploads\/Heart-Woody-USB.png\" class=\"wp-image-4207\" srcset=\"https:\/\/www.usborkeychain.com\/wp-content\/uploads\/Heart-Woody-USB.png 800w, https:\/\/www.usborkeychain.com\/wp-content\/uploads\/Heart-Woody-USB-300x300.png 300w, https:\/\/www.usborkeychain.com\/wp-content\/uploads\/Heart-Woody-USB-150x150.png 150w, https:\/\/www.usborkeychain.com\/wp-content\/uploads\/Heart-Woody-USB-768x768.png 768w, https:\/\/www.usborkeychain.com\/wp-content\/uploads\/Heart-Woody-USB-12x12.png 12w, https:\/\/www.usborkeychain.com\/wp-content\/uploads\/Heart-Woody-USB-600x600.png 600w, https:\/\/www.usborkeychain.com\/wp-content\/uploads\/Heart-Woody-USB-100x100.png 100w\" sizes=\"(max-width: 800px) 100vw, 800px\" \/><\/figure>\n<\/div>\n\n\n\n<div class=\"wp-block-column is-vertically-aligned-center is-layout-flow wp-block-column-is-layout-flow\">\n<p>Le <strong>cl\u00e9 USB en bois en forme de c\u0153ur<\/strong> est fabriqu\u00e9 \u00e0 partir de bois naturels tels que le noyer et le h\u00eatre, chaque pi\u00e8ce pr\u00e9sentant un grain d\u00e9licat et unique. Il s'agit d'une solution de stockage num\u00e9rique originale qui allie respect de l'environnement et \u00e9l\u00e9gance. <\/p>\n\n\n\n<p>Son <strong>en forme de c\u0153ur<\/strong> Le design de cette cl\u00e9 USB apporte une touche de romantisme, rompt avec la monotonie des cl\u00e9s USB traditionnelles et constitue un support de stockage qui d\u00e9finit la personnalit\u00e9 de l'utilisateur. La couleur bois naturel s'harmonise avec diff\u00e9rents styles, ce qui en fait un gadget num\u00e9rique pratique et esth\u00e9tique qui permet de stocker des documents de travail, des photos pr\u00e9cieuses et de la musique pr\u00e9f\u00e9r\u00e9e. <\/p>\n\n\n\n<p>Il s'accompagne d'un porte-cl\u00e9s m\u00e9tallique amovible, qui transforme le rangement en un accessoire de mode astucieux \u00e0 porter sur soi au quotidien.<\/p>\n<\/div>\n<\/div>\n\n\n\n<h2 class=\"wp-block-heading\">Tableau des param\u00e8tres de la cl\u00e9 USB<\/h2>\n\n\n\n<figure class=\"wp-block-table\"><table class=\"has-fixed-layout\"><thead><tr><th>Cat\u00e9gorie de param\u00e8tres<\/th><th>D\u00e9tails<\/th><\/tr><\/thead><tbody><tr><td>Type d'interface<\/td><td>USB 2.0\/USB 3.0 en option<\/td><\/tr><tr><td>Capacit\u00e9 de stockage<\/td><td>8GB, 16GB, 32GB, 64GB, 128GB<\/td><\/tr><tr><td>Poids<\/td><td>Environ 12-18g<\/td><\/tr><tr><td>\u00c9paisseur du bois<\/td><td>Environ 0,8-1,2 cm<\/td><\/tr><\/tbody><\/table><\/figure>\n\n\n\n<h2 class=\"wp-block-heading\">Est-il livr\u00e9 avec un porte-cl\u00e9s ?<\/h2>\n\n\n\n<div class=\"wp-block-columns is-layout-flex wp-container-core-columns-is-layout-28f84493 wp-block-columns-is-layout-flex\">\n<div class=\"wp-block-column is-layout-flow wp-block-column-is-layout-flow\">\n<p>Le <strong>cl\u00e9 USB en bois en forme de c\u0153ur<\/strong> a \u00e9t\u00e9 con\u00e7u dans un souci de portabilit\u00e9, avec un trou de serrure sp\u00e9cialement con\u00e7u \u00e0 cet effet sur sa tranche. Gr\u00e2ce \u00e0 ce trou de serrure, il peut \u00eatre associ\u00e9 \u00e0 un porte-cl\u00e9s en m\u00e9tal, ce qui permet de l'attacher facilement \u00e0 un sac, \u00e0 un portefeuille ou \u00e0 un porte-cl\u00e9s. Cette conception r\u00e9duit le risque de perte, garantissant que vos donn\u00e9es importantes sont toujours \u00e0 port\u00e9e de main lors de vos d\u00e9placements professionnels, de vos trajets domicile-travail ou de vos voyages, puisqu'il s'accroche facilement \u00e0 vos effets personnels.<\/p>\n<\/div>\n\n\n\n<div class=\"wp-block-column is-layout-flow wp-block-column-is-layout-flow\">\n<figure class=\"wp-block-image size-full\"><img alt=\"\" decoding=\"async\" width=\"800\" height=\"800\" src=\"https:\/\/www.usborkeychain.com\/wp-content\/uploads\/Nature-Love-USB-Drive.png\" class=\"wp-image-4208\" srcset=\"https:\/\/www.usborkeychain.com\/wp-content\/uploads\/Nature-Love-USB-Drive.png 800w, https:\/\/www.usborkeychain.com\/wp-content\/uploads\/Nature-Love-USB-Drive-300x300.png 300w, https:\/\/www.usborkeychain.com\/wp-content\/uploads\/Nature-Love-USB-Drive-150x150.png 150w, https:\/\/www.usborkeychain.com\/wp-content\/uploads\/Nature-Love-USB-Drive-768x768.png 768w, https:\/\/www.usborkeychain.com\/wp-content\/uploads\/Nature-Love-USB-Drive-12x12.png 12w, https:\/\/www.usborkeychain.com\/wp-content\/uploads\/Nature-Love-USB-Drive-600x600.png 600w, https:\/\/www.usborkeychain.com\/wp-content\/uploads\/Nature-Love-USB-Drive-100x100.png 100w\" sizes=\"(max-width: 800px) 100vw, 800px\" \/><\/figure>\n<\/div>\n<\/div>\n\n\n\n<h2 class=\"wp-block-heading\">Peut-on y apposer un logo ?<\/h2>\n\n\n\n<div class=\"wp-block-columns is-layout-flex wp-container-core-columns-is-layout-28f84493 wp-block-columns-is-layout-flex\">\n<div class=\"wp-block-column is-layout-flow wp-block-column-is-layout-flow\">\n<figure class=\"wp-block-image size-full\"><img alt=\"\" decoding=\"async\" width=\"800\" height=\"800\" src=\"https:\/\/www.usborkeychain.com\/wp-content\/uploads\/TimberLoveKey-USB.png\" class=\"wp-image-4209\" srcset=\"https:\/\/www.usborkeychain.com\/wp-content\/uploads\/TimberLoveKey-USB.png 800w, https:\/\/www.usborkeychain.com\/wp-content\/uploads\/TimberLoveKey-USB-300x300.png 300w, https:\/\/www.usborkeychain.com\/wp-content\/uploads\/TimberLoveKey-USB-150x150.png 150w, https:\/\/www.usborkeychain.com\/wp-content\/uploads\/TimberLoveKey-USB-768x768.png 768w, https:\/\/www.usborkeychain.com\/wp-content\/uploads\/TimberLoveKey-USB-12x12.png 12w, https:\/\/www.usborkeychain.com\/wp-content\/uploads\/TimberLoveKey-USB-600x600.png 600w, https:\/\/www.usborkeychain.com\/wp-content\/uploads\/TimberLoveKey-USB-100x100.png 100w\" sizes=\"(max-width: 800px) 100vw, 800px\" \/><\/figure>\n<\/div>\n\n\n\n<div class=\"wp-block-column is-layout-flow wp-block-column-is-layout-flow\">\n<p><strong>Position d'impression<\/strong>: La surface plate en bois de la cl\u00e9 USB en forme de c\u0153ur.<\/p>\n\n\n\n<p><strong>M\u00e9thodes d'impression<\/strong>:<\/p>\n\n\n\n<ul class=\"wp-block-list\">\n<li><strong>Gravure au laser<\/strong>: L'option pr\u00e9f\u00e9r\u00e9e. Il donne des r\u00e9sultats clairs et durables qui ne s'effacent pas, se fondant parfaitement dans le grain du bois pour une texture haut de gamme.<\/li>\n\n\n\n<li><strong>Pulv\u00e9risation \u00e0 plat\/impression UV<\/strong>: Convient aux logos qui n\u00e9cessitent des couleurs.<\/li>\n<\/ul>\n\n\n\n<p><strong>Contenu personnalisable<\/strong>: Logos, noms de marques, sites web, messages de b\u00e9n\u00e9diction, dates m\u00e9morables, etc.<\/p>\n<\/div>\n<\/div>\n\n\n\n<h2 class=\"wp-block-heading\">\u00c0 quelles industries et entreprises la cl\u00e9 USB en bois en forme de c\u0153ur convient-elle ?<\/h2>\n\n\n\n<div class=\"wp-block-columns is-layout-flex wp-container-core-columns-is-layout-28f84493 wp-block-columns-is-layout-flex\">\n<div class=\"wp-block-column is-layout-flow wp-block-column-is-layout-flow\">\n<p>La cl\u00e9 USB en bois en forme de c\u0153ur trouve de nombreuses applications dans diff\u00e9rents secteurs :<\/p>\n\n\n\n<ul class=\"wp-block-list\">\n<li><strong>Soci\u00e9t\u00e9s d'organisation d'\u00e9v\u00e9nements de mariage<\/strong>: Il peut contenir des photos de mariage, des vid\u00e9os et des invitations personnalis\u00e9es. La forme en c\u0153ur s'inscrit dans le th\u00e8me romantique des mariages et peut servir de souvenir pour les jeunes mari\u00e9s ou de cadeau pour les invit\u00e9s afin de conserver de beaux souvenirs.<\/li>\n\n\n\n<li><strong>Studios de photographie de mariage<\/strong>: Les photographes peuvent l'utiliser pour livrer \u00e0 leurs clients des photos et des vid\u00e9os de mariage en haute d\u00e9finition. Sa conception unique am\u00e9liore l'exp\u00e9rience de livraison, renforce la satisfaction du client et s'aligne sur l'engagement du studio \u00e0 fournir un service de haute qualit\u00e9.<\/li>\n\n\n\n<li><strong>Restaurants haut de gamme<\/strong>: Lors de c\u00e9l\u00e9brations d'anniversaires ou de promotions de nouveaux menus, il peut contenir des recettes exclusives (au format \u00e9lectronique), des histoires sur la marque et des offres sp\u00e9ciales. La forme du c\u0153ur est associ\u00e9e au \"partage d'exp\u00e9riences merveilleuses\", ce qui en fait un cadeau promotionnel qui attire l'attention.<\/li>\n\n\n\n<li><strong>Marques de bijoux<\/strong>: Son design romantique et \u00e9l\u00e9gant correspond \u00e0 l'image des marques de bijoux. Il peut contenir des catalogues de produits, des histoires de design et des exp\u00e9riences d'essayage virtuel, et \u00eatre offert en cadeau lors de l'achat ou lors d'\u00e9v\u00e9nements pour renforcer l'engagement des clients.<\/li>\n\n\n\n<li><strong>Magasins de fleurs<\/strong>: Il peut contenir des guides floraux, des souvenirs floraux exclusifs de clients (photos de travaux pass\u00e9s) et des connaissances sur les fleurs. La forme en c\u0153ur correspond \u00e0 la nature \u00e9motionnelle des cadeaux offerts par les fleuristes, ce qui en fait un article promotionnel efficace.<\/li>\n<\/ul>\n<\/div>\n\n\n\n<div class=\"wp-block-column is-layout-flow wp-block-column-is-layout-flow\">\n<figure class=\"wp-block-image size-full\"><img alt=\"\" loading=\"lazy\" decoding=\"async\" width=\"800\" height=\"800\" src=\"https:\/\/www.usborkeychain.com\/wp-content\/uploads\/Eco-Heart-USB-Flash-drive.png\" class=\"wp-image-4206\" srcset=\"https:\/\/www.usborkeychain.com\/wp-content\/uploads\/Eco-Heart-USB-Flash-drive.png 800w, https:\/\/www.usborkeychain.com\/wp-content\/uploads\/Eco-Heart-USB-Flash-drive-300x300.png 300w, https:\/\/www.usborkeychain.com\/wp-content\/uploads\/Eco-Heart-USB-Flash-drive-150x150.png 150w, https:\/\/www.usborkeychain.com\/wp-content\/uploads\/Eco-Heart-USB-Flash-drive-768x768.png 768w, https:\/\/www.usborkeychain.com\/wp-content\/uploads\/Eco-Heart-USB-Flash-drive-12x12.png 12w, https:\/\/www.usborkeychain.com\/wp-content\/uploads\/Eco-Heart-USB-Flash-drive-600x600.png 600w, https:\/\/www.usborkeychain.com\/wp-content\/uploads\/Eco-Heart-USB-Flash-drive-100x100.png 100w\" sizes=\"(max-width: 800px) 100vw, 800px\" \/><\/figure>\n<\/div>\n<\/div>\n\n\n\n<div class=\"wp-block-columns is-layout-flex wp-container-core-columns-is-layout-28f84493 wp-block-columns-is-layout-flex\">\n<div class=\"wp-block-column is-layout-flow wp-block-column-is-layout-flow\">\n<figure class=\"wp-block-image size-full\"><img loading=\"lazy\" decoding=\"async\" width=\"793\" height=\"773\" src=\"https:\/\/www.usborkeychain.com\/wp-content\/uploads\/wooden-heart-shaped-usb-drive.jpg\" alt=\"wooden-heart-shaped-usb-drive\" class=\"wp-image-4224\" srcset=\"https:\/\/www.usborkeychain.com\/wp-content\/uploads\/wooden-heart-shaped-usb-drive.jpg 793w, https:\/\/www.usborkeychain.com\/wp-content\/uploads\/wooden-heart-shaped-usb-drive-300x292.jpg 300w, https:\/\/www.usborkeychain.com\/wp-content\/uploads\/wooden-heart-shaped-usb-drive-768x749.jpg 768w, https:\/\/www.usborkeychain.com\/wp-content\/uploads\/wooden-heart-shaped-usb-drive-12x12.jpg 12w, https:\/\/www.usborkeychain.com\/wp-content\/uploads\/wooden-heart-shaped-usb-drive-600x585.jpg 600w\" sizes=\"(max-width: 793px) 100vw, 793px\" \/><\/figure>\n<\/div>\n\n\n\n<div class=\"wp-block-column is-layout-flow wp-block-column-is-layout-flow\">\n<p>Le <strong>cl\u00e9 USB en bois en forme de c\u0153ur<\/strong> combine le respect de l'environnement, une apparence \u00e0 la mode et une fonctionnalit\u00e9 pratique. Ses mat\u00e9riaux naturels, son design unique et ses caract\u00e9ristiques personnalisables en font un outil adapt\u00e9 \u00e0 la fois \u00e0 un usage personnel et \u00e0 la promotion d'une entreprise. Gr\u00e2ce \u00e0 la possibilit\u00e9 de personnaliser les logos (principalement par gravure laser), il constitue un excellent outil de marketing, en particulier pour les secteurs tels que les services de mariage, la photographie de mariage, la restauration haut de gamme, les marques de bijoux et les magasins de fleurs - en transformant des donn\u00e9es \u00e9lectroniques massives ou des souvenirs pr\u00e9cieux en une b\u00e9n\u00e9diction tangible, portable et chaleureuse.<\/p>\n<\/div>\n<\/div>","protected":false},"excerpt":{"rendered":"<ul>\n<li>En forme de c\u0153ur<\/li>\n<li>Stockage d\u00e9finissant la personnalit\u00e9<\/li>\n<li>Porte-cl\u00e9s<\/li>\n<li>Contenu personnalisable<\/li>\n<li>MOQ:100PCS<\/li>\n<\/ul>","protected":false},"featured_media":4224,"comment_status":"open","ping_status":"closed","template":"","meta":{"_seopress_robots_primary_cat":"none","_seopress_titles_title":"","_seopress_titles_desc":"","_seopress_robots_index":"","site-sidebar-layout":"default","site-content-layout":"","ast-site-content-layout":"","site-content-style":"default","site-sidebar-style":"default","ast-global-header-display":"","ast-banner-title-visibility":"","ast-main-header-display":"","ast-hfb-above-header-display":"","ast-hfb-below-header-display":"","ast-hfb-mobile-header-display":"","site-post-title":"","ast-breadcrumbs-content":"","ast-featured-img":"","footer-sml-layout":"","theme-transparent-header-meta":"","adv-header-id-meta":"","stick-header-meta":"","header-above-stick-meta":"","header-main-stick-meta":"","header-below-stick-meta":"","astra-migrate-meta-layouts":"default","ast-page-background-enabled":"default","ast-page-background-meta":{"desktop":{"background-color":"var(--ast-global-color-5)","background-image":"","background-repeat":"repeat","background-position":"center center","background-size":"auto","background-attachment":"scroll","background-type":"","background-media":"","overlay-type":"","overlay-color":"","overlay-opacity":"","overlay-gradient":""},"tablet":{"background-color":"","background-image":"","background-repeat":"repeat","background-position":"center center","background-size":"auto","background-attachment":"scroll","background-type":"","background-media":"","overlay-type":"","overlay-color":"","overlay-opacity":"","overlay-gradient":""},"mobile":{"background-color":"","background-image":"","background-repeat":"repeat","background-position":"center center","background-size":"auto","background-attachment":"scroll","background-type":"","background-media":"","overlay-type":"","overlay-color":"","overlay-opacity":"","overlay-gradient":""}},"ast-content-background-meta":{"desktop":{"background-color":"var(--ast-global-color-4)","background-image":"","background-repeat":"repeat","background-position":"center center","background-size":"auto","background-attachment":"scroll","background-type":"","background-media":"","overlay-type":"","overlay-color":"","overlay-opacity":"","overlay-gradient":""},"tablet":{"background-color":"var(--ast-global-color-4)","background-image":"","background-repeat":"repeat","background-position":"center center","background-size":"auto","background-attachment":"scroll","background-type":"","background-media":"","overlay-type":"","overlay-color":"","overlay-opacity":"","overlay-gradient":""},"mobile":{"background-color":"var(--ast-global-color-4)","background-image":"","background-repeat":"repeat","background-position":"center center","background-size":"auto","background-attachment":"scroll","background-type":"","background-media":"","overlay-type":"","overlay-color":"","overlay-opacity":"","overlay-gradient":""}}},"product_brand":[],"product_cat":[168],"product_tag":[240,241],"class_list":{"0":"post-4203","1":"product","2":"type-product","3":"status-publish","4":"has-post-thumbnail","6":"product_cat-wood-usb-flash-drive","7":"product_tag-wooden-heart-shaped-usb-drive","8":"product_tag-wooden-usb-flash-drive","9":"desktop-align-left","10":"tablet-align-left","11":"mobile-align-left","13":"first","14":"instock","15":"shipping-taxable","16":"product-type-simple"},"_links":{"self":[{"href":"https:\/\/www.usborkeychain.com\/fr\/wp-json\/wp\/v2\/product\/4203","targetHints":{"allow":["GET"]}}],"collection":[{"href":"https:\/\/www.usborkeychain.com\/fr\/wp-json\/wp\/v2\/product"}],"about":[{"href":"https:\/\/www.usborkeychain.com\/fr\/wp-json\/wp\/v2\/types\/product"}],"replies":[{"embeddable":true,"href":"https:\/\/www.usborkeychain.com\/fr\/wp-json\/wp\/v2\/comments?post=4203"}],"wp:featuredmedia":[{"embeddable":true,"href":"https:\/\/www.usborkeychain.com\/fr\/wp-json\/wp\/v2\/media\/4224"}],"wp:attachment":[{"href":"https:\/\/www.usborkeychain.com\/fr\/wp-json\/wp\/v2\/media?parent=4203"}],"wp:term":[{"taxonomy":"product_brand","embeddable":true,"href":"https:\/\/www.usborkeychain.com\/fr\/wp-json\/wp\/v2\/product_brand?post=4203"},{"taxonomy":"product_cat","embeddable":true,"href":"https:\/\/www.usborkeychain.com\/fr\/wp-json\/wp\/v2\/product_cat?post=4203"},{"taxonomy":"product_tag","embeddable":true,"href":"https:\/\/www.usborkeychain.com\/fr\/wp-json\/wp\/v2\/product_tag?post=4203"}],"curies":[{"name":"wp","href":"https:\/\/api.w.org\/{rel}","templated":true}]}}