{"id":4214,"date":"2025-07-19T04:37:03","date_gmt":"2025-07-19T04:37:03","guid":{"rendered":"https:\/\/www.usborkeychain.com\/?post_type=product&#038;p=4214"},"modified":"2025-07-19T08:54:32","modified_gmt":"2025-07-19T08:54:32","slug":"pvc-cartoon-cat-paw-usb-drive","status":"publish","type":"product","link":"https:\/\/www.usborkeychain.com\/fr\/produit\/pvc-cartoon-cat-paw-usb-drive\/","title":{"rendered":"Cl\u00e9 USB PVC Cartoon Cat Paw"},"content":{"rendered":"<div class=\"wp-block-columns is-layout-flex wp-container-core-columns-is-layout-28f84493 wp-block-columns-is-layout-flex\">\n<div class=\"wp-block-column is-layout-flow wp-block-column-is-layout-flow\">\n<figure class=\"wp-block-image size-full\"><img alt=\"\" fetchpriority=\"high\" decoding=\"async\" width=\"800\" height=\"800\" src=\"https:\/\/www.usborkeychain.com\/wp-content\/uploads\/Cat-Paw-USB-flash-Drive.png\" class=\"wp-image-4217\" srcset=\"https:\/\/www.usborkeychain.com\/wp-content\/uploads\/Cat-Paw-USB-flash-Drive.png 800w, https:\/\/www.usborkeychain.com\/wp-content\/uploads\/Cat-Paw-USB-flash-Drive-300x300.png 300w, https:\/\/www.usborkeychain.com\/wp-content\/uploads\/Cat-Paw-USB-flash-Drive-150x150.png 150w, https:\/\/www.usborkeychain.com\/wp-content\/uploads\/Cat-Paw-USB-flash-Drive-768x768.png 768w, https:\/\/www.usborkeychain.com\/wp-content\/uploads\/Cat-Paw-USB-flash-Drive-12x12.png 12w, https:\/\/www.usborkeychain.com\/wp-content\/uploads\/Cat-Paw-USB-flash-Drive-600x600.png 600w, https:\/\/www.usborkeychain.com\/wp-content\/uploads\/Cat-Paw-USB-flash-Drive-100x100.png 100w\" sizes=\"(max-width: 800px) 100vw, 800px\" \/><\/figure>\n<\/div>\n\n\n\n<div class=\"wp-block-column is-layout-flow wp-block-column-is-layout-flow\">\n<p>Le <strong>Cl\u00e9 USB en PVC avec patte de chat <\/strong>pr\u00e9sente un adorable motif de patte de chat, avec des coussinets arrondis et des lignes ludiques qui reproduisent parfaitement la forme de la patte d'un chat, ce qui a imm\u00e9diatement conquis le c\u0153ur des \"propri\u00e9taires de chats\" et des amateurs d'objets mignons. Il est disponible dans une vari\u00e9t\u00e9 de couleurs vives, allant du rose et du bleu frais au noir et au marron froids, et s'adapte \u00e0 diff\u00e9rentes personnalit\u00e9s. <\/p>\n\n\n\n<p>En tant qu'outil de stockage, il peut transmettre des donn\u00e9es de mani\u00e8re stable, ce qui le rend id\u00e9al pour le stockage quotidien de documents et de photos d'animaux domestiques. Dans les lieux branch\u00e9s tels que <strong>cosplay<\/strong> et <strong>Conventions sur la bande dessin\u00e9e<\/strong>Il s'agit d'un gadget num\u00e9rique \u00e9l\u00e9gant qui leur permet de mettre en valeur leur personnalit\u00e9 et de stocker facilement du mat\u00e9riel, devenant ainsi un objet populaire aupr\u00e8s des jeunes.<\/p>\n<\/div>\n<\/div>\n\n\n\n<h2 class=\"wp-block-heading\">Tableau des param\u00e8tres de la cl\u00e9 USB PVC Cartoon Cat Paw<\/h2>\n\n\n\n<figure class=\"wp-block-table\"><table class=\"has-fixed-layout\"><thead><tr><th>Cat\u00e9gorie de param\u00e8tres<\/th><th>D\u00e9tails<\/th><\/tr><\/thead><tbody><tr><td>Type d'interface<\/td><td>USB 2.0\/USB 3.0<\/td><\/tr><tr><td>Capacit\u00e9 de stockage<\/td><td>8GB, 16GB, 32GB, 64GB, 128GB<\/td><\/tr><tr><td>\u00c9paisseur du mat\u00e9riau PVC<\/td><td>Environ 2 \u00e0 3 mm<\/td><\/tr><tr><td>Taille du produit (longueur \u00d7 largeur \u00d7 hauteur)<\/td><td>Environ 4cm\u00d73cm\u00d72cm<\/td><\/tr><tr><td>Poids<\/td><td>Environ 15 \u00e0 20 g<\/td><\/tr><\/tbody><\/table><\/figure>\n\n\n\n<h2 class=\"wp-block-heading\">La couleur peut-elle \u00eatre personnalis\u00e9e ?<\/h2>\n\n\n\n<div class=\"wp-block-columns is-layout-flex wp-container-core-columns-is-layout-28f84493 wp-block-columns-is-layout-flex\">\n<div class=\"wp-block-column is-layout-flow wp-block-column-is-layout-flow\">\n<figure class=\"wp-block-image size-full\"><img alt=\"\" decoding=\"async\" width=\"800\" height=\"800\" src=\"https:\/\/www.usborkeychain.com\/wp-content\/uploads\/KittyClaw-USB-falsh-drive.png\" class=\"wp-image-4221\" srcset=\"https:\/\/www.usborkeychain.com\/wp-content\/uploads\/KittyClaw-USB-falsh-drive.png 800w, https:\/\/www.usborkeychain.com\/wp-content\/uploads\/KittyClaw-USB-falsh-drive-300x300.png 300w, https:\/\/www.usborkeychain.com\/wp-content\/uploads\/KittyClaw-USB-falsh-drive-150x150.png 150w, https:\/\/www.usborkeychain.com\/wp-content\/uploads\/KittyClaw-USB-falsh-drive-768x768.png 768w, https:\/\/www.usborkeychain.com\/wp-content\/uploads\/KittyClaw-USB-falsh-drive-12x12.png 12w, https:\/\/www.usborkeychain.com\/wp-content\/uploads\/KittyClaw-USB-falsh-drive-600x600.png 600w, https:\/\/www.usborkeychain.com\/wp-content\/uploads\/KittyClaw-USB-falsh-drive-100x100.png 100w\" sizes=\"(max-width: 800px) 100vw, 800px\" \/><\/figure>\n<\/div>\n\n\n\n<div class=\"wp-block-column is-layout-flow wp-block-column-is-layout-flow\">\n<p>Le <strong>Cl\u00e9 USB en PVC avec patte de chat<\/strong> permet la personnalisation de diff\u00e9rentes couleurs. Qu'il s'agisse de la couleur de la marque de l'entreprise ou d'un ton unique pr\u00e9f\u00e9r\u00e9 par les individus, il est possible d'y parvenir gr\u00e2ce au processus de m\u00e9lange des couleurs des mat\u00e9riaux en PVC. Par exemple, les clubs d'anime peuvent personnaliser des cl\u00e9s USB en forme de patte de chat dans les couleurs du personnage, et les marques de produits de beaut\u00e9 peuvent utiliser leur couleur exclusive, le rose, le violet, etc.<\/p>\n<\/div>\n<\/div>\n\n\n\n<h2 class=\"wp-block-heading\">Comment est fabriqu\u00e9e cette cl\u00e9 USB en PVC en forme de patte de chat ?<\/h2>\n\n\n\n<div class=\"wp-block-columns is-layout-flex wp-container-core-columns-is-layout-28f84493 wp-block-columns-is-layout-flex\">\n<div class=\"wp-block-column is-layout-flow wp-block-column-is-layout-flow\">\n<p>Il est fabriqu\u00e9 \u00e0 l'aide d'un processus de moulage par injection de pr\u00e9cision : il garantit que chaque forme de patte de chat est tr\u00e8s coh\u00e9rente, claire et r\u00e9aliste. Le mat\u00e9riau utilis\u00e9 est constitu\u00e9 de particules de PVC de haute qualit\u00e9 et respectueuses de l'environnement, qui sont inject\u00e9es dans le moule \u00e0 haute temp\u00e9rature et sous pression pour la mise en forme. Les couleurs sont obtenues gr\u00e2ce \u00e0 un dosage pr\u00e9cis des m\u00e9langes-ma\u00eetres, ce qui garantit la stabilit\u00e9 des couleurs dans chaque lot.<\/p>\n\n\n\n<p>Il permet \u00e9galement l'impression de logos. La s\u00e9rigraphie peut \u00eatre utilis\u00e9e pour imprimer des logos de marque et de jolis motifs sur la surface de la patte de chat ; la gravure au laser peut \u00e9galement \u00eatre adopt\u00e9e pour cr\u00e9er des marques de logo exquises et durables, facilitant ainsi la personnalisation exclusive pour les entreprises, les clubs, etc.<\/p>\n<\/div>\n\n\n\n<div class=\"wp-block-column is-layout-flow wp-block-column-is-layout-flow\">\n<figure class=\"wp-block-image size-full\"><img alt=\"\" decoding=\"async\" width=\"800\" height=\"800\" src=\"https:\/\/www.usborkeychain.com\/wp-content\/uploads\/FurryPaw-usb-Flash-drive.png\" class=\"wp-image-4220\" srcset=\"https:\/\/www.usborkeychain.com\/wp-content\/uploads\/FurryPaw-usb-Flash-drive.png 800w, https:\/\/www.usborkeychain.com\/wp-content\/uploads\/FurryPaw-usb-Flash-drive-300x300.png 300w, https:\/\/www.usborkeychain.com\/wp-content\/uploads\/FurryPaw-usb-Flash-drive-150x150.png 150w, https:\/\/www.usborkeychain.com\/wp-content\/uploads\/FurryPaw-usb-Flash-drive-768x768.png 768w, https:\/\/www.usborkeychain.com\/wp-content\/uploads\/FurryPaw-usb-Flash-drive-12x12.png 12w, https:\/\/www.usborkeychain.com\/wp-content\/uploads\/FurryPaw-usb-Flash-drive-600x600.png 600w, https:\/\/www.usborkeychain.com\/wp-content\/uploads\/FurryPaw-usb-Flash-drive-100x100.png 100w\" sizes=\"(max-width: 800px) 100vw, 800px\" \/><\/figure>\n<\/div>\n<\/div>\n\n\n\n<h2 class=\"wp-block-heading\">Sc\u00e8nes appropri\u00e9es<\/h2>\n\n\n\n<h3 class=\"wp-block-heading\">Sc\u00e8nes culturelles branch\u00e9es<\/h3>\n\n\n\n<ul class=\"wp-block-list\">\n<li>Clubs de cosplay et conventions de bandes dessin\u00e9es : Les cosplayeurs l'utilisent pour stocker des r\u00e9f\u00e9rences de mod\u00e9lisation de personnages et des photos d'\u00e9v\u00e9nements. En tant que cadeau p\u00e9riph\u00e9rique lors des conventions de bandes dessin\u00e9es, les fans peuvent porter la mignonne cl\u00e9 USB en forme de patte de chat pour acc\u00e9der \u00e0 tout moment \u00e0 des documents li\u00e9s au cosplay, ce qui correspond \u00e0 l'atmosph\u00e8re culturelle branch\u00e9e.<\/li>\n\n\n\n<li>Studios bidimensionnels : Elle est utilis\u00e9e pour stocker les dessins originaux d'anime et les \u00e9bauches de conception. Lors de la communication avec d'autres personnes, la remise d'une cl\u00e9 USB \u00e0 patte de chat imprim\u00e9e avec le logo du studio est \u00e0 la fois pratique et utile pour renforcer l'image de marque.<\/li>\n<\/ul>\n\n\n\n<h3 class=\"wp-block-heading\">Sc\u00e8nes de marketing d'entreprise<\/h3>\n\n\n\n<ul class=\"wp-block-list\">\n<li>Marques de beaut\u00e9 : Personnalisez des cl\u00e9s USB en forme de patte de chat aux couleurs de la marque, stockez des vid\u00e9os de promotion des produits et des informations sur les essais, et utilisez-les comme cadeaux pour les achats d\u00e9passant un certain montant. Les jeunes consommateurs adorent les utiliser, ce qui contribue \u00e0 promouvoir la marque.<\/li>\n\n\n\n<li>Entreprises de produits pour animaux de compagnie : Il stocke les connaissances sur les soins aux animaux et les nouveaux produits, qui peuvent \u00eatre utilis\u00e9s par les employ\u00e9s pour le stockage des donn\u00e9es quotidiennes ou comme cadeau de remerciement pour les clients, transmettant ainsi la chaleur de la marque.<\/li>\n\n\n\n<li>\u00c9tablissements d'enseignement et de formation : Distribuez des cl\u00e9s USB \"cat paw\" aux \u00e9tudiants pour qu'ils puissent y stocker leur mat\u00e9riel de cours et leurs dossiers d'\u00e9tude.<\/li>\n\n\n\n<li>Soci\u00e9t\u00e9s d'animation et de jeux : Il est utilis\u00e9 comme cadeau lors des conventions et des lancements de bandes dessin\u00e9es hors ligne et vendu comme p\u00e9riph\u00e9rique de jeu, ce qui permet d'atteindre avec pr\u00e9cision les utilisateurs cibles.<\/li>\n\n\n\n<li>Activit\u00e9s d'aide sociale : Concevoir des pattes de chat sur le th\u00e8me de l'aide sociale (par exemple, s'occuper d'animaux errants) comme souvenirs pour les dons de charit\u00e9 ou comme cadeaux pour les b\u00e9n\u00e9voles, afin de transmettre de la chaleur.<\/li>\n<\/ul>\n\n\n\n<div class=\"wp-block-columns is-layout-flex wp-container-core-columns-is-layout-28f84493 wp-block-columns-is-layout-flex\">\n<div class=\"wp-block-column is-layout-flow wp-block-column-is-layout-flow\">\n<figure class=\"wp-block-image size-full\"><img alt=\"\" loading=\"lazy\" decoding=\"async\" width=\"800\" height=\"800\" src=\"https:\/\/www.usborkeychain.com\/wp-content\/uploads\/Paw-USB-Flash-drive.png\" class=\"wp-image-4222\" srcset=\"https:\/\/www.usborkeychain.com\/wp-content\/uploads\/Paw-USB-Flash-drive.png 800w, https:\/\/www.usborkeychain.com\/wp-content\/uploads\/Paw-USB-Flash-drive-300x300.png 300w, https:\/\/www.usborkeychain.com\/wp-content\/uploads\/Paw-USB-Flash-drive-150x150.png 150w, https:\/\/www.usborkeychain.com\/wp-content\/uploads\/Paw-USB-Flash-drive-768x768.png 768w, https:\/\/www.usborkeychain.com\/wp-content\/uploads\/Paw-USB-Flash-drive-12x12.png 12w, https:\/\/www.usborkeychain.com\/wp-content\/uploads\/Paw-USB-Flash-drive-600x600.png 600w, https:\/\/www.usborkeychain.com\/wp-content\/uploads\/Paw-USB-Flash-drive-100x100.png 100w\" sizes=\"(max-width: 800px) 100vw, 800px\" \/><\/figure>\n<\/div>\n\n\n\n<div class=\"wp-block-column is-layout-flow wp-block-column-is-layout-flow\">\n<figure class=\"wp-block-image size-full\"><img alt=\"\" loading=\"lazy\" decoding=\"async\" width=\"800\" height=\"800\" src=\"https:\/\/www.usborkeychain.com\/wp-content\/uploads\/FunPaw-Keychain-usb-drive.png\" class=\"wp-image-4219\" srcset=\"https:\/\/www.usborkeychain.com\/wp-content\/uploads\/FunPaw-Keychain-usb-drive.png 800w, https:\/\/www.usborkeychain.com\/wp-content\/uploads\/FunPaw-Keychain-usb-drive-300x300.png 300w, https:\/\/www.usborkeychain.com\/wp-content\/uploads\/FunPaw-Keychain-usb-drive-150x150.png 150w, https:\/\/www.usborkeychain.com\/wp-content\/uploads\/FunPaw-Keychain-usb-drive-768x768.png 768w, https:\/\/www.usborkeychain.com\/wp-content\/uploads\/FunPaw-Keychain-usb-drive-12x12.png 12w, https:\/\/www.usborkeychain.com\/wp-content\/uploads\/FunPaw-Keychain-usb-drive-600x600.png 600w, https:\/\/www.usborkeychain.com\/wp-content\/uploads\/FunPaw-Keychain-usb-drive-100x100.png 100w\" sizes=\"(max-width: 800px) 100vw, 800px\" \/><\/figure>\n<\/div>\n<\/div>\n\n\n\n<div class=\"wp-block-columns is-layout-flex wp-container-core-columns-is-layout-28f84493 wp-block-columns-is-layout-flex\">\n<div class=\"wp-block-column is-layout-flow wp-block-column-is-layout-flow\">\n<figure class=\"wp-block-image size-full\"><img alt=\"\" loading=\"lazy\" decoding=\"async\" width=\"800\" height=\"800\" src=\"https:\/\/www.usborkeychain.com\/wp-content\/uploads\/Color-Paw-USB-flash-Drive.png\" class=\"wp-image-4218\" srcset=\"https:\/\/www.usborkeychain.com\/wp-content\/uploads\/Color-Paw-USB-flash-Drive.png 800w, https:\/\/www.usborkeychain.com\/wp-content\/uploads\/Color-Paw-USB-flash-Drive-300x300.png 300w, https:\/\/www.usborkeychain.com\/wp-content\/uploads\/Color-Paw-USB-flash-Drive-150x150.png 150w, https:\/\/www.usborkeychain.com\/wp-content\/uploads\/Color-Paw-USB-flash-Drive-768x768.png 768w, https:\/\/www.usborkeychain.com\/wp-content\/uploads\/Color-Paw-USB-flash-Drive-12x12.png 12w, https:\/\/www.usborkeychain.com\/wp-content\/uploads\/Color-Paw-USB-flash-Drive-600x600.png 600w, https:\/\/www.usborkeychain.com\/wp-content\/uploads\/Color-Paw-USB-flash-Drive-100x100.png 100w\" sizes=\"(max-width: 800px) 100vw, 800px\" \/><\/figure>\n<\/div>\n\n\n\n<div class=\"wp-block-column is-layout-flow wp-block-column-is-layout-flow\">\n<p>Le <strong>Cl\u00e9 USB en PVC avec patte de chat<\/strong> a conquis le c\u0153ur des jeunes utilisateurs et est devenue un outil de marketing peu co\u00fbteux et tr\u00e8s rentable pour les entreprises gr\u00e2ce \u00e0 son aspect attrayant, ses options color\u00e9es, sa fonction de stockage fiable et ses excellentes capacit\u00e9s de personnalisation (couleur + LOGO imprim\u00e9 en UV). Le choix d'un fabricant professionnel exp\u00e9riment\u00e9 pour la personnalisation des cl\u00e9s USB permet non seulement de produire en masse des produits de haute qualit\u00e9 avec une qualit\u00e9 constante, mais aussi de faire correspondre avec pr\u00e9cision les couleurs de la marque, de fournir des solutions pour l'impression UV de logos complexes et d'assurer l'efficacit\u00e9 de la livraison de la production et le contr\u00f4le des co\u00fbts.<\/p>\n\n\n\n<p>Qu'il s'agisse d'un objet cr\u00e9atif quotidien, d'une aide sociale \u00e0 l'entreprise, d'un cadeau pour un \u00e9v\u00e9nement ou d'un support pour la promotion d'une marque, cette cl\u00e9 USB en forme de patte de chat, qui allie le pouvoir de la mignonnerie et la valeur pratique, peut devenir un lien num\u00e9rique reliant les passe-temps \u00e0 la mode et la promotion d'une marque, et continuer \u00e0 gagner en popularit\u00e9 dans le domaine du stockage de la mignonnerie.<\/p>\n<\/div>\n<\/div>","protected":false},"excerpt":{"rendered":"<ul>\n<li>PVC<\/li>\n<li>Dessin anim\u00e9<\/li>\n<li>Patte de chat<\/li>\n<li>Cosplay<\/li>\n<li>Conventions de la bande dessin\u00e9e<\/li>\n<li>MOQ:100PCS<\/li>\n<\/ul>","protected":false},"featured_media":4217,"comment_status":"open","ping_status":"closed","template":"","meta":{"_seopress_robots_primary_cat":"","_seopress_titles_title":"","_seopress_titles_desc":"","_seopress_robots_index":"","site-sidebar-layout":"default","site-content-layout":"","ast-site-content-layout":"","site-content-style":"default","site-sidebar-style":"default","ast-global-header-display":"","ast-banner-title-visibility":"","ast-main-header-display":"","ast-hfb-above-header-display":"","ast-hfb-below-header-display":"","ast-hfb-mobile-header-display":"","site-post-title":"","ast-breadcrumbs-content":"","ast-featured-img":"","footer-sml-layout":"","theme-transparent-header-meta":"","adv-header-id-meta":"","stick-header-meta":"","header-above-stick-meta":"","header-main-stick-meta":"","header-below-stick-meta":"","astra-migrate-meta-layouts":"default","ast-page-background-enabled":"default","ast-page-background-meta":{"desktop":{"background-color":"var(--ast-global-color-5)","background-image":"","background-repeat":"repeat","background-position":"center center","background-size":"auto","background-attachment":"scroll","background-type":"","background-media":"","overlay-type":"","overlay-color":"","overlay-opacity":"","overlay-gradient":""},"tablet":{"background-color":"","background-image":"","background-repeat":"repeat","background-position":"center center","background-size":"auto","background-attachment":"scroll","background-type":"","background-media":"","overlay-type":"","overlay-color":"","overlay-opacity":"","overlay-gradient":""},"mobile":{"background-color":"","background-image":"","background-repeat":"repeat","background-position":"center center","background-size":"auto","background-attachment":"scroll","background-type":"","background-media":"","overlay-type":"","overlay-color":"","overlay-opacity":"","overlay-gradient":""}},"ast-content-background-meta":{"desktop":{"background-color":"var(--ast-global-color-4)","background-image":"","background-repeat":"repeat","background-position":"center center","background-size":"auto","background-attachment":"scroll","background-type":"","background-media":"","overlay-type":"","overlay-color":"","overlay-opacity":"","overlay-gradient":""},"tablet":{"background-color":"var(--ast-global-color-4)","background-image":"","background-repeat":"repeat","background-position":"center center","background-size":"auto","background-attachment":"scroll","background-type":"","background-media":"","overlay-type":"","overlay-color":"","overlay-opacity":"","overlay-gradient":""},"mobile":{"background-color":"var(--ast-global-color-4)","background-image":"","background-repeat":"repeat","background-position":"center center","background-size":"auto","background-attachment":"scroll","background-type":"","background-media":"","overlay-type":"","overlay-color":"","overlay-opacity":"","overlay-gradient":""}}},"product_brand":[],"product_cat":[112],"product_tag":[242,193],"class_list":{"0":"post-4214","1":"product","2":"type-product","3":"status-publish","4":"has-post-thumbnail","6":"product_cat-cartton-usb-pendrive","7":"product_tag-pvc-cartoon-cat-paw-usb-drive","8":"product_tag-pvc-cartoon-usb-flash-drive","9":"desktop-align-left","10":"tablet-align-left","11":"mobile-align-left","13":"first","14":"instock","15":"shipping-taxable","16":"product-type-simple"},"_links":{"self":[{"href":"https:\/\/www.usborkeychain.com\/fr\/wp-json\/wp\/v2\/product\/4214","targetHints":{"allow":["GET"]}}],"collection":[{"href":"https:\/\/www.usborkeychain.com\/fr\/wp-json\/wp\/v2\/product"}],"about":[{"href":"https:\/\/www.usborkeychain.com\/fr\/wp-json\/wp\/v2\/types\/product"}],"replies":[{"embeddable":true,"href":"https:\/\/www.usborkeychain.com\/fr\/wp-json\/wp\/v2\/comments?post=4214"}],"wp:featuredmedia":[{"embeddable":true,"href":"https:\/\/www.usborkeychain.com\/fr\/wp-json\/wp\/v2\/media\/4217"}],"wp:attachment":[{"href":"https:\/\/www.usborkeychain.com\/fr\/wp-json\/wp\/v2\/media?parent=4214"}],"wp:term":[{"taxonomy":"product_brand","embeddable":true,"href":"https:\/\/www.usborkeychain.com\/fr\/wp-json\/wp\/v2\/product_brand?post=4214"},{"taxonomy":"product_cat","embeddable":true,"href":"https:\/\/www.usborkeychain.com\/fr\/wp-json\/wp\/v2\/product_cat?post=4214"},{"taxonomy":"product_tag","embeddable":true,"href":"https:\/\/www.usborkeychain.com\/fr\/wp-json\/wp\/v2\/product_tag?post=4214"}],"curies":[{"name":"wp","href":"https:\/\/api.w.org\/{rel}","templated":true}]}}