{"id":4230,"date":"2025-07-19T10:06:05","date_gmt":"2025-07-19T10:06:05","guid":{"rendered":"https:\/\/www.usborkeychain.com\/?post_type=product&#038;p=4230"},"modified":"2025-07-23T23:50:18","modified_gmt":"2025-07-23T23:50:18","slug":"pvc-cartoon-rose-usb-drive","status":"publish","type":"product","link":"https:\/\/www.usborkeychain.com\/fr\/produit\/pvc-cartoon-rose-usb-drive\/","title":{"rendered":"Cl\u00e9 USB en PVC Cartoon Rose"},"content":{"rendered":"<div class=\"wp-block-columns is-layout-flex wp-container-core-columns-is-layout-28f84493 wp-block-columns-is-layout-flex\">\n<div class=\"wp-block-column is-layout-flow wp-block-column-is-layout-flow\">\n<figure class=\"wp-block-image size-full\"><img alt=\"\" fetchpriority=\"high\" decoding=\"async\" width=\"800\" height=\"800\" src=\"https:\/\/www.usborkeychain.com\/wp-content\/uploads\/Wedding-Rose-USB-flash-drive.png\" class=\"wp-image-4236\" srcset=\"https:\/\/www.usborkeychain.com\/wp-content\/uploads\/Wedding-Rose-USB-flash-drive.png 800w, https:\/\/www.usborkeychain.com\/wp-content\/uploads\/Wedding-Rose-USB-flash-drive-300x300.png 300w, https:\/\/www.usborkeychain.com\/wp-content\/uploads\/Wedding-Rose-USB-flash-drive-150x150.png 150w, https:\/\/www.usborkeychain.com\/wp-content\/uploads\/Wedding-Rose-USB-flash-drive-768x768.png 768w, https:\/\/www.usborkeychain.com\/wp-content\/uploads\/Wedding-Rose-USB-flash-drive-12x12.png 12w, https:\/\/www.usborkeychain.com\/wp-content\/uploads\/Wedding-Rose-USB-flash-drive-600x600.png 600w, https:\/\/www.usborkeychain.com\/wp-content\/uploads\/Wedding-Rose-USB-flash-drive-100x100.png 100w\" sizes=\"(max-width: 800px) 100vw, 800px\" \/><\/figure>\n<\/div>\n\n\n\n<div class=\"wp-block-column is-layout-flow wp-block-column-is-layout-flow\">\n<p>Le <strong>Cl\u00e9 USB en PVC en forme de rose<\/strong> reproduit fid\u00e8lement la forme d'une rose avec des couches de p\u00e9tales et des d\u00e9tails de tiges r\u00e9alistes. Il est disponible dans des couleurs vives telles que le rouge classique, le rose tendre, le blanc frais et le jaune vif, s'adaptant ainsi \u00e0 diverses atmosph\u00e8res romantiques. En tant qu'outil de stockage, il transmet les donn\u00e9es de mani\u00e8re stable et convient au stockage quotidien de fichiers et \u00e0 la conservation de doux souvenirs. Il est particuli\u00e8rement appr\u00e9ci\u00e9 des jeunes femmes, des couples, des travailleurs cr\u00e9atifs, des amateurs de cadeaux et des personnes qui recherchent un sens du rituel dans la vie.<\/p>\n<\/div>\n<\/div>\n\n\n\n<h2 class=\"wp-block-heading\">Tableau des param\u00e8tres de la cl\u00e9 USB<\/h2>\n\n\n\n<figure class=\"wp-block-table\"><table class=\"has-fixed-layout\"><thead><tr><th>Cat\u00e9gorie de param\u00e8tres<\/th><th>D\u00e9tails<\/th><\/tr><\/thead><tbody><tr><td>Type d'interface<\/td><td>USB 2.0\/USB 3.0<\/td><\/tr><tr><td>Capacit\u00e9 de stockage<\/td><td>8GB, 16GB, 32GB, 64GB, 128GB<\/td><\/tr><tr><td>\u00c9paisseur du mat\u00e9riau PVC<\/td><td>Environ 2,5 - 3,5 mm<\/td><\/tr><tr><td>Taille du produit (hauteur \u00d7 diam\u00e8tre de la fleur)<\/td><td>Environ 80mm\u00d730mm<\/td><\/tr><tr><td>Poids<\/td><td>Environ 20 g<\/td><\/tr><\/tbody><\/table><\/figure>\n\n\n\n<h2 class=\"wp-block-heading\">Permet-il de personnaliser les couleurs ?<\/h2>\n\n\n\n<div class=\"wp-block-columns is-layout-flex wp-container-core-columns-is-layout-28f84493 wp-block-columns-is-layout-flex\">\n<div class=\"wp-block-column is-layout-flow wp-block-column-is-layout-flow\">\n<p>Le <strong>Cl\u00e9 USB en PVC en forme de rose<\/strong> prend en charge la personnalisation de diff\u00e9rentes couleurs. Outre les syst\u00e8mes de couleurs romantiques conventionnels, les entreprises peuvent personnaliser la cl\u00e9 en fonction des couleurs de leur marque et des th\u00e8mes de leurs \u00e9v\u00e9nements. Les soci\u00e9t\u00e9s d'organisation de mariages peuvent choisir l'or champagne et le rose-violet qui symbolisent le bonheur ; les soci\u00e9t\u00e9s de photographie peuvent utiliser les couleurs exclusives de leur marque, faisant de la cl\u00e9 USB une \"carte de visite romantique mobile\" pour r\u00e9pondre aux besoins personnalis\u00e9s et orient\u00e9s vers la marque. Les couleurs les plus populaires sont le rouge vif, le rose tendre, le blanc pur et le jaune vif, qui conviennent \u00e0 divers sc\u00e9narios romantiques.<\/p>\n<\/div>\n\n\n\n<div class=\"wp-block-column is-layout-flow wp-block-column-is-layout-flow\">\n<figure class=\"wp-block-image size-full\"><img alt=\"\" decoding=\"async\" width=\"800\" height=\"800\" src=\"https:\/\/www.usborkeychain.com\/wp-content\/uploads\/Romance-USB-flash-drive.png\" class=\"wp-image-4234\" srcset=\"https:\/\/www.usborkeychain.com\/wp-content\/uploads\/Romance-USB-flash-drive.png 800w, https:\/\/www.usborkeychain.com\/wp-content\/uploads\/Romance-USB-flash-drive-300x300.png 300w, https:\/\/www.usborkeychain.com\/wp-content\/uploads\/Romance-USB-flash-drive-150x150.png 150w, https:\/\/www.usborkeychain.com\/wp-content\/uploads\/Romance-USB-flash-drive-768x768.png 768w, https:\/\/www.usborkeychain.com\/wp-content\/uploads\/Romance-USB-flash-drive-12x12.png 12w, https:\/\/www.usborkeychain.com\/wp-content\/uploads\/Romance-USB-flash-drive-600x600.png 600w, https:\/\/www.usborkeychain.com\/wp-content\/uploads\/Romance-USB-flash-drive-100x100.png 100w\" sizes=\"(max-width: 800px) 100vw, 800px\" \/><\/figure>\n<\/div>\n<\/div>\n\n\n\n<h2 class=\"wp-block-heading\">Qu'en est-il de la conception du moulage int\u00e9gral ?<\/h2>\n\n\n\n<div class=\"wp-block-columns is-layout-flex wp-container-core-columns-is-layout-28f84493 wp-block-columns-is-layout-flex\">\n<div class=\"wp-block-column is-layout-flow wp-block-column-is-layout-flow\">\n<figure class=\"wp-block-image size-full\"><img alt=\"\" decoding=\"async\" width=\"800\" height=\"800\" src=\"https:\/\/www.usborkeychain.com\/wp-content\/uploads\/Bloom-USB-Flash-drive.png\" class=\"wp-image-4233\" srcset=\"https:\/\/www.usborkeychain.com\/wp-content\/uploads\/Bloom-USB-Flash-drive.png 800w, https:\/\/www.usborkeychain.com\/wp-content\/uploads\/Bloom-USB-Flash-drive-300x300.png 300w, https:\/\/www.usborkeychain.com\/wp-content\/uploads\/Bloom-USB-Flash-drive-150x150.png 150w, https:\/\/www.usborkeychain.com\/wp-content\/uploads\/Bloom-USB-Flash-drive-768x768.png 768w, https:\/\/www.usborkeychain.com\/wp-content\/uploads\/Bloom-USB-Flash-drive-12x12.png 12w, https:\/\/www.usborkeychain.com\/wp-content\/uploads\/Bloom-USB-Flash-drive-600x600.png 600w, https:\/\/www.usborkeychain.com\/wp-content\/uploads\/Bloom-USB-Flash-drive-100x100.png 100w\" sizes=\"(max-width: 800px) 100vw, 800px\" \/><\/figure>\n<\/div>\n\n\n\n<div class=\"wp-block-column is-layout-flow wp-block-column-is-layout-flow\">\n<p>Il adopte un proc\u00e9d\u00e9 de moulage int\u00e9gral qui associe le trou de serrure en PVC \u00e0 la rose. Un trou de serrure de la m\u00eame couleur est astucieusement plac\u00e9 sur la tige, qui peut \u00eatre \u00e9quip\u00e9e d'un porte-cl\u00e9s en m\u00e9tal. Il peut \u00eatre accroch\u00e9 \u00e0 un porte-cl\u00e9s, \u00e0 un sac ou \u00e0 un portefeuille, ce qui le rend facile \u00e0 transporter lors d'une sortie. Cette conception permet non seulement d'\u00e9viter les pertes, mais aussi d'apporter une touche d'\u00e9l\u00e9gance au quotidien.<\/p>\n<\/div>\n<\/div>\n\n\n\n<h2 class=\"wp-block-heading\">Pour quels particuliers ou entreprises ?<\/h2>\n\n\n\n<div class=\"wp-block-columns is-layout-flex wp-container-core-columns-is-layout-28f84493 wp-block-columns-is-layout-flex\">\n<div class=\"wp-block-column is-layout-flow wp-block-column-is-layout-flow\">\n<ul class=\"wp-block-list\">\n<li>Les \u00e9motions personnelles :\n<ul class=\"wp-block-list\">\n<li>Saint-Valentin \/ Festival Qixi \/ Anniversaire<\/li>\n\n\n\n<li>Cadeaux d'anniversaire pour les meilleurs amis \/ Cadeaux de fin d'\u00e9tudes<\/li>\n\n\n\n<li>Biblioth\u00e8que d'inspiration portable pour les travailleurs cr\u00e9atifs<\/li>\n<\/ul>\n<\/li>\n\n\n\n<li>Des pistes en or pour la personnalisation de l'entreprise :\n<ul class=\"wp-block-list\">\n<li>Soci\u00e9t\u00e9s d'organisation de mariages \/ magasins phares de photographie de mariage : tels que Golden Lady, Bojue Travel Photography<\/li>\n\n\n\n<li>H\u00f4tels \/ centres de vill\u00e9giature haut de gamme : tels que Hilton, Sanya Edition<\/li>\n\n\n\n<li>Bijoux \/ marques de luxe : comme Chow Tai Fook, Pandora<\/li>\n\n\n\n<li>Groupes de sant\u00e9\/beaut\u00e9 pour femmes : tels que Watsons, Ai Kang Guobin<\/li>\n\n\n\n<li>Grands parcs \u00e0 th\u00e8me \/ sites culturels et touristiques : tels que Disney, Chimelong<\/li>\n<\/ul>\n<\/li>\n<\/ul>\n<\/div>\n\n\n\n<div class=\"wp-block-column is-layout-flow wp-block-column-is-layout-flow\">\n<figure class=\"wp-block-image size-full\"><img alt=\"\" loading=\"lazy\" decoding=\"async\" width=\"800\" height=\"800\" src=\"https:\/\/www.usborkeychain.com\/wp-content\/uploads\/Rose-USB-flash-Drive.png\" class=\"wp-image-4235\" srcset=\"https:\/\/www.usborkeychain.com\/wp-content\/uploads\/Rose-USB-flash-Drive.png 800w, https:\/\/www.usborkeychain.com\/wp-content\/uploads\/Rose-USB-flash-Drive-300x300.png 300w, https:\/\/www.usborkeychain.com\/wp-content\/uploads\/Rose-USB-flash-Drive-150x150.png 150w, https:\/\/www.usborkeychain.com\/wp-content\/uploads\/Rose-USB-flash-Drive-768x768.png 768w, https:\/\/www.usborkeychain.com\/wp-content\/uploads\/Rose-USB-flash-Drive-12x12.png 12w, https:\/\/www.usborkeychain.com\/wp-content\/uploads\/Rose-USB-flash-Drive-600x600.png 600w, https:\/\/www.usborkeychain.com\/wp-content\/uploads\/Rose-USB-flash-Drive-100x100.png 100w\" sizes=\"(max-width: 800px) 100vw, 800px\" \/><\/figure>\n<\/div>\n<\/div>\n\n\n\n<ul class=\"wp-block-list\"><\/ul>\n\n\n\n<p>Le <strong>Cl\u00e9 USB en PVC simulant une rose<\/strong>La cl\u00e9 USB, avec sa forme tr\u00e8s romantique, ses couleurs vives personnalis\u00e9es, son syst\u00e8me de portage pratique et sa fonction de stockage stable, a transcend\u00e9 avec succ\u00e8s son attribut d'outil et est devenue un support \u00e9motionnel pour transmettre des sentiments et des marques. Les fabricants professionnels de cl\u00e9s USB personnalis\u00e9es contr\u00f4lent les d\u00e9tails, des couleurs \u00e0 la fabrication, pour r\u00e9pondre \u00e0 des besoins vari\u00e9s. Qu'il s'agisse d'un couple pour pr\u00e9server son intimit\u00e9 ou d'une entreprise pour faire du marketing romantique, la cl\u00e9 USB est un choix pratique et attrayant.<\/p>","protected":false},"excerpt":{"rendered":"<ul>\n<li>Mati\u00e8re PVC<\/li>\n<li>Simili rose<\/li>\n<li>Cartoon Rose<\/li>\n<li>\u00a0Cadeau exprimant l'amour<\/li>\n<li>MOQ:100PCS<\/li>\n<\/ul>","protected":false},"featured_media":4236,"comment_status":"open","ping_status":"closed","template":"","meta":{"_seopress_robots_primary_cat":"","_seopress_titles_title":"","_seopress_titles_desc":"","_seopress_robots_index":"","site-sidebar-layout":"default","site-content-layout":"","ast-site-content-layout":"","site-content-style":"default","site-sidebar-style":"default","ast-global-header-display":"","ast-banner-title-visibility":"","ast-main-header-display":"","ast-hfb-above-header-display":"","ast-hfb-below-header-display":"","ast-hfb-mobile-header-display":"","site-post-title":"","ast-breadcrumbs-content":"","ast-featured-img":"","footer-sml-layout":"","theme-transparent-header-meta":"","adv-header-id-meta":"","stick-header-meta":"","header-above-stick-meta":"","header-main-stick-meta":"","header-below-stick-meta":"","astra-migrate-meta-layouts":"default","ast-page-background-enabled":"default","ast-page-background-meta":{"desktop":{"background-color":"var(--ast-global-color-5)","background-image":"","background-repeat":"repeat","background-position":"center center","background-size":"auto","background-attachment":"scroll","background-type":"","background-media":"","overlay-type":"","overlay-color":"","overlay-opacity":"","overlay-gradient":""},"tablet":{"background-color":"","background-image":"","background-repeat":"repeat","background-position":"center center","background-size":"auto","background-attachment":"scroll","background-type":"","background-media":"","overlay-type":"","overlay-color":"","overlay-opacity":"","overlay-gradient":""},"mobile":{"background-color":"","background-image":"","background-repeat":"repeat","background-position":"center center","background-size":"auto","background-attachment":"scroll","background-type":"","background-media":"","overlay-type":"","overlay-color":"","overlay-opacity":"","overlay-gradient":""}},"ast-content-background-meta":{"desktop":{"background-color":"var(--ast-global-color-4)","background-image":"","background-repeat":"repeat","background-position":"center center","background-size":"auto","background-attachment":"scroll","background-type":"","background-media":"","overlay-type":"","overlay-color":"","overlay-opacity":"","overlay-gradient":""},"tablet":{"background-color":"var(--ast-global-color-4)","background-image":"","background-repeat":"repeat","background-position":"center center","background-size":"auto","background-attachment":"scroll","background-type":"","background-media":"","overlay-type":"","overlay-color":"","overlay-opacity":"","overlay-gradient":""},"mobile":{"background-color":"var(--ast-global-color-4)","background-image":"","background-repeat":"repeat","background-position":"center center","background-size":"auto","background-attachment":"scroll","background-type":"","background-media":"","overlay-type":"","overlay-color":"","overlay-opacity":"","overlay-gradient":""}}},"product_brand":[],"product_cat":[112,94],"product_tag":[244,243],"class_list":{"0":"post-4230","1":"product","2":"type-product","3":"status-publish","4":"has-post-thumbnail","6":"product_cat-cartton-usb-pendrive","7":"product_cat-pvc-usb-pendrive","8":"product_tag-cartoon-usb-flash-drive","9":"product_tag-pvc-cartoon-rose-usb-flash-drive","10":"desktop-align-left","11":"tablet-align-left","12":"mobile-align-left","14":"first","15":"instock","16":"shipping-taxable","17":"product-type-simple"},"_links":{"self":[{"href":"https:\/\/www.usborkeychain.com\/fr\/wp-json\/wp\/v2\/product\/4230","targetHints":{"allow":["GET"]}}],"collection":[{"href":"https:\/\/www.usborkeychain.com\/fr\/wp-json\/wp\/v2\/product"}],"about":[{"href":"https:\/\/www.usborkeychain.com\/fr\/wp-json\/wp\/v2\/types\/product"}],"replies":[{"embeddable":true,"href":"https:\/\/www.usborkeychain.com\/fr\/wp-json\/wp\/v2\/comments?post=4230"}],"wp:featuredmedia":[{"embeddable":true,"href":"https:\/\/www.usborkeychain.com\/fr\/wp-json\/wp\/v2\/media\/4236"}],"wp:attachment":[{"href":"https:\/\/www.usborkeychain.com\/fr\/wp-json\/wp\/v2\/media?parent=4230"}],"wp:term":[{"taxonomy":"product_brand","embeddable":true,"href":"https:\/\/www.usborkeychain.com\/fr\/wp-json\/wp\/v2\/product_brand?post=4230"},{"taxonomy":"product_cat","embeddable":true,"href":"https:\/\/www.usborkeychain.com\/fr\/wp-json\/wp\/v2\/product_cat?post=4230"},{"taxonomy":"product_tag","embeddable":true,"href":"https:\/\/www.usborkeychain.com\/fr\/wp-json\/wp\/v2\/product_tag?post=4230"}],"curies":[{"name":"wp","href":"https:\/\/api.w.org\/{rel}","templated":true}]}}