{"id":4245,"date":"2025-07-19T13:45:17","date_gmt":"2025-07-19T13:45:17","guid":{"rendered":"https:\/\/www.usborkeychain.com\/?post_type=product&#038;p=4245"},"modified":"2025-07-25T01:41:01","modified_gmt":"2025-07-25T01:41:01","slug":"pvc-cartoon-octopus-usb-flash-drive","status":"publish","type":"product","link":"https:\/\/www.usborkeychain.com\/fr\/produit\/pvc-cartoon-octopus-usb-flash-drive\/","title":{"rendered":"Cl\u00e9 USB en PVC Cartoon Octopus"},"content":{"rendered":"<div class=\"wp-block-columns is-layout-flex wp-container-core-columns-is-layout-28f84493 wp-block-columns-is-layout-flex\">\n<div class=\"wp-block-column is-layout-flow wp-block-column-is-layout-flow\">\n<figure class=\"wp-block-image aligncenter size-full\"><img alt=\"\" fetchpriority=\"high\" decoding=\"async\" width=\"800\" height=\"800\" src=\"https:\/\/www.usborkeychain.com\/wp-content\/uploads\/Tentacle-USB-flash-Drive.png\" class=\"wp-image-4251\" srcset=\"https:\/\/www.usborkeychain.com\/wp-content\/uploads\/Tentacle-USB-flash-Drive.png 800w, https:\/\/www.usborkeychain.com\/wp-content\/uploads\/Tentacle-USB-flash-Drive-300x300.png 300w, https:\/\/www.usborkeychain.com\/wp-content\/uploads\/Tentacle-USB-flash-Drive-150x150.png 150w, https:\/\/www.usborkeychain.com\/wp-content\/uploads\/Tentacle-USB-flash-Drive-768x768.png 768w, https:\/\/www.usborkeychain.com\/wp-content\/uploads\/Tentacle-USB-flash-Drive-12x12.png 12w, https:\/\/www.usborkeychain.com\/wp-content\/uploads\/Tentacle-USB-flash-Drive-600x600.png 600w, https:\/\/www.usborkeychain.com\/wp-content\/uploads\/Tentacle-USB-flash-Drive-100x100.png 100w\" sizes=\"(max-width: 800px) 100vw, 800px\" \/><\/figure>\n<\/div>\n\n\n\n<div class=\"wp-block-column is-layout-flow wp-block-column-is-layout-flow\">\n<p>Le <strong>Cl\u00e9 USB pieuvre en PVC<\/strong> reproduit fid\u00e8lement la forme d'une pieuvre gr\u00e2ce \u00e0 un travail artisanal exquis. Ses huit tentacules s'enroulent naturellement et sa t\u00eate ronde est associ\u00e9e \u00e0 des yeux vifs, ce qui rend la forme r\u00e9aliste mais mignonne. La pieuvre est disponible dans une grande vari\u00e9t\u00e9 de couleurs, notamment le bleu des profondeurs, l'orange vibrant et le violet de r\u00eave. Ces couleurs sont vives, pleines et ne se d\u00e9colorent pas facilement, ce qui illustre parfaitement la vitalit\u00e9 et la fra\u00eecheur des \u00e9l\u00e9ments marins. Avec une taille totale de seulement 5 cm, s'adaptant parfaitement \u00e0 la paume de la main, il combine parfaitement les caract\u00e9ristiques d\u00e9coratives mignonnes avec la praticit\u00e9 du portable, capturant avec pr\u00e9cision les faveurs de la g\u00e9n\u00e9ration Z, des passionn\u00e9s de la mer et des travailleurs cr\u00e9atifs.<\/p>\n<\/div>\n<\/div>\n\n\n\n<h2 class=\"wp-block-heading\">Tableau des param\u00e8tres de la cl\u00e9 USB PVC Cartoon Octopus<\/h2>\n\n\n\n<figure class=\"wp-block-table\"><table class=\"has-fixed-layout\"><thead><tr><th>Cat\u00e9gorie de param\u00e8tres<\/th><th>D\u00e9tails<\/th><\/tr><\/thead><tbody><tr><td>Type d'interface<\/td><td>USB 2.0\/USB 3.0<\/td><\/tr><tr><td>Capacit\u00e9 de stockage<\/td><td>8GB, 16GB, 32GB, 64GB, 128GB<\/td><\/tr><tr><td>\u00c9paisseur du mat\u00e9riau PVC<\/td><td>Environ 2 \u00e0 3 mm<\/td><\/tr><tr><td>Taille du produit (longueur \u00d7 largeur \u00d7 hauteur)<\/td><td>Environ 6cm\u00d74cm\u00d73cm<\/td><\/tr><tr><td>Poids<\/td><td>Environ 18 \u00e0 25 g<\/td><\/tr><\/tbody><\/table><\/figure>\n\n\n\n<h2 class=\"wp-block-heading\">Peut-on le personnaliser ?<\/h2>\n\n\n\n<p>La cl\u00e9 USB en PVC en forme de pieuvre de dessin anim\u00e9 peut \u00eatre personnalis\u00e9e \u00e0 plusieurs reprises pour r\u00e9pondre \u00e0 diff\u00e9rents besoins :<\/p>\n\n\n\n<ul class=\"wp-block-list\">\n<li><strong>Personnalisation du logo<\/strong>: Les logos des marques et les dessins anim\u00e9s peuvent \u00eatre imprim\u00e9s sur la t\u00eate ou les tentacules de la pieuvre par s\u00e9rigraphie. La technologie de gravure au laser peut \u00e9galement \u00eatre utilis\u00e9e pour cr\u00e9er des marques claires et durables, faisant de la cl\u00e9 USB un support de marque unique.<\/li>\n\n\n\n<li><strong>Personnalisation des couleurs<\/strong>: En plus des couleurs existantes, des m\u00e9langes de couleurs peuvent \u00eatre effectu\u00e9s selon les besoins. Les entreprises peuvent personnaliser leurs produits en fonction de la couleur principale de leur marque ou du th\u00e8me de l'\u00e9v\u00e9nement. Par exemple, les parcs \u00e0 th\u00e8me marin peuvent choisir le bleu profond et le blanc des vagues, tandis que les marques pour enfants peuvent opter pour le jaune vif et le vert frais.<\/li>\n\n\n\n<li><strong>Processus d'ouverture du moule<\/strong>: Si des ajustements personnalis\u00e9s de la forme sont n\u00e9cessaires, une \u00e9quipe professionnelle concevra d'abord un mod\u00e8le 3D. Apr\u00e8s confirmation, le moule sera fabriqu\u00e9, puis, gr\u00e2ce \u00e0 des essais de production et \u00e0 l'optimisation des d\u00e9tails, le produit fini pr\u00e9sentera fid\u00e8lement l'effet de la conception. Bien que le processus d'ouverture du moule soit relativement complexe, il permet d'atteindre un degr\u00e9 \u00e9lev\u00e9 de personnalisation, ce qui convient aux entreprises ou aux associations qui ont besoin d'une personnalisation de masse.<\/li>\n\n\n\n<li><strong>Porte-cl\u00e9s<\/strong>: Un trou de serrure int\u00e9gr\u00e9 en PVC est plac\u00e9 \u00e0 la jonction de la t\u00eate et des tentacules de la pieuvre, qui peut \u00eatre assorti \u00e0 un porte-cl\u00e9s en m\u00e9tal. Il s'accroche facilement aux porte-cl\u00e9s, aux sacs ou aux portefeuilles, facilitant ainsi le transport tout en r\u00e9duisant le risque de perte, tout en \u00e9tant \u00e0 la fois pratique et d\u00e9coratif.<\/li>\n<\/ul>\n\n\n\n<div class=\"wp-block-columns is-layout-flex wp-container-core-columns-is-layout-28f84493 wp-block-columns-is-layout-flex\">\n<div class=\"wp-block-column is-layout-flow wp-block-column-is-layout-flow\">\n<figure class=\"wp-block-image size-full\"><img alt=\"\" decoding=\"async\" width=\"800\" height=\"800\" src=\"https:\/\/www.usborkeychain.com\/wp-content\/uploads\/Squishy-Octo-USB-Drive.png\" class=\"wp-image-4250\" srcset=\"https:\/\/www.usborkeychain.com\/wp-content\/uploads\/Squishy-Octo-USB-Drive.png 800w, https:\/\/www.usborkeychain.com\/wp-content\/uploads\/Squishy-Octo-USB-Drive-300x300.png 300w, https:\/\/www.usborkeychain.com\/wp-content\/uploads\/Squishy-Octo-USB-Drive-150x150.png 150w, https:\/\/www.usborkeychain.com\/wp-content\/uploads\/Squishy-Octo-USB-Drive-768x768.png 768w, https:\/\/www.usborkeychain.com\/wp-content\/uploads\/Squishy-Octo-USB-Drive-12x12.png 12w, https:\/\/www.usborkeychain.com\/wp-content\/uploads\/Squishy-Octo-USB-Drive-600x600.png 600w, https:\/\/www.usborkeychain.com\/wp-content\/uploads\/Squishy-Octo-USB-Drive-100x100.png 100w\" sizes=\"(max-width: 800px) 100vw, 800px\" \/><\/figure>\n<\/div>\n\n\n\n<div class=\"wp-block-column is-layout-flow wp-block-column-is-layout-flow\">\n<figure class=\"wp-block-image size-full\"><img alt=\"\" decoding=\"async\" width=\"800\" height=\"800\" src=\"https:\/\/www.usborkeychain.com\/wp-content\/uploads\/Octo-USB-Flash.png\" class=\"wp-image-4248\" srcset=\"https:\/\/www.usborkeychain.com\/wp-content\/uploads\/Octo-USB-Flash.png 800w, https:\/\/www.usborkeychain.com\/wp-content\/uploads\/Octo-USB-Flash-300x300.png 300w, https:\/\/www.usborkeychain.com\/wp-content\/uploads\/Octo-USB-Flash-150x150.png 150w, https:\/\/www.usborkeychain.com\/wp-content\/uploads\/Octo-USB-Flash-768x768.png 768w, https:\/\/www.usborkeychain.com\/wp-content\/uploads\/Octo-USB-Flash-12x12.png 12w, https:\/\/www.usborkeychain.com\/wp-content\/uploads\/Octo-USB-Flash-600x600.png 600w, https:\/\/www.usborkeychain.com\/wp-content\/uploads\/Octo-USB-Flash-100x100.png 100w\" sizes=\"(max-width: 800px) 100vw, 800px\" \/><\/figure>\n<\/div>\n<\/div>\n\n\n\n<h2 class=\"wp-block-heading\">Sc\u00e9narios ou entreprises adapt\u00e9s ?<\/h2>\n\n\n\n<figure class=\"wp-block-table\"><table class=\"has-fixed-layout\"><thead><tr><th>L'industrie<\/th><th>Sc\u00e9narios de marketing<\/th><th>Principales affaires<\/th><\/tr><\/thead><tbody><tr><td>Tourisme culturel marin<\/td><td>cl\u00e9s USB pour les guides \u00e9lectroniques (IP des sites touristiques grav\u00e9 sur les tentacules)<\/td><td>Chimelong Zhuhai \"Guide de la pieuvre\" (en anglais)<\/td><\/tr><tr><td>D\u00e9veloppement de la propri\u00e9t\u00e9 intellectuelle culturelle et cr\u00e9ative<\/td><td>D\u00e9riv\u00e9s p\u00e9riph\u00e9riques de l'anime (conception d'une pieuvre anthropomorphe)<\/td><td>Groupe Alpha \"Balala la petite pieuvre magique\".<\/td><\/tr><tr><td>\u00c9ducation des enfants<\/td><td>Dispositifs de stockage pour le mat\u00e9riel d'\u00e9ducation pr\u00e9scolaire (tentacules bleus et roses m\u00e9lang\u00e9s)<\/td><td>Qia Hu \"Disque de donn\u00e9es de la salle de classe sous-marine\".<\/td><\/tr><tr><td>Entreprises technologiques<\/td><td>Cadeaux anti-stress pour les programmeurs (avec le m\u00e8me du \"processeur \u00e0 huit c\u0153urs\")<\/td><td>Alibaba Cloud \"La pieuvre gardienne de l'exploitation et de la maintenance\".<\/td><\/tr><tr><td>Organisations de protection de l'environnement<\/td><td>Souvenirs pour les campagnes de nettoyage marin (bleu transparent + empreintes de polluants)<\/td><td>Version personnalis\u00e9e de Blue Ribbon Ocean Conservation Association<\/td><\/tr><\/tbody><\/table><\/figure>\n\n\n\n<div class=\"wp-block-columns is-layout-flex wp-container-core-columns-is-layout-28f84493 wp-block-columns-is-layout-flex\">\n<div class=\"wp-block-column is-layout-flow wp-block-column-is-layout-flow\">\n<p>Le <strong>Cl\u00e9 USB pieuvre en PVC<\/strong> La cl\u00e9 USB de la s\u00e9rie \"B\" pr\u00e9sente une valeur unique dans divers sc\u00e9narios gr\u00e2ce \u00e0 sa jolie forme marine, \u00e0 ses divers services de personnalisation et \u00e0 ses performances stables en mati\u00e8re de stockage. Les fabricants professionnels de cl\u00e9s USB personnalis\u00e9es peuvent contr\u00f4ler avec pr\u00e9cision tous les maillons de la cha\u00eene, de la conception \u00e0 la production. Qu'il s'agisse de m\u00e9lange de couleurs, d'impression de logo ou d'ajustement de l'ouverture du moule, ils peuvent r\u00e9pondre \u00e0 des besoins personnalis\u00e9s. Pour les entreprises, le choix d'un <strong>cl\u00e9 USB professionnelle<\/strong> Le fabricant de cl\u00e9s USB personnalis\u00e9es peut non seulement obtenir des produits de haute qualit\u00e9, mais aussi am\u00e9liorer les effets marketing gr\u00e2ce au design cr\u00e9atif de la cl\u00e9 USB pieuvre ; pour les particuliers, il s'agit \u00e9galement d'un objet num\u00e9rique pratique et charmant, qui rend le stockage de donn\u00e9es plein de charme marin et d'amusement.<\/p>\n<\/div>\n\n\n\n<div class=\"wp-block-column is-layout-flow wp-block-column-is-layout-flow\">\n<figure class=\"wp-block-image size-full\"><img alt=\"\" loading=\"lazy\" decoding=\"async\" width=\"800\" height=\"800\" src=\"https:\/\/www.usborkeychain.com\/wp-content\/uploads\/Sea-Paw-USB-Flash-drive.png\" class=\"wp-image-4249\" srcset=\"https:\/\/www.usborkeychain.com\/wp-content\/uploads\/Sea-Paw-USB-Flash-drive.png 800w, https:\/\/www.usborkeychain.com\/wp-content\/uploads\/Sea-Paw-USB-Flash-drive-300x300.png 300w, https:\/\/www.usborkeychain.com\/wp-content\/uploads\/Sea-Paw-USB-Flash-drive-150x150.png 150w, https:\/\/www.usborkeychain.com\/wp-content\/uploads\/Sea-Paw-USB-Flash-drive-768x768.png 768w, https:\/\/www.usborkeychain.com\/wp-content\/uploads\/Sea-Paw-USB-Flash-drive-12x12.png 12w, https:\/\/www.usborkeychain.com\/wp-content\/uploads\/Sea-Paw-USB-Flash-drive-600x600.png 600w, https:\/\/www.usborkeychain.com\/wp-content\/uploads\/Sea-Paw-USB-Flash-drive-100x100.png 100w\" sizes=\"(max-width: 800px) 100vw, 800px\" \/><\/figure>\n<\/div>\n<\/div>","protected":false},"excerpt":{"rendered":"<ul>\n<li>Mati\u00e8re PVC<\/li>\n<li>Cartoon Octopus<\/li>\n<li>Une grande vari\u00e9t\u00e9 de couleurs<\/li>\n<li>Vie marine<\/li>\n<li>MOQ:100PCS<\/li>\n<\/ul>","protected":false},"featured_media":4251,"comment_status":"open","ping_status":"closed","template":"","meta":{"_seopress_robots_primary_cat":"","_seopress_titles_title":"PVC cartoon octopus USB flash drive;PVC USB flash drive","_seopress_titles_desc":"","_seopress_robots_index":"","site-sidebar-layout":"default","site-content-layout":"","ast-site-content-layout":"","site-content-style":"default","site-sidebar-style":"default","ast-global-header-display":"","ast-banner-title-visibility":"","ast-main-header-display":"","ast-hfb-above-header-display":"","ast-hfb-below-header-display":"","ast-hfb-mobile-header-display":"","site-post-title":"","ast-breadcrumbs-content":"","ast-featured-img":"","footer-sml-layout":"","theme-transparent-header-meta":"","adv-header-id-meta":"","stick-header-meta":"","header-above-stick-meta":"","header-main-stick-meta":"","header-below-stick-meta":"","astra-migrate-meta-layouts":"default","ast-page-background-enabled":"default","ast-page-background-meta":{"desktop":{"background-color":"var(--ast-global-color-5)","background-image":"","background-repeat":"repeat","background-position":"center center","background-size":"auto","background-attachment":"scroll","background-type":"","background-media":"","overlay-type":"","overlay-color":"","overlay-opacity":"","overlay-gradient":""},"tablet":{"background-color":"","background-image":"","background-repeat":"repeat","background-position":"center center","background-size":"auto","background-attachment":"scroll","background-type":"","background-media":"","overlay-type":"","overlay-color":"","overlay-opacity":"","overlay-gradient":""},"mobile":{"background-color":"","background-image":"","background-repeat":"repeat","background-position":"center center","background-size":"auto","background-attachment":"scroll","background-type":"","background-media":"","overlay-type":"","overlay-color":"","overlay-opacity":"","overlay-gradient":""}},"ast-content-background-meta":{"desktop":{"background-color":"var(--ast-global-color-4)","background-image":"","background-repeat":"repeat","background-position":"center center","background-size":"auto","background-attachment":"scroll","background-type":"","background-media":"","overlay-type":"","overlay-color":"","overlay-opacity":"","overlay-gradient":""},"tablet":{"background-color":"var(--ast-global-color-4)","background-image":"","background-repeat":"repeat","background-position":"center center","background-size":"auto","background-attachment":"scroll","background-type":"","background-media":"","overlay-type":"","overlay-color":"","overlay-opacity":"","overlay-gradient":""},"mobile":{"background-color":"var(--ast-global-color-4)","background-image":"","background-repeat":"repeat","background-position":"center center","background-size":"auto","background-attachment":"scroll","background-type":"","background-media":"","overlay-type":"","overlay-color":"","overlay-opacity":"","overlay-gradient":""}}},"product_brand":[],"product_cat":[112,94],"product_tag":[247,248],"class_list":{"0":"post-4245","1":"product","2":"type-product","3":"status-publish","4":"has-post-thumbnail","6":"product_cat-cartton-usb-pendrive","7":"product_cat-pvc-usb-pendrive","8":"product_tag-pvc-cartoon-octopus-usb-flash-drive","9":"product_tag-pvc-usb-flash-drive","10":"desktop-align-left","11":"tablet-align-left","12":"mobile-align-left","14":"first","15":"instock","16":"shipping-taxable","17":"product-type-simple"},"_links":{"self":[{"href":"https:\/\/www.usborkeychain.com\/fr\/wp-json\/wp\/v2\/product\/4245","targetHints":{"allow":["GET"]}}],"collection":[{"href":"https:\/\/www.usborkeychain.com\/fr\/wp-json\/wp\/v2\/product"}],"about":[{"href":"https:\/\/www.usborkeychain.com\/fr\/wp-json\/wp\/v2\/types\/product"}],"replies":[{"embeddable":true,"href":"https:\/\/www.usborkeychain.com\/fr\/wp-json\/wp\/v2\/comments?post=4245"}],"wp:featuredmedia":[{"embeddable":true,"href":"https:\/\/www.usborkeychain.com\/fr\/wp-json\/wp\/v2\/media\/4251"}],"wp:attachment":[{"href":"https:\/\/www.usborkeychain.com\/fr\/wp-json\/wp\/v2\/media?parent=4245"}],"wp:term":[{"taxonomy":"product_brand","embeddable":true,"href":"https:\/\/www.usborkeychain.com\/fr\/wp-json\/wp\/v2\/product_brand?post=4245"},{"taxonomy":"product_cat","embeddable":true,"href":"https:\/\/www.usborkeychain.com\/fr\/wp-json\/wp\/v2\/product_cat?post=4245"},{"taxonomy":"product_tag","embeddable":true,"href":"https:\/\/www.usborkeychain.com\/fr\/wp-json\/wp\/v2\/product_tag?post=4245"}],"curies":[{"name":"wp","href":"https:\/\/api.w.org\/{rel}","templated":true}]}}