{"id":4252,"date":"2025-07-20T03:55:51","date_gmt":"2025-07-20T03:55:51","guid":{"rendered":"https:\/\/www.usborkeychain.com\/?post_type=product&#038;p=4252"},"modified":"2025-07-20T04:03:53","modified_gmt":"2025-07-20T04:03:53","slug":"aluminum-alloy-mini-usb-flash-drive","status":"publish","type":"product","link":"https:\/\/www.usborkeychain.com\/fr\/produit\/aluminum-alloy-mini-usb-flash-drive\/","title":{"rendered":"Mini cl\u00e9 USB en alliage d'aluminium"},"content":{"rendered":"<div class=\"wp-block-columns is-layout-flex wp-container-core-columns-is-layout-28f84493 wp-block-columns-is-layout-flex\">\n<div class=\"wp-block-column is-layout-flow wp-block-column-is-layout-flow\">\n<figure class=\"wp-block-image size-full\"><img alt=\"\" fetchpriority=\"high\" decoding=\"async\" width=\"800\" height=\"800\" src=\"https:\/\/www.usborkeychain.com\/wp-content\/uploads\/Aluminum-Go-usb-flash-Drive.jpg\" class=\"wp-image-4256\" srcset=\"https:\/\/www.usborkeychain.com\/wp-content\/uploads\/Aluminum-Go-usb-flash-Drive.jpg 800w, https:\/\/www.usborkeychain.com\/wp-content\/uploads\/Aluminum-Go-usb-flash-Drive-300x300.jpg 300w, https:\/\/www.usborkeychain.com\/wp-content\/uploads\/Aluminum-Go-usb-flash-Drive-150x150.jpg 150w, https:\/\/www.usborkeychain.com\/wp-content\/uploads\/Aluminum-Go-usb-flash-Drive-768x768.jpg 768w, https:\/\/www.usborkeychain.com\/wp-content\/uploads\/Aluminum-Go-usb-flash-Drive-12x12.jpg 12w, https:\/\/www.usborkeychain.com\/wp-content\/uploads\/Aluminum-Go-usb-flash-Drive-600x600.jpg 600w, https:\/\/www.usborkeychain.com\/wp-content\/uploads\/Aluminum-Go-usb-flash-Drive-100x100.jpg 100w\" sizes=\"(max-width: 800px) 100vw, 800px\" \/><\/figure>\n<\/div>\n\n\n\n<div class=\"wp-block-column is-layout-flow wp-block-column-is-layout-flow\">\n<p>Dans le domaine des dispositifs de stockage mobiles, le <strong>cl\u00e9 USB miniature en alliage d'aluminium<\/strong> est devenu le premier choix de nombreux utilisateurs et entreprises en raison de ses avantages uniques. Il est dot\u00e9 d'une coque en alliage d'aluminium de qualit\u00e9 a\u00e9ronautique, fabriqu\u00e9e par d\u00e9coupe CNC de haute pr\u00e9cision, qui est l\u00e9g\u00e8re. La version givr\u00e9e (gris\/noir) forme une couche microporeuse r\u00e9sistante \u00e0 l'usure par anodisation, offrant une protection contre les empreintes digitales et une bonne dissipation de la chaleur ; la version polie (rose\/jaune) pr\u00e9sente un \u00e9clat semblable \u00e0 celui d'un miroir, mais doit \u00eatre tenue \u00e0 l'\u00e9cart des rayures caus\u00e9es par des objets durs. Il existe une large gamme d'options de couleurs, notamment argent, or, gris, noir, rose, etc. pour r\u00e9pondre aux diff\u00e9rents besoins esth\u00e9tiques. Avec une taille mini similaire \u00e0 celle d'une cl\u00e9 ordinaire, il peut \u00eatre facilement mis dans une poche ou un portefeuille, rendant le transport quotidien sans effort et facilitant le stockage et le transfert de donn\u00e9es \u00e0 tout moment.<\/p>\n<\/div>\n<\/div>\n\n\n\n<h2 class=\"wp-block-heading\">Param\u00e8tres de base<\/h2>\n\n\n\n<figure class=\"wp-block-table\"><table class=\"has-fixed-layout\"><thead><tr><th>Cat\u00e9gorie de param\u00e8tres<\/th><th>D\u00e9tails<\/th><\/tr><\/thead><tbody><tr><td>Type d'interface<\/td><td>USB3.0\/USB3.1<\/td><\/tr><tr><td>Capacit\u00e9 de stockage<\/td><td>8GB, 16GB, 32GB, 64GB, 128GB<\/td><\/tr><tr><td>Taille<\/td><td>22mm\u00d712mm\u00d75mm<\/td><\/tr><tr><td>Poids<\/td><td>10g<\/td><\/tr><\/tbody><\/table><\/figure>\n\n\n\n<h2 class=\"wp-block-heading\">Services de personnalisation<\/h2>\n\n\n\n<h3 class=\"wp-block-heading\">Personnalisation des couleurs<\/h3>\n\n\n\n<p>Nous prenons en charge les couleurs personnalis\u00e9es en fonction des couleurs de la marque de l'entreprise ou des pr\u00e9f\u00e9rences personnelles. Qu'il s'agisse de couleurs vives et \u00e9clatantes ou de tons calmes et discrets, elles peuvent \u00eatre m\u00e9lang\u00e9es et pr\u00e9sent\u00e9es avec pr\u00e9cision.<\/p>\n\n\n\n<h3 class=\"wp-block-heading\"> Techniques de personnalisation des logos et des motifs<\/h3>\n\n\n\n<ul class=\"wp-block-list\">\n<li><strong>Gravure au laser<\/strong>: Le laser \u00e0 haute \u00e9nergie est utilis\u00e9 pour graver des motifs et des logos sur la surface m\u00e9tallique. Les marques sont claires, durables et ne s'usent pas facilement. Elles conviennent pour les lignes et les textes simples et peuvent mettre en valeur une texture et un aspect haut de gamme.<\/li>\n\n\n\n<li><strong>Impression UV<\/strong>: Elle permet d'imprimer des motifs en quadrichromie avec des couleurs riches et vives, ce qui permet de reproduire des motifs complexes et d\u00e9licats. Par exemple, les personnages de jeux et les logos color\u00e9s sur le produit peuvent \u00eatre pr\u00e9sent\u00e9s de mani\u00e8re vivante, ajoutant une cr\u00e9ativit\u00e9 unique \u00e0 la cl\u00e9 USB.<\/li>\n<\/ul>\n\n\n\n<div class=\"wp-block-columns is-layout-flex wp-container-core-columns-is-layout-28f84493 wp-block-columns-is-layout-flex\">\n<div class=\"wp-block-column is-layout-flow wp-block-column-is-layout-flow\">\n<figure class=\"wp-block-image size-full\"><img alt=\"\" decoding=\"async\" width=\"800\" height=\"800\" src=\"https:\/\/www.usborkeychain.com\/wp-content\/uploads\/Mini-Metal-Aluminum-usb-Drive.jpg\" class=\"wp-image-4261\" srcset=\"https:\/\/www.usborkeychain.com\/wp-content\/uploads\/Mini-Metal-Aluminum-usb-Drive.jpg 800w, https:\/\/www.usborkeychain.com\/wp-content\/uploads\/Mini-Metal-Aluminum-usb-Drive-300x300.jpg 300w, https:\/\/www.usborkeychain.com\/wp-content\/uploads\/Mini-Metal-Aluminum-usb-Drive-150x150.jpg 150w, https:\/\/www.usborkeychain.com\/wp-content\/uploads\/Mini-Metal-Aluminum-usb-Drive-768x768.jpg 768w, https:\/\/www.usborkeychain.com\/wp-content\/uploads\/Mini-Metal-Aluminum-usb-Drive-12x12.jpg 12w, https:\/\/www.usborkeychain.com\/wp-content\/uploads\/Mini-Metal-Aluminum-usb-Drive-600x600.jpg 600w, https:\/\/www.usborkeychain.com\/wp-content\/uploads\/Mini-Metal-Aluminum-usb-Drive-100x100.jpg 100w\" sizes=\"(max-width: 800px) 100vw, 800px\" \/><\/figure>\n<\/div>\n\n\n\n<div class=\"wp-block-column is-layout-flow wp-block-column-is-layout-flow\">\n<figure class=\"wp-block-image size-full\"><img alt=\"\" decoding=\"async\" width=\"800\" height=\"800\" src=\"https:\/\/www.usborkeychain.com\/wp-content\/uploads\/MiniAluKey-usb-flashDrive.png\" class=\"wp-image-4262\" srcset=\"https:\/\/www.usborkeychain.com\/wp-content\/uploads\/MiniAluKey-usb-flashDrive.png 800w, https:\/\/www.usborkeychain.com\/wp-content\/uploads\/MiniAluKey-usb-flashDrive-300x300.png 300w, https:\/\/www.usborkeychain.com\/wp-content\/uploads\/MiniAluKey-usb-flashDrive-150x150.png 150w, https:\/\/www.usborkeychain.com\/wp-content\/uploads\/MiniAluKey-usb-flashDrive-768x768.png 768w, https:\/\/www.usborkeychain.com\/wp-content\/uploads\/MiniAluKey-usb-flashDrive-12x12.png 12w, https:\/\/www.usborkeychain.com\/wp-content\/uploads\/MiniAluKey-usb-flashDrive-600x600.png 600w, https:\/\/www.usborkeychain.com\/wp-content\/uploads\/MiniAluKey-usb-flashDrive-100x100.png 100w\" sizes=\"(max-width: 800px) 100vw, 800px\" \/><\/figure>\n<\/div>\n\n\n\n<div class=\"wp-block-column is-layout-flow wp-block-column-is-layout-flow\">\n<figure class=\"wp-block-image size-full\"><img alt=\"\" loading=\"lazy\" decoding=\"async\" width=\"800\" height=\"800\" src=\"https:\/\/www.usborkeychain.com\/wp-content\/uploads\/Aluminum-Craft-U-Disk.jpg\" class=\"wp-image-4255\" srcset=\"https:\/\/www.usborkeychain.com\/wp-content\/uploads\/Aluminum-Craft-U-Disk.jpg 800w, https:\/\/www.usborkeychain.com\/wp-content\/uploads\/Aluminum-Craft-U-Disk-300x300.jpg 300w, https:\/\/www.usborkeychain.com\/wp-content\/uploads\/Aluminum-Craft-U-Disk-150x150.jpg 150w, https:\/\/www.usborkeychain.com\/wp-content\/uploads\/Aluminum-Craft-U-Disk-768x768.jpg 768w, https:\/\/www.usborkeychain.com\/wp-content\/uploads\/Aluminum-Craft-U-Disk-12x12.jpg 12w, https:\/\/www.usborkeychain.com\/wp-content\/uploads\/Aluminum-Craft-U-Disk-600x600.jpg 600w, https:\/\/www.usborkeychain.com\/wp-content\/uploads\/Aluminum-Craft-U-Disk-100x100.jpg 100w\" sizes=\"(max-width: 800px) 100vw, 800px\" \/><\/figure>\n<\/div>\n<\/div>\n\n\n\n<h2 class=\"wp-block-heading\">Portabilit\u00e9 et performance anti-perte<\/h2>\n\n\n\n<p>La cl\u00e9 USB est \u00e9quip\u00e9e d'un trou de serrure int\u00e9gr\u00e9 et d'une structure stable. Lorsqu'elle est associ\u00e9e \u00e0 un <strong>porte-cl\u00e9s en m\u00e9tal<\/strong>Il peut \u00eatre facilement accroch\u00e9 aux cl\u00e9s, aux sacs ou aux portefeuilles, et ne risque pas de tomber du porte-cl\u00e9s et de se perdre. Il peut \u00eatre utilis\u00e9 \u00e0 tout moment au cours d'un voyage, garantissant ainsi l'acc\u00e8s aux donn\u00e9es \u00e0 tout moment et r\u00e9duisant consid\u00e9rablement le risque de perte.<\/p>\n\n\n\n<div class=\"wp-block-columns is-layout-flex wp-container-core-columns-is-layout-28f84493 wp-block-columns-is-layout-flex\">\n<div class=\"wp-block-column is-layout-flow wp-block-column-is-layout-flow\">\n<figure class=\"wp-block-image size-full\"><img alt=\"\" loading=\"lazy\" decoding=\"async\" width=\"800\" height=\"800\" src=\"https:\/\/www.usborkeychain.com\/wp-content\/uploads\/ProAlu-Mini-usb-falsh-Drive.jpg\" class=\"wp-image-4263\" srcset=\"https:\/\/www.usborkeychain.com\/wp-content\/uploads\/ProAlu-Mini-usb-falsh-Drive.jpg 800w, https:\/\/www.usborkeychain.com\/wp-content\/uploads\/ProAlu-Mini-usb-falsh-Drive-300x300.jpg 300w, https:\/\/www.usborkeychain.com\/wp-content\/uploads\/ProAlu-Mini-usb-falsh-Drive-150x150.jpg 150w, https:\/\/www.usborkeychain.com\/wp-content\/uploads\/ProAlu-Mini-usb-falsh-Drive-768x768.jpg 768w, https:\/\/www.usborkeychain.com\/wp-content\/uploads\/ProAlu-Mini-usb-falsh-Drive-12x12.jpg 12w, https:\/\/www.usborkeychain.com\/wp-content\/uploads\/ProAlu-Mini-usb-falsh-Drive-600x600.jpg 600w, https:\/\/www.usborkeychain.com\/wp-content\/uploads\/ProAlu-Mini-usb-falsh-Drive-100x100.jpg 100w\" sizes=\"(max-width: 800px) 100vw, 800px\" \/><\/figure>\n<\/div>\n\n\n\n<div class=\"wp-block-column is-layout-flow wp-block-column-is-layout-flow\">\n<figure class=\"wp-block-image size-full\"><img alt=\"\" loading=\"lazy\" decoding=\"async\" width=\"800\" height=\"800\" src=\"https:\/\/www.usborkeychain.com\/wp-content\/uploads\/AluPocket-usb-flash-Drive.jpg\" class=\"wp-image-4258\" srcset=\"https:\/\/www.usborkeychain.com\/wp-content\/uploads\/AluPocket-usb-flash-Drive.jpg 800w, https:\/\/www.usborkeychain.com\/wp-content\/uploads\/AluPocket-usb-flash-Drive-300x300.jpg 300w, https:\/\/www.usborkeychain.com\/wp-content\/uploads\/AluPocket-usb-flash-Drive-150x150.jpg 150w, https:\/\/www.usborkeychain.com\/wp-content\/uploads\/AluPocket-usb-flash-Drive-768x768.jpg 768w, https:\/\/www.usborkeychain.com\/wp-content\/uploads\/AluPocket-usb-flash-Drive-12x12.jpg 12w, https:\/\/www.usborkeychain.com\/wp-content\/uploads\/AluPocket-usb-flash-Drive-600x600.jpg 600w, https:\/\/www.usborkeychain.com\/wp-content\/uploads\/AluPocket-usb-flash-Drive-100x100.jpg 100w\" sizes=\"(max-width: 800px) 100vw, 800px\" \/><\/figure>\n<\/div>\n\n\n\n<div class=\"wp-block-column is-layout-flow wp-block-column-is-layout-flow\">\n<figure class=\"wp-block-image size-full\"><img alt=\"\" loading=\"lazy\" decoding=\"async\" width=\"800\" height=\"800\" src=\"https:\/\/www.usborkeychain.com\/wp-content\/uploads\/AluPorta-usb-flash-Drive.jpg\" class=\"wp-image-4259\" srcset=\"https:\/\/www.usborkeychain.com\/wp-content\/uploads\/AluPorta-usb-flash-Drive.jpg 800w, https:\/\/www.usborkeychain.com\/wp-content\/uploads\/AluPorta-usb-flash-Drive-300x300.jpg 300w, https:\/\/www.usborkeychain.com\/wp-content\/uploads\/AluPorta-usb-flash-Drive-150x150.jpg 150w, https:\/\/www.usborkeychain.com\/wp-content\/uploads\/AluPorta-usb-flash-Drive-768x768.jpg 768w, https:\/\/www.usborkeychain.com\/wp-content\/uploads\/AluPorta-usb-flash-Drive-12x12.jpg 12w, https:\/\/www.usborkeychain.com\/wp-content\/uploads\/AluPorta-usb-flash-Drive-600x600.jpg 600w, https:\/\/www.usborkeychain.com\/wp-content\/uploads\/AluPorta-usb-flash-Drive-100x100.jpg 100w\" sizes=\"(max-width: 800px) 100vw, 800px\" \/><\/figure>\n<\/div>\n<\/div>\n\n\n\n<h2 class=\"wp-block-heading\">R\u00e9sistance aux rayures<\/h2>\n\n\n\n<p>Le mat\u00e9riau m\u00e9tallique lui-m\u00eame pr\u00e9sente une certaine duret\u00e9 et la surface est finement trait\u00e9e. Associ\u00e9 \u00e0 un porte-cl\u00e9s ordinaire, il n'est pas facile \u00e0 rayer par les cl\u00e9s, \u00e0 moins qu'il ne soit d\u00e9lib\u00e9r\u00e9ment ray\u00e9 par des objets durs et pointus. Il peut conserver une apparence soign\u00e9e et magnifique pendant longtemps, et les motifs et logos personnalis\u00e9s restent clairs et accrocheurs.<\/p>\n\n\n\n<h2 class=\"wp-block-heading\">Entreprises adapt\u00e9es<\/h2>\n\n\n\n<div class=\"wp-block-columns is-layout-flex wp-container-core-columns-is-layout-28f84493 wp-block-columns-is-layout-flex\">\n<div class=\"wp-block-column is-layout-flow wp-block-column-is-layout-flow\">\n<p>Le pr\u00e9sent <strong>mini cl\u00e9 USB en alliage d'aluminium<\/strong> convient \u00e0 toutes les entreprises, telles que les banques, etc.<\/p>\n\n\n\n<h3 class=\"wp-block-heading\">1. Soci\u00e9t\u00e9s de technologie Internet<\/h3>\n\n\n\n<p>Elle peut \u00eatre utilis\u00e9e pour stocker du mat\u00e9riel sur les produits et des documents publicitaires. Les cl\u00e9s USB personnalis\u00e9es et imprim\u00e9es avec le logo de l'entreprise peuvent \u00eatre utilis\u00e9es comme souvenirs de r\u00e9unions ou comme cadeaux pour les clients, v\u00e9hiculant ainsi un sentiment de technologie et de professionnalisme.<\/p>\n\n\n\n<h3 class=\"wp-block-heading\">2. Soci\u00e9t\u00e9s de jeux<\/h3>\n\n\n\n<p>Les \u00e9l\u00e9ments populaires du jeu (tels que les personnages et les logos du jeu) peuvent \u00eatre personnalis\u00e9s sur la cl\u00e9 USB en tant que cadeaux p\u00e9riph\u00e9riques pour les joueurs, ce qui permet de promouvoir le jeu et est pratique et attentionn\u00e9.<\/p>\n\n\n\n<h3 class=\"wp-block-heading\">3.Restauration Entreprises<\/h3>\n\n\n\n<p>Les cl\u00e9s USB personnalis\u00e9es avec les logos et les slogans de la marque peuvent \u00eatre distribu\u00e9es avec les avantages des membres et les activit\u00e9s promotionnelles pour augmenter la visibilit\u00e9 de la marque. Elles peuvent \u00e9galement contenir des menus \u00e9lectroniques et des informations pr\u00e9f\u00e9rentielles que les clients peuvent consulter.<\/p>\n\n\n\n<h3 class=\"wp-block-heading\">4. \u00e9tablissements d'enseignement et de formation<\/h3>\n\n\n\n<p>Elles permettent de stocker des supports de cours et des didacticiels. Les cl\u00e9s USB personnalis\u00e9es peuvent \u00eatre utilis\u00e9es comme cadeaux de fin d'\u00e9tudes pour les \u00e9tudiants ou comme cadeaux d'inscription, ce qui est pratique et peut renforcer l'image de marque.<\/p>\n<\/div>\n\n\n\n<div class=\"wp-block-column is-layout-flow wp-block-column-is-layout-flow\">\n<figure class=\"wp-block-image size-full\"><img alt=\"\" loading=\"lazy\" decoding=\"async\" width=\"800\" height=\"800\" src=\"https:\/\/www.usborkeychain.com\/wp-content\/uploads\/MetalKey-U-Disk.jpg\" class=\"wp-image-4260\" srcset=\"https:\/\/www.usborkeychain.com\/wp-content\/uploads\/MetalKey-U-Disk.jpg 800w, https:\/\/www.usborkeychain.com\/wp-content\/uploads\/MetalKey-U-Disk-300x300.jpg 300w, https:\/\/www.usborkeychain.com\/wp-content\/uploads\/MetalKey-U-Disk-150x150.jpg 150w, https:\/\/www.usborkeychain.com\/wp-content\/uploads\/MetalKey-U-Disk-768x768.jpg 768w, https:\/\/www.usborkeychain.com\/wp-content\/uploads\/MetalKey-U-Disk-12x12.jpg 12w, https:\/\/www.usborkeychain.com\/wp-content\/uploads\/MetalKey-U-Disk-600x600.jpg 600w, https:\/\/www.usborkeychain.com\/wp-content\/uploads\/MetalKey-U-Disk-100x100.jpg 100w\" sizes=\"(max-width: 800px) 100vw, 800px\" \/><\/figure>\n\n\n\n<figure class=\"wp-block-image aligncenter size-large\"><img alt=\"\" loading=\"lazy\" decoding=\"async\" width=\"1024\" height=\"683\" src=\"https:\/\/www.usborkeychain.com\/wp-content\/uploads\/Aluminum-mini-usb-drive-1024x683.png\" class=\"wp-image-4257\" srcset=\"https:\/\/www.usborkeychain.com\/wp-content\/uploads\/Aluminum-mini-usb-drive-1024x683.png 1024w, https:\/\/www.usborkeychain.com\/wp-content\/uploads\/Aluminum-mini-usb-drive-300x200.png 300w, https:\/\/www.usborkeychain.com\/wp-content\/uploads\/Aluminum-mini-usb-drive-768x512.png 768w, https:\/\/www.usborkeychain.com\/wp-content\/uploads\/Aluminum-mini-usb-drive-18x12.png 18w, https:\/\/www.usborkeychain.com\/wp-content\/uploads\/Aluminum-mini-usb-drive-600x400.png 600w, https:\/\/www.usborkeychain.com\/wp-content\/uploads\/Aluminum-mini-usb-drive.png 1297w\" sizes=\"(max-width: 1024px) 100vw, 1024px\" \/><\/figure>\n<\/div>\n<\/div>\n\n\n\n<div class=\"wp-block-columns is-layout-flex wp-container-core-columns-is-layout-28f84493 wp-block-columns-is-layout-flex\">\n<div class=\"wp-block-column is-layout-flow wp-block-column-is-layout-flow\">\n<figure class=\"wp-block-image size-full\"><img alt=\"\" loading=\"lazy\" decoding=\"async\" width=\"800\" height=\"800\" src=\"https:\/\/www.usborkeychain.com\/wp-content\/uploads\/TinyAlu-usb-flash-Drive.jpg\" class=\"wp-image-4264\" srcset=\"https:\/\/www.usborkeychain.com\/wp-content\/uploads\/TinyAlu-usb-flash-Drive.jpg 800w, https:\/\/www.usborkeychain.com\/wp-content\/uploads\/TinyAlu-usb-flash-Drive-300x300.jpg 300w, https:\/\/www.usborkeychain.com\/wp-content\/uploads\/TinyAlu-usb-flash-Drive-150x150.jpg 150w, https:\/\/www.usborkeychain.com\/wp-content\/uploads\/TinyAlu-usb-flash-Drive-768x768.jpg 768w, https:\/\/www.usborkeychain.com\/wp-content\/uploads\/TinyAlu-usb-flash-Drive-12x12.jpg 12w, https:\/\/www.usborkeychain.com\/wp-content\/uploads\/TinyAlu-usb-flash-Drive-600x600.jpg 600w, https:\/\/www.usborkeychain.com\/wp-content\/uploads\/TinyAlu-usb-flash-Drive-100x100.jpg 100w\" sizes=\"(max-width: 800px) 100vw, 800px\" \/><\/figure>\n<\/div>\n\n\n\n<div class=\"wp-block-column is-layout-flow wp-block-column-is-layout-flow\">\n<p>Choisir un <strong>cl\u00e9 USB professionnelle<\/strong> Les fabricants de cl\u00e9s USB en m\u00e9tal peuvent non seulement contr\u00f4ler avec pr\u00e9cision des d\u00e9tails tels que le mat\u00e9riau, la capacit\u00e9 et l'apparence en fonction des besoins, afin que le produit corresponde \u00e0 l'image de marque de l'entreprise, mais aussi garantir la qualit\u00e9 du produit et l'effet de personnalisation gr\u00e2ce \u00e0 une technologie mature, ce qui se traduit par de meilleures performances, de la durabilit\u00e9 \u00e0 la pr\u00e9sentation du mod\u00e8le. Le choix d'un fabricant r\u00e9gulier de cl\u00e9s USB (comme ceux qui sont certifi\u00e9s ISO9001\/BSCI) permet de b\u00e9n\u00e9ficier des avantages suivants :<\/p>\n\n\n\n<ul class=\"wp-block-list\">\n<li><strong>S\u00e9curit\u00e9 du droit d'auteur<\/strong>: Fournir un mod\u00e8le de \"lettre d'autorisation de la marque\" pour \u00e9viter les risques li\u00e9s \u00e0 la propri\u00e9t\u00e9 intellectuelle.<\/li>\n\n\n\n<li><strong>Pr\u00e9chargement des donn\u00e9es<\/strong>: Chargement gratuit de manuels de produits\/vid\u00e9os promotionnelles sur la cl\u00e9 USB.<\/li>\n\n\n\n<li><strong>Assurance du contr\u00f4le de la qualit\u00e9<\/strong>: Contr\u00f4le par \u00e9chantillonnage en cours de traitement (taux de blocs d\u00e9fectueux &lt; 0,3%).<\/li>\n\n\n\n<li><strong>Commande minimale flexible<\/strong>: 100 pi\u00e8ces pour la commande minimum (couleurs et capacit\u00e9s m\u00e9lang\u00e9es), avec une livraison rapide en 10 jours.<\/li>\n<\/ul>\n<\/div>\n<\/div>","protected":false},"excerpt":{"rendered":"<ul>\n<li>Alliage d'aluminium<\/li>\n<li>Mini USB<\/li>\n<li>Mat\u00e9riau m\u00e9tallique<\/li>\n<li>Porte-cl\u00e9s<\/li>\n<li>MOQ:100PCS<\/li>\n<\/ul>","protected":false},"featured_media":4256,"comment_status":"open","ping_status":"closed","template":"","meta":{"_seopress_robots_primary_cat":"none","_seopress_titles_title":"Aluminum Alloy Mini USB flash drive;metal USB flash drive","_seopress_titles_desc":"","_seopress_robots_index":"","site-sidebar-layout":"default","site-content-layout":"","ast-site-content-layout":"","site-content-style":"default","site-sidebar-style":"default","ast-global-header-display":"","ast-banner-title-visibility":"","ast-main-header-display":"","ast-hfb-above-header-display":"","ast-hfb-below-header-display":"","ast-hfb-mobile-header-display":"","site-post-title":"","ast-breadcrumbs-content":"","ast-featured-img":"","footer-sml-layout":"","theme-transparent-header-meta":"","adv-header-id-meta":"","stick-header-meta":"","header-above-stick-meta":"","header-main-stick-meta":"","header-below-stick-meta":"","astra-migrate-meta-layouts":"default","ast-page-background-enabled":"default","ast-page-background-meta":{"desktop":{"background-color":"var(--ast-global-color-5)","background-image":"","background-repeat":"repeat","background-position":"center center","background-size":"auto","background-attachment":"scroll","background-type":"","background-media":"","overlay-type":"","overlay-color":"","overlay-opacity":"","overlay-gradient":""},"tablet":{"background-color":"","background-image":"","background-repeat":"repeat","background-position":"center center","background-size":"auto","background-attachment":"scroll","background-type":"","background-media":"","overlay-type":"","overlay-color":"","overlay-opacity":"","overlay-gradient":""},"mobile":{"background-color":"","background-image":"","background-repeat":"repeat","background-position":"center center","background-size":"auto","background-attachment":"scroll","background-type":"","background-media":"","overlay-type":"","overlay-color":"","overlay-opacity":"","overlay-gradient":""}},"ast-content-background-meta":{"desktop":{"background-color":"var(--ast-global-color-4)","background-image":"","background-repeat":"repeat","background-position":"center center","background-size":"auto","background-attachment":"scroll","background-type":"","background-media":"","overlay-type":"","overlay-color":"","overlay-opacity":"","overlay-gradient":""},"tablet":{"background-color":"var(--ast-global-color-4)","background-image":"","background-repeat":"repeat","background-position":"center center","background-size":"auto","background-attachment":"scroll","background-type":"","background-media":"","overlay-type":"","overlay-color":"","overlay-opacity":"","overlay-gradient":""},"mobile":{"background-color":"var(--ast-global-color-4)","background-image":"","background-repeat":"repeat","background-position":"center center","background-size":"auto","background-attachment":"scroll","background-type":"","background-media":"","overlay-type":"","overlay-color":"","overlay-opacity":"","overlay-gradient":""}}},"product_brand":[],"product_cat":[113],"product_tag":[249,239],"class_list":{"0":"post-4252","1":"product","2":"type-product","3":"status-publish","4":"has-post-thumbnail","6":"product_cat-mini-usb-pendrive","7":"product_tag-aluminum-alloy-mini-usb-flash-drive","8":"product_tag-aluminum-alloy-usb-flash-drive","9":"desktop-align-left","10":"tablet-align-left","11":"mobile-align-left","13":"first","14":"instock","15":"shipping-taxable","16":"product-type-simple"},"_links":{"self":[{"href":"https:\/\/www.usborkeychain.com\/fr\/wp-json\/wp\/v2\/product\/4252","targetHints":{"allow":["GET"]}}],"collection":[{"href":"https:\/\/www.usborkeychain.com\/fr\/wp-json\/wp\/v2\/product"}],"about":[{"href":"https:\/\/www.usborkeychain.com\/fr\/wp-json\/wp\/v2\/types\/product"}],"replies":[{"embeddable":true,"href":"https:\/\/www.usborkeychain.com\/fr\/wp-json\/wp\/v2\/comments?post=4252"}],"wp:featuredmedia":[{"embeddable":true,"href":"https:\/\/www.usborkeychain.com\/fr\/wp-json\/wp\/v2\/media\/4256"}],"wp:attachment":[{"href":"https:\/\/www.usborkeychain.com\/fr\/wp-json\/wp\/v2\/media?parent=4252"}],"wp:term":[{"taxonomy":"product_brand","embeddable":true,"href":"https:\/\/www.usborkeychain.com\/fr\/wp-json\/wp\/v2\/product_brand?post=4252"},{"taxonomy":"product_cat","embeddable":true,"href":"https:\/\/www.usborkeychain.com\/fr\/wp-json\/wp\/v2\/product_cat?post=4252"},{"taxonomy":"product_tag","embeddable":true,"href":"https:\/\/www.usborkeychain.com\/fr\/wp-json\/wp\/v2\/product_tag?post=4252"}],"curies":[{"name":"wp","href":"https:\/\/api.w.org\/{rel}","templated":true}]}}