{"id":4273,"date":"2025-07-20T15:44:22","date_gmt":"2025-07-20T15:44:22","guid":{"rendered":"https:\/\/www.usborkeychain.com\/?post_type=product&#038;p=4273"},"modified":"2025-08-19T03:35:09","modified_gmt":"2025-08-19T03:35:09","slug":"the-most-popular-mini-rotating-usb-drive","status":"publish","type":"product","link":"https:\/\/www.usborkeychain.com\/fr\/produit\/the-most-popular-mini-rotating-usb-drive\/","title":{"rendered":"La mini cl\u00e9 USB rotative la plus populaire"},"content":{"rendered":"<div class=\"wp-block-columns is-layout-flex wp-container-core-columns-is-layout-28f84493 wp-block-columns-is-layout-flex\">\n<div class=\"wp-block-column is-layout-flow wp-block-column-is-layout-flow\">\n<figure class=\"wp-block-image size-full\"><img alt=\"\" fetchpriority=\"high\" decoding=\"async\" width=\"800\" height=\"800\" src=\"https:\/\/www.usborkeychain.com\/wp-content\/uploads\/ColorCarry-USB-Drive.jpg\" class=\"wp-image-4277\" srcset=\"https:\/\/www.usborkeychain.com\/wp-content\/uploads\/ColorCarry-USB-Drive.jpg 800w, https:\/\/www.usborkeychain.com\/wp-content\/uploads\/ColorCarry-USB-Drive-300x300.jpg 300w, https:\/\/www.usborkeychain.com\/wp-content\/uploads\/ColorCarry-USB-Drive-150x150.jpg 150w, https:\/\/www.usborkeychain.com\/wp-content\/uploads\/ColorCarry-USB-Drive-768x768.jpg 768w, https:\/\/www.usborkeychain.com\/wp-content\/uploads\/ColorCarry-USB-Drive-12x12.jpg 12w, https:\/\/www.usborkeychain.com\/wp-content\/uploads\/ColorCarry-USB-Drive-600x600.jpg 600w, https:\/\/www.usborkeychain.com\/wp-content\/uploads\/ColorCarry-USB-Drive-100x100.jpg 100w\" sizes=\"(max-width: 800px) 100vw, 800px\" \/><\/figure>\n<\/div>\n\n\n\n<div class=\"wp-block-column is-layout-flow wp-block-column-is-layout-flow\">\n<p>Il s'agit actuellement <strong>la mini cl\u00e9 USB rotative la plus populaire<\/strong>! Son principal avantage r\u00e9side dans l'adoption d'une <strong>USB 3.0<\/strong> qui apporte une am\u00e9lioration r\u00e9volutionnaire des vitesses de lecture et d'\u00e9criture - par rapport aux produits USB 2.0 traditionnels, l'efficacit\u00e9 de la transmission des fichiers a \u00e9t\u00e9 multipli\u00e9e par plusieurs, faisant de la transmission instantan\u00e9e de fichiers volumineux une r\u00e9alit\u00e9. En m\u00eame temps, sa taille ultra-mince et ultra-petite, comme un jouet du bout des doigts, peut \u00eatre facilement mise dans une poche ou un sac \u00e0 cl\u00e9s ; elle est \u00e9galement disponible dans une vari\u00e9t\u00e9 de couleurs, y compris argent, rouge, orange, vert, bleu, rose, violet, noir, etc. C'est un trio de performance, de portabilit\u00e9 et d'esth\u00e9tique.<\/p>\n<\/div>\n<\/div>\n\n\n\n<h2 class=\"wp-block-heading\">Param\u00e8tres de la cl\u00e9 USB<\/h2>\n\n\n\n<figure class=\"wp-block-table\"><table class=\"has-fixed-layout\"><thead><tr><th>Cat\u00e9gorie de param\u00e8tres<\/th><th>Sp\u00e9cifications d\u00e9taill\u00e9es\/Description<\/th><th>Avantages principaux<\/th><\/tr><\/thead><tbody><tr><td>Norme d'interface<\/td><td>USB 3.0<\/td><td>Transmission \u00e0 grande vitesse, r\u00e9trocompatibilit\u00e9 avec l'USB 2.0<\/td><\/tr><tr><td>Capacit\u00e9 de stockage<\/td><td>8GB \/ 16GB \/ 32GB \/ 64GB \/ 128GB<\/td><td>Choix libre pour traiter facilement diff\u00e9rents fichiers<\/td><\/tr><tr><td>Structure tournante<\/td><td>Roulement enti\u00e8rement m\u00e9tallique + boucle de pr\u00e9cision<\/td><td>Rotation r\u00e9guli\u00e8re, protection de l'interface contre la poussi\u00e8re et les dommages<\/td><\/tr><tr><td>Mat\u00e9riau de la coque<\/td><td>Alliage d'aluminium de haute pr\u00e9cision, surface givr\u00e9e<\/td><td>Robuste et dissipateur de chaleur, antid\u00e9rapant et anti-traces de doigts<\/td><\/tr><tr><td>Caract\u00e9ristiques de protection<\/td><td>R\u00e9sistant aux chocs et \u00e0 la pression, mais pas \u00e0 l'eau<\/td><td>Durable et fiable, \u00e9viter l'utilisation dans des environnements extr\u00eames<\/td><\/tr><tr><td>Poids<\/td><td>Environ 6 grammes<\/td><td>Ultra-l\u00e9ger, extr\u00eamement portable<\/td><\/tr><tr><td>Mat\u00e9riau de l'anneau de la lani\u00e8re<\/td><td>Anneau en acier inoxydable<\/td><td>Solide et durable, pratique \u00e0 suspendre et \u00e0 transporter<\/td><\/tr><tr><td>Taille du produit<\/td><td>Longueur \u00d7 largeur \u00d7 \u00e9paisseur : environ 30mm\u00d712mm\u00d73mm<\/td><td>Ultra-petit<\/td><\/tr><\/tbody><\/table><\/figure>\n\n\n\n<h2 class=\"wp-block-heading\">Qu'est-ce qui peut \u00eatre personnalis\u00e9 ?<\/h2>\n\n\n\n<div class=\"wp-block-columns is-layout-flex wp-container-core-columns-is-layout-28f84493 wp-block-columns-is-layout-flex\">\n<div class=\"wp-block-column is-layout-flow wp-block-column-is-layout-flow\">\n<figure class=\"wp-block-image size-full\"><img alt=\"\" decoding=\"async\" width=\"800\" height=\"800\" src=\"https:\/\/www.usborkeychain.com\/wp-content\/uploads\/VividAlu-USB-drive.jpg\" class=\"wp-image-4284\" srcset=\"https:\/\/www.usborkeychain.com\/wp-content\/uploads\/VividAlu-USB-drive.jpg 800w, https:\/\/www.usborkeychain.com\/wp-content\/uploads\/VividAlu-USB-drive-300x300.jpg 300w, https:\/\/www.usborkeychain.com\/wp-content\/uploads\/VividAlu-USB-drive-150x150.jpg 150w, https:\/\/www.usborkeychain.com\/wp-content\/uploads\/VividAlu-USB-drive-768x768.jpg 768w, https:\/\/www.usborkeychain.com\/wp-content\/uploads\/VividAlu-USB-drive-12x12.jpg 12w, https:\/\/www.usborkeychain.com\/wp-content\/uploads\/VividAlu-USB-drive-600x600.jpg 600w, https:\/\/www.usborkeychain.com\/wp-content\/uploads\/VividAlu-USB-drive-100x100.jpg 100w\" sizes=\"(max-width: 800px) 100vw, 800px\" \/><\/figure>\n<\/div>\n\n\n\n<div class=\"wp-block-column is-layout-flow wp-block-column-is-layout-flow\">\n<h3 class=\"wp-block-heading\">Personnalisation des couleurs<\/h3>\n\n\n\n<p>Nous pouvons personnaliser des couleurs exclusives en fonction des besoins. Qu'il s'agisse de la couleur de la marque de l'entreprise ou d'une couleur unique appr\u00e9ci\u00e9e par les individus, elle peut \u00eatre pr\u00e9sent\u00e9e avec pr\u00e9cision, faisant de la cl\u00e9 USB un objet unique.<\/p>\n\n\n\n<h3 class=\"wp-block-heading\">Processus de personnalisation des logos et des motifs<\/h3>\n\n\n\n<ul class=\"wp-block-list\">\n<li>Gravure au laser : L'utilisation d'un laser \u00e0 haute \u00e9nergie pour graver des logos ou des motifs sur la surface de la cl\u00e9 USB permet d'obtenir des marques claires, durables et r\u00e9sistantes \u00e0 l'usure. La gravure au laser convient pour les textes et les lignes simples, mettant en valeur la texture et l'aspect haut de gamme. M\u00eame en cas d'utilisation prolong\u00e9e, les marques ne s'usent pas facilement.<\/li>\n\n\n\n<li>Impression UV : Elle permet d'imprimer des motifs en quadrichromie et avec un degr\u00e9 de r\u00e9duction \u00e9lev\u00e9, ce qui permet de mettre en valeur des motifs complexes et d\u00e9licats, tels que des logos d'entreprise color\u00e9s et des illustrations cr\u00e9atives, d'ajouter de riches effets visuels \u00e0 la cl\u00e9 USB et de rendre les motifs personnalis\u00e9s vifs et accrocheurs.<\/li>\n<\/ul>\n<\/div>\n<\/div>\n\n\n\n<h2 class=\"wp-block-heading\">Cette cl\u00e9 USB est-elle durable ?<\/h2>\n\n\n\n<div class=\"wp-block-columns is-layout-flex wp-container-core-columns-is-layout-28f84493 wp-block-columns-is-layout-flex\">\n<div class=\"wp-block-column is-layout-flow wp-block-column-is-layout-flow\">\n<figure class=\"wp-block-image size-full\"><img alt=\"\" decoding=\"async\" width=\"800\" height=\"800\" src=\"https:\/\/www.usborkeychain.com\/wp-content\/uploads\/ColorKey-USB-Drive.jpg\" class=\"wp-image-4279\" srcset=\"https:\/\/www.usborkeychain.com\/wp-content\/uploads\/ColorKey-USB-Drive.jpg 800w, https:\/\/www.usborkeychain.com\/wp-content\/uploads\/ColorKey-USB-Drive-300x300.jpg 300w, https:\/\/www.usborkeychain.com\/wp-content\/uploads\/ColorKey-USB-Drive-150x150.jpg 150w, https:\/\/www.usborkeychain.com\/wp-content\/uploads\/ColorKey-USB-Drive-768x768.jpg 768w, https:\/\/www.usborkeychain.com\/wp-content\/uploads\/ColorKey-USB-Drive-12x12.jpg 12w, https:\/\/www.usborkeychain.com\/wp-content\/uploads\/ColorKey-USB-Drive-600x600.jpg 600w, https:\/\/www.usborkeychain.com\/wp-content\/uploads\/ColorKey-USB-Drive-100x100.jpg 100w\" sizes=\"(max-width: 800px) 100vw, 800px\" \/><\/figure>\n<\/div>\n\n\n\n<div class=\"wp-block-column is-layout-flow wp-block-column-is-layout-flow\">\n<p>Malgr\u00e9 des branchements et d\u00e9branchements fr\u00e9quents, cette cl\u00e9 USB adopte une structure rotative de haute qualit\u00e9 et une interface solide. La rotation est fluide et l'interface USB a \u00e9t\u00e9 renforc\u00e9e. Dans le cadre d'une utilisation normale, le port USB ne sera pas d\u00e9form\u00e9 par les branchements et d\u00e9branchements r\u00e9guliers, et il peut accompagner les utilisateurs de mani\u00e8re stable pendant une longue p\u00e9riode. Toutefois, il convient d'\u00e9viter les pliages violents et d\u00e9lib\u00e9r\u00e9s ainsi que d'autres op\u00e9rations inappropri\u00e9es.<\/p>\n<\/div>\n<\/div>\n\n\n\n<h2 class=\"wp-block-heading\">\u00c0 quelles entreprises convient-il ?<\/h2>\n\n\n\n<ul class=\"wp-block-list\">\n<li>Tencent\/Alibaba : Personnalis\u00e9s en tant que cadeaux pour les r\u00e9unions annuelles\/avantages pour les employ\u00e9s, pr\u00e9install\u00e9s avec des documents sur la culture d'entreprise\/logiciels de s\u00e9curit\u00e9, petits, rapides et portables.<\/li>\n\n\n\n<li>New Oriental\/Xueersi : stocke des didacticiels et des cours enregistr\u00e9s en masse, servant de \"base de connaissances mobile\" exclusive aux \u00e9tudiants pour doubler l'efficacit\u00e9 de l'apprentissage.<\/li>\n\n\n\n<li>Ctrip\/Qunar : pr\u00e9install\u00e9 avec des guides de voyage, des coupons \u00e9lectroniques et des visites de sites panoramiques en RV, un \"guide touristique num\u00e9rique\" bienveillant pour les touristes.<\/li>\n\n\n\n<li>Magasins Tesla\/NIO 4S : Fourni sous forme de \"manuel \u00e9lectronique\" avec la voiture, contenant des cycles d'entretien, des vid\u00e9os d'utilisation et des informations sur les points de service.<\/li>\n\n\n\n<li>PwC\/McKinsey : Cadeaux d'affaires grav\u00e9s avec les LOGO des clients, avec pr\u00e9sentation de l'entreprise\/rapports sectoriels int\u00e9gr\u00e9s, v\u00e9hiculant instantan\u00e9ment une image professionnelle.<\/li>\n\n\n\n<li>Conf\u00e9rence de presse Huawei\/Xiaomi Mall : Des cl\u00e9s USB contenant des informations sur les nouveaux produits avant leur vente, que les fans peuvent collecter pour obtenir des param\u00e8tres, des rendus ou des livres blancs techniques sur les produits.<\/li>\n\n\n\n<li>Organisateurs de la foire de Canton\/CIIE : Distribuer \u00e0 l'entr\u00e9e des r\u00e9pertoires d'exposants, des cartes d'agenda et des collections de PPT, qui constituent un outil efficace de diffusion de l'information.<\/li>\n<\/ul>\n\n\n\n<div class=\"wp-block-columns is-layout-flex wp-container-core-columns-is-layout-28f84493 wp-block-columns-is-layout-flex\">\n<div class=\"wp-block-column is-layout-flow wp-block-column-is-layout-flow\">\n<figure class=\"wp-block-image size-full\"><img alt=\"\" loading=\"lazy\" decoding=\"async\" width=\"400\" height=\"400\" src=\"https:\/\/www.usborkeychain.com\/wp-content\/uploads\/VividClip-USB-Drive.jpg\" class=\"wp-image-4285\" srcset=\"https:\/\/www.usborkeychain.com\/wp-content\/uploads\/VividClip-USB-Drive.jpg 400w, https:\/\/www.usborkeychain.com\/wp-content\/uploads\/VividClip-USB-Drive-300x300.jpg 300w, https:\/\/www.usborkeychain.com\/wp-content\/uploads\/VividClip-USB-Drive-150x150.jpg 150w, https:\/\/www.usborkeychain.com\/wp-content\/uploads\/VividClip-USB-Drive-12x12.jpg 12w, https:\/\/www.usborkeychain.com\/wp-content\/uploads\/VividClip-USB-Drive-100x100.jpg 100w\" sizes=\"(max-width: 400px) 100vw, 400px\" \/><\/figure>\n<\/div>\n\n\n\n<div class=\"wp-block-column is-layout-flow wp-block-column-is-layout-flow\">\n<figure class=\"wp-block-image size-full\"><img alt=\"\" loading=\"lazy\" decoding=\"async\" width=\"400\" height=\"400\" src=\"https:\/\/www.usborkeychain.com\/wp-content\/uploads\/VarioKey-USB-Drive.jpg\" class=\"wp-image-4283\" srcset=\"https:\/\/www.usborkeychain.com\/wp-content\/uploads\/VarioKey-USB-Drive.jpg 400w, https:\/\/www.usborkeychain.com\/wp-content\/uploads\/VarioKey-USB-Drive-300x300.jpg 300w, https:\/\/www.usborkeychain.com\/wp-content\/uploads\/VarioKey-USB-Drive-150x150.jpg 150w, https:\/\/www.usborkeychain.com\/wp-content\/uploads\/VarioKey-USB-Drive-12x12.jpg 12w, https:\/\/www.usborkeychain.com\/wp-content\/uploads\/VarioKey-USB-Drive-100x100.jpg 100w\" sizes=\"(max-width: 400px) 100vw, 400px\" \/><\/figure>\n<\/div>\n\n\n\n<div class=\"wp-block-column is-layout-flow wp-block-column-is-layout-flow\">\n<figure class=\"wp-block-image size-full\"><img alt=\"\" loading=\"lazy\" decoding=\"async\" width=\"400\" height=\"400\" src=\"https:\/\/www.usborkeychain.com\/wp-content\/uploads\/ColorRide-USB-Drive.jpg\" class=\"wp-image-4280\" srcset=\"https:\/\/www.usborkeychain.com\/wp-content\/uploads\/ColorRide-USB-Drive.jpg 400w, https:\/\/www.usborkeychain.com\/wp-content\/uploads\/ColorRide-USB-Drive-300x300.jpg 300w, https:\/\/www.usborkeychain.com\/wp-content\/uploads\/ColorRide-USB-Drive-150x150.jpg 150w, https:\/\/www.usborkeychain.com\/wp-content\/uploads\/ColorRide-USB-Drive-12x12.jpg 12w, https:\/\/www.usborkeychain.com\/wp-content\/uploads\/ColorRide-USB-Drive-100x100.jpg 100w\" sizes=\"(max-width: 400px) 100vw, 400px\" \/><\/figure>\n<\/div>\n<\/div>\n\n\n\n<p>Le pr\u00e9sent <strong>cl\u00e9 USB rotative miniature la plus populaire<\/strong> combine parfaitement la transmission \u00e0 grande vitesse USB 3.0, un corps extr\u00eamement fin et l\u00e9ger, une apparence color\u00e9e et un potentiel de personnalisation flexible, ce qui en fait un excellent choix pour le stockage personnel, le travail de bureau des entreprises et la promotion marketing. Qu'il s'agisse d'utilisateurs individuels recherchant une transmission efficace ou d'entreprises valorisant la communication de marque et les cadeaux pratiques, le choix d'un fabricant professionnel pour la personnalisation peut maximiser sa valeur, r\u00e9pondre \u00e0 divers besoins et pr\u00e9senter des avantages en mati\u00e8re de stockage de donn\u00e9es et de transmission de marque.<\/p>\n\n\n\n<div class=\"wp-block-columns is-layout-flex wp-container-core-columns-is-layout-28f84493 wp-block-columns-is-layout-flex\">\n<div class=\"wp-block-column is-layout-flow wp-block-column-is-layout-flow\">\n<figure class=\"wp-block-image size-full\"><img alt=\"\" loading=\"lazy\" decoding=\"async\" width=\"400\" height=\"400\" src=\"https:\/\/www.usborkeychain.com\/wp-content\/uploads\/ColorGlide-USB-drive.jpg\" class=\"wp-image-4278\" srcset=\"https:\/\/www.usborkeychain.com\/wp-content\/uploads\/ColorGlide-USB-drive.jpg 400w, https:\/\/www.usborkeychain.com\/wp-content\/uploads\/ColorGlide-USB-drive-300x300.jpg 300w, https:\/\/www.usborkeychain.com\/wp-content\/uploads\/ColorGlide-USB-drive-150x150.jpg 150w, https:\/\/www.usborkeychain.com\/wp-content\/uploads\/ColorGlide-USB-drive-12x12.jpg 12w, https:\/\/www.usborkeychain.com\/wp-content\/uploads\/ColorGlide-USB-drive-100x100.jpg 100w\" sizes=\"(max-width: 400px) 100vw, 400px\" \/><\/figure>\n<\/div>\n\n\n\n<div class=\"wp-block-column is-layout-flow wp-block-column-is-layout-flow\">\n<figure class=\"wp-block-image size-full\"><img alt=\"\" loading=\"lazy\" decoding=\"async\" width=\"400\" height=\"400\" src=\"https:\/\/www.usborkeychain.com\/wp-content\/uploads\/ColorTwist-USB-drive.jpg\" class=\"wp-image-4281\" srcset=\"https:\/\/www.usborkeychain.com\/wp-content\/uploads\/ColorTwist-USB-drive.jpg 400w, https:\/\/www.usborkeychain.com\/wp-content\/uploads\/ColorTwist-USB-drive-300x300.jpg 300w, https:\/\/www.usborkeychain.com\/wp-content\/uploads\/ColorTwist-USB-drive-150x150.jpg 150w, https:\/\/www.usborkeychain.com\/wp-content\/uploads\/ColorTwist-USB-drive-12x12.jpg 12w, https:\/\/www.usborkeychain.com\/wp-content\/uploads\/ColorTwist-USB-drive-100x100.jpg 100w\" sizes=\"(max-width: 400px) 100vw, 400px\" \/><\/figure>\n<\/div>\n\n\n\n<div class=\"wp-block-column is-layout-flow wp-block-column-is-layout-flow\">\n<figure class=\"wp-block-image size-full\"><img alt=\"\" loading=\"lazy\" decoding=\"async\" width=\"400\" height=\"400\" src=\"https:\/\/www.usborkeychain.com\/wp-content\/uploads\/ChromaticKey-USB-drive.jpg\" class=\"wp-image-4276\" srcset=\"https:\/\/www.usborkeychain.com\/wp-content\/uploads\/ChromaticKey-USB-drive.jpg 400w, https:\/\/www.usborkeychain.com\/wp-content\/uploads\/ChromaticKey-USB-drive-300x300.jpg 300w, https:\/\/www.usborkeychain.com\/wp-content\/uploads\/ChromaticKey-USB-drive-150x150.jpg 150w, https:\/\/www.usborkeychain.com\/wp-content\/uploads\/ChromaticKey-USB-drive-12x12.jpg 12w, https:\/\/www.usborkeychain.com\/wp-content\/uploads\/ChromaticKey-USB-drive-100x100.jpg 100w\" sizes=\"(max-width: 400px) 100vw, 400px\" \/><\/figure>\n<\/div>\n<\/div>","protected":false},"excerpt":{"rendered":"<ul>\n<li>Les plus populaires<\/li>\n<li>Mini<\/li>\n<li>Rotation<\/li>\n<li>Ultra-mince<\/li>\n<li>MOQ:100PCS<\/li>\n<\/ul>","protected":false},"featured_media":4282,"comment_status":"open","ping_status":"closed","template":"","meta":{"_seopress_robots_primary_cat":"","_seopress_titles_title":"Most Popular Mini Rotating USB Drive;metal USB drive","_seopress_titles_desc":"","_seopress_robots_index":"","site-sidebar-layout":"default","site-content-layout":"","ast-site-content-layout":"","site-content-style":"default","site-sidebar-style":"default","ast-global-header-display":"","ast-banner-title-visibility":"","ast-main-header-display":"","ast-hfb-above-header-display":"","ast-hfb-below-header-display":"","ast-hfb-mobile-header-display":"","site-post-title":"","ast-breadcrumbs-content":"","ast-featured-img":"","footer-sml-layout":"","theme-transparent-header-meta":"","adv-header-id-meta":"","stick-header-meta":"","header-above-stick-meta":"","header-main-stick-meta":"","header-below-stick-meta":"","astra-migrate-meta-layouts":"default","ast-page-background-enabled":"default","ast-page-background-meta":{"desktop":{"background-color":"var(--ast-global-color-5)","background-image":"","background-repeat":"repeat","background-position":"center center","background-size":"auto","background-attachment":"scroll","background-type":"","background-media":"","overlay-type":"","overlay-color":"","overlay-opacity":"","overlay-gradient":""},"tablet":{"background-color":"","background-image":"","background-repeat":"repeat","background-position":"center center","background-size":"auto","background-attachment":"scroll","background-type":"","background-media":"","overlay-type":"","overlay-color":"","overlay-opacity":"","overlay-gradient":""},"mobile":{"background-color":"","background-image":"","background-repeat":"repeat","background-position":"center center","background-size":"auto","background-attachment":"scroll","background-type":"","background-media":"","overlay-type":"","overlay-color":"","overlay-opacity":"","overlay-gradient":""}},"ast-content-background-meta":{"desktop":{"background-color":"var(--ast-global-color-4)","background-image":"","background-repeat":"repeat","background-position":"center center","background-size":"auto","background-attachment":"scroll","background-type":"","background-media":"","overlay-type":"","overlay-color":"","overlay-opacity":"","overlay-gradient":""},"tablet":{"background-color":"var(--ast-global-color-4)","background-image":"","background-repeat":"repeat","background-position":"center center","background-size":"auto","background-attachment":"scroll","background-type":"","background-media":"","overlay-type":"","overlay-color":"","overlay-opacity":"","overlay-gradient":""},"mobile":{"background-color":"var(--ast-global-color-4)","background-image":"","background-repeat":"repeat","background-position":"center center","background-size":"auto","background-attachment":"scroll","background-type":"","background-media":"","overlay-type":"","overlay-color":"","overlay-opacity":"","overlay-gradient":""}}},"product_brand":[],"product_cat":[113],"product_tag":[406,198,252],"class_list":{"0":"post-4273","1":"product","2":"type-product","3":"status-publish","4":"has-post-thumbnail","6":"product_cat-mini-usb-pendrive","7":"product_tag-metal-swivel-usb-drive","8":"product_tag-mini-metal-usb-drive","9":"product_tag-mini-rotating-usb-drive","10":"desktop-align-left","11":"tablet-align-left","12":"mobile-align-left","14":"first","15":"instock","16":"shipping-taxable","17":"product-type-simple"},"_links":{"self":[{"href":"https:\/\/www.usborkeychain.com\/fr\/wp-json\/wp\/v2\/product\/4273","targetHints":{"allow":["GET"]}}],"collection":[{"href":"https:\/\/www.usborkeychain.com\/fr\/wp-json\/wp\/v2\/product"}],"about":[{"href":"https:\/\/www.usborkeychain.com\/fr\/wp-json\/wp\/v2\/types\/product"}],"replies":[{"embeddable":true,"href":"https:\/\/www.usborkeychain.com\/fr\/wp-json\/wp\/v2\/comments?post=4273"}],"wp:featuredmedia":[{"embeddable":true,"href":"https:\/\/www.usborkeychain.com\/fr\/wp-json\/wp\/v2\/media\/4282"}],"wp:attachment":[{"href":"https:\/\/www.usborkeychain.com\/fr\/wp-json\/wp\/v2\/media?parent=4273"}],"wp:term":[{"taxonomy":"product_brand","embeddable":true,"href":"https:\/\/www.usborkeychain.com\/fr\/wp-json\/wp\/v2\/product_brand?post=4273"},{"taxonomy":"product_cat","embeddable":true,"href":"https:\/\/www.usborkeychain.com\/fr\/wp-json\/wp\/v2\/product_cat?post=4273"},{"taxonomy":"product_tag","embeddable":true,"href":"https:\/\/www.usborkeychain.com\/fr\/wp-json\/wp\/v2\/product_tag?post=4273"}],"curies":[{"name":"wp","href":"https:\/\/api.w.org\/{rel}","templated":true}]}}