{"id":4286,"date":"2025-07-21T15:02:16","date_gmt":"2025-07-21T15:02:16","guid":{"rendered":"https:\/\/www.usborkeychain.com\/?post_type=product&#038;p=4286"},"modified":"2025-07-23T23:50:35","modified_gmt":"2025-07-23T23:50:35","slug":"porsche-logo-usb-drive","status":"publish","type":"product","link":"https:\/\/www.usborkeychain.com\/fr\/produit\/porsche-logo-usb-drive\/","title":{"rendered":"Cl\u00e9 USB avec logo Porsche"},"content":{"rendered":"<p><\/p>\n\n\n\n<div class=\"wp-block-columns is-layout-flex wp-container-core-columns-is-layout-28f84493 wp-block-columns-is-layout-flex\">\n<div class=\"wp-block-column is-layout-flow wp-block-column-is-layout-flow\">\n<figure class=\"wp-block-image size-full\"><img fetchpriority=\"high\" decoding=\"async\" width=\"800\" height=\"800\" src=\"https:\/\/www.usborkeychain.com\/wp-content\/uploads\/Porsche-Logo-USB-Drive.png\" alt=\"Porsche Logo USB Drive\" class=\"wp-image-4292\" srcset=\"https:\/\/www.usborkeychain.com\/wp-content\/uploads\/Porsche-Logo-USB-Drive.png 800w, https:\/\/www.usborkeychain.com\/wp-content\/uploads\/Porsche-Logo-USB-Drive-300x300.png 300w, https:\/\/www.usborkeychain.com\/wp-content\/uploads\/Porsche-Logo-USB-Drive-150x150.png 150w, https:\/\/www.usborkeychain.com\/wp-content\/uploads\/Porsche-Logo-USB-Drive-768x768.png 768w, https:\/\/www.usborkeychain.com\/wp-content\/uploads\/Porsche-Logo-USB-Drive-12x12.png 12w, https:\/\/www.usborkeychain.com\/wp-content\/uploads\/Porsche-Logo-USB-Drive-600x600.png 600w, https:\/\/www.usborkeychain.com\/wp-content\/uploads\/Porsche-Logo-USB-Drive-100x100.png 100w\" sizes=\"(max-width: 800px) 100vw, 800px\" \/><\/figure>\n<\/div>\n\n\n\n<div class=\"wp-block-column is-vertically-aligned-center is-layout-flow wp-block-column-is-layout-flow\">\n<p>Symbole l\u00e9gendaire de l'industrie des supercars, la voiture embl\u00e9matique de Porsche est une voiture de sport. <strong>logo en forme de bouclier<\/strong> (repr\u00e9sentant un cheval cabr\u00e9 sur fond jaune avec des bandes rouges, blanches et vertes) incarne l'essence de la vitesse et du luxe. <\/p>\n\n\n\n<p>Le <strong>Cl\u00e9 USB avec logo Porsche<\/strong> est un <strong>R\u00e9plique \u00e0 l'\u00e9chelle 1:1 de ce logo<\/strong>transformant le totem de la marque en un dispositif de stockage portable. <\/p>\n\n\n\n<p>Il int\u00e8gre le charme de Porsche dans la vie et le travail quotidiens, ce qui en fait un choix id\u00e9al pour les passionn\u00e9s d'automobile et un cadeau personnalis\u00e9 de premi\u00e8re qualit\u00e9 pour les entreprises.<\/p>\n<\/div>\n<\/div>\n\n\n\n<h2 class=\"wp-block-heading\">1. Le design du bouclier 2D, qui restaure le logo classique de Porsche<\/h2>\n\n\n\n<p>Le logo de Porsche est par nature un symbole visuel puissant, avec ses <strong>forme du bouclier<\/strong> en tant qu'identit\u00e9 de base de la marque. Cette cl\u00e9 USB reproduit fid\u00e8lement le logo en <strong>Design plat en 2D<\/strong>:<\/p>\n\n\n\n<ul class=\"wp-block-list\">\n<li><strong>Sch\u00e9ma de couleurs<\/strong>: Une base jaune vif reprend la teinte classique de la marque, associ\u00e9e \u00e0 un cheval cabr\u00e9 noir, aux lettres \"S-F\" et \u00e0 des rayures rouge-blanc-vert, cr\u00e9ant ainsi un impact visuel saisissant.<\/li>\n<\/ul>\n\n\n\n<ul class=\"wp-block-list\">\n<li><strong>Logique de conception<\/strong>: En respectant strictement les proportions du logo, chaque ligne et chaque d\u00e9tail du bord du bouclier sont reproduits, ce qui donne l'impression de tenir en main un embl\u00e8me Porsche miniature.<\/li>\n<\/ul>\n\n\n\n<p>(Les fabricants utilisent <strong>cl\u00e9 USB personnalis\u00e9e en forme de logo artisanat<\/strong> d'int\u00e9grer de mani\u00e8re transparente le symbole de la marque aux produits num\u00e9riques, r\u00e9pondant ainsi aux divers besoins des entreprises).<\/p>\n\n\n\n<h2 class=\"wp-block-heading\">2. Sp\u00e9cifications de base : La performance au service du design<\/h2>\n\n\n\n<p>\u200b<\/p>\n\n\n\n<figure class=\"wp-block-table\"><table class=\"has-fixed-layout\"><tbody><tr><td>Sp\u00e9cifications<\/td><td>D\u00e9tails<\/td><\/tr><tr><td>Type d'interface<\/td><td>USB 2.0 (r\u00e9trocompatible avec USB 1.1)<\/td><\/tr><tr><td>Options de stockage<\/td><td>8GB \/ 16GB \/ 32GB \/ 64GB<\/td><\/tr><tr><td>Mat\u00e9riau<\/td><td>Caoutchouc souple en PVC (non toxique, r\u00e9sistant \u00e0 l'usure et aux chutes)<\/td><\/tr><tr><td>Dimensions<\/td><td>35mm\u00d728mm\u00d75mm (proportions approximatives du logo)<\/td><\/tr><tr><td>Vitesse de lecture<\/td><td>Jusqu'\u00e0 15 Mo\/s (norme USB 2.0)<\/td><\/tr><tr><td>Temp\u00e9rature de fonctionnement<\/td><td>0\u2103~40\u2103 (stable dans les environnements quotidiens)<\/td><\/tr><tr><td>Soutien \u00e0 la personnalisation<\/td><td>Capacit\u00e9 de stockage, emballage, LOGO grav\u00e9 au laser<\/td><\/tr><\/tbody><\/table><\/figure>\n\n\n\n<p><\/p>\n\n\n\n<h2 class=\"wp-block-heading\">3. Moulage personnalis\u00e9 en PVC, reproduction pr\u00e9cise des d\u00e9tails du logo<\/h2>\n\n\n\n<p>Comment r\u00e9alise-t-il l'int\u00e9gration \"logo-as-USB\" ? Gr\u00e2ce \u00e0 <strong>technologie de moulage sur mesure<\/strong>:<\/p>\n\n\n\n<ol start=\"1\" class=\"wp-block-list\">\n<li><strong>D\u00e9veloppement des moules<\/strong>: Les fabricants cr\u00e9ent des moules exclusifs bas\u00e9s sur les graphiques vectoriels du logo Porsche, garantissant l'alignement de 100% avec la forme du bouclier et les proportions du motif.<\/li>\n<\/ol>\n\n\n\n<ol start=\"2\" class=\"wp-block-list\">\n<li><strong>Mat\u00e9riau Artisanat<\/strong>: Utilisation <strong>Moulage par injection de caoutchouc souple en PVC<\/strong>Les couleurs jaune et noir sont obtenues par moulage sous pression en une seule fois. Les logos et les motifs sont int\u00e9gr\u00e9s au mat\u00e9riau de base (ils ne sont pas imprim\u00e9s ult\u00e9rieurement), ce qui emp\u00eache la d\u00e9coloration ou l'usure.<\/li>\n<\/ol>\n\n\n\n<ol start=\"3\" class=\"wp-block-list\">\n<li><strong>Conception \u00e0 double face<\/strong>: La face avant affiche le logo complet, tandis que la face arri\u00e8re pr\u00e9sente une finition jaune unie, ce qui permet de conserver un style unifi\u00e9. Elle sert \u00e0 la fois de cl\u00e9 USB et d'embl\u00e8me de marque \u00e0 collectionner.<\/li>\n<\/ol>\n\n\n\n<div class=\"wp-block-columns is-layout-flex wp-container-core-columns-is-layout-28f84493 wp-block-columns-is-layout-flex\">\n<div class=\"wp-block-column is-layout-flow wp-block-column-is-layout-flow\">\n<figure class=\"wp-block-image size-full\"><img decoding=\"async\" width=\"800\" height=\"800\" src=\"https:\/\/www.usborkeychain.com\/wp-content\/uploads\/Porsche-Design-USB-Drive.png\" alt=\"Porsche Design USB Drive\" class=\"wp-image-4290\" srcset=\"https:\/\/www.usborkeychain.com\/wp-content\/uploads\/Porsche-Design-USB-Drive.png 800w, https:\/\/www.usborkeychain.com\/wp-content\/uploads\/Porsche-Design-USB-Drive-300x300.png 300w, https:\/\/www.usborkeychain.com\/wp-content\/uploads\/Porsche-Design-USB-Drive-150x150.png 150w, https:\/\/www.usborkeychain.com\/wp-content\/uploads\/Porsche-Design-USB-Drive-768x768.png 768w, https:\/\/www.usborkeychain.com\/wp-content\/uploads\/Porsche-Design-USB-Drive-12x12.png 12w, https:\/\/www.usborkeychain.com\/wp-content\/uploads\/Porsche-Design-USB-Drive-600x600.png 600w, https:\/\/www.usborkeychain.com\/wp-content\/uploads\/Porsche-Design-USB-Drive-100x100.png 100w\" sizes=\"(max-width: 800px) 100vw, 800px\" \/><\/figure>\n<\/div>\n\n\n\n<div class=\"wp-block-column is-layout-flow wp-block-column-is-layout-flow\">\n<figure class=\"wp-block-image size-full\"><img decoding=\"async\" width=\"800\" height=\"800\" src=\"https:\/\/www.usborkeychain.com\/wp-content\/uploads\/Porsche-Panamera-G2-USB-Stick.png\" alt=\"Porsche Panamera G2 USB Stick\" class=\"wp-image-4293\" srcset=\"https:\/\/www.usborkeychain.com\/wp-content\/uploads\/Porsche-Panamera-G2-USB-Stick.png 800w, https:\/\/www.usborkeychain.com\/wp-content\/uploads\/Porsche-Panamera-G2-USB-Stick-300x300.png 300w, https:\/\/www.usborkeychain.com\/wp-content\/uploads\/Porsche-Panamera-G2-USB-Stick-150x150.png 150w, https:\/\/www.usborkeychain.com\/wp-content\/uploads\/Porsche-Panamera-G2-USB-Stick-768x768.png 768w, https:\/\/www.usborkeychain.com\/wp-content\/uploads\/Porsche-Panamera-G2-USB-Stick-12x12.png 12w, https:\/\/www.usborkeychain.com\/wp-content\/uploads\/Porsche-Panamera-G2-USB-Stick-600x600.png 600w, https:\/\/www.usborkeychain.com\/wp-content\/uploads\/Porsche-Panamera-G2-USB-Stick-100x100.png 100w\" sizes=\"(max-width: 800px) 100vw, 800px\" \/><\/figure>\n<\/div>\n<\/div>\n\n\n\n<h2 class=\"wp-block-heading\">4. Cadeau privil\u00e9gi\u00e9 pour les \u00e9v\u00e9nements Porsche, communication de la marque renforc\u00e9e<\/h2>\n\n\n\n<p>En tant que <strong>cadeau d'entreprise personnalis\u00e9<\/strong>Cette cl\u00e9 USB offre de multiples valeurs dans les \u00e9v\u00e9nements de Porsche.<\/p>\n\n\n\n<ol start=\"1\" class=\"wp-block-list\">\n<li><strong>Souvenir pour le lancement de nouveaux produits<\/strong>: Le design crois\u00e9 \"logo + num\u00e9rique\" rehausse le prestige de l'\u00e9v\u00e9nement et renforce l'image de la marque \"luxury tech\".<\/li>\n<\/ol>\n\n\n\n<ol start=\"2\" class=\"wp-block-list\">\n<li><strong>Cadeau pour les r\u00e9unions de distributeurs<\/strong>: L'int\u00e9gration du symbole de la marque dans un outil pratique renforce la reconnaissance et la fid\u00e9lit\u00e9 des partenaires \u00e0 l'\u00e9gard de Porsche.<\/li>\n<\/ol>\n\n\n\n<ol start=\"3\" class=\"wp-block-list\">\n<li><strong>Avantages pour les clubs de propri\u00e9taires<\/strong>: En tant qu'avantage exclusif pour les membres, il r\u00e9pond au d\u00e9sir des enthousiastes de collectionner les produits de la marque, ce qui permet de fid\u00e9liser les clients.<\/li>\n<\/ol>\n\n\n\n<ol start=\"4\" class=\"wp-block-list\">\n<li><strong>Offre promotionnelle<\/strong>: Distribu\u00e9 lors d'expositions hors ligne ou d'essais de conduite, il assure une exposition continue de la marque dans le cadre de sc\u00e9narios d'utilisation fr\u00e9quente (bureau, voiture).<\/li>\n<\/ol>\n\n\n\n<div class=\"wp-block-columns is-layout-flex wp-container-core-columns-is-layout-28f84493 wp-block-columns-is-layout-flex\">\n<div class=\"wp-block-column is-layout-flow wp-block-column-is-layout-flow\">\n<figure class=\"wp-block-image size-full\"><img loading=\"lazy\" decoding=\"async\" width=\"800\" height=\"800\" src=\"https:\/\/www.usborkeychain.com\/wp-content\/uploads\/Porsche-911-USB-Flash-Drive.png\" alt=\"Porsche 911 USB Flash Drive\" class=\"wp-image-4289\" srcset=\"https:\/\/www.usborkeychain.com\/wp-content\/uploads\/Porsche-911-USB-Flash-Drive.png 800w, https:\/\/www.usborkeychain.com\/wp-content\/uploads\/Porsche-911-USB-Flash-Drive-300x300.png 300w, https:\/\/www.usborkeychain.com\/wp-content\/uploads\/Porsche-911-USB-Flash-Drive-150x150.png 150w, https:\/\/www.usborkeychain.com\/wp-content\/uploads\/Porsche-911-USB-Flash-Drive-768x768.png 768w, https:\/\/www.usborkeychain.com\/wp-content\/uploads\/Porsche-911-USB-Flash-Drive-12x12.png 12w, https:\/\/www.usborkeychain.com\/wp-content\/uploads\/Porsche-911-USB-Flash-Drive-600x600.png 600w, https:\/\/www.usborkeychain.com\/wp-content\/uploads\/Porsche-911-USB-Flash-Drive-100x100.png 100w\" sizes=\"(max-width: 800px) 100vw, 800px\" \/><\/figure>\n<\/div>\n\n\n\n<div class=\"wp-block-column is-vertically-aligned-center is-layout-flow wp-block-column-is-layout-flow\">\n<p>Le <strong>Cl\u00e9 USB avec logo Porsche<\/strong> combine <strong>\"symbole de la marque + outil pratique<\/strong>La r\u00e9plication du logo \u00e0 l'\u00e9chelle 1:1 se fait par l'interm\u00e9diaire de <strong>moulage sur mesure et artisanat en PVC<\/strong>. Il r\u00e9pond aux besoins des collectionneurs tout en offrant aux entreprises un service de qualit\u00e9. <strong>solution de cadeau personnalisable en vrac et valorisant la marque<\/strong>. <\/p>\n\n\n\n<p>Que ce soit en tant que <strong>coup en gros des fabricants<\/strong> ou un article exclusif personnalis\u00e9, son design compact et exquis garantit que le charme de Porsche persiste dans les sc\u00e9narios quotidiens des utilisateurs, servant de pont num\u00e9rique entre la marque et son public.<\/p>\n<\/div>\n<\/div>\n\n\n\n<p><\/p>\n\n\n\n<p><\/p>","protected":false},"excerpt":{"rendered":"<ul>\n<li>Moule en PVC<\/li>\n<li>USB en forme de logo<\/li>\n<li>Conception 2D<\/li>\n<li>Marque de voiture LOGO<\/li>\n<li>Forme personnalis\u00e9e<\/li>\n<\/ul>","protected":false},"featured_media":4292,"comment_status":"open","ping_status":"closed","template":"","meta":{"_seopress_robots_primary_cat":"","_seopress_titles_title":"","_seopress_titles_desc":"","_seopress_robots_index":"","site-sidebar-layout":"default","site-content-layout":"","ast-site-content-layout":"","site-content-style":"default","site-sidebar-style":"default","ast-global-header-display":"","ast-banner-title-visibility":"","ast-main-header-display":"","ast-hfb-above-header-display":"","ast-hfb-below-header-display":"","ast-hfb-mobile-header-display":"","site-post-title":"","ast-breadcrumbs-content":"","ast-featured-img":"","footer-sml-layout":"","theme-transparent-header-meta":"","adv-header-id-meta":"","stick-header-meta":"","header-above-stick-meta":"","header-main-stick-meta":"","header-below-stick-meta":"","astra-migrate-meta-layouts":"default","ast-page-background-enabled":"default","ast-page-background-meta":{"desktop":{"background-color":"var(--ast-global-color-5)","background-image":"","background-repeat":"repeat","background-position":"center center","background-size":"auto","background-attachment":"scroll","background-type":"","background-media":"","overlay-type":"","overlay-color":"","overlay-opacity":"","overlay-gradient":""},"tablet":{"background-color":"","background-image":"","background-repeat":"repeat","background-position":"center center","background-size":"auto","background-attachment":"scroll","background-type":"","background-media":"","overlay-type":"","overlay-color":"","overlay-opacity":"","overlay-gradient":""},"mobile":{"background-color":"","background-image":"","background-repeat":"repeat","background-position":"center center","background-size":"auto","background-attachment":"scroll","background-type":"","background-media":"","overlay-type":"","overlay-color":"","overlay-opacity":"","overlay-gradient":""}},"ast-content-background-meta":{"desktop":{"background-color":"var(--ast-global-color-4)","background-image":"","background-repeat":"repeat","background-position":"center center","background-size":"auto","background-attachment":"scroll","background-type":"","background-media":"","overlay-type":"","overlay-color":"","overlay-opacity":"","overlay-gradient":""},"tablet":{"background-color":"var(--ast-global-color-4)","background-image":"","background-repeat":"repeat","background-position":"center center","background-size":"auto","background-attachment":"scroll","background-type":"","background-media":"","overlay-type":"","overlay-color":"","overlay-opacity":"","overlay-gradient":""},"mobile":{"background-color":"var(--ast-global-color-4)","background-image":"","background-repeat":"repeat","background-position":"center center","background-size":"auto","background-attachment":"scroll","background-type":"","background-media":"","overlay-type":"","overlay-color":"","overlay-opacity":"","overlay-gradient":""}}},"product_brand":[],"product_cat":[94],"product_tag":[253],"class_list":{"0":"post-4286","1":"product","2":"type-product","3":"status-publish","4":"has-post-thumbnail","6":"product_cat-pvc-usb-pendrive","7":"product_tag-logo-usb-flash-drive","8":"desktop-align-left","9":"tablet-align-left","10":"mobile-align-left","12":"first","13":"instock","14":"shipping-taxable","15":"product-type-simple"},"_links":{"self":[{"href":"https:\/\/www.usborkeychain.com\/fr\/wp-json\/wp\/v2\/product\/4286","targetHints":{"allow":["GET"]}}],"collection":[{"href":"https:\/\/www.usborkeychain.com\/fr\/wp-json\/wp\/v2\/product"}],"about":[{"href":"https:\/\/www.usborkeychain.com\/fr\/wp-json\/wp\/v2\/types\/product"}],"replies":[{"embeddable":true,"href":"https:\/\/www.usborkeychain.com\/fr\/wp-json\/wp\/v2\/comments?post=4286"}],"wp:featuredmedia":[{"embeddable":true,"href":"https:\/\/www.usborkeychain.com\/fr\/wp-json\/wp\/v2\/media\/4292"}],"wp:attachment":[{"href":"https:\/\/www.usborkeychain.com\/fr\/wp-json\/wp\/v2\/media?parent=4286"}],"wp:term":[{"taxonomy":"product_brand","embeddable":true,"href":"https:\/\/www.usborkeychain.com\/fr\/wp-json\/wp\/v2\/product_brand?post=4286"},{"taxonomy":"product_cat","embeddable":true,"href":"https:\/\/www.usborkeychain.com\/fr\/wp-json\/wp\/v2\/product_cat?post=4286"},{"taxonomy":"product_tag","embeddable":true,"href":"https:\/\/www.usborkeychain.com\/fr\/wp-json\/wp\/v2\/product_tag?post=4286"}],"curies":[{"name":"wp","href":"https:\/\/api.w.org\/{rel}","templated":true}]}}