{"id":4294,"date":"2025-07-21T15:10:54","date_gmt":"2025-07-21T15:10:54","guid":{"rendered":"https:\/\/www.usborkeychain.com\/?post_type=product&#038;p=4294"},"modified":"2025-07-21T23:45:15","modified_gmt":"2025-07-21T23:45:15","slug":"half-moon-triangle-hole-metal-key-usb-drive","status":"publish","type":"product","link":"https:\/\/www.usborkeychain.com\/fr\/produit\/half-moon-triangle-hole-metal-key-usb-drive\/","title":{"rendered":"Cl\u00e9 USB en m\u00e9tal avec trou Triangle demi-lune"},"content":{"rendered":"<div class=\"wp-block-columns is-layout-flex wp-container-core-columns-is-layout-28f84493 wp-block-columns-is-layout-flex\">\n<div class=\"wp-block-column is-layout-flow wp-block-column-is-layout-flow\">\n<figure class=\"wp-block-image size-full\"><img alt=\"\" fetchpriority=\"high\" decoding=\"async\" width=\"800\" height=\"800\" src=\"https:\/\/www.usborkeychain.com\/wp-content\/uploads\/Tri-Key-USB-drive.jpg\" class=\"wp-image-4300\" srcset=\"https:\/\/www.usborkeychain.com\/wp-content\/uploads\/Tri-Key-USB-drive.jpg 800w, https:\/\/www.usborkeychain.com\/wp-content\/uploads\/Tri-Key-USB-drive-300x300.jpg 300w, https:\/\/www.usborkeychain.com\/wp-content\/uploads\/Tri-Key-USB-drive-150x150.jpg 150w, https:\/\/www.usborkeychain.com\/wp-content\/uploads\/Tri-Key-USB-drive-768x768.jpg 768w, https:\/\/www.usborkeychain.com\/wp-content\/uploads\/Tri-Key-USB-drive-12x12.jpg 12w, https:\/\/www.usborkeychain.com\/wp-content\/uploads\/Tri-Key-USB-drive-600x600.jpg 600w, https:\/\/www.usborkeychain.com\/wp-content\/uploads\/Tri-Key-USB-drive-100x100.jpg 100w\" sizes=\"(max-width: 800px) 100vw, 800px\" \/><\/figure>\n<\/div>\n\n\n\n<div class=\"wp-block-column is-vertically-aligned-center is-layout-flow wp-block-column-is-layout-flow\">\n<p>Avec son design unique et ses performances pratiques, cette <strong>Cl\u00e9 USB en m\u00e9tal avec trou triangulaire demi-lune<\/strong> est devenu le centre d'int\u00e9r\u00eat de nombreuses personnes.<\/p>\n\n\n\n<p> La coque de la cl\u00e9 USB m\u00e9tallique \u00e0 trou triangulaire en demi-lune est principalement fabriqu\u00e9e par un processus de moulage int\u00e9gr\u00e9 de haute pr\u00e9cision en alliage de zinc moul\u00e9 sous pression, pr\u00e9sentant une excellente texture m\u00e9tallique et une structure ferme et durable. La surface est trait\u00e9e avec du sable de zircon ou par placage sous vide, ce qui lui conf\u00e8re un toucher d\u00e9licat et lisse. Les bords sont arrondis, sans angles vifs, de sorte qu'il ne risque pas de blesser les mains ou d'accrocher les v\u00eatements lors d'une utilisation quotidienne. Il est extr\u00eamement petit et d'une conception exquise, l\u00e9ger et facile \u00e0 transporter. <\/p>\n\n\n\n<p>Le trou de serrure standard en forme de triangle en demi-lune situ\u00e9 sur le dessus peut se connecter sans probl\u00e8me \u00e0 des porte-cl\u00e9s, des lani\u00e8res ou des sacs \u00e0 dos, ce qui permet aux donn\u00e9es importantes de vous suivre de pr\u00e8s comme une cl\u00e9. Le mat\u00e9riau m\u00e9tallique conf\u00e8re \u00e0 la cl\u00e9 USB un poids plus solide et une pr\u00e9sentation visuelle plus soign\u00e9e que les cl\u00e9s USB en plastique. Il s'agit non seulement d'un outil pratique, mais aussi d'un accessoire de bon go\u00fbt.<\/p>\n<\/div>\n<\/div>\n\n\n\n<h2 class=\"wp-block-heading\">Param\u00e8tres de la cl\u00e9 USB<\/h2>\n\n\n\n<figure class=\"wp-block-table\"><table class=\"has-fixed-layout\"><thead><tr><th>Cat\u00e9gorie de param\u00e8tres<\/th><th>Contenu sp\u00e9cifique<\/th><\/tr><\/thead><tbody><tr><td>Type d'interface<\/td><td>USB 2.0, USB 3.0\/3.1<\/td><\/tr><tr><td>Capacit\u00e9 de stockage<\/td><td>4GB, 8GB, 16GB, 32GB, 64GB, 128GB<\/td><\/tr><tr><td>Taille du produit (longueur * largeur * \u00e9paisseur)<\/td><td>30mm x 15mm x 5mm<\/td><\/tr><tr><td>Poids<\/td><td>Environ 10 \u00e0 20 g<\/td><\/tr><\/tbody><\/table><\/figure>\n\n\n\n<h2 class=\"wp-block-heading\">Est-il possible de le personnaliser ?<\/h2>\n\n\n\n<div class=\"wp-block-columns is-layout-flex wp-container-core-columns-is-layout-28f84493 wp-block-columns-is-layout-flex\">\n<div class=\"wp-block-column is-vertically-aligned-center is-layout-flow wp-block-column-is-layout-flow\">\n<p>Cette cl\u00e9 USB est personnalisable. Les contenus personnalisables sont les suivants :<\/p>\n\n\n\n<ul class=\"wp-block-list\">\n<li>Personnalisation du logo : Qu'il s'agisse d'un logo d'entreprise ou d'un logo personnel exclusif, il peut \u00eatre imprim\u00e9 sur la surface de la cl\u00e9 USB par gravure laser, s\u00e9rigraphie, impression couleur et autres m\u00e9thodes. Par exemple, lorsque les entreprises font des cadeaux, la gravure du logo de l'entreprise est \u00e0 la fois pratique et utile pour la promotion de la marque.<\/li>\n\n\n\n<li>Personnalisation des motifs : Les personnages d'anime pr\u00e9f\u00e9r\u00e9s, les images de paysages, les dessins cr\u00e9atifs, etc., peuvent \u00eatre personnalis\u00e9s sur la cl\u00e9 USB \u00e0 condition qu'ils r\u00e9pondent aux exigences de production, faisant de la cl\u00e9 USB une \"\u0153uvre d'art\" unique.<\/li>\n<\/ul>\n<\/div>\n\n\n\n<div class=\"wp-block-column is-layout-flow wp-block-column-is-layout-flow\">\n<figure class=\"wp-block-image size-full\"><img alt=\"\" decoding=\"async\" width=\"800\" height=\"800\" src=\"https:\/\/www.usborkeychain.com\/wp-content\/uploads\/KeyPort-USB-Drive.jpg\" class=\"wp-image-4298\" srcset=\"https:\/\/www.usborkeychain.com\/wp-content\/uploads\/KeyPort-USB-Drive.jpg 800w, https:\/\/www.usborkeychain.com\/wp-content\/uploads\/KeyPort-USB-Drive-300x300.jpg 300w, https:\/\/www.usborkeychain.com\/wp-content\/uploads\/KeyPort-USB-Drive-150x150.jpg 150w, https:\/\/www.usborkeychain.com\/wp-content\/uploads\/KeyPort-USB-Drive-768x768.jpg 768w, https:\/\/www.usborkeychain.com\/wp-content\/uploads\/KeyPort-USB-Drive-12x12.jpg 12w, https:\/\/www.usborkeychain.com\/wp-content\/uploads\/KeyPort-USB-Drive-600x600.jpg 600w, https:\/\/www.usborkeychain.com\/wp-content\/uploads\/KeyPort-USB-Drive-100x100.jpg 100w\" sizes=\"(max-width: 800px) 100vw, 800px\" \/><\/figure>\n<\/div>\n<\/div>\n\n\n\n<h2 class=\"wp-block-heading\">Qu'en est-il de la clart\u00e9 des mod\u00e8les personnalis\u00e9s ?<\/h2>\n\n\n\n<div class=\"wp-block-columns is-layout-flex wp-container-core-columns-is-layout-28f84493 wp-block-columns-is-layout-flex\">\n<div class=\"wp-block-column is-layout-flow wp-block-column-is-layout-flow\">\n<figure class=\"wp-block-image size-full\"><img alt=\"\" decoding=\"async\" width=\"800\" height=\"800\" src=\"https:\/\/www.usborkeychain.com\/wp-content\/uploads\/MetaTri-USB-drive.jpg\" class=\"wp-image-4299\" srcset=\"https:\/\/www.usborkeychain.com\/wp-content\/uploads\/MetaTri-USB-drive.jpg 800w, https:\/\/www.usborkeychain.com\/wp-content\/uploads\/MetaTri-USB-drive-300x300.jpg 300w, https:\/\/www.usborkeychain.com\/wp-content\/uploads\/MetaTri-USB-drive-150x150.jpg 150w, https:\/\/www.usborkeychain.com\/wp-content\/uploads\/MetaTri-USB-drive-768x768.jpg 768w, https:\/\/www.usborkeychain.com\/wp-content\/uploads\/MetaTri-USB-drive-12x12.jpg 12w, https:\/\/www.usborkeychain.com\/wp-content\/uploads\/MetaTri-USB-drive-600x600.jpg 600w, https:\/\/www.usborkeychain.com\/wp-content\/uploads\/MetaTri-USB-drive-100x100.jpg 100w\" sizes=\"(max-width: 800px) 100vw, 800px\" \/><\/figure>\n<\/div>\n\n\n\n<div class=\"wp-block-column is-vertically-aligned-center is-layout-flow wp-block-column-is-layout-flow\">\n<p>La coque de la cl\u00e9 USB pr\u00e9sente un arc en forme de triangle en demi-lune. Lors de l'impression ou de la gravure de motifs sur la surface de l'arc, les bords peuvent \u00eatre l\u00e9g\u00e8rement d\u00e9form\u00e9s et flous. <\/p>\n\n\n\n<p>Toutefois, gr\u00e2ce \u00e0 la technologie mature actuelle, telle que la gravure laser de haute pr\u00e9cision et l'impression couleur UV (proc\u00e9d\u00e9s r\u00e9sistants \u00e0 l'usure comme l'encre UV allemande), l'impact peut \u00eatre minimis\u00e9. <\/p>\n\n\n\n<p>Tant que le projet de conception est clair et que le fabricant de produits personnalis\u00e9s poss\u00e8de un bon savoir-faire, le motif peut \u00eatre clair et beau, ce qui donne un bon r\u00e9sultat.<\/p>\n<\/div>\n<\/div>\n\n\n\n<h2 class=\"wp-block-heading\">La conception aura-t-elle une incidence sur la vitesse de lecture et d'\u00e9criture ?<\/h2>\n\n\n\n<p>Bien que la forme de la cl\u00e9 soit unique, l'interface USB est compl\u00e8tement expos\u00e9e sans aucune obstruction et peut \u00eatre directement ins\u00e9r\u00e9e dans l'ordinateur. Son chipset interne et son interface sont les m\u00eames que ceux des cl\u00e9s USB conventionnelles, et les performances de transmission des donn\u00e9es d\u00e9pendent enti\u00e8rement du sch\u00e9ma de puce adopt\u00e9 et de la limite de vitesse standard de l'interface USB 2.0 elle-m\u00eame. La coque m\u00e9tallique et la conception en trou de serrure n'ont pas d'impact n\u00e9gatif sur la dissipation de la chaleur et les signaux, de sorte que les utilisateurs n'ont pas \u00e0 s'inqui\u00e9ter du fait que la vitesse soit affect\u00e9e par la forme.<\/p>\n\n\n\n<h2 class=\"wp-block-heading\">Convient \u00e0 quelles entreprises comme cadeaux ?<\/h2>\n\n\n\n<div class=\"wp-block-columns is-layout-flex wp-container-core-columns-is-layout-28f84493 wp-block-columns-is-layout-flex\">\n<div class=\"wp-block-column is-layout-flow wp-block-column-is-layout-flow\">\n<figure class=\"wp-block-image size-full\"><img alt=\"\" loading=\"lazy\" decoding=\"async\" width=\"800\" height=\"800\" src=\"https:\/\/www.usborkeychain.com\/wp-content\/uploads\/HoleArc-USB-drive.jpg\" class=\"wp-image-4297\" srcset=\"https:\/\/www.usborkeychain.com\/wp-content\/uploads\/HoleArc-USB-drive.jpg 800w, https:\/\/www.usborkeychain.com\/wp-content\/uploads\/HoleArc-USB-drive-300x300.jpg 300w, https:\/\/www.usborkeychain.com\/wp-content\/uploads\/HoleArc-USB-drive-150x150.jpg 150w, https:\/\/www.usborkeychain.com\/wp-content\/uploads\/HoleArc-USB-drive-768x768.jpg 768w, https:\/\/www.usborkeychain.com\/wp-content\/uploads\/HoleArc-USB-drive-12x12.jpg 12w, https:\/\/www.usborkeychain.com\/wp-content\/uploads\/HoleArc-USB-drive-600x600.jpg 600w, https:\/\/www.usborkeychain.com\/wp-content\/uploads\/HoleArc-USB-drive-100x100.jpg 100w\" sizes=\"(max-width: 800px) 100vw, 800px\" \/><\/figure>\n<\/div>\n\n\n\n<div class=\"wp-block-column is-vertically-aligned-center is-layout-flow wp-block-column-is-layout-flow\">\n<ul class=\"wp-block-list\">\n<li>Institutions financi\u00e8res (banques\/assurances\/titres) : V\u00e9hiculer l'image professionnelle de \"s\u00e9curit\u00e9, fiabilit\u00e9 et cl\u00e9 de la richesse\".<\/li>\n\n\n\n<li>Soci\u00e9t\u00e9s de technologie et d'Internet : Refl\u00e8tent les attributs technologiques de la \"connexion, des donn\u00e9es et des outils efficaces\".<\/li>\n\n\n\n<li>Marques\/services automobiles haut de gamme : Combiner le concept de \"cl\u00e9s\" pour renforcer l'association avec la marque.<\/li>\n\n\n\n<li>Entreprises immobili\u00e8res : Servir de cadeaux cr\u00e9atifs symbolisant \"l'ouverture d'une vie de qualit\u00e9\".<\/li>\n\n\n\n<li>Institutions de services de conseil et d'\u00e9ducation : Symbolisent \"la cl\u00e9 de la connaissance\/des solutions\".<\/li>\n\n\n\n<li>Diverses expositions\/\u00e9v\u00e9nements de grande envergure : Des cadeaux pratiques avec des informations pr\u00e9-enregistr\u00e9es pour une exposition \u00e0 long terme.<\/li>\n\n\n\n<li>Cha\u00eenes de distribution et de restauration : Cadeaux pour les clients VIP\/objets de promotion pour am\u00e9liorer la fid\u00e9lit\u00e9 des clients.<\/li>\n\n\n\n<li>Fournisseurs d'accessoires pour produits \u00e9lectroniques haut de gamme : Enrichir la gamme d'accessoires pour r\u00e9pondre aux besoins d'un stockage de qualit\u00e9.<\/li>\n<\/ul>\n<\/div>\n<\/div>\n\n\n\n<p>Le <strong>Cl\u00e9 USB en m\u00e9tal avec trou triangulaire demi-lune<\/strong> pr\u00e9sente les avantages de la robustesse, de la portabilit\u00e9 et d'une bonne dissipation de la chaleur gr\u00e2ce \u00e0 son mat\u00e9riau m\u00e9tallique. Ses nombreux param\u00e8tres permettent de r\u00e9pondre \u00e0 diff\u00e9rents besoins de stockage, et il est \u00e9galement possible de le personnaliser pour cr\u00e9er des logos exclusifs. Qu'il s'agisse d'un stockage personnel quotidien ou d'un cadeau personnalis\u00e9 ou d'un article promotionnel pour les entreprises, il offre d'excellentes performances et jette un pont pratique et int\u00e9ressant entre le stockage num\u00e9rique et la communication de marque, et m\u00e9rite d'\u00eatre essay\u00e9.<\/p>","protected":false},"excerpt":{"rendered":"<ul>\n<li><strong>demi-lune <\/strong><\/li>\n<li><strong>trou triangulaire<\/strong><\/li>\n<li><strong>\u00a0m\u00e9tal<\/strong><\/li>\n<li>alliage de zinc de haute pr\u00e9cision<\/li>\n<li>MOQ\uff1a100PCS<\/li>\n<\/ul>","protected":false},"featured_media":4300,"comment_status":"open","ping_status":"closed","template":"","meta":{"_seopress_robots_primary_cat":"none","_seopress_titles_title":"","_seopress_titles_desc":"","_seopress_robots_index":"","site-sidebar-layout":"default","site-content-layout":"","ast-site-content-layout":"","site-content-style":"default","site-sidebar-style":"default","ast-global-header-display":"","ast-banner-title-visibility":"","ast-main-header-display":"","ast-hfb-above-header-display":"","ast-hfb-below-header-display":"","ast-hfb-mobile-header-display":"","site-post-title":"","ast-breadcrumbs-content":"","ast-featured-img":"","footer-sml-layout":"","theme-transparent-header-meta":"","adv-header-id-meta":"","stick-header-meta":"","header-above-stick-meta":"","header-main-stick-meta":"","header-below-stick-meta":"","astra-migrate-meta-layouts":"default","ast-page-background-enabled":"default","ast-page-background-meta":{"desktop":{"background-color":"var(--ast-global-color-5)","background-image":"","background-repeat":"repeat","background-position":"center center","background-size":"auto","background-attachment":"scroll","background-type":"","background-media":"","overlay-type":"","overlay-color":"","overlay-opacity":"","overlay-gradient":""},"tablet":{"background-color":"","background-image":"","background-repeat":"repeat","background-position":"center center","background-size":"auto","background-attachment":"scroll","background-type":"","background-media":"","overlay-type":"","overlay-color":"","overlay-opacity":"","overlay-gradient":""},"mobile":{"background-color":"","background-image":"","background-repeat":"repeat","background-position":"center center","background-size":"auto","background-attachment":"scroll","background-type":"","background-media":"","overlay-type":"","overlay-color":"","overlay-opacity":"","overlay-gradient":""}},"ast-content-background-meta":{"desktop":{"background-color":"var(--ast-global-color-4)","background-image":"","background-repeat":"repeat","background-position":"center center","background-size":"auto","background-attachment":"scroll","background-type":"","background-media":"","overlay-type":"","overlay-color":"","overlay-opacity":"","overlay-gradient":""},"tablet":{"background-color":"var(--ast-global-color-4)","background-image":"","background-repeat":"repeat","background-position":"center center","background-size":"auto","background-attachment":"scroll","background-type":"","background-media":"","overlay-type":"","overlay-color":"","overlay-opacity":"","overlay-gradient":""},"mobile":{"background-color":"var(--ast-global-color-4)","background-image":"","background-repeat":"repeat","background-position":"center center","background-size":"auto","background-attachment":"scroll","background-type":"","background-media":"","overlay-type":"","overlay-color":"","overlay-opacity":"","overlay-gradient":""}}},"product_brand":[],"product_cat":[108],"product_tag":[254,255],"class_list":{"0":"post-4294","1":"product","2":"type-product","3":"status-publish","4":"has-post-thumbnail","6":"product_cat-key-shaped-usb-pendrive","7":"product_tag-half-moon-triangle-hole-metal-key-usb-drive","8":"product_tag-metal-key-usb-drive","9":"desktop-align-left","10":"tablet-align-left","11":"mobile-align-left","13":"first","14":"instock","15":"shipping-taxable","16":"product-type-simple"},"_links":{"self":[{"href":"https:\/\/www.usborkeychain.com\/fr\/wp-json\/wp\/v2\/product\/4294","targetHints":{"allow":["GET"]}}],"collection":[{"href":"https:\/\/www.usborkeychain.com\/fr\/wp-json\/wp\/v2\/product"}],"about":[{"href":"https:\/\/www.usborkeychain.com\/fr\/wp-json\/wp\/v2\/types\/product"}],"replies":[{"embeddable":true,"href":"https:\/\/www.usborkeychain.com\/fr\/wp-json\/wp\/v2\/comments?post=4294"}],"wp:featuredmedia":[{"embeddable":true,"href":"https:\/\/www.usborkeychain.com\/fr\/wp-json\/wp\/v2\/media\/4300"}],"wp:attachment":[{"href":"https:\/\/www.usborkeychain.com\/fr\/wp-json\/wp\/v2\/media?parent=4294"}],"wp:term":[{"taxonomy":"product_brand","embeddable":true,"href":"https:\/\/www.usborkeychain.com\/fr\/wp-json\/wp\/v2\/product_brand?post=4294"},{"taxonomy":"product_cat","embeddable":true,"href":"https:\/\/www.usborkeychain.com\/fr\/wp-json\/wp\/v2\/product_cat?post=4294"},{"taxonomy":"product_tag","embeddable":true,"href":"https:\/\/www.usborkeychain.com\/fr\/wp-json\/wp\/v2\/product_tag?post=4294"}],"curies":[{"name":"wp","href":"https:\/\/api.w.org\/{rel}","templated":true}]}}