{"id":4301,"date":"2025-07-21T15:49:11","date_gmt":"2025-07-21T15:49:11","guid":{"rendered":"https:\/\/www.usborkeychain.com\/?post_type=product&#038;p=4301"},"modified":"2025-07-21T23:45:23","modified_gmt":"2025-07-21T23:45:23","slug":"house-shaped-key-usb-drive","status":"publish","type":"product","link":"https:\/\/www.usborkeychain.com\/fr\/produit\/house-shaped-key-usb-drive\/","title":{"rendered":"Cl\u00e9 USB en m\u00e9tal en forme de maison"},"content":{"rendered":"<div class=\"wp-block-columns is-layout-flex wp-container-core-columns-is-layout-28f84493 wp-block-columns-is-layout-flex\">\n<div class=\"wp-block-column is-layout-flow wp-block-column-is-layout-flow\">\n<figure class=\"wp-block-image size-full\"><img alt=\"\" fetchpriority=\"high\" decoding=\"async\" width=\"800\" height=\"800\" src=\"https:\/\/www.usborkeychain.com\/wp-content\/uploads\/HouseArc-USB-drive.jpg\" class=\"wp-image-4306\" srcset=\"https:\/\/www.usborkeychain.com\/wp-content\/uploads\/HouseArc-USB-drive.jpg 800w, https:\/\/www.usborkeychain.com\/wp-content\/uploads\/HouseArc-USB-drive-300x300.jpg 300w, https:\/\/www.usborkeychain.com\/wp-content\/uploads\/HouseArc-USB-drive-150x150.jpg 150w, https:\/\/www.usborkeychain.com\/wp-content\/uploads\/HouseArc-USB-drive-768x768.jpg 768w, https:\/\/www.usborkeychain.com\/wp-content\/uploads\/HouseArc-USB-drive-12x12.jpg 12w, https:\/\/www.usborkeychain.com\/wp-content\/uploads\/HouseArc-USB-drive-600x600.jpg 600w, https:\/\/www.usborkeychain.com\/wp-content\/uploads\/HouseArc-USB-drive-100x100.jpg 100w\" sizes=\"(max-width: 800px) 100vw, 800px\" \/><\/figure>\n<\/div>\n\n\n\n<div class=\"wp-block-column is-vertically-aligned-center is-layout-flow wp-block-column-is-layout-flow\">\n<p>Le <strong>cl\u00e9 USB en forme de maison<\/strong> est fabriqu\u00e9 en m\u00e9tal, g\u00e9n\u00e9ralement en acier inoxydable ou en alliage de zinc de haute qualit\u00e9. Il utilise des <strong>Inox 304<\/strong> Le mat\u00e9riau principal est l'acier inoxydable, qui pr\u00e9sente une duret\u00e9, une r\u00e9sistance \u00e0 la corrosion et une r\u00e9sistance \u00e0 l'oxydation excellentes. <\/p>\n\n\n\n<p>Il n'est pas facile de le d\u00e9former ou de le d\u00e9colorer apr\u00e8s une utilisation prolong\u00e9e. Le traitement unique de la texture du tr\u00e9filage en cercles concentriques CD (ou sable de zircon) conf\u00e8re au produit un \u00e9clat et un toucher m\u00e9talliques d\u00e9licats, soulignant sa qualit\u00e9 exquise. La conception ultra-mince et ultra-l\u00e9g\u00e8re (voir le tableau des param\u00e8tres pour les dimensions sp\u00e9cifiques) rend le produit l\u00e9ger sans sensation de poids, extr\u00eamement pratique \u00e0 transporter.<\/p>\n\n\n\n<p> Il adopte une conception sans pilote, compatible avec les principaux syst\u00e8mes d'exploitation (Windows, macOS, Linux, etc.). Il peut \u00eatre reconnu automatiquement lorsqu'il est ins\u00e9r\u00e9 dans l'interface du p\u00e9riph\u00e9rique, ce qui rend son utilisation simple et efficace.<\/p>\n<\/div>\n<\/div>\n\n\n\n<h2 class=\"wp-block-heading\">Param\u00e8tres de la cl\u00e9 USB<\/h2>\n\n\n\n<figure class=\"wp-block-table\"><table class=\"has-fixed-layout\"><thead><tr><th>Param\u00e8tres<\/th><th>D\u00e9tails<\/th><\/tr><\/thead><tbody><tr><td>Type d'interface<\/td><td>USB 3.0 (r\u00e9trocompatible avec USB 2.0)<\/td><\/tr><tr><td>Capacit\u00e9 de stockage<\/td><td>8GB, 16GB, 32GB, 64GB, 128GB<\/td><\/tr><tr><td>Taille du produit (longueur * largeur * \u00e9paisseur)<\/td><td>Environ 30 mm \u00d7 15 mm \u00d7 5 mm<\/td><\/tr><tr><td>Poids<\/td><td>Environ 10 \u00e0 20 grammes<\/td><\/tr><\/tbody><\/table><\/figure>\n\n\n\n<h2 class=\"wp-block-heading\">Qu'est-ce qui peut faire l'objet d'un logo personnalis\u00e9 ?<\/h2>\n\n\n\n<div class=\"wp-block-columns is-layout-flex wp-container-core-columns-is-layout-28f84493 wp-block-columns-is-layout-flex\">\n<div class=\"wp-block-column is-vertically-aligned-center is-layout-flow wp-block-column-is-layout-flow\">\n<h3 class=\"wp-block-heading\">Gravure au laser<\/h3>\n\n\n\n<p>Il s'agit d'une m\u00e9thode couramment utilis\u00e9e. Elle utilise le laser pour graver des logos ou des motifs sur la surface m\u00e9tallique. L'avantage est que la gravure est durable et ne s'efface pas facilement, ce qui permet de cr\u00e9er une marque \u00e0 la mode et professionnelle.<\/p>\n\n\n\n<h3 class=\"wp-block-heading\">S\u00e9rigraphie<\/h3>\n\n\n\n<p>Il convient \u00e0 l'ajout de logos ou de motifs color\u00e9s. L'encre est imprim\u00e9e sur la surface du m\u00e9tal \u00e0 travers un \u00e9cran en maille, ce qui permet de pr\u00e9senter des motifs vifs. Il convient toutefois de noter que sa durabilit\u00e9 est l\u00e9g\u00e8rement inf\u00e9rieure \u00e0 celle de la gravure au laser, en particulier lorsque le m\u00e9tal est fr\u00e9quemment frott\u00e9.<\/p>\n\n\n\n<h3 class=\"wp-block-heading\">Impression UV<\/h3>\n\n\n\n<p>Ce proc\u00e9d\u00e9 utilise la lumi\u00e8re ultraviolette pour durcir l'encre imm\u00e9diatement apr\u00e8s son application. Il permet d'obtenir des effets d'impression de haute qualit\u00e9 et de longue dur\u00e9e, et s'adapte parfaitement aux contours de la cl\u00e9 USB en forme de maison, ce qui permet de r\u00e9aliser des dessins fins et color\u00e9s.<\/p>\n<\/div>\n\n\n\n<div class=\"wp-block-column is-layout-flow wp-block-column-is-layout-flow\">\n<figure class=\"wp-block-image size-full\"><img alt=\"\" decoding=\"async\" width=\"800\" height=\"800\" src=\"https:\/\/www.usborkeychain.com\/wp-content\/uploads\/HomeKey-USB-drive.jpg\" class=\"wp-image-4305\" srcset=\"https:\/\/www.usborkeychain.com\/wp-content\/uploads\/HomeKey-USB-drive.jpg 800w, https:\/\/www.usborkeychain.com\/wp-content\/uploads\/HomeKey-USB-drive-300x300.jpg 300w, https:\/\/www.usborkeychain.com\/wp-content\/uploads\/HomeKey-USB-drive-150x150.jpg 150w, https:\/\/www.usborkeychain.com\/wp-content\/uploads\/HomeKey-USB-drive-768x768.jpg 768w, https:\/\/www.usborkeychain.com\/wp-content\/uploads\/HomeKey-USB-drive-12x12.jpg 12w, https:\/\/www.usborkeychain.com\/wp-content\/uploads\/HomeKey-USB-drive-600x600.jpg 600w, https:\/\/www.usborkeychain.com\/wp-content\/uploads\/HomeKey-USB-drive-100x100.jpg 100w\" sizes=\"(max-width: 800px) 100vw, 800px\" \/><\/figure>\n<\/div>\n<\/div>\n\n\n\n<h2 class=\"wp-block-heading\">Quels sont les avantages de cette cl\u00e9 USB ?<\/h2>\n\n\n\n<div class=\"wp-block-columns is-layout-flex wp-container-core-columns-is-layout-28f84493 wp-block-columns-is-layout-flex\">\n<div class=\"wp-block-column is-layout-flow wp-block-column-is-layout-flow\">\n<figure class=\"wp-block-image size-full\"><img alt=\"\" decoding=\"async\" width=\"800\" height=\"800\" src=\"https:\/\/www.usborkeychain.com\/wp-content\/uploads\/HomeFlash-Mini-USB.jpg\" class=\"wp-image-4304\" srcset=\"https:\/\/www.usborkeychain.com\/wp-content\/uploads\/HomeFlash-Mini-USB.jpg 800w, https:\/\/www.usborkeychain.com\/wp-content\/uploads\/HomeFlash-Mini-USB-300x300.jpg 300w, https:\/\/www.usborkeychain.com\/wp-content\/uploads\/HomeFlash-Mini-USB-150x150.jpg 150w, https:\/\/www.usborkeychain.com\/wp-content\/uploads\/HomeFlash-Mini-USB-768x768.jpg 768w, https:\/\/www.usborkeychain.com\/wp-content\/uploads\/HomeFlash-Mini-USB-12x12.jpg 12w, https:\/\/www.usborkeychain.com\/wp-content\/uploads\/HomeFlash-Mini-USB-600x600.jpg 600w, https:\/\/www.usborkeychain.com\/wp-content\/uploads\/HomeFlash-Mini-USB-100x100.jpg 100w\" sizes=\"(max-width: 800px) 100vw, 800px\" \/><\/figure>\n<\/div>\n\n\n\n<div class=\"wp-block-column is-vertically-aligned-center is-layout-flow wp-block-column-is-layout-flow\">\n<h3 class=\"wp-block-heading\">Un attrait esth\u00e9tique unique<\/h3>\n\n\n\n<p>La forme de la maison rend son apparence unique et m\u00e9morable. Il ne s'agit pas seulement d'un dispositif de stockage de donn\u00e9es, mais aussi d'un petit accessoire d\u00e9coratif. Qu'il soit accroch\u00e9 \u00e0 une cl\u00e9 ou utilis\u00e9 comme cadeau, son design unique attire tous les regards.<\/p>\n\n\n\n<h3 class=\"wp-block-heading\">Forte compatibilit\u00e9<\/h3>\n\n\n\n<p>Il peut \u00eatre adapt\u00e9 \u00e0 une vari\u00e9t\u00e9 d'appareils, y compris les ordinateurs (les syst\u00e8mes Windows et Mac sont applicables), les ordinateurs portables et certains t\u00e9l\u00e9viseurs intelligents qui prennent en charge les p\u00e9riph\u00e9riques USB. Vous pouvez l'utiliser pour lire des fichiers multim\u00e9dias sur le t\u00e9l\u00e9viseur ou transf\u00e9rer facilement des donn\u00e9es entre diff\u00e9rents appareils.<\/p>\n\n\n\n<h3 class=\"wp-block-heading\">Un certain degr\u00e9 de s\u00e9curit\u00e9 des donn\u00e9es<\/h3>\n\n\n\n<p>La coque m\u00e9tallique peut assurer une certaine protection physique des donn\u00e9es. Bien qu'elle ne puisse pas remplacer un cryptage correct des donn\u00e9es, elle peut \u00e9viter la perte de donn\u00e9es caus\u00e9e par un endommagement accidentel de la cl\u00e9 USB.<\/p>\n<\/div>\n<\/div>\n\n\n\n<h2 class=\"wp-block-heading\">Qu'en est-il des performances et de la durabilit\u00e9 ?<\/h2>\n\n\n\n<div class=\"wp-block-columns is-layout-flex wp-container-core-columns-is-layout-28f84493 wp-block-columns-is-layout-flex\">\n<div class=\"wp-block-column is-vertically-aligned-center is-layout-flow wp-block-column-is-layout-flow\">\n<h3 class=\"wp-block-heading\">Durabilit\u00e9 de l'interface non prot\u00e9g\u00e9e<\/h3>\n\n\n\n<p>L'interface n'a pas de couvercle de protection, ce qui la rend un peu fragile. Toutefois, le mat\u00e9riau m\u00e9tallique qui entoure l'interface peut offrir une certaine protection. Pour r\u00e9duire les dommages, vous pouvez proc\u00e9der comme suit :<\/p>\n\n\n\n<ul class=\"wp-block-list\">\n<li>\u00c9vitez de mettre la cl\u00e9 USB et des objets pointus dans la m\u00eame poche ou le m\u00eame sac pour \u00e9viter de rayer l'interface.<\/li>\n\n\n\n<li>Lorsqu'il n'est pas utilis\u00e9 pendant une longue p\u00e9riode, il faut le ranger dans un endroit propre et sec.<\/li>\n<\/ul>\n<\/div>\n\n\n\n<div class=\"wp-block-column is-layout-flow wp-block-column-is-layout-flow\">\n<figure class=\"wp-block-image size-full\"><img alt=\"\" loading=\"lazy\" decoding=\"async\" width=\"800\" height=\"800\" src=\"https:\/\/www.usborkeychain.com\/wp-content\/uploads\/Houseshaped-USB-Drive.jpg\" class=\"wp-image-4307\" srcset=\"https:\/\/www.usborkeychain.com\/wp-content\/uploads\/Houseshaped-USB-Drive.jpg 800w, https:\/\/www.usborkeychain.com\/wp-content\/uploads\/Houseshaped-USB-Drive-300x300.jpg 300w, https:\/\/www.usborkeychain.com\/wp-content\/uploads\/Houseshaped-USB-Drive-150x150.jpg 150w, https:\/\/www.usborkeychain.com\/wp-content\/uploads\/Houseshaped-USB-Drive-768x768.jpg 768w, https:\/\/www.usborkeychain.com\/wp-content\/uploads\/Houseshaped-USB-Drive-12x12.jpg 12w, https:\/\/www.usborkeychain.com\/wp-content\/uploads\/Houseshaped-USB-Drive-600x600.jpg 600w, https:\/\/www.usborkeychain.com\/wp-content\/uploads\/Houseshaped-USB-Drive-100x100.jpg 100w\" sizes=\"(max-width: 800px) 100vw, 800px\" \/><\/figure>\n<\/div>\n<\/div>\n\n\n\n<h2 class=\"wp-block-heading\">Quelles sont les entreprises qui peuvent l'utiliser comme cadeau promotionnel ?<\/h2>\n\n\n\n<div class=\"wp-block-columns is-layout-flex wp-container-core-columns-is-layout-28f84493 wp-block-columns-is-layout-flex\">\n<div class=\"wp-block-column is-vertically-aligned-center is-layout-flow wp-block-column-is-layout-flow\">\n<figure class=\"wp-block-image size-full\"><img alt=\"\" loading=\"lazy\" decoding=\"async\" width=\"800\" height=\"800\" src=\"https:\/\/www.usborkeychain.com\/wp-content\/uploads\/MetalHome-USB-drive.jpg\" class=\"wp-image-4308\" srcset=\"https:\/\/www.usborkeychain.com\/wp-content\/uploads\/MetalHome-USB-drive.jpg 800w, https:\/\/www.usborkeychain.com\/wp-content\/uploads\/MetalHome-USB-drive-300x300.jpg 300w, https:\/\/www.usborkeychain.com\/wp-content\/uploads\/MetalHome-USB-drive-150x150.jpg 150w, https:\/\/www.usborkeychain.com\/wp-content\/uploads\/MetalHome-USB-drive-768x768.jpg 768w, https:\/\/www.usborkeychain.com\/wp-content\/uploads\/MetalHome-USB-drive-12x12.jpg 12w, https:\/\/www.usborkeychain.com\/wp-content\/uploads\/MetalHome-USB-drive-600x600.jpg 600w, https:\/\/www.usborkeychain.com\/wp-content\/uploads\/MetalHome-USB-drive-100x100.jpg 100w\" sizes=\"(max-width: 800px) 100vw, 800px\" \/><\/figure>\n<\/div>\n\n\n\n<div class=\"wp-block-column is-layout-flow wp-block-column-is-layout-flow\">\n<h3 class=\"wp-block-heading\">Soci\u00e9t\u00e9s immobili\u00e8res<\/h3>\n\n\n\n<p>La forme de la maison convient parfaitement aux entreprises immobili\u00e8res. Vous pouvez personnaliser le logo de votre entreprise et l'utiliser comme cadeau promotionnel pour les acheteurs de maisons neuves ou le distribuer lors de salons immobiliers. Elle symbolise le \"chez-soi\" et peut laisser une forte impression sur les clients.<\/p>\n\n\n\n<h3 class=\"wp-block-heading\">Soci\u00e9t\u00e9s d'architecture d'int\u00e9rieur<\/h3>\n\n\n\n<p>Ces entreprises peuvent utiliser la cl\u00e9 USB en forme de maison pour stocker leur portfolio (sch\u00e9mas de conception, photos avant et apr\u00e8s, etc.) et l'offrir \u00e0 leurs clients. La forme unique de la cl\u00e9 USB correspond \u00e0 leur activit\u00e9 de cr\u00e9ation de belles maisons et d'espaces int\u00e9rieurs.<\/p>\n\n\n\n<h3 class=\"wp-block-heading\">Marques d'appareils m\u00e9nagers<\/h3>\n\n\n\n<p>Lors de la promotion de nouveaux appareils \u00e9lectrom\u00e9nagers, offrir de telles cl\u00e9s USB en cadeau est une excellente m\u00e9thode de marketing. La forme de la maison est associ\u00e9e au concept de \"foyer\", et les appareils \u00e9lectrom\u00e9nagers sont utilis\u00e9s dans le \"foyer\".<\/p>\n<\/div>\n<\/div>\n\n\n\n<p>Le <strong>en forme de maison en acier inoxydable 304<\/strong> <strong>cl\u00e9 USB en acier<\/strong> se distingue sur le march\u00e9 tr\u00e8s concurrentiel des cadeaux d'affaires par son implication unique (domicile), sa finesse et sa l\u00e9g\u00e8ret\u00e9 (seulement 3 mm d'\u00e9paisseur), sa transmission rapide via l'USB 3.0 et sa conception d'interface non couverte durable. Il s'agit non seulement d'un outil de stockage de donn\u00e9es fiable et efficace (avec des vitesses de lecture et d'\u00e9criture de 80-120MB\/s pour la lecture et de 20-50MB\/s pour l'\u00e9criture), mais aussi d'un excellent cadeau promotionnel et d'image adapt\u00e9 aux industries li\u00e9es \u00e0 la \"maison\", telles que l'immobilier, l'ameublement et la finance, en raison de son lien \u00e9motionnel profond (symbolis\u00e9 par la maison) et de sa texture m\u00e9tallique exquise.<\/p>","protected":false},"excerpt":{"rendered":"<ul>\n<li>Inox 304<\/li>\n<li>Forme de la cl\u00e9 de maison<\/li>\n<li>Mat\u00e9riau m\u00e9tallique<\/li>\n<li>MOQ\uff1a100PCS<\/li>\n<li>Logo personnalis\u00e9<\/li>\n<\/ul>","protected":false},"featured_media":4304,"comment_status":"open","ping_status":"closed","template":"","meta":{"_seopress_robots_primary_cat":"none","_seopress_titles_title":"","_seopress_titles_desc":"","_seopress_robots_index":"","site-sidebar-layout":"default","site-content-layout":"","ast-site-content-layout":"","site-content-style":"default","site-sidebar-style":"default","ast-global-header-display":"","ast-banner-title-visibility":"","ast-main-header-display":"","ast-hfb-above-header-display":"","ast-hfb-below-header-display":"","ast-hfb-mobile-header-display":"","site-post-title":"","ast-breadcrumbs-content":"","ast-featured-img":"","footer-sml-layout":"","theme-transparent-header-meta":"","adv-header-id-meta":"","stick-header-meta":"","header-above-stick-meta":"","header-main-stick-meta":"","header-below-stick-meta":"","astra-migrate-meta-layouts":"default","ast-page-background-enabled":"default","ast-page-background-meta":{"desktop":{"background-color":"var(--ast-global-color-5)","background-image":"","background-repeat":"repeat","background-position":"center center","background-size":"auto","background-attachment":"scroll","background-type":"","background-media":"","overlay-type":"","overlay-color":"","overlay-opacity":"","overlay-gradient":""},"tablet":{"background-color":"","background-image":"","background-repeat":"repeat","background-position":"center center","background-size":"auto","background-attachment":"scroll","background-type":"","background-media":"","overlay-type":"","overlay-color":"","overlay-opacity":"","overlay-gradient":""},"mobile":{"background-color":"","background-image":"","background-repeat":"repeat","background-position":"center center","background-size":"auto","background-attachment":"scroll","background-type":"","background-media":"","overlay-type":"","overlay-color":"","overlay-opacity":"","overlay-gradient":""}},"ast-content-background-meta":{"desktop":{"background-color":"var(--ast-global-color-4)","background-image":"","background-repeat":"repeat","background-position":"center center","background-size":"auto","background-attachment":"scroll","background-type":"","background-media":"","overlay-type":"","overlay-color":"","overlay-opacity":"","overlay-gradient":""},"tablet":{"background-color":"var(--ast-global-color-4)","background-image":"","background-repeat":"repeat","background-position":"center center","background-size":"auto","background-attachment":"scroll","background-type":"","background-media":"","overlay-type":"","overlay-color":"","overlay-opacity":"","overlay-gradient":""},"mobile":{"background-color":"var(--ast-global-color-4)","background-image":"","background-repeat":"repeat","background-position":"center center","background-size":"auto","background-attachment":"scroll","background-type":"","background-media":"","overlay-type":"","overlay-color":"","overlay-opacity":"","overlay-gradient":""}}},"product_brand":[],"product_cat":[108],"product_tag":[256,255],"class_list":{"0":"post-4301","1":"product","2":"type-product","3":"status-publish","4":"has-post-thumbnail","6":"product_cat-key-shaped-usb-pendrive","7":"product_tag-house-shaped-key-usb-drive","8":"product_tag-metal-key-usb-drive","9":"desktop-align-left","10":"tablet-align-left","11":"mobile-align-left","13":"first","14":"instock","15":"shipping-taxable","16":"product-type-simple"},"_links":{"self":[{"href":"https:\/\/www.usborkeychain.com\/fr\/wp-json\/wp\/v2\/product\/4301","targetHints":{"allow":["GET"]}}],"collection":[{"href":"https:\/\/www.usborkeychain.com\/fr\/wp-json\/wp\/v2\/product"}],"about":[{"href":"https:\/\/www.usborkeychain.com\/fr\/wp-json\/wp\/v2\/types\/product"}],"replies":[{"embeddable":true,"href":"https:\/\/www.usborkeychain.com\/fr\/wp-json\/wp\/v2\/comments?post=4301"}],"wp:featuredmedia":[{"embeddable":true,"href":"https:\/\/www.usborkeychain.com\/fr\/wp-json\/wp\/v2\/media\/4304"}],"wp:attachment":[{"href":"https:\/\/www.usborkeychain.com\/fr\/wp-json\/wp\/v2\/media?parent=4301"}],"wp:term":[{"taxonomy":"product_brand","embeddable":true,"href":"https:\/\/www.usborkeychain.com\/fr\/wp-json\/wp\/v2\/product_brand?post=4301"},{"taxonomy":"product_cat","embeddable":true,"href":"https:\/\/www.usborkeychain.com\/fr\/wp-json\/wp\/v2\/product_cat?post=4301"},{"taxonomy":"product_tag","embeddable":true,"href":"https:\/\/www.usborkeychain.com\/fr\/wp-json\/wp\/v2\/product_tag?post=4301"}],"curies":[{"name":"wp","href":"https:\/\/api.w.org\/{rel}","templated":true}]}}