{"id":4313,"date":"2025-07-22T00:05:01","date_gmt":"2025-07-22T00:05:01","guid":{"rendered":"https:\/\/www.usborkeychain.com\/?post_type=product&#038;p=4313"},"modified":"2025-07-23T23:50:43","modified_gmt":"2025-07-23T23:50:43","slug":"green-truck-shaped-usb-flash-drive","status":"publish","type":"product","link":"https:\/\/www.usborkeychain.com\/fr\/produit\/green-truck-shaped-usb-flash-drive\/","title":{"rendered":"Cl\u00e9 USB en forme de camion vert"},"content":{"rendered":"<p><\/p>\n\n\n\n<div class=\"wp-block-columns is-layout-flex wp-container-core-columns-is-layout-28f84493 wp-block-columns-is-layout-flex\">\n<div class=\"wp-block-column is-layout-flow wp-block-column-is-layout-flow\">\n<figure class=\"wp-block-image size-full\"><img fetchpriority=\"high\" decoding=\"async\" width=\"800\" height=\"800\" src=\"https:\/\/www.usborkeychain.com\/wp-content\/uploads\/Cargo-truck-USB-stick.jpg\" alt=\"Cargo truck USB stick\" class=\"wp-image-4316\" srcset=\"https:\/\/www.usborkeychain.com\/wp-content\/uploads\/Cargo-truck-USB-stick.jpg 800w, https:\/\/www.usborkeychain.com\/wp-content\/uploads\/Cargo-truck-USB-stick-300x300.jpg 300w, https:\/\/www.usborkeychain.com\/wp-content\/uploads\/Cargo-truck-USB-stick-150x150.jpg 150w, https:\/\/www.usborkeychain.com\/wp-content\/uploads\/Cargo-truck-USB-stick-768x768.jpg 768w, https:\/\/www.usborkeychain.com\/wp-content\/uploads\/Cargo-truck-USB-stick-12x12.jpg 12w, https:\/\/www.usborkeychain.com\/wp-content\/uploads\/Cargo-truck-USB-stick-600x600.jpg 600w, https:\/\/www.usborkeychain.com\/wp-content\/uploads\/Cargo-truck-USB-stick-100x100.jpg 100w\" sizes=\"(max-width: 800px) 100vw, 800px\" \/><\/figure>\n<\/div>\n\n\n\n<div class=\"wp-block-column is-vertically-aligned-center is-layout-flow wp-block-column-is-layout-flow\">\n<p>La cl\u00e9 USB en forme de camion vert, avec son design unique \"personnalis\u00e9 selon la forme de vrais camions et r\u00e9duit en proportion \u00e9gale\", est devenue un choix populaire pour les fabricants afin de cr\u00e9er des cadeaux diff\u00e9renci\u00e9s pour les entreprises. <\/p>\n\n\n\n<p>Cette cl\u00e9 USB reproduit fid\u00e8lement la forme des v\u00e9hicules de transport de marchandises, en respectant strictement les proportions et les caract\u00e9ristiques des vrais camions, du contour de la t\u00eate du camion aux d\u00e9tails du conteneur.<\/p>\n\n\n\n<p> Il fournit un support hautement reconnaissable par l'industrie pour la personnalisation de la marque, ce qui en fait une excellente option pour les entreprises de logistique, de fret et d'autres domaines pour d\u00e9velopper des p\u00e9riph\u00e9riques de marque.<\/p>\n<\/div>\n<\/div>\n\n\n\n<h2 class=\"wp-block-heading\">3D Mod\u00e9lisation tridimensionnelle et mat\u00e9riaux<\/h2>\n\n\n\n<p>Les fabricants adoptent une conception tridimensionnelle en 3D et utilisent un mat\u00e9riau PVC durable pour cr\u00e9er cette cl\u00e9 USB verte en forme de camion. La couleur vert vif correspond non seulement aux symboles visuels des marques de fret telles que \"Changrong\", mais elle se distingue \u00e9galement des cl\u00e9s USB ordinaires, ce qui permet d'obtenir un effet d'affichage \"qui attire l'\u0153il au premier coup d'\u0153il\". Des lignes de la fen\u00eatre de la t\u00eate du camion \u00e0 la texture ondul\u00e9e du conteneur, la technologie 3D rend chaque partie de la forme distincte.<\/p>\n\n\n\n<p><\/p>\n\n\n\n<h2 class=\"wp-block-heading\">Tableau des param\u00e8tres de la cl\u00e9 USB<\/h2>\n\n\n\n<figure class=\"wp-block-table\"><table class=\"has-fixed-layout\"><thead><tr><th>Param\u00e8tre Poste<\/th><th>D\u00e9tails<\/th><\/tr><\/thead><tbody><tr><td>Type d'interface<\/td><td>USB 2.0 (compatible avec les dispositifs USB 1.1)<\/td><\/tr><tr><td>Capacit\u00e9 optionnelle<\/td><td>8GB, 16GB, 32GB, 64GB, 128GB<\/td><\/tr><tr><td>Dimensions<\/td><td>85mm\u00d725mm\u00d722mm<\/td><\/tr><tr><td>Poids<\/td><td>Environ 28g<\/td><\/tr><tr><td>Vitesse de lecture\/\u00e9criture<\/td><td>Vitesse de lecture : environ 15-20MB\/s ; Vitesse d'\u00e9criture : environ 8-12MB\/s (norme USB 2.0)<\/td><\/tr><tr><td>Compatibilit\u00e9 de la personnalisation<\/td><td>Permet de personnaliser la capacit\u00e9, l'emballage et le LOGO<\/td><\/tr><\/tbody><\/table><\/figure>\n\n\n\n<div class=\"wp-block-columns is-layout-flex wp-container-core-columns-is-layout-28f84493 wp-block-columns-is-layout-flex\">\n<div class=\"wp-block-column is-layout-flow wp-block-column-is-layout-flow\">\n<figure class=\"wp-block-image size-full\"><img alt=\"\" decoding=\"async\" width=\"800\" height=\"800\" src=\"https:\/\/www.usborkeychain.com\/wp-content\/uploads\/Container-truck-USB-drive.jpg\" class=\"wp-image-4318\" srcset=\"https:\/\/www.usborkeychain.com\/wp-content\/uploads\/Container-truck-USB-drive.jpg 800w, https:\/\/www.usborkeychain.com\/wp-content\/uploads\/Container-truck-USB-drive-300x300.jpg 300w, https:\/\/www.usborkeychain.com\/wp-content\/uploads\/Container-truck-USB-drive-150x150.jpg 150w, https:\/\/www.usborkeychain.com\/wp-content\/uploads\/Container-truck-USB-drive-768x768.jpg 768w, https:\/\/www.usborkeychain.com\/wp-content\/uploads\/Container-truck-USB-drive-12x12.jpg 12w, https:\/\/www.usborkeychain.com\/wp-content\/uploads\/Container-truck-USB-drive-600x600.jpg 600w, https:\/\/www.usborkeychain.com\/wp-content\/uploads\/Container-truck-USB-drive-100x100.jpg 100w\" sizes=\"(max-width: 800px) 100vw, 800px\" \/><\/figure>\n<\/div>\n\n\n\n<div class=\"wp-block-column is-layout-flow wp-block-column-is-layout-flow\">\n<figure class=\"wp-block-image size-full\"><img alt=\"\" decoding=\"async\" width=\"800\" height=\"800\" src=\"https:\/\/www.usborkeychain.com\/wp-content\/uploads\/Shipping-container-truck-USB-drive.jpg\" class=\"wp-image-4320\" srcset=\"https:\/\/www.usborkeychain.com\/wp-content\/uploads\/Shipping-container-truck-USB-drive.jpg 800w, https:\/\/www.usborkeychain.com\/wp-content\/uploads\/Shipping-container-truck-USB-drive-300x300.jpg 300w, https:\/\/www.usborkeychain.com\/wp-content\/uploads\/Shipping-container-truck-USB-drive-150x150.jpg 150w, https:\/\/www.usborkeychain.com\/wp-content\/uploads\/Shipping-container-truck-USB-drive-768x768.jpg 768w, https:\/\/www.usborkeychain.com\/wp-content\/uploads\/Shipping-container-truck-USB-drive-12x12.jpg 12w, https:\/\/www.usborkeychain.com\/wp-content\/uploads\/Shipping-container-truck-USB-drive-600x600.jpg 600w, https:\/\/www.usborkeychain.com\/wp-content\/uploads\/Shipping-container-truck-USB-drive-100x100.jpg 100w\" sizes=\"(max-width: 800px) 100vw, 800px\" \/><\/figure>\n<\/div>\n<\/div>\n\n\n\n<h2 class=\"wp-block-heading\">Personnalisation du LOGO et fabrication des moules<\/h2>\n\n\n\n<p>Les fabricants proc\u00e8dent d'abord \u00e0 une mod\u00e9lisation 3D bas\u00e9e sur la forme de la marque de camion \"Changrong\", puis int\u00e8grent le logo de la marque et le texte de la carrosserie (tel que \"EVERGREEN\") directement dans la conception du moule par le biais du processus d'ouverture du moule. Pendant la production, le logo et la texture concave-convexe de la carrosserie du camion sont form\u00e9s simultan\u00e9ment, ce qui permet non seulement d'\u00e9viter le risque de chute apr\u00e8s l'impression, mais aussi d'am\u00e9liorer la simulation visuelle d'un \"vrai camion\" gr\u00e2ce \u00e0 des textures tridimensionnelles. Chaque d\u00e9tail, des ondulations du conteneur aux logos de la t\u00eate du camion, devient un support naturel pour la communication de la marque.<\/p>\n\n\n\n<h2 class=\"wp-block-heading\">Quels sont les secteurs d'activit\u00e9 qui se pr\u00eatent \u00e0 la personnalisation de cette cl\u00e9 USB en forme de camion ?<\/h2>\n\n\n\n<div class=\"wp-block-columns is-layout-flex wp-container-core-columns-is-layout-28f84493 wp-block-columns-is-layout-flex\">\n<div class=\"wp-block-column is-layout-flow wp-block-column-is-layout-flow\">\n<figure class=\"wp-block-image size-full\"><img loading=\"lazy\" decoding=\"async\" width=\"800\" height=\"800\" src=\"https:\/\/www.usborkeychain.com\/wp-content\/uploads\/Container-lorry-USB-flash-drive.jpg\" alt=\"Container lorry USB flash drive\" class=\"wp-image-4317\" srcset=\"https:\/\/www.usborkeychain.com\/wp-content\/uploads\/Container-lorry-USB-flash-drive.jpg 800w, https:\/\/www.usborkeychain.com\/wp-content\/uploads\/Container-lorry-USB-flash-drive-300x300.jpg 300w, https:\/\/www.usborkeychain.com\/wp-content\/uploads\/Container-lorry-USB-flash-drive-150x150.jpg 150w, https:\/\/www.usborkeychain.com\/wp-content\/uploads\/Container-lorry-USB-flash-drive-768x768.jpg 768w, https:\/\/www.usborkeychain.com\/wp-content\/uploads\/Container-lorry-USB-flash-drive-12x12.jpg 12w, https:\/\/www.usborkeychain.com\/wp-content\/uploads\/Container-lorry-USB-flash-drive-600x600.jpg 600w, https:\/\/www.usborkeychain.com\/wp-content\/uploads\/Container-lorry-USB-flash-drive-100x100.jpg 100w\" sizes=\"(max-width: 800px) 100vw, 800px\" \/><\/figure>\n<\/div>\n\n\n\n<div class=\"wp-block-column is-vertically-aligned-center is-layout-flow wp-block-column-is-layout-flow\">\n<ol class=\"wp-block-list\">\n<li><strong>Entreprises de logistique<\/strong>: En tant que p\u00e9riph\u00e9riques de la marque pour l'approvisionnement en gros, ils peuvent \u00eatre pr\u00e9sent\u00e9s lors de conf\u00e9rences de promotion des investissements et de manifestations d'appr\u00e9ciation de la client\u00e8le. La \"forme du camion\" renforce l'association de l'industrie avec \"la logistique et le transport\" et approfondit la m\u00e9moire de la marque.<\/li>\n\n\n\n<li><strong>Entreprises de fret<\/strong>: La personnalisation de cl\u00e9s USB en forme de camion avec des LOGO exclusifs peut \u00eatre utilis\u00e9e pour le stockage au bureau des employ\u00e9s ou comme cadeaux pour la \"formation \u00e0 la s\u00e9curit\u00e9\" et les \"f\u00e9licitations annuelles\" afin de v\u00e9hiculer une image professionnelle.<\/li>\n\n\n\n<li><strong>Marques de v\u00e9hicules utilitaires<\/strong>: La personnalisation transfrontali\u00e8re de cl\u00e9s USB en forme de camion, utilis\u00e9es comme souvenirs lors du lancement d'une nouvelle voiture ou d'un essai routier, peut \u00e9largir les dimensions de la communication de la marque gr\u00e2ce \u00e0 la cr\u00e9ativit\u00e9 du \"stockage en forme de v\u00e9hicule\".<\/li>\n\n\n\n<li><strong>Organisateurs de salons professionnels<\/strong>: La personnalisation en masse de cette cl\u00e9 USB en tant que cadeau pour la coop\u00e9ration des exposants ou en tant que prix pour l'interaction avec le public peut faire \u00e9cho au th\u00e8me de la logistique et des expositions de fret gr\u00e2ce \u00e0 l'\u00e9l\u00e9ment \"camion\" et renforcer le ton de l'\u00e9v\u00e9nement.<\/li>\n<\/ol>\n<\/div>\n<\/div>\n\n\n\n<p>La cl\u00e9 USB verte en forme de camion pr\u00e9sente l'avantage principal de la \"personnalisation de l'ouverture du moule du fabricant\", combinant la durabilit\u00e9 du mat\u00e9riau PVC, le degr\u00e9 de simulation de la mod\u00e9lisation 3D et l'int\u00e9gration en profondeur des LOGO de la marque. Qu'il s'agisse pour les entreprises de logistique de faire de la publicit\u00e9 par le biais de l'achat en gros ou pour les marques automobiles de s'engager dans des activit\u00e9s transfrontali\u00e8res par le biais de la personnalisation, la cl\u00e9 USB peut atteindre l'effet de communication du \"produit en tant que publicit\u00e9\" dans les activit\u00e9s gr\u00e2ce \u00e0 sa \"forme de camion\".<\/p>","protected":false},"excerpt":{"rendered":"<ul>\n<li>Couleur verte<\/li>\n<li>Moule en forme de camion<\/li>\n<li>Choix entre USB2.0 et USB3.0<\/li>\n<li>Moule \u00e0 logo personnalis\u00e9<\/li>\n<li>Cadeau pour une soci\u00e9t\u00e9 de camions<\/li>\n<\/ul>","protected":false},"featured_media":4317,"comment_status":"open","ping_status":"closed","template":"","meta":{"_seopress_robots_primary_cat":"","_seopress_titles_title":"","_seopress_titles_desc":"","_seopress_robots_index":"","site-sidebar-layout":"default","site-content-layout":"","ast-site-content-layout":"","site-content-style":"default","site-sidebar-style":"default","ast-global-header-display":"","ast-banner-title-visibility":"","ast-main-header-display":"","ast-hfb-above-header-display":"","ast-hfb-below-header-display":"","ast-hfb-mobile-header-display":"","site-post-title":"","ast-breadcrumbs-content":"","ast-featured-img":"","footer-sml-layout":"","theme-transparent-header-meta":"","adv-header-id-meta":"","stick-header-meta":"","header-above-stick-meta":"","header-main-stick-meta":"","header-below-stick-meta":"","astra-migrate-meta-layouts":"default","ast-page-background-enabled":"default","ast-page-background-meta":{"desktop":{"background-color":"var(--ast-global-color-5)","background-image":"","background-repeat":"repeat","background-position":"center center","background-size":"auto","background-attachment":"scroll","background-type":"","background-media":"","overlay-type":"","overlay-color":"","overlay-opacity":"","overlay-gradient":""},"tablet":{"background-color":"","background-image":"","background-repeat":"repeat","background-position":"center center","background-size":"auto","background-attachment":"scroll","background-type":"","background-media":"","overlay-type":"","overlay-color":"","overlay-opacity":"","overlay-gradient":""},"mobile":{"background-color":"","background-image":"","background-repeat":"repeat","background-position":"center center","background-size":"auto","background-attachment":"scroll","background-type":"","background-media":"","overlay-type":"","overlay-color":"","overlay-opacity":"","overlay-gradient":""}},"ast-content-background-meta":{"desktop":{"background-color":"var(--ast-global-color-4)","background-image":"","background-repeat":"repeat","background-position":"center center","background-size":"auto","background-attachment":"scroll","background-type":"","background-media":"","overlay-type":"","overlay-color":"","overlay-opacity":"","overlay-gradient":""},"tablet":{"background-color":"var(--ast-global-color-4)","background-image":"","background-repeat":"repeat","background-position":"center center","background-size":"auto","background-attachment":"scroll","background-type":"","background-media":"","overlay-type":"","overlay-color":"","overlay-opacity":"","overlay-gradient":""},"mobile":{"background-color":"var(--ast-global-color-4)","background-image":"","background-repeat":"repeat","background-position":"center center","background-size":"auto","background-attachment":"scroll","background-type":"","background-media":"","overlay-type":"","overlay-color":"","overlay-opacity":"","overlay-gradient":""}}},"product_brand":[],"product_cat":[94],"product_tag":[257],"class_list":{"0":"post-4313","1":"product","2":"type-product","3":"status-publish","4":"has-post-thumbnail","6":"product_cat-pvc-usb-pendrive","7":"product_tag-truck-usb-flash-drive","8":"desktop-align-left","9":"tablet-align-left","10":"mobile-align-left","12":"first","13":"instock","14":"shipping-taxable","15":"product-type-simple"},"_links":{"self":[{"href":"https:\/\/www.usborkeychain.com\/fr\/wp-json\/wp\/v2\/product\/4313","targetHints":{"allow":["GET"]}}],"collection":[{"href":"https:\/\/www.usborkeychain.com\/fr\/wp-json\/wp\/v2\/product"}],"about":[{"href":"https:\/\/www.usborkeychain.com\/fr\/wp-json\/wp\/v2\/types\/product"}],"replies":[{"embeddable":true,"href":"https:\/\/www.usborkeychain.com\/fr\/wp-json\/wp\/v2\/comments?post=4313"}],"wp:featuredmedia":[{"embeddable":true,"href":"https:\/\/www.usborkeychain.com\/fr\/wp-json\/wp\/v2\/media\/4317"}],"wp:attachment":[{"href":"https:\/\/www.usborkeychain.com\/fr\/wp-json\/wp\/v2\/media?parent=4313"}],"wp:term":[{"taxonomy":"product_brand","embeddable":true,"href":"https:\/\/www.usborkeychain.com\/fr\/wp-json\/wp\/v2\/product_brand?post=4313"},{"taxonomy":"product_cat","embeddable":true,"href":"https:\/\/www.usborkeychain.com\/fr\/wp-json\/wp\/v2\/product_cat?post=4313"},{"taxonomy":"product_tag","embeddable":true,"href":"https:\/\/www.usborkeychain.com\/fr\/wp-json\/wp\/v2\/product_tag?post=4313"}],"curies":[{"name":"wp","href":"https:\/\/api.w.org\/{rel}","templated":true}]}}