{"id":4321,"date":"2025-07-22T02:25:13","date_gmt":"2025-07-22T02:25:13","guid":{"rendered":"https:\/\/www.usborkeychain.com\/?post_type=product&#038;p=4321"},"modified":"2025-07-22T02:33:32","modified_gmt":"2025-07-22T02:33:32","slug":"metal-retro-key-usb-flash-drive","status":"publish","type":"product","link":"https:\/\/www.usborkeychain.com\/fr\/produit\/metal-retro-key-usb-flash-drive\/","title":{"rendered":"Cl\u00e9 USB r\u00e9tro en m\u00e9tal"},"content":{"rendered":"<div class=\"wp-block-columns is-layout-flex wp-container-core-columns-is-layout-28f84493 wp-block-columns-is-layout-flex\">\n<div class=\"wp-block-column is-layout-flow wp-block-column-is-layout-flow\">\n<figure class=\"wp-block-image aligncenter size-full\"><img alt=\"\" fetchpriority=\"high\" decoding=\"async\" width=\"800\" height=\"800\" src=\"https:\/\/www.usborkeychain.com\/wp-content\/uploads\/VintageKey-USB-flash-Drive.png\" class=\"wp-image-4331\" srcset=\"https:\/\/www.usborkeychain.com\/wp-content\/uploads\/VintageKey-USB-flash-Drive.png 800w, https:\/\/www.usborkeychain.com\/wp-content\/uploads\/VintageKey-USB-flash-Drive-300x300.png 300w, https:\/\/www.usborkeychain.com\/wp-content\/uploads\/VintageKey-USB-flash-Drive-150x150.png 150w, https:\/\/www.usborkeychain.com\/wp-content\/uploads\/VintageKey-USB-flash-Drive-768x768.png 768w, https:\/\/www.usborkeychain.com\/wp-content\/uploads\/VintageKey-USB-flash-Drive-12x12.png 12w, https:\/\/www.usborkeychain.com\/wp-content\/uploads\/VintageKey-USB-flash-Drive-600x600.png 600w, https:\/\/www.usborkeychain.com\/wp-content\/uploads\/VintageKey-USB-flash-Drive-100x100.png 100w\" sizes=\"(max-width: 800px) 100vw, 800px\" \/><\/figure>\n<\/div>\n\n\n\n<div class=\"wp-block-column is-vertically-aligned-center is-layout-flow wp-block-column-is-layout-flow\">\n<p>Le <strong>cl\u00e9 USB r\u00e9tro en m\u00e9tal<\/strong> est moul\u00e9 sous pression \u00e0 partir d'un alliage de zinc tr\u00e8s r\u00e9sistant, dont la surface est trait\u00e9e par galvanoplastie sous vide, disponible en or et en argent. L'alliage de zinc est r\u00e9sistant \u00e0 l'usure et \u00e0 la corrosion, ce qui prolonge la dur\u00e9e de vie. La conductivit\u00e9 thermique du m\u00e9tal am\u00e9liore l'efficacit\u00e9 de la dissipation de la chaleur, et l'\u00e9paisseur pr\u00e9cise de 1,2 mm permet d'obtenir un corps ultra-mince.<\/p>\n\n\n\n<p>La forme de la cl\u00e9 reprend les motifs traditionnels chinois Ruyi, avec un chiffre \"8\" en relief dans la t\u00eate de la cl\u00e9, symbolisant la richesse et l'auspice. Le design g\u00e9n\u00e9ral allie une beaut\u00e9 nostalgique \u00e0 une pr\u00e9cision industrielle moderne. Il s'agit non seulement d'un outil pratique, mais aussi d'un objet portable \u00e9l\u00e9gant et styl\u00e9, qui t\u00e9moigne d'un go\u00fbt unique pour les cadeaux d'affaires ou l'usage personnel.<\/p>\n<\/div>\n<\/div>\n\n\n\n<h2 class=\"wp-block-heading\">Tableau des param\u00e8tres de la cl\u00e9 USB<\/h2>\n\n\n\n<figure class=\"wp-block-table\"><table class=\"has-fixed-layout\"><thead><tr><th>Cat\u00e9gorie de param\u00e8tres<\/th><th>D\u00e9tails<\/th><\/tr><\/thead><tbody><tr><td>Norme d'interface<\/td><td>USB3.0, r\u00e9trocompatible avec USB2.0<\/td><\/tr><tr><td>Options de capacit\u00e9<\/td><td>8GB\/16GB\/32GB\/64GB\/128GB<\/td><\/tr><tr><td>Mat\u00e9riau m\u00e9tallique<\/td><td>Alliage<\/td><\/tr><tr><td>Taille du produit (longueur \u00d7 largeur \u00d7 \u00e9paisseur)<\/td><td>58\u00d720\u00d74mm<\/td><\/tr><tr><td>Poids<\/td><td>18g\u00b12g<\/td><\/tr><\/tbody><\/table><\/figure>\n\n\n\n<h2 class=\"wp-block-heading\">Le logo peut-il \u00eatre personnalis\u00e9 ?<\/h2>\n\n\n\n<div class=\"wp-block-columns is-layout-flex wp-container-core-columns-is-layout-28f84493 wp-block-columns-is-layout-flex\">\n<div class=\"wp-block-column is-vertically-aligned-center is-layout-flow wp-block-column-is-layout-flow\">\n<p><strong>Logo ou motifs<\/strong> la personnalisation est possible ! Les proc\u00e9d\u00e9s de gravure au laser et de gravure par \u00e9lectrod\u00e9position sont adopt\u00e9s : la gravure au laser est tr\u00e8s pr\u00e9cise et rend le logo clair et r\u00e9sistant \u00e0 l'usure ; la gravure par \u00e9lectrod\u00e9position permet de r\u00e9aliser des motifs complexes avec une bonne int\u00e9gration de la couleur et de la texture du m\u00e9tal. La profondeur de gravure de 0,2 mm garantit une clart\u00e9 permanente. Le processus de personnalisation n'endommage pas la couche de galvanoplastie de surface, et l'\u00e9chantillon peut \u00eatre termin\u00e9 dans les 24 heures.<\/p>\n<\/div>\n\n\n\n<div class=\"wp-block-column is-layout-flow wp-block-column-is-layout-flow\">\n<figure class=\"wp-block-image size-full\"><img alt=\"\" decoding=\"async\" width=\"800\" height=\"800\" src=\"https:\/\/www.usborkeychain.com\/wp-content\/uploads\/RetroKey-USB-flash-drive.png\" class=\"wp-image-4330\" srcset=\"https:\/\/www.usborkeychain.com\/wp-content\/uploads\/RetroKey-USB-flash-drive.png 800w, https:\/\/www.usborkeychain.com\/wp-content\/uploads\/RetroKey-USB-flash-drive-300x300.png 300w, https:\/\/www.usborkeychain.com\/wp-content\/uploads\/RetroKey-USB-flash-drive-150x150.png 150w, https:\/\/www.usborkeychain.com\/wp-content\/uploads\/RetroKey-USB-flash-drive-768x768.png 768w, https:\/\/www.usborkeychain.com\/wp-content\/uploads\/RetroKey-USB-flash-drive-12x12.png 12w, https:\/\/www.usborkeychain.com\/wp-content\/uploads\/RetroKey-USB-flash-drive-600x600.png 600w, https:\/\/www.usborkeychain.com\/wp-content\/uploads\/RetroKey-USB-flash-drive-100x100.png 100w\" sizes=\"(max-width: 800px) 100vw, 800px\" \/><\/figure>\n<\/div>\n<\/div>\n\n\n\n<h2 class=\"wp-block-heading\">Quels sont les avantages de ce produit ?<\/h2>\n\n\n\n<div class=\"wp-block-columns is-layout-flex wp-container-core-columns-is-layout-28f84493 wp-block-columns-is-layout-flex\">\n<div class=\"wp-block-column is-layout-flow wp-block-column-is-layout-flow\">\n<figure class=\"wp-block-image aligncenter size-full\"><img alt=\"\" decoding=\"async\" width=\"800\" height=\"800\" src=\"https:\/\/www.usborkeychain.com\/wp-content\/uploads\/AntiqueKey-USB-flash-Drive.jpg\" class=\"wp-image-4324\" srcset=\"https:\/\/www.usborkeychain.com\/wp-content\/uploads\/AntiqueKey-USB-flash-Drive.jpg 800w, https:\/\/www.usborkeychain.com\/wp-content\/uploads\/AntiqueKey-USB-flash-Drive-300x300.jpg 300w, https:\/\/www.usborkeychain.com\/wp-content\/uploads\/AntiqueKey-USB-flash-Drive-150x150.jpg 150w, https:\/\/www.usborkeychain.com\/wp-content\/uploads\/AntiqueKey-USB-flash-Drive-768x768.jpg 768w, https:\/\/www.usborkeychain.com\/wp-content\/uploads\/AntiqueKey-USB-flash-Drive-12x12.jpg 12w, https:\/\/www.usborkeychain.com\/wp-content\/uploads\/AntiqueKey-USB-flash-Drive-600x600.jpg 600w, https:\/\/www.usborkeychain.com\/wp-content\/uploads\/AntiqueKey-USB-flash-Drive-100x100.jpg 100w\" sizes=\"(max-width: 800px) 100vw, 800px\" \/><\/figure>\n<\/div>\n\n\n\n<div class=\"wp-block-column is-vertically-aligned-center is-layout-flow wp-block-column-is-layout-flow\">\n<ul class=\"wp-block-list\">\n<li>Ultra-mince et ultra-l\u00e9g\u00e8re : elle p\u00e8se environ 15 \u00e0 20 g, avec une \u00e9paisseur de 3 \u00e0 5 mm, elle est portable et peu encombrante. La forme de la cl\u00e9 peut \u00eatre enfil\u00e9e sur un porte-cl\u00e9s, ce qui permet de la transporter facilement sans l'encombrer.<\/li>\n\n\n\n<li>Plug and play : aucune installation de pilote requise, reconnaissance instantan\u00e9e lors de la connexion \u00e0 un ordinateur ou \u00e0 un t\u00e9l\u00e9phone portable (compatible avec les dispositifs OTG) pour un transfert de fichiers efficace.<\/li>\n\n\n\n<li>Excellente protection : la coque en alliage est antichute et r\u00e9sistante aux rayures, prot\u00e9geant ainsi la puce interne ; l'interface USB est renforc\u00e9e pour \u00e9viter tout dommage lors du branchement et du d\u00e9branchement.<\/li>\n\n\n\n<li>Large compatibilit\u00e9 : compatible avec Windows, Mac OS, Linux et d'autres syst\u00e8mes, et peut \u00eatre utilis\u00e9 avec de nombreux appareils tels que les t\u00e9l\u00e9phones portables, les tablettes et les ordinateurs.<\/li>\n<\/ul>\n<\/div>\n<\/div>\n\n\n\n<h3 class=\"wp-block-heading\">Quel est le processus de fabrication ?<\/h3>\n\n\n\n<div class=\"wp-block-columns is-layout-flex wp-container-core-columns-is-layout-28f84493 wp-block-columns-is-layout-flex\">\n<div class=\"wp-block-column is-vertically-aligned-center is-layout-flow wp-block-column-is-layout-flow\">\n<p>Elle est soumise \u00e0 de multiples processus tels que le moulage sous pression, le polissage fin, le traitement de surface (galvanoplastie\/oxydation) et l'emballage des puces. Le moulage sous pression garantit la forme pr\u00e9cise de la cl\u00e9, le polissage rend la surface lisse et d\u00e9licate, la galvanoplastie\/oxydation donne au m\u00e9tal une couleur r\u00e9tro et une capacit\u00e9 anti-oxydation, et l'emballage strict des puces garantit des performances de stockage stables.<\/p>\n<\/div>\n\n\n\n<div class=\"wp-block-column is-layout-flow wp-block-column-is-layout-flow\">\n<figure class=\"wp-block-image aligncenter size-full\"><img alt=\"\" loading=\"lazy\" decoding=\"async\" width=\"800\" height=\"800\" src=\"https:\/\/www.usborkeychain.com\/wp-content\/uploads\/ClassicKey-USB-flash-drive.png\" class=\"wp-image-4325\" srcset=\"https:\/\/www.usborkeychain.com\/wp-content\/uploads\/ClassicKey-USB-flash-drive.png 800w, https:\/\/www.usborkeychain.com\/wp-content\/uploads\/ClassicKey-USB-flash-drive-300x300.png 300w, https:\/\/www.usborkeychain.com\/wp-content\/uploads\/ClassicKey-USB-flash-drive-150x150.png 150w, https:\/\/www.usborkeychain.com\/wp-content\/uploads\/ClassicKey-USB-flash-drive-768x768.png 768w, https:\/\/www.usborkeychain.com\/wp-content\/uploads\/ClassicKey-USB-flash-drive-12x12.png 12w, https:\/\/www.usborkeychain.com\/wp-content\/uploads\/ClassicKey-USB-flash-drive-600x600.png 600w, https:\/\/www.usborkeychain.com\/wp-content\/uploads\/ClassicKey-USB-flash-drive-100x100.png 100w\" sizes=\"(max-width: 800px) 100vw, 800px\" \/><\/figure>\n<\/div>\n<\/div>\n\n\n\n<h2 class=\"wp-block-heading\">La vitesse de lecture et d'\u00e9criture de la cl\u00e9 USB est-elle affect\u00e9e par sa forme ?<\/h2>\n\n\n\n<div class=\"wp-block-columns is-layout-flex wp-container-core-columns-is-layout-28f84493 wp-block-columns-is-layout-flex\">\n<div class=\"wp-block-column is-layout-flow wp-block-column-is-layout-flow\">\n<figure class=\"wp-block-image size-full\"><img alt=\"\" loading=\"lazy\" decoding=\"async\" width=\"800\" height=\"800\" src=\"https:\/\/www.usborkeychain.com\/wp-content\/uploads\/OldStyleKey-USB-flash-drive.png\" class=\"wp-image-4329\" srcset=\"https:\/\/www.usborkeychain.com\/wp-content\/uploads\/OldStyleKey-USB-flash-drive.png 800w, https:\/\/www.usborkeychain.com\/wp-content\/uploads\/OldStyleKey-USB-flash-drive-300x300.png 300w, https:\/\/www.usborkeychain.com\/wp-content\/uploads\/OldStyleKey-USB-flash-drive-150x150.png 150w, https:\/\/www.usborkeychain.com\/wp-content\/uploads\/OldStyleKey-USB-flash-drive-768x768.png 768w, https:\/\/www.usborkeychain.com\/wp-content\/uploads\/OldStyleKey-USB-flash-drive-12x12.png 12w, https:\/\/www.usborkeychain.com\/wp-content\/uploads\/OldStyleKey-USB-flash-drive-600x600.png 600w, https:\/\/www.usborkeychain.com\/wp-content\/uploads\/OldStyleKey-USB-flash-drive-100x100.png 100w\" sizes=\"(max-width: 800px) 100vw, 800px\" \/><\/figure>\n<\/div>\n\n\n\n<div class=\"wp-block-column is-vertically-aligned-center is-layout-flow wp-block-column-is-layout-flow\">\n<p>Le <strong>forme de la cl\u00e9<\/strong> n'affecte pas la vitesse de lecture et d'\u00e9criture. La vitesse de transmission de l'USB3.0 est d\u00e9termin\u00e9e par le protocole d'interface et le sch\u00e9ma de la puce. La coque m\u00e9tallique sert uniquement de protection et de d\u00e9coration, sans interf\u00e9rer avec la transmission des donn\u00e9es. Les performances r\u00e9elles de lecture et d'\u00e9criture sont conformes \u00e0 celles des cl\u00e9s USB conventionnelles.<\/p>\n<\/div>\n<\/div>\n\n\n\n<h2 class=\"wp-block-heading\">La cl\u00e9 USB est-elle facile \u00e0 casser ?<\/h2>\n\n\n\n<div class=\"wp-block-columns is-layout-flex wp-container-core-columns-is-layout-28f84493 wp-block-columns-is-layout-flex\">\n<div class=\"wp-block-column is-vertically-aligned-center is-layout-flow wp-block-column-is-layout-flow\">\n<p>Bien qu'elle ait la forme d'une cl\u00e9, l'interface est renforc\u00e9e. La conception innovante du port USB int\u00e9gr\u00e9 (avec une profondeur r\u00e9serv\u00e9e de 0,5 mm) combin\u00e9e \u00e0 un couvercle de protection rotatif emp\u00eache efficacement les dommages dus aux collisions lors du branchement et du d\u00e9branchement. Il a pass\u00e9 5000 tests de branchement et de d\u00e9branchement sans d\u00e9formation.<\/p>\n<\/div>\n\n\n\n<div class=\"wp-block-column is-layout-flow wp-block-column-is-layout-flow\">\n<figure class=\"wp-block-image size-full\"><img alt=\"\" loading=\"lazy\" decoding=\"async\" width=\"800\" height=\"800\" src=\"https:\/\/www.usborkeychain.com\/wp-content\/uploads\/MetalVintage-USB-flash-drive.png\" class=\"wp-image-4328\" srcset=\"https:\/\/www.usborkeychain.com\/wp-content\/uploads\/MetalVintage-USB-flash-drive.png 800w, https:\/\/www.usborkeychain.com\/wp-content\/uploads\/MetalVintage-USB-flash-drive-300x300.png 300w, https:\/\/www.usborkeychain.com\/wp-content\/uploads\/MetalVintage-USB-flash-drive-150x150.png 150w, https:\/\/www.usborkeychain.com\/wp-content\/uploads\/MetalVintage-USB-flash-drive-768x768.png 768w, https:\/\/www.usborkeychain.com\/wp-content\/uploads\/MetalVintage-USB-flash-drive-12x12.png 12w, https:\/\/www.usborkeychain.com\/wp-content\/uploads\/MetalVintage-USB-flash-drive-600x600.png 600w, https:\/\/www.usborkeychain.com\/wp-content\/uploads\/MetalVintage-USB-flash-drive-100x100.png 100w\" sizes=\"(max-width: 800px) 100vw, 800px\" \/><\/figure>\n<\/div>\n<\/div>\n\n\n\n<h2 class=\"wp-block-heading\">Quels sont les secteurs les plus populaires pour l'utilisation des cadeaux ?<\/h2>\n\n\n\n<div class=\"wp-block-columns is-layout-flex wp-container-core-columns-is-layout-28f84493 wp-block-columns-is-layout-flex\">\n<div class=\"wp-block-column is-layout-flow wp-block-column-is-layout-flow\">\n<figure class=\"wp-block-image size-full\"><img alt=\"\" loading=\"lazy\" decoding=\"async\" width=\"800\" height=\"800\" src=\"https:\/\/www.usborkeychain.com\/wp-content\/uploads\/MetalMemoir-USB-flash-drive.png\" class=\"wp-image-4327\" srcset=\"https:\/\/www.usborkeychain.com\/wp-content\/uploads\/MetalMemoir-USB-flash-drive.png 800w, https:\/\/www.usborkeychain.com\/wp-content\/uploads\/MetalMemoir-USB-flash-drive-300x300.png 300w, https:\/\/www.usborkeychain.com\/wp-content\/uploads\/MetalMemoir-USB-flash-drive-150x150.png 150w, https:\/\/www.usborkeychain.com\/wp-content\/uploads\/MetalMemoir-USB-flash-drive-768x768.png 768w, https:\/\/www.usborkeychain.com\/wp-content\/uploads\/MetalMemoir-USB-flash-drive-12x12.png 12w, https:\/\/www.usborkeychain.com\/wp-content\/uploads\/MetalMemoir-USB-flash-drive-600x600.png 600w, https:\/\/www.usborkeychain.com\/wp-content\/uploads\/MetalMemoir-USB-flash-drive-100x100.png 100w\" sizes=\"(max-width: 800px) 100vw, 800px\" \/><\/figure>\n<\/div>\n\n\n\n<div class=\"wp-block-column is-vertically-aligned-center is-layout-flow wp-block-column-is-layout-flow\">\n<ol class=\"wp-block-list\">\n<li>Le secteur de l'immobilier : Il convient au sc\u00e9nario de la \"livraison cl\u00e9\". Personnalis\u00e9 avec les logos des projets, il peut \u00eatre utilis\u00e9 comme cadeau pour la livraison d'un bien immobilier ou pour remercier un client.<\/li>\n\n\n\n<li>Industrie financi\u00e8re : Utilis\u00e9e pour l'entretien des clients VIP, la texture m\u00e9tallique montre une qualit\u00e9 haut de gamme, avec des logos de marque personnalis\u00e9s.<\/li>\n\n\n\n<li>Industrie culturelle et cr\u00e9ative<\/li>\n\n\n\n<li>Industrie des services haut de gamme (cabinets d'avocats, gestion de biens immobiliers haut de gamme, etc.)<\/li>\n<\/ol>\n<\/div>\n<\/div>\n\n\n\n<p>Le <strong>cl\u00e9 USB r\u00e9tro en m\u00e9tal<\/strong>L'appareil est dot\u00e9 d'une durabilit\u00e9 et d'une texture gr\u00e2ce \u00e0 un mat\u00e9riau en alliage. Il int\u00e8gre des \u00e9l\u00e9ments r\u00e9tro chinois et des significations de bon augure, et assure une lecture et une \u00e9criture efficaces gr\u00e2ce \u00e0 l'utilisation de l'appareil. <strong>USB3.0<\/strong>. Il est personnalisable, portable et facile \u00e0 utiliser. Il r\u00e9pond non seulement aux besoins de stockage, mais il a aussi des qualit\u00e9s de cadeau, ce qui lui vaut d'\u00eatre appr\u00e9ci\u00e9 dans l'immobilier, la finance et d'autres secteurs. Il s'agit d'un produit pratique combinant l'esth\u00e9tique classique et la technologie moderne.<\/p>","protected":false},"excerpt":{"rendered":"<ul>\n<li>Mat\u00e9riau m\u00e9tallique<\/li>\n<li>Cl\u00e9 r\u00e9tro<\/li>\n<li>USB3.0<\/li>\n<li>Logo personnalis\u00e9<\/li>\n<li>MOQ\uff1a100PCS<\/li>\n<\/ul>","protected":false},"featured_media":4330,"comment_status":"open","ping_status":"closed","template":"","meta":{"_seopress_robots_primary_cat":"","_seopress_titles_title":"","_seopress_titles_desc":"","_seopress_robots_index":"","site-sidebar-layout":"default","site-content-layout":"","ast-site-content-layout":"","site-content-style":"default","site-sidebar-style":"default","ast-global-header-display":"","ast-banner-title-visibility":"","ast-main-header-display":"","ast-hfb-above-header-display":"","ast-hfb-below-header-display":"","ast-hfb-mobile-header-display":"","site-post-title":"","ast-breadcrumbs-content":"","ast-featured-img":"","footer-sml-layout":"","theme-transparent-header-meta":"","adv-header-id-meta":"","stick-header-meta":"","header-above-stick-meta":"","header-main-stick-meta":"","header-below-stick-meta":"","astra-migrate-meta-layouts":"default","ast-page-background-enabled":"default","ast-page-background-meta":{"desktop":{"background-color":"var(--ast-global-color-5)","background-image":"","background-repeat":"repeat","background-position":"center center","background-size":"auto","background-attachment":"scroll","background-type":"","background-media":"","overlay-type":"","overlay-color":"","overlay-opacity":"","overlay-gradient":""},"tablet":{"background-color":"","background-image":"","background-repeat":"repeat","background-position":"center center","background-size":"auto","background-attachment":"scroll","background-type":"","background-media":"","overlay-type":"","overlay-color":"","overlay-opacity":"","overlay-gradient":""},"mobile":{"background-color":"","background-image":"","background-repeat":"repeat","background-position":"center center","background-size":"auto","background-attachment":"scroll","background-type":"","background-media":"","overlay-type":"","overlay-color":"","overlay-opacity":"","overlay-gradient":""}},"ast-content-background-meta":{"desktop":{"background-color":"var(--ast-global-color-4)","background-image":"","background-repeat":"repeat","background-position":"center center","background-size":"auto","background-attachment":"scroll","background-type":"","background-media":"","overlay-type":"","overlay-color":"","overlay-opacity":"","overlay-gradient":""},"tablet":{"background-color":"var(--ast-global-color-4)","background-image":"","background-repeat":"repeat","background-position":"center center","background-size":"auto","background-attachment":"scroll","background-type":"","background-media":"","overlay-type":"","overlay-color":"","overlay-opacity":"","overlay-gradient":""},"mobile":{"background-color":"var(--ast-global-color-4)","background-image":"","background-repeat":"repeat","background-position":"center center","background-size":"auto","background-attachment":"scroll","background-type":"","background-media":"","overlay-type":"","overlay-color":"","overlay-opacity":"","overlay-gradient":""}}},"product_brand":[],"product_cat":[108],"product_tag":[259,258],"class_list":{"0":"post-4321","1":"product","2":"type-product","3":"status-publish","4":"has-post-thumbnail","6":"product_cat-key-shaped-usb-pendrive","7":"product_tag-metal-key-usb-flash-drive","8":"product_tag-metal-retro-key-usb-flash-drive","9":"desktop-align-left","10":"tablet-align-left","11":"mobile-align-left","13":"first","14":"instock","15":"shipping-taxable","16":"product-type-simple"},"_links":{"self":[{"href":"https:\/\/www.usborkeychain.com\/fr\/wp-json\/wp\/v2\/product\/4321","targetHints":{"allow":["GET"]}}],"collection":[{"href":"https:\/\/www.usborkeychain.com\/fr\/wp-json\/wp\/v2\/product"}],"about":[{"href":"https:\/\/www.usborkeychain.com\/fr\/wp-json\/wp\/v2\/types\/product"}],"replies":[{"embeddable":true,"href":"https:\/\/www.usborkeychain.com\/fr\/wp-json\/wp\/v2\/comments?post=4321"}],"wp:featuredmedia":[{"embeddable":true,"href":"https:\/\/www.usborkeychain.com\/fr\/wp-json\/wp\/v2\/media\/4330"}],"wp:attachment":[{"href":"https:\/\/www.usborkeychain.com\/fr\/wp-json\/wp\/v2\/media?parent=4321"}],"wp:term":[{"taxonomy":"product_brand","embeddable":true,"href":"https:\/\/www.usborkeychain.com\/fr\/wp-json\/wp\/v2\/product_brand?post=4321"},{"taxonomy":"product_cat","embeddable":true,"href":"https:\/\/www.usborkeychain.com\/fr\/wp-json\/wp\/v2\/product_cat?post=4321"},{"taxonomy":"product_tag","embeddable":true,"href":"https:\/\/www.usborkeychain.com\/fr\/wp-json\/wp\/v2\/product_tag?post=4321"}],"curies":[{"name":"wp","href":"https:\/\/api.w.org\/{rel}","templated":true}]}}