{"id":4333,"date":"2025-07-22T03:41:44","date_gmt":"2025-07-22T03:41:44","guid":{"rendered":"https:\/\/www.usborkeychain.com\/?post_type=product&#038;p=4333"},"modified":"2025-07-22T03:44:30","modified_gmt":"2025-07-22T03:44:30","slug":"metal-flower-key-usb-flash-drive","status":"publish","type":"product","link":"https:\/\/www.usborkeychain.com\/fr\/produit\/metal-flower-key-usb-flash-drive\/","title":{"rendered":"Cl\u00e9 USB en m\u00e9tal avec fleur"},"content":{"rendered":"<div class=\"wp-block-columns is-layout-flex wp-container-core-columns-is-layout-28f84493 wp-block-columns-is-layout-flex\">\n<div class=\"wp-block-column is-vertically-aligned-center is-layout-flow wp-block-column-is-layout-flow\">\n<p>Le<strong> Cl\u00e9 USB en m\u00e9tal avec fleur<\/strong> se caract\u00e9rise par un corps en alliage de zinc de haute qualit\u00e9. L'alliage de zinc offre une excellente r\u00e9sistance \u00e0 l'usure et \u00e0 la corrosion, emp\u00eachant la rouille et la d\u00e9formation. Il peut conserver un aspect neuf pendant longtemps, ce qui garantit une durabilit\u00e9 maximale de la cl\u00e9 USB.<\/p>\n\n\n\n<p>Gr\u00e2ce \u00e0 la technologie de coupe en p\u00e9tale \u00e0 angle aigu de 0,3 mm, il pr\u00e9sente une forme concise et \u00e9l\u00e9gante. L'anneau en acier inoxydable de 3 mm de diam\u00e8tre peut supporter un poids de 5 kg sans se briser. Sa taille mini est 60% plus petite que celle des cl\u00e9s USB traditionnelles, ce qui permet de la ranger facilement dans une poche ou un sac \u00e0 cl\u00e9s, et de la transporter sans effort au quotidien.<\/p>\n<\/div>\n\n\n\n<div class=\"wp-block-column is-layout-flow wp-block-column-is-layout-flow\">\n<figure class=\"wp-block-image aligncenter size-full\"><img alt=\"\" fetchpriority=\"high\" decoding=\"async\" width=\"800\" height=\"800\" src=\"https:\/\/www.usborkeychain.com\/wp-content\/uploads\/FlowerKey-USB-flash-drive.jpg\" class=\"wp-image-4337\" srcset=\"https:\/\/www.usborkeychain.com\/wp-content\/uploads\/FlowerKey-USB-flash-drive.jpg 800w, https:\/\/www.usborkeychain.com\/wp-content\/uploads\/FlowerKey-USB-flash-drive-300x300.jpg 300w, https:\/\/www.usborkeychain.com\/wp-content\/uploads\/FlowerKey-USB-flash-drive-150x150.jpg 150w, https:\/\/www.usborkeychain.com\/wp-content\/uploads\/FlowerKey-USB-flash-drive-768x768.jpg 768w, https:\/\/www.usborkeychain.com\/wp-content\/uploads\/FlowerKey-USB-flash-drive-12x12.jpg 12w, https:\/\/www.usborkeychain.com\/wp-content\/uploads\/FlowerKey-USB-flash-drive-600x600.jpg 600w, https:\/\/www.usborkeychain.com\/wp-content\/uploads\/FlowerKey-USB-flash-drive-100x100.jpg 100w\" sizes=\"(max-width: 800px) 100vw, 800px\" \/><\/figure>\n<\/div>\n<\/div>\n\n\n\n<h2 class=\"wp-block-heading\">Tableau des param\u00e8tres de base de la cl\u00e9 USB<\/h2>\n\n\n\n<figure class=\"wp-block-table\"><table class=\"has-fixed-layout\"><thead><tr><th>Cat\u00e9gorie de param\u00e8tres<\/th><th>D\u00e9tails<\/th><\/tr><\/thead><tbody><tr><td>Norme d'interface<\/td><td>USB3.0 (r\u00e9trocompatible avec USB2.0)<\/td><\/tr><tr><td>Options de capacit\u00e9<\/td><td>8GB\/16GB\/32GB\/64GB\/128GB<\/td><\/tr><tr><td>Taille du produit (longueur \u00d7 largeur \u00d7 \u00e9paisseur)<\/td><td>50mm\u00d720mm\u00d73mm<\/td><\/tr><tr><td>Poids du produit<\/td><td>Environ 12 \u00e0 15 g<\/td><\/tr><tr><td>Mat\u00e9riau m\u00e9tallique<\/td><td>Alliage de zinc (avec traitement anti-oxydation en surface)<\/td><\/tr><\/tbody><\/table><\/figure>\n\n\n\n<h2 class=\"wp-block-heading\">Le logo peut-il \u00eatre personnalis\u00e9 ?<\/h2>\n\n\n\n<div class=\"wp-block-columns is-layout-flex wp-container-core-columns-is-layout-28f84493 wp-block-columns-is-layout-flex\">\n<div class=\"wp-block-column is-layout-flow wp-block-column-is-layout-flow\">\n<figure class=\"wp-block-image size-full\"><img alt=\"\" decoding=\"async\" width=\"800\" height=\"800\" src=\"https:\/\/www.usborkeychain.com\/wp-content\/uploads\/BloomKey-USB-flash-drive.jpg\" class=\"wp-image-4336\" srcset=\"https:\/\/www.usborkeychain.com\/wp-content\/uploads\/BloomKey-USB-flash-drive.jpg 800w, https:\/\/www.usborkeychain.com\/wp-content\/uploads\/BloomKey-USB-flash-drive-300x300.jpg 300w, https:\/\/www.usborkeychain.com\/wp-content\/uploads\/BloomKey-USB-flash-drive-150x150.jpg 150w, https:\/\/www.usborkeychain.com\/wp-content\/uploads\/BloomKey-USB-flash-drive-768x768.jpg 768w, https:\/\/www.usborkeychain.com\/wp-content\/uploads\/BloomKey-USB-flash-drive-12x12.jpg 12w, https:\/\/www.usborkeychain.com\/wp-content\/uploads\/BloomKey-USB-flash-drive-600x600.jpg 600w, https:\/\/www.usborkeychain.com\/wp-content\/uploads\/BloomKey-USB-flash-drive-100x100.jpg 100w\" sizes=\"(max-width: 800px) 100vw, 800px\" \/><\/figure>\n<\/div>\n\n\n\n<div class=\"wp-block-column is-vertically-aligned-center is-layout-flow wp-block-column-is-layout-flow\">\n<p><strong>Les logos ou motifs personnalis\u00e9s sont pris en charge<\/strong>! Tirant parti des propri\u00e9t\u00e9s de l'alliage de zinc, la technologie de gravure au laser et de coloration par galvanoplastie est adopt\u00e9e : La gravure au laser permet de graver avec pr\u00e9cision des motifs sur la surface du m\u00e9tal, avec des lignes claires et une profondeur mod\u00e9r\u00e9e, ce qui garantit qu'ils sont solides et qu'ils ne se d\u00e9tachent pas facilement. Si une d\u00e9coration color\u00e9e est n\u00e9cessaire, la coloration par galvanoplastie permet \u00e0 la couleur d'adh\u00e9rer uniform\u00e9ment et de s'int\u00e9grer naturellement \u00e0 la texture du m\u00e9tal, tout en conservant l'\u00e9clat d'origine du mat\u00e9riau et en permettant une personnalisation.<\/p>\n<\/div>\n<\/div>\n\n\n\n<h3 class=\"wp-block-heading\">Quels sont les avantages de la cl\u00e9 USB ?<\/h3>\n\n\n\n<div class=\"wp-block-columns is-layout-flex wp-container-core-columns-is-layout-28f84493 wp-block-columns-is-layout-flex\">\n<div class=\"wp-block-column is-vertically-aligned-center is-layout-flow wp-block-column-is-layout-flow\">\n<ul class=\"wp-block-list\">\n<li>Conception anti-perte : Porte-cl\u00e9s en une seule pi\u00e8ce, compatible avec diverses cha\u00eenes.<\/li>\n\n\n\n<li>Protection de l'interface : Structure \u00e0 p\u00e9tales rotatifs (avec une dur\u00e9e de vie de \u226510 000 ouvertures et fermetures), qui enveloppe compl\u00e8tement l'interface USB lorsqu'elle est ferm\u00e9e.<\/li>\n\n\n\n<li>R\u00e9sistance aux chocs et \u00e0 la pression : Test de chute en b\u00e9ton de 3 m\u00e8tres r\u00e9ussi (rempli de gel de silice interne absorbant les chocs).<\/li>\n\n\n\n<li>Protection \u00e9lectrostatique : Protection contre les d\u00e9charges d'air de 15KV (300% meilleure que les normes industrielles).<\/li>\n\n\n\n<li>Veille ultra-longue : courant de veille \u2264100\u03bcA (les donn\u00e9es peuvent \u00eatre stock\u00e9es pendant 10 ans).<\/li>\n<\/ul>\n<\/div>\n\n\n\n<div class=\"wp-block-column is-layout-flow wp-block-column-is-layout-flow\">\n<figure class=\"wp-block-image aligncenter size-full\"><img alt=\"\" decoding=\"async\" width=\"800\" height=\"800\" src=\"https:\/\/www.usborkeychain.com\/wp-content\/uploads\/MetalBlossom-USB-flash-Drive.jpg\" class=\"wp-image-4338\" srcset=\"https:\/\/www.usborkeychain.com\/wp-content\/uploads\/MetalBlossom-USB-flash-Drive.jpg 800w, https:\/\/www.usborkeychain.com\/wp-content\/uploads\/MetalBlossom-USB-flash-Drive-300x300.jpg 300w, https:\/\/www.usborkeychain.com\/wp-content\/uploads\/MetalBlossom-USB-flash-Drive-150x150.jpg 150w, https:\/\/www.usborkeychain.com\/wp-content\/uploads\/MetalBlossom-USB-flash-Drive-768x768.jpg 768w, https:\/\/www.usborkeychain.com\/wp-content\/uploads\/MetalBlossom-USB-flash-Drive-12x12.jpg 12w, https:\/\/www.usborkeychain.com\/wp-content\/uploads\/MetalBlossom-USB-flash-Drive-600x600.jpg 600w, https:\/\/www.usborkeychain.com\/wp-content\/uploads\/MetalBlossom-USB-flash-Drive-100x100.jpg 100w\" sizes=\"(max-width: 800px) 100vw, 800px\" \/><\/figure>\n<\/div>\n<\/div>\n\n\n\n<h3 class=\"wp-block-heading\">Comment cette cl\u00e9 USB est-elle fabriqu\u00e9e ?<\/h3>\n\n\n\n<div class=\"wp-block-columns are-vertically-aligned-center is-layout-flex wp-container-core-columns-is-layout-28f84493 wp-block-columns-is-layout-flex\">\n<div class=\"wp-block-column is-vertically-aligned-center is-layout-flow wp-block-column-is-layout-flow\">\n<div class=\"wp-block-columns is-layout-flex wp-container-core-columns-is-layout-28f84493 wp-block-columns-is-layout-flex\">\n<div class=\"wp-block-column is-layout-flow wp-block-column-is-layout-flow\">\n<figure class=\"wp-block-image size-full\"><img alt=\"\" loading=\"lazy\" decoding=\"async\" width=\"800\" height=\"800\" src=\"https:\/\/www.usborkeychain.com\/wp-content\/uploads\/MetalPetal-Key-USB-flash-drive.jpg\" class=\"wp-image-4339\" srcset=\"https:\/\/www.usborkeychain.com\/wp-content\/uploads\/MetalPetal-Key-USB-flash-drive.jpg 800w, https:\/\/www.usborkeychain.com\/wp-content\/uploads\/MetalPetal-Key-USB-flash-drive-300x300.jpg 300w, https:\/\/www.usborkeychain.com\/wp-content\/uploads\/MetalPetal-Key-USB-flash-drive-150x150.jpg 150w, https:\/\/www.usborkeychain.com\/wp-content\/uploads\/MetalPetal-Key-USB-flash-drive-768x768.jpg 768w, https:\/\/www.usborkeychain.com\/wp-content\/uploads\/MetalPetal-Key-USB-flash-drive-12x12.jpg 12w, https:\/\/www.usborkeychain.com\/wp-content\/uploads\/MetalPetal-Key-USB-flash-drive-600x600.jpg 600w, https:\/\/www.usborkeychain.com\/wp-content\/uploads\/MetalPetal-Key-USB-flash-drive-100x100.jpg 100w\" sizes=\"(max-width: 800px) 100vw, 800px\" \/><\/figure>\n<\/div>\n<\/div>\n<\/div>\n\n\n\n<div class=\"wp-block-column is-vertically-aligned-center is-layout-flow wp-block-column-is-layout-flow\">\n<p>Il passe par les processus de moulage sous pression\u2192 polissage fin\u2192 traitement de surface (galvanoplastie\/anti-oxydation) \u2192 conditionnement des puces. Le moulage sous pression garantit la reproduction exacte de la forme de la fleur ; le polissage rend la surface m\u00e9tallique aussi lisse qu'un miroir ; le traitement par galvanoplastie\/anti-oxydation donne au produit une couleur r\u00e9tro ou brillante et am\u00e9liore sa r\u00e9sistance aux taches ; enfin, la puce est strictement emball\u00e9e pour garantir la stabilit\u00e9 du stockage des donn\u00e9es et la fluidit\u00e9 de la lecture et de l'\u00e9criture.<\/p>\n\n\n\n<p>La partie sup\u00e9rieure de la<strong> M\u00e9tal <strong>Fleur<\/strong><\/strong> <strong>Cl\u00e9 USB<\/strong> est \u00e9quip\u00e9 d'un trou de suspension circulaire, dont le diam\u00e8tre est compatible avec les porte-cl\u00e9s courants du march\u00e9 (diam\u00e8tre int\u00e9rieur de 2 \u00e0 4 mm). Il est facile \u00e0 accrocher et peut \u00eatre facilement enfil\u00e9 avec les cl\u00e9s de voiture et les cl\u00e9s de porte, ce qui permet d'\u00e9viter les pertes lors du transport quotidien, d'ajouter une d\u00e9coration et de rendre le porte-cl\u00e9s plus personnalis\u00e9.<\/p>\n<\/div>\n<\/div>\n\n\n\n<h2 class=\"wp-block-heading\">Quelles sont les industries qui peuvent l'utiliser ?<\/h2>\n\n\n\n<ul class=\"wp-block-list\">\n<li><strong>Industrie de la beaut\u00e9 et de la mode<\/strong>: Conform\u00e9ment au style exquis et \u00e0 la mode de la marque, les logos personnalis\u00e9s peuvent \u00eatre utilis\u00e9s comme cadeaux de promotion de nouveaux produits et comme cadeaux d'appr\u00e9ciation des membres.<\/li>\n\n\n\n<li><strong>Industrie de la bijouterie<\/strong>: L'\u00e9l\u00e9ment floral fait \u00e9cho aux attributs de l'industrie, et la texture m\u00e9tallique t\u00e9moigne d'une qualit\u00e9 haut de gamme.<\/li>\n\n\n\n<li><strong>Industrie du mariage<\/strong>: La forme de la fleur a une bonne signification. Personnalis\u00e9 avec les noms des mari\u00e9s et les th\u00e8mes du mariage, il peut \u00eatre utilis\u00e9 comme cadeau pour les invit\u00e9s.<\/li>\n\n\n\n<li><strong>Industrie culturelle et cr\u00e9ative<\/strong>: En collaboration avec des titulaires de droits de propri\u00e9t\u00e9 intellectuelle dans le domaine de la culture et de la cr\u00e9ation, il est personnalis\u00e9 avec des motifs uniques et peut \u00eatre utilis\u00e9 comme cadeau p\u00e9riph\u00e9rique dans les expositions culturelles et cr\u00e9atives et dans les magasins hors ligne afin d'attirer les jeunes consommateurs.<\/li>\n<\/ul>\n\n\n\n<p>Le <strong>Cl\u00e9 USB en m\u00e9tal avec fleur<\/strong>L'appareil est en alliage de zinc, ce qui garantit sa durabilit\u00e9 et sa texture. Il a la forme d'une petite fleur d\u00e9licate, facile \u00e0 transporter. L'USB3.0 permet une lecture et une \u00e9criture efficaces et prend en charge la personnalisation. Il pr\u00e9sente des avantages exceptionnels en termes de protection et de compatibilit\u00e9, et le trou est adapt\u00e9 aux porte-cl\u00e9s pour un transport facile. Il est largement appr\u00e9ci\u00e9 comme cadeau dans les secteurs de la beaut\u00e9, de la bijouterie, du mariage et autres, et constitue un bon produit int\u00e9grant le stockage pratique, la d\u00e9coration personnalis\u00e9e et la transmission d'\u00e9motions !<\/p>","protected":false},"excerpt":{"rendered":"<ul>\n<li>Mat\u00e9riau m\u00e9tallique<\/li>\n<li>Cl\u00e9 de la fleur<\/li>\n<li>Protection de l'interface<\/li>\n<li>Veille ultra longue<\/li>\n<li>MOQ\uff1a100pcs<\/li>\n<\/ul>","protected":false},"featured_media":4337,"comment_status":"open","ping_status":"closed","template":"","meta":{"_seopress_robots_primary_cat":"","_seopress_titles_title":"","_seopress_titles_desc":"","_seopress_robots_index":"","site-sidebar-layout":"default","site-content-layout":"","ast-site-content-layout":"","site-content-style":"default","site-sidebar-style":"default","ast-global-header-display":"","ast-banner-title-visibility":"","ast-main-header-display":"","ast-hfb-above-header-display":"","ast-hfb-below-header-display":"","ast-hfb-mobile-header-display":"","site-post-title":"","ast-breadcrumbs-content":"","ast-featured-img":"","footer-sml-layout":"","theme-transparent-header-meta":"","adv-header-id-meta":"","stick-header-meta":"","header-above-stick-meta":"","header-main-stick-meta":"","header-below-stick-meta":"","astra-migrate-meta-layouts":"default","ast-page-background-enabled":"default","ast-page-background-meta":{"desktop":{"background-color":"var(--ast-global-color-5)","background-image":"","background-repeat":"repeat","background-position":"center center","background-size":"auto","background-attachment":"scroll","background-type":"","background-media":"","overlay-type":"","overlay-color":"","overlay-opacity":"","overlay-gradient":""},"tablet":{"background-color":"","background-image":"","background-repeat":"repeat","background-position":"center center","background-size":"auto","background-attachment":"scroll","background-type":"","background-media":"","overlay-type":"","overlay-color":"","overlay-opacity":"","overlay-gradient":""},"mobile":{"background-color":"","background-image":"","background-repeat":"repeat","background-position":"center center","background-size":"auto","background-attachment":"scroll","background-type":"","background-media":"","overlay-type":"","overlay-color":"","overlay-opacity":"","overlay-gradient":""}},"ast-content-background-meta":{"desktop":{"background-color":"var(--ast-global-color-4)","background-image":"","background-repeat":"repeat","background-position":"center center","background-size":"auto","background-attachment":"scroll","background-type":"","background-media":"","overlay-type":"","overlay-color":"","overlay-opacity":"","overlay-gradient":""},"tablet":{"background-color":"var(--ast-global-color-4)","background-image":"","background-repeat":"repeat","background-position":"center center","background-size":"auto","background-attachment":"scroll","background-type":"","background-media":"","overlay-type":"","overlay-color":"","overlay-opacity":"","overlay-gradient":""},"mobile":{"background-color":"var(--ast-global-color-4)","background-image":"","background-repeat":"repeat","background-position":"center center","background-size":"auto","background-attachment":"scroll","background-type":"","background-media":"","overlay-type":"","overlay-color":"","overlay-opacity":"","overlay-gradient":""}}},"product_brand":[],"product_cat":[108],"product_tag":[260,261],"class_list":{"0":"post-4333","1":"product","2":"type-product","3":"status-publish","4":"has-post-thumbnail","6":"product_cat-key-shaped-usb-pendrive","7":"product_tag-metal-flower-key-usb-flash-drive","8":"product_tag-metal-usb-falsh-drive","9":"desktop-align-left","10":"tablet-align-left","11":"mobile-align-left","13":"first","14":"instock","15":"shipping-taxable","16":"product-type-simple"},"_links":{"self":[{"href":"https:\/\/www.usborkeychain.com\/fr\/wp-json\/wp\/v2\/product\/4333","targetHints":{"allow":["GET"]}}],"collection":[{"href":"https:\/\/www.usborkeychain.com\/fr\/wp-json\/wp\/v2\/product"}],"about":[{"href":"https:\/\/www.usborkeychain.com\/fr\/wp-json\/wp\/v2\/types\/product"}],"replies":[{"embeddable":true,"href":"https:\/\/www.usborkeychain.com\/fr\/wp-json\/wp\/v2\/comments?post=4333"}],"wp:featuredmedia":[{"embeddable":true,"href":"https:\/\/www.usborkeychain.com\/fr\/wp-json\/wp\/v2\/media\/4337"}],"wp:attachment":[{"href":"https:\/\/www.usborkeychain.com\/fr\/wp-json\/wp\/v2\/media?parent=4333"}],"wp:term":[{"taxonomy":"product_brand","embeddable":true,"href":"https:\/\/www.usborkeychain.com\/fr\/wp-json\/wp\/v2\/product_brand?post=4333"},{"taxonomy":"product_cat","embeddable":true,"href":"https:\/\/www.usborkeychain.com\/fr\/wp-json\/wp\/v2\/product_cat?post=4333"},{"taxonomy":"product_tag","embeddable":true,"href":"https:\/\/www.usborkeychain.com\/fr\/wp-json\/wp\/v2\/product_tag?post=4333"}],"curies":[{"name":"wp","href":"https:\/\/api.w.org\/{rel}","templated":true}]}}