{"id":4341,"date":"2025-07-22T08:08:30","date_gmt":"2025-07-22T08:08:30","guid":{"rendered":"https:\/\/www.usborkeychain.com\/?post_type=product&#038;p=4341"},"modified":"2025-07-22T08:12:20","modified_gmt":"2025-07-22T08:12:20","slug":"thickened-metal-key-usb-flash-drive","status":"publish","type":"product","link":"https:\/\/www.usborkeychain.com\/fr\/produit\/thickened-metal-key-usb-flash-drive\/","title":{"rendered":"Cl\u00e9 USB en m\u00e9tal \u00e9pais"},"content":{"rendered":"<div class=\"wp-block-columns are-vertically-aligned-center is-layout-flex wp-container-core-columns-is-layout-28f84493 wp-block-columns-is-layout-flex\">\n<div class=\"wp-block-column is-vertically-aligned-center is-layout-flow wp-block-column-is-layout-flow\">\n<p>Le corps principal de la<strong> cl\u00e9 m\u00e9tallique \u00e9paissie cl\u00e9 USB<\/strong> est fabriqu\u00e9 en alliage de zinc de haute qualit\u00e9, qui poss\u00e8de de nombreuses propri\u00e9t\u00e9s excellentes :<\/p>\n\n\n\n<ul class=\"wp-block-list\">\n<li>Forte durabilit\u00e9 : haute duret\u00e9, pas facile \u00e0 d\u00e9former ou \u00e0 rayer. Par rapport aux cl\u00e9s USB fines, la solidit\u00e9 du mat\u00e9riau permet de mieux prot\u00e9ger la puce interne en cas de chute accidentelle. Dans le cadre d'une utilisation quotidienne, m\u00eame en cas de chute accidentelle, la coque en alliage de zinc \u00e9paissi peut r\u00e9sister efficacement aux chocs.<\/li>\n\n\n\n<li>Bonne r\u00e9sistance \u00e0 la corrosion : La surface a subi un traitement anticorrosion sp\u00e9cial, qui peut r\u00e9sister \u00e0 l'\u00e9rosion due \u00e0 l'humidit\u00e9, \u00e0 la sueur, etc. dans l'air, et conserver un bel aspect pendant longtemps. En revanche, certaines cl\u00e9s USB fines peuvent \u00eatre fabriqu\u00e9es dans des mat\u00e9riaux moins chers, qui sont susceptibles de rouiller et de se corroder, ce qui affecte leur apparence et r\u00e9duit leur dur\u00e9e de vie.<\/li>\n\n\n\n<li>Texture et poids : Le design \u00e9pais combin\u00e9 \u00e0 l'alliage de zinc conf\u00e8re \u00e0 la cl\u00e9 USB une texture plus solide et haut de gamme. Elle a un certain poids dans la main, diff\u00e9rent de la sensation de l\u00e9g\u00e8ret\u00e9 des mod\u00e8les minces, ce qui renforce le sentiment de valeur et de plaisir lors de l'utilisation.<\/li>\n<\/ul>\n<\/div>\n\n\n\n<div class=\"wp-block-column is-vertically-aligned-center is-layout-flow wp-block-column-is-layout-flow\">\n<figure class=\"wp-block-image aligncenter size-full\"><img alt=\"\" fetchpriority=\"high\" decoding=\"async\" width=\"800\" height=\"800\" src=\"https:\/\/www.usborkeychain.com\/wp-content\/uploads\/ThickMetalKey-USB-flash-drive.png\" class=\"wp-image-4346\" srcset=\"https:\/\/www.usborkeychain.com\/wp-content\/uploads\/ThickMetalKey-USB-flash-drive.png 800w, https:\/\/www.usborkeychain.com\/wp-content\/uploads\/ThickMetalKey-USB-flash-drive-300x300.png 300w, https:\/\/www.usborkeychain.com\/wp-content\/uploads\/ThickMetalKey-USB-flash-drive-150x150.png 150w, https:\/\/www.usborkeychain.com\/wp-content\/uploads\/ThickMetalKey-USB-flash-drive-768x768.png 768w, https:\/\/www.usborkeychain.com\/wp-content\/uploads\/ThickMetalKey-USB-flash-drive-12x12.png 12w, https:\/\/www.usborkeychain.com\/wp-content\/uploads\/ThickMetalKey-USB-flash-drive-600x600.png 600w, https:\/\/www.usborkeychain.com\/wp-content\/uploads\/ThickMetalKey-USB-flash-drive-100x100.png 100w\" sizes=\"(max-width: 800px) 100vw, 800px\" \/><\/figure>\n<\/div>\n<\/div>\n\n\n\n<h2 class=\"wp-block-heading\">Param\u00e8tres de la cl\u00e9 USB<\/h2>\n\n\n\n<figure class=\"wp-block-table\"><table class=\"has-fixed-layout\"><thead><tr><th>Cat\u00e9gorie de param\u00e8tres<\/th><th>D\u00e9tails<\/th><\/tr><\/thead><tbody><tr><td>Norme d'interface<\/td><td>USB 3.0 (r\u00e9trocompatible avec USB 2.0)<\/td><\/tr><tr><td>Options de capacit\u00e9<\/td><td>8GB, 16GB, 32GB, 64GB, 128GB<\/td><\/tr><tr><td>Taille du produit (longueur \u00d7 largeur \u00d7 \u00e9paisseur)<\/td><td>Environ 55 mm \u00d7 20 mm \u00d7 5 mm<\/td><\/tr><tr><td>Poids<\/td><td>Environ 25 \u00e0 30 g<\/td><\/tr><\/tbody><\/table><\/figure>\n\n\n\n<h2 class=\"wp-block-heading\">Le logo peut-il \u00eatre personnalis\u00e9 ?<\/h2>\n\n\n\n<div class=\"wp-block-columns is-layout-flex wp-container-core-columns-is-layout-28f84493 wp-block-columns-is-layout-flex\">\n<div class=\"wp-block-column is-layout-flow wp-block-column-is-layout-flow\">\n<figure class=\"wp-block-image aligncenter size-full\"><img alt=\"\" decoding=\"async\" width=\"800\" height=\"800\" src=\"https:\/\/www.usborkeychain.com\/wp-content\/uploads\/ThickKey-USB-Flash-drive.png\" class=\"wp-image-4345\" srcset=\"https:\/\/www.usborkeychain.com\/wp-content\/uploads\/ThickKey-USB-Flash-drive.png 800w, https:\/\/www.usborkeychain.com\/wp-content\/uploads\/ThickKey-USB-Flash-drive-300x300.png 300w, https:\/\/www.usborkeychain.com\/wp-content\/uploads\/ThickKey-USB-Flash-drive-150x150.png 150w, https:\/\/www.usborkeychain.com\/wp-content\/uploads\/ThickKey-USB-Flash-drive-768x768.png 768w, https:\/\/www.usborkeychain.com\/wp-content\/uploads\/ThickKey-USB-Flash-drive-12x12.png 12w, https:\/\/www.usborkeychain.com\/wp-content\/uploads\/ThickKey-USB-Flash-drive-600x600.png 600w, https:\/\/www.usborkeychain.com\/wp-content\/uploads\/ThickKey-USB-Flash-drive-100x100.png 100w\" sizes=\"(max-width: 800px) 100vw, 800px\" \/><\/figure>\n<\/div>\n\n\n\n<div class=\"wp-block-column is-vertically-aligned-center is-layout-flow wp-block-column-is-layout-flow\">\n<p>La cl\u00e9 USB en m\u00e9tal \u00e9pais peut \u00eatre personnalis\u00e9e avec un logo ou un motif.<\/p>\n\n\n\n<p>Gravure au laser : Utilisation d'un faisceau laser \u00e0 haute \u00e9nergie pour graver avec pr\u00e9cision des motifs sur la surface de l'alliage de zinc.<\/p>\n\n\n\n<p>Coloration par galvanoplastie (si un effet de couleur est n\u00e9cessaire) : Apr\u00e8s la gravure au laser, si vous souhaitez ajouter de la couleur au logo ou au motif, vous pouvez utiliser la galvanoplastie.<\/p>\n<\/div>\n<\/div>\n\n\n\n<h2 class=\"wp-block-heading\">Quels sont les avantages de cette cl\u00e9 USB ?<\/h2>\n\n\n\n<div class=\"wp-block-columns are-vertically-aligned-center is-layout-flex wp-container-core-columns-is-layout-28f84493 wp-block-columns-is-layout-flex\">\n<div class=\"wp-block-column is-vertically-aligned-center is-layout-flow wp-block-column-is-layout-flow\">\n<ul class=\"wp-block-list\">\n<li>Protection renforc\u00e9e : Outre les avantages susmentionn\u00e9s en mati\u00e8re de durabilit\u00e9, la coque en alliage de zinc \u00e9pais permet \u00e9galement une meilleure dissipation de la chaleur pour la puce interne. Le m\u00e9tal a une bonne conductivit\u00e9 thermique, ce qui permet de dissiper rapidement la chaleur g\u00e9n\u00e9r\u00e9e par la puce pendant le fonctionnement, garantissant ainsi un fonctionnement stable de la cl\u00e9 USB.<\/li>\n\n\n\n<li>Un design unique : La forme de la cl\u00e9 est \u00e0 la fois belle et pratique. Le design \u00e9pais rend la sensation et l'apparence plus proches d'une vraie cl\u00e9, qui est facile \u00e0 porter sur un porte-cl\u00e9s, ne se perd pas facilement et attire l'attention en tant que cadeau ou article promotionnel.<\/li>\n\n\n\n<li>Stockage de donn\u00e9es de longue dur\u00e9e : Le mat\u00e9riau en alliage de zinc de haute qualit\u00e9 associ\u00e9 \u00e0 une technologie de puce avanc\u00e9e garantit un stockage de donn\u00e9es stable \u00e0 long terme. M\u00eame en cas d'inactivit\u00e9 prolong\u00e9e, les donn\u00e9es internes peuvent \u00eatre pr\u00e9serv\u00e9es, ce qui est bien mieux que le probl\u00e8me de perte de donn\u00e9es de certaines cl\u00e9s USB de qualit\u00e9 m\u00e9diocre.<\/li>\n<\/ul>\n<\/div>\n\n\n\n<div class=\"wp-block-column is-vertically-aligned-center is-layout-flow wp-block-column-is-layout-flow\">\n<figure class=\"wp-block-image aligncenter size-full\"><img alt=\"\" decoding=\"async\" width=\"800\" height=\"800\" src=\"https:\/\/www.usborkeychain.com\/wp-content\/uploads\/HeavyDutyKey-USB-flash-Drive.png\" class=\"wp-image-4344\" srcset=\"https:\/\/www.usborkeychain.com\/wp-content\/uploads\/HeavyDutyKey-USB-flash-Drive.png 800w, https:\/\/www.usborkeychain.com\/wp-content\/uploads\/HeavyDutyKey-USB-flash-Drive-300x300.png 300w, https:\/\/www.usborkeychain.com\/wp-content\/uploads\/HeavyDutyKey-USB-flash-Drive-150x150.png 150w, https:\/\/www.usborkeychain.com\/wp-content\/uploads\/HeavyDutyKey-USB-flash-Drive-768x768.png 768w, https:\/\/www.usborkeychain.com\/wp-content\/uploads\/HeavyDutyKey-USB-flash-Drive-12x12.png 12w, https:\/\/www.usborkeychain.com\/wp-content\/uploads\/HeavyDutyKey-USB-flash-Drive-600x600.png 600w, https:\/\/www.usborkeychain.com\/wp-content\/uploads\/HeavyDutyKey-USB-flash-Drive-100x100.png 100w\" sizes=\"(max-width: 800px) 100vw, 800px\" \/><\/figure>\n<\/div>\n<\/div>\n\n\n\n<h2 class=\"wp-block-heading\">Comment cette cl\u00e9 USB est-elle fabriqu\u00e9e ?<\/h2>\n\n\n\n<ul class=\"wp-block-list\">\n<li>Moulage sous pression : Tout d'abord, un moule est fabriqu\u00e9 en fonction de la forme de la cl\u00e9, puis un alliage de zinc fondu est inject\u00e9 dans le moule sous haute pression pour former la forme de base de la coque de la cl\u00e9 USB, en veillant \u00e0 la pr\u00e9cision de la forme \u00e9paissie.<\/li>\n\n\n\n<li>Traitement de pr\u00e9cision : Apr\u00e8s la coul\u00e9e sous pression, un traitement de pr\u00e9cision, tel que la d\u00e9coupe et le polissage, est effectu\u00e9 pour rendre la surface de la coquille lisse et plate, avec des dimensions pr\u00e9cises.<\/li>\n\n\n\n<li>Traitement de surface : Un traitement anticorrosion est effectu\u00e9, tel que la galvanisation ou la pulv\u00e9risation de rev\u00eatements anticorrosion, afin d'am\u00e9liorer la r\u00e9sistance \u00e0 la corrosion de la surface de l'alliage de zinc.<\/li>\n\n\n\n<li>Installation et test des puces : Installation de puces de m\u00e9moire flash de haute qualit\u00e9, puis tests stricts des vitesses de lecture et d'\u00e9criture, de la stabilit\u00e9 du stockage des donn\u00e9es, de la compatibilit\u00e9 des interfaces, etc. pour garantir que chaque cl\u00e9 USB r\u00e9pond aux normes.<\/li>\n<\/ul>\n\n\n\n<h2 class=\"wp-block-heading\">Quel est le cycle de production de la personnalisation de masse ?<\/h2>\n\n\n\n<ul class=\"wp-block-list\">\n<li>Cycle standard : 1 \u00e0 2 semaines (en fonction de la quantit\u00e9 command\u00e9e).<\/li>\n\n\n\n<li>Service express : Peut \u00eatre raccourci \u00e0 5-7 jours (frais suppl\u00e9mentaires).<\/li>\n\n\n\n<li>Quantit\u00e9 minimale de commande : Habituellement 100 pi\u00e8ces, ce qui permet de personnaliser les petites s\u00e9ries.<\/li>\n<\/ul>\n\n\n\n<h2 class=\"wp-block-heading\">Quels sont les secteurs d'activit\u00e9 auxquels il s'applique ?<\/h2>\n\n\n\n<ul class=\"wp-block-list\">\n<li>Cadeaux d'affaires : C\u00e9l\u00e9brations d'anniversaires d'entreprises, cadeaux de remerciement aux clients, cadeaux VIP.<\/li>\n\n\n\n<li>Industrie \u00e9lectronique num\u00e9rique : Promotions de produits, cadeaux d'exposition.<\/li>\n\n\n\n<li>Finance et assurance : Des cadeaux haut de gamme pour am\u00e9liorer l'image de marque.<\/li>\n\n\n\n<li>\u00c9ducation et formation : Souvenirs de conf\u00e9rences, cadeaux de fin d'\u00e9tudes.<\/li>\n\n\n\n<li>Secteur de l'immobilier : Cadeaux de livraison de maison, cadeaux exclusifs pour les propri\u00e9taires.<\/li>\n<\/ul>\n\n\n\n<p>  Avec <strong>Mat\u00e9riau en alliage de zinc de haute qualit\u00e9<\/strong>Gr\u00e2ce \u00e0 ses excellents param\u00e8tres de performance, \u00e0 sa capacit\u00e9 de personnalisation et \u00e0 une s\u00e9rie d'avantages exceptionnels, le produit \u00e9paissi est un produit de haute qualit\u00e9. <strong>cl\u00e9 m\u00e9tallique cl\u00e9 USB<\/strong> n'est pas seulement un outil pratique de stockage de donn\u00e9es, mais aussi un choix de haute qualit\u00e9 pour les cadeaux et les articles promotionnels. En termes de durabilit\u00e9, d'apparence et d'adaptabilit\u00e9 \u00e0 la personnalisation, il peut r\u00e9pondre aux besoins de diff\u00e9rents utilisateurs et secteurs. Le cycle de personnalisation de masse est raisonnable, et il est largement utilis\u00e9 dans l'immobilier, l'automobile, la finance et d'autres industries, offrant de nouvelles options pour la promotion de la marque et le maintien des relations avec les clients.<\/p>","protected":false},"excerpt":{"rendered":"<ul>\n<li>Mat\u00e9riau en alliage de zinc<\/li>\n<li>Cl\u00e9 en m\u00e9tal<\/li>\n<li>Dissipation rapide de la chaleur<\/li>\n<li>Stockage stable et durable des donn\u00e9es<\/li>\n<li>\n<div class=\"flex flex-row w-full\" data-testid=\"message_content\" data-message-id=\"13201365837892610\">\n<div class=\"w-full\" data-plugin-identifier=\"Symbol(infra:receive-message-box:text)\">\n<div class=\"container-ZYIsnH flow-markdown-body theme-samantha-Nbr9UN\" dir=\"ltr\" data-testid=\"message_text_content\" data-show-indicator=\"false\">\n<div class=\"auto-hide-last-sibling-br paragraph-JOTKXA paragraph-element br-paragraph-space\">MOQ:100PCS<\/div>\n<div><\/div>\n<div><\/div>\n<div><\/div>\n<\/div>\n<\/div>\n<\/div>\n<div class=\"answer-action-bar-pgm2JD answer-action-bar flex flex-col justify-end\" data-testid=\"message_action_bar\">\n<div class=\"container-rxM4SW flex flex-row items-start w-full self-center\" data-message-action-bar=\"1\">\n<div class=\"left-Y7jNAM\">\n<div class=\"bp5-overflow-list container-i9_9R9 align-start-BRJcKo inner-K6EVuU\">\n<div class=\"flex\" tabindex=\"0\" aria-expanded=\"false\" aria-haspopup=\"dialog\" aria-controls=\"16wbfjk\" data-popupid=\"16wbfjk\"><\/div>\n<\/div>\n<\/div>\n<\/div>\n<\/div>\n<\/li>\n<\/ul>","protected":false},"featured_media":4346,"comment_status":"open","ping_status":"closed","template":"","meta":{"_seopress_robots_primary_cat":"","_seopress_titles_title":"","_seopress_titles_desc":"","_seopress_robots_index":"","site-sidebar-layout":"default","site-content-layout":"","ast-site-content-layout":"","site-content-style":"default","site-sidebar-style":"default","ast-global-header-display":"","ast-banner-title-visibility":"","ast-main-header-display":"","ast-hfb-above-header-display":"","ast-hfb-below-header-display":"","ast-hfb-mobile-header-display":"","site-post-title":"","ast-breadcrumbs-content":"","ast-featured-img":"","footer-sml-layout":"","theme-transparent-header-meta":"","adv-header-id-meta":"","stick-header-meta":"","header-above-stick-meta":"","header-main-stick-meta":"","header-below-stick-meta":"","astra-migrate-meta-layouts":"default","ast-page-background-enabled":"default","ast-page-background-meta":{"desktop":{"background-color":"var(--ast-global-color-5)","background-image":"","background-repeat":"repeat","background-position":"center center","background-size":"auto","background-attachment":"scroll","background-type":"","background-media":"","overlay-type":"","overlay-color":"","overlay-opacity":"","overlay-gradient":""},"tablet":{"background-color":"","background-image":"","background-repeat":"repeat","background-position":"center center","background-size":"auto","background-attachment":"scroll","background-type":"","background-media":"","overlay-type":"","overlay-color":"","overlay-opacity":"","overlay-gradient":""},"mobile":{"background-color":"","background-image":"","background-repeat":"repeat","background-position":"center center","background-size":"auto","background-attachment":"scroll","background-type":"","background-media":"","overlay-type":"","overlay-color":"","overlay-opacity":"","overlay-gradient":""}},"ast-content-background-meta":{"desktop":{"background-color":"var(--ast-global-color-4)","background-image":"","background-repeat":"repeat","background-position":"center center","background-size":"auto","background-attachment":"scroll","background-type":"","background-media":"","overlay-type":"","overlay-color":"","overlay-opacity":"","overlay-gradient":""},"tablet":{"background-color":"var(--ast-global-color-4)","background-image":"","background-repeat":"repeat","background-position":"center center","background-size":"auto","background-attachment":"scroll","background-type":"","background-media":"","overlay-type":"","overlay-color":"","overlay-opacity":"","overlay-gradient":""},"mobile":{"background-color":"var(--ast-global-color-4)","background-image":"","background-repeat":"repeat","background-position":"center center","background-size":"auto","background-attachment":"scroll","background-type":"","background-media":"","overlay-type":"","overlay-color":"","overlay-opacity":"","overlay-gradient":""}}},"product_brand":[],"product_cat":[108],"product_tag":[259,262],"class_list":{"0":"post-4341","1":"product","2":"type-product","3":"status-publish","4":"has-post-thumbnail","6":"product_cat-key-shaped-usb-pendrive","7":"product_tag-metal-key-usb-flash-drive","8":"product_tag-thickened-metal-key-usb-falsh-drive","9":"desktop-align-left","10":"tablet-align-left","11":"mobile-align-left","13":"first","14":"instock","15":"shipping-taxable","16":"product-type-simple"},"_links":{"self":[{"href":"https:\/\/www.usborkeychain.com\/fr\/wp-json\/wp\/v2\/product\/4341","targetHints":{"allow":["GET"]}}],"collection":[{"href":"https:\/\/www.usborkeychain.com\/fr\/wp-json\/wp\/v2\/product"}],"about":[{"href":"https:\/\/www.usborkeychain.com\/fr\/wp-json\/wp\/v2\/types\/product"}],"replies":[{"embeddable":true,"href":"https:\/\/www.usborkeychain.com\/fr\/wp-json\/wp\/v2\/comments?post=4341"}],"wp:featuredmedia":[{"embeddable":true,"href":"https:\/\/www.usborkeychain.com\/fr\/wp-json\/wp\/v2\/media\/4346"}],"wp:attachment":[{"href":"https:\/\/www.usborkeychain.com\/fr\/wp-json\/wp\/v2\/media?parent=4341"}],"wp:term":[{"taxonomy":"product_brand","embeddable":true,"href":"https:\/\/www.usborkeychain.com\/fr\/wp-json\/wp\/v2\/product_brand?post=4341"},{"taxonomy":"product_cat","embeddable":true,"href":"https:\/\/www.usborkeychain.com\/fr\/wp-json\/wp\/v2\/product_cat?post=4341"},{"taxonomy":"product_tag","embeddable":true,"href":"https:\/\/www.usborkeychain.com\/fr\/wp-json\/wp\/v2\/product_tag?post=4341"}],"curies":[{"name":"wp","href":"https:\/\/api.w.org\/{rel}","templated":true}]}}