{"id":4347,"date":"2025-07-22T09:43:27","date_gmt":"2025-07-22T09:43:27","guid":{"rendered":"https:\/\/www.usborkeychain.com\/?post_type=product&#038;p=4347"},"modified":"2025-07-23T03:06:42","modified_gmt":"2025-07-23T03:06:42","slug":"classic-metal-key-usb-flash-drive","status":"publish","type":"product","link":"https:\/\/www.usborkeychain.com\/fr\/produit\/classic-metal-key-usb-flash-drive\/","title":{"rendered":"Cl\u00e9 USB classique en m\u00e9tal"},"content":{"rendered":"<div class=\"wp-block-columns are-vertically-aligned-center is-layout-flex wp-container-core-columns-is-layout-28f84493 wp-block-columns-is-layout-flex\">\n<div class=\"wp-block-column is-vertically-aligned-center is-layout-flow wp-block-column-is-layout-flow\">\n<p>La cl\u00e9 USB classique en m\u00e9tal est fabriqu\u00e9e en alliage de zinc de haute qualit\u00e9. Ce mat\u00e9riau est robuste et r\u00e9sistant \u00e0 l'usure. Par rapport \u00e0 la plupart des cl\u00e9s USB en plastique, il r\u00e9siste mieux aux chutes et aux rayures quotidiennes, ce qui prolonge sa dur\u00e9e de vie et prot\u00e8ge votre investissement dans le stockage de donn\u00e9es.<\/p>\n\n\n\n<p>Bien qu'il soit fabriqu\u00e9 en m\u00e9tal, il pr\u00e9sente un design ultra-mince. Gr\u00e2ce \u00e0 sa forme de cl\u00e9, il est extr\u00eamement facile \u00e0 transporter. Vous pouvez facilement l'attacher \u00e0 un porte-cl\u00e9s pour un acc\u00e8s rapide, et il ne vous encombrera pas m\u00eame lorsque vous le mettrez dans votre poche.<\/p>\n\n\n\n<p>Les composants internes sont parfaitement adapt\u00e9s \u00e0 la coque m\u00e9tallique et prennent en charge les protocoles de transmission \u00e0 grande vitesse (selon le mod\u00e8le, g\u00e9n\u00e9ralement USB 2.0 ou USB 3.0). Les fichiers volumineux tels que les vid\u00e9os HD, les documents volumineux et les photos haute r\u00e9solution peuvent \u00eatre transf\u00e9r\u00e9s en quelques secondes seulement, ce qui am\u00e9liore l'efficacit\u00e9 du travail et des loisirs.<\/p>\n<\/div>\n\n\n\n<div class=\"wp-block-column is-vertically-aligned-center is-layout-flow wp-block-column-is-layout-flow\">\n<figure class=\"wp-block-image size-full\"><img alt=\"\" fetchpriority=\"high\" decoding=\"async\" width=\"800\" height=\"800\" src=\"https:\/\/www.usborkeychain.com\/wp-content\/uploads\/Key-Shaped-Metal-USB-flash-drive.png\" class=\"wp-image-4353\" srcset=\"https:\/\/www.usborkeychain.com\/wp-content\/uploads\/Key-Shaped-Metal-USB-flash-drive.png 800w, https:\/\/www.usborkeychain.com\/wp-content\/uploads\/Key-Shaped-Metal-USB-flash-drive-300x300.png 300w, https:\/\/www.usborkeychain.com\/wp-content\/uploads\/Key-Shaped-Metal-USB-flash-drive-150x150.png 150w, https:\/\/www.usborkeychain.com\/wp-content\/uploads\/Key-Shaped-Metal-USB-flash-drive-768x768.png 768w, https:\/\/www.usborkeychain.com\/wp-content\/uploads\/Key-Shaped-Metal-USB-flash-drive-12x12.png 12w, https:\/\/www.usborkeychain.com\/wp-content\/uploads\/Key-Shaped-Metal-USB-flash-drive-600x600.png 600w, https:\/\/www.usborkeychain.com\/wp-content\/uploads\/Key-Shaped-Metal-USB-flash-drive-100x100.png 100w\" sizes=\"(max-width: 800px) 100vw, 800px\" \/><\/figure>\n<\/div>\n<\/div>\n\n\n\n<h2 class=\"wp-block-heading\">Param\u00e8tres de la cl\u00e9 USB<\/h2>\n\n\n\n<figure class=\"wp-block-table\"><table class=\"has-fixed-layout\"><thead><tr><th>Cat\u00e9gorie de param\u00e8tres<\/th><th>D\u00e9tails<\/th><\/tr><\/thead><tbody><tr><td>Type d'interface<\/td><td>USB 2.0 \/ USB 3.0<\/td><\/tr><tr><td>Options de capacit\u00e9<\/td><td>8GB, 16GB, 32GB, 64GB, 128GB<\/td><\/tr><tr><td>Dimensions (Longueur \u00d7 Largeur \u00d7 \u00c9paisseur)<\/td><td>Environ 55mm\u00d720mm\u00d73mm<\/td><\/tr><tr><td>Poids<\/td><td>Environ 15 \u00e0 20 g<\/td><\/tr><\/tbody><\/table><\/figure>\n\n\n\n<div class=\"wp-block-columns is-layout-flex wp-container-core-columns-is-layout-28f84493 wp-block-columns-is-layout-flex\">\n<div class=\"wp-block-column is-layout-flow wp-block-column-is-layout-flow\">\n<figure class=\"wp-block-image size-full\"><img alt=\"\" decoding=\"async\" width=\"800\" height=\"800\" src=\"https:\/\/www.usborkeychain.com\/wp-content\/uploads\/Zinc-Alloy-Key-USB-flash-drive.png\" class=\"wp-image-4356\" srcset=\"https:\/\/www.usborkeychain.com\/wp-content\/uploads\/Zinc-Alloy-Key-USB-flash-drive.png 800w, https:\/\/www.usborkeychain.com\/wp-content\/uploads\/Zinc-Alloy-Key-USB-flash-drive-300x300.png 300w, https:\/\/www.usborkeychain.com\/wp-content\/uploads\/Zinc-Alloy-Key-USB-flash-drive-150x150.png 150w, https:\/\/www.usborkeychain.com\/wp-content\/uploads\/Zinc-Alloy-Key-USB-flash-drive-768x768.png 768w, https:\/\/www.usborkeychain.com\/wp-content\/uploads\/Zinc-Alloy-Key-USB-flash-drive-12x12.png 12w, https:\/\/www.usborkeychain.com\/wp-content\/uploads\/Zinc-Alloy-Key-USB-flash-drive-600x600.png 600w, https:\/\/www.usborkeychain.com\/wp-content\/uploads\/Zinc-Alloy-Key-USB-flash-drive-100x100.png 100w\" sizes=\"(max-width: 800px) 100vw, 800px\" \/><\/figure>\n<\/div>\n\n\n\n<div class=\"wp-block-column is-layout-flow wp-block-column-is-layout-flow\">\n<figure class=\"wp-block-image size-full\"><img alt=\"\" decoding=\"async\" width=\"800\" height=\"800\" src=\"https:\/\/www.usborkeychain.com\/wp-content\/uploads\/Durable-Metal-Key-USB-flash-drive.png\" class=\"wp-image-4352\" srcset=\"https:\/\/www.usborkeychain.com\/wp-content\/uploads\/Durable-Metal-Key-USB-flash-drive.png 800w, https:\/\/www.usborkeychain.com\/wp-content\/uploads\/Durable-Metal-Key-USB-flash-drive-300x300.png 300w, https:\/\/www.usborkeychain.com\/wp-content\/uploads\/Durable-Metal-Key-USB-flash-drive-150x150.png 150w, https:\/\/www.usborkeychain.com\/wp-content\/uploads\/Durable-Metal-Key-USB-flash-drive-768x768.png 768w, https:\/\/www.usborkeychain.com\/wp-content\/uploads\/Durable-Metal-Key-USB-flash-drive-12x12.png 12w, https:\/\/www.usborkeychain.com\/wp-content\/uploads\/Durable-Metal-Key-USB-flash-drive-600x600.png 600w, https:\/\/www.usborkeychain.com\/wp-content\/uploads\/Durable-Metal-Key-USB-flash-drive-100x100.png 100w\" sizes=\"(max-width: 800px) 100vw, 800px\" \/><\/figure>\n<\/div>\n\n\n\n<div class=\"wp-block-column is-layout-flow wp-block-column-is-layout-flow\">\n<figure class=\"wp-block-image size-full\"><img alt=\"\" loading=\"lazy\" decoding=\"async\" width=\"800\" height=\"800\" src=\"https:\/\/www.usborkeychain.com\/wp-content\/uploads\/Stylish-Key-USB-flash-drive.png\" class=\"wp-image-4355\" srcset=\"https:\/\/www.usborkeychain.com\/wp-content\/uploads\/Stylish-Key-USB-flash-drive.png 800w, https:\/\/www.usborkeychain.com\/wp-content\/uploads\/Stylish-Key-USB-flash-drive-300x300.png 300w, https:\/\/www.usborkeychain.com\/wp-content\/uploads\/Stylish-Key-USB-flash-drive-150x150.png 150w, https:\/\/www.usborkeychain.com\/wp-content\/uploads\/Stylish-Key-USB-flash-drive-768x768.png 768w, https:\/\/www.usborkeychain.com\/wp-content\/uploads\/Stylish-Key-USB-flash-drive-12x12.png 12w, https:\/\/www.usborkeychain.com\/wp-content\/uploads\/Stylish-Key-USB-flash-drive-600x600.png 600w, https:\/\/www.usborkeychain.com\/wp-content\/uploads\/Stylish-Key-USB-flash-drive-100x100.png 100w\" sizes=\"(max-width: 800px) 100vw, 800px\" \/><\/figure>\n<\/div>\n<\/div>\n\n\n\n<h2 class=\"wp-block-heading\">Le LOGO peut-il \u00eatre personnalis\u00e9 ?<\/h2>\n\n\n\n<div class=\"wp-block-columns is-layout-flex wp-container-core-columns-is-layout-28f84493 wp-block-columns-is-layout-flex\">\n<div class=\"wp-block-column is-vertically-aligned-center is-layout-flow wp-block-column-is-layout-flow\">\n<div class=\"wp-block-columns is-layout-flex wp-container-core-columns-is-layout-28f84493 wp-block-columns-is-layout-flex\">\n<div class=\"wp-block-column is-layout-flow wp-block-column-is-layout-flow\">\n<figure class=\"wp-block-image size-full\"><img alt=\"\" loading=\"lazy\" decoding=\"async\" width=\"800\" height=\"800\" src=\"https:\/\/www.usborkeychain.com\/wp-content\/uploads\/MetalKey-USB-flash-Drive.png\" class=\"wp-image-4354\" srcset=\"https:\/\/www.usborkeychain.com\/wp-content\/uploads\/MetalKey-USB-flash-Drive.png 800w, https:\/\/www.usborkeychain.com\/wp-content\/uploads\/MetalKey-USB-flash-Drive-300x300.png 300w, https:\/\/www.usborkeychain.com\/wp-content\/uploads\/MetalKey-USB-flash-Drive-150x150.png 150w, https:\/\/www.usborkeychain.com\/wp-content\/uploads\/MetalKey-USB-flash-Drive-768x768.png 768w, https:\/\/www.usborkeychain.com\/wp-content\/uploads\/MetalKey-USB-flash-Drive-12x12.png 12w, https:\/\/www.usborkeychain.com\/wp-content\/uploads\/MetalKey-USB-flash-Drive-600x600.png 600w, https:\/\/www.usborkeychain.com\/wp-content\/uploads\/MetalKey-USB-flash-Drive-100x100.png 100w\" sizes=\"(max-width: 800px) 100vw, 800px\" \/><\/figure>\n<\/div>\n<\/div>\n<\/div>\n\n\n\n<div class=\"wp-block-column is-vertically-aligned-center is-layout-flow wp-block-column-is-layout-flow\">\n<p>Un service de gravure au laser pour la personnalisation du LOGO est disponible. Vous pouvez ajouter les \u00e9l\u00e9ments suivants au dos ou sur le c\u00f4t\u00e9 de la cl\u00e9 USB :<\/p>\n\n\n\n<ul class=\"wp-block-list\">\n<li>Logos d'entreprise \/ noms de marque<\/li>\n\n\n\n<li>Num\u00e9ros d'employ\u00e9s \/ textes comm\u00e9moratifs<\/li>\n\n\n\n<li>Mod\u00e8les exclusifs<\/li>\n<\/ul>\n\n\n\n<p>Le cycle de personnalisation est de 3 \u00e0 5 jours ouvrables, avec une quantit\u00e9 minimale de commande de 50 pi\u00e8ces. C'est un choix id\u00e9al pour les cadeaux d'affaires et les souvenirs d'\u00e9v\u00e9nements.<\/p>\n<\/div>\n<\/div>\n\n\n\n<h2 class=\"wp-block-heading\">Sc\u00e9narios applicables ?<\/h2>\n\n\n\n<div class=\"wp-block-columns is-layout-flex wp-container-core-columns-is-layout-28f84493 wp-block-columns-is-layout-flex\">\n<div class=\"wp-block-column is-vertically-aligned-center is-layout-flow wp-block-column-is-layout-flow\">\n<ul class=\"wp-block-list\">\n<li>R\u00e9unions d'affaires : Il est pratique et d\u00e9cent pour transf\u00e9rer des documents importants tels que des dossiers de pr\u00e9sentation et des contrats, et peut \u00e9galement \u00eatre utilis\u00e9 comme cadeau d'entreprise.<\/li>\n\n\n\n<li>Sc\u00e9narios \u00e9ducatifs : Les \u00e9tudiants et les enseignants peuvent stocker du mat\u00e9riel d'\u00e9tude, des devoirs et des notes de cours pour y acc\u00e9der facilement \u00e0 tout moment, ce qui est tr\u00e8s utile.<\/li>\n\n\n\n<li>Utilisation quotidienne : Stockez vos photos, musiques et vid\u00e9os personnelles et emportez-les avec vous sur un porte-cl\u00e9s pour les utiliser imm\u00e9diatement.<\/li>\n\n\n\n<li>Voyage : Stockez des documents de voyage \u00e9lectroniques, des photos de voyage et du contenu de divertissement, ce qui facilite l'utilisation sur plusieurs appareils.<\/li>\n<\/ul>\n<\/div>\n\n\n\n<div class=\"wp-block-column is-vertically-aligned-center is-layout-flow wp-block-column-is-layout-flow\">\n<figure class=\"wp-block-image size-full\"><img alt=\"\" loading=\"lazy\" decoding=\"async\" width=\"800\" height=\"800\" src=\"https:\/\/www.usborkeychain.com\/wp-content\/uploads\/Corrosion-Resistant-Key-USB-flash-drive.png\" class=\"wp-image-4351\" srcset=\"https:\/\/www.usborkeychain.com\/wp-content\/uploads\/Corrosion-Resistant-Key-USB-flash-drive.png 800w, https:\/\/www.usborkeychain.com\/wp-content\/uploads\/Corrosion-Resistant-Key-USB-flash-drive-300x300.png 300w, https:\/\/www.usborkeychain.com\/wp-content\/uploads\/Corrosion-Resistant-Key-USB-flash-drive-150x150.png 150w, https:\/\/www.usborkeychain.com\/wp-content\/uploads\/Corrosion-Resistant-Key-USB-flash-drive-768x768.png 768w, https:\/\/www.usborkeychain.com\/wp-content\/uploads\/Corrosion-Resistant-Key-USB-flash-drive-12x12.png 12w, https:\/\/www.usborkeychain.com\/wp-content\/uploads\/Corrosion-Resistant-Key-USB-flash-drive-600x600.png 600w, https:\/\/www.usborkeychain.com\/wp-content\/uploads\/Corrosion-Resistant-Key-USB-flash-drive-100x100.png 100w\" sizes=\"(max-width: 800px) 100vw, 800px\" \/><\/figure>\n<\/div>\n<\/div>\n\n\n\n<div class=\"wp-block-columns is-layout-flex wp-container-core-columns-is-layout-28f84493 wp-block-columns-is-layout-flex\">\n<div class=\"wp-block-column is-vertically-aligned-center is-layout-flow wp-block-column-is-layout-flow\">\n<figure class=\"wp-block-image size-full\"><img alt=\"\" loading=\"lazy\" decoding=\"async\" width=\"800\" height=\"800\" src=\"https:\/\/www.usborkeychain.com\/wp-content\/uploads\/Compact-Key-USB-flash-drive.png\" class=\"wp-image-4350\" srcset=\"https:\/\/www.usborkeychain.com\/wp-content\/uploads\/Compact-Key-USB-flash-drive.png 800w, https:\/\/www.usborkeychain.com\/wp-content\/uploads\/Compact-Key-USB-flash-drive-300x300.png 300w, https:\/\/www.usborkeychain.com\/wp-content\/uploads\/Compact-Key-USB-flash-drive-150x150.png 150w, https:\/\/www.usborkeychain.com\/wp-content\/uploads\/Compact-Key-USB-flash-drive-768x768.png 768w, https:\/\/www.usborkeychain.com\/wp-content\/uploads\/Compact-Key-USB-flash-drive-12x12.png 12w, https:\/\/www.usborkeychain.com\/wp-content\/uploads\/Compact-Key-USB-flash-drive-600x600.png 600w, https:\/\/www.usborkeychain.com\/wp-content\/uploads\/Compact-Key-USB-flash-drive-100x100.png 100w\" sizes=\"(max-width: 800px) 100vw, 800px\" \/><\/figure>\n<\/div>\n\n\n\n<div class=\"wp-block-column is-vertically-aligned-center is-layout-flow wp-block-column-is-layout-flow\">\n<p>Le <strong>cl\u00e9 USB classique en m\u00e9tal<\/strong> est un outil de stockage de donn\u00e9es pratique et \u00e9l\u00e9gant. Avec son alliage de zinc durable, son design ultrafin et portable, sa transmission \u00e0 grande vitesse et son LOGO personnalisable, il convient \u00e0 la fois aux sc\u00e9narios personnels et professionnels. Qu'il s'agisse de stocker des donn\u00e9es professionnelles, des documents d'\u00e9tude ou des fichiers de divertissement personnels, il allie fonctionnalit\u00e9 et esth\u00e9tique gr\u00e2ce \u00e0 sa forme de cl\u00e9, ce qui en fait un partenaire fiable.<\/p>\n<\/div>\n<\/div>","protected":false},"excerpt":{"rendered":"<ul>\n<li>Cl\u00e9 classique<\/li>\n<li>Mat\u00e9riaux m\u00e9talliques<\/li>\n<li>Alliage de zinc<\/li>\n<li>Conception ultra-mince<\/li>\n<li>MOQ\uff1a100PCS<\/li>\n<\/ul>","protected":false},"featured_media":4353,"comment_status":"open","ping_status":"closed","template":"","meta":{"_seopress_robots_primary_cat":"","_seopress_titles_title":"","_seopress_titles_desc":"","_seopress_robots_index":"","site-sidebar-layout":"default","site-content-layout":"","ast-site-content-layout":"","site-content-style":"default","site-sidebar-style":"default","ast-global-header-display":"","ast-banner-title-visibility":"","ast-main-header-display":"","ast-hfb-above-header-display":"","ast-hfb-below-header-display":"","ast-hfb-mobile-header-display":"","site-post-title":"","ast-breadcrumbs-content":"","ast-featured-img":"","footer-sml-layout":"","theme-transparent-header-meta":"","adv-header-id-meta":"","stick-header-meta":"","header-above-stick-meta":"","header-main-stick-meta":"","header-below-stick-meta":"","astra-migrate-meta-layouts":"default","ast-page-background-enabled":"default","ast-page-background-meta":{"desktop":{"background-color":"var(--ast-global-color-5)","background-image":"","background-repeat":"repeat","background-position":"center center","background-size":"auto","background-attachment":"scroll","background-type":"","background-media":"","overlay-type":"","overlay-color":"","overlay-opacity":"","overlay-gradient":""},"tablet":{"background-color":"","background-image":"","background-repeat":"repeat","background-position":"center center","background-size":"auto","background-attachment":"scroll","background-type":"","background-media":"","overlay-type":"","overlay-color":"","overlay-opacity":"","overlay-gradient":""},"mobile":{"background-color":"","background-image":"","background-repeat":"repeat","background-position":"center center","background-size":"auto","background-attachment":"scroll","background-type":"","background-media":"","overlay-type":"","overlay-color":"","overlay-opacity":"","overlay-gradient":""}},"ast-content-background-meta":{"desktop":{"background-color":"var(--ast-global-color-4)","background-image":"","background-repeat":"repeat","background-position":"center center","background-size":"auto","background-attachment":"scroll","background-type":"","background-media":"","overlay-type":"","overlay-color":"","overlay-opacity":"","overlay-gradient":""},"tablet":{"background-color":"var(--ast-global-color-4)","background-image":"","background-repeat":"repeat","background-position":"center center","background-size":"auto","background-attachment":"scroll","background-type":"","background-media":"","overlay-type":"","overlay-color":"","overlay-opacity":"","overlay-gradient":""},"mobile":{"background-color":"var(--ast-global-color-4)","background-image":"","background-repeat":"repeat","background-position":"center center","background-size":"auto","background-attachment":"scroll","background-type":"","background-media":"","overlay-type":"","overlay-color":"","overlay-opacity":"","overlay-gradient":""}}},"product_brand":[],"product_cat":[108],"product_tag":[263,259],"class_list":{"0":"post-4347","1":"product","2":"type-product","3":"status-publish","4":"has-post-thumbnail","6":"product_cat-key-shaped-usb-pendrive","7":"product_tag-classic-metal-key-usb-flash-drive","8":"product_tag-metal-key-usb-flash-drive","9":"desktop-align-left","10":"tablet-align-left","11":"mobile-align-left","13":"first","14":"instock","15":"shipping-taxable","16":"product-type-simple"},"_links":{"self":[{"href":"https:\/\/www.usborkeychain.com\/fr\/wp-json\/wp\/v2\/product\/4347","targetHints":{"allow":["GET"]}}],"collection":[{"href":"https:\/\/www.usborkeychain.com\/fr\/wp-json\/wp\/v2\/product"}],"about":[{"href":"https:\/\/www.usborkeychain.com\/fr\/wp-json\/wp\/v2\/types\/product"}],"replies":[{"embeddable":true,"href":"https:\/\/www.usborkeychain.com\/fr\/wp-json\/wp\/v2\/comments?post=4347"}],"wp:featuredmedia":[{"embeddable":true,"href":"https:\/\/www.usborkeychain.com\/fr\/wp-json\/wp\/v2\/media\/4353"}],"wp:attachment":[{"href":"https:\/\/www.usborkeychain.com\/fr\/wp-json\/wp\/v2\/media?parent=4347"}],"wp:term":[{"taxonomy":"product_brand","embeddable":true,"href":"https:\/\/www.usborkeychain.com\/fr\/wp-json\/wp\/v2\/product_brand?post=4347"},{"taxonomy":"product_cat","embeddable":true,"href":"https:\/\/www.usborkeychain.com\/fr\/wp-json\/wp\/v2\/product_cat?post=4347"},{"taxonomy":"product_tag","embeddable":true,"href":"https:\/\/www.usborkeychain.com\/fr\/wp-json\/wp\/v2\/product_tag?post=4347"}],"curies":[{"name":"wp","href":"https:\/\/api.w.org\/{rel}","templated":true}]}}