{"id":4357,"date":"2025-07-23T03:04:28","date_gmt":"2025-07-23T03:04:28","guid":{"rendered":"https:\/\/www.usborkeychain.com\/?post_type=product&#038;p=4357"},"modified":"2025-07-23T23:50:53","modified_gmt":"2025-07-23T23:50:53","slug":"cartoon-backpack-shaped-usb-drive","status":"publish","type":"product","link":"https:\/\/www.usborkeychain.com\/fr\/produit\/cartoon-backpack-shaped-usb-drive\/","title":{"rendered":"Cl\u00e9 USB en forme de sac \u00e0 dos"},"content":{"rendered":"<div class=\"wp-block-columns is-layout-flex wp-container-core-columns-is-layout-28f84493 wp-block-columns-is-layout-flex\">\n<div class=\"wp-block-column is-layout-flow wp-block-column-is-layout-flow\">\n<figure class=\"wp-block-image size-full\"><img alt=\"\" fetchpriority=\"high\" decoding=\"async\" width=\"800\" height=\"800\" src=\"https:\/\/www.usborkeychain.com\/wp-content\/uploads\/Shoulder-Backpack-USB-Stick.jpg\" class=\"wp-image-4366\" srcset=\"https:\/\/www.usborkeychain.com\/wp-content\/uploads\/Shoulder-Backpack-USB-Stick.jpg 800w, https:\/\/www.usborkeychain.com\/wp-content\/uploads\/Shoulder-Backpack-USB-Stick-300x300.jpg 300w, https:\/\/www.usborkeychain.com\/wp-content\/uploads\/Shoulder-Backpack-USB-Stick-150x150.jpg 150w, https:\/\/www.usborkeychain.com\/wp-content\/uploads\/Shoulder-Backpack-USB-Stick-768x768.jpg 768w, https:\/\/www.usborkeychain.com\/wp-content\/uploads\/Shoulder-Backpack-USB-Stick-12x12.jpg 12w, https:\/\/www.usborkeychain.com\/wp-content\/uploads\/Shoulder-Backpack-USB-Stick-600x600.jpg 600w, https:\/\/www.usborkeychain.com\/wp-content\/uploads\/Shoulder-Backpack-USB-Stick-100x100.jpg 100w\" sizes=\"(max-width: 800px) 100vw, 800px\" \/><\/figure>\n<\/div>\n\n\n\n<div class=\"wp-block-column is-vertically-aligned-center is-layout-flow wp-block-column-is-layout-flow\">\n<p>La cl\u00e9 USB en forme de sac \u00e0 dos de bande dessin\u00e9e pr\u00e9sente un design unique : elle est personnalis\u00e9e en fonction de la forme de vrais sacs \u00e0 dos et reproduite dans des proportions \u00e9gales.<\/p>\n\n\n\n<p> Du contour tridimensionnel du sac \u00e0 dos aux d\u00e9tails des poches et des poign\u00e9es, il respecte strictement les proportions et les formes des vrais sacs \u00e0 dos, offrant ainsi un support personnalis\u00e9 tr\u00e8s pertinent pour des secteurs tels que l'\u00e9ducation et les industries culturelles et cr\u00e9atives.<\/p>\n<\/div>\n<\/div>\n\n\n\n<p><\/p>\n\n\n\n<h2 class=\"wp-block-heading\">Mod\u00e9lisation tridimensionnelle 3D \u00d7 Mat\u00e9riau PVC<\/h2>\n\n\n\n<p>Les fabricants utilisent la technologie de moulage par injection tridimensionnelle et un mat\u00e9riau PVC souple et durable pour cr\u00e9er cette cl\u00e9 USB \u00e0 dos. Le produit est disponible en quatre syst\u00e8mes de couleurs \u00e0 haute saturation : rose, jaune vif, bleu ciel et vert \u00e9meraude, qui attirent l'attention au premier coup d'\u0153il. Au toucher, la texture mate et givr\u00e9e du PVC simule le tissu d'un v\u00e9ritable sac \u00e0 dos. <\/p>\n\n\n\n<p>La technologie 3D pr\u00e9sente les d\u00e9tails tels que la structure en couches (poche principale, poche lat\u00e9rale) et la courbure des poign\u00e9es du sac \u00e0 dos de mani\u00e8re tridimensionnelle - ce qui permet non seulement de conserver l'aspect mignon des dessins anim\u00e9s, mais aussi d'assurer la portabilit\u00e9 avec une \u00e9paisseur ultra-mince de 5 mm (environ 35 mm x 25 mm x 12 mm). Chaque sac \u00e0 dos p\u00e8se environ 25 g et peut \u00eatre utilis\u00e9 directement comme porte-cl\u00e9s.<\/p>\n\n\n\n<div class=\"wp-block-columns is-layout-flex wp-container-core-columns-is-layout-9c22b1e3 wp-block-columns-is-layout-flex\">\n<div class=\"wp-block-column is-layout-flow wp-block-column-is-layout-flow\">\n<figure class=\"wp-block-image size-full\"><img alt=\"\" decoding=\"async\" width=\"800\" height=\"800\" src=\"https:\/\/www.usborkeychain.com\/wp-content\/uploads\/pink-Backpack-Double-Backpack-USB-Drive.jpg\" class=\"wp-image-4364\" srcset=\"https:\/\/www.usborkeychain.com\/wp-content\/uploads\/pink-Backpack-Double-Backpack-USB-Drive.jpg 800w, https:\/\/www.usborkeychain.com\/wp-content\/uploads\/pink-Backpack-Double-Backpack-USB-Drive-300x300.jpg 300w, https:\/\/www.usborkeychain.com\/wp-content\/uploads\/pink-Backpack-Double-Backpack-USB-Drive-150x150.jpg 150w, https:\/\/www.usborkeychain.com\/wp-content\/uploads\/pink-Backpack-Double-Backpack-USB-Drive-768x768.jpg 768w, https:\/\/www.usborkeychain.com\/wp-content\/uploads\/pink-Backpack-Double-Backpack-USB-Drive-12x12.jpg 12w, https:\/\/www.usborkeychain.com\/wp-content\/uploads\/pink-Backpack-Double-Backpack-USB-Drive-600x600.jpg 600w, https:\/\/www.usborkeychain.com\/wp-content\/uploads\/pink-Backpack-Double-Backpack-USB-Drive-100x100.jpg 100w\" sizes=\"(max-width: 800px) 100vw, 800px\" \/><\/figure>\n<\/div>\n\n\n\n<div class=\"wp-block-column is-layout-flow wp-block-column-is-layout-flow\">\n<figure class=\"wp-block-image size-full\"><img alt=\"\" decoding=\"async\" width=\"800\" height=\"800\" src=\"https:\/\/www.usborkeychain.com\/wp-content\/uploads\/blue-Backpack-shaped-USB-Drive.jpg\" class=\"wp-image-4362\" srcset=\"https:\/\/www.usborkeychain.com\/wp-content\/uploads\/blue-Backpack-shaped-USB-Drive.jpg 800w, https:\/\/www.usborkeychain.com\/wp-content\/uploads\/blue-Backpack-shaped-USB-Drive-300x300.jpg 300w, https:\/\/www.usborkeychain.com\/wp-content\/uploads\/blue-Backpack-shaped-USB-Drive-150x150.jpg 150w, https:\/\/www.usborkeychain.com\/wp-content\/uploads\/blue-Backpack-shaped-USB-Drive-768x768.jpg 768w, https:\/\/www.usborkeychain.com\/wp-content\/uploads\/blue-Backpack-shaped-USB-Drive-12x12.jpg 12w, https:\/\/www.usborkeychain.com\/wp-content\/uploads\/blue-Backpack-shaped-USB-Drive-600x600.jpg 600w, https:\/\/www.usborkeychain.com\/wp-content\/uploads\/blue-Backpack-shaped-USB-Drive-100x100.jpg 100w\" sizes=\"(max-width: 800px) 100vw, 800px\" \/><\/figure>\n<\/div>\n\n\n\n<div class=\"wp-block-column is-layout-flow wp-block-column-is-layout-flow\">\n<figure class=\"wp-block-image size-full\"><img alt=\"\" loading=\"lazy\" decoding=\"async\" width=\"800\" height=\"800\" src=\"https:\/\/www.usborkeychain.com\/wp-content\/uploads\/Backpack-USB-Drive-with-Double-Backpack.jpg\" class=\"wp-image-4360\" srcset=\"https:\/\/www.usborkeychain.com\/wp-content\/uploads\/Backpack-USB-Drive-with-Double-Backpack.jpg 800w, https:\/\/www.usborkeychain.com\/wp-content\/uploads\/Backpack-USB-Drive-with-Double-Backpack-300x300.jpg 300w, https:\/\/www.usborkeychain.com\/wp-content\/uploads\/Backpack-USB-Drive-with-Double-Backpack-150x150.jpg 150w, https:\/\/www.usborkeychain.com\/wp-content\/uploads\/Backpack-USB-Drive-with-Double-Backpack-768x768.jpg 768w, https:\/\/www.usborkeychain.com\/wp-content\/uploads\/Backpack-USB-Drive-with-Double-Backpack-12x12.jpg 12w, https:\/\/www.usborkeychain.com\/wp-content\/uploads\/Backpack-USB-Drive-with-Double-Backpack-600x600.jpg 600w, https:\/\/www.usborkeychain.com\/wp-content\/uploads\/Backpack-USB-Drive-with-Double-Backpack-100x100.jpg 100w\" sizes=\"(max-width: 800px) 100vw, 800px\" \/><\/figure>\n<\/div>\n\n\n\n<div class=\"wp-block-column is-layout-flow wp-block-column-is-layout-flow\">\n<figure class=\"wp-block-image size-full\"><img alt=\"\" loading=\"lazy\" decoding=\"async\" width=\"800\" height=\"800\" src=\"https:\/\/www.usborkeychain.com\/wp-content\/uploads\/yellow-Backpack-shaped-USB-Drive.jpg\" class=\"wp-image-4367\" srcset=\"https:\/\/www.usborkeychain.com\/wp-content\/uploads\/yellow-Backpack-shaped-USB-Drive.jpg 800w, https:\/\/www.usborkeychain.com\/wp-content\/uploads\/yellow-Backpack-shaped-USB-Drive-300x300.jpg 300w, https:\/\/www.usborkeychain.com\/wp-content\/uploads\/yellow-Backpack-shaped-USB-Drive-150x150.jpg 150w, https:\/\/www.usborkeychain.com\/wp-content\/uploads\/yellow-Backpack-shaped-USB-Drive-768x768.jpg 768w, https:\/\/www.usborkeychain.com\/wp-content\/uploads\/yellow-Backpack-shaped-USB-Drive-12x12.jpg 12w, https:\/\/www.usborkeychain.com\/wp-content\/uploads\/yellow-Backpack-shaped-USB-Drive-600x600.jpg 600w, https:\/\/www.usborkeychain.com\/wp-content\/uploads\/yellow-Backpack-shaped-USB-Drive-100x100.jpg 100w\" sizes=\"(max-width: 800px) 100vw, 800px\" \/><\/figure>\n<\/div>\n<\/div>\n\n\n\n<h3 class=\"wp-block-heading\">Tableau des param\u00e8tres du noyau<\/h3>\n\n\n\n<figure class=\"wp-block-table\"><table class=\"has-fixed-layout\"><thead><tr><th>Param\u00e8tre Poste<\/th><th>D\u00e9tails<\/th><\/tr><\/thead><tbody><tr><td>Type d'interface<\/td><td>USB 2.0 (compatible avec les dispositifs USB 1.1)<\/td><\/tr><tr><td>Capacit\u00e9 optionnelle<\/td><td>8GB, 16GB, 32GB, 64GB, 128GB<\/td><\/tr><tr><td>Dimensions<\/td><td>35 mm (longueur) \u00d7 25 mm (largeur) \u00d7 12 mm (\u00e9paisseur)<\/td><\/tr><tr><td>Poids<\/td><td>Environ 15g (l\u00e9ger et portable, adapt\u00e9 aux accessoires)<\/td><\/tr><tr><td>Compatibilit\u00e9 de la personnalisation<\/td><td>Personnalisation int\u00e9gr\u00e9e de la couleur, du logo et de l'emballage<\/td><\/tr><\/tbody><\/table><\/figure>\n\n\n\n<h2 class=\"wp-block-heading\">Un best-seller pour les vendeurs de sites ind\u00e9pendants ?<\/h2>\n\n\n\n<ol class=\"wp-block-list\">\n<li><strong>Symbole visuel ayant une forte pertinence pour la sc\u00e8ne<\/strong>: Les sacs \u00e0 dos sont des articles de consommation courante pour les \u00e9tudiants et les voyageurs. Le design cartoonesque \u00e9voque naturellement la r\u00e9sonance \u00e9motionnelle de la \"jeunesse et de la vitalit\u00e9\", et les consommateurs d'outre-mer sont plus enclins \u00e0 payer pour des \"produits num\u00e9riques avec des histoires\".<\/li>\n\n\n\n<li><strong>Flexibilit\u00e9 dans la personnalisation des petits lots<\/strong>: Les fabricants proposent une personnalisation diff\u00e9renci\u00e9e avec une commande minimale de 100 pi\u00e8ces (par exemple, l'impression du logo de la marque et l'ajustement de la palette de couleurs). Les vendeurs de sites ind\u00e9pendants peuvent cr\u00e9er des \"mod\u00e8les exclusifs de propri\u00e9t\u00e9 intellectuelle\" pour \u00e9viter une concurrence homog\u00e8ne et obtenir une prime de marque de domaine priv\u00e9.<\/li>\n<\/ol>\n\n\n\n<div class=\"wp-block-columns is-layout-flex wp-container-core-columns-is-layout-28f84493 wp-block-columns-is-layout-flex\">\n<div class=\"wp-block-column is-layout-flow wp-block-column-is-layout-flow\">\n<figure class=\"wp-block-image size-full\"><img alt=\"\" loading=\"lazy\" decoding=\"async\" width=\"800\" height=\"800\" src=\"https:\/\/www.usborkeychain.com\/wp-content\/uploads\/Shaped-Like-a-Backpack-Double-Backpack-USB-Stick.jpg\" class=\"wp-image-4365\" srcset=\"https:\/\/www.usborkeychain.com\/wp-content\/uploads\/Shaped-Like-a-Backpack-Double-Backpack-USB-Stick.jpg 800w, https:\/\/www.usborkeychain.com\/wp-content\/uploads\/Shaped-Like-a-Backpack-Double-Backpack-USB-Stick-300x300.jpg 300w, https:\/\/www.usborkeychain.com\/wp-content\/uploads\/Shaped-Like-a-Backpack-Double-Backpack-USB-Stick-150x150.jpg 150w, https:\/\/www.usborkeychain.com\/wp-content\/uploads\/Shaped-Like-a-Backpack-Double-Backpack-USB-Stick-768x768.jpg 768w, https:\/\/www.usborkeychain.com\/wp-content\/uploads\/Shaped-Like-a-Backpack-Double-Backpack-USB-Stick-12x12.jpg 12w, https:\/\/www.usborkeychain.com\/wp-content\/uploads\/Shaped-Like-a-Backpack-Double-Backpack-USB-Stick-600x600.jpg 600w, https:\/\/www.usborkeychain.com\/wp-content\/uploads\/Shaped-Like-a-Backpack-Double-Backpack-USB-Stick-100x100.jpg 100w\" sizes=\"(max-width: 800px) 100vw, 800px\" \/><\/figure>\n<\/div>\n\n\n\n<div class=\"wp-block-column is-layout-flow wp-block-column-is-layout-flow\">\n<figure class=\"wp-block-image size-full\"><img alt=\"\" loading=\"lazy\" decoding=\"async\" width=\"800\" height=\"800\" src=\"https:\/\/www.usborkeychain.com\/wp-content\/uploads\/Double-Shoulder-Backpack-USB-Flash-Drive.jpg\" class=\"wp-image-4363\" srcset=\"https:\/\/www.usborkeychain.com\/wp-content\/uploads\/Double-Shoulder-Backpack-USB-Flash-Drive.jpg 800w, https:\/\/www.usborkeychain.com\/wp-content\/uploads\/Double-Shoulder-Backpack-USB-Flash-Drive-300x300.jpg 300w, https:\/\/www.usborkeychain.com\/wp-content\/uploads\/Double-Shoulder-Backpack-USB-Flash-Drive-150x150.jpg 150w, https:\/\/www.usborkeychain.com\/wp-content\/uploads\/Double-Shoulder-Backpack-USB-Flash-Drive-768x768.jpg 768w, https:\/\/www.usborkeychain.com\/wp-content\/uploads\/Double-Shoulder-Backpack-USB-Flash-Drive-12x12.jpg 12w, https:\/\/www.usborkeychain.com\/wp-content\/uploads\/Double-Shoulder-Backpack-USB-Flash-Drive-600x600.jpg 600w, https:\/\/www.usborkeychain.com\/wp-content\/uploads\/Double-Shoulder-Backpack-USB-Flash-Drive-100x100.jpg 100w\" sizes=\"(max-width: 800px) 100vw, 800px\" \/><\/figure>\n<\/div>\n<\/div>","protected":false},"excerpt":{"rendered":"<ul>\n<li>Moule en PVC<\/li>\n<li>Sac \u00e0 dos en forme d'usb<\/li>\n<li>Plusieurs couleurs<\/li>\n<li>Conception en 3D<\/li>\n<li>MOQ:100PCS<\/li>\n<\/ul>","protected":false},"featured_media":4366,"comment_status":"open","ping_status":"closed","template":"","meta":{"_seopress_robots_primary_cat":"","_seopress_titles_title":"","_seopress_titles_desc":"","_seopress_robots_index":"","site-sidebar-layout":"default","site-content-layout":"","ast-site-content-layout":"","site-content-style":"default","site-sidebar-style":"default","ast-global-header-display":"","ast-banner-title-visibility":"","ast-main-header-display":"","ast-hfb-above-header-display":"","ast-hfb-below-header-display":"","ast-hfb-mobile-header-display":"","site-post-title":"","ast-breadcrumbs-content":"","ast-featured-img":"","footer-sml-layout":"","theme-transparent-header-meta":"","adv-header-id-meta":"","stick-header-meta":"","header-above-stick-meta":"","header-main-stick-meta":"","header-below-stick-meta":"","astra-migrate-meta-layouts":"default","ast-page-background-enabled":"default","ast-page-background-meta":{"desktop":{"background-color":"var(--ast-global-color-5)","background-image":"","background-repeat":"repeat","background-position":"center center","background-size":"auto","background-attachment":"scroll","background-type":"","background-media":"","overlay-type":"","overlay-color":"","overlay-opacity":"","overlay-gradient":""},"tablet":{"background-color":"","background-image":"","background-repeat":"repeat","background-position":"center center","background-size":"auto","background-attachment":"scroll","background-type":"","background-media":"","overlay-type":"","overlay-color":"","overlay-opacity":"","overlay-gradient":""},"mobile":{"background-color":"","background-image":"","background-repeat":"repeat","background-position":"center center","background-size":"auto","background-attachment":"scroll","background-type":"","background-media":"","overlay-type":"","overlay-color":"","overlay-opacity":"","overlay-gradient":""}},"ast-content-background-meta":{"desktop":{"background-color":"var(--ast-global-color-4)","background-image":"","background-repeat":"repeat","background-position":"center center","background-size":"auto","background-attachment":"scroll","background-type":"","background-media":"","overlay-type":"","overlay-color":"","overlay-opacity":"","overlay-gradient":""},"tablet":{"background-color":"var(--ast-global-color-4)","background-image":"","background-repeat":"repeat","background-position":"center center","background-size":"auto","background-attachment":"scroll","background-type":"","background-media":"","overlay-type":"","overlay-color":"","overlay-opacity":"","overlay-gradient":""},"mobile":{"background-color":"var(--ast-global-color-4)","background-image":"","background-repeat":"repeat","background-position":"center center","background-size":"auto","background-attachment":"scroll","background-type":"","background-media":"","overlay-type":"","overlay-color":"","overlay-opacity":"","overlay-gradient":""}}},"product_brand":[],"product_cat":[94],"product_tag":[264],"class_list":{"0":"post-4357","1":"product","2":"type-product","3":"status-publish","4":"has-post-thumbnail","6":"product_cat-pvc-usb-pendrive","7":"product_tag-bag-usb-flash-drive","8":"desktop-align-left","9":"tablet-align-left","10":"mobile-align-left","12":"first","13":"instock","14":"shipping-taxable","15":"product-type-simple"},"_links":{"self":[{"href":"https:\/\/www.usborkeychain.com\/fr\/wp-json\/wp\/v2\/product\/4357","targetHints":{"allow":["GET"]}}],"collection":[{"href":"https:\/\/www.usborkeychain.com\/fr\/wp-json\/wp\/v2\/product"}],"about":[{"href":"https:\/\/www.usborkeychain.com\/fr\/wp-json\/wp\/v2\/types\/product"}],"replies":[{"embeddable":true,"href":"https:\/\/www.usborkeychain.com\/fr\/wp-json\/wp\/v2\/comments?post=4357"}],"wp:featuredmedia":[{"embeddable":true,"href":"https:\/\/www.usborkeychain.com\/fr\/wp-json\/wp\/v2\/media\/4366"}],"wp:attachment":[{"href":"https:\/\/www.usborkeychain.com\/fr\/wp-json\/wp\/v2\/media?parent=4357"}],"wp:term":[{"taxonomy":"product_brand","embeddable":true,"href":"https:\/\/www.usborkeychain.com\/fr\/wp-json\/wp\/v2\/product_brand?post=4357"},{"taxonomy":"product_cat","embeddable":true,"href":"https:\/\/www.usborkeychain.com\/fr\/wp-json\/wp\/v2\/product_cat?post=4357"},{"taxonomy":"product_tag","embeddable":true,"href":"https:\/\/www.usborkeychain.com\/fr\/wp-json\/wp\/v2\/product_tag?post=4357"}],"curies":[{"name":"wp","href":"https:\/\/api.w.org\/{rel}","templated":true}]}}