{"id":4425,"date":"2025-07-23T23:13:13","date_gmt":"2025-07-23T23:13:13","guid":{"rendered":"https:\/\/www.usborkeychain.com\/?post_type=product&#038;p=4425"},"modified":"2025-07-23T23:51:02","modified_gmt":"2025-07-23T23:51:02","slug":"ladybug-shaped-usb-flash-drive","status":"publish","type":"product","link":"https:\/\/www.usborkeychain.com\/fr\/produit\/ladybug-shaped-usb-flash-drive\/","title":{"rendered":"Cl\u00e9 USB en forme de coccinelle"},"content":{"rendered":"<p><\/p>\n\n\n\n<div class=\"wp-block-columns is-layout-flex wp-container-core-columns-is-layout-28f84493 wp-block-columns-is-layout-flex\">\n<div class=\"wp-block-column is-layout-flow wp-block-column-is-layout-flow\">\n<figure class=\"wp-block-image size-full\"><img alt=\"\" fetchpriority=\"high\" decoding=\"async\" width=\"800\" height=\"800\" src=\"https:\/\/www.usborkeychain.com\/wp-content\/uploads\/Whimsical-Ladybug-Thumb-Drive.jpg\" class=\"wp-image-4432\" srcset=\"https:\/\/www.usborkeychain.com\/wp-content\/uploads\/Whimsical-Ladybug-Thumb-Drive.jpg 800w, https:\/\/www.usborkeychain.com\/wp-content\/uploads\/Whimsical-Ladybug-Thumb-Drive-300x300.jpg 300w, https:\/\/www.usborkeychain.com\/wp-content\/uploads\/Whimsical-Ladybug-Thumb-Drive-150x150.jpg 150w, https:\/\/www.usborkeychain.com\/wp-content\/uploads\/Whimsical-Ladybug-Thumb-Drive-768x768.jpg 768w, https:\/\/www.usborkeychain.com\/wp-content\/uploads\/Whimsical-Ladybug-Thumb-Drive-12x12.jpg 12w, https:\/\/www.usborkeychain.com\/wp-content\/uploads\/Whimsical-Ladybug-Thumb-Drive-600x600.jpg 600w, https:\/\/www.usborkeychain.com\/wp-content\/uploads\/Whimsical-Ladybug-Thumb-Drive-100x100.jpg 100w\" sizes=\"(max-width: 800px) 100vw, 800px\" \/><\/figure>\n<\/div>\n\n\n\n<div class=\"wp-block-column is-vertically-aligned-center is-layout-flow wp-block-column-is-layout-flow\">\n<p>Les cl\u00e9s USB en forme de scarab\u00e9e et de coccinelle constituent notre nouvelle s\u00e9rie de cl\u00e9s USB cr\u00e9atives tr\u00e8s r\u00e9alistes. Elles rompent avec le design monotone des dispositifs de stockage traditionnels gr\u00e2ce \u00e0 des formes d'insectes tr\u00e8s vivantes.<\/p>\n\n\n\n<p>Cette cl\u00e9 USB en forme de scarab\u00e9e (coccinelle) recr\u00e9e l'aspect mignon de l'insecte gr\u00e2ce \u00e0 une technologie de moulage 3D en PVC tr\u00e8s r\u00e9aliste. <\/p>\n\n\n\n<p>Les couleurs principales sont le rouge et le noir, le contour est arrondi, le fond est plat pour un placement stable et une cha\u00eene se trouve sur le dessus pour faciliter le transport. <\/p>\n\n\n\n<p>Fabriqu\u00e9 en caoutchouc souple PVC respectueux de l'environnement par moulage, il est antichoc, r\u00e9sistant \u00e0 l'usure et doux pour la peau.<\/p>\n<\/div>\n<\/div>\n\n\n\n<ul class=\"wp-block-list\">\n<li><strong>Structure de la forme<\/strong>: Le fond plat assure la stabilit\u00e9 de l'objet lorsqu'il est plac\u00e9. La face avant utilise la technologie de moulage 3D pour cr\u00e9er des contours arrondis de col\u00e9opt\u00e8res et de coccinelles, avec des caract\u00e9ristiques r\u00e9alistes comme des antennes et des taches.<\/li>\n\n\n\n<li><strong>Couleur et mat\u00e9riau<\/strong>: Les couleurs rouge et noire reproduisent fid\u00e8lement les caract\u00e9ristiques visuelles de l'esp\u00e8ce. Il est fabriqu\u00e9 en caoutchouc souple PVC par moulage, ce qui est doux et agr\u00e9able pour la peau. Il poss\u00e8de \u00e9galement des propri\u00e9t\u00e9s pratiques de r\u00e9sistance aux chocs et \u00e0 l'usure, et n'est pas facile \u00e0 d\u00e9former apr\u00e8s une utilisation prolong\u00e9e.<\/li>\n<\/ul>\n\n\n\n<div class=\"wp-block-columns is-layout-flex wp-container-core-columns-is-layout-28f84493 wp-block-columns-is-layout-flex\">\n<div class=\"wp-block-column is-layout-flow wp-block-column-is-layout-flow\">\n<figure class=\"wp-block-image size-full\"><img alt=\"\" decoding=\"async\" width=\"800\" height=\"800\" src=\"https:\/\/www.usborkeychain.com\/wp-content\/uploads\/Ladybug-Beetle-USB-Drive.jpg\" class=\"wp-image-4431\" srcset=\"https:\/\/www.usborkeychain.com\/wp-content\/uploads\/Ladybug-Beetle-USB-Drive.jpg 800w, https:\/\/www.usborkeychain.com\/wp-content\/uploads\/Ladybug-Beetle-USB-Drive-300x300.jpg 300w, https:\/\/www.usborkeychain.com\/wp-content\/uploads\/Ladybug-Beetle-USB-Drive-150x150.jpg 150w, https:\/\/www.usborkeychain.com\/wp-content\/uploads\/Ladybug-Beetle-USB-Drive-768x768.jpg 768w, https:\/\/www.usborkeychain.com\/wp-content\/uploads\/Ladybug-Beetle-USB-Drive-12x12.jpg 12w, https:\/\/www.usborkeychain.com\/wp-content\/uploads\/Ladybug-Beetle-USB-Drive-600x600.jpg 600w, https:\/\/www.usborkeychain.com\/wp-content\/uploads\/Ladybug-Beetle-USB-Drive-100x100.jpg 100w\" sizes=\"(max-width: 800px) 100vw, 800px\" \/><\/figure>\n<\/div>\n\n\n\n<div class=\"wp-block-column is-layout-flow wp-block-column-is-layout-flow\">\n<figure class=\"wp-block-image size-full\"><img alt=\"\" decoding=\"async\" width=\"800\" height=\"800\" src=\"https:\/\/www.usborkeychain.com\/wp-content\/uploads\/Ladybug-Shaped-USB-Flash-Drive.png\" class=\"wp-image-4430\" srcset=\"https:\/\/www.usborkeychain.com\/wp-content\/uploads\/Ladybug-Shaped-USB-Flash-Drive.png 800w, https:\/\/www.usborkeychain.com\/wp-content\/uploads\/Ladybug-Shaped-USB-Flash-Drive-300x300.png 300w, https:\/\/www.usborkeychain.com\/wp-content\/uploads\/Ladybug-Shaped-USB-Flash-Drive-150x150.png 150w, https:\/\/www.usborkeychain.com\/wp-content\/uploads\/Ladybug-Shaped-USB-Flash-Drive-768x768.png 768w, https:\/\/www.usborkeychain.com\/wp-content\/uploads\/Ladybug-Shaped-USB-Flash-Drive-12x12.png 12w, https:\/\/www.usborkeychain.com\/wp-content\/uploads\/Ladybug-Shaped-USB-Flash-Drive-600x600.png 600w, https:\/\/www.usborkeychain.com\/wp-content\/uploads\/Ladybug-Shaped-USB-Flash-Drive-100x100.png 100w\" sizes=\"(max-width: 800px) 100vw, 800px\" \/><\/figure>\n<\/div>\n<\/div>\n\n\n\n<h2 class=\"wp-block-heading\">Tableau des param\u00e8tres de base<\/h2>\n\n\n\n<figure class=\"wp-block-table\"><table class=\"has-fixed-layout\"><thead><tr><th>Param\u00e8tre Poste<\/th><th>D\u00e9tails<\/th><\/tr><\/thead><tbody><tr><td>Options de capacit\u00e9<\/td><td>8GB \/ 16GB \/ 32GB \/ 64GB \/ 128GB (en option)<\/td><\/tr><tr><td>Type d'interface<\/td><td>USB 2.0 \/ USB 3.0 (deux versions en option, compatible avec Windows, Mac OS)<\/td><\/tr><tr><td>Vitesse de lecture\/\u00e9criture (typique)<\/td><td>USB 2.0 : Vitesse de lecture \u224815MB\/s, vitesse d'\u00e9criture \u22488MB\/s ; USB 3.0 : Vitesse de lecture \u224880MB\/s, Vitesse d'\u00e9criture \u224830MB\/s<\/td><\/tr><tr><td>Mat\u00e9riau<\/td><td>Caoutchouc souple en PVC (\u00e9cologique et non toxique, certifi\u00e9 RoHS)<\/td><\/tr><tr><td>Taille (y compris la cha\u00eene)<\/td><td>Environ 35\u00d728\u00d712mm (petit et portable, adapt\u00e9 aux porte-cl\u00e9s et autres accessoires)<\/td><\/tr><tr><td>Poids<\/td><td>Environ 15g (l\u00e9ger et facile \u00e0 transporter)<\/td><\/tr><tr><td>Temp\u00e9rature de fonctionnement<\/td><td>-10\u2103 ~ 60\u2103 (utilisable dans divers environnements)<\/td><\/tr><\/tbody><\/table><\/figure>\n\n\n\n<h3 class=\"wp-block-heading\">1. Industrie des cadeaux culturels et cr\u00e9atifs<\/h3>\n\n\n\n<ul class=\"wp-block-list\">\n<li><strong>Sc\u00e9narios d'application<\/strong>: Souvenirs de la marque, cadeaux de vacances personnalis\u00e9s, p\u00e9riph\u00e9riques co-marqu\u00e9s IP.<\/li>\n\n\n\n<li><strong>Raisons de choisir<\/strong>: Le design mignon attire l'attention. Avec des logos personnalis\u00e9s (r\u00e9alisables par impression UV), il peut v\u00e9hiculer la cr\u00e9ativit\u00e9 de la marque et inciter les utilisateurs \u00e0 le conserver en raison de sa \"beaut\u00e9\", ce qui renforce la popularit\u00e9 de la marque.<\/li>\n<\/ul>\n\n\n\n<h3 class=\"wp-block-heading\">2. Le secteur de l'\u00e9ducation<\/h3>\n\n\n\n<ul class=\"wp-block-list\">\n<li><strong>Sc\u00e9narios d'application<\/strong>: Stockage du mat\u00e9riel d'apprentissage des \u00e9tudiants, prix des activit\u00e9s du campus, outils d'enseignement scientifique.<\/li>\n\n\n\n<li><strong>Raisons de choisir<\/strong>: Le design bionique r\u00e9pond aux pr\u00e9f\u00e9rences des adolescents, r\u00e9duisant la monotonie des \"outils de rangement\". Le mat\u00e9riau en caoutchouc souple PVC est r\u00e9sistant aux chocs et durable. Il convient aux sc\u00e9narios d'utilisation quotidienne des \u00e9tudiants et rend le stockage des connaissances plus int\u00e9ressant.<\/li>\n<\/ul>","protected":false},"excerpt":{"rendered":"<ul>\n<li>USB en forme de scarab\u00e9e<\/li>\n<li>USB en forme de coccinelle<\/li>\n<li>Moule en PVC<\/li>\n<li>Rouge et noir<\/li>\n<li>MOQ:100PCS<\/li>\n<\/ul>","protected":false},"featured_media":4428,"comment_status":"open","ping_status":"closed","template":"","meta":{"_seopress_robots_primary_cat":"","_seopress_titles_title":"","_seopress_titles_desc":"","_seopress_robots_index":"","site-sidebar-layout":"default","site-content-layout":"","ast-site-content-layout":"","site-content-style":"default","site-sidebar-style":"default","ast-global-header-display":"","ast-banner-title-visibility":"","ast-main-header-display":"","ast-hfb-above-header-display":"","ast-hfb-below-header-display":"","ast-hfb-mobile-header-display":"","site-post-title":"","ast-breadcrumbs-content":"","ast-featured-img":"","footer-sml-layout":"","theme-transparent-header-meta":"","adv-header-id-meta":"","stick-header-meta":"","header-above-stick-meta":"","header-main-stick-meta":"","header-below-stick-meta":"","astra-migrate-meta-layouts":"default","ast-page-background-enabled":"default","ast-page-background-meta":{"desktop":{"background-color":"var(--ast-global-color-5)","background-image":"","background-repeat":"repeat","background-position":"center center","background-size":"auto","background-attachment":"scroll","background-type":"","background-media":"","overlay-type":"","overlay-color":"","overlay-opacity":"","overlay-gradient":""},"tablet":{"background-color":"","background-image":"","background-repeat":"repeat","background-position":"center center","background-size":"auto","background-attachment":"scroll","background-type":"","background-media":"","overlay-type":"","overlay-color":"","overlay-opacity":"","overlay-gradient":""},"mobile":{"background-color":"","background-image":"","background-repeat":"repeat","background-position":"center center","background-size":"auto","background-attachment":"scroll","background-type":"","background-media":"","overlay-type":"","overlay-color":"","overlay-opacity":"","overlay-gradient":""}},"ast-content-background-meta":{"desktop":{"background-color":"var(--ast-global-color-4)","background-image":"","background-repeat":"repeat","background-position":"center center","background-size":"auto","background-attachment":"scroll","background-type":"","background-media":"","overlay-type":"","overlay-color":"","overlay-opacity":"","overlay-gradient":""},"tablet":{"background-color":"var(--ast-global-color-4)","background-image":"","background-repeat":"repeat","background-position":"center center","background-size":"auto","background-attachment":"scroll","background-type":"","background-media":"","overlay-type":"","overlay-color":"","overlay-opacity":"","overlay-gradient":""},"mobile":{"background-color":"var(--ast-global-color-4)","background-image":"","background-repeat":"repeat","background-position":"center center","background-size":"auto","background-attachment":"scroll","background-type":"","background-media":"","overlay-type":"","overlay-color":"","overlay-opacity":"","overlay-gradient":""}}},"product_brand":[],"product_cat":[94],"product_tag":[266],"class_list":{"0":"post-4425","1":"product","2":"type-product","3":"status-publish","4":"has-post-thumbnail","6":"product_cat-pvc-usb-pendrive","7":"product_tag-insect-shaped-usb-drive","8":"desktop-align-left","9":"tablet-align-left","10":"mobile-align-left","12":"first","13":"instock","14":"shipping-taxable","15":"product-type-simple"},"_links":{"self":[{"href":"https:\/\/www.usborkeychain.com\/fr\/wp-json\/wp\/v2\/product\/4425","targetHints":{"allow":["GET"]}}],"collection":[{"href":"https:\/\/www.usborkeychain.com\/fr\/wp-json\/wp\/v2\/product"}],"about":[{"href":"https:\/\/www.usborkeychain.com\/fr\/wp-json\/wp\/v2\/types\/product"}],"replies":[{"embeddable":true,"href":"https:\/\/www.usborkeychain.com\/fr\/wp-json\/wp\/v2\/comments?post=4425"}],"wp:featuredmedia":[{"embeddable":true,"href":"https:\/\/www.usborkeychain.com\/fr\/wp-json\/wp\/v2\/media\/4428"}],"wp:attachment":[{"href":"https:\/\/www.usborkeychain.com\/fr\/wp-json\/wp\/v2\/media?parent=4425"}],"wp:term":[{"taxonomy":"product_brand","embeddable":true,"href":"https:\/\/www.usborkeychain.com\/fr\/wp-json\/wp\/v2\/product_brand?post=4425"},{"taxonomy":"product_cat","embeddable":true,"href":"https:\/\/www.usborkeychain.com\/fr\/wp-json\/wp\/v2\/product_cat?post=4425"},{"taxonomy":"product_tag","embeddable":true,"href":"https:\/\/www.usborkeychain.com\/fr\/wp-json\/wp\/v2\/product_tag?post=4425"}],"curies":[{"name":"wp","href":"https:\/\/api.w.org\/{rel}","templated":true}]}}