{"id":4436,"date":"2025-07-23T23:48:29","date_gmt":"2025-07-23T23:48:29","guid":{"rendered":"https:\/\/www.usborkeychain.com\/?post_type=product&#038;p=4436"},"modified":"2025-08-11T07:01:19","modified_gmt":"2025-08-11T07:01:19","slug":"hp-v250-metal-ring-usb-flash-drive","status":"publish","type":"product","link":"https:\/\/www.usborkeychain.com\/fr\/produit\/hp-v250-metal-ring-usb-flash-drive\/","title":{"rendered":"Cl\u00e9 USB \u00e0 anneau m\u00e9tallique HP V250"},"content":{"rendered":"<p><\/p>\n\n\n\n<div class=\"wp-block-columns is-layout-flex wp-container-core-columns-is-layout-28f84493 wp-block-columns-is-layout-flex\">\n<div class=\"wp-block-column is-layout-flow wp-block-column-is-layout-flow\">\n<figure class=\"wp-block-image size-full\"><img alt=\"\" fetchpriority=\"high\" decoding=\"async\" width=\"1000\" height=\"1000\" src=\"https:\/\/www.usborkeychain.com\/wp-content\/uploads\/HP-V250-Metal-Ring-USB-pendrive.jpg\" class=\"wp-image-4445\" srcset=\"https:\/\/www.usborkeychain.com\/wp-content\/uploads\/HP-V250-Metal-Ring-USB-pendrive.jpg 1000w, https:\/\/www.usborkeychain.com\/wp-content\/uploads\/HP-V250-Metal-Ring-USB-pendrive-300x300.jpg 300w, https:\/\/www.usborkeychain.com\/wp-content\/uploads\/HP-V250-Metal-Ring-USB-pendrive-150x150.jpg 150w, https:\/\/www.usborkeychain.com\/wp-content\/uploads\/HP-V250-Metal-Ring-USB-pendrive-768x768.jpg 768w, https:\/\/www.usborkeychain.com\/wp-content\/uploads\/HP-V250-Metal-Ring-USB-pendrive-12x12.jpg 12w, https:\/\/www.usborkeychain.com\/wp-content\/uploads\/HP-V250-Metal-Ring-USB-pendrive-600x600.jpg 600w, https:\/\/www.usborkeychain.com\/wp-content\/uploads\/HP-V250-Metal-Ring-USB-pendrive-100x100.jpg 100w\" sizes=\"(max-width: 1000px) 100vw, 1000px\" \/><\/figure>\n<\/div>\n\n\n\n<div class=\"wp-block-column is-vertically-aligned-center is-layout-flow wp-block-column-is-layout-flow\">\n<p>Mod\u00e8le de r\u00e9f\u00e9rence classique des cl\u00e9s USB HP, la cl\u00e9 USB HP V250 Metal Ring est depuis longtemps en t\u00eate du classement des cl\u00e9s USB en m\u00e9tal gr\u00e2ce \u00e0 son esth\u00e9tique m\u00e9tallique minimaliste et \u00e0 son design pratique.<\/p>\n\n\n\n<p> C'est le premier choix pour les utilisateurs qui recherchent la qualit\u00e9 et la portabilit\u00e9.<\/p>\n<\/div>\n<\/div>\n\n\n\n<h3 class=\"wp-block-heading\">Grand anneau + conception plug-and-play<\/h3>\n\n\n\n<p>La cl\u00e9 USB HP V250 Metal Ring pr\u00e9sente un design plug-and-play simple et monobloc, \u00e9quip\u00e9 d'une grande boucle m\u00e9tallique embl\u00e9matique (d'un diam\u00e8tre d'environ 15 mm). Elle est facile \u00e0 transporter et moins susceptible de se perdre, avec une structure g\u00e9n\u00e9rale simple mais robuste, qui incarne parfaitement l'esth\u00e9tique pratique.<\/p>\n\n\n\n<ul class=\"wp-block-list\">\n<li>L'anneau peut \u00eatre directement attach\u00e9 aux porte-cl\u00e9s ou aux boucles de sac \u00e0 dos, ce qui r\u00e9sout le probl\u00e8me des cl\u00e9s USB faciles \u00e0 perdre ;<\/li>\n\n\n\n<li>L'interface plug-and-play ne n\u00e9cessite pas de stockage suppl\u00e9mentaire, ce qui permet une utilisation imm\u00e9diate et une adaptation \u00e0 de multiples sc\u00e9narios tels que le travail de bureau et les voyages ;<\/li>\n\n\n\n<li>Le bo\u00eetier m\u00e9tallique int\u00e9gr\u00e9 est trait\u00e9 avec une finition givr\u00e9e, offrant une texture d\u00e9licate, une r\u00e9sistance \u00e0 l'usure et aux empreintes digitales.<\/li>\n<\/ul>\n\n\n\n<div class=\"wp-block-columns is-layout-flex wp-container-core-columns-is-layout-9c22b1e3 wp-block-columns-is-layout-flex\">\n<div class=\"wp-block-column is-layout-flow wp-block-column-is-layout-flow\">\n<figure class=\"wp-block-image size-full\"><img alt=\"\" decoding=\"async\" width=\"1000\" height=\"1000\" src=\"https:\/\/www.usborkeychain.com\/wp-content\/uploads\/siliver-HP-V250-Metal-Ring-USB-Flash-Drive.jpg\" class=\"wp-image-4446\" srcset=\"https:\/\/www.usborkeychain.com\/wp-content\/uploads\/siliver-HP-V250-Metal-Ring-USB-Flash-Drive.jpg 1000w, https:\/\/www.usborkeychain.com\/wp-content\/uploads\/siliver-HP-V250-Metal-Ring-USB-Flash-Drive-300x300.jpg 300w, https:\/\/www.usborkeychain.com\/wp-content\/uploads\/siliver-HP-V250-Metal-Ring-USB-Flash-Drive-150x150.jpg 150w, https:\/\/www.usborkeychain.com\/wp-content\/uploads\/siliver-HP-V250-Metal-Ring-USB-Flash-Drive-768x768.jpg 768w, https:\/\/www.usborkeychain.com\/wp-content\/uploads\/siliver-HP-V250-Metal-Ring-USB-Flash-Drive-12x12.jpg 12w, https:\/\/www.usborkeychain.com\/wp-content\/uploads\/siliver-HP-V250-Metal-Ring-USB-Flash-Drive-600x600.jpg 600w, https:\/\/www.usborkeychain.com\/wp-content\/uploads\/siliver-HP-V250-Metal-Ring-USB-Flash-Drive-100x100.jpg 100w\" sizes=\"(max-width: 1000px) 100vw, 1000px\" \/><\/figure>\n<\/div>\n\n\n\n<div class=\"wp-block-column is-layout-flow wp-block-column-is-layout-flow\">\n<figure class=\"wp-block-image size-full\"><img alt=\"\" decoding=\"async\" width=\"1000\" height=\"1000\" src=\"https:\/\/www.usborkeychain.com\/wp-content\/uploads\/HP-V250-Metal-Ring-USB-Flash-Drive.jpg\" class=\"wp-image-4444\" srcset=\"https:\/\/www.usborkeychain.com\/wp-content\/uploads\/HP-V250-Metal-Ring-USB-Flash-Drive.jpg 1000w, https:\/\/www.usborkeychain.com\/wp-content\/uploads\/HP-V250-Metal-Ring-USB-Flash-Drive-300x300.jpg 300w, https:\/\/www.usborkeychain.com\/wp-content\/uploads\/HP-V250-Metal-Ring-USB-Flash-Drive-150x150.jpg 150w, https:\/\/www.usborkeychain.com\/wp-content\/uploads\/HP-V250-Metal-Ring-USB-Flash-Drive-768x768.jpg 768w, https:\/\/www.usborkeychain.com\/wp-content\/uploads\/HP-V250-Metal-Ring-USB-Flash-Drive-12x12.jpg 12w, https:\/\/www.usborkeychain.com\/wp-content\/uploads\/HP-V250-Metal-Ring-USB-Flash-Drive-600x600.jpg 600w, https:\/\/www.usborkeychain.com\/wp-content\/uploads\/HP-V250-Metal-Ring-USB-Flash-Drive-100x100.jpg 100w\" sizes=\"(max-width: 1000px) 100vw, 1000px\" \/><\/figure>\n<\/div>\n\n\n\n<div class=\"wp-block-column is-layout-flow wp-block-column-is-layout-flow\">\n<figure class=\"wp-block-image size-full\"><img alt=\"\" loading=\"lazy\" decoding=\"async\" width=\"1000\" height=\"1000\" src=\"https:\/\/www.usborkeychain.com\/wp-content\/uploads\/black-HP-V250-Metal-Ring-USB-Flash-Drive.jpg\" class=\"wp-image-4440\" srcset=\"https:\/\/www.usborkeychain.com\/wp-content\/uploads\/black-HP-V250-Metal-Ring-USB-Flash-Drive.jpg 1000w, https:\/\/www.usborkeychain.com\/wp-content\/uploads\/black-HP-V250-Metal-Ring-USB-Flash-Drive-300x300.jpg 300w, https:\/\/www.usborkeychain.com\/wp-content\/uploads\/black-HP-V250-Metal-Ring-USB-Flash-Drive-150x150.jpg 150w, https:\/\/www.usborkeychain.com\/wp-content\/uploads\/black-HP-V250-Metal-Ring-USB-Flash-Drive-768x768.jpg 768w, https:\/\/www.usborkeychain.com\/wp-content\/uploads\/black-HP-V250-Metal-Ring-USB-Flash-Drive-12x12.jpg 12w, https:\/\/www.usborkeychain.com\/wp-content\/uploads\/black-HP-V250-Metal-Ring-USB-Flash-Drive-600x600.jpg 600w, https:\/\/www.usborkeychain.com\/wp-content\/uploads\/black-HP-V250-Metal-Ring-USB-Flash-Drive-100x100.jpg 100w\" sizes=\"(max-width: 1000px) 100vw, 1000px\" \/><\/figure>\n<\/div>\n<\/div>\n\n\n\n<h3 class=\"wp-block-heading\">Tableau des param\u00e8tres de base<\/h3>\n\n\n\n<figure class=\"wp-block-table\"><table class=\"has-fixed-layout\"><thead><tr><th>Param\u00e8tre Poste<\/th><th>Sp\u00e9cifications d\u00e9taill\u00e9es<\/th><\/tr><\/thead><tbody><tr><td>Marque et mod\u00e8le<\/td><td>Cl\u00e9 USB \u00e0 anneau m\u00e9tallique HP V250<\/td><\/tr><tr><td>Capacit\u00e9s disponibles<\/td><td>8GB \/ 16GB \/ 32GB \/ 64GB \/ 128GB (couvrant le stockage quotidien jusqu'aux besoins professionnels du bureau)<\/td><\/tr><tr><td>Type d'interface<\/td><td>USB 2.0 (version de base) \/ USB 3.0 (version haute vitesse), compatible avec les syst\u00e8mes Windows, Mac et Linux<\/td><\/tr><tr><td>Vitesse de lecture\/\u00e9criture<\/td><td>Jusqu'\u00e0 35 Mo\/s en lecture et 12 Mo\/s en \u00e9criture (version USB 3.0 ; la vitesse r\u00e9elle varie en fonction de l'appareil\/de la capacit\u00e9)<\/td><\/tr><tr><td>Dimensions et poids<\/td><td>35 mm de longueur \u00d7 12 mm de largeur \u00d7 4 mm d'\u00e9paisseur, avec un diam\u00e8tre d'anneau de 15 mm ; p\u00e8se environ 8 g (l\u00e9ger et peu encombrant).<\/td><\/tr><tr><td>Mat\u00e9riaux et ex\u00e9cution<\/td><td>Bo\u00eetier monobloc en alliage de zinc, r\u00e9sistant aux chutes et \u00e0 l'usure, prot\u00e9geant efficacement la puce.<\/td><\/tr><\/tbody><\/table><\/figure>\n\n\n\n<div class=\"wp-block-columns is-layout-flex wp-container-core-columns-is-layout-9c22b1e3 wp-block-columns-is-layout-flex\">\n<div class=\"wp-block-column is-layout-flow wp-block-column-is-layout-flow\">\n<figure class=\"wp-block-image size-full\"><img alt=\"\" loading=\"lazy\" decoding=\"async\" width=\"1000\" height=\"1000\" src=\"https:\/\/www.usborkeychain.com\/wp-content\/uploads\/HP-V250-Metal-Ring-USB-Flash-Drive-manufacturer.jpg\" class=\"wp-image-4442\" srcset=\"https:\/\/www.usborkeychain.com\/wp-content\/uploads\/HP-V250-Metal-Ring-USB-Flash-Drive-manufacturer.jpg 1000w, https:\/\/www.usborkeychain.com\/wp-content\/uploads\/HP-V250-Metal-Ring-USB-Flash-Drive-manufacturer-300x300.jpg 300w, https:\/\/www.usborkeychain.com\/wp-content\/uploads\/HP-V250-Metal-Ring-USB-Flash-Drive-manufacturer-150x150.jpg 150w, https:\/\/www.usborkeychain.com\/wp-content\/uploads\/HP-V250-Metal-Ring-USB-Flash-Drive-manufacturer-768x768.jpg 768w, https:\/\/www.usborkeychain.com\/wp-content\/uploads\/HP-V250-Metal-Ring-USB-Flash-Drive-manufacturer-12x12.jpg 12w, https:\/\/www.usborkeychain.com\/wp-content\/uploads\/HP-V250-Metal-Ring-USB-Flash-Drive-manufacturer-600x600.jpg 600w, https:\/\/www.usborkeychain.com\/wp-content\/uploads\/HP-V250-Metal-Ring-USB-Flash-Drive-manufacturer-100x100.jpg 100w\" sizes=\"(max-width: 1000px) 100vw, 1000px\" \/><\/figure>\n<\/div>\n\n\n\n<div class=\"wp-block-column is-layout-flow wp-block-column-is-layout-flow\">\n<figure class=\"wp-block-image size-full\"><img alt=\"\" loading=\"lazy\" decoding=\"async\" width=\"1000\" height=\"1000\" src=\"https:\/\/www.usborkeychain.com\/wp-content\/uploads\/HP-V250-Metal-Ring-USB-Flash-Disk.jpg\" class=\"wp-image-4441\" srcset=\"https:\/\/www.usborkeychain.com\/wp-content\/uploads\/HP-V250-Metal-Ring-USB-Flash-Disk.jpg 1000w, https:\/\/www.usborkeychain.com\/wp-content\/uploads\/HP-V250-Metal-Ring-USB-Flash-Disk-300x300.jpg 300w, https:\/\/www.usborkeychain.com\/wp-content\/uploads\/HP-V250-Metal-Ring-USB-Flash-Disk-150x150.jpg 150w, https:\/\/www.usborkeychain.com\/wp-content\/uploads\/HP-V250-Metal-Ring-USB-Flash-Disk-768x768.jpg 768w, https:\/\/www.usborkeychain.com\/wp-content\/uploads\/HP-V250-Metal-Ring-USB-Flash-Disk-12x12.jpg 12w, https:\/\/www.usborkeychain.com\/wp-content\/uploads\/HP-V250-Metal-Ring-USB-Flash-Disk-600x600.jpg 600w, https:\/\/www.usborkeychain.com\/wp-content\/uploads\/HP-V250-Metal-Ring-USB-Flash-Disk-100x100.jpg 100w\" sizes=\"(max-width: 1000px) 100vw, 1000px\" \/><\/figure>\n<\/div>\n<\/div>\n\n\n\n<h4 class=\"wp-block-heading\">Raisons recommand\u00e9es pour le commerce \u00e9lectronique et les sites ind\u00e9pendants :<\/h4>\n\n\n\n<p>La cl\u00e9 USB HP V250 Metal Ring est l'un des mod\u00e8les de cl\u00e9 USB les plus vendus parmi les vendeurs de sites ind\u00e9pendants et les plateformes de commerce \u00e9lectronique (telles qu'Amazon, eBay), tr\u00e8s populaire pour son co\u00fbt \u00e9lev\u00e9 et sa qualit\u00e9 fiable. Voici les deux principaux points recommand\u00e9s :<\/p>\n\n\n\n<ol class=\"wp-block-list\">\n<li>Transmission haute performance : L'interface USB 3.0 associ\u00e9e \u00e0 une vitesse de lecture de 100 Mo\/s am\u00e9liore consid\u00e9rablement l'efficacit\u00e9 du transfert de fichiers, ce qui convient aux sc\u00e9narios d'utilisation fr\u00e9quente tels que le travail de bureau et les loisirs audiovisuels.<\/li>\n\n\n\n<li>Conception durable : Le bo\u00eetier m\u00e9tallique offre une protection suppl\u00e9mentaire, car il est r\u00e9sistant aux chutes et aux chocs, ce qui prolonge la dur\u00e9e de vie et r\u00e9duit le risque de perte de donn\u00e9es.<\/li>\n<\/ol>\n\n\n\n<h4 class=\"wp-block-heading\">Raisons recommand\u00e9es pour un cadeau personnalis\u00e9 :<\/h4>\n\n\n\n<ul class=\"wp-block-list\">\n<li>Gravure laser personnalis\u00e9e : Le meilleur effet, avec une gravure au laser claire et durable, atteignant une profondeur de 0,5 mm, convenant aux logos d'entreprise ou aux signatures personnelles.<\/li>\n\n\n\n<li>Personnalisation du logo par s\u00e9rigraphie : \u00c9conomique et pratique, avec des couleurs vives, adapt\u00e9 aux commandes de gros volumes.<\/li>\n\n\n\n<li>Personnalisation du logo par impression en couleur : Peut pr\u00e9senter des motifs complexes, mais l'effet laser est sup\u00e9rieur en termes de clart\u00e9 et de r\u00e9sistance \u00e0 l'usure (la m\u00e9thode laser est fortement recommand\u00e9e, garantissant l'absence de d\u00e9coloration pendant plus de 5 ans).<\/li>\n<\/ul>\n\n\n\n<p><\/p>","protected":false},"excerpt":{"rendered":"<ul>\n<li>HP V250<\/li>\n<li>Cl\u00e9 USB avec anneau en m\u00e9tal<\/li>\n<li>Avec porte-cl\u00e9s en m\u00e9tal<\/li>\n<li>Couleur or, argent, noir<\/li>\n<li>LOGO personnalis\u00e9<\/li>\n<\/ul>","protected":false},"featured_media":4445,"comment_status":"open","ping_status":"closed","template":"","meta":{"_seopress_robots_primary_cat":"","_seopress_titles_title":"","_seopress_titles_desc":"","_seopress_robots_index":"","site-sidebar-layout":"default","site-content-layout":"","ast-site-content-layout":"","site-content-style":"default","site-sidebar-style":"default","ast-global-header-display":"","ast-banner-title-visibility":"","ast-main-header-display":"","ast-hfb-above-header-display":"","ast-hfb-below-header-display":"","ast-hfb-mobile-header-display":"","site-post-title":"","ast-breadcrumbs-content":"","ast-featured-img":"","footer-sml-layout":"","theme-transparent-header-meta":"","adv-header-id-meta":"","stick-header-meta":"","header-above-stick-meta":"","header-main-stick-meta":"","header-below-stick-meta":"","astra-migrate-meta-layouts":"default","ast-page-background-enabled":"default","ast-page-background-meta":{"desktop":{"background-color":"var(--ast-global-color-5)","background-image":"","background-repeat":"repeat","background-position":"center center","background-size":"auto","background-attachment":"scroll","background-type":"","background-media":"","overlay-type":"","overlay-color":"","overlay-opacity":"","overlay-gradient":""},"tablet":{"background-color":"","background-image":"","background-repeat":"repeat","background-position":"center center","background-size":"auto","background-attachment":"scroll","background-type":"","background-media":"","overlay-type":"","overlay-color":"","overlay-opacity":"","overlay-gradient":""},"mobile":{"background-color":"","background-image":"","background-repeat":"repeat","background-position":"center center","background-size":"auto","background-attachment":"scroll","background-type":"","background-media":"","overlay-type":"","overlay-color":"","overlay-opacity":"","overlay-gradient":""}},"ast-content-background-meta":{"desktop":{"background-color":"var(--ast-global-color-4)","background-image":"","background-repeat":"repeat","background-position":"center center","background-size":"auto","background-attachment":"scroll","background-type":"","background-media":"","overlay-type":"","overlay-color":"","overlay-opacity":"","overlay-gradient":""},"tablet":{"background-color":"var(--ast-global-color-4)","background-image":"","background-repeat":"repeat","background-position":"center center","background-size":"auto","background-attachment":"scroll","background-type":"","background-media":"","overlay-type":"","overlay-color":"","overlay-opacity":"","overlay-gradient":""},"mobile":{"background-color":"var(--ast-global-color-4)","background-image":"","background-repeat":"repeat","background-position":"center center","background-size":"auto","background-attachment":"scroll","background-type":"","background-media":"","overlay-type":"","overlay-color":"","overlay-opacity":"","overlay-gradient":""}}},"product_brand":[],"product_cat":[111,89,101],"product_tag":[217,396],"class_list":{"0":"post-4436","1":"product","2":"type-product","3":"status-publish","4":"has-post-thumbnail","6":"product_cat-brand-usb-pendrive","7":"product_cat-metal-usb-pendrive","8":"product_cat-usb-pendrive-with-keychain","9":"product_tag-hp-usb-flash-drive","10":"product_tag-stainless-steel-usb-flash-drive","11":"desktop-align-left","12":"tablet-align-left","13":"mobile-align-left","15":"first","16":"instock","17":"shipping-taxable","18":"product-type-simple"},"_links":{"self":[{"href":"https:\/\/www.usborkeychain.com\/fr\/wp-json\/wp\/v2\/product\/4436","targetHints":{"allow":["GET"]}}],"collection":[{"href":"https:\/\/www.usborkeychain.com\/fr\/wp-json\/wp\/v2\/product"}],"about":[{"href":"https:\/\/www.usborkeychain.com\/fr\/wp-json\/wp\/v2\/types\/product"}],"replies":[{"embeddable":true,"href":"https:\/\/www.usborkeychain.com\/fr\/wp-json\/wp\/v2\/comments?post=4436"}],"wp:featuredmedia":[{"embeddable":true,"href":"https:\/\/www.usborkeychain.com\/fr\/wp-json\/wp\/v2\/media\/4445"}],"wp:attachment":[{"href":"https:\/\/www.usborkeychain.com\/fr\/wp-json\/wp\/v2\/media?parent=4436"}],"wp:term":[{"taxonomy":"product_brand","embeddable":true,"href":"https:\/\/www.usborkeychain.com\/fr\/wp-json\/wp\/v2\/product_brand?post=4436"},{"taxonomy":"product_cat","embeddable":true,"href":"https:\/\/www.usborkeychain.com\/fr\/wp-json\/wp\/v2\/product_cat?post=4436"},{"taxonomy":"product_tag","embeddable":true,"href":"https:\/\/www.usborkeychain.com\/fr\/wp-json\/wp\/v2\/product_tag?post=4436"}],"curies":[{"name":"wp","href":"https:\/\/api.w.org\/{rel}","templated":true}]}}