{"id":4447,"date":"2025-07-24T00:37:35","date_gmt":"2025-07-24T00:37:35","guid":{"rendered":"https:\/\/www.usborkeychain.com\/?post_type=product&#038;p=4447"},"modified":"2025-07-24T00:38:52","modified_gmt":"2025-07-24T00:38:52","slug":"natural-log-wood-flip-usb-drive","status":"publish","type":"product","link":"https:\/\/www.usborkeychain.com\/fr\/produit\/natural-log-wood-flip-usb-drive\/","title":{"rendered":"Cl\u00e9 USB \u00e0 rabat en bois naturel"},"content":{"rendered":"<p><\/p>\n\n\n\n<div class=\"wp-block-columns is-layout-flex wp-container-core-columns-is-layout-28f84493 wp-block-columns-is-layout-flex\">\n<div class=\"wp-block-column is-layout-flow wp-block-column-is-layout-flow\">\n<figure class=\"wp-block-image size-full\"><img alt=\"\" fetchpriority=\"high\" decoding=\"async\" width=\"800\" height=\"800\" src=\"https:\/\/www.usborkeychain.com\/wp-content\/uploads\/Bamboo-Wood-Flip-USB-Drive.jpg\" class=\"wp-image-4450\" srcset=\"https:\/\/www.usborkeychain.com\/wp-content\/uploads\/Bamboo-Wood-Flip-USB-Drive.jpg 800w, https:\/\/www.usborkeychain.com\/wp-content\/uploads\/Bamboo-Wood-Flip-USB-Drive-300x300.jpg 300w, https:\/\/www.usborkeychain.com\/wp-content\/uploads\/Bamboo-Wood-Flip-USB-Drive-150x150.jpg 150w, https:\/\/www.usborkeychain.com\/wp-content\/uploads\/Bamboo-Wood-Flip-USB-Drive-768x768.jpg 768w, https:\/\/www.usborkeychain.com\/wp-content\/uploads\/Bamboo-Wood-Flip-USB-Drive-12x12.jpg 12w, https:\/\/www.usborkeychain.com\/wp-content\/uploads\/Bamboo-Wood-Flip-USB-Drive-600x600.jpg 600w, https:\/\/www.usborkeychain.com\/wp-content\/uploads\/Bamboo-Wood-Flip-USB-Drive-100x100.jpg 100w\" sizes=\"(max-width: 800px) 100vw, 800px\" \/><\/figure>\n<\/div>\n\n\n\n<div class=\"wp-block-column is-vertically-aligned-center is-layout-flow wp-block-column-is-layout-flow\">\n<h1 class=\"wp-block-heading\">Cl\u00e9 USB en bois Flip<\/h1>\n\n\n\n<p>La cl\u00e9 USB en bois flip est un dispositif de stockage innovant qui rompt avec la tradition. Avec sa structure \u00e0 360\u00b0, elle red\u00e9finit la forme des cl\u00e9s USB. Dot\u00e9e d'une interface USB 3.0 \u00e0 grande vitesse, son efficacit\u00e9 de transmission de deuxi\u00e8me niveau d\u00e9passe de loin celle des cl\u00e9s USB conventionnelles. <\/p>\n\n\n\n<p>De plus, il est dot\u00e9 d'un habillage en bois naturel, avec des options de bois brut, d'\u00e9rable et de bambou, combinant de mani\u00e8re transparente les textures naturelles et les fonctionnalit\u00e9s technologiques.<\/p>\n<\/div>\n<\/div>\n\n\n\n<h3 class=\"wp-block-heading\">Mat\u00e9riau et conception :<\/h3>\n\n\n\n<ul class=\"wp-block-list\">\n<li><strong>S\u00e9lection des mat\u00e9riaux<\/strong>: Le bo\u00eetier est en bois naturel (bois brut, \u00e9rable, bois de bambou, etc.) d'une \u00e9paisseur de \u22653mm. Finement poli, il pr\u00e9sente un toucher chaleureux et une texture unique, avec une esth\u00e9tique naturelle - chaque pi\u00e8ce a un grain de bois naturellement unique.<\/li>\n\n\n\n<li><strong>Conception de flip<\/strong>: Il adopte une structure innovante de retournement \u00e0 360\u00b0, avec un arbre rotatif en bois permettant au bo\u00eetier de se retourner librement. Une fois sorti, il peut \u00eatre directement branch\u00e9 pour \u00eatre utilis\u00e9 sans op\u00e9rations fastidieuses. Le connecteur m\u00e9tallique USB 3.0 \u00e0 insertion directe est envelopp\u00e9 par le bo\u00eetier en bois pendant le retournement, ce qui r\u00e9duit efficacement les dommages caus\u00e9s par les chocs et la poussi\u00e8re et prolonge la dur\u00e9e de vie.<\/li>\n<\/ul>\n\n\n\n<div class=\"wp-block-columns is-layout-flex wp-container-core-columns-is-layout-28f84493 wp-block-columns-is-layout-flex\">\n<div class=\"wp-block-column is-layout-flow wp-block-column-is-layout-flow\">\n<figure class=\"wp-block-image size-full\"><img alt=\"\" decoding=\"async\" width=\"800\" height=\"800\" src=\"https:\/\/www.usborkeychain.com\/wp-content\/uploads\/Rosewood-Flip-USB-Drive.jpg\" class=\"wp-image-4453\" srcset=\"https:\/\/www.usborkeychain.com\/wp-content\/uploads\/Rosewood-Flip-USB-Drive.jpg 800w, https:\/\/www.usborkeychain.com\/wp-content\/uploads\/Rosewood-Flip-USB-Drive-300x300.jpg 300w, https:\/\/www.usborkeychain.com\/wp-content\/uploads\/Rosewood-Flip-USB-Drive-150x150.jpg 150w, https:\/\/www.usborkeychain.com\/wp-content\/uploads\/Rosewood-Flip-USB-Drive-768x768.jpg 768w, https:\/\/www.usborkeychain.com\/wp-content\/uploads\/Rosewood-Flip-USB-Drive-12x12.jpg 12w, https:\/\/www.usborkeychain.com\/wp-content\/uploads\/Rosewood-Flip-USB-Drive-600x600.jpg 600w, https:\/\/www.usborkeychain.com\/wp-content\/uploads\/Rosewood-Flip-USB-Drive-100x100.jpg 100w\" sizes=\"(max-width: 800px) 100vw, 800px\" \/><\/figure>\n<\/div>\n\n\n\n<div class=\"wp-block-column is-layout-flow wp-block-column-is-layout-flow\">\n<figure class=\"wp-block-image size-full\"><img alt=\"\" decoding=\"async\" width=\"800\" height=\"800\" src=\"https:\/\/www.usborkeychain.com\/wp-content\/uploads\/Log-Wood-Flip-USB-Driv.jpg\" class=\"wp-image-4451\" srcset=\"https:\/\/www.usborkeychain.com\/wp-content\/uploads\/Log-Wood-Flip-USB-Driv.jpg 800w, https:\/\/www.usborkeychain.com\/wp-content\/uploads\/Log-Wood-Flip-USB-Driv-300x300.jpg 300w, https:\/\/www.usborkeychain.com\/wp-content\/uploads\/Log-Wood-Flip-USB-Driv-150x150.jpg 150w, https:\/\/www.usborkeychain.com\/wp-content\/uploads\/Log-Wood-Flip-USB-Driv-768x768.jpg 768w, https:\/\/www.usborkeychain.com\/wp-content\/uploads\/Log-Wood-Flip-USB-Driv-12x12.jpg 12w, https:\/\/www.usborkeychain.com\/wp-content\/uploads\/Log-Wood-Flip-USB-Driv-600x600.jpg 600w, https:\/\/www.usborkeychain.com\/wp-content\/uploads\/Log-Wood-Flip-USB-Driv-100x100.jpg 100w\" sizes=\"(max-width: 800px) 100vw, 800px\" \/><\/figure>\n<\/div>\n<\/div>\n\n\n\n<h3 class=\"wp-block-heading\">Param\u00e8tres de base<\/h3>\n\n\n\n<figure class=\"wp-block-table\"><table class=\"has-fixed-layout\"><thead><tr><th>Cat\u00e9gorie de param\u00e8tres<\/th><th>Sp\u00e9cifications sp\u00e9cifiques<\/th><\/tr><\/thead><tbody><tr><td>Capacit\u00e9 de stockage<\/td><td>8GB \/ 16GB \/ 32GB \/ 64GB \/ 128GB<\/td><\/tr><tr><td>Norme d'interface<\/td><td>USB 3.0 (r\u00e9trocompatible avec USB 2.0)<\/td><\/tr><tr><td>Vitesse de lecture<\/td><td>Jusqu'\u00e0 environ 100 Mo\/s (variable selon l'appareil\/la capacit\u00e9)<\/td><\/tr><tr><td>Vitesse d'\u00e9criture<\/td><td>Jusqu'\u00e0 environ 30 Mo\/s (variable selon l'appareil\/la capacit\u00e9)<\/td><\/tr><tr><td>Mat\u00e9riau de l'enveloppe<\/td><td>Bois brut, \u00e9rable, bambou (facultatif)<\/td><\/tr><tr><td>M\u00e9tal Mat\u00e9riau du connecteur<\/td><td>Alliage (anti-oxydation, r\u00e9sistant \u00e0 l'usure)<\/td><\/tr><tr><td>Dimensions du produit<\/td><td>Environ 90\u00d720\u00d710mm (taille totale)<\/td><\/tr><tr><td>Poids du produit<\/td><td>Environ 15 g (l\u00e9ger et portable)<\/td><\/tr><\/tbody><\/table><\/figure>\n\n\n\n<div class=\"wp-block-columns is-layout-flex wp-container-core-columns-is-layout-28f84493 wp-block-columns-is-layout-flex\">\n<div class=\"wp-block-column is-layout-flow wp-block-column-is-layout-flow\">\n<figure class=\"wp-block-image size-full\"><img alt=\"\" loading=\"lazy\" decoding=\"async\" width=\"1024\" height=\"1024\" src=\"https:\/\/www.usborkeychain.com\/wp-content\/uploads\/Maple-Wood-Flip-USB-Drive.jpg\" class=\"wp-image-4452\" srcset=\"https:\/\/www.usborkeychain.com\/wp-content\/uploads\/Maple-Wood-Flip-USB-Drive.jpg 1024w, https:\/\/www.usborkeychain.com\/wp-content\/uploads\/Maple-Wood-Flip-USB-Drive-300x300.jpg 300w, https:\/\/www.usborkeychain.com\/wp-content\/uploads\/Maple-Wood-Flip-USB-Drive-150x150.jpg 150w, https:\/\/www.usborkeychain.com\/wp-content\/uploads\/Maple-Wood-Flip-USB-Drive-768x768.jpg 768w, https:\/\/www.usborkeychain.com\/wp-content\/uploads\/Maple-Wood-Flip-USB-Drive-12x12.jpg 12w, https:\/\/www.usborkeychain.com\/wp-content\/uploads\/Maple-Wood-Flip-USB-Drive-600x600.jpg 600w, https:\/\/www.usborkeychain.com\/wp-content\/uploads\/Maple-Wood-Flip-USB-Drive-100x100.jpg 100w\" sizes=\"(max-width: 1024px) 100vw, 1024px\" \/><\/figure>\n<\/div>\n\n\n\n<div class=\"wp-block-column is-vertically-aligned-center is-layout-flow wp-block-column-is-layout-flow\">\n<h3 class=\"wp-block-heading\">Personnalisation : Extension de la marque de la cl\u00e9 USB \u00e0 l'emballage<\/h3>\n\n\n\n<ul class=\"wp-block-list\">\n<li><strong>Personnalisation du LOGO<\/strong>: Le bo\u00eetier en bois peut \u00eatre grav\u00e9 au laser (avec une texture claire et une sensation de qualit\u00e9 sup\u00e9rieure) ou imprim\u00e9 en couleur (couleurs vives et motifs riches), ce qui permet de r\u00e9pondre aux besoins de personnalisation tels que les logos d'entreprise et les dessins personnalis\u00e9s.<\/li>\n\n\n\n<li><strong>Personnalisation de l'emballage<\/strong>: La bo\u00eete d'emballage en bois assortie peut \u00eatre personnalis\u00e9e simultan\u00e9ment avec un LOGO, ce qui permet d'int\u00e9grer la marque de la cl\u00e9 USB \u00e0 l'emballage. Il convient aux cadeaux d'affaires, aux souvenirs d'\u00e9v\u00e9nements et aux cadeaux culturels et cr\u00e9atifs.<\/li>\n<\/ul>\n<\/div>\n<\/div>","protected":false},"excerpt":{"rendered":"<ul>\n<li>Style flip<\/li>\n<li>Mat\u00e9riau en bois<\/li>\n<li>Structure pivotante \u00e0 360<\/li>\n<li>interface USB 3.0 \u00e0 grande vitesse<\/li>\n<li>LOGO personnalis\u00e9<\/li>\n<\/ul>","protected":false},"featured_media":4451,"comment_status":"open","ping_status":"closed","template":"","meta":{"_seopress_robots_primary_cat":"","_seopress_titles_title":"","_seopress_titles_desc":"","_seopress_robots_index":"","site-sidebar-layout":"default","site-content-layout":"","ast-site-content-layout":"","site-content-style":"default","site-sidebar-style":"default","ast-global-header-display":"","ast-banner-title-visibility":"","ast-main-header-display":"","ast-hfb-above-header-display":"","ast-hfb-below-header-display":"","ast-hfb-mobile-header-display":"","site-post-title":"","ast-breadcrumbs-content":"","ast-featured-img":"","footer-sml-layout":"","theme-transparent-header-meta":"","adv-header-id-meta":"","stick-header-meta":"","header-above-stick-meta":"","header-main-stick-meta":"","header-below-stick-meta":"","astra-migrate-meta-layouts":"default","ast-page-background-enabled":"default","ast-page-background-meta":{"desktop":{"background-color":"var(--ast-global-color-5)","background-image":"","background-repeat":"repeat","background-position":"center center","background-size":"auto","background-attachment":"scroll","background-type":"","background-media":"","overlay-type":"","overlay-color":"","overlay-opacity":"","overlay-gradient":""},"tablet":{"background-color":"","background-image":"","background-repeat":"repeat","background-position":"center center","background-size":"auto","background-attachment":"scroll","background-type":"","background-media":"","overlay-type":"","overlay-color":"","overlay-opacity":"","overlay-gradient":""},"mobile":{"background-color":"","background-image":"","background-repeat":"repeat","background-position":"center center","background-size":"auto","background-attachment":"scroll","background-type":"","background-media":"","overlay-type":"","overlay-color":"","overlay-opacity":"","overlay-gradient":""}},"ast-content-background-meta":{"desktop":{"background-color":"var(--ast-global-color-4)","background-image":"","background-repeat":"repeat","background-position":"center center","background-size":"auto","background-attachment":"scroll","background-type":"","background-media":"","overlay-type":"","overlay-color":"","overlay-opacity":"","overlay-gradient":""},"tablet":{"background-color":"var(--ast-global-color-4)","background-image":"","background-repeat":"repeat","background-position":"center center","background-size":"auto","background-attachment":"scroll","background-type":"","background-media":"","overlay-type":"","overlay-color":"","overlay-opacity":"","overlay-gradient":""},"mobile":{"background-color":"var(--ast-global-color-4)","background-image":"","background-repeat":"repeat","background-position":"center center","background-size":"auto","background-attachment":"scroll","background-type":"","background-media":"","overlay-type":"","overlay-color":"","overlay-opacity":"","overlay-gradient":""}}},"product_brand":[],"product_cat":[168,104],"product_tag":[171],"class_list":{"0":"post-4447","1":"product","2":"type-product","3":"status-publish","4":"has-post-thumbnail","6":"product_cat-wood-usb-flash-drive","7":"product_cat-usb3-0-usb-pendrive","8":"product_tag-flip-usb-flash-drive","9":"desktop-align-left","10":"tablet-align-left","11":"mobile-align-left","13":"first","14":"instock","15":"shipping-taxable","16":"product-type-simple"},"_links":{"self":[{"href":"https:\/\/www.usborkeychain.com\/fr\/wp-json\/wp\/v2\/product\/4447","targetHints":{"allow":["GET"]}}],"collection":[{"href":"https:\/\/www.usborkeychain.com\/fr\/wp-json\/wp\/v2\/product"}],"about":[{"href":"https:\/\/www.usborkeychain.com\/fr\/wp-json\/wp\/v2\/types\/product"}],"replies":[{"embeddable":true,"href":"https:\/\/www.usborkeychain.com\/fr\/wp-json\/wp\/v2\/comments?post=4447"}],"wp:featuredmedia":[{"embeddable":true,"href":"https:\/\/www.usborkeychain.com\/fr\/wp-json\/wp\/v2\/media\/4451"}],"wp:attachment":[{"href":"https:\/\/www.usborkeychain.com\/fr\/wp-json\/wp\/v2\/media?parent=4447"}],"wp:term":[{"taxonomy":"product_brand","embeddable":true,"href":"https:\/\/www.usborkeychain.com\/fr\/wp-json\/wp\/v2\/product_brand?post=4447"},{"taxonomy":"product_cat","embeddable":true,"href":"https:\/\/www.usborkeychain.com\/fr\/wp-json\/wp\/v2\/product_cat?post=4447"},{"taxonomy":"product_tag","embeddable":true,"href":"https:\/\/www.usborkeychain.com\/fr\/wp-json\/wp\/v2\/product_tag?post=4447"}],"curies":[{"name":"wp","href":"https:\/\/api.w.org\/{rel}","templated":true}]}}