{"id":4454,"date":"2025-07-24T00:56:00","date_gmt":"2025-07-24T00:56:00","guid":{"rendered":"https:\/\/www.usborkeychain.com\/?post_type=product&#038;p=4454"},"modified":"2025-08-17T13:16:34","modified_gmt":"2025-08-17T13:16:34","slug":"long-strip-right-angle-wooden-usb-stick","status":"publish","type":"product","link":"https:\/\/www.usborkeychain.com\/fr\/produit\/long-strip-right-angle-wooden-usb-stick\/","title":{"rendered":"Cl\u00e9 USB en bois \u00e0 angle droit et \u00e0 longue bande"},"content":{"rendered":"<p><\/p>\n\n\n\n<div class=\"wp-block-columns is-layout-flex wp-container-core-columns-is-layout-28f84493 wp-block-columns-is-layout-flex\">\n<div class=\"wp-block-column is-layout-flow wp-block-column-is-layout-flow\">\n<figure class=\"wp-block-image size-full\"><img fetchpriority=\"high\" decoding=\"async\" width=\"720\" height=\"720\" src=\"https:\/\/www.usborkeychain.com\/wp-content\/uploads\/180\u00b0-Rotating-Wooden-USB-Flash-Drive.jpg\" alt=\"180\u00b0 Rotating Wooden USB Flash Drive\" class=\"wp-image-4457\" srcset=\"https:\/\/www.usborkeychain.com\/wp-content\/uploads\/180\u00b0-Rotating-Wooden-USB-Flash-Drive.jpg 720w, https:\/\/www.usborkeychain.com\/wp-content\/uploads\/180\u00b0-Rotating-Wooden-USB-Flash-Drive-300x300.jpg 300w, https:\/\/www.usborkeychain.com\/wp-content\/uploads\/180\u00b0-Rotating-Wooden-USB-Flash-Drive-150x150.jpg 150w, https:\/\/www.usborkeychain.com\/wp-content\/uploads\/180\u00b0-Rotating-Wooden-USB-Flash-Drive-12x12.jpg 12w, https:\/\/www.usborkeychain.com\/wp-content\/uploads\/180\u00b0-Rotating-Wooden-USB-Flash-Drive-600x600.jpg 600w, https:\/\/www.usborkeychain.com\/wp-content\/uploads\/180\u00b0-Rotating-Wooden-USB-Flash-Drive-100x100.jpg 100w\" sizes=\"(max-width: 720px) 100vw, 720px\" \/><\/figure>\n<\/div>\n\n\n\n<div class=\"wp-block-column is-vertically-aligned-center is-layout-flow wp-block-column-is-layout-flow\">\n<p>La cl\u00e9 USB rotative \u00e0 angle droit et \u00e0 longue bande en bois rompt avec l'impression st\u00e9r\u00e9otyp\u00e9e des cl\u00e9s USB traditionnelles gr\u00e2ce \u00e0 sa forme mini rectangulaire. Les lignes \u00e0 angle droit dessinent une texture soign\u00e9e, et elle est \u00e9quip\u00e9e d'une structure rotative \u00e0 180 degr\u00e9s pour permettre la r\u00e9traction et l'extension flexibles de l'interface USB - lorsqu'elle est rang\u00e9e.<\/p>\n\n\n\n<p> Il s'adapte \u00e0 la coque en bois et, lorsqu'il est utilis\u00e9, il peut \u00eatre d\u00e9pli\u00e9 d'un seul clic, ce qui non seulement emp\u00eache l'interface d'\u00eatre heurt\u00e9e, mais rend \u00e9galement l'utilisation plus pratique.<\/p>\n<\/div>\n<\/div>\n\n\n\n<h3 class=\"wp-block-heading\">S\u00e9lection des mat\u00e9riaux<\/h3>\n\n\n\n<p>Les bois naturels s\u00e9lectionn\u00e9s, tels que le bois brut, l'\u00e9rable et le bambou, conf\u00e8rent \u00e0 chaque cl\u00e9 USB un grain unique et une texture chaleureuse, interpr\u00e9tant ainsi l'esth\u00e9tique naturelle.<\/p>\n\n\n\n<h3 class=\"wp-block-heading\">D\u00e9tails de l'apparence<\/h3>\n\n\n\n<ul class=\"wp-block-list\">\n<li>Design profil\u00e9 : Le corps principal mini rectangulaire avec de petits coins arrondis \u00e0 10 degr\u00e9s polis sur les bords, prenant en compte \u00e0 la fois le confort de prise en main et la d\u00e9licatesse visuelle ;<\/li>\n\n\n\n<li>Structure rotative : Le connecteur USB prend en charge la rotation bidirectionnelle \u00e0 180 degr\u00e9s, qui est fluide et ne se bloque pas, ce qui permet de basculer en un clic entre le stockage et l'utilisation ;<\/li>\n\n\n\n<li>Conception portable : \u00c9quip\u00e9 d'un porte-cl\u00e9s en m\u00e9tal \u00e0 l'arri\u00e8re, il peut \u00eatre accroch\u00e9 directement \u00e0 un porte-cl\u00e9s ou \u00e0 un sac pour \u00eatre facilement transport\u00e9 sans \u00eatre perdu.<\/li>\n<\/ul>\n\n\n\n<div class=\"wp-block-columns is-layout-flex wp-container-core-columns-is-layout-28f84493 wp-block-columns-is-layout-flex\">\n<div class=\"wp-block-column is-layout-flow wp-block-column-is-layout-flow\">\n<figure class=\"wp-block-image size-full\"><img alt=\"\" decoding=\"async\" width=\"720\" height=\"720\" src=\"https:\/\/www.usborkeychain.com\/wp-content\/uploads\/Mini-Wooden-Rectangular-USB-Drive.jpg\" class=\"wp-image-4459\" srcset=\"https:\/\/www.usborkeychain.com\/wp-content\/uploads\/Mini-Wooden-Rectangular-USB-Drive.jpg 720w, https:\/\/www.usborkeychain.com\/wp-content\/uploads\/Mini-Wooden-Rectangular-USB-Drive-300x300.jpg 300w, https:\/\/www.usborkeychain.com\/wp-content\/uploads\/Mini-Wooden-Rectangular-USB-Drive-150x150.jpg 150w, https:\/\/www.usborkeychain.com\/wp-content\/uploads\/Mini-Wooden-Rectangular-USB-Drive-12x12.jpg 12w, https:\/\/www.usborkeychain.com\/wp-content\/uploads\/Mini-Wooden-Rectangular-USB-Drive-600x600.jpg 600w, https:\/\/www.usborkeychain.com\/wp-content\/uploads\/Mini-Wooden-Rectangular-USB-Drive-100x100.jpg 100w\" sizes=\"(max-width: 720px) 100vw, 720px\" \/><\/figure>\n<\/div>\n\n\n\n<div class=\"wp-block-column is-layout-flow wp-block-column-is-layout-flow\">\n<figure class=\"wp-block-image size-full\"><img alt=\"\" decoding=\"async\" width=\"720\" height=\"720\" src=\"https:\/\/www.usborkeychain.com\/wp-content\/uploads\/Wooden-Long-Strip-Right-Angle-USB-Drive.jpg\" class=\"wp-image-4460\" srcset=\"https:\/\/www.usborkeychain.com\/wp-content\/uploads\/Wooden-Long-Strip-Right-Angle-USB-Drive.jpg 720w, https:\/\/www.usborkeychain.com\/wp-content\/uploads\/Wooden-Long-Strip-Right-Angle-USB-Drive-300x300.jpg 300w, https:\/\/www.usborkeychain.com\/wp-content\/uploads\/Wooden-Long-Strip-Right-Angle-USB-Drive-150x150.jpg 150w, https:\/\/www.usborkeychain.com\/wp-content\/uploads\/Wooden-Long-Strip-Right-Angle-USB-Drive-12x12.jpg 12w, https:\/\/www.usborkeychain.com\/wp-content\/uploads\/Wooden-Long-Strip-Right-Angle-USB-Drive-600x600.jpg 600w, https:\/\/www.usborkeychain.com\/wp-content\/uploads\/Wooden-Long-Strip-Right-Angle-USB-Drive-100x100.jpg 100w\" sizes=\"(max-width: 720px) 100vw, 720px\" \/><\/figure>\n<\/div>\n<\/div>\n\n\n\n<p>Le bois est le \"support d'or\" de la gravure au laser - le grain naturel rend la gravure du LOGO plus tridimensionnelle, le d\u00e9grad\u00e9 de couleurs du bois met en valeur les couches, et le produit fini pr\u00e9sente une texture haut de gamme. Il est particuli\u00e8rement adapt\u00e9 aux sc\u00e9narios suivants :<\/p>\n\n\n\n<ol class=\"wp-block-list\">\n<li>Industrie du mariage : Stocker les photos de mariage, graver les noms et les dates des jeunes mari\u00e9s, et devenir une \"capsule temporelle\" - un cadeau de style, porteur d'une romance \u00e9ternelle ;<\/li>\n\n\n\n<li>Industrie de la photographie : Stocker des photos d'\u00e9chantillons\/de visiteurs, graver le LOGO du studio, rendre la livraison des travaux plus c\u00e9r\u00e9monieuse et renforcer la m\u00e9moire de la marque ;<\/li>\n\n\n\n<li>Industrie musicale : Stocker les singles\/albums originaux, graver le nom de l'artiste et de l'album, cr\u00e9er des p\u00e9riph\u00e9riques musicaux exclusifs et transmettre la temp\u00e9rature de la cr\u00e9ation ;<\/li>\n\n\n\n<li>Personnalisation par l'entreprise : Graver des logos et des slogans d'entreprise, pour des cadeaux d'affaires \u00e0 la fois pratiques et \u00e9l\u00e9gants. Le mat\u00e9riau naturel est plus conforme au concept de protection de l'environnement.<\/li>\n<\/ol>\n\n\n\n<p>La cl\u00e9 USB rotative \u00e0 angle droit en bois int\u00e8gre parfaitement l'artisanat du bois vintage et le stockage moderne : la rotation \u00e0 180 degr\u00e9s et le design du porte-cl\u00e9s am\u00e9liorent la praticit\u00e9, et la gravure au laser lui conf\u00e8re une expression personnalis\u00e9e.<\/p>\n\n\n\n<p><\/p>","protected":false},"excerpt":{"rendered":"<ul>\n<li>Rotation de 180<\/li>\n<li>Angle droit<\/li>\n<li>Bande longue en bois<\/li>\n<li>Csutom LOGO<\/li>\n<li>Paquet personnalis\u00e9<\/li>\n<\/ul>","protected":false},"featured_media":4457,"comment_status":"open","ping_status":"closed","template":"","meta":{"_seopress_robots_primary_cat":"","_seopress_titles_title":"","_seopress_titles_desc":"","_seopress_robots_index":"","site-sidebar-layout":"default","site-content-layout":"","ast-site-content-layout":"","site-content-style":"default","site-sidebar-style":"default","ast-global-header-display":"","ast-banner-title-visibility":"","ast-main-header-display":"","ast-hfb-above-header-display":"","ast-hfb-below-header-display":"","ast-hfb-mobile-header-display":"","site-post-title":"","ast-breadcrumbs-content":"","ast-featured-img":"","footer-sml-layout":"","theme-transparent-header-meta":"","adv-header-id-meta":"","stick-header-meta":"","header-above-stick-meta":"","header-main-stick-meta":"","header-below-stick-meta":"","astra-migrate-meta-layouts":"default","ast-page-background-enabled":"default","ast-page-background-meta":{"desktop":{"background-color":"var(--ast-global-color-5)","background-image":"","background-repeat":"repeat","background-position":"center center","background-size":"auto","background-attachment":"scroll","background-type":"","background-media":"","overlay-type":"","overlay-color":"","overlay-opacity":"","overlay-gradient":""},"tablet":{"background-color":"","background-image":"","background-repeat":"repeat","background-position":"center center","background-size":"auto","background-attachment":"scroll","background-type":"","background-media":"","overlay-type":"","overlay-color":"","overlay-opacity":"","overlay-gradient":""},"mobile":{"background-color":"","background-image":"","background-repeat":"repeat","background-position":"center center","background-size":"auto","background-attachment":"scroll","background-type":"","background-media":"","overlay-type":"","overlay-color":"","overlay-opacity":"","overlay-gradient":""}},"ast-content-background-meta":{"desktop":{"background-color":"var(--ast-global-color-4)","background-image":"","background-repeat":"repeat","background-position":"center center","background-size":"auto","background-attachment":"scroll","background-type":"","background-media":"","overlay-type":"","overlay-color":"","overlay-opacity":"","overlay-gradient":""},"tablet":{"background-color":"var(--ast-global-color-4)","background-image":"","background-repeat":"repeat","background-position":"center center","background-size":"auto","background-attachment":"scroll","background-type":"","background-media":"","overlay-type":"","overlay-color":"","overlay-opacity":"","overlay-gradient":""},"mobile":{"background-color":"var(--ast-global-color-4)","background-image":"","background-repeat":"repeat","background-position":"center center","background-size":"auto","background-attachment":"scroll","background-type":"","background-media":"","overlay-type":"","overlay-color":"","overlay-opacity":"","overlay-gradient":""}}},"product_brand":[],"product_cat":[168,106,101],"product_tag":[404],"class_list":{"0":"post-4454","1":"product","2":"type-product","3":"status-publish","4":"has-post-thumbnail","6":"product_cat-wood-usb-flash-drive","7":"product_cat-rotating-usb-pendrive","8":"product_cat-usb-pendrive-with-keychain","9":"product_tag-wooden-rotating-usb-drive","10":"desktop-align-left","11":"tablet-align-left","12":"mobile-align-left","14":"first","15":"instock","16":"shipping-taxable","17":"product-type-simple"},"_links":{"self":[{"href":"https:\/\/www.usborkeychain.com\/fr\/wp-json\/wp\/v2\/product\/4454","targetHints":{"allow":["GET"]}}],"collection":[{"href":"https:\/\/www.usborkeychain.com\/fr\/wp-json\/wp\/v2\/product"}],"about":[{"href":"https:\/\/www.usborkeychain.com\/fr\/wp-json\/wp\/v2\/types\/product"}],"replies":[{"embeddable":true,"href":"https:\/\/www.usborkeychain.com\/fr\/wp-json\/wp\/v2\/comments?post=4454"}],"wp:featuredmedia":[{"embeddable":true,"href":"https:\/\/www.usborkeychain.com\/fr\/wp-json\/wp\/v2\/media\/4457"}],"wp:attachment":[{"href":"https:\/\/www.usborkeychain.com\/fr\/wp-json\/wp\/v2\/media?parent=4454"}],"wp:term":[{"taxonomy":"product_brand","embeddable":true,"href":"https:\/\/www.usborkeychain.com\/fr\/wp-json\/wp\/v2\/product_brand?post=4454"},{"taxonomy":"product_cat","embeddable":true,"href":"https:\/\/www.usborkeychain.com\/fr\/wp-json\/wp\/v2\/product_cat?post=4454"},{"taxonomy":"product_tag","embeddable":true,"href":"https:\/\/www.usborkeychain.com\/fr\/wp-json\/wp\/v2\/product_tag?post=4454"}],"curies":[{"name":"wp","href":"https:\/\/api.w.org\/{rel}","templated":true}]}}