{"id":4462,"date":"2025-07-24T03:09:52","date_gmt":"2025-07-24T03:09:52","guid":{"rendered":"https:\/\/www.usborkeychain.com\/?post_type=product&#038;p=4462"},"modified":"2025-07-24T03:23:04","modified_gmt":"2025-07-24T03:23:04","slug":"triangular-metal-key-usb-flash-drive","status":"publish","type":"product","link":"https:\/\/www.usborkeychain.com\/fr\/produit\/triangular-metal-key-usb-flash-drive\/","title":{"rendered":"Cl\u00e9 USB triangulaire en m\u00e9tal"},"content":{"rendered":"<div class=\"wp-block-columns are-vertically-aligned-center is-layout-flex wp-container-core-columns-is-layout-28f84493 wp-block-columns-is-layout-flex\">\n<div class=\"wp-block-column is-vertically-aligned-center is-layout-flow wp-block-column-is-layout-flow\">\n<p>Le <strong>cl\u00e9 triangulaire en m\u00e9tal cl\u00e9 USB <\/strong>se distingue par sa forme g\u00e9om\u00e9trique unique, qui rompt avec l'aspect st\u00e9r\u00e9otyp\u00e9, carr\u00e9 ou rectangulaire, des cl\u00e9s USB traditionnelles. Elle offre deux options de design : triangulaire plat et triangulaire tridimensionnel.<\/p>\n\n\n\n<ul class=\"wp-block-list\">\n<li><strong>Durable<\/strong>: Compar\u00e9 aux cl\u00e9s USB en plastique, le bo\u00eetier m\u00e9tallique offre une meilleure r\u00e9sistance aux chutes et aux collisions dans le cadre d'une utilisation quotidienne, prot\u00e9geant ainsi efficacement la puce de stockage interne et prolongeant la dur\u00e9e de vie du produit.<\/li>\n\n\n\n<li><strong>Ultra-mince et portable<\/strong>: Gr\u00e2ce \u00e0 un savoir-faire sophistiqu\u00e9, l'\u00e9paisseur totale de la cl\u00e9 USB est contr\u00f4l\u00e9e avec pr\u00e9cision, ce qui la rend petite, fine et l\u00e9g\u00e8re. Avec son design en forme de cl\u00e9, elle peut \u00eatre facilement attach\u00e9e \u00e0 un porte-cl\u00e9s.<\/li>\n\n\n\n<li><strong>Transfert rapide<\/strong>: Dot\u00e9e de puces de m\u00e9moire flash de haute qualit\u00e9 et d'un syst\u00e8me de contr\u00f4le principal efficace, l'interface USB 2.0\/USB 3.0 garantit une transmission de donn\u00e9es efficace et stable.<\/li>\n<\/ul>\n<\/div>\n\n\n\n<div class=\"wp-block-column is-vertically-aligned-center is-layout-flow wp-block-column-is-layout-flow\">\n<figure class=\"wp-block-image aligncenter size-full\"><img alt=\"\" fetchpriority=\"high\" decoding=\"async\" width=\"800\" height=\"800\" src=\"https:\/\/www.usborkeychain.com\/wp-content\/uploads\/Pyramid-USB-flash-drive.jpg\" class=\"wp-image-4467\" srcset=\"https:\/\/www.usborkeychain.com\/wp-content\/uploads\/Pyramid-USB-flash-drive.jpg 800w, https:\/\/www.usborkeychain.com\/wp-content\/uploads\/Pyramid-USB-flash-drive-300x300.jpg 300w, https:\/\/www.usborkeychain.com\/wp-content\/uploads\/Pyramid-USB-flash-drive-150x150.jpg 150w, https:\/\/www.usborkeychain.com\/wp-content\/uploads\/Pyramid-USB-flash-drive-768x768.jpg 768w, https:\/\/www.usborkeychain.com\/wp-content\/uploads\/Pyramid-USB-flash-drive-12x12.jpg 12w, https:\/\/www.usborkeychain.com\/wp-content\/uploads\/Pyramid-USB-flash-drive-600x600.jpg 600w, https:\/\/www.usborkeychain.com\/wp-content\/uploads\/Pyramid-USB-flash-drive-100x100.jpg 100w\" sizes=\"(max-width: 800px) 100vw, 800px\" \/><\/figure>\n<\/div>\n<\/div>\n\n\n\n<h2 class=\"wp-block-heading\">Peut-il \u00eatre personnalis\u00e9 dans diff\u00e9rentes formes et couleurs ?<\/h2>\n\n\n\n<div class=\"wp-block-columns are-vertically-aligned-center is-layout-flex wp-container-core-columns-is-layout-28f84493 wp-block-columns-is-layout-flex\">\n<div class=\"wp-block-column is-vertically-aligned-center is-layout-flow wp-block-column-is-layout-flow\">\n<figure class=\"wp-block-image size-full\"><img alt=\"\" decoding=\"async\" width=\"800\" height=\"800\" src=\"https:\/\/www.usborkeychain.com\/wp-content\/uploads\/Delta-USB-flash-Drive.jpg\" class=\"wp-image-4466\" srcset=\"https:\/\/www.usborkeychain.com\/wp-content\/uploads\/Delta-USB-flash-Drive.jpg 800w, https:\/\/www.usborkeychain.com\/wp-content\/uploads\/Delta-USB-flash-Drive-300x300.jpg 300w, https:\/\/www.usborkeychain.com\/wp-content\/uploads\/Delta-USB-flash-Drive-150x150.jpg 150w, https:\/\/www.usborkeychain.com\/wp-content\/uploads\/Delta-USB-flash-Drive-768x768.jpg 768w, https:\/\/www.usborkeychain.com\/wp-content\/uploads\/Delta-USB-flash-Drive-12x12.jpg 12w, https:\/\/www.usborkeychain.com\/wp-content\/uploads\/Delta-USB-flash-Drive-600x600.jpg 600w, https:\/\/www.usborkeychain.com\/wp-content\/uploads\/Delta-USB-flash-Drive-100x100.jpg 100w\" sizes=\"(max-width: 800px) 100vw, 800px\" \/><\/figure>\n<\/div>\n\n\n\n<div class=\"wp-block-column is-vertically-aligned-center is-layout-flow wp-block-column-is-layout-flow\">\n<p>La forme triangulaire est l'un des points forts de cette cl\u00e9 USB :<\/p>\n\n\n\n<ul class=\"wp-block-list\">\n<li><strong>Diverses formes<\/strong>: Il peut prendre une forme triangulaire simple et plate, avec des lignes lisses et un style soign\u00e9 ; il peut \u00e9galement prendre une forme triangulaire tridimensionnelle, ajoutant un sens de la hi\u00e9rarchie et de l'int\u00e9r\u00eat visuel, et donnant une sensation plus textur\u00e9e dans la main.<\/li>\n\n\n\n<li><strong>Personnalisation des couleurs<\/strong>: Un large \u00e9ventail d'options de personnalisation des couleurs est disponible. Les couleurs comprennent l'argent classique, l'or, le noir, ainsi que le rose, le bleu, le rouge, etc. pour r\u00e9pondre aux besoins esth\u00e9tiques des diff\u00e9rents utilisateurs. Plus important encore, la couleur peut \u00eatre enti\u00e8rement personnalis\u00e9e, ce qui permet aux entreprises clientes de b\u00e9n\u00e9ficier d'une correspondance exclusive des couleurs en fonction de leur propre syst\u00e8me de couleurs.<\/li>\n<\/ul>\n<\/div>\n<\/div>\n\n\n\n<h2 class=\"wp-block-heading\">Param\u00e8tres de la cl\u00e9 USB<\/h2>\n\n\n\n<figure class=\"wp-block-table\"><table class=\"has-fixed-layout\"><thead><tr><th>Cat\u00e9gorie de param\u00e8tres<\/th><th>Contenu sp\u00e9cifique<\/th><\/tr><\/thead><tbody><tr><td>Type d'interface<\/td><td>USB 2.0\/USB 3.0 (en option)<\/td><\/tr><tr><td>Capacit\u00e9 de stockage<\/td><td>8GB, 16GB, 32GB, 64GB, 128GB<\/td><\/tr><tr><td>Taille\uff08longueur \u00d7 largeur \u00d7 \u00e9paisseur\uff09<\/td><td>L\u00e9g\u00e8rement diff\u00e9rent en raison de la conception triangulaire, environ 35 mm \u00d7 20 mm \u00d7 3 mm<\/td><\/tr><tr><td>Poids<\/td><td>10-15g<\/td><\/tr><\/tbody><\/table><\/figure>\n\n\n\n<div class=\"wp-block-columns is-layout-flex wp-container-core-columns-is-layout-28f84493 wp-block-columns-is-layout-flex\">\n<div class=\"wp-block-column is-layout-flow wp-block-column-is-layout-flow\">\n<figure class=\"wp-block-image size-full\"><img alt=\"\" decoding=\"async\" width=\"800\" height=\"800\" src=\"https:\/\/www.usborkeychain.com\/wp-content\/uploads\/TriKey-USB-flash-drive.jpg\" class=\"wp-image-4470\" srcset=\"https:\/\/www.usborkeychain.com\/wp-content\/uploads\/TriKey-USB-flash-drive.jpg 800w, https:\/\/www.usborkeychain.com\/wp-content\/uploads\/TriKey-USB-flash-drive-300x300.jpg 300w, https:\/\/www.usborkeychain.com\/wp-content\/uploads\/TriKey-USB-flash-drive-150x150.jpg 150w, https:\/\/www.usborkeychain.com\/wp-content\/uploads\/TriKey-USB-flash-drive-768x768.jpg 768w, https:\/\/www.usborkeychain.com\/wp-content\/uploads\/TriKey-USB-flash-drive-12x12.jpg 12w, https:\/\/www.usborkeychain.com\/wp-content\/uploads\/TriKey-USB-flash-drive-600x600.jpg 600w, https:\/\/www.usborkeychain.com\/wp-content\/uploads\/TriKey-USB-flash-drive-100x100.jpg 100w\" sizes=\"(max-width: 800px) 100vw, 800px\" \/><\/figure>\n<\/div>\n\n\n\n<div class=\"wp-block-column is-layout-flow wp-block-column-is-layout-flow\">\n<figure class=\"wp-block-image size-full\"><img alt=\"\" loading=\"lazy\" decoding=\"async\" width=\"800\" height=\"800\" src=\"https:\/\/www.usborkeychain.com\/wp-content\/uploads\/TriEdge-USB-flash-Drive.jpg\" class=\"wp-image-4468\" srcset=\"https:\/\/www.usborkeychain.com\/wp-content\/uploads\/TriEdge-USB-flash-Drive.jpg 800w, https:\/\/www.usborkeychain.com\/wp-content\/uploads\/TriEdge-USB-flash-Drive-300x300.jpg 300w, https:\/\/www.usborkeychain.com\/wp-content\/uploads\/TriEdge-USB-flash-Drive-150x150.jpg 150w, https:\/\/www.usborkeychain.com\/wp-content\/uploads\/TriEdge-USB-flash-Drive-768x768.jpg 768w, https:\/\/www.usborkeychain.com\/wp-content\/uploads\/TriEdge-USB-flash-Drive-12x12.jpg 12w, https:\/\/www.usborkeychain.com\/wp-content\/uploads\/TriEdge-USB-flash-Drive-600x600.jpg 600w, https:\/\/www.usborkeychain.com\/wp-content\/uploads\/TriEdge-USB-flash-Drive-100x100.jpg 100w\" sizes=\"(max-width: 800px) 100vw, 800px\" \/><\/figure>\n<\/div>\n\n\n\n<div class=\"wp-block-column is-layout-flow wp-block-column-is-layout-flow\">\n<figure class=\"wp-block-image size-full\"><img alt=\"\" decoding=\"async\" width=\"800\" height=\"800\" src=\"https:\/\/www.usborkeychain.com\/wp-content\/uploads\/Delta-USB-flash-Drive.jpg\" class=\"wp-image-4466\" srcset=\"https:\/\/www.usborkeychain.com\/wp-content\/uploads\/Delta-USB-flash-Drive.jpg 800w, https:\/\/www.usborkeychain.com\/wp-content\/uploads\/Delta-USB-flash-Drive-300x300.jpg 300w, https:\/\/www.usborkeychain.com\/wp-content\/uploads\/Delta-USB-flash-Drive-150x150.jpg 150w, https:\/\/www.usborkeychain.com\/wp-content\/uploads\/Delta-USB-flash-Drive-768x768.jpg 768w, https:\/\/www.usborkeychain.com\/wp-content\/uploads\/Delta-USB-flash-Drive-12x12.jpg 12w, https:\/\/www.usborkeychain.com\/wp-content\/uploads\/Delta-USB-flash-Drive-600x600.jpg 600w, https:\/\/www.usborkeychain.com\/wp-content\/uploads\/Delta-USB-flash-Drive-100x100.jpg 100w\" sizes=\"(max-width: 800px) 100vw, 800px\" \/><\/figure>\n<\/div>\n<\/div>\n\n\n\n<h2 class=\"wp-block-heading\">Le LOGO peut-il \u00eatre personnalis\u00e9 ?<\/h2>\n\n\n\n<div class=\"wp-block-columns is-layout-flex wp-container-core-columns-is-layout-28f84493 wp-block-columns-is-layout-flex\">\n<div class=\"wp-block-column is-vertically-aligned-center is-layout-flow wp-block-column-is-layout-flow\">\n<p>La cl\u00e9 USB triangulaire en m\u00e9tal permet de personnaliser le LOGO gr\u00e2ce \u00e0 deux techniques courantes :<\/p>\n\n\n\n<p>La cl\u00e9 USB triangulaire en m\u00e9tal offre des services professionnels de personnalisation du LOGO, gr\u00e2ce \u00e0 la gravure au laser et \u00e0 la s\u00e9rigraphie. L'effet de la gravure au laser est durable et ne s'estompe pas, ce qui convient aux logos d'entreprise simples et \u00e9l\u00e9gants ; le processus d'impression en s\u00e9rigraphie peut pr\u00e9senter des couches de couleurs plus riches, ce qui convient \u00e0 l'affichage de motifs complexes.<\/p>\n<\/div>\n\n\n\n<div class=\"wp-block-column is-vertically-aligned-center is-layout-flow wp-block-column-is-layout-flow\">\n<figure class=\"wp-block-image size-full\"><img alt=\"\" loading=\"lazy\" decoding=\"async\" width=\"800\" height=\"800\" src=\"https:\/\/www.usborkeychain.com\/wp-content\/uploads\/Angle-USB-Flash-drive.jpg\" class=\"wp-image-4465\" srcset=\"https:\/\/www.usborkeychain.com\/wp-content\/uploads\/Angle-USB-Flash-drive.jpg 800w, https:\/\/www.usborkeychain.com\/wp-content\/uploads\/Angle-USB-Flash-drive-300x300.jpg 300w, https:\/\/www.usborkeychain.com\/wp-content\/uploads\/Angle-USB-Flash-drive-150x150.jpg 150w, https:\/\/www.usborkeychain.com\/wp-content\/uploads\/Angle-USB-Flash-drive-768x768.jpg 768w, https:\/\/www.usborkeychain.com\/wp-content\/uploads\/Angle-USB-Flash-drive-12x12.jpg 12w, https:\/\/www.usborkeychain.com\/wp-content\/uploads\/Angle-USB-Flash-drive-600x600.jpg 600w, https:\/\/www.usborkeychain.com\/wp-content\/uploads\/Angle-USB-Flash-drive-100x100.jpg 100w\" sizes=\"(max-width: 800px) 100vw, 800px\" \/><\/figure>\n<\/div>\n<\/div>\n\n\n\n<h2 class=\"wp-block-heading\">Quelles sont les entreprises auxquelles il convient de s'adresser ?<\/h2>\n\n\n\n<div class=\"wp-block-columns are-vertically-aligned-center is-layout-flex wp-container-core-columns-is-layout-28f84493 wp-block-columns-is-layout-flex\">\n<div class=\"wp-block-column is-vertically-aligned-center is-layout-flow wp-block-column-is-layout-flow\">\n<figure class=\"wp-block-image size-full\"><img alt=\"\" loading=\"lazy\" decoding=\"async\" width=\"800\" height=\"800\" src=\"https:\/\/www.usborkeychain.com\/wp-content\/uploads\/TriForm-USB-Flash-drive.jpg\" class=\"wp-image-4469\" srcset=\"https:\/\/www.usborkeychain.com\/wp-content\/uploads\/TriForm-USB-Flash-drive.jpg 800w, https:\/\/www.usborkeychain.com\/wp-content\/uploads\/TriForm-USB-Flash-drive-300x300.jpg 300w, https:\/\/www.usborkeychain.com\/wp-content\/uploads\/TriForm-USB-Flash-drive-150x150.jpg 150w, https:\/\/www.usborkeychain.com\/wp-content\/uploads\/TriForm-USB-Flash-drive-768x768.jpg 768w, https:\/\/www.usborkeychain.com\/wp-content\/uploads\/TriForm-USB-Flash-drive-12x12.jpg 12w, https:\/\/www.usborkeychain.com\/wp-content\/uploads\/TriForm-USB-Flash-drive-600x600.jpg 600w, https:\/\/www.usborkeychain.com\/wp-content\/uploads\/TriForm-USB-Flash-drive-100x100.jpg 100w\" sizes=\"(max-width: 800px) 100vw, 800px\" \/><\/figure>\n<\/div>\n\n\n\n<div class=\"wp-block-column is-vertically-aligned-center is-layout-flow wp-block-column-is-layout-flow\">\n<ul class=\"wp-block-list\">\n<li>Soci\u00e9t\u00e9s immobili\u00e8res : Comme Realty World.<\/li>\n\n\n\n<li>Entreprises financi\u00e8res et de cr\u00e9dit : Comme Alliance Mortgage.<\/li>\n\n\n\n<li>Entreprises technologiques : Il peut contenir des informations sur les produits, des programmes d'essai, etc., et \u00eatre offert en cadeau lors d'expositions et de n\u00e9gociations commerciales.<\/li>\n\n\n\n<li>Entreprises de conception cr\u00e9ative : Cr\u00e9er des produits conformes au style cr\u00e9atif de l'entreprise, utilis\u00e9s comme supports de livraison de projets ou comme cadeaux pour les clients.<\/li>\n\n\n\n<li>\u00c9tablissements d'enseignement et de formation.<\/li>\n<\/ul>\n<\/div>\n<\/div>\n\n\n\n<p>Le <strong>cl\u00e9 USB triangulaire en m\u00e9tal<\/strong> est construit sur les bases de la robustesse, de l'ultra-minceur et de la portabilit\u00e9 avec des mat\u00e9riaux m\u00e9talliques. Il cr\u00e9e une apparence distinctive gr\u00e2ce \u00e0 sa forme triangulaire unique et \u00e0 ses couleurs personnalisables, r\u00e9pond \u00e0 diff\u00e9rents besoins de stockage gr\u00e2ce \u00e0 divers param\u00e8tres et contribue \u00e0 la communication de la marque gr\u00e2ce \u00e0 une riche gamme de produits et de services. <strong>Personnalisation du LOGO<\/strong> Il est donc parfaitement adapt\u00e9 \u00e0 la promotion des entreprises dans divers secteurs d'activit\u00e9. Qu'il s'agisse de rangement personnel quotidien ou de marketing d'entreprise, il peut devenir un choix populaire gr\u00e2ce \u00e0 ses fonctions pratiques et \u00e0 son design cr\u00e9atif.<\/p>","protected":false},"excerpt":{"rendered":"<ul>\n<li>Ultra-mince et portable<\/li>\n<li>Triangulaire<\/li>\n<li>Mat\u00e9riau m\u00e9tallique<\/li>\n<li>LOGO personnalis\u00e9<\/li>\n<li>MOQ\uff1a100pcs<\/li>\n<\/ul>","protected":false},"featured_media":4467,"comment_status":"open","ping_status":"closed","template":"","meta":{"_seopress_robots_primary_cat":"","_seopress_titles_title":"","_seopress_titles_desc":"","_seopress_robots_index":"","site-sidebar-layout":"default","site-content-layout":"","ast-site-content-layout":"","site-content-style":"default","site-sidebar-style":"default","ast-global-header-display":"","ast-banner-title-visibility":"","ast-main-header-display":"","ast-hfb-above-header-display":"","ast-hfb-below-header-display":"","ast-hfb-mobile-header-display":"","site-post-title":"","ast-breadcrumbs-content":"","ast-featured-img":"","footer-sml-layout":"","theme-transparent-header-meta":"","adv-header-id-meta":"","stick-header-meta":"","header-above-stick-meta":"","header-main-stick-meta":"","header-below-stick-meta":"","astra-migrate-meta-layouts":"default","ast-page-background-enabled":"default","ast-page-background-meta":{"desktop":{"background-color":"var(--ast-global-color-5)","background-image":"","background-repeat":"repeat","background-position":"center center","background-size":"auto","background-attachment":"scroll","background-type":"","background-media":"","overlay-type":"","overlay-color":"","overlay-opacity":"","overlay-gradient":""},"tablet":{"background-color":"","background-image":"","background-repeat":"repeat","background-position":"center center","background-size":"auto","background-attachment":"scroll","background-type":"","background-media":"","overlay-type":"","overlay-color":"","overlay-opacity":"","overlay-gradient":""},"mobile":{"background-color":"","background-image":"","background-repeat":"repeat","background-position":"center center","background-size":"auto","background-attachment":"scroll","background-type":"","background-media":"","overlay-type":"","overlay-color":"","overlay-opacity":"","overlay-gradient":""}},"ast-content-background-meta":{"desktop":{"background-color":"var(--ast-global-color-4)","background-image":"","background-repeat":"repeat","background-position":"center center","background-size":"auto","background-attachment":"scroll","background-type":"","background-media":"","overlay-type":"","overlay-color":"","overlay-opacity":"","overlay-gradient":""},"tablet":{"background-color":"var(--ast-global-color-4)","background-image":"","background-repeat":"repeat","background-position":"center center","background-size":"auto","background-attachment":"scroll","background-type":"","background-media":"","overlay-type":"","overlay-color":"","overlay-opacity":"","overlay-gradient":""},"mobile":{"background-color":"var(--ast-global-color-4)","background-image":"","background-repeat":"repeat","background-position":"center center","background-size":"auto","background-attachment":"scroll","background-type":"","background-media":"","overlay-type":"","overlay-color":"","overlay-opacity":"","overlay-gradient":""}}},"product_brand":[],"product_cat":[108],"product_tag":[259,267],"class_list":{"0":"post-4462","1":"product","2":"type-product","3":"status-publish","4":"has-post-thumbnail","6":"product_cat-key-shaped-usb-pendrive","7":"product_tag-metal-key-usb-flash-drive","8":"product_tag-triangular-metal-key-usb-flash-drive","9":"desktop-align-left","10":"tablet-align-left","11":"mobile-align-left","13":"first","14":"instock","15":"shipping-taxable","16":"product-type-simple"},"_links":{"self":[{"href":"https:\/\/www.usborkeychain.com\/fr\/wp-json\/wp\/v2\/product\/4462","targetHints":{"allow":["GET"]}}],"collection":[{"href":"https:\/\/www.usborkeychain.com\/fr\/wp-json\/wp\/v2\/product"}],"about":[{"href":"https:\/\/www.usborkeychain.com\/fr\/wp-json\/wp\/v2\/types\/product"}],"replies":[{"embeddable":true,"href":"https:\/\/www.usborkeychain.com\/fr\/wp-json\/wp\/v2\/comments?post=4462"}],"wp:featuredmedia":[{"embeddable":true,"href":"https:\/\/www.usborkeychain.com\/fr\/wp-json\/wp\/v2\/media\/4467"}],"wp:attachment":[{"href":"https:\/\/www.usborkeychain.com\/fr\/wp-json\/wp\/v2\/media?parent=4462"}],"wp:term":[{"taxonomy":"product_brand","embeddable":true,"href":"https:\/\/www.usborkeychain.com\/fr\/wp-json\/wp\/v2\/product_brand?post=4462"},{"taxonomy":"product_cat","embeddable":true,"href":"https:\/\/www.usborkeychain.com\/fr\/wp-json\/wp\/v2\/product_cat?post=4462"},{"taxonomy":"product_tag","embeddable":true,"href":"https:\/\/www.usborkeychain.com\/fr\/wp-json\/wp\/v2\/product_tag?post=4462"}],"curies":[{"name":"wp","href":"https:\/\/api.w.org\/{rel}","templated":true}]}}