{"id":4472,"date":"2025-07-24T04:09:18","date_gmt":"2025-07-24T04:09:18","guid":{"rendered":"https:\/\/www.usborkeychain.com\/?post_type=product&#038;p=4472"},"modified":"2025-07-24T04:10:36","modified_gmt":"2025-07-24T04:10:36","slug":"the-most-popular-key-shaped-usb-flash-drive","status":"publish","type":"product","link":"https:\/\/www.usborkeychain.com\/fr\/produit\/the-most-popular-key-shaped-usb-flash-drive\/","title":{"rendered":"La cl\u00e9 USB en forme de cl\u00e9 la plus populaire"},"content":{"rendered":"<div class=\"wp-block-columns are-vertically-aligned-center is-layout-flex wp-container-core-columns-is-layout-28f84493 wp-block-columns-is-layout-flex\">\n<div class=\"wp-block-column is-vertically-aligned-center is-layout-flow wp-block-column-is-layout-flow\">\n<p>Le pr\u00e9sent <strong>La cl\u00e9 USB en forme de cl\u00e9 la plus populaire<\/strong> est fabriqu\u00e9e \u00e0 partir d'un m\u00e9tal de haute qualit\u00e9 et pr\u00e9sente un design frontal pentagonal qui rompt avec l'aspect monotone des cl\u00e9s USB traditionnelles. Le contour pentagonal conserve l'association classique avec les cl\u00e9s tout en introduisant des lignes g\u00e9om\u00e9triques innovantes, ce qui lui conf\u00e8re un aspect plus moderne.<\/p>\n\n\n\n<p>Au quotidien, le design en forme de cl\u00e9 s'adapte naturellement aux porte-cl\u00e9s. Il prend peu de place lorsqu'il est accroch\u00e9 \u00e0 la taille ou transport\u00e9 dans un sac, et peut \u00eatre emport\u00e9 n'importe o\u00f9 par un simple accrochage\uff0cil s'int\u00e8gre sans probl\u00e8me dans les sc\u00e9narios de voyage. Le mat\u00e9riau m\u00e9tallique est intrins\u00e8quement r\u00e9sistant \u00e0 la rouille et ne se corrode donc pas facilement, m\u00eame en cas d'exposition prolong\u00e9e \u00e0 l'air et \u00e0 la sueur.<\/p>\n<\/div>\n\n\n\n<div class=\"wp-block-column is-vertically-aligned-center is-layout-flow wp-block-column-is-layout-flow\">\n<figure class=\"wp-block-image size-full\"><img alt=\"\" fetchpriority=\"high\" decoding=\"async\" width=\"800\" height=\"800\" src=\"https:\/\/www.usborkeychain.com\/wp-content\/uploads\/ShinyKey-USB-flash-drive.png\" class=\"wp-image-4485\" srcset=\"https:\/\/www.usborkeychain.com\/wp-content\/uploads\/ShinyKey-USB-flash-drive.png 800w, https:\/\/www.usborkeychain.com\/wp-content\/uploads\/ShinyKey-USB-flash-drive-300x300.png 300w, https:\/\/www.usborkeychain.com\/wp-content\/uploads\/ShinyKey-USB-flash-drive-150x150.png 150w, https:\/\/www.usborkeychain.com\/wp-content\/uploads\/ShinyKey-USB-flash-drive-768x768.png 768w, https:\/\/www.usborkeychain.com\/wp-content\/uploads\/ShinyKey-USB-flash-drive-12x12.png 12w, https:\/\/www.usborkeychain.com\/wp-content\/uploads\/ShinyKey-USB-flash-drive-600x600.png 600w, https:\/\/www.usborkeychain.com\/wp-content\/uploads\/ShinyKey-USB-flash-drive-100x100.png 100w\" sizes=\"(max-width: 800px) 100vw, 800px\" \/><\/figure>\n<\/div>\n<\/div>\n\n\n\n<h2 class=\"wp-block-heading\">Quels sont les styles qui peuvent \u00eatre personnalis\u00e9s ?<\/h2>\n\n\n\n<div class=\"wp-block-columns are-vertically-aligned-center is-layout-flex wp-container-core-columns-is-layout-28f84493 wp-block-columns-is-layout-flex\">\n<div class=\"wp-block-column is-vertically-aligned-center is-layout-flow wp-block-column-is-layout-flow\">\n<figure class=\"wp-block-image size-full\"><img alt=\"\" decoding=\"async\" width=\"800\" height=\"800\" src=\"https:\/\/www.usborkeychain.com\/wp-content\/uploads\/ColorKey-USB-flash-drive.png\" class=\"wp-image-4477\" srcset=\"https:\/\/www.usborkeychain.com\/wp-content\/uploads\/ColorKey-USB-flash-drive.png 800w, https:\/\/www.usborkeychain.com\/wp-content\/uploads\/ColorKey-USB-flash-drive-300x300.png 300w, https:\/\/www.usborkeychain.com\/wp-content\/uploads\/ColorKey-USB-flash-drive-150x150.png 150w, https:\/\/www.usborkeychain.com\/wp-content\/uploads\/ColorKey-USB-flash-drive-768x768.png 768w, https:\/\/www.usborkeychain.com\/wp-content\/uploads\/ColorKey-USB-flash-drive-12x12.png 12w, https:\/\/www.usborkeychain.com\/wp-content\/uploads\/ColorKey-USB-flash-drive-600x600.png 600w, https:\/\/www.usborkeychain.com\/wp-content\/uploads\/ColorKey-USB-flash-drive-100x100.png 100w\" sizes=\"(max-width: 800px) 100vw, 800px\" \/><\/figure>\n<\/div>\n\n\n\n<div class=\"wp-block-column is-vertically-aligned-center is-layout-flow wp-block-column-is-layout-flow\">\n<p>Le<strong> La cl\u00e9 USB en forme de cl\u00e9 la plus populaire<\/strong>bas\u00e9 sur le contour classique de la cl\u00e9, offre deux options de finition de surface :<\/p>\n\n\n\n<ol class=\"wp-block-list\">\n<li>Surface lisse et \u00e9l\u00e9gante : Apr\u00e8s un polissage de haute pr\u00e9cision, il pr\u00e9sente un \u00e9clat semblable \u00e0 celui d'un miroir et un toucher lisse, convenant aux hommes d'affaires et aux utilisateurs qui recherchent un style minimaliste.<\/li>\n\n\n\n<li>Surface \u00e0 effet bross\u00e9 : Trait\u00e9e par un proc\u00e9d\u00e9 de brossage sp\u00e9cial, elle forme des textures d\u00e9licates, r\u00e9duisant efficacement les r\u00e9sidus d'empreintes digitales et \u00e9tant plus pratique.<\/li>\n<\/ol>\n\n\n\n<p>Le produit est disponible en huit couleurs \u00e0 la mode, dont le rouge classique, le rose, le bleu, le vert, le noir, l'orange, le violet et l'argent, afin de r\u00e9pondre aux besoins personnalis\u00e9s des diff\u00e9rents utilisateurs. Chaque couleur est soigneusement formul\u00e9e pour garantir une couleur riche et durable qui ne s'estompe pas facilement.<\/p>\n<\/div>\n<\/div>\n\n\n\n<h2 class=\"wp-block-heading\">Param\u00e8tres de la cl\u00e9 USB<\/h2>\n\n\n\n<figure class=\"wp-block-table\"><table class=\"has-fixed-layout\"><thead><tr><th>Cat\u00e9gorie de param\u00e8tres<\/th><th>D\u00e9tails<\/th><\/tr><\/thead><tbody><tr><td>Type d'interface<\/td><td>USB 2.0\/USB 3.0 en option<\/td><\/tr><tr><td>Capacit\u00e9 de stockage<\/td><td>8GB\/16GB\/32GB\/64GB\/128GB<\/td><\/tr><tr><td>Dimensions (approx.)<\/td><td>58 mm (longueur) \u00d7 25 mm (largeur) \u00d7 3 mm (\u00e9paisseur)<\/td><\/tr><tr><td>Poids (approx.)<\/td><td>10 - 15 grammes (l\u00e9ger et sans contrainte)<\/td><\/tr><\/tbody><\/table><\/figure>\n\n\n\n<h2 class=\"wp-block-heading\">Les logos peuvent-ils \u00eatre personnalis\u00e9s ?<\/h2>\n\n\n\n<p>Cette cl\u00e9 USB permet de personnaliser les logos et les couleurs gr\u00e2ce \u00e0 la gravure au laser et \u00e0 l'impression UV. L'effet de la gravure laser est durable et ne s'estompe pas, avec une profondeur allant jusqu'\u00e0 0,2 mm, ce qui convient aux logos d'entreprise simples et \u00e9l\u00e9gants ; le processus d'impression UV peut pr\u00e9senter des couches de couleurs plus riches avec une r\u00e9solution allant jusqu'\u00e0 300 dpi, ce qui convient \u00e0 l'affichage de motifs complexes.<\/p>\n\n\n\n<div class=\"wp-block-columns is-layout-flex wp-container-core-columns-is-layout-28f84493 wp-block-columns-is-layout-flex\">\n<div class=\"wp-block-column is-layout-flow wp-block-column-is-layout-flow\">\n<figure class=\"wp-block-image size-full\"><img alt=\"\" decoding=\"async\" width=\"800\" height=\"800\" src=\"https:\/\/www.usborkeychain.com\/wp-content\/uploads\/ChicKey-USB-flash-drive.jpg\" class=\"wp-image-4476\" srcset=\"https:\/\/www.usborkeychain.com\/wp-content\/uploads\/ChicKey-USB-flash-drive.jpg 800w, https:\/\/www.usborkeychain.com\/wp-content\/uploads\/ChicKey-USB-flash-drive-300x300.jpg 300w, https:\/\/www.usborkeychain.com\/wp-content\/uploads\/ChicKey-USB-flash-drive-150x150.jpg 150w, https:\/\/www.usborkeychain.com\/wp-content\/uploads\/ChicKey-USB-flash-drive-768x768.jpg 768w, https:\/\/www.usborkeychain.com\/wp-content\/uploads\/ChicKey-USB-flash-drive-12x12.jpg 12w, https:\/\/www.usborkeychain.com\/wp-content\/uploads\/ChicKey-USB-flash-drive-600x600.jpg 600w, https:\/\/www.usborkeychain.com\/wp-content\/uploads\/ChicKey-USB-flash-drive-100x100.jpg 100w\" sizes=\"(max-width: 800px) 100vw, 800px\" \/><\/figure>\n<\/div>\n\n\n\n<div class=\"wp-block-column is-layout-flow wp-block-column-is-layout-flow\">\n<figure class=\"wp-block-image size-full\"><img alt=\"\" loading=\"lazy\" decoding=\"async\" width=\"800\" height=\"800\" src=\"https:\/\/www.usborkeychain.com\/wp-content\/uploads\/BrightKey-USB-flash-drive.jpg\" class=\"wp-image-4475\" srcset=\"https:\/\/www.usborkeychain.com\/wp-content\/uploads\/BrightKey-USB-flash-drive.jpg 800w, https:\/\/www.usborkeychain.com\/wp-content\/uploads\/BrightKey-USB-flash-drive-300x300.jpg 300w, https:\/\/www.usborkeychain.com\/wp-content\/uploads\/BrightKey-USB-flash-drive-150x150.jpg 150w, https:\/\/www.usborkeychain.com\/wp-content\/uploads\/BrightKey-USB-flash-drive-768x768.jpg 768w, https:\/\/www.usborkeychain.com\/wp-content\/uploads\/BrightKey-USB-flash-drive-12x12.jpg 12w, https:\/\/www.usborkeychain.com\/wp-content\/uploads\/BrightKey-USB-flash-drive-600x600.jpg 600w, https:\/\/www.usborkeychain.com\/wp-content\/uploads\/BrightKey-USB-flash-drive-100x100.jpg 100w\" sizes=\"(max-width: 800px) 100vw, 800px\" \/><\/figure>\n<\/div>\n\n\n\n<div class=\"wp-block-column is-layout-flow wp-block-column-is-layout-flow\">\n<figure class=\"wp-block-image size-full\"><img alt=\"\" loading=\"lazy\" decoding=\"async\" width=\"800\" height=\"800\" src=\"https:\/\/www.usborkeychain.com\/wp-content\/uploads\/CoolKey-USB-flash-drive.jpg\" class=\"wp-image-4478\" srcset=\"https:\/\/www.usborkeychain.com\/wp-content\/uploads\/CoolKey-USB-flash-drive.jpg 800w, https:\/\/www.usborkeychain.com\/wp-content\/uploads\/CoolKey-USB-flash-drive-300x300.jpg 300w, https:\/\/www.usborkeychain.com\/wp-content\/uploads\/CoolKey-USB-flash-drive-150x150.jpg 150w, https:\/\/www.usborkeychain.com\/wp-content\/uploads\/CoolKey-USB-flash-drive-768x768.jpg 768w, https:\/\/www.usborkeychain.com\/wp-content\/uploads\/CoolKey-USB-flash-drive-12x12.jpg 12w, https:\/\/www.usborkeychain.com\/wp-content\/uploads\/CoolKey-USB-flash-drive-600x600.jpg 600w, https:\/\/www.usborkeychain.com\/wp-content\/uploads\/CoolKey-USB-flash-drive-100x100.jpg 100w\" sizes=\"(max-width: 800px) 100vw, 800px\" \/><\/figure>\n<\/div>\n<\/div>\n\n\n\n<div class=\"wp-block-columns is-layout-flex wp-container-core-columns-is-layout-28f84493 wp-block-columns-is-layout-flex\">\n<div class=\"wp-block-column is-layout-flow wp-block-column-is-layout-flow\">\n<figure class=\"wp-block-image size-full\"><img alt=\"\" loading=\"lazy\" decoding=\"async\" width=\"800\" height=\"800\" src=\"https:\/\/www.usborkeychain.com\/wp-content\/uploads\/PopKey-USB-flash-drive.jpg\" class=\"wp-image-4483\" srcset=\"https:\/\/www.usborkeychain.com\/wp-content\/uploads\/PopKey-USB-flash-drive.jpg 800w, https:\/\/www.usborkeychain.com\/wp-content\/uploads\/PopKey-USB-flash-drive-300x300.jpg 300w, https:\/\/www.usborkeychain.com\/wp-content\/uploads\/PopKey-USB-flash-drive-150x150.jpg 150w, https:\/\/www.usborkeychain.com\/wp-content\/uploads\/PopKey-USB-flash-drive-768x768.jpg 768w, https:\/\/www.usborkeychain.com\/wp-content\/uploads\/PopKey-USB-flash-drive-12x12.jpg 12w, https:\/\/www.usborkeychain.com\/wp-content\/uploads\/PopKey-USB-flash-drive-600x600.jpg 600w, https:\/\/www.usborkeychain.com\/wp-content\/uploads\/PopKey-USB-flash-drive-100x100.jpg 100w\" sizes=\"(max-width: 800px) 100vw, 800px\" \/><\/figure>\n<\/div>\n\n\n\n<div class=\"wp-block-column is-layout-flow wp-block-column-is-layout-flow\">\n<figure class=\"wp-block-image size-full\"><img alt=\"\" loading=\"lazy\" decoding=\"async\" width=\"800\" height=\"800\" src=\"https:\/\/www.usborkeychain.com\/wp-content\/uploads\/MultiColor-USB-flash-drive.jpg\" class=\"wp-image-4482\" srcset=\"https:\/\/www.usborkeychain.com\/wp-content\/uploads\/MultiColor-USB-flash-drive.jpg 800w, https:\/\/www.usborkeychain.com\/wp-content\/uploads\/MultiColor-USB-flash-drive-300x300.jpg 300w, https:\/\/www.usborkeychain.com\/wp-content\/uploads\/MultiColor-USB-flash-drive-150x150.jpg 150w, https:\/\/www.usborkeychain.com\/wp-content\/uploads\/MultiColor-USB-flash-drive-768x768.jpg 768w, https:\/\/www.usborkeychain.com\/wp-content\/uploads\/MultiColor-USB-flash-drive-12x12.jpg 12w, https:\/\/www.usborkeychain.com\/wp-content\/uploads\/MultiColor-USB-flash-drive-600x600.jpg 600w, https:\/\/www.usborkeychain.com\/wp-content\/uploads\/MultiColor-USB-flash-drive-100x100.jpg 100w\" sizes=\"(max-width: 800px) 100vw, 800px\" \/><\/figure>\n<\/div>\n\n\n\n<div class=\"wp-block-column is-layout-flow wp-block-column-is-layout-flow\">\n<figure class=\"wp-block-image size-full\"><img alt=\"\" loading=\"lazy\" decoding=\"async\" width=\"800\" height=\"800\" src=\"https:\/\/www.usborkeychain.com\/wp-content\/uploads\/KeyShape-USB-flash-drive.jpg\" class=\"wp-image-4481\" srcset=\"https:\/\/www.usborkeychain.com\/wp-content\/uploads\/KeyShape-USB-flash-drive.jpg 800w, https:\/\/www.usborkeychain.com\/wp-content\/uploads\/KeyShape-USB-flash-drive-300x300.jpg 300w, https:\/\/www.usborkeychain.com\/wp-content\/uploads\/KeyShape-USB-flash-drive-150x150.jpg 150w, https:\/\/www.usborkeychain.com\/wp-content\/uploads\/KeyShape-USB-flash-drive-768x768.jpg 768w, https:\/\/www.usborkeychain.com\/wp-content\/uploads\/KeyShape-USB-flash-drive-12x12.jpg 12w, https:\/\/www.usborkeychain.com\/wp-content\/uploads\/KeyShape-USB-flash-drive-600x600.jpg 600w, https:\/\/www.usborkeychain.com\/wp-content\/uploads\/KeyShape-USB-flash-drive-100x100.jpg 100w\" sizes=\"(max-width: 800px) 100vw, 800px\" \/><\/figure>\n<\/div>\n<\/div>\n\n\n\n<div class=\"wp-block-columns is-layout-flex wp-container-core-columns-is-layout-28f84493 wp-block-columns-is-layout-flex\">\n<div class=\"wp-block-column is-layout-flow wp-block-column-is-layout-flow\">\n<figure class=\"wp-block-image size-full\"><img alt=\"\" loading=\"lazy\" decoding=\"async\" width=\"800\" height=\"800\" src=\"https:\/\/www.usborkeychain.com\/wp-content\/uploads\/VividKey-USB-flash-drive.jpg\" class=\"wp-image-4488\" srcset=\"https:\/\/www.usborkeychain.com\/wp-content\/uploads\/VividKey-USB-flash-drive.jpg 800w, https:\/\/www.usborkeychain.com\/wp-content\/uploads\/VividKey-USB-flash-drive-300x300.jpg 300w, https:\/\/www.usborkeychain.com\/wp-content\/uploads\/VividKey-USB-flash-drive-150x150.jpg 150w, https:\/\/www.usborkeychain.com\/wp-content\/uploads\/VividKey-USB-flash-drive-768x768.jpg 768w, https:\/\/www.usborkeychain.com\/wp-content\/uploads\/VividKey-USB-flash-drive-12x12.jpg 12w, https:\/\/www.usborkeychain.com\/wp-content\/uploads\/VividKey-USB-flash-drive-600x600.jpg 600w, https:\/\/www.usborkeychain.com\/wp-content\/uploads\/VividKey-USB-flash-drive-100x100.jpg 100w\" sizes=\"(max-width: 800px) 100vw, 800px\" \/><\/figure>\n<\/div>\n\n\n\n<div class=\"wp-block-column is-layout-flow wp-block-column-is-layout-flow\">\n<figure class=\"wp-block-image size-full\"><img alt=\"\" loading=\"lazy\" decoding=\"async\" width=\"800\" height=\"800\" src=\"https:\/\/www.usborkeychain.com\/wp-content\/uploads\/TrendyKey-USB-flash-drive.jpg\" class=\"wp-image-4487\" srcset=\"https:\/\/www.usborkeychain.com\/wp-content\/uploads\/TrendyKey-USB-flash-drive.jpg 800w, https:\/\/www.usborkeychain.com\/wp-content\/uploads\/TrendyKey-USB-flash-drive-300x300.jpg 300w, https:\/\/www.usborkeychain.com\/wp-content\/uploads\/TrendyKey-USB-flash-drive-150x150.jpg 150w, https:\/\/www.usborkeychain.com\/wp-content\/uploads\/TrendyKey-USB-flash-drive-768x768.jpg 768w, https:\/\/www.usborkeychain.com\/wp-content\/uploads\/TrendyKey-USB-flash-drive-12x12.jpg 12w, https:\/\/www.usborkeychain.com\/wp-content\/uploads\/TrendyKey-USB-flash-drive-600x600.jpg 600w, https:\/\/www.usborkeychain.com\/wp-content\/uploads\/TrendyKey-USB-flash-drive-100x100.jpg 100w\" sizes=\"(max-width: 800px) 100vw, 800px\" \/><\/figure>\n<\/div>\n\n\n\n<div class=\"wp-block-column is-layout-flow wp-block-column-is-layout-flow\">\n<figure class=\"wp-block-image size-full\"><img alt=\"\" loading=\"lazy\" decoding=\"async\" width=\"800\" height=\"800\" src=\"https:\/\/www.usborkeychain.com\/wp-content\/uploads\/RainbowKey-USB-flash-drive.jpg\" class=\"wp-image-4484\" srcset=\"https:\/\/www.usborkeychain.com\/wp-content\/uploads\/RainbowKey-USB-flash-drive.jpg 800w, https:\/\/www.usborkeychain.com\/wp-content\/uploads\/RainbowKey-USB-flash-drive-300x300.jpg 300w, https:\/\/www.usborkeychain.com\/wp-content\/uploads\/RainbowKey-USB-flash-drive-150x150.jpg 150w, https:\/\/www.usborkeychain.com\/wp-content\/uploads\/RainbowKey-USB-flash-drive-768x768.jpg 768w, https:\/\/www.usborkeychain.com\/wp-content\/uploads\/RainbowKey-USB-flash-drive-12x12.jpg 12w, https:\/\/www.usborkeychain.com\/wp-content\/uploads\/RainbowKey-USB-flash-drive-600x600.jpg 600w, https:\/\/www.usborkeychain.com\/wp-content\/uploads\/RainbowKey-USB-flash-drive-100x100.jpg 100w\" sizes=\"(max-width: 800px) 100vw, 800px\" \/><\/figure>\n<\/div>\n<\/div>\n\n\n\n<h2 class=\"wp-block-heading\">Quelles sont les entreprises concern\u00e9es ?<\/h2>\n\n\n\n<div class=\"wp-block-columns is-layout-flex wp-container-core-columns-is-layout-28f84493 wp-block-columns-is-layout-flex\">\n<div class=\"wp-block-column is-vertically-aligned-center is-layout-flow wp-block-column-is-layout-flow\">\n<ul class=\"wp-block-list\">\n<li>Immobilier \/ gestion de biens : La forme de la cl\u00e9 fait \u00e9cho \u00e0 la \"nouvelle cl\u00e9 de maison\".<\/li>\n\n\n\n<li>Industrie automobile : Personnalis\u00e9 par les constructeurs automobiles \/ magasins 4S.<\/li>\n\n\n\n<li>\u00c9tablissements d'enseignement : Sur mesure pour les \u00e9coles et les \u00e9tablissements de formation.<\/li>\n\n\n\n<li>Services aux entreprises : Personnalis\u00e9s par les cabinets d'avocats et les soci\u00e9t\u00e9s de conseil.<\/li>\n<\/ul>\n<\/div>\n\n\n\n<div class=\"wp-block-column is-vertically-aligned-center is-layout-flow wp-block-column-is-layout-flow\">\n<figure class=\"wp-block-image size-full\"><img alt=\"\" loading=\"lazy\" decoding=\"async\" width=\"800\" height=\"800\" src=\"https:\/\/www.usborkeychain.com\/wp-content\/uploads\/GemKey-USB-flash-drive.png\" class=\"wp-image-4480\" srcset=\"https:\/\/www.usborkeychain.com\/wp-content\/uploads\/GemKey-USB-flash-drive.png 800w, https:\/\/www.usborkeychain.com\/wp-content\/uploads\/GemKey-USB-flash-drive-300x300.png 300w, https:\/\/www.usborkeychain.com\/wp-content\/uploads\/GemKey-USB-flash-drive-150x150.png 150w, https:\/\/www.usborkeychain.com\/wp-content\/uploads\/GemKey-USB-flash-drive-768x768.png 768w, https:\/\/www.usborkeychain.com\/wp-content\/uploads\/GemKey-USB-flash-drive-12x12.png 12w, https:\/\/www.usborkeychain.com\/wp-content\/uploads\/GemKey-USB-flash-drive-600x600.png 600w, https:\/\/www.usborkeychain.com\/wp-content\/uploads\/GemKey-USB-flash-drive-100x100.png 100w\" sizes=\"(max-width: 800px) 100vw, 800px\" \/><\/figure>\n<\/div>\n<\/div>\n\n\n\n<div class=\"wp-block-columns is-layout-flex wp-container-core-columns-is-layout-28f84493 wp-block-columns-is-layout-flex\">\n<div class=\"wp-block-column is-vertically-aligned-center is-layout-flow wp-block-column-is-layout-flow\" style=\"flex-basis:25%\">\n<figure class=\"wp-block-image size-full\"><img alt=\"\" loading=\"lazy\" decoding=\"async\" width=\"800\" height=\"800\" src=\"https:\/\/www.usborkeychain.com\/wp-content\/uploads\/SleekKey-USB-flash-drive.jpg\" class=\"wp-image-4486\" srcset=\"https:\/\/www.usborkeychain.com\/wp-content\/uploads\/SleekKey-USB-flash-drive.jpg 800w, https:\/\/www.usborkeychain.com\/wp-content\/uploads\/SleekKey-USB-flash-drive-300x300.jpg 300w, https:\/\/www.usborkeychain.com\/wp-content\/uploads\/SleekKey-USB-flash-drive-150x150.jpg 150w, https:\/\/www.usborkeychain.com\/wp-content\/uploads\/SleekKey-USB-flash-drive-768x768.jpg 768w, https:\/\/www.usborkeychain.com\/wp-content\/uploads\/SleekKey-USB-flash-drive-12x12.jpg 12w, https:\/\/www.usborkeychain.com\/wp-content\/uploads\/SleekKey-USB-flash-drive-600x600.jpg 600w, https:\/\/www.usborkeychain.com\/wp-content\/uploads\/SleekKey-USB-flash-drive-100x100.jpg 100w\" sizes=\"(max-width: 800px) 100vw, 800px\" \/><\/figure>\n<\/div>\n\n\n\n<div class=\"wp-block-column is-vertically-aligned-center is-layout-flow wp-block-column-is-layout-flow\" style=\"flex-basis:50%\">\n<p>Le <strong>La cl\u00e9 USB en forme de cl\u00e9 la plus populaire<\/strong> rompt avec la routine gr\u00e2ce \u00e0 sa forme de cl\u00e9 pentagonale et \u00e0 son mat\u00e9riau m\u00e9tallique. Ses caract\u00e9ristiques ultra-minces, portables, r\u00e9sistantes \u00e0 la rouille et durables r\u00e9solvent les probl\u00e8mes pratiques ; le double processus lisse\/bross\u00e9 r\u00e9pond aux besoins esth\u00e9tiques ; les param\u00e8tres riches s'adaptent au stockage de sc\u00e8nes compl\u00e8tes ; la personnalisation du logo permet aux entreprises d'\"offrir des cadeaux de valeur\". Qu'il s'agisse de particuliers ou d'entreprises, il est parfaitement performant.<\/p>\n<\/div>\n\n\n\n<div class=\"wp-block-column is-vertically-aligned-center is-layout-flow wp-block-column-is-layout-flow\" style=\"flex-basis:25%\">\n<figure class=\"wp-block-image size-full\"><img alt=\"\" loading=\"lazy\" decoding=\"async\" width=\"800\" height=\"800\" src=\"https:\/\/www.usborkeychain.com\/wp-content\/uploads\/FunKey-USB-flash-drive.jpg\" class=\"wp-image-4479\" srcset=\"https:\/\/www.usborkeychain.com\/wp-content\/uploads\/FunKey-USB-flash-drive.jpg 800w, https:\/\/www.usborkeychain.com\/wp-content\/uploads\/FunKey-USB-flash-drive-300x300.jpg 300w, https:\/\/www.usborkeychain.com\/wp-content\/uploads\/FunKey-USB-flash-drive-150x150.jpg 150w, https:\/\/www.usborkeychain.com\/wp-content\/uploads\/FunKey-USB-flash-drive-768x768.jpg 768w, https:\/\/www.usborkeychain.com\/wp-content\/uploads\/FunKey-USB-flash-drive-12x12.jpg 12w, https:\/\/www.usborkeychain.com\/wp-content\/uploads\/FunKey-USB-flash-drive-600x600.jpg 600w, https:\/\/www.usborkeychain.com\/wp-content\/uploads\/FunKey-USB-flash-drive-100x100.jpg 100w\" sizes=\"(max-width: 800px) 100vw, 800px\" \/><\/figure>\n<\/div>\n<\/div>","protected":false},"excerpt":{"rendered":"<ul>\n<li>Front pentagonal<\/li>\n<li>Les plus populaires<\/li>\n<li>En forme de cl\u00e9<\/li>\n<li>Conception ultra-mince<\/li>\n<li>MOQ:100PCS<\/li>\n<\/ul>","protected":false},"featured_media":4485,"comment_status":"open","ping_status":"closed","template":"","meta":{"_seopress_robots_primary_cat":"","_seopress_titles_title":"","_seopress_titles_desc":"","_seopress_robots_index":"","site-sidebar-layout":"default","site-content-layout":"","ast-site-content-layout":"","site-content-style":"default","site-sidebar-style":"default","ast-global-header-display":"","ast-banner-title-visibility":"","ast-main-header-display":"","ast-hfb-above-header-display":"","ast-hfb-below-header-display":"","ast-hfb-mobile-header-display":"","site-post-title":"","ast-breadcrumbs-content":"","ast-featured-img":"","footer-sml-layout":"","theme-transparent-header-meta":"","adv-header-id-meta":"","stick-header-meta":"","header-above-stick-meta":"","header-main-stick-meta":"","header-below-stick-meta":"","astra-migrate-meta-layouts":"default","ast-page-background-enabled":"default","ast-page-background-meta":{"desktop":{"background-color":"var(--ast-global-color-5)","background-image":"","background-repeat":"repeat","background-position":"center center","background-size":"auto","background-attachment":"scroll","background-type":"","background-media":"","overlay-type":"","overlay-color":"","overlay-opacity":"","overlay-gradient":""},"tablet":{"background-color":"","background-image":"","background-repeat":"repeat","background-position":"center center","background-size":"auto","background-attachment":"scroll","background-type":"","background-media":"","overlay-type":"","overlay-color":"","overlay-opacity":"","overlay-gradient":""},"mobile":{"background-color":"","background-image":"","background-repeat":"repeat","background-position":"center center","background-size":"auto","background-attachment":"scroll","background-type":"","background-media":"","overlay-type":"","overlay-color":"","overlay-opacity":"","overlay-gradient":""}},"ast-content-background-meta":{"desktop":{"background-color":"var(--ast-global-color-4)","background-image":"","background-repeat":"repeat","background-position":"center center","background-size":"auto","background-attachment":"scroll","background-type":"","background-media":"","overlay-type":"","overlay-color":"","overlay-opacity":"","overlay-gradient":""},"tablet":{"background-color":"var(--ast-global-color-4)","background-image":"","background-repeat":"repeat","background-position":"center center","background-size":"auto","background-attachment":"scroll","background-type":"","background-media":"","overlay-type":"","overlay-color":"","overlay-opacity":"","overlay-gradient":""},"mobile":{"background-color":"var(--ast-global-color-4)","background-image":"","background-repeat":"repeat","background-position":"center center","background-size":"auto","background-attachment":"scroll","background-type":"","background-media":"","overlay-type":"","overlay-color":"","overlay-opacity":"","overlay-gradient":""}}},"product_brand":[],"product_cat":[108],"product_tag":[259,268],"class_list":{"0":"post-4472","1":"product","2":"type-product","3":"status-publish","4":"has-post-thumbnail","6":"product_cat-key-shaped-usb-pendrive","7":"product_tag-metal-key-usb-flash-drive","8":"product_tag-most-popular-key-shaped-usb-flash-drive","9":"desktop-align-left","10":"tablet-align-left","11":"mobile-align-left","13":"first","14":"instock","15":"shipping-taxable","16":"product-type-simple"},"_links":{"self":[{"href":"https:\/\/www.usborkeychain.com\/fr\/wp-json\/wp\/v2\/product\/4472","targetHints":{"allow":["GET"]}}],"collection":[{"href":"https:\/\/www.usborkeychain.com\/fr\/wp-json\/wp\/v2\/product"}],"about":[{"href":"https:\/\/www.usborkeychain.com\/fr\/wp-json\/wp\/v2\/types\/product"}],"replies":[{"embeddable":true,"href":"https:\/\/www.usborkeychain.com\/fr\/wp-json\/wp\/v2\/comments?post=4472"}],"wp:featuredmedia":[{"embeddable":true,"href":"https:\/\/www.usborkeychain.com\/fr\/wp-json\/wp\/v2\/media\/4485"}],"wp:attachment":[{"href":"https:\/\/www.usborkeychain.com\/fr\/wp-json\/wp\/v2\/media?parent=4472"}],"wp:term":[{"taxonomy":"product_brand","embeddable":true,"href":"https:\/\/www.usborkeychain.com\/fr\/wp-json\/wp\/v2\/product_brand?post=4472"},{"taxonomy":"product_cat","embeddable":true,"href":"https:\/\/www.usborkeychain.com\/fr\/wp-json\/wp\/v2\/product_cat?post=4472"},{"taxonomy":"product_tag","embeddable":true,"href":"https:\/\/www.usborkeychain.com\/fr\/wp-json\/wp\/v2\/product_tag?post=4472"}],"curies":[{"name":"wp","href":"https:\/\/api.w.org\/{rel}","templated":true}]}}