{"id":4522,"date":"2025-07-24T09:04:33","date_gmt":"2025-07-24T09:04:33","guid":{"rendered":"https:\/\/www.usborkeychain.com\/?post_type=product&#038;p=4522"},"modified":"2025-07-24T09:14:54","modified_gmt":"2025-07-24T09:14:54","slug":"recycled-paper-key-usb-flash-drive","status":"publish","type":"product","link":"https:\/\/www.usborkeychain.com\/fr\/produit\/recycled-paper-key-usb-flash-drive\/","title":{"rendered":"Cl\u00e9 USB en papier recycl\u00e9"},"content":{"rendered":"<div class=\"wp-block-columns are-vertically-aligned-center is-layout-flex wp-container-core-columns-is-layout-28f84493 wp-block-columns-is-layout-flex\">\n<div class=\"wp-block-column is-vertically-aligned-center is-layout-flow wp-block-column-is-layout-flow\">\n<figure class=\"wp-block-image size-full\"><img alt=\"\" fetchpriority=\"high\" decoding=\"async\" width=\"800\" height=\"800\" src=\"https:\/\/www.usborkeychain.com\/wp-content\/uploads\/EcoPaper-USB-flash-drive.jpg\" class=\"wp-image-4526\" srcset=\"https:\/\/www.usborkeychain.com\/wp-content\/uploads\/EcoPaper-USB-flash-drive.jpg 800w, https:\/\/www.usborkeychain.com\/wp-content\/uploads\/EcoPaper-USB-flash-drive-300x300.jpg 300w, https:\/\/www.usborkeychain.com\/wp-content\/uploads\/EcoPaper-USB-flash-drive-150x150.jpg 150w, https:\/\/www.usborkeychain.com\/wp-content\/uploads\/EcoPaper-USB-flash-drive-768x768.jpg 768w, https:\/\/www.usborkeychain.com\/wp-content\/uploads\/EcoPaper-USB-flash-drive-12x12.jpg 12w, https:\/\/www.usborkeychain.com\/wp-content\/uploads\/EcoPaper-USB-flash-drive-600x600.jpg 600w, https:\/\/www.usborkeychain.com\/wp-content\/uploads\/EcoPaper-USB-flash-drive-100x100.jpg 100w\" sizes=\"(max-width: 800px) 100vw, 800px\" \/><\/figure>\n<\/div>\n\n\n\n<div class=\"wp-block-column is-vertically-aligned-center is-layout-flow wp-block-column-is-layout-flow\">\n<p>Le <strong>cl\u00e9 USB en papier recycl\u00e9<\/strong> est fabriqu\u00e9 \u00e0 partir de papier recycl\u00e9 100%, associ\u00e9 \u00e0 une r\u00e9sine de protection de l'environnement tr\u00e8s r\u00e9sistante. La surface est trait\u00e9e avec un rev\u00eatement \u00e0 base d'eau de qualit\u00e9 alimentaire, concr\u00e9tisant le concept de protection de l'environnement \"z\u00e9ro plastique et z\u00e9ro pollution\". Les caract\u00e9ristiques du mat\u00e9riau sont les suivantes<\/p>\n\n\n\n<ul class=\"wp-block-list\">\n<li><strong>Ultra-mince et l\u00e9ger<\/strong>: Seulement 3,5 mm d'\u00e9paisseur, poids \u2264 10g (environ 2 pi\u00e8ces de monnaie), facile \u00e0 transporter ;<\/li>\n\n\n\n<li><strong>Durable<\/strong>: R\u00e9sistance \u00e0 la compression jusqu'\u00e0 50MPa, r\u00e9sistance aux rayures, anti-traces de doigts, pas de d\u00e9formation lors de l'utilisation quotidienne ;<\/li>\n\n\n\n<li><strong>Certification verte<\/strong>: Certification foresti\u00e8re FSC et normes de protection de l'environnement ROHS, avec un cycle de d\u00e9gradation naturelle de 1 \u00e0 2 ans seulement ;<\/li>\n\n\n\n<li><strong>Conception humanis\u00e9e<\/strong>: Le diam\u00e8tre du trou de serrure est de 4 mm, il convient \u00e0 tous les porte-cl\u00e9s standard et peut \u00eatre facilement accroch\u00e9 aux sacs \u00e0 dos, portefeuilles ou ceintures.<\/li>\n<\/ul>\n<\/div>\n<\/div>\n\n\n\n<h2 class=\"wp-block-heading\">Param\u00e8tres de la cl\u00e9 USB<\/h2>\n\n\n\n<figure class=\"wp-block-table\"><table class=\"has-fixed-layout\"><thead><tr><th>Cat\u00e9gorie de param\u00e8tres<\/th><th>Contenu sp\u00e9cifique<\/th><\/tr><\/thead><tbody><tr><td>Type d'interface<\/td><td>USB 2.0\/USB 3.0<\/td><\/tr><tr><td>Capacit\u00e9 de stockage<\/td><td>8GB, 16GB, 32GB, 64GB, 128GB<\/td><\/tr><tr><td>Taille (longueur \u00d7 largeur \u00d7 \u00e9paisseur)<\/td><td>50 mm \u00d7 30 mm \u00d7 3,5 mm<\/td><\/tr><tr><td>Poids (approx.)<\/td><td>10 - 15g<\/td><\/tr><\/tbody><\/table><\/figure>\n\n\n\n<h2 class=\"wp-block-heading\">Permet-il de personnaliser le LOGO ?<\/h2>\n\n\n\n<div class=\"wp-block-columns are-vertically-aligned-center is-layout-flex wp-container-core-columns-is-layout-28f84493 wp-block-columns-is-layout-flex\">\n<div class=\"wp-block-column is-vertically-aligned-center is-layout-flow wp-block-column-is-layout-flow\">\n<p>Le pr\u00e9sent <strong>La cl\u00e9 USB prend en charge la personnalisation du LOGO<\/strong>Les processus communs sont les suivants :<\/p>\n\n\n\n<ul class=\"wp-block-list\">\n<li>S\u00e9rigraphie : L'encre est imprim\u00e9e sur la surface du papier recycl\u00e9 \u00e0 travers un \u00e9cran pour pr\u00e9senter un texte et des motifs clairs. Elle convient aux LOGO color\u00e9s et de style simple, avec un co\u00fbt relativement faible et une grande efficacit\u00e9 dans la personnalisation de masse.<\/li>\n\n\n\n<li>Marquage \u00e0 chaud : Utilisation d'une temp\u00e9rature \u00e9lev\u00e9e pour tamponner une feuille m\u00e9tallique ou une feuille de couleur sur du papier recycl\u00e9 afin de former un LOGO brillant. <\/li>\n<\/ul>\n\n\n\n<p>Processus de personnalisation :<br>\u2460 Le client fournit un dessin vectoriel \u2192 \u2461 Confirmation de l'\u00e9preuve en 72 heures \u2192 \u2462 Production en s\u00e9rie (livraison en 7-10 jours) \u2192 \u2463 Bo\u00eete d'emballage personnalis\u00e9e en guise de cadeau (papier recycl\u00e9 + impression \u00e0 l'encre de soja).<\/p>\n<\/div>\n\n\n\n<div class=\"wp-block-column is-vertically-aligned-center is-layout-flow wp-block-column-is-layout-flow\">\n<figure class=\"wp-block-image size-full\"><img alt=\"\" decoding=\"async\" width=\"800\" height=\"800\" src=\"https:\/\/www.usborkeychain.com\/wp-content\/uploads\/RecycleDrive-USB.jpg\" class=\"wp-image-4528\" srcset=\"https:\/\/www.usborkeychain.com\/wp-content\/uploads\/RecycleDrive-USB.jpg 800w, https:\/\/www.usborkeychain.com\/wp-content\/uploads\/RecycleDrive-USB-300x300.jpg 300w, https:\/\/www.usborkeychain.com\/wp-content\/uploads\/RecycleDrive-USB-150x150.jpg 150w, https:\/\/www.usborkeychain.com\/wp-content\/uploads\/RecycleDrive-USB-768x768.jpg 768w, https:\/\/www.usborkeychain.com\/wp-content\/uploads\/RecycleDrive-USB-12x12.jpg 12w, https:\/\/www.usborkeychain.com\/wp-content\/uploads\/RecycleDrive-USB-600x600.jpg 600w, https:\/\/www.usborkeychain.com\/wp-content\/uploads\/RecycleDrive-USB-100x100.jpg 100w\" sizes=\"(max-width: 800px) 100vw, 800px\" \/><\/figure>\n<\/div>\n<\/div>\n\n\n\n<h2 class=\"wp-block-heading\">Le co\u00fbt d'ouverture du moule est-il \u00e9lev\u00e9 ?<\/h2>\n\n\n\n<div class=\"wp-block-columns are-vertically-aligned-center is-layout-flex wp-container-core-columns-is-layout-28f84493 wp-block-columns-is-layout-flex\">\n<div class=\"wp-block-column is-vertically-aligned-center is-layout-flow wp-block-column-is-layout-flow\">\n<figure class=\"wp-block-image size-full\"><img alt=\"\" decoding=\"async\" width=\"800\" height=\"800\" src=\"https:\/\/www.usborkeychain.com\/wp-content\/uploads\/EcoKey-USB-flash-drive.jpg\" class=\"wp-image-4525\" srcset=\"https:\/\/www.usborkeychain.com\/wp-content\/uploads\/EcoKey-USB-flash-drive.jpg 800w, https:\/\/www.usborkeychain.com\/wp-content\/uploads\/EcoKey-USB-flash-drive-300x300.jpg 300w, https:\/\/www.usborkeychain.com\/wp-content\/uploads\/EcoKey-USB-flash-drive-150x150.jpg 150w, https:\/\/www.usborkeychain.com\/wp-content\/uploads\/EcoKey-USB-flash-drive-768x768.jpg 768w, https:\/\/www.usborkeychain.com\/wp-content\/uploads\/EcoKey-USB-flash-drive-12x12.jpg 12w, https:\/\/www.usborkeychain.com\/wp-content\/uploads\/EcoKey-USB-flash-drive-600x600.jpg 600w, https:\/\/www.usborkeychain.com\/wp-content\/uploads\/EcoKey-USB-flash-drive-100x100.jpg 100w\" sizes=\"(max-width: 800px) 100vw, 800px\" \/><\/figure>\n<\/div>\n\n\n\n<div class=\"wp-block-column is-vertically-aligned-center is-layout-flow wp-block-column-is-layout-flow\">\n<p>Le co\u00fbt d'ouverture du moule pour la personnalisation <strong>cl\u00e9s USB en papier recycl\u00e9 en forme de cl\u00e9<\/strong> est relativement contr\u00f4lable. Gr\u00e2ce \u00e0 la technologie de traitement relativement souple des mat\u00e9riaux en papier recycl\u00e9, le moule est principalement con\u00e7u autour de l'adaptation de la forme de la cl\u00e9 et de l'interface USB, et la structure n'est pas compliqu\u00e9e. De plus, si vous choisissez une forme de cl\u00e9 conventionnelle (semblable \u00e0 celle de l'image), le moule est tr\u00e8s polyvalent. Les fabricants disposent g\u00e9n\u00e9ralement de moules de base pr\u00eats \u00e0 l'emploi et n'ont plus qu'\u00e0 proc\u00e9der \u00e0 des ajustements personnalis\u00e9s pour le logo, la couleur, etc.<\/p>\n<\/div>\n<\/div>\n\n\n\n<h2 class=\"wp-block-heading\">Quels sont les sc\u00e9narios pour lesquels cette cl\u00e9 USB est adapt\u00e9e ?<\/h2>\n\n\n\n<div class=\"wp-block-columns are-vertically-aligned-center is-layout-flex wp-container-core-columns-is-layout-28f84493 wp-block-columns-is-layout-flex\">\n<div class=\"wp-block-column is-vertically-aligned-center is-layout-flow wp-block-column-is-layout-flow\">\n<p>Gr\u00e2ce \u00e0 ses caract\u00e9ristiques de protection de l'environnement et \u00e0 sa forme cr\u00e9ative, le <strong>cl\u00e9 USB en papier recycl\u00e9<\/strong> est adapt\u00e9 \u00e0 diff\u00e9rents sc\u00e9narios :<\/p>\n\n\n\n<ul class=\"wp-block-list\">\n<li><strong>Organisations environnementales<\/strong>: La version personnalis\u00e9e du Fonds mondial pour la nature (WWF) est utilis\u00e9e comme cadeau pour les donateurs ;<\/li>\n\n\n\n<li><strong>\u00c9tablissements d'enseignement<\/strong>: Cl\u00e9s USB comm\u00e9moratives de l'anniversaire de l'\u00e9cole, imprim\u00e9es avec les badges et les devises de l'\u00e9cole ;<\/li>\n\n\n\n<li><strong>Entreprises technologiques<\/strong>: Cadeaux pour les conf\u00e9rences de presse d'Apple\/Xiaomi, pr\u00e9install\u00e9s avec des documents de pr\u00e9sentation des produits ;<\/li>\n\n\n\n<li><strong>Commerce de d\u00e9tail haut de gamme<\/strong>: Cadeaux des membres de MUJI, associ\u00e9s \u00e0 des bo\u00eetes d'emballage en papier recycl\u00e9 ;<\/li>\n\n\n\n<li><strong>Activit\u00e9s d'exposition<\/strong>: Support de stockage pour le mat\u00e9riel des participants au Sommet mondial sur le climat.<\/li>\n<\/ul>\n<\/div>\n\n\n\n<div class=\"wp-block-column is-vertically-aligned-center is-layout-flow wp-block-column-is-layout-flow\">\n<figure class=\"wp-block-image size-full\"><img alt=\"\" loading=\"lazy\" decoding=\"async\" width=\"800\" height=\"800\" src=\"https:\/\/www.usborkeychain.com\/wp-content\/uploads\/PaperKey-USB-flash-drive.jpg\" class=\"wp-image-4527\" srcset=\"https:\/\/www.usborkeychain.com\/wp-content\/uploads\/PaperKey-USB-flash-drive.jpg 800w, https:\/\/www.usborkeychain.com\/wp-content\/uploads\/PaperKey-USB-flash-drive-300x300.jpg 300w, https:\/\/www.usborkeychain.com\/wp-content\/uploads\/PaperKey-USB-flash-drive-150x150.jpg 150w, https:\/\/www.usborkeychain.com\/wp-content\/uploads\/PaperKey-USB-flash-drive-768x768.jpg 768w, https:\/\/www.usborkeychain.com\/wp-content\/uploads\/PaperKey-USB-flash-drive-12x12.jpg 12w, https:\/\/www.usborkeychain.com\/wp-content\/uploads\/PaperKey-USB-flash-drive-600x600.jpg 600w, https:\/\/www.usborkeychain.com\/wp-content\/uploads\/PaperKey-USB-flash-drive-100x100.jpg 100w\" sizes=\"(max-width: 800px) 100vw, 800px\" \/><\/figure>\n<\/div>\n<\/div>\n\n\n\n<div class=\"wp-block-columns is-layout-flex wp-container-core-columns-is-layout-28f84493 wp-block-columns-is-layout-flex\">\n<div class=\"wp-block-column is-vertically-aligned-center is-layout-flow wp-block-column-is-layout-flow\">\n<figure class=\"wp-block-image size-full\"><img alt=\"\" loading=\"lazy\" decoding=\"async\" width=\"800\" height=\"800\" src=\"https:\/\/www.usborkeychain.com\/wp-content\/uploads\/RecycleKey-USB-flash-drive.jpg\" class=\"wp-image-4529\" srcset=\"https:\/\/www.usborkeychain.com\/wp-content\/uploads\/RecycleKey-USB-flash-drive.jpg 800w, https:\/\/www.usborkeychain.com\/wp-content\/uploads\/RecycleKey-USB-flash-drive-300x300.jpg 300w, https:\/\/www.usborkeychain.com\/wp-content\/uploads\/RecycleKey-USB-flash-drive-150x150.jpg 150w, https:\/\/www.usborkeychain.com\/wp-content\/uploads\/RecycleKey-USB-flash-drive-768x768.jpg 768w, https:\/\/www.usborkeychain.com\/wp-content\/uploads\/RecycleKey-USB-flash-drive-12x12.jpg 12w, https:\/\/www.usborkeychain.com\/wp-content\/uploads\/RecycleKey-USB-flash-drive-600x600.jpg 600w, https:\/\/www.usborkeychain.com\/wp-content\/uploads\/RecycleKey-USB-flash-drive-100x100.jpg 100w\" sizes=\"(max-width: 800px) 100vw, 800px\" \/><\/figure>\n<\/div>\n\n\n\n<div class=\"wp-block-column is-vertically-aligned-center is-layout-flow wp-block-column-is-layout-flow\">\n<p>Le <strong>cl\u00e9 USB en papier recycl\u00e9<\/strong> est fabriqu\u00e9 \u00e0 partir de papier recycl\u00e9 respectueux de l'environnement, ce qui en fait un outil de stockage ultrafin, portable et unique. De nombreux param\u00e8tres permettent de r\u00e9pondre \u00e0 des besoins vari\u00e9s, et la personnalisation flexible du LOGO conf\u00e8re aux marques et aux individus des symboles exclusifs. Le mode de \"personnalisation sans ouverture de moule\" (6 mod\u00e8les courants) et le service de r\u00e9ponse rapide en 72 heures offrent aux entreprises des solutions de communication de marque \u00e0 faible seuil, en particulier pour r\u00e9pondre aux besoins de marketing dans le cadre de la politique de neutralit\u00e9 carbone.<\/p>\n<\/div>\n<\/div>","protected":false},"excerpt":{"rendered":"<ul>\n<li>Papier recycl\u00e9<\/li>\n<li>cl\u00e9 USB<\/li>\n<li>\u00a0Personnalisation du LOGO<\/li>\n<li>Z\u00e9ro plastique et z\u00e9ro pollution<\/li>\n<li>MOQ:100PCS<\/li>\n<\/ul>","protected":false},"featured_media":4526,"comment_status":"open","ping_status":"closed","template":"","meta":{"_seopress_robots_primary_cat":"","_seopress_titles_title":"","_seopress_titles_desc":"","_seopress_robots_index":"","site-sidebar-layout":"default","site-content-layout":"","ast-site-content-layout":"","site-content-style":"default","site-sidebar-style":"default","ast-global-header-display":"","ast-banner-title-visibility":"","ast-main-header-display":"","ast-hfb-above-header-display":"","ast-hfb-below-header-display":"","ast-hfb-mobile-header-display":"","site-post-title":"","ast-breadcrumbs-content":"","ast-featured-img":"","footer-sml-layout":"","theme-transparent-header-meta":"","adv-header-id-meta":"","stick-header-meta":"","header-above-stick-meta":"","header-main-stick-meta":"","header-below-stick-meta":"","astra-migrate-meta-layouts":"default","ast-page-background-enabled":"default","ast-page-background-meta":{"desktop":{"background-color":"var(--ast-global-color-5)","background-image":"","background-repeat":"repeat","background-position":"center center","background-size":"auto","background-attachment":"scroll","background-type":"","background-media":"","overlay-type":"","overlay-color":"","overlay-opacity":"","overlay-gradient":""},"tablet":{"background-color":"","background-image":"","background-repeat":"repeat","background-position":"center center","background-size":"auto","background-attachment":"scroll","background-type":"","background-media":"","overlay-type":"","overlay-color":"","overlay-opacity":"","overlay-gradient":""},"mobile":{"background-color":"","background-image":"","background-repeat":"repeat","background-position":"center center","background-size":"auto","background-attachment":"scroll","background-type":"","background-media":"","overlay-type":"","overlay-color":"","overlay-opacity":"","overlay-gradient":""}},"ast-content-background-meta":{"desktop":{"background-color":"var(--ast-global-color-4)","background-image":"","background-repeat":"repeat","background-position":"center center","background-size":"auto","background-attachment":"scroll","background-type":"","background-media":"","overlay-type":"","overlay-color":"","overlay-opacity":"","overlay-gradient":""},"tablet":{"background-color":"var(--ast-global-color-4)","background-image":"","background-repeat":"repeat","background-position":"center center","background-size":"auto","background-attachment":"scroll","background-type":"","background-media":"","overlay-type":"","overlay-color":"","overlay-opacity":"","overlay-gradient":""},"mobile":{"background-color":"var(--ast-global-color-4)","background-image":"","background-repeat":"repeat","background-position":"center center","background-size":"auto","background-attachment":"scroll","background-type":"","background-media":"","overlay-type":"","overlay-color":"","overlay-opacity":"","overlay-gradient":""}}},"product_brand":[],"product_cat":[170],"product_tag":[269,270],"class_list":{"0":"post-4522","1":"product","2":"type-product","3":"status-publish","4":"has-post-thumbnail","6":"product_cat-biodegradable-usb-pendrive-2","7":"product_tag-recycled-paper-key-usb-flash-drive","8":"product_tag-recycled-usb-flash-drive","9":"desktop-align-left","10":"tablet-align-left","11":"mobile-align-left","13":"first","14":"instock","15":"shipping-taxable","16":"product-type-simple"},"_links":{"self":[{"href":"https:\/\/www.usborkeychain.com\/fr\/wp-json\/wp\/v2\/product\/4522","targetHints":{"allow":["GET"]}}],"collection":[{"href":"https:\/\/www.usborkeychain.com\/fr\/wp-json\/wp\/v2\/product"}],"about":[{"href":"https:\/\/www.usborkeychain.com\/fr\/wp-json\/wp\/v2\/types\/product"}],"replies":[{"embeddable":true,"href":"https:\/\/www.usborkeychain.com\/fr\/wp-json\/wp\/v2\/comments?post=4522"}],"wp:featuredmedia":[{"embeddable":true,"href":"https:\/\/www.usborkeychain.com\/fr\/wp-json\/wp\/v2\/media\/4526"}],"wp:attachment":[{"href":"https:\/\/www.usborkeychain.com\/fr\/wp-json\/wp\/v2\/media?parent=4522"}],"wp:term":[{"taxonomy":"product_brand","embeddable":true,"href":"https:\/\/www.usborkeychain.com\/fr\/wp-json\/wp\/v2\/product_brand?post=4522"},{"taxonomy":"product_cat","embeddable":true,"href":"https:\/\/www.usborkeychain.com\/fr\/wp-json\/wp\/v2\/product_cat?post=4522"},{"taxonomy":"product_tag","embeddable":true,"href":"https:\/\/www.usborkeychain.com\/fr\/wp-json\/wp\/v2\/product_tag?post=4522"}],"curies":[{"name":"wp","href":"https:\/\/api.w.org\/{rel}","templated":true}]}}