{"id":4532,"date":"2025-07-25T01:32:01","date_gmt":"2025-07-25T01:32:01","guid":{"rendered":"https:\/\/www.usborkeychain.com\/?post_type=product&#038;p=4532"},"modified":"2025-07-25T01:41:19","modified_gmt":"2025-07-25T01:41:19","slug":"pvc-cartoon-pig-usb-flash-drive","status":"publish","type":"product","link":"https:\/\/www.usborkeychain.com\/fr\/produit\/pvc-cartoon-pig-usb-flash-drive\/","title":{"rendered":"Cl\u00e9 USB en PVC Cartoon Pig"},"content":{"rendered":"<div class=\"wp-block-columns is-layout-flex wp-container-core-columns-is-layout-28f84493 wp-block-columns-is-layout-flex\">\n<div class=\"wp-block-column is-vertically-aligned-center is-layout-flow wp-block-column-is-layout-flow\">\n<figure class=\"wp-block-image size-full\"><img alt=\"\" fetchpriority=\"high\" decoding=\"async\" width=\"800\" height=\"800\" src=\"https:\/\/www.usborkeychain.com\/wp-content\/uploads\/ColorPig-USB-flash-drive.png\" class=\"wp-image-4536\" srcset=\"https:\/\/www.usborkeychain.com\/wp-content\/uploads\/ColorPig-USB-flash-drive.png 800w, https:\/\/www.usborkeychain.com\/wp-content\/uploads\/ColorPig-USB-flash-drive-300x300.png 300w, https:\/\/www.usborkeychain.com\/wp-content\/uploads\/ColorPig-USB-flash-drive-150x150.png 150w, https:\/\/www.usborkeychain.com\/wp-content\/uploads\/ColorPig-USB-flash-drive-768x768.png 768w, https:\/\/www.usborkeychain.com\/wp-content\/uploads\/ColorPig-USB-flash-drive-12x12.png 12w, https:\/\/www.usborkeychain.com\/wp-content\/uploads\/ColorPig-USB-flash-drive-600x600.png 600w, https:\/\/www.usborkeychain.com\/wp-content\/uploads\/ColorPig-USB-flash-drive-100x100.png 100w\" sizes=\"(max-width: 800px) 100vw, 800px\" \/><\/figure>\n<\/div>\n\n\n\n<div class=\"wp-block-column is-vertically-aligned-center is-layout-flow wp-block-column-is-layout-flow\">\n<p>Le <strong>Cl\u00e9 USB en PVC Cartoon Pig<\/strong> a \u00e9t\u00e9 con\u00e7u sur le mod\u00e8le d'un adorable petit cochon. Avec son corps potel\u00e9, son museau rose et ses oreilles, elle pr\u00e9sente un design adorable et kawaii. Elle rompt avec l'aspect terne des cl\u00e9s USB traditionnelles. Qu'elle soit plac\u00e9e sur un bureau comme un petit ornement ou utilis\u00e9e dans la vie quotidienne, elle peut imm\u00e9diatement attirer l'attention des gens et ajouter du plaisir au processus de stockage des donn\u00e9es.<\/p>\n\n\n\n<p>Il est compos\u00e9 de <strong>Mat\u00e9riau PVC (chlorure de polyvinyle)<\/strong>qui pr\u00e9sente une flexibilit\u00e9 et une durabilit\u00e9 excellentes. Sa texture souple le rend r\u00e9sistant \u00e0 la casse. M\u00eame s'il est l\u00e9g\u00e8rement pli\u00e9 ou heurt\u00e9 lors d'une utilisation quotidienne, il peut prot\u00e9ger efficacement la puce de stockage interne.<\/p>\n\n\n\n<p>Le <strong>Mati\u00e8re PVC<\/strong> est facile \u00e0 colorier et ses couleurs sont stables. Les jolies couleurs du cochon restent vives et \u00e9clatantes pendant longtemps et ne sont pas sujettes \u00e0 la d\u00e9coloration, de sorte qu'il peut encore conserver son apparence mignonne apr\u00e8s une utilisation \u00e0 long terme. En outre, le PVC est un mat\u00e9riau \u00e9cologique et non toxique, conforme aux normes de s\u00e9curit\u00e9 en vigueur, ce qui rend son utilisation plus s\u00fbre.<\/p>\n<\/div>\n<\/div>\n\n\n\n<h2 class=\"wp-block-heading\">Interface et param\u00e8tres USB<\/h2>\n\n\n\n<figure class=\"wp-block-table\"><table class=\"has-fixed-layout\"><thead><tr><th>Type de param\u00e8tre<\/th><th>D\u00e9tails<\/th><\/tr><\/thead><tbody><tr><td>Type d'interface<\/td><td>USB2.0, USB3.0<\/td><\/tr><tr><td>Capacit\u00e9 de stockage<\/td><td>8GB, 16GB, 32GB, 64GB, 128GB<\/td><\/tr><tr><td>Poids<\/td><td>15 - 20g<\/td><\/tr><tr><td>Dimensions (Longueur * Largeur * Epaisseur)<\/td><td>50mm * 30mm * 20mm<\/td><\/tr><\/tbody><\/table><\/figure>\n\n\n\n<h2 class=\"wp-block-heading\">Comment fabriquer un moule et personnaliser le logo ?<\/h2>\n\n\n\n<div class=\"wp-block-columns is-layout-flex wp-container-core-columns-is-layout-28f84493 wp-block-columns-is-layout-flex\">\n<div class=\"wp-block-column is-vertically-aligned-center is-layout-flow wp-block-column-is-layout-flow\">\n<h3 class=\"wp-block-heading\">Moisissures - faire la situation<\/h3>\n\n\n\n<p>Si vous voulez <strong>personnaliser une forme unique<\/strong> (comme la modification de la forme d\u00e9taill\u00e9e du cochon) ou l'ajout d'un logo personnalis\u00e9, il est g\u00e9n\u00e9ralement n\u00e9cessaire de fabriquer un nouveau moule. Les moules des diff\u00e9rentes formes et des diff\u00e9rents logos \u00e9tant uniques, il est n\u00e9cessaire de fabriquer un moule pour obtenir la forme sp\u00e9cifique de la bande dessin\u00e9e et la pr\u00e9sentation du logo.<\/p>\n<\/div>\n\n\n\n<div class=\"wp-block-column is-layout-flow wp-block-column-is-layout-flow\">\n<figure class=\"wp-block-image size-full\"><img alt=\"\" decoding=\"async\" width=\"800\" height=\"800\" src=\"https:\/\/www.usborkeychain.com\/wp-content\/uploads\/RainbowPig-USB-flash-drive.png\" class=\"wp-image-4542\" srcset=\"https:\/\/www.usborkeychain.com\/wp-content\/uploads\/RainbowPig-USB-flash-drive.png 800w, https:\/\/www.usborkeychain.com\/wp-content\/uploads\/RainbowPig-USB-flash-drive-300x300.png 300w, https:\/\/www.usborkeychain.com\/wp-content\/uploads\/RainbowPig-USB-flash-drive-150x150.png 150w, https:\/\/www.usborkeychain.com\/wp-content\/uploads\/RainbowPig-USB-flash-drive-768x768.png 768w, https:\/\/www.usborkeychain.com\/wp-content\/uploads\/RainbowPig-USB-flash-drive-12x12.png 12w, https:\/\/www.usborkeychain.com\/wp-content\/uploads\/RainbowPig-USB-flash-drive-600x600.png 600w, https:\/\/www.usborkeychain.com\/wp-content\/uploads\/RainbowPig-USB-flash-drive-100x100.png 100w\" sizes=\"(max-width: 800px) 100vw, 800px\" \/><\/figure>\n<\/div>\n<\/div>\n\n\n\n<div class=\"wp-block-columns are-vertically-aligned-center is-layout-flex wp-container-core-columns-is-layout-28f84493 wp-block-columns-is-layout-flex\">\n<div class=\"wp-block-column is-vertically-aligned-center is-layout-flow wp-block-column-is-layout-flow\">\n<h3 class=\"wp-block-heading\">Moule - processus de fabrication<\/h3>\n\n\n\n<ol class=\"wp-block-list\">\n<li><strong>Confirmation de la conception<\/strong>: Le client fournit un plan d\u00e9taill\u00e9 de modification de la forme et un projet de logo (qui doit \u00eatre clair et normalis\u00e9, avec des informations telles que les dimensions et les couleurs), et confirme conjointement avec le fabricant le dessin final de la conception personnalis\u00e9e.<\/li>\n\n\n\n<li><strong>Fabrication de moules<\/strong>: Le fabricant utilise des \u00e9quipements professionnels de fabrication de moules (tels que des machines de moulage par injection, etc.) en fonction du dessin de conception pour fabriquer le moule correspondant. Au cours de ce processus, il est n\u00e9cessaire de contr\u00f4ler pr\u00e9cis\u00e9ment les dimensions et les d\u00e9tails afin de garantir la restitution de la forme et du logo.<\/li>\n\n\n\n<li><strong>Essai - moulage et ajustement<\/strong>: Apr\u00e8s l'ach\u00e8vement du moule, la production d'essai est r\u00e9alis\u00e9e pour produire des \u00e9chantillons. V\u00e9rifiez l'effet de pr\u00e9sentation de la forme et du logo. En cas d'\u00e9cart, polir et modifier le moule jusqu'\u00e0 ce qu'il r\u00e9ponde aux exigences.<\/li>\n<\/ol>\n<\/div>\n\n\n\n<div class=\"wp-block-column is-vertically-aligned-center is-layout-flow wp-block-column-is-layout-flow\">\n<figure class=\"wp-block-image size-full\"><img alt=\"\" decoding=\"async\" width=\"800\" height=\"800\" src=\"https:\/\/www.usborkeychain.com\/wp-content\/uploads\/CutePiggy-USB-flash-drive.png\" class=\"wp-image-4537\" srcset=\"https:\/\/www.usborkeychain.com\/wp-content\/uploads\/CutePiggy-USB-flash-drive.png 800w, https:\/\/www.usborkeychain.com\/wp-content\/uploads\/CutePiggy-USB-flash-drive-300x300.png 300w, https:\/\/www.usborkeychain.com\/wp-content\/uploads\/CutePiggy-USB-flash-drive-150x150.png 150w, https:\/\/www.usborkeychain.com\/wp-content\/uploads\/CutePiggy-USB-flash-drive-768x768.png 768w, https:\/\/www.usborkeychain.com\/wp-content\/uploads\/CutePiggy-USB-flash-drive-12x12.png 12w, https:\/\/www.usborkeychain.com\/wp-content\/uploads\/CutePiggy-USB-flash-drive-600x600.png 600w, https:\/\/www.usborkeychain.com\/wp-content\/uploads\/CutePiggy-USB-flash-drive-100x100.png 100w\" sizes=\"(max-width: 800px) 100vw, 800px\" \/><\/figure>\n<\/div>\n<\/div>\n\n\n\n<div class=\"wp-block-columns are-vertically-aligned-center is-layout-flex wp-container-core-columns-is-layout-28f84493 wp-block-columns-is-layout-flex\">\n<div class=\"wp-block-column is-vertically-aligned-center is-layout-flow wp-block-column-is-layout-flow\">\n<h3 class=\"wp-block-heading\">Pr\u00e9cautions<\/h3>\n\n\n\n<ul class=\"wp-block-list\">\n<li><strong>Pr\u00e9cision de la conception<\/strong>: Le projet de conception doit \u00eatre pr\u00e9cis et clair afin d'\u00e9viter la d\u00e9formation de la forme et du logo apr\u00e8s la fabrication du moule en raison d'une conception impr\u00e9cise, ce qui peut augmenter les co\u00fbts de communication et de temps.<\/li>\n\n\n\n<li><strong>Consid\u00e9ration des co\u00fbts<\/strong>: La fabrication d'un moule entra\u00eene certains co\u00fbts, qui sont g\u00e9n\u00e9ralement li\u00e9s \u00e0 la complexit\u00e9 du moule. Il est n\u00e9cessaire de clarifier le co\u00fbt avant la personnalisation et d'\u00e9quilibrer la complexit\u00e9 de la forme et du logo en fonction du budget.<\/li>\n\n\n\n<li><strong>S\u00e9lection du fabricant<\/strong>: Choisissez un fabricant ayant une exp\u00e9rience professionnelle dans la fabrication de moules et de produits en PVC afin de garantir la qualit\u00e9 du moule et la stabilit\u00e9 de la production ult\u00e9rieure du produit.<\/li>\n<\/ul>\n<\/div>\n\n\n\n<div class=\"wp-block-column is-vertically-aligned-center is-layout-flow wp-block-column-is-layout-flow\">\n<figure class=\"wp-block-image size-full\"><img alt=\"\" loading=\"lazy\" decoding=\"async\" width=\"800\" height=\"800\" src=\"https:\/\/www.usborkeychain.com\/wp-content\/uploads\/Piglet-Storage.png\" class=\"wp-image-4540\" srcset=\"https:\/\/www.usborkeychain.com\/wp-content\/uploads\/Piglet-Storage.png 800w, https:\/\/www.usborkeychain.com\/wp-content\/uploads\/Piglet-Storage-300x300.png 300w, https:\/\/www.usborkeychain.com\/wp-content\/uploads\/Piglet-Storage-150x150.png 150w, https:\/\/www.usborkeychain.com\/wp-content\/uploads\/Piglet-Storage-768x768.png 768w, https:\/\/www.usborkeychain.com\/wp-content\/uploads\/Piglet-Storage-12x12.png 12w, https:\/\/www.usborkeychain.com\/wp-content\/uploads\/Piglet-Storage-600x600.png 600w, https:\/\/www.usborkeychain.com\/wp-content\/uploads\/Piglet-Storage-100x100.png 100w\" sizes=\"(max-width: 800px) 100vw, 800px\" \/><\/figure>\n<\/div>\n<\/div>\n\n\n\n<h2 class=\"wp-block-heading\">Quel est le cycle de production pour la personnalisation en vrac ?<\/h2>\n\n\n\n<ol class=\"wp-block-list\">\n<li>Fabrication du moule : Il faut compter entre 7 et 15 jours (les formes et logos compliqu\u00e9s allongent le d\u00e9lai), y compris la confirmation de la conception, le traitement du moule et l'ajustement de l'essai de moulage.<\/li>\n\n\n\n<li>Production du produit : Apr\u00e8s confirmation du moule, les processus tels que le moulage par injection, la coloration, l'assemblage et l'inspection sont mis en \u0153uvre. En fonction de la quantit\u00e9 command\u00e9e, le d\u00e9lai est g\u00e9n\u00e9ralement de 10 \u00e0 25 jours. Un petit lot (quelques centaines par exemple) peut \u00eatre r\u00e9alis\u00e9 en 10 jours environ, et un grand lot (plusieurs milliers) peut prendre de 20 \u00e0 25 jours.<\/li>\n\n\n\n<li>Cycle global : De la confirmation de la commande \u00e0 la livraison du produit, il faut g\u00e9n\u00e9ralement compter 3 \u00e0 6 semaines. S'il s'agit de conceptions complexes ou de commandes urgentes, il est n\u00e9cessaire de communiquer et de se coordonner avec le fabricant \u00e0 l'avance pour convenir d'un d\u00e9lai raisonnable.<\/li>\n<\/ol>\n\n\n\n<div class=\"wp-block-columns is-layout-flex wp-container-core-columns-is-layout-28f84493 wp-block-columns-is-layout-flex\">\n<div class=\"wp-block-column is-layout-flow wp-block-column-is-layout-flow\">\n<figure class=\"wp-block-image size-full\"><img alt=\"\" loading=\"lazy\" decoding=\"async\" width=\"800\" height=\"800\" src=\"https:\/\/www.usborkeychain.com\/wp-content\/uploads\/ChubbyPig-USB-flash-drive.png\" class=\"wp-image-4535\" srcset=\"https:\/\/www.usborkeychain.com\/wp-content\/uploads\/ChubbyPig-USB-flash-drive.png 800w, https:\/\/www.usborkeychain.com\/wp-content\/uploads\/ChubbyPig-USB-flash-drive-300x300.png 300w, https:\/\/www.usborkeychain.com\/wp-content\/uploads\/ChubbyPig-USB-flash-drive-150x150.png 150w, https:\/\/www.usborkeychain.com\/wp-content\/uploads\/ChubbyPig-USB-flash-drive-768x768.png 768w, https:\/\/www.usborkeychain.com\/wp-content\/uploads\/ChubbyPig-USB-flash-drive-12x12.png 12w, https:\/\/www.usborkeychain.com\/wp-content\/uploads\/ChubbyPig-USB-flash-drive-600x600.png 600w, https:\/\/www.usborkeychain.com\/wp-content\/uploads\/ChubbyPig-USB-flash-drive-100x100.png 100w\" sizes=\"(max-width: 800px) 100vw, 800px\" \/><\/figure>\n<\/div>\n\n\n\n<div class=\"wp-block-column is-layout-flow wp-block-column-is-layout-flow\">\n<figure class=\"wp-block-image size-full\"><img alt=\"\" loading=\"lazy\" decoding=\"async\" width=\"800\" height=\"800\" src=\"https:\/\/www.usborkeychain.com\/wp-content\/uploads\/FunPig-USB-flash-Drive.png\" class=\"wp-image-4538\" srcset=\"https:\/\/www.usborkeychain.com\/wp-content\/uploads\/FunPig-USB-flash-Drive.png 800w, https:\/\/www.usborkeychain.com\/wp-content\/uploads\/FunPig-USB-flash-Drive-300x300.png 300w, https:\/\/www.usborkeychain.com\/wp-content\/uploads\/FunPig-USB-flash-Drive-150x150.png 150w, https:\/\/www.usborkeychain.com\/wp-content\/uploads\/FunPig-USB-flash-Drive-768x768.png 768w, https:\/\/www.usborkeychain.com\/wp-content\/uploads\/FunPig-USB-flash-Drive-12x12.png 12w, https:\/\/www.usborkeychain.com\/wp-content\/uploads\/FunPig-USB-flash-Drive-600x600.png 600w, https:\/\/www.usborkeychain.com\/wp-content\/uploads\/FunPig-USB-flash-Drive-100x100.png 100w\" sizes=\"(max-width: 800px) 100vw, 800px\" \/><\/figure>\n<\/div>\n\n\n\n<div class=\"wp-block-column is-layout-flow wp-block-column-is-layout-flow\">\n<figure class=\"wp-block-image size-full\"><img alt=\"\" loading=\"lazy\" decoding=\"async\" width=\"800\" height=\"800\" src=\"https:\/\/www.usborkeychain.com\/wp-content\/uploads\/Piggy-USB-flash-Drive.png\" class=\"wp-image-4539\" srcset=\"https:\/\/www.usborkeychain.com\/wp-content\/uploads\/Piggy-USB-flash-Drive.png 800w, https:\/\/www.usborkeychain.com\/wp-content\/uploads\/Piggy-USB-flash-Drive-300x300.png 300w, https:\/\/www.usborkeychain.com\/wp-content\/uploads\/Piggy-USB-flash-Drive-150x150.png 150w, https:\/\/www.usborkeychain.com\/wp-content\/uploads\/Piggy-USB-flash-Drive-768x768.png 768w, https:\/\/www.usborkeychain.com\/wp-content\/uploads\/Piggy-USB-flash-Drive-12x12.png 12w, https:\/\/www.usborkeychain.com\/wp-content\/uploads\/Piggy-USB-flash-Drive-600x600.png 600w, https:\/\/www.usborkeychain.com\/wp-content\/uploads\/Piggy-USB-flash-Drive-100x100.png 100w\" sizes=\"(max-width: 800px) 100vw, 800px\" \/><\/figure>\n<\/div>\n<\/div>\n\n\n\n<h2 class=\"wp-block-heading\">Quelles sont les entreprises auxquelles il convient de s'adresser ?<\/h2>\n\n\n\n<div class=\"wp-block-columns is-layout-flex wp-container-core-columns-is-layout-28f84493 wp-block-columns-is-layout-flex\">\n<div class=\"wp-block-column is-vertically-aligned-center is-layout-flow wp-block-column-is-layout-flow\">\n<figure class=\"wp-block-image size-full\"><img alt=\"\" loading=\"lazy\" decoding=\"async\" width=\"800\" height=\"800\" src=\"https:\/\/www.usborkeychain.com\/wp-content\/uploads\/PinkPig-USB-flash-drive.png\" class=\"wp-image-4541\" srcset=\"https:\/\/www.usborkeychain.com\/wp-content\/uploads\/PinkPig-USB-flash-drive.png 800w, https:\/\/www.usborkeychain.com\/wp-content\/uploads\/PinkPig-USB-flash-drive-300x300.png 300w, https:\/\/www.usborkeychain.com\/wp-content\/uploads\/PinkPig-USB-flash-drive-150x150.png 150w, https:\/\/www.usborkeychain.com\/wp-content\/uploads\/PinkPig-USB-flash-drive-768x768.png 768w, https:\/\/www.usborkeychain.com\/wp-content\/uploads\/PinkPig-USB-flash-drive-12x12.png 12w, https:\/\/www.usborkeychain.com\/wp-content\/uploads\/PinkPig-USB-flash-drive-600x600.png 600w, https:\/\/www.usborkeychain.com\/wp-content\/uploads\/PinkPig-USB-flash-drive-100x100.png 100w\" sizes=\"(max-width: 800px) 100vw, 800px\" \/><\/figure>\n<\/div>\n\n\n\n<div class=\"wp-block-column is-vertically-aligned-center is-layout-flow wp-block-column-is-layout-flow\">\n<ul class=\"wp-block-list\">\n<li>Cadeaux pour les entreprises technologiques : Cadeaux d'accompagnement VIP lors de l'\u00e9v\u00e9nement de lancement d'une marque de t\u00e9l\u00e9phonie mobile.<\/li>\n\n\n\n<li>Articles promotionnels pour l'industrie de la maternit\u00e9 et du b\u00e9b\u00e9 : Activit\u00e9s de gratuit\u00e9 d'une marque de lait en poudre.<\/li>\n\n\n\n<li>Points - \u00c9changes dans le secteur financier : Articles populaires dans la galerie marchande de points de carte de cr\u00e9dit d'une banque.<\/li>\n\n\n\n<li>Outils de recrutement pour les \u00e9tablissements d'enseignement : Pr\u00e9-install\u00e9 avec les vid\u00e9os promotionnelles de l'\u00e9cole.<\/li>\n<\/ul>\n<\/div>\n<\/div>\n\n\n\n<div class=\"wp-block-columns are-vertically-aligned-center is-layout-flex wp-container-core-columns-is-layout-28f84493 wp-block-columns-is-layout-flex\">\n<div class=\"wp-block-column is-vertically-aligned-center is-layout-flow wp-block-column-is-layout-flow\">\n<p>Le <strong>Cl\u00e9 USB en PVC Cartoon Pig <\/strong>est bas\u00e9 sur une forme mignonne et un mat\u00e9riau de haute qualit\u00e9. Il peut r\u00e9pondre \u00e0 diff\u00e9rents besoins en termes de param\u00e8tres d'interface, dispose d'options de personnalisation flexibles, d'un cycle de production contr\u00f4lable et convient \u00e0 de nombreuses industries en tant qu'articles promotionnels ou cadeaux. Que vous recherchiez un produit pratique ou que vous souhaitiez am\u00e9liorer votre image de marque gr\u00e2ce \u00e0 des cadeaux cr\u00e9atifs, il peut devenir la \"jolie star\" parmi les dispositifs de stockage gr\u00e2ce \u00e0 son apparence charmante et \u00e0 ses performances stables.<\/p>\n<\/div>\n\n\n\n<div class=\"wp-block-column is-vertically-aligned-center is-layout-flow wp-block-column-is-layout-flow\">\n<figure class=\"wp-block-image size-full\"><img alt=\"\" loading=\"lazy\" decoding=\"async\" width=\"800\" height=\"800\" src=\"https:\/\/www.usborkeychain.com\/wp-content\/uploads\/SmileyPig-USB-flash-drive.png\" class=\"wp-image-4543\" srcset=\"https:\/\/www.usborkeychain.com\/wp-content\/uploads\/SmileyPig-USB-flash-drive.png 800w, https:\/\/www.usborkeychain.com\/wp-content\/uploads\/SmileyPig-USB-flash-drive-300x300.png 300w, https:\/\/www.usborkeychain.com\/wp-content\/uploads\/SmileyPig-USB-flash-drive-150x150.png 150w, https:\/\/www.usborkeychain.com\/wp-content\/uploads\/SmileyPig-USB-flash-drive-768x768.png 768w, https:\/\/www.usborkeychain.com\/wp-content\/uploads\/SmileyPig-USB-flash-drive-12x12.png 12w, https:\/\/www.usborkeychain.com\/wp-content\/uploads\/SmileyPig-USB-flash-drive-600x600.png 600w, https:\/\/www.usborkeychain.com\/wp-content\/uploads\/SmileyPig-USB-flash-drive-100x100.png 100w\" sizes=\"(max-width: 800px) 100vw, 800px\" \/><\/figure>\n<\/div>\n<\/div>","protected":false},"excerpt":{"rendered":"<ul>\n<li>Mati\u00e8re PVC<\/li>\n<li>Cartoon Pig (cochon)<\/li>\n<li>RoHS<\/li>\n<li>Personnaliser une forme unique<\/li>\n<li>MOQ:100PCS<\/li>\n<\/ul>","protected":false},"featured_media":4536,"comment_status":"open","ping_status":"closed","template":"","meta":{"_seopress_robots_primary_cat":"","_seopress_titles_title":"","_seopress_titles_desc":"","_seopress_robots_index":"","site-sidebar-layout":"default","site-content-layout":"","ast-site-content-layout":"","site-content-style":"default","site-sidebar-style":"default","ast-global-header-display":"","ast-banner-title-visibility":"","ast-main-header-display":"","ast-hfb-above-header-display":"","ast-hfb-below-header-display":"","ast-hfb-mobile-header-display":"","site-post-title":"","ast-breadcrumbs-content":"","ast-featured-img":"","footer-sml-layout":"","theme-transparent-header-meta":"","adv-header-id-meta":"","stick-header-meta":"","header-above-stick-meta":"","header-main-stick-meta":"","header-below-stick-meta":"","astra-migrate-meta-layouts":"default","ast-page-background-enabled":"default","ast-page-background-meta":{"desktop":{"background-color":"var(--ast-global-color-5)","background-image":"","background-repeat":"repeat","background-position":"center center","background-size":"auto","background-attachment":"scroll","background-type":"","background-media":"","overlay-type":"","overlay-color":"","overlay-opacity":"","overlay-gradient":""},"tablet":{"background-color":"","background-image":"","background-repeat":"repeat","background-position":"center center","background-size":"auto","background-attachment":"scroll","background-type":"","background-media":"","overlay-type":"","overlay-color":"","overlay-opacity":"","overlay-gradient":""},"mobile":{"background-color":"","background-image":"","background-repeat":"repeat","background-position":"center center","background-size":"auto","background-attachment":"scroll","background-type":"","background-media":"","overlay-type":"","overlay-color":"","overlay-opacity":"","overlay-gradient":""}},"ast-content-background-meta":{"desktop":{"background-color":"var(--ast-global-color-4)","background-image":"","background-repeat":"repeat","background-position":"center center","background-size":"auto","background-attachment":"scroll","background-type":"","background-media":"","overlay-type":"","overlay-color":"","overlay-opacity":"","overlay-gradient":""},"tablet":{"background-color":"var(--ast-global-color-4)","background-image":"","background-repeat":"repeat","background-position":"center center","background-size":"auto","background-attachment":"scroll","background-type":"","background-media":"","overlay-type":"","overlay-color":"","overlay-opacity":"","overlay-gradient":""},"mobile":{"background-color":"var(--ast-global-color-4)","background-image":"","background-repeat":"repeat","background-position":"center center","background-size":"auto","background-attachment":"scroll","background-type":"","background-media":"","overlay-type":"","overlay-color":"","overlay-opacity":"","overlay-gradient":""}}},"product_brand":[],"product_cat":[112],"product_tag":[271],"class_list":{"0":"post-4532","1":"product","2":"type-product","3":"status-publish","4":"has-post-thumbnail","6":"product_cat-cartton-usb-pendrive","7":"product_tag-pvc-cartoon-pig-usb-flash-drive","8":"desktop-align-left","9":"tablet-align-left","10":"mobile-align-left","12":"first","13":"instock","14":"shipping-taxable","15":"product-type-simple"},"_links":{"self":[{"href":"https:\/\/www.usborkeychain.com\/fr\/wp-json\/wp\/v2\/product\/4532","targetHints":{"allow":["GET"]}}],"collection":[{"href":"https:\/\/www.usborkeychain.com\/fr\/wp-json\/wp\/v2\/product"}],"about":[{"href":"https:\/\/www.usborkeychain.com\/fr\/wp-json\/wp\/v2\/types\/product"}],"replies":[{"embeddable":true,"href":"https:\/\/www.usborkeychain.com\/fr\/wp-json\/wp\/v2\/comments?post=4532"}],"wp:featuredmedia":[{"embeddable":true,"href":"https:\/\/www.usborkeychain.com\/fr\/wp-json\/wp\/v2\/media\/4536"}],"wp:attachment":[{"href":"https:\/\/www.usborkeychain.com\/fr\/wp-json\/wp\/v2\/media?parent=4532"}],"wp:term":[{"taxonomy":"product_brand","embeddable":true,"href":"https:\/\/www.usborkeychain.com\/fr\/wp-json\/wp\/v2\/product_brand?post=4532"},{"taxonomy":"product_cat","embeddable":true,"href":"https:\/\/www.usborkeychain.com\/fr\/wp-json\/wp\/v2\/product_cat?post=4532"},{"taxonomy":"product_tag","embeddable":true,"href":"https:\/\/www.usborkeychain.com\/fr\/wp-json\/wp\/v2\/product_tag?post=4532"}],"curies":[{"name":"wp","href":"https:\/\/api.w.org\/{rel}","templated":true}]}}