{"id":4554,"date":"2025-07-25T02:45:10","date_gmt":"2025-07-25T02:45:10","guid":{"rendered":"https:\/\/www.usborkeychain.com\/?post_type=product&#038;p=4554"},"modified":"2025-07-25T03:26:04","modified_gmt":"2025-07-25T03:26:04","slug":"penguin-usb-flash-drive","status":"publish","type":"product","link":"https:\/\/www.usborkeychain.com\/fr\/produit\/penguin-usb-flash-drive\/","title":{"rendered":"Cl\u00e9 USB Pingouin"},"content":{"rendered":"<div class=\"wp-block-columns is-layout-flex wp-container-core-columns-is-layout-28f84493 wp-block-columns-is-layout-flex\">\n<div class=\"wp-block-column is-vertically-aligned-center is-layout-flow wp-block-column-is-layout-flow\">\n<p>Le <strong>Cl\u00e9 USB Pingouin<\/strong> est inspir\u00e9 de l'adorable pingouin, dont il reproduit fid\u00e8lement l'apparence classique : \"plumes\" noires et blanches, bec jaune orang\u00e9 et pattes palm\u00e9es, restituant avec \u00e9clat l'aspect mignon du pingouin.<\/p>\n\n\n\n<p>De petite taille et de poids l\u00e9ger, il est facile \u00e0 transporter. \u00c9quip\u00e9 d'un <strong>cha\u00eene en m\u00e9tal<\/strong>Il peut \u00eatre facilement accroch\u00e9 \u00e0 un sac \u00e0 dos ou \u00e0 un porte-cl\u00e9s. Il s'agit non seulement d'un outil de rangement pratique, mais aussi d'un ornement personnalis\u00e9, d'une esth\u00e9tique unique.<\/p>\n<\/div>\n\n\n\n<div class=\"wp-block-column is-vertically-aligned-center is-layout-flow wp-block-column-is-layout-flow\">\n<figure class=\"wp-block-image size-full\"><img alt=\"\" fetchpriority=\"high\" decoding=\"async\" width=\"800\" height=\"800\" src=\"https:\/\/www.usborkeychain.com\/wp-content\/uploads\/PenguinTech-USB-flash-drive.jpg\" class=\"wp-image-4560\" srcset=\"https:\/\/www.usborkeychain.com\/wp-content\/uploads\/PenguinTech-USB-flash-drive.jpg 800w, https:\/\/www.usborkeychain.com\/wp-content\/uploads\/PenguinTech-USB-flash-drive-300x300.jpg 300w, https:\/\/www.usborkeychain.com\/wp-content\/uploads\/PenguinTech-USB-flash-drive-150x150.jpg 150w, https:\/\/www.usborkeychain.com\/wp-content\/uploads\/PenguinTech-USB-flash-drive-768x768.jpg 768w, https:\/\/www.usborkeychain.com\/wp-content\/uploads\/PenguinTech-USB-flash-drive-12x12.jpg 12w, https:\/\/www.usborkeychain.com\/wp-content\/uploads\/PenguinTech-USB-flash-drive-600x600.jpg 600w, https:\/\/www.usborkeychain.com\/wp-content\/uploads\/PenguinTech-USB-flash-drive-100x100.jpg 100w\" sizes=\"(max-width: 800px) 100vw, 800px\" \/><\/figure>\n<\/div>\n<\/div>\n\n\n\n<div class=\"wp-block-columns is-layout-flex wp-container-core-columns-is-layout-28f84493 wp-block-columns-is-layout-flex\">\n<div class=\"wp-block-column is-vertically-aligned-center is-layout-flow wp-block-column-is-layout-flow\">\n<p>La forme potel\u00e9e du pingouin d\u00e9gage naturellement une atmosph\u00e8re bienfaisante. La combinaison de couleurs noir-blanc-orange reproduit les couches de plumes d'un pingouin, tandis que les d\u00e9tails tels que les joues roses et les ailes retourn\u00e9es sont vifs et ludiques - comme s'ils \u00e9taient sur le point de se dandiner et de \"nager\" directement hors de l'\u00e9cran \u00e0 tout moment !<\/p>\n\n\n\n<p>Les cl\u00e9s USB en forme de pingouin sont les mod\u00e8les de cl\u00e9s USB les plus mignons et enregistrent le plus grand nombre de commandes parmi les cl\u00e9s USB en forme d'animaux.<\/p>\n<\/div>\n\n\n\n<div class=\"wp-block-column is-vertically-aligned-center is-layout-flow wp-block-column-is-layout-flow\">\n<figure class=\"wp-block-image size-full\"><img alt=\"\" decoding=\"async\" width=\"800\" height=\"800\" src=\"https:\/\/www.usborkeychain.com\/wp-content\/uploads\/Penguin-USB-flash-Drive.jpg\" class=\"wp-image-4559\" srcset=\"https:\/\/www.usborkeychain.com\/wp-content\/uploads\/Penguin-USB-flash-Drive.jpg 800w, https:\/\/www.usborkeychain.com\/wp-content\/uploads\/Penguin-USB-flash-Drive-300x300.jpg 300w, https:\/\/www.usborkeychain.com\/wp-content\/uploads\/Penguin-USB-flash-Drive-150x150.jpg 150w, https:\/\/www.usborkeychain.com\/wp-content\/uploads\/Penguin-USB-flash-Drive-768x768.jpg 768w, https:\/\/www.usborkeychain.com\/wp-content\/uploads\/Penguin-USB-flash-Drive-12x12.jpg 12w, https:\/\/www.usborkeychain.com\/wp-content\/uploads\/Penguin-USB-flash-Drive-600x600.jpg 600w, https:\/\/www.usborkeychain.com\/wp-content\/uploads\/Penguin-USB-flash-Drive-100x100.jpg 100w\" sizes=\"(max-width: 800px) 100vw, 800px\" \/><\/figure>\n<\/div>\n<\/div>\n\n\n\n<h2 class=\"wp-block-heading\">Comment trouver un canal d'achat professionnel ?<\/h2>\n\n\n\n<div class=\"wp-block-columns is-layout-flex wp-container-core-columns-is-layout-28f84493 wp-block-columns-is-layout-flex\">\n<div class=\"wp-block-column is-vertically-aligned-center is-layout-flow wp-block-column-is-layout-flow\">\n<figure class=\"wp-block-image size-full\"><img alt=\"\" decoding=\"async\" width=\"800\" height=\"800\" src=\"https:\/\/www.usborkeychain.com\/wp-content\/uploads\/CutePengu-USB-flash-Drive.jpg\" class=\"wp-image-4557\" srcset=\"https:\/\/www.usborkeychain.com\/wp-content\/uploads\/CutePengu-USB-flash-Drive.jpg 800w, https:\/\/www.usborkeychain.com\/wp-content\/uploads\/CutePengu-USB-flash-Drive-300x300.jpg 300w, https:\/\/www.usborkeychain.com\/wp-content\/uploads\/CutePengu-USB-flash-Drive-150x150.jpg 150w, https:\/\/www.usborkeychain.com\/wp-content\/uploads\/CutePengu-USB-flash-Drive-768x768.jpg 768w, https:\/\/www.usborkeychain.com\/wp-content\/uploads\/CutePengu-USB-flash-Drive-12x12.jpg 12w, https:\/\/www.usborkeychain.com\/wp-content\/uploads\/CutePengu-USB-flash-Drive-600x600.jpg 600w, https:\/\/www.usborkeychain.com\/wp-content\/uploads\/CutePengu-USB-flash-Drive-100x100.jpg 100w\" sizes=\"(max-width: 800px) 100vw, 800px\" \/><\/figure>\n<\/div>\n\n\n\n<div class=\"wp-block-column is-vertically-aligned-center is-layout-flow wp-block-column-is-layout-flow\">\n<p>Si vous souhaitez obtenir un <strong>Cl\u00e9 USB Pingouin<\/strong>Le choix d'un fabricant professionnel pour la personnalisation est donc la meilleure solution. En tant qu'entreprise sp\u00e9cialis\u00e9e dans <strong>Personnalisation de la cl\u00e9 USB<\/strong>Nous disposons d'une technologie de production mature et d'une riche exp\u00e9rience. <\/p>\n\n\n\n<p>Qu'il s'agisse d'une collection personnelle, d'un achat d'entreprise ou d'un cadeau pour un \u00e9v\u00e9nement, nous pouvons le personnaliser en fonction de vos besoins.<\/p>\n<\/div>\n<\/div>\n\n\n\n<h2 class=\"wp-block-heading\">Param\u00e8tres de la cl\u00e9 USB<\/h2>\n\n\n\n<figure class=\"wp-block-table\"><table class=\"has-fixed-layout\"><thead><tr><th>Type de param\u00e8tre<\/th><th>D\u00e9tails<\/th><\/tr><\/thead><tbody><tr><td>Type d'interface<\/td><td>USB2.0, USB3.0<\/td><\/tr><tr><td>Capacit\u00e9 de stockage<\/td><td>8GB, 16GB, 32GB, 64GB, 128GB<\/td><\/tr><tr><td>Taille du produit (hauteur \u00d7 largeur \u00d7 \u00e9paisseur)<\/td><td>Environ 50 mm \u00d7 30 mm \u00d7 20 mm<\/td><\/tr><tr><td>Poids<\/td><td>Environ 20 g (cha\u00eene comprise)<\/td><\/tr><\/tbody><\/table><\/figure>\n\n\n\n<h2 class=\"wp-block-heading\">Les donn\u00e9es contenues dans la cl\u00e9 USB sont-elles en s\u00e9curit\u00e9 ?<\/h2>\n\n\n\n<div class=\"wp-block-columns is-layout-flex wp-container-core-columns-is-layout-28f84493 wp-block-columns-is-layout-flex\">\n<div class=\"wp-block-column is-vertically-aligned-center is-layout-flow wp-block-column-is-layout-flow\">\n<figure class=\"wp-block-image size-full\"><img alt=\"\" loading=\"lazy\" decoding=\"async\" width=\"800\" height=\"800\" src=\"https:\/\/www.usborkeychain.com\/wp-content\/uploads\/PenguData-Buddy-USB-drive.jpg\" class=\"wp-image-4558\" srcset=\"https:\/\/www.usborkeychain.com\/wp-content\/uploads\/PenguData-Buddy-USB-drive.jpg 800w, https:\/\/www.usborkeychain.com\/wp-content\/uploads\/PenguData-Buddy-USB-drive-300x300.jpg 300w, https:\/\/www.usborkeychain.com\/wp-content\/uploads\/PenguData-Buddy-USB-drive-150x150.jpg 150w, https:\/\/www.usborkeychain.com\/wp-content\/uploads\/PenguData-Buddy-USB-drive-768x768.jpg 768w, https:\/\/www.usborkeychain.com\/wp-content\/uploads\/PenguData-Buddy-USB-drive-12x12.jpg 12w, https:\/\/www.usborkeychain.com\/wp-content\/uploads\/PenguData-Buddy-USB-drive-600x600.jpg 600w, https:\/\/www.usborkeychain.com\/wp-content\/uploads\/PenguData-Buddy-USB-drive-100x100.jpg 100w\" sizes=\"(max-width: 800px) 100vw, 800px\" \/><\/figure>\n<\/div>\n\n\n\n<div class=\"wp-block-column is-vertically-aligned-center is-layout-flow wp-block-column-is-layout-flow\">\n<p>Le <strong>Cl\u00e9 USB Pingouin<\/strong> est fiable en termes de s\u00e9curit\u00e9 des donn\u00e9es. Il utilise des puces de stockage interne de haute qualit\u00e9, qui ont fait l'objet de tests de lecture-\u00e9criture et de v\u00e9rification des donn\u00e9es tr\u00e8s stricts. Dans le cadre d'une utilisation normale (sans dommages malveillants caus\u00e9s par l'homme ni environnements extr\u00eames), il peut stocker les donn\u00e9es de mani\u00e8re stable, r\u00e9duisant ainsi efficacement le risque de perte ou d'endommagement des donn\u00e9es. En m\u00eame temps, la protection du mat\u00e9riau PVC peut r\u00e9duire l'impact des chocs physiques sur la puce, ce qui garantit encore davantage la s\u00e9curit\u00e9 des donn\u00e9es.<\/p>\n<\/div>\n<\/div>\n\n\n\n<h2 class=\"wp-block-heading\">Pour quels types d'entreprises cette cl\u00e9 USB convient-elle ?<\/h2>\n\n\n\n<div class=\"wp-block-columns is-layout-flex wp-container-core-columns-is-layout-28f84493 wp-block-columns-is-layout-flex\">\n<div class=\"wp-block-column is-vertically-aligned-center is-layout-flow wp-block-column-is-layout-flow\">\n<ul class=\"wp-block-list\">\n<li><strong>Entreprises technologiques<\/strong>: R\u00e9unions annuelles, manifestations d'appr\u00e9ciation des clients<\/li>\n\n\n\n<li><strong>Organisations de protection de l'environnement<\/strong>: En tant que souvenirs pour des activit\u00e9s d'int\u00e9r\u00eat public<\/li>\n\n\n\n<li><strong>\u00c9coles\/institutions de formation<\/strong><\/li>\n\n\n\n<li><strong>Les passionn\u00e9s de voyage<\/strong>: Ranger les photos de voyage et les guides, et les accrocher aux sacs \u00e0 dos.<\/li>\n<\/ul>\n\n\n\n<p>Le <strong>Cl\u00e9 USB Pingouin<\/strong> est bas\u00e9 sur une apparence mignonne et respectueuse de l'environnement <strong>Mati\u00e8re PVC<\/strong>. Il dispose de nombreux param\u00e8tres pour r\u00e9pondre aux diff\u00e9rents besoins, d'une s\u00e9curit\u00e9 des donn\u00e9es fiable et int\u00e8gre \u00e9galement le concept de protection des animaux. <\/p>\n\n\n\n<p>Il convient \u00e0 divers sc\u00e9narios tels que les cadeaux d'entreprise, l'\u00e9ducation et la vie personnelle. <\/p>\n<\/div>\n\n\n\n<div class=\"wp-block-column is-vertically-aligned-center is-layout-flow wp-block-column-is-layout-flow\">\n<figure class=\"wp-block-image size-full\"><img alt=\"\" loading=\"lazy\" decoding=\"async\" width=\"800\" height=\"800\" src=\"https:\/\/www.usborkeychain.com\/wp-content\/uploads\/TinyPeng-USB-flash-drive.jpg\" class=\"wp-image-4561\" srcset=\"https:\/\/www.usborkeychain.com\/wp-content\/uploads\/TinyPeng-USB-flash-drive.jpg 800w, https:\/\/www.usborkeychain.com\/wp-content\/uploads\/TinyPeng-USB-flash-drive-300x300.jpg 300w, https:\/\/www.usborkeychain.com\/wp-content\/uploads\/TinyPeng-USB-flash-drive-150x150.jpg 150w, https:\/\/www.usborkeychain.com\/wp-content\/uploads\/TinyPeng-USB-flash-drive-768x768.jpg 768w, https:\/\/www.usborkeychain.com\/wp-content\/uploads\/TinyPeng-USB-flash-drive-12x12.jpg 12w, https:\/\/www.usborkeychain.com\/wp-content\/uploads\/TinyPeng-USB-flash-drive-600x600.jpg 600w, https:\/\/www.usborkeychain.com\/wp-content\/uploads\/TinyPeng-USB-flash-drive-100x100.jpg 100w\" sizes=\"(max-width: 800px) 100vw, 800px\" \/><\/figure>\n<\/div>\n<\/div>","protected":false},"excerpt":{"rendered":"<ul>\n<li>Mati\u00e8re PVC<\/li>\n<li>Pingouin en forme de dessin anim\u00e9<\/li>\n<li>RoHS<\/li>\n<li>Cha\u00eene en m\u00e9tal<\/li>\n<li>MOQ:100PCS<\/li>\n<\/ul>","protected":false},"featured_media":4559,"comment_status":"open","ping_status":"closed","template":"","meta":{"_seopress_robots_primary_cat":"none","_seopress_titles_title":"","_seopress_titles_desc":"","_seopress_robots_index":"","site-sidebar-layout":"default","site-content-layout":"","ast-site-content-layout":"","site-content-style":"default","site-sidebar-style":"default","ast-global-header-display":"","ast-banner-title-visibility":"","ast-main-header-display":"","ast-hfb-above-header-display":"","ast-hfb-below-header-display":"","ast-hfb-mobile-header-display":"","site-post-title":"","ast-breadcrumbs-content":"","ast-featured-img":"","footer-sml-layout":"","theme-transparent-header-meta":"","adv-header-id-meta":"","stick-header-meta":"","header-above-stick-meta":"","header-main-stick-meta":"","header-below-stick-meta":"","astra-migrate-meta-layouts":"default","ast-page-background-enabled":"default","ast-page-background-meta":{"desktop":{"background-color":"var(--ast-global-color-5)","background-image":"","background-repeat":"repeat","background-position":"center center","background-size":"auto","background-attachment":"scroll","background-type":"","background-media":"","overlay-type":"","overlay-color":"","overlay-opacity":"","overlay-gradient":""},"tablet":{"background-color":"","background-image":"","background-repeat":"repeat","background-position":"center center","background-size":"auto","background-attachment":"scroll","background-type":"","background-media":"","overlay-type":"","overlay-color":"","overlay-opacity":"","overlay-gradient":""},"mobile":{"background-color":"","background-image":"","background-repeat":"repeat","background-position":"center center","background-size":"auto","background-attachment":"scroll","background-type":"","background-media":"","overlay-type":"","overlay-color":"","overlay-opacity":"","overlay-gradient":""}},"ast-content-background-meta":{"desktop":{"background-color":"var(--ast-global-color-4)","background-image":"","background-repeat":"repeat","background-position":"center center","background-size":"auto","background-attachment":"scroll","background-type":"","background-media":"","overlay-type":"","overlay-color":"","overlay-opacity":"","overlay-gradient":""},"tablet":{"background-color":"var(--ast-global-color-4)","background-image":"","background-repeat":"repeat","background-position":"center center","background-size":"auto","background-attachment":"scroll","background-type":"","background-media":"","overlay-type":"","overlay-color":"","overlay-opacity":"","overlay-gradient":""},"mobile":{"background-color":"var(--ast-global-color-4)","background-image":"","background-repeat":"repeat","background-position":"center center","background-size":"auto","background-attachment":"scroll","background-type":"","background-media":"","overlay-type":"","overlay-color":"","overlay-opacity":"","overlay-gradient":""}}},"product_brand":[],"product_cat":[94],"product_tag":[273,248],"class_list":{"0":"post-4554","1":"product","2":"type-product","3":"status-publish","4":"has-post-thumbnail","6":"product_cat-pvc-usb-pendrive","7":"product_tag-penguin-usb-flash-drive","8":"product_tag-pvc-usb-flash-drive","9":"desktop-align-left","10":"tablet-align-left","11":"mobile-align-left","13":"first","14":"instock","15":"shipping-taxable","16":"product-type-simple"},"_links":{"self":[{"href":"https:\/\/www.usborkeychain.com\/fr\/wp-json\/wp\/v2\/product\/4554","targetHints":{"allow":["GET"]}}],"collection":[{"href":"https:\/\/www.usborkeychain.com\/fr\/wp-json\/wp\/v2\/product"}],"about":[{"href":"https:\/\/www.usborkeychain.com\/fr\/wp-json\/wp\/v2\/types\/product"}],"replies":[{"embeddable":true,"href":"https:\/\/www.usborkeychain.com\/fr\/wp-json\/wp\/v2\/comments?post=4554"}],"wp:featuredmedia":[{"embeddable":true,"href":"https:\/\/www.usborkeychain.com\/fr\/wp-json\/wp\/v2\/media\/4559"}],"wp:attachment":[{"href":"https:\/\/www.usborkeychain.com\/fr\/wp-json\/wp\/v2\/media?parent=4554"}],"wp:term":[{"taxonomy":"product_brand","embeddable":true,"href":"https:\/\/www.usborkeychain.com\/fr\/wp-json\/wp\/v2\/product_brand?post=4554"},{"taxonomy":"product_cat","embeddable":true,"href":"https:\/\/www.usborkeychain.com\/fr\/wp-json\/wp\/v2\/product_cat?post=4554"},{"taxonomy":"product_tag","embeddable":true,"href":"https:\/\/www.usborkeychain.com\/fr\/wp-json\/wp\/v2\/product_tag?post=4554"}],"curies":[{"name":"wp","href":"https:\/\/api.w.org\/{rel}","templated":true}]}}