{"id":4562,"date":"2025-07-25T03:14:08","date_gmt":"2025-07-25T03:14:08","guid":{"rendered":"https:\/\/www.usborkeychain.com\/?post_type=product&#038;p=4562"},"modified":"2025-07-25T03:14:12","modified_gmt":"2025-07-25T03:14:12","slug":"shark-shaped-usb-flash-drive","status":"publish","type":"product","link":"https:\/\/www.usborkeychain.com\/fr\/produit\/shark-shaped-usb-flash-drive\/","title":{"rendered":"Cl\u00e9 USB en forme de requin"},"content":{"rendered":"<div class=\"wp-block-columns is-layout-flex wp-container-core-columns-is-layout-28f84493 wp-block-columns-is-layout-flex\">\n<div class=\"wp-block-column is-vertically-aligned-center is-layout-flow wp-block-column-is-layout-flow\">\n<p>Le pr\u00e9sent <strong>Cl\u00e9 USB<\/strong> est inspir\u00e9 des requins, dont il reproduit pr\u00e9cis\u00e9ment l'apparence classique. Il pr\u00e9sente des lignes de corps douces et une nageoire dorsale caract\u00e9ristique, ce qui met en \u00e9vidence la pr\u00e9sence dominatrice et agile des requins dans l'oc\u00e9an.<\/p>\n\n\n\n<p>De taille r\u00e9duite et d\u00e9licate et de poids l\u00e9ger, il est facile \u00e0 transporter. Dot\u00e9 d'une lani\u00e8re, il peut \u00eatre facilement accroch\u00e9 \u00e0 un sac \u00e0 dos ou \u00e0 un porte-cl\u00e9s. Il sert non seulement de dispositif de rangement pratique, mais aussi d'ornement personnalis\u00e9, t\u00e9moignant d'un attachement unique aux \u00e9l\u00e9ments marins.<\/p>\n\n\n\n<p>Le produit est fabriqu\u00e9 \u00e0 partir de mat\u00e9riaux respectueux de l'environnement <strong>Mati\u00e8re PVC<\/strong>Le PVC est un mat\u00e9riau qui respecte strictement les normes environnementales et ne contient pas de substances toxiques telles que le chlorure de polyvinyle, le plomb ou le mercure. Le mat\u00e9riau PVC pr\u00e9sente une excellente flexibilit\u00e9 et durabilit\u00e9. Sa texture dure reste \u00e9lastique. M\u00eame s'il est l\u00e9g\u00e8rement press\u00e9 ou s'il tombe au cours d'une utilisation quotidienne, il peut amortir efficacement l'impact et prot\u00e9ger la puce de stockage interne. De plus, il est facile \u00e0 colorer et ses couleurs sont stables. <\/p>\n<\/div>\n\n\n\n<div class=\"wp-block-column is-vertically-aligned-center is-layout-flow wp-block-column-is-layout-flow\">\n<figure class=\"wp-block-image size-full\"><img alt=\"\" fetchpriority=\"high\" decoding=\"async\" width=\"800\" height=\"800\" src=\"https:\/\/www.usborkeychain.com\/wp-content\/uploads\/Shark-USB-flash-Drive.jpg\" class=\"wp-image-4565\" srcset=\"https:\/\/www.usborkeychain.com\/wp-content\/uploads\/Shark-USB-flash-Drive.jpg 800w, https:\/\/www.usborkeychain.com\/wp-content\/uploads\/Shark-USB-flash-Drive-300x300.jpg 300w, https:\/\/www.usborkeychain.com\/wp-content\/uploads\/Shark-USB-flash-Drive-150x150.jpg 150w, https:\/\/www.usborkeychain.com\/wp-content\/uploads\/Shark-USB-flash-Drive-768x768.jpg 768w, https:\/\/www.usborkeychain.com\/wp-content\/uploads\/Shark-USB-flash-Drive-12x12.jpg 12w, https:\/\/www.usborkeychain.com\/wp-content\/uploads\/Shark-USB-flash-Drive-600x600.jpg 600w, https:\/\/www.usborkeychain.com\/wp-content\/uploads\/Shark-USB-flash-Drive-100x100.jpg 100w\" sizes=\"(max-width: 800px) 100vw, 800px\" \/><\/figure>\n<\/div>\n<\/div>\n\n\n\n<h2 class=\"wp-block-heading\">Comment acheter des co\u00fbts de mani\u00e8re efficace ?<\/h2>\n\n\n\n<div class=\"wp-block-columns is-layout-flex wp-container-core-columns-is-layout-28f84493 wp-block-columns-is-layout-flex\">\n<div class=\"wp-block-column is-vertically-aligned-center is-layout-flow wp-block-column-is-layout-flow\">\n<figure class=\"wp-block-image size-full\"><img alt=\"\" decoding=\"async\" width=\"800\" height=\"800\" src=\"https:\/\/www.usborkeychain.com\/wp-content\/uploads\/DeepSeaShark-USB-flash-drive.jpg\" class=\"wp-image-4567\" srcset=\"https:\/\/www.usborkeychain.com\/wp-content\/uploads\/DeepSeaShark-USB-flash-drive.jpg 800w, https:\/\/www.usborkeychain.com\/wp-content\/uploads\/DeepSeaShark-USB-flash-drive-300x300.jpg 300w, https:\/\/www.usborkeychain.com\/wp-content\/uploads\/DeepSeaShark-USB-flash-drive-150x150.jpg 150w, https:\/\/www.usborkeychain.com\/wp-content\/uploads\/DeepSeaShark-USB-flash-drive-768x768.jpg 768w, https:\/\/www.usborkeychain.com\/wp-content\/uploads\/DeepSeaShark-USB-flash-drive-12x12.jpg 12w, https:\/\/www.usborkeychain.com\/wp-content\/uploads\/DeepSeaShark-USB-flash-drive-600x600.jpg 600w, https:\/\/www.usborkeychain.com\/wp-content\/uploads\/DeepSeaShark-USB-flash-drive-100x100.jpg 100w\" sizes=\"(max-width: 800px) 100vw, 800px\" \/><\/figure>\n<\/div>\n\n\n\n<div class=\"wp-block-column is-vertically-aligned-center is-layout-flow wp-block-column-is-layout-flow\">\n<p>Opter pour la personnalisation par un fabricant professionnel est le meilleur moyen d'obtenir un produit de qualit\u00e9. <strong>Cl\u00e9 USB en forme de requin.<\/strong> En tant qu'entreprise sp\u00e9cialis\u00e9e dans la personnalisation des cl\u00e9s USB, nous disposons de techniques de production matures et d'une riche exp\u00e9rience, et nous pouvons offrir les services personnalis\u00e9s suivants :<\/p>\n\n\n\n<ul class=\"wp-block-list\">\n<li><strong>Moule - personnalisation de la fabrication<\/strong>: Nous pouvons ajuster les d\u00e9tails de la forme du requin en fonction de vos id\u00e9es cr\u00e9atives, par exemple en modifiant la courbure de la nageoire dorsale ou les proportions du corps. Gr\u00e2ce \u00e0 la fabrication professionnelle de moules, nous pouvons pr\u00e9senter avec pr\u00e9cision le design exclusif de votre requin, en r\u00e9pondant aux exigences esth\u00e9tiques et cr\u00e9atives de votre marque.<\/li>\n\n\n\n<li><strong>Personnalisation des couleurs<\/strong>: Nous proposons une large gamme d'options de couleurs. Vous pouvez personnaliser la couleur principale du requin, comme le bleu profond ou le gris argent\u00e9, pour correspondre aux th\u00e8mes de l'oc\u00e9an ou aux couleurs de l'entreprise VI, ce qui rend la cl\u00e9 USB plus personnalis\u00e9e.<\/li>\n\n\n\n<li><strong>Personnalisation du logo<\/strong>: Nous utilisons des techniques de s\u00e9rigraphie, de tampographie ou de gravure au laser pour imprimer ou graver clairement les logos de la marque et les motifs personnalis\u00e9s sur la surface de la cl\u00e9 USB. Ces logos et motifs sont solidement fix\u00e9s et ne se d\u00e9tachent pas facilement. Cela permet aux entreprises de cr\u00e9er des p\u00e9riph\u00e9riques de marque exclusifs ou aux particuliers de personnaliser des objets de stockage uniques sur le th\u00e8me de l'oc\u00e9an. Nous contr\u00f4lons strictement la qualit\u00e9 des mat\u00e9riaux et la fabrication pour garantir la qualit\u00e9 du produit et l'exp\u00e9rience de l'utilisateur.<\/li>\n<\/ul>\n<\/div>\n<\/div>\n\n\n\n<h2 class=\"wp-block-heading\">Param\u00e8tres de la cl\u00e9 USB<\/h2>\n\n\n\n<figure class=\"wp-block-table\"><table class=\"has-fixed-layout\"><thead><tr><th>Type de param\u00e8tre<\/th><th>D\u00e9tails<\/th><\/tr><\/thead><tbody><tr><td>Type d'interface<\/td><td>USB2.0, USB3.0<\/td><\/tr><tr><td>Capacit\u00e9 de stockage<\/td><td>8GB, 16GB, 32GB, 64GB, 128GB<\/td><\/tr><tr><td>Dimensions du produit (longueur \u00d7 largeur \u00d7 \u00e9paisseur)<\/td><td>Environ 70mm\u00d720mm\u00d715mm<\/td><\/tr><tr><td>Poids<\/td><td>Environ 18 g<\/td><\/tr><\/tbody><\/table><\/figure>\n\n\n\n<h2 class=\"wp-block-heading\">Quelle est la signification de cette conception ?<\/h2>\n\n\n\n<div class=\"wp-block-columns is-layout-flex wp-container-core-columns-is-layout-28f84493 wp-block-columns-is-layout-flex\">\n<div class=\"wp-block-column is-vertically-aligned-center is-layout-flow wp-block-column-is-layout-flow\">\n<p>La conception de la <strong>Cl\u00e9 USB en forme de requin<\/strong> contient un sens profond de la protection des animaux. Les requins, esp\u00e8ces cl\u00e9s de l'\u00e9cosyst\u00e8me oc\u00e9anique, voient leur survie menac\u00e9e par la surp\u00eache, la pollution des oc\u00e9ans et d'autres facteurs. L'int\u00e9gration de l'image du requin dans le design de la cl\u00e9 USB permet aux gens de pr\u00eater inconsciemment attention \u00e0 la survie des requins tout en utilisant ce \"petit requin\" pour stocker des donn\u00e9es dans leur vie quotidienne. Le concept de protection de la vie marine et de maintien de l'\u00e9quilibre de l'\u00e9cosyst\u00e8me oc\u00e9anique s'en trouve ainsi renforc\u00e9. Ainsi, ce joli objet de stockage devient une \"station publicitaire mobile\" pour la protection des oc\u00e9ans, apportant une valeur de bien-\u00eatre public et suscitant l'int\u00e9r\u00eat d'un plus grand nombre de personnes pour l'\u00e9cosyst\u00e8me des oc\u00e9ans.<\/p>\n<\/div>\n\n\n\n<div class=\"wp-block-column is-vertically-aligned-center is-layout-flow wp-block-column-is-layout-flow\">\n<figure class=\"wp-block-image size-full\"><img alt=\"\" decoding=\"async\" width=\"800\" height=\"800\" src=\"https:\/\/www.usborkeychain.com\/wp-content\/uploads\/CoolShark-USB-flash-drive.jpg\" class=\"wp-image-4566\" srcset=\"https:\/\/www.usborkeychain.com\/wp-content\/uploads\/CoolShark-USB-flash-drive.jpg 800w, https:\/\/www.usborkeychain.com\/wp-content\/uploads\/CoolShark-USB-flash-drive-300x300.jpg 300w, https:\/\/www.usborkeychain.com\/wp-content\/uploads\/CoolShark-USB-flash-drive-150x150.jpg 150w, https:\/\/www.usborkeychain.com\/wp-content\/uploads\/CoolShark-USB-flash-drive-768x768.jpg 768w, https:\/\/www.usborkeychain.com\/wp-content\/uploads\/CoolShark-USB-flash-drive-12x12.jpg 12w, https:\/\/www.usborkeychain.com\/wp-content\/uploads\/CoolShark-USB-flash-drive-600x600.jpg 600w, https:\/\/www.usborkeychain.com\/wp-content\/uploads\/CoolShark-USB-flash-drive-100x100.jpg 100w\" sizes=\"(max-width: 800px) 100vw, 800px\" \/><\/figure>\n<\/div>\n<\/div>\n\n\n\n<h2 class=\"wp-block-heading\">Pour quelles entreprises est-il adapt\u00e9 ?<\/h2>\n\n\n\n<div class=\"wp-block-columns is-layout-flex wp-container-core-columns-is-layout-28f84493 wp-block-columns-is-layout-flex\">\n<div class=\"wp-block-column is-vertically-aligned-center is-layout-flow wp-block-column-is-layout-flow\">\n<figure class=\"wp-block-image size-full\"><img alt=\"\" loading=\"lazy\" decoding=\"async\" width=\"800\" height=\"800\" src=\"https:\/\/www.usborkeychain.com\/wp-content\/uploads\/Shark-File-Keeper-USB-flash-drive.jpg\" class=\"wp-image-4568\" srcset=\"https:\/\/www.usborkeychain.com\/wp-content\/uploads\/Shark-File-Keeper-USB-flash-drive.jpg 800w, https:\/\/www.usborkeychain.com\/wp-content\/uploads\/Shark-File-Keeper-USB-flash-drive-300x300.jpg 300w, https:\/\/www.usborkeychain.com\/wp-content\/uploads\/Shark-File-Keeper-USB-flash-drive-150x150.jpg 150w, https:\/\/www.usborkeychain.com\/wp-content\/uploads\/Shark-File-Keeper-USB-flash-drive-768x768.jpg 768w, https:\/\/www.usborkeychain.com\/wp-content\/uploads\/Shark-File-Keeper-USB-flash-drive-12x12.jpg 12w, https:\/\/www.usborkeychain.com\/wp-content\/uploads\/Shark-File-Keeper-USB-flash-drive-600x600.jpg 600w, https:\/\/www.usborkeychain.com\/wp-content\/uploads\/Shark-File-Keeper-USB-flash-drive-100x100.jpg 100w\" sizes=\"(max-width: 800px) 100vw, 800px\" \/><\/figure>\n<\/div>\n\n\n\n<div class=\"wp-block-column is-vertically-aligned-center is-layout-flow wp-block-column-is-layout-flow\">\n<ul class=\"wp-block-list\">\n<li><strong>Aquariums\/organisations de conservation des oc\u00e9ans<\/strong>: Ils peuvent personnaliser des cl\u00e9s USB en forme de requin comme cadeaux pour les acheteurs de billets ou comme avantages pour les membres.<\/li>\n\n\n\n<li><strong>Entreprises de tourisme oc\u00e9anique<\/strong>: Pendant les excursions sur les \u00eeles, les voyages de plong\u00e9e et d'autres projets, ils peuvent stocker des photos de voyage et des guides de voyage dans les cl\u00e9s USB en forme de requin et les donner aux touristes en guise de souvenirs de voyage.<\/li>\n\n\n\n<li><strong>Institutions de vulgarisation et de formation en oc\u00e9anographie<\/strong>: Ils peuvent stocker des didacticiels sur la connaissance des oc\u00e9ans et des animations de vulgarisation scientifique sur les requins dans les cl\u00e9s USB et les utiliser comme mat\u00e9riel d'apprentissage pour les \u00e9tudiants.<\/li>\n\n\n\n<li><strong>Soci\u00e9t\u00e9s technologiques (mettant l'accent sur l'esprit d'innovation\/d'exploration)<\/strong>: Ils peuvent utiliser ces cl\u00e9s USB lors de r\u00e9unions annuelles ou d'\u00e9v\u00e9nements de remerciement des clients.<\/li>\n\n\n\n<li><strong>Entreprises de conception cr\u00e9ative<\/strong>: Ils peuvent personnaliser des cl\u00e9s USB uniques en forme de requin comme cadeaux pour l'ach\u00e8vement de projets cr\u00e9atifs.<\/li>\n<\/ul>\n<\/div>\n<\/div>\n\n\n\n<p>Le <strong>Cl\u00e9 USB en forme de requin<\/strong> est bas\u00e9 sur une apparence mignonne sur le th\u00e8me de l'oc\u00e9an et sur un mat\u00e9riau PVC respectueux de l'environnement. Il poss\u00e8de de nombreux param\u00e8tres pour r\u00e9pondre \u00e0 diff\u00e9rents besoins, int\u00e8gre le concept de protection des animaux marins et convient \u00e0 de multiples sc\u00e9narios tels que les entreprises \u00e0 th\u00e8me marin, l'\u00e9ducation et les cadeaux d'entreprise. Que vous recherchiez un rangement pratique, une personnalisation cr\u00e9ative ou que vous souhaitiez transmettre la valeur de la protection des oc\u00e9ans pour le bien-\u00eatre du public, ce produit peut devenir un article unique parmi les dispositifs de rangement gr\u00e2ce \u00e0 son triple avantage \"beaut\u00e9 + fonctionnalit\u00e9 + importance\".<\/p>","protected":false},"excerpt":{"rendered":"<ul>\n<li>Mati\u00e8re PVC<\/li>\n<li>Requin - en forme<\/li>\n<li>Diff\u00e9rents styles de conception<\/li>\n<li>RoHS<\/li>\n<li>MOQ:100PCS<\/li>\n<\/ul>","protected":false},"featured_media":4565,"comment_status":"open","ping_status":"closed","template":"","meta":{"_seopress_robots_primary_cat":"","_seopress_titles_title":"","_seopress_titles_desc":"","_seopress_robots_index":"","site-sidebar-layout":"default","site-content-layout":"","ast-site-content-layout":"","site-content-style":"default","site-sidebar-style":"default","ast-global-header-display":"","ast-banner-title-visibility":"","ast-main-header-display":"","ast-hfb-above-header-display":"","ast-hfb-below-header-display":"","ast-hfb-mobile-header-display":"","site-post-title":"","ast-breadcrumbs-content":"","ast-featured-img":"","footer-sml-layout":"","theme-transparent-header-meta":"","adv-header-id-meta":"","stick-header-meta":"","header-above-stick-meta":"","header-main-stick-meta":"","header-below-stick-meta":"","astra-migrate-meta-layouts":"default","ast-page-background-enabled":"default","ast-page-background-meta":{"desktop":{"background-color":"var(--ast-global-color-5)","background-image":"","background-repeat":"repeat","background-position":"center center","background-size":"auto","background-attachment":"scroll","background-type":"","background-media":"","overlay-type":"","overlay-color":"","overlay-opacity":"","overlay-gradient":""},"tablet":{"background-color":"","background-image":"","background-repeat":"repeat","background-position":"center center","background-size":"auto","background-attachment":"scroll","background-type":"","background-media":"","overlay-type":"","overlay-color":"","overlay-opacity":"","overlay-gradient":""},"mobile":{"background-color":"","background-image":"","background-repeat":"repeat","background-position":"center center","background-size":"auto","background-attachment":"scroll","background-type":"","background-media":"","overlay-type":"","overlay-color":"","overlay-opacity":"","overlay-gradient":""}},"ast-content-background-meta":{"desktop":{"background-color":"var(--ast-global-color-4)","background-image":"","background-repeat":"repeat","background-position":"center center","background-size":"auto","background-attachment":"scroll","background-type":"","background-media":"","overlay-type":"","overlay-color":"","overlay-opacity":"","overlay-gradient":""},"tablet":{"background-color":"var(--ast-global-color-4)","background-image":"","background-repeat":"repeat","background-position":"center center","background-size":"auto","background-attachment":"scroll","background-type":"","background-media":"","overlay-type":"","overlay-color":"","overlay-opacity":"","overlay-gradient":""},"mobile":{"background-color":"var(--ast-global-color-4)","background-image":"","background-repeat":"repeat","background-position":"center center","background-size":"auto","background-attachment":"scroll","background-type":"","background-media":"","overlay-type":"","overlay-color":"","overlay-opacity":"","overlay-gradient":""}}},"product_brand":[],"product_cat":[94],"product_tag":[248,274],"class_list":{"0":"post-4562","1":"product","2":"type-product","3":"status-publish","4":"has-post-thumbnail","6":"product_cat-pvc-usb-pendrive","7":"product_tag-pvc-usb-flash-drive","8":"product_tag-shark-shaped-usb-flash-drive","9":"desktop-align-left","10":"tablet-align-left","11":"mobile-align-left","13":"first","14":"instock","15":"shipping-taxable","16":"product-type-simple"},"_links":{"self":[{"href":"https:\/\/www.usborkeychain.com\/fr\/wp-json\/wp\/v2\/product\/4562","targetHints":{"allow":["GET"]}}],"collection":[{"href":"https:\/\/www.usborkeychain.com\/fr\/wp-json\/wp\/v2\/product"}],"about":[{"href":"https:\/\/www.usborkeychain.com\/fr\/wp-json\/wp\/v2\/types\/product"}],"replies":[{"embeddable":true,"href":"https:\/\/www.usborkeychain.com\/fr\/wp-json\/wp\/v2\/comments?post=4562"}],"wp:featuredmedia":[{"embeddable":true,"href":"https:\/\/www.usborkeychain.com\/fr\/wp-json\/wp\/v2\/media\/4565"}],"wp:attachment":[{"href":"https:\/\/www.usborkeychain.com\/fr\/wp-json\/wp\/v2\/media?parent=4562"}],"wp:term":[{"taxonomy":"product_brand","embeddable":true,"href":"https:\/\/www.usborkeychain.com\/fr\/wp-json\/wp\/v2\/product_brand?post=4562"},{"taxonomy":"product_cat","embeddable":true,"href":"https:\/\/www.usborkeychain.com\/fr\/wp-json\/wp\/v2\/product_cat?post=4562"},{"taxonomy":"product_tag","embeddable":true,"href":"https:\/\/www.usborkeychain.com\/fr\/wp-json\/wp\/v2\/product_tag?post=4562"}],"curies":[{"name":"wp","href":"https:\/\/api.w.org\/{rel}","templated":true}]}}