{"id":4569,"date":"2025-07-25T03:38:47","date_gmt":"2025-07-25T03:38:47","guid":{"rendered":"https:\/\/www.usborkeychain.com\/?post_type=product&#038;p=4569"},"modified":"2025-07-25T04:08:04","modified_gmt":"2025-07-25T04:08:04","slug":"lighter-shaped-usb-flash-drive","status":"publish","type":"product","link":"https:\/\/www.usborkeychain.com\/fr\/produit\/lighter-shaped-usb-flash-drive\/","title":{"rendered":"Briquet classique en plastique Cl\u00e9 USB"},"content":{"rendered":"<div class=\"wp-block-columns is-layout-flex wp-container-core-columns-is-layout-28f84493 wp-block-columns-is-layout-flex\">\n<div class=\"wp-block-column is-vertically-aligned-center is-layout-flow wp-block-column-is-layout-flow\">\n<p>Le pr\u00e9sent <strong>Cl\u00e9 USB en forme de briquet<\/strong> s'inspire des briquets classiques, avec des lignes ext\u00e9rieures fines et simples. Le design g\u00e9n\u00e9ral est petit et d\u00e9licat, reproduisant largement la forme d'un briquet, et il est tr\u00e8s reconnaissable lorsqu'on le tient dans la main.<\/p>\n\n\n\n<p>Il est compos\u00e9 de<strong> m\u00e9tal de haute qualit\u00e9 <\/strong>(comme l'alliage d'aluminium) combin\u00e9s \u00e0 des mat\u00e9riaux plastiques respectueux de l'environnement. La partie m\u00e9tallique conf\u00e8re au produit une solidit\u00e9 et une r\u00e9sistance \u00e0 l'usure. Il n'est pas facile de la rayer ou de la d\u00e9former lors d'une utilisation quotidienne, ce qui prot\u00e8ge efficacement la puce de stockage interne. La partie en plastique est l\u00e9g\u00e8re, ce qui rend la cl\u00e9 USB maniable et pratique \u00e0 transporter. La surface est finement trait\u00e9e, offrant une sensation de douceur au toucher.<\/p>\n\n\n\n<p>Il est de petite taille, semblable \u00e0 un briquet ordinaire, et peut \u00eatre facilement rang\u00e9 dans les poches, les portefeuilles ou les pochettes de cl\u00e9s.<\/p>\n<\/div>\n\n\n\n<div class=\"wp-block-column is-vertically-aligned-center is-layout-flow wp-block-column-is-layout-flow\">\n<figure class=\"wp-block-image size-full\"><img alt=\"\" fetchpriority=\"high\" decoding=\"async\" width=\"800\" height=\"800\" src=\"https:\/\/www.usborkeychain.com\/wp-content\/uploads\/Shiny-Lighter-USB-flash-drive.jpg\" class=\"wp-image-4580\" srcset=\"https:\/\/www.usborkeychain.com\/wp-content\/uploads\/Shiny-Lighter-USB-flash-drive.jpg 800w, https:\/\/www.usborkeychain.com\/wp-content\/uploads\/Shiny-Lighter-USB-flash-drive-300x300.jpg 300w, https:\/\/www.usborkeychain.com\/wp-content\/uploads\/Shiny-Lighter-USB-flash-drive-150x150.jpg 150w, https:\/\/www.usborkeychain.com\/wp-content\/uploads\/Shiny-Lighter-USB-flash-drive-768x768.jpg 768w, https:\/\/www.usborkeychain.com\/wp-content\/uploads\/Shiny-Lighter-USB-flash-drive-12x12.jpg 12w, https:\/\/www.usborkeychain.com\/wp-content\/uploads\/Shiny-Lighter-USB-flash-drive-600x600.jpg 600w, https:\/\/www.usborkeychain.com\/wp-content\/uploads\/Shiny-Lighter-USB-flash-drive-100x100.jpg 100w\" sizes=\"(max-width: 800px) 100vw, 800px\" \/><\/figure>\n<\/div>\n<\/div>\n\n\n\n<h2 class=\"wp-block-heading\">Param\u00e8tres de la cl\u00e9 USB<\/h2>\n\n\n\n<figure class=\"wp-block-table\"><table class=\"has-fixed-layout\"><thead><tr><th>Type de param\u00e8tre<\/th><th>D\u00e9tails<\/th><\/tr><\/thead><tbody><tr><td>Type d'interface<\/td><td>USB2.0, USB3.0<\/td><\/tr><tr><td>Capacit\u00e9 de stockage<\/td><td>8GB, 16GB, 32GB, 64GB, 128GB<\/td><\/tr><tr><td>Dimensions du produit (longueur \u00d7 largeur \u00d7 \u00e9paisseur)<\/td><td>Environ 80mm\u00d720mm\u00d712mm<\/td><\/tr><tr><td>Poids<\/td><td>Environ 20 g<\/td><\/tr><\/tbody><\/table><\/figure>\n\n\n\n<h2 class=\"wp-block-heading\">Quelles sont les principales caract\u00e9ristiques de cette cl\u00e9 USB ?<\/h2>\n\n\n\n<div class=\"wp-block-columns is-layout-flex wp-container-core-columns-is-layout-28f84493 wp-block-columns-is-layout-flex\">\n<div class=\"wp-block-column is-vertically-aligned-center is-layout-flow wp-block-column-is-layout-flow\">\n<figure class=\"wp-block-image size-full\"><img alt=\"\" decoding=\"async\" width=\"800\" height=\"800\" src=\"https:\/\/www.usborkeychain.com\/wp-content\/uploads\/Color-Lighter-USB-flash-drive.jpg\" class=\"wp-image-4576\" srcset=\"https:\/\/www.usborkeychain.com\/wp-content\/uploads\/Color-Lighter-USB-flash-drive.jpg 800w, https:\/\/www.usborkeychain.com\/wp-content\/uploads\/Color-Lighter-USB-flash-drive-300x300.jpg 300w, https:\/\/www.usborkeychain.com\/wp-content\/uploads\/Color-Lighter-USB-flash-drive-150x150.jpg 150w, https:\/\/www.usborkeychain.com\/wp-content\/uploads\/Color-Lighter-USB-flash-drive-768x768.jpg 768w, https:\/\/www.usborkeychain.com\/wp-content\/uploads\/Color-Lighter-USB-flash-drive-12x12.jpg 12w, https:\/\/www.usborkeychain.com\/wp-content\/uploads\/Color-Lighter-USB-flash-drive-600x600.jpg 600w, https:\/\/www.usborkeychain.com\/wp-content\/uploads\/Color-Lighter-USB-flash-drive-100x100.jpg 100w\" sizes=\"(max-width: 800px) 100vw, 800px\" \/><\/figure>\n<\/div>\n\n\n\n<div class=\"wp-block-column is-vertically-aligned-center is-layout-flow wp-block-column-is-layout-flow\">\n<h3 class=\"wp-block-heading\">Mat\u00e9riau :<\/h3>\n\n\n\n<p>Les cl\u00e9s USB classiques en plastique sont con\u00e7ues \u00e0 partir de mat\u00e9riaux plastiques et pr\u00e9sentent des avantages uniques en termes de cr\u00e9ativit\u00e9, de contr\u00f4le des co\u00fbts et d'utilisation quotidienne. Elles conviennent aux sc\u00e9narios o\u00f9 l'on recherche un co\u00fbt \u00e9lev\u00e9, une portabilit\u00e9 l\u00e9g\u00e8re et une personnalisation cr\u00e9ative.<\/p>\n<\/div>\n<\/div>\n\n\n\n<div class=\"wp-block-columns is-layout-flex wp-container-core-columns-is-layout-28f84493 wp-block-columns-is-layout-flex\">\n<div class=\"wp-block-column is-vertically-aligned-center is-layout-flow wp-block-column-is-layout-flow\">\n<figure class=\"wp-block-image size-full\"><img alt=\"\" decoding=\"async\" width=\"800\" height=\"800\" src=\"https:\/\/www.usborkeychain.com\/wp-content\/uploads\/Lighter-USB-Drive.png\" class=\"wp-image-4578\" srcset=\"https:\/\/www.usborkeychain.com\/wp-content\/uploads\/Lighter-USB-Drive.png 800w, https:\/\/www.usborkeychain.com\/wp-content\/uploads\/Lighter-USB-Drive-300x300.png 300w, https:\/\/www.usborkeychain.com\/wp-content\/uploads\/Lighter-USB-Drive-150x150.png 150w, https:\/\/www.usborkeychain.com\/wp-content\/uploads\/Lighter-USB-Drive-768x768.png 768w, https:\/\/www.usborkeychain.com\/wp-content\/uploads\/Lighter-USB-Drive-12x12.png 12w, https:\/\/www.usborkeychain.com\/wp-content\/uploads\/Lighter-USB-Drive-600x600.png 600w, https:\/\/www.usborkeychain.com\/wp-content\/uploads\/Lighter-USB-Drive-100x100.png 100w\" sizes=\"(max-width: 800px) 100vw, 800px\" \/><\/figure>\n<\/div>\n\n\n\n<div class=\"wp-block-column is-vertically-aligned-center is-layout-flow wp-block-column-is-layout-flow\">\n<h3 class=\"wp-block-heading\">LOGO personnalis\u00e9<\/h3>\n\n\n\n<p>La coque de cette cl\u00e9 USB \u00e0 briquet est adapt\u00e9e \u00e0 la s\u00e9rigraphie. La s\u00e9rigraphie est id\u00e9ale pour les motifs simples ou unicolores : elle utilise une raclette pour presser l'encre sur la surface de la cl\u00e9 USB et convient particuli\u00e8rement aux coques en plastique ou aux surfaces peintes en m\u00e9tal. Elle se caract\u00e9rise par des couleurs vives, un faible co\u00fbt et une grande efficacit\u00e9 dans la personnalisation de masse, mais elle n\u00e9cessite une surface d'impression plane pour \u00e9viter la distorsion du motif caus\u00e9e par les surfaces incurv\u00e9es.<\/p>\n\n\n\n<p>Les logos imprim\u00e9s en couleur, quant \u00e0 eux, conviennent aux d\u00e9grad\u00e9s de couleurs et aux motifs complexes (tels que les logos de marque comportant des \u00e9l\u00e9ments d\u00e9taill\u00e9s). Gr\u00e2ce \u00e0 la technologie num\u00e9rique \u00e0 jet d'encre, ils peuvent restituer avec pr\u00e9cision les d\u00e9grad\u00e9s de couleurs et s'adapter \u00e0 la surface incurv\u00e9e du briquet. Toutefois, il est n\u00e9cessaire de choisir une encre r\u00e9sistante \u00e0 l'usure (en particulier pour les mat\u00e9riaux m\u00e9talliques) et de tester l'adh\u00e9rence \u00e0 l'avance afin d'\u00e9viter la d\u00e9coloration apr\u00e8s une utilisation \u00e0 long terme.<\/p>\n<\/div>\n<\/div>\n\n\n\n<h2 class=\"wp-block-heading\">Quelles entreprises peuvent l'utiliser comme cadeau ?<\/h2>\n\n\n\n<div class=\"wp-block-columns are-vertically-aligned-center is-layout-flex wp-container-core-columns-is-layout-28f84493 wp-block-columns-is-layout-flex\">\n<div class=\"wp-block-column is-vertically-aligned-center is-layout-flow wp-block-column-is-layout-flow\">\n<ul class=\"wp-block-list\">\n<li>Les fabricants de briquets : Ils peuvent lancer des produits co-marqu\u00e9s \"briquet - cl\u00e9 USB\" pour \u00e9tendre leurs fronti\u00e8res commerciales en tant que p\u00e9riph\u00e9riques de marque.<\/li>\n\n\n\n<li>Entreprises de vente au d\u00e9tail de tabac : Lors des promotions de festivals et des \u00e9v\u00e9nements d'appr\u00e9ciation des membres, ils peuvent l'offrir avec des bo\u00eetes-cadeaux de produits du tabac.<\/li>\n\n\n\n<li>Entreprises de cadeaux d'affaires : Elles peuvent personnaliser des cadeaux d'entreprise pour diverses entreprises, telles que des institutions financi\u00e8res et des soci\u00e9t\u00e9s de conseil.<\/li>\n\n\n\n<li>Pour la r\u00e9alisation de projets cr\u00e9atifs : Personnalisez des cl\u00e9s USB en forme de briquet avec des \u00e9l\u00e9ments cr\u00e9atifs de l'entreprise (tels que les couleurs de la marque et des slogans cr\u00e9atifs) pour mettre en valeur la force de conception et la pens\u00e9e innovante de l'entreprise.<\/li>\n\n\n\n<li>Start-up technologiques : Elles peuvent l'utiliser comme cadeau pour les participants aux lancements de produits, aux tourn\u00e9es de pr\u00e9sentation de financement et \u00e0 d'autres \u00e9v\u00e9nements.<\/li>\n<\/ul>\n<\/div>\n\n\n\n<div class=\"wp-block-column is-vertically-aligned-center is-layout-flow wp-block-column-is-layout-flow\">\n<figure class=\"wp-block-image size-full\"><img alt=\"\" loading=\"lazy\" decoding=\"async\" width=\"800\" height=\"800\" src=\"https:\/\/www.usborkeychain.com\/wp-content\/uploads\/Sleek-Lighter-USB-flash-drive.jpg\" class=\"wp-image-4581\" srcset=\"https:\/\/www.usborkeychain.com\/wp-content\/uploads\/Sleek-Lighter-USB-flash-drive.jpg 800w, https:\/\/www.usborkeychain.com\/wp-content\/uploads\/Sleek-Lighter-USB-flash-drive-300x300.jpg 300w, https:\/\/www.usborkeychain.com\/wp-content\/uploads\/Sleek-Lighter-USB-flash-drive-150x150.jpg 150w, https:\/\/www.usborkeychain.com\/wp-content\/uploads\/Sleek-Lighter-USB-flash-drive-768x768.jpg 768w, https:\/\/www.usborkeychain.com\/wp-content\/uploads\/Sleek-Lighter-USB-flash-drive-12x12.jpg 12w, https:\/\/www.usborkeychain.com\/wp-content\/uploads\/Sleek-Lighter-USB-flash-drive-600x600.jpg 600w, https:\/\/www.usborkeychain.com\/wp-content\/uploads\/Sleek-Lighter-USB-flash-drive-100x100.jpg 100w\" sizes=\"(max-width: 800px) 100vw, 800px\" \/><\/figure>\n<\/div>\n<\/div>\n\n\n\n<h2 class=\"wp-block-heading\">Quels sont les avantages du mod\u00e8le de porte-cl\u00e9s ?<\/h2>\n\n\n\n<div class=\"wp-block-columns is-layout-flex wp-container-core-columns-is-layout-28f84493 wp-block-columns-is-layout-flex\">\n<div class=\"wp-block-column is-vertically-aligned-center is-layout-flow wp-block-column-is-layout-flow\">\n<figure class=\"wp-block-image size-full\"><img alt=\"\" loading=\"lazy\" decoding=\"async\" width=\"800\" height=\"800\" src=\"https:\/\/www.usborkeychain.com\/wp-content\/uploads\/Minimal-Lighter-USB-flash-Drive.jpg\" class=\"wp-image-4579\" srcset=\"https:\/\/www.usborkeychain.com\/wp-content\/uploads\/Minimal-Lighter-USB-flash-Drive.jpg 800w, https:\/\/www.usborkeychain.com\/wp-content\/uploads\/Minimal-Lighter-USB-flash-Drive-300x300.jpg 300w, https:\/\/www.usborkeychain.com\/wp-content\/uploads\/Minimal-Lighter-USB-flash-Drive-150x150.jpg 150w, https:\/\/www.usborkeychain.com\/wp-content\/uploads\/Minimal-Lighter-USB-flash-Drive-768x768.jpg 768w, https:\/\/www.usborkeychain.com\/wp-content\/uploads\/Minimal-Lighter-USB-flash-Drive-12x12.jpg 12w, https:\/\/www.usborkeychain.com\/wp-content\/uploads\/Minimal-Lighter-USB-flash-Drive-600x600.jpg 600w, https:\/\/www.usborkeychain.com\/wp-content\/uploads\/Minimal-Lighter-USB-flash-Drive-100x100.jpg 100w\" sizes=\"(max-width: 800px) 100vw, 800px\" \/><\/figure>\n<\/div>\n\n\n\n<div class=\"wp-block-column is-vertically-aligned-center is-layout-flow wp-block-column-is-layout-flow\">\n<p>Le <strong>porte-cl\u00e9s<\/strong> est g\u00e9n\u00e9ralement en m\u00e9tal (acier inoxydable, par exemple) et est reli\u00e9 au corps principal de la cl\u00e9 USB par un trou d'accrochage, ce qui est solide et fiable. Cette conception am\u00e9liore encore la portabilit\u00e9. Elle peut \u00eatre directement accroch\u00e9e \u00e0 un porte-cl\u00e9s ou \u00e0 la boucle d'un sac \u00e0 dos, transport\u00e9e avec des cl\u00e9s ou un sac \u00e0 dos, ce qui r\u00e9duit le risque de perdre la cl\u00e9 USB. En outre, elle peut faire de la cl\u00e9 USB un \"petit accessoire \u00e9l\u00e9gant\" pour les cl\u00e9s et les sacs \u00e0 dos, combinant des fonctions pratiques et d\u00e9coratives pour r\u00e9pondre aux divers besoins de transport des utilisateurs.<\/p>\n<\/div>\n<\/div>\n\n\n\n<div class=\"wp-block-columns is-layout-flex wp-container-core-columns-is-layout-28f84493 wp-block-columns-is-layout-flex\">\n<div class=\"wp-block-column is-layout-flow wp-block-column-is-layout-flow\">\n<div class=\"wp-block-columns is-layout-flex wp-container-core-columns-is-layout-28f84493 wp-block-columns-is-layout-flex\">\n<div class=\"wp-block-column is-layout-flow wp-block-column-is-layout-flow\">\n<div class=\"wp-block-columns is-layout-flex wp-container-core-columns-is-layout-28f84493 wp-block-columns-is-layout-flex\">\n<div class=\"wp-block-column is-vertically-aligned-center is-layout-flow wp-block-column-is-layout-flow\">\n<figure class=\"wp-block-image size-full\"><img alt=\"\" loading=\"lazy\" decoding=\"async\" width=\"800\" height=\"800\" src=\"https:\/\/www.usborkeychain.com\/wp-content\/uploads\/Lighter-Storage-USB-drive.png\" class=\"wp-image-4577\" srcset=\"https:\/\/www.usborkeychain.com\/wp-content\/uploads\/Lighter-Storage-USB-drive.png 800w, https:\/\/www.usborkeychain.com\/wp-content\/uploads\/Lighter-Storage-USB-drive-300x300.png 300w, https:\/\/www.usborkeychain.com\/wp-content\/uploads\/Lighter-Storage-USB-drive-150x150.png 150w, https:\/\/www.usborkeychain.com\/wp-content\/uploads\/Lighter-Storage-USB-drive-768x768.png 768w, https:\/\/www.usborkeychain.com\/wp-content\/uploads\/Lighter-Storage-USB-drive-12x12.png 12w, https:\/\/www.usborkeychain.com\/wp-content\/uploads\/Lighter-Storage-USB-drive-600x600.png 600w, https:\/\/www.usborkeychain.com\/wp-content\/uploads\/Lighter-Storage-USB-drive-100x100.png 100w\" sizes=\"(max-width: 800px) 100vw, 800px\" \/><\/figure>\n<\/div>\n\n\n\n<div class=\"wp-block-column is-vertically-aligned-center is-layout-flow wp-block-column-is-layout-flow\">\n<p>Le<strong> cl\u00e9 USB en forme de briquet<\/strong> est bas\u00e9 sur une apparence unique et des mat\u00e9riaux de haute qualit\u00e9. Il est dot\u00e9 de nombreux param\u00e8tres permettant de r\u00e9pondre \u00e0 de multiples sc\u00e9narios, d'une grande praticit\u00e9 et d'une personnalisation possible. La conception du porte-cl\u00e9s am\u00e9liore encore sa portabilit\u00e9. Qu'il s'agisse pour les fabricants de tabac de d\u00e9velopper leur marque, pour les entreprises de v\u00e9hiculer leur image ou pour les entreprises cr\u00e9atives et technologiques de mettre en valeur leurs caract\u00e9ristiques, ce porte-cl\u00e9s peut devenir un choix remarquable sur les march\u00e9s des dispositifs de stockage et des cadeaux, insufflant une nouvelle vitalit\u00e9 au stockage des donn\u00e9es et \u00e0 la communication de la marque.<\/p>\n<\/div>\n\n\n\n<div class=\"wp-block-column is-vertically-aligned-center is-layout-flow wp-block-column-is-layout-flow\">\n<figure class=\"wp-block-image size-full\"><img alt=\"\" loading=\"lazy\" decoding=\"async\" width=\"800\" height=\"800\" src=\"https:\/\/www.usborkeychain.com\/wp-content\/uploads\/ChicLighter-USB-flash-Drive.jpg\" class=\"wp-image-4575\" srcset=\"https:\/\/www.usborkeychain.com\/wp-content\/uploads\/ChicLighter-USB-flash-Drive.jpg 800w, https:\/\/www.usborkeychain.com\/wp-content\/uploads\/ChicLighter-USB-flash-Drive-300x300.jpg 300w, https:\/\/www.usborkeychain.com\/wp-content\/uploads\/ChicLighter-USB-flash-Drive-150x150.jpg 150w, https:\/\/www.usborkeychain.com\/wp-content\/uploads\/ChicLighter-USB-flash-Drive-768x768.jpg 768w, https:\/\/www.usborkeychain.com\/wp-content\/uploads\/ChicLighter-USB-flash-Drive-12x12.jpg 12w, https:\/\/www.usborkeychain.com\/wp-content\/uploads\/ChicLighter-USB-flash-Drive-600x600.jpg 600w, https:\/\/www.usborkeychain.com\/wp-content\/uploads\/ChicLighter-USB-flash-Drive-100x100.jpg 100w\" sizes=\"(max-width: 800px) 100vw, 800px\" \/><\/figure>\n<\/div>\n<\/div>\n<\/div>\n<\/div>\n<\/div>\n<\/div>","protected":false},"excerpt":{"rendered":"<ul>\n<li>Forme plus l\u00e9g\u00e8re<\/li>\n<li>M\u00e9tal de haute qualit\u00e9<\/li>\n<li>Porte-cl\u00e9s<\/li>\n<li>Couleurs diff\u00e9rentes personnalis\u00e9es<\/li>\n<li>MOQ:100PCS<\/li>\n<\/ul>","protected":false},"featured_media":4580,"comment_status":"open","ping_status":"closed","template":"","meta":{"_seopress_robots_primary_cat":"none","_seopress_titles_title":"","_seopress_titles_desc":"","_seopress_robots_index":"","site-sidebar-layout":"default","site-content-layout":"","ast-site-content-layout":"","site-content-style":"default","site-sidebar-style":"default","ast-global-header-display":"","ast-banner-title-visibility":"","ast-main-header-display":"","ast-hfb-above-header-display":"","ast-hfb-below-header-display":"","ast-hfb-mobile-header-display":"","site-post-title":"","ast-breadcrumbs-content":"","ast-featured-img":"","footer-sml-layout":"","theme-transparent-header-meta":"","adv-header-id-meta":"","stick-header-meta":"","header-above-stick-meta":"","header-main-stick-meta":"","header-below-stick-meta":"","astra-migrate-meta-layouts":"default","ast-page-background-enabled":"default","ast-page-background-meta":{"desktop":{"background-color":"var(--ast-global-color-5)","background-image":"","background-repeat":"repeat","background-position":"center center","background-size":"auto","background-attachment":"scroll","background-type":"","background-media":"","overlay-type":"","overlay-color":"","overlay-opacity":"","overlay-gradient":""},"tablet":{"background-color":"","background-image":"","background-repeat":"repeat","background-position":"center center","background-size":"auto","background-attachment":"scroll","background-type":"","background-media":"","overlay-type":"","overlay-color":"","overlay-opacity":"","overlay-gradient":""},"mobile":{"background-color":"","background-image":"","background-repeat":"repeat","background-position":"center center","background-size":"auto","background-attachment":"scroll","background-type":"","background-media":"","overlay-type":"","overlay-color":"","overlay-opacity":"","overlay-gradient":""}},"ast-content-background-meta":{"desktop":{"background-color":"var(--ast-global-color-4)","background-image":"","background-repeat":"repeat","background-position":"center center","background-size":"auto","background-attachment":"scroll","background-type":"","background-media":"","overlay-type":"","overlay-color":"","overlay-opacity":"","overlay-gradient":""},"tablet":{"background-color":"var(--ast-global-color-4)","background-image":"","background-repeat":"repeat","background-position":"center center","background-size":"auto","background-attachment":"scroll","background-type":"","background-media":"","overlay-type":"","overlay-color":"","overlay-opacity":"","overlay-gradient":""},"mobile":{"background-color":"var(--ast-global-color-4)","background-image":"","background-repeat":"repeat","background-position":"center center","background-size":"auto","background-attachment":"scroll","background-type":"","background-media":"","overlay-type":"","overlay-color":"","overlay-opacity":"","overlay-gradient":""}}},"product_brand":[],"product_cat":[92,103],"product_tag":[275,248],"class_list":{"0":"post-4569","1":"product","2":"type-product","3":"status-publish","4":"has-post-thumbnail","6":"product_cat-plastic-usb-pendrive","7":"product_cat-usb2-0-usb-pendrive","8":"product_tag-lighter-shaped-usb-flash-drive","9":"product_tag-pvc-usb-flash-drive","10":"desktop-align-left","11":"tablet-align-left","12":"mobile-align-left","14":"first","15":"instock","16":"shipping-taxable","17":"product-type-simple"},"_links":{"self":[{"href":"https:\/\/www.usborkeychain.com\/fr\/wp-json\/wp\/v2\/product\/4569","targetHints":{"allow":["GET"]}}],"collection":[{"href":"https:\/\/www.usborkeychain.com\/fr\/wp-json\/wp\/v2\/product"}],"about":[{"href":"https:\/\/www.usborkeychain.com\/fr\/wp-json\/wp\/v2\/types\/product"}],"replies":[{"embeddable":true,"href":"https:\/\/www.usborkeychain.com\/fr\/wp-json\/wp\/v2\/comments?post=4569"}],"wp:featuredmedia":[{"embeddable":true,"href":"https:\/\/www.usborkeychain.com\/fr\/wp-json\/wp\/v2\/media\/4580"}],"wp:attachment":[{"href":"https:\/\/www.usborkeychain.com\/fr\/wp-json\/wp\/v2\/media?parent=4569"}],"wp:term":[{"taxonomy":"product_brand","embeddable":true,"href":"https:\/\/www.usborkeychain.com\/fr\/wp-json\/wp\/v2\/product_brand?post=4569"},{"taxonomy":"product_cat","embeddable":true,"href":"https:\/\/www.usborkeychain.com\/fr\/wp-json\/wp\/v2\/product_cat?post=4569"},{"taxonomy":"product_tag","embeddable":true,"href":"https:\/\/www.usborkeychain.com\/fr\/wp-json\/wp\/v2\/product_tag?post=4569"}],"curies":[{"name":"wp","href":"https:\/\/api.w.org\/{rel}","templated":true}]}}