{"id":4589,"date":"2025-07-25T12:50:33","date_gmt":"2025-07-25T12:50:33","guid":{"rendered":"https:\/\/www.usborkeychain.com\/?post_type=product&#038;p=4589"},"modified":"2025-07-25T23:55:12","modified_gmt":"2025-07-25T23:55:12","slug":"pvc-teapot-shaped-usb-flash-drive","status":"publish","type":"product","link":"https:\/\/www.usborkeychain.com\/fr\/produit\/pvc-teapot-shaped-usb-flash-drive\/","title":{"rendered":"Cl\u00e9 USB en forme de th\u00e9i\u00e8re en PVC"},"content":{"rendered":"<div class=\"wp-block-columns is-layout-flex wp-container-core-columns-is-layout-28f84493 wp-block-columns-is-layout-flex\">\n<div class=\"wp-block-column is-vertically-aligned-center is-layout-flow wp-block-column-is-layout-flow\">\n<figure class=\"wp-block-image size-full\"><img alt=\"\" fetchpriority=\"high\" decoding=\"async\" width=\"800\" height=\"800\" src=\"https:\/\/www.usborkeychain.com\/wp-content\/uploads\/Mini-Tea-USB-flash-Drive.png\" class=\"wp-image-4593\" srcset=\"https:\/\/www.usborkeychain.com\/wp-content\/uploads\/Mini-Tea-USB-flash-Drive.png 800w, https:\/\/www.usborkeychain.com\/wp-content\/uploads\/Mini-Tea-USB-flash-Drive-300x300.png 300w, https:\/\/www.usborkeychain.com\/wp-content\/uploads\/Mini-Tea-USB-flash-Drive-150x150.png 150w, https:\/\/www.usborkeychain.com\/wp-content\/uploads\/Mini-Tea-USB-flash-Drive-768x768.png 768w, https:\/\/www.usborkeychain.com\/wp-content\/uploads\/Mini-Tea-USB-flash-Drive-12x12.png 12w, https:\/\/www.usborkeychain.com\/wp-content\/uploads\/Mini-Tea-USB-flash-Drive-600x600.png 600w, https:\/\/www.usborkeychain.com\/wp-content\/uploads\/Mini-Tea-USB-flash-Drive-100x100.png 100w\" sizes=\"(max-width: 800px) 100vw, 800px\" \/><\/figure>\n<\/div>\n\n\n\n<div class=\"wp-block-column is-vertically-aligned-center is-layout-flow wp-block-column-is-layout-flow\">\n<p>Le <strong>Cl\u00e9 USB en forme de th\u00e9i\u00e8re en PVC<\/strong> Le design de la th\u00e9i\u00e8re, d'un r\u00e9alisme exquis, en est le point fort. Elle est fabriqu\u00e9e dans un mat\u00e9riau respectueux de l'environnement <strong>Mati\u00e8re PVC<\/strong>Il est souple, flexible et pr\u00e9sente une bonne r\u00e9sistance \u00e0 l'usure et aux chutes. Il peut prot\u00e9ger efficacement les composants de stockage internes.<\/p>\n\n\n\n<p>En termes d'apparence, il reproduit fid\u00e8lement la forme d'une th\u00e9i\u00e8re, avec un aspect tridimensionnel et vivant. Les lignes du corps de la th\u00e9i\u00e8re sont lisses et les d\u00e9tails tels que le couvercle, le bec et la poign\u00e9e se distinguent clairement. Sur certains produits, le caract\u00e8re chinois simple et classique \"th\u00e9\" est imprim\u00e9 sur le corps de la th\u00e9i\u00e8re, ce qui ajoute une touche de charme au style chinois. <\/p>\n\n\n\n<p>Cette simulation fait de la cl\u00e9 USB non seulement un outil de stockage, mais aussi un ornement miniaturis\u00e9 de l'art du th\u00e9. Elle r\u00e9pond pr\u00e9cis\u00e9ment aux besoins des entreprises li\u00e9es au th\u00e9 de diffuser leur culture de marque et est tr\u00e8s appr\u00e9ci\u00e9e des amateurs de th\u00e9. Elle est devenue un objet personnel qui t\u00e9moigne des go\u00fbts de chacun.<\/p>\n<\/div>\n<\/div>\n\n\n\n<h2 class=\"wp-block-heading\">Caract\u00e9ristiques de la cl\u00e9 USB<\/h2>\n\n\n\n<figure class=\"wp-block-table\"><table class=\"has-fixed-layout\"><thead><tr><th>Cat\u00e9gorie de param\u00e8tres<\/th><th>D\u00e9tails<\/th><\/tr><\/thead><tbody><tr><td>Capacit\u00e9 de stockage<\/td><td>8GB, 16GB, 32GB, 64GB, 128GB<\/td><\/tr><tr><td>Type d'interface<\/td><td>USB2.0\/USB3.0<\/td><\/tr><tr><td>Poids<\/td><td>Environ 20 g<\/td><\/tr><tr><td>Dimensions (Longueur\u00d7Largeur\u00d7Hauteur)<\/td><td>45mm\u00d730mm\u00d725mm<\/td><\/tr><\/tbody><\/table><\/figure>\n\n\n\n<h2 class=\"wp-block-heading\">Quelles sont les couleurs disponibles pour les cl\u00e9s USB en forme de th\u00e9i\u00e8re ?<\/h2>\n\n\n\n<div class=\"wp-block-columns is-layout-flex wp-container-core-columns-is-layout-28f84493 wp-block-columns-is-layout-flex\">\n<div class=\"wp-block-column is-vertically-aligned-center is-layout-flow wp-block-column-is-layout-flow\">\n<p>La couleur de cette cl\u00e9 USB en forme de th\u00e9i\u00e8re est fixe : elle n'existe qu'en marron, sans aucune autre option de couleur. En effet, son design s'inspire enti\u00e8rement des th\u00e9i\u00e8res traditionnelles en terre cuite violette, dont le marron est la teinte la plus embl\u00e9matique. Afin de pr\u00e9server au mieux la texture et le charme classiques des th\u00e9i\u00e8res en terre cuite, il a \u00e9t\u00e9 d\u00e9cid\u00e9 d\u00e8s le d\u00e9but du d\u00e9veloppement que seule la couleur marron serait utilis\u00e9e pour cette cl\u00e9 USB.<\/p>\n\n\n\n<p>La couleur \u00e9tant fix\u00e9e au marron, les logos personnalis\u00e9s sont \u00e9galement produits en utilisant le moule de cette couleur de base. Il n'est pas n\u00e9cessaire de cr\u00e9er des moules suppl\u00e9mentaires pour d'autres couleurs ; le processus de personnalisation du logo peut \u00eatre r\u00e9alis\u00e9 directement \u00e0 partir du moule existant. Cela permet non seulement d'assurer la coh\u00e9rence avec la forme de la th\u00e9i\u00e8re et le style des th\u00e9i\u00e8res traditionnelles en argile violette, mais aussi de r\u00e9duire les co\u00fbts et le temps de personnalisation dans une certaine mesure.<\/p>\n<\/div>\n\n\n\n<div class=\"wp-block-column is-vertically-aligned-center is-layout-flow wp-block-column-is-layout-flow\">\n<figure class=\"wp-block-image size-full\"><img alt=\"\" decoding=\"async\" width=\"800\" height=\"800\" src=\"https:\/\/www.usborkeychain.com\/wp-content\/uploads\/Ceramic-Tea-USB-flash-drive.jpg\" class=\"wp-image-4592\" srcset=\"https:\/\/www.usborkeychain.com\/wp-content\/uploads\/Ceramic-Tea-USB-flash-drive.jpg 800w, https:\/\/www.usborkeychain.com\/wp-content\/uploads\/Ceramic-Tea-USB-flash-drive-300x300.jpg 300w, https:\/\/www.usborkeychain.com\/wp-content\/uploads\/Ceramic-Tea-USB-flash-drive-150x150.jpg 150w, https:\/\/www.usborkeychain.com\/wp-content\/uploads\/Ceramic-Tea-USB-flash-drive-768x768.jpg 768w, https:\/\/www.usborkeychain.com\/wp-content\/uploads\/Ceramic-Tea-USB-flash-drive-12x12.jpg 12w, https:\/\/www.usborkeychain.com\/wp-content\/uploads\/Ceramic-Tea-USB-flash-drive-600x600.jpg 600w, https:\/\/www.usborkeychain.com\/wp-content\/uploads\/Ceramic-Tea-USB-flash-drive-100x100.jpg 100w\" sizes=\"(max-width: 800px) 100vw, 800px\" \/><\/figure>\n<\/div>\n<\/div>\n\n\n\n<h2 class=\"wp-block-heading\">Quelles entreprises peuvent utiliser la cl\u00e9 USB \"Th\u00e9i\u00e8re\" en PVC comme cadeau ?<\/h2>\n\n\n\n<div class=\"wp-block-columns is-layout-flex wp-container-core-columns-is-layout-28f84493 wp-block-columns-is-layout-flex\">\n<div class=\"wp-block-column is-vertically-aligned-center is-layout-flow wp-block-column-is-layout-flow\">\n<figure class=\"wp-block-image size-full\"><img alt=\"\" decoding=\"async\" width=\"800\" height=\"800\" src=\"https:\/\/www.usborkeychain.com\/wp-content\/uploads\/Tea-Pot-USB-flash-Drive.png\" class=\"wp-image-4596\" srcset=\"https:\/\/www.usborkeychain.com\/wp-content\/uploads\/Tea-Pot-USB-flash-Drive.png 800w, https:\/\/www.usborkeychain.com\/wp-content\/uploads\/Tea-Pot-USB-flash-Drive-300x300.png 300w, https:\/\/www.usborkeychain.com\/wp-content\/uploads\/Tea-Pot-USB-flash-Drive-150x150.png 150w, https:\/\/www.usborkeychain.com\/wp-content\/uploads\/Tea-Pot-USB-flash-Drive-768x768.png 768w, https:\/\/www.usborkeychain.com\/wp-content\/uploads\/Tea-Pot-USB-flash-Drive-12x12.png 12w, https:\/\/www.usborkeychain.com\/wp-content\/uploads\/Tea-Pot-USB-flash-Drive-600x600.png 600w, https:\/\/www.usborkeychain.com\/wp-content\/uploads\/Tea-Pot-USB-flash-Drive-100x100.png 100w\" sizes=\"(max-width: 800px) 100vw, 800px\" \/><\/figure>\n<\/div>\n\n\n\n<div class=\"wp-block-column is-vertically-aligned-center is-layout-flow wp-block-column-is-layout-flow\">\n<ul class=\"wp-block-list\">\n<li><strong>Th\u00e9 - Entreprises li\u00e9es<\/strong>: Les entreprises de th\u00e9 traditionnelles comme Zhengxingde et Wuyutai peuvent l'utiliser comme cadeau pour promouvoir de nouveaux produits.<\/li>\n\n\n\n<li><strong>Service \u00e0 th\u00e9 Vendeurs<\/strong>: Entreprises vendant des th\u00e9i\u00e8res en terre cuite, des services \u00e0 th\u00e9, etc.<\/li>\n\n\n\n<li><strong>Institutions de formation \u00e0 la culture du th\u00e9<\/strong>: Utilis\u00e9 comme cadeau de fin d'\u00e9tudes pour les \u00e9tudiants ou pour la promotion des cours.<\/li>\n\n\n\n<li><strong>Th\u00e9 - th\u00e8me Entreprises culturelles et cr\u00e9atives<\/strong>: Comme il s'agit d'un des principaux produits culturels et cr\u00e9atifs, il peut \u00eatre combin\u00e9 avec des carnets, des marque-pages, etc. sur le th\u00e8me du th\u00e9 pour former des coffrets cadeaux culturels et cr\u00e9atifs.<\/li>\n<\/ul>\n<\/div>\n<\/div>\n\n\n\n<h2 class=\"wp-block-heading\"><\/h2>\n\n\n\n<p><\/p>\n\n\n\n<div class=\"wp-block-columns is-layout-flex wp-container-core-columns-is-layout-28f84493 wp-block-columns-is-layout-flex\">\n<div class=\"wp-block-column is-vertically-aligned-center is-layout-flow wp-block-column-is-layout-flow\">\n<figure class=\"wp-block-image size-full\"><img alt=\"\" loading=\"lazy\" decoding=\"async\" width=\"800\" height=\"800\" src=\"https:\/\/www.usborkeychain.com\/wp-content\/uploads\/TeaPOTronic-USB-flash-drive.jpg\" class=\"wp-image-4597\" srcset=\"https:\/\/www.usborkeychain.com\/wp-content\/uploads\/TeaPOTronic-USB-flash-drive.jpg 800w, https:\/\/www.usborkeychain.com\/wp-content\/uploads\/TeaPOTronic-USB-flash-drive-300x300.jpg 300w, https:\/\/www.usborkeychain.com\/wp-content\/uploads\/TeaPOTronic-USB-flash-drive-150x150.jpg 150w, https:\/\/www.usborkeychain.com\/wp-content\/uploads\/TeaPOTronic-USB-flash-drive-768x768.jpg 768w, https:\/\/www.usborkeychain.com\/wp-content\/uploads\/TeaPOTronic-USB-flash-drive-12x12.jpg 12w, https:\/\/www.usborkeychain.com\/wp-content\/uploads\/TeaPOTronic-USB-flash-drive-600x600.jpg 600w, https:\/\/www.usborkeychain.com\/wp-content\/uploads\/TeaPOTronic-USB-flash-drive-100x100.jpg 100w\" sizes=\"(max-width: 800px) 100vw, 800px\" \/><\/figure>\n<\/div>\n\n\n\n<div class=\"wp-block-column is-vertically-aligned-center is-layout-flow wp-block-column-is-layout-flow\">\n<figure class=\"wp-block-image size-full\"><img alt=\"\" loading=\"lazy\" decoding=\"async\" width=\"800\" height=\"800\" src=\"https:\/\/www.usborkeychain.com\/wp-content\/uploads\/Tea-Kettle-USB-Flash-drive.png\" class=\"wp-image-4595\" srcset=\"https:\/\/www.usborkeychain.com\/wp-content\/uploads\/Tea-Kettle-USB-Flash-drive.png 800w, https:\/\/www.usborkeychain.com\/wp-content\/uploads\/Tea-Kettle-USB-Flash-drive-300x300.png 300w, https:\/\/www.usborkeychain.com\/wp-content\/uploads\/Tea-Kettle-USB-Flash-drive-150x150.png 150w, https:\/\/www.usborkeychain.com\/wp-content\/uploads\/Tea-Kettle-USB-Flash-drive-768x768.png 768w, https:\/\/www.usborkeychain.com\/wp-content\/uploads\/Tea-Kettle-USB-Flash-drive-12x12.png 12w, https:\/\/www.usborkeychain.com\/wp-content\/uploads\/Tea-Kettle-USB-Flash-drive-600x600.png 600w, https:\/\/www.usborkeychain.com\/wp-content\/uploads\/Tea-Kettle-USB-Flash-drive-100x100.png 100w\" sizes=\"(max-width: 800px) 100vw, 800px\" \/><\/figure>\n<\/div>\n<\/div>","protected":false},"excerpt":{"rendered":"<ul>\n<li>En forme de th\u00e9i\u00e8re<\/li>\n<li>Mati\u00e8re PVC<\/li>\n<li>Prise en charge des syst\u00e8mes Windows, Mac et Linux<\/li>\n<li>le logo doit \u00eatre imprim\u00e9<\/li>\n<li>MOQ:100PCS<\/li>\n<\/ul>","protected":false},"featured_media":4593,"comment_status":"open","ping_status":"closed","template":"","meta":{"_seopress_robots_primary_cat":"","_seopress_titles_title":"","_seopress_titles_desc":"","_seopress_robots_index":"","site-sidebar-layout":"default","site-content-layout":"","ast-site-content-layout":"","site-content-style":"default","site-sidebar-style":"default","ast-global-header-display":"","ast-banner-title-visibility":"","ast-main-header-display":"","ast-hfb-above-header-display":"","ast-hfb-below-header-display":"","ast-hfb-mobile-header-display":"","site-post-title":"","ast-breadcrumbs-content":"","ast-featured-img":"","footer-sml-layout":"","theme-transparent-header-meta":"","adv-header-id-meta":"","stick-header-meta":"","header-above-stick-meta":"","header-main-stick-meta":"","header-below-stick-meta":"","astra-migrate-meta-layouts":"default","ast-page-background-enabled":"default","ast-page-background-meta":{"desktop":{"background-color":"var(--ast-global-color-5)","background-image":"","background-repeat":"repeat","background-position":"center center","background-size":"auto","background-attachment":"scroll","background-type":"","background-media":"","overlay-type":"","overlay-color":"","overlay-opacity":"","overlay-gradient":""},"tablet":{"background-color":"","background-image":"","background-repeat":"repeat","background-position":"center center","background-size":"auto","background-attachment":"scroll","background-type":"","background-media":"","overlay-type":"","overlay-color":"","overlay-opacity":"","overlay-gradient":""},"mobile":{"background-color":"","background-image":"","background-repeat":"repeat","background-position":"center center","background-size":"auto","background-attachment":"scroll","background-type":"","background-media":"","overlay-type":"","overlay-color":"","overlay-opacity":"","overlay-gradient":""}},"ast-content-background-meta":{"desktop":{"background-color":"var(--ast-global-color-4)","background-image":"","background-repeat":"repeat","background-position":"center center","background-size":"auto","background-attachment":"scroll","background-type":"","background-media":"","overlay-type":"","overlay-color":"","overlay-opacity":"","overlay-gradient":""},"tablet":{"background-color":"var(--ast-global-color-4)","background-image":"","background-repeat":"repeat","background-position":"center center","background-size":"auto","background-attachment":"scroll","background-type":"","background-media":"","overlay-type":"","overlay-color":"","overlay-opacity":"","overlay-gradient":""},"mobile":{"background-color":"var(--ast-global-color-4)","background-image":"","background-repeat":"repeat","background-position":"center center","background-size":"auto","background-attachment":"scroll","background-type":"","background-media":"","overlay-type":"","overlay-color":"","overlay-opacity":"","overlay-gradient":""}}},"product_brand":[],"product_cat":[],"product_tag":[277,248],"class_list":{"0":"post-4589","1":"product","2":"type-product","3":"status-publish","4":"has-post-thumbnail","6":"product_tag-pvc-teapot-shaped-usb-flash-drive-2","7":"product_tag-pvc-usb-flash-drive","8":"desktop-align-left","9":"tablet-align-left","10":"mobile-align-left","12":"first","13":"instock","14":"shipping-taxable","15":"product-type-simple"},"_links":{"self":[{"href":"https:\/\/www.usborkeychain.com\/fr\/wp-json\/wp\/v2\/product\/4589","targetHints":{"allow":["GET"]}}],"collection":[{"href":"https:\/\/www.usborkeychain.com\/fr\/wp-json\/wp\/v2\/product"}],"about":[{"href":"https:\/\/www.usborkeychain.com\/fr\/wp-json\/wp\/v2\/types\/product"}],"replies":[{"embeddable":true,"href":"https:\/\/www.usborkeychain.com\/fr\/wp-json\/wp\/v2\/comments?post=4589"}],"wp:featuredmedia":[{"embeddable":true,"href":"https:\/\/www.usborkeychain.com\/fr\/wp-json\/wp\/v2\/media\/4593"}],"wp:attachment":[{"href":"https:\/\/www.usborkeychain.com\/fr\/wp-json\/wp\/v2\/media?parent=4589"}],"wp:term":[{"taxonomy":"product_brand","embeddable":true,"href":"https:\/\/www.usborkeychain.com\/fr\/wp-json\/wp\/v2\/product_brand?post=4589"},{"taxonomy":"product_cat","embeddable":true,"href":"https:\/\/www.usborkeychain.com\/fr\/wp-json\/wp\/v2\/product_cat?post=4589"},{"taxonomy":"product_tag","embeddable":true,"href":"https:\/\/www.usborkeychain.com\/fr\/wp-json\/wp\/v2\/product_tag?post=4589"}],"curies":[{"name":"wp","href":"https:\/\/api.w.org\/{rel}","templated":true}]}}