{"id":4599,"date":"2025-07-25T14:22:38","date_gmt":"2025-07-25T14:22:38","guid":{"rendered":"https:\/\/www.usborkeychain.com\/?post_type=product&#038;p=4599"},"modified":"2025-07-26T00:03:00","modified_gmt":"2025-07-26T00:03:00","slug":"car-key-shaped-usb-flash-drive","status":"publish","type":"product","link":"https:\/\/www.usborkeychain.com\/fr\/produit\/car-key-shaped-usb-flash-drive\/","title":{"rendered":"Cl\u00e9s USB en forme de cl\u00e9 Audi, BMW, Mercedes-Benz"},"content":{"rendered":"<div class=\"wp-block-columns is-layout-flex wp-container-core-columns-is-layout-28f84493 wp-block-columns-is-layout-flex\">\n<div class=\"wp-block-column is-vertically-aligned-top is-layout-flow wp-block-column-is-layout-flow\">\n<figure class=\"wp-block-image size-full\"><img alt=\"\" fetchpriority=\"high\" decoding=\"async\" width=\"800\" height=\"800\" src=\"https:\/\/www.usborkeychain.com\/wp-content\/uploads\/Smart-Car-Key-USB-drive.png\" class=\"wp-image-4607\" srcset=\"https:\/\/www.usborkeychain.com\/wp-content\/uploads\/Smart-Car-Key-USB-drive.png 800w, https:\/\/www.usborkeychain.com\/wp-content\/uploads\/Smart-Car-Key-USB-drive-300x300.png 300w, https:\/\/www.usborkeychain.com\/wp-content\/uploads\/Smart-Car-Key-USB-drive-150x150.png 150w, https:\/\/www.usborkeychain.com\/wp-content\/uploads\/Smart-Car-Key-USB-drive-768x768.png 768w, https:\/\/www.usborkeychain.com\/wp-content\/uploads\/Smart-Car-Key-USB-drive-12x12.png 12w, https:\/\/www.usborkeychain.com\/wp-content\/uploads\/Smart-Car-Key-USB-drive-600x600.png 600w, https:\/\/www.usborkeychain.com\/wp-content\/uploads\/Smart-Car-Key-USB-drive-100x100.png 100w\" sizes=\"(max-width: 800px) 100vw, 800px\" \/><\/figure>\n<\/div>\n\n\n\n<div class=\"wp-block-column is-vertically-aligned-center is-layout-flow wp-block-column-is-layout-flow\">\n<p>Le <strong>cl\u00e9 USB en forme de cl\u00e9 de voiture<\/strong> est principalement compos\u00e9 de <strong>PVC de haute qualit\u00e9<\/strong> ou <strong>Plastique ABS<\/strong>. Il est durable, agr\u00e9able au toucher, r\u00e9sistant \u00e0 l'usure et aux chocs, et peut supporter les chocs et les rayures lors d'une utilisation quotidienne.<\/p>\n\n\n\n<p>Son point fort est la reproduction pr\u00e9cise \u00e0 l'\u00e9chelle 1:1 de la forme de la cl\u00e9 de voiture. De la disposition des boutons et du logo de la marque \u00e0 la texture de la cl\u00e9 elle-m\u00eame, il restitue en trois dimensions l'apparence d'une v\u00e9ritable cl\u00e9 de voiture, avec un effet presque r\u00e9aliste. Pour les constructeurs automobiles, il s'agit d'un support cr\u00e9atif pour diffuser la culture de la marque ; pour les propri\u00e9taires de voitures et les passionn\u00e9s d'automobile, il ne s'agit pas seulement d'un outil de rangement, mais aussi d'un objet personnalis\u00e9 qui t\u00e9moigne de leur amour pour les voitures. <\/p>\n\n\n\n<p>Qu'il soit tenu \u00e0 la main ou accroch\u00e9 \u00e0 un porte-cl\u00e9s, il peut t\u00e9moigner de leur obsession pour les voitures.<\/p>\n<\/div>\n<\/div>\n\n\n\n<h2 class=\"wp-block-heading\">Param\u00e8tres de la cl\u00e9 USB en forme de cl\u00e9 de voiture<\/h2>\n\n\n\n<figure class=\"wp-block-table\"><table class=\"has-fixed-layout\"><thead><tr><th>Cat\u00e9gorie de param\u00e8tres<\/th><th>D\u00e9tails<\/th><\/tr><\/thead><tbody><tr><td>Capacit\u00e9 de stockage<\/td><td>8GB, 16GB, 32GB, 64GB, 128GB<\/td><\/tr><tr><td>Type d'interface<\/td><td>Principalement USB 2.0\/USB 3.0<\/td><\/tr><tr><td>Taille (longueur * largeur * \u00e9paisseur)<\/td><td>65mm\u00d725mm\u00d710mm<\/td><\/tr><tr><td>Poids<\/td><td>Environ 25 grammes<\/td><\/tr><\/tbody><\/table><\/figure>\n\n\n\n<h2 class=\"wp-block-heading\">Peut-on imprimer des logos sur la cl\u00e9 USB en forme de cl\u00e9 de voiture ?<\/h2>\n\n\n\n<div class=\"wp-block-columns are-vertically-aligned-center is-layout-flex wp-container-core-columns-is-layout-28f84493 wp-block-columns-is-layout-flex\">\n<div class=\"wp-block-column is-vertically-aligned-center is-layout-flow wp-block-column-is-layout-flow\">\n<h3 class=\"wp-block-heading\">Positions imprimables pour les logos<\/h3>\n\n\n\n<ul class=\"wp-block-list\">\n<li><strong>Surface du corps de la cl\u00e9<\/strong>: Y compris les grandes zones telles que l'avant, l'arri\u00e8re et les c\u00f4t\u00e9s.<\/li>\n\n\n\n<li><strong>Zone des boutons<\/strong>: Des logos simples peuvent \u00eatre imprim\u00e9s sur les boutons.<\/li>\n<\/ul>\n\n\n\n<h3 class=\"wp-block-heading\">Proc\u00e9d\u00e9s d'impression<\/h3>\n\n\n\n<ul class=\"wp-block-list\">\n<li><strong>Soie - s\u00e9rigraphie<\/strong>: Convient aux logos simples, unicolores ou multicolores. L'encre est imprim\u00e9e sur la surface de la cl\u00e9 USB \u00e0 l'aide d'un gabarit de s\u00e9rigraphie. <\/li>\n\n\n\n<li><strong>Tampographie<\/strong>: Il est utilis\u00e9 pour les surfaces courbes ou irr\u00e9guli\u00e8res. Il transf\u00e8re les motifs \u00e0 l'aide d'un tampon en silicone, qui permet de restituer les d\u00e9tails avec pr\u00e9cision et d'obtenir des transitions de couleurs naturelles.<\/li>\n\n\n\n<li><strong>Impression UV<\/strong>: Il utilise une encre \u00e0 s\u00e9chage ultraviolet. Les motifs imprim\u00e9s ont une forte adh\u00e9rence, sont r\u00e9sistants \u00e0 l'usure et aux rayures, ont des couleurs vives et sont brillants. <\/li>\n<\/ul>\n<\/div>\n\n\n\n<div class=\"wp-block-column is-vertically-aligned-center is-layout-flow wp-block-column-is-layout-flow\">\n<figure class=\"wp-block-image size-full\"><img alt=\"\" decoding=\"async\" width=\"800\" height=\"800\" src=\"https:\/\/www.usborkeychain.com\/wp-content\/uploads\/KeyFob-USB-flash-drive.jpg\" class=\"wp-image-4604\" srcset=\"https:\/\/www.usborkeychain.com\/wp-content\/uploads\/KeyFob-USB-flash-drive.jpg 800w, https:\/\/www.usborkeychain.com\/wp-content\/uploads\/KeyFob-USB-flash-drive-300x300.jpg 300w, https:\/\/www.usborkeychain.com\/wp-content\/uploads\/KeyFob-USB-flash-drive-150x150.jpg 150w, https:\/\/www.usborkeychain.com\/wp-content\/uploads\/KeyFob-USB-flash-drive-768x768.jpg 768w, https:\/\/www.usborkeychain.com\/wp-content\/uploads\/KeyFob-USB-flash-drive-12x12.jpg 12w, https:\/\/www.usborkeychain.com\/wp-content\/uploads\/KeyFob-USB-flash-drive-600x600.jpg 600w, https:\/\/www.usborkeychain.com\/wp-content\/uploads\/KeyFob-USB-flash-drive-100x100.jpg 100w\" sizes=\"(max-width: 800px) 100vw, 800px\" \/><\/figure>\n<\/div>\n<\/div>\n\n\n\n<h2 class=\"wp-block-heading\">L'aspect de la cl\u00e9 USB en forme de cl\u00e9 de voiture peut-il \u00eatre personnalis\u00e9 ?<\/h2>\n\n\n\n<div class=\"wp-block-columns is-layout-flex wp-container-core-columns-is-layout-28f84493 wp-block-columns-is-layout-flex\">\n<div class=\"wp-block-column is-vertically-aligned-top is-layout-flow wp-block-column-is-layout-flow\">\n<figure class=\"wp-block-image size-full\"><img alt=\"\" decoding=\"async\" width=\"800\" height=\"800\" src=\"https:\/\/www.usborkeychain.com\/wp-content\/uploads\/AutoKey-USB-flash-drive.png\" class=\"wp-image-4602\" srcset=\"https:\/\/www.usborkeychain.com\/wp-content\/uploads\/AutoKey-USB-flash-drive.png 800w, https:\/\/www.usborkeychain.com\/wp-content\/uploads\/AutoKey-USB-flash-drive-300x300.png 300w, https:\/\/www.usborkeychain.com\/wp-content\/uploads\/AutoKey-USB-flash-drive-150x150.png 150w, https:\/\/www.usborkeychain.com\/wp-content\/uploads\/AutoKey-USB-flash-drive-768x768.png 768w, https:\/\/www.usborkeychain.com\/wp-content\/uploads\/AutoKey-USB-flash-drive-12x12.png 12w, https:\/\/www.usborkeychain.com\/wp-content\/uploads\/AutoKey-USB-flash-drive-600x600.png 600w, https:\/\/www.usborkeychain.com\/wp-content\/uploads\/AutoKey-USB-flash-drive-100x100.png 100w\" sizes=\"(max-width: 800px) 100vw, 800px\" \/><\/figure>\n<\/div>\n\n\n\n<div class=\"wp-block-column is-vertically-aligned-center is-layout-flow wp-block-column-is-layout-flow\">\n<p>Absolument ! Les <strong>cl\u00e9 USB en forme de cl\u00e9 de voiture<\/strong> prend en charge la personnalisation approfondie de l'apparence. Qu'il s'agisse du style de cl\u00e9 de mod\u00e8les sp\u00e9cifiques de marques telles que BMW, Mercedes-Benz, Porsche, ou de la couleur du corps de la cl\u00e9, du style des boutons et de la position des logos, il est possible de les personnaliser en fonction des besoins. Les entreprises automobiles peuvent cr\u00e9er des cl\u00e9s USB de marque exclusives \u00e0 des fins promotionnelles, et les clubs automobiles peuvent fabriquer des souvenirs uniques pour r\u00e9pondre \u00e0 divers besoins personnalis\u00e9s, faisant de chaque cl\u00e9 USB un article \"unique\".<\/p>\n<\/div>\n<\/div>\n\n\n\n<h2 class=\"wp-block-heading\">Quelles entreprises peuvent utiliser des cl\u00e9s USB en forme de cl\u00e9 de voiture comme objets promotionnels ?<\/h2>\n\n\n\n<div class=\"wp-block-columns is-layout-flex wp-container-core-columns-is-layout-28f84493 wp-block-columns-is-layout-flex\">\n<div class=\"wp-block-column is-vertically-aligned-center is-layout-flow wp-block-column-is-layout-flow\">\n<ul class=\"wp-block-list\">\n<li><strong>Soci\u00e9t\u00e9s automobiles :<\/strong> Des entreprises telles que BMW, Mercedes-Benz, Porsche, etc.<\/li>\n\n\n\n<li><strong>Fournisseurs de pi\u00e8ces automobiles<\/strong>: Entreprises qui produisent des pneus de haute performance, des films pour voitures et d'autres accessoires.<\/li>\n\n\n\n<li><strong>Entreprises de services automobiles<\/strong>: Les ateliers de r\u00e9paration automobile, les stations de lavage, les soci\u00e9t\u00e9s de location de voitures, etc. peuvent l'utiliser comme article promotionnel.<\/li>\n<\/ul>\n<\/div>\n\n\n\n<div class=\"wp-block-column is-layout-flow wp-block-column-is-layout-flow\">\n<figure class=\"wp-block-image size-full\"><img alt=\"\" loading=\"lazy\" decoding=\"async\" width=\"800\" height=\"800\" src=\"https:\/\/www.usborkeychain.com\/wp-content\/uploads\/Luxury-Key-USB-flash-Drive.png\" class=\"wp-image-4605\" srcset=\"https:\/\/www.usborkeychain.com\/wp-content\/uploads\/Luxury-Key-USB-flash-Drive.png 800w, https:\/\/www.usborkeychain.com\/wp-content\/uploads\/Luxury-Key-USB-flash-Drive-300x300.png 300w, https:\/\/www.usborkeychain.com\/wp-content\/uploads\/Luxury-Key-USB-flash-Drive-150x150.png 150w, https:\/\/www.usborkeychain.com\/wp-content\/uploads\/Luxury-Key-USB-flash-Drive-768x768.png 768w, https:\/\/www.usborkeychain.com\/wp-content\/uploads\/Luxury-Key-USB-flash-Drive-12x12.png 12w, https:\/\/www.usborkeychain.com\/wp-content\/uploads\/Luxury-Key-USB-flash-Drive-600x600.png 600w, https:\/\/www.usborkeychain.com\/wp-content\/uploads\/Luxury-Key-USB-flash-Drive-100x100.png 100w\" sizes=\"(max-width: 800px) 100vw, 800px\" \/><\/figure>\n<\/div>\n<\/div>\n\n\n\n<div class=\"wp-block-columns is-layout-flex wp-container-core-columns-is-layout-28f84493 wp-block-columns-is-layout-flex\">\n<div class=\"wp-block-column is-vertically-aligned-center is-layout-flow wp-block-column-is-layout-flow\">\n<p>Le <strong>cl\u00e9 USB en forme de cl\u00e9 de voiture<\/strong>Avec son design de cl\u00e9 de voiture r\u00e9aliste et ses mat\u00e9riaux de haute qualit\u00e9, il est devenu un pont entre la culture automobile et le stockage num\u00e9rique. Ses nombreux param\u00e8tres permettent de r\u00e9pondre \u00e0 diff\u00e9rents besoins de stockage. <\/p>\n\n\n\n<p>L'impression de logos et la personnalisation de l'apparence contribuent \u00e0 promouvoir les marques. Des entreprises automobiles telles que BMW et Mercedes-Benz aux entreprises de services automobiles, tous peuvent l'utiliser pour v\u00e9hiculer la valeur de la marque. <\/p>\n\n\n\n<p>La fonction de cryptage des donn\u00e9es garantit la s\u00e9curit\u00e9 des informations. Il s'agit non seulement d'un outil de stockage pratique, mais aussi d'un symbole personnalis\u00e9 pour les passionn\u00e9s d'automobile.<\/p>\n<\/div>\n\n\n\n<div class=\"wp-block-column is-layout-flow wp-block-column-is-layout-flow\">\n<figure class=\"wp-block-image size-full\"><img alt=\"\" loading=\"lazy\" decoding=\"async\" width=\"800\" height=\"800\" src=\"https:\/\/www.usborkeychain.com\/wp-content\/uploads\/Car-Key-USB-Flash-drive.png\" class=\"wp-image-4603\" srcset=\"https:\/\/www.usborkeychain.com\/wp-content\/uploads\/Car-Key-USB-Flash-drive.png 800w, https:\/\/www.usborkeychain.com\/wp-content\/uploads\/Car-Key-USB-Flash-drive-300x300.png 300w, https:\/\/www.usborkeychain.com\/wp-content\/uploads\/Car-Key-USB-Flash-drive-150x150.png 150w, https:\/\/www.usborkeychain.com\/wp-content\/uploads\/Car-Key-USB-Flash-drive-768x768.png 768w, https:\/\/www.usborkeychain.com\/wp-content\/uploads\/Car-Key-USB-Flash-drive-12x12.png 12w, https:\/\/www.usborkeychain.com\/wp-content\/uploads\/Car-Key-USB-Flash-drive-600x600.png 600w, https:\/\/www.usborkeychain.com\/wp-content\/uploads\/Car-Key-USB-Flash-drive-100x100.png 100w\" sizes=\"(max-width: 800px) 100vw, 800px\" \/><\/figure>\n<\/div>\n<\/div>","protected":false},"excerpt":{"rendered":"<ul>\n<li>Cl\u00e9 de voiture - Fa\u00e7onn\u00e9e<\/li>\n<li>Plastique PVC ou ABS<\/li>\n<li>Porte-cl\u00e9s<\/li>\n<li>Soutien \u00e0 la personnalisation<\/li>\n<li>MOQ\uff1a100PCS<\/li>\n<\/ul>","protected":false},"featured_media":4607,"comment_status":"open","ping_status":"closed","template":"","meta":{"_seopress_robots_primary_cat":"none","_seopress_titles_title":"","_seopress_titles_desc":"","_seopress_robots_index":"","site-sidebar-layout":"default","site-content-layout":"","ast-site-content-layout":"","site-content-style":"default","site-sidebar-style":"default","ast-global-header-display":"","ast-banner-title-visibility":"","ast-main-header-display":"","ast-hfb-above-header-display":"","ast-hfb-below-header-display":"","ast-hfb-mobile-header-display":"","site-post-title":"","ast-breadcrumbs-content":"","ast-featured-img":"","footer-sml-layout":"","theme-transparent-header-meta":"","adv-header-id-meta":"","stick-header-meta":"","header-above-stick-meta":"","header-main-stick-meta":"","header-below-stick-meta":"","astra-migrate-meta-layouts":"default","ast-page-background-enabled":"default","ast-page-background-meta":{"desktop":{"background-color":"var(--ast-global-color-5)","background-image":"","background-repeat":"repeat","background-position":"center center","background-size":"auto","background-attachment":"scroll","background-type":"","background-media":"","overlay-type":"","overlay-color":"","overlay-opacity":"","overlay-gradient":""},"tablet":{"background-color":"","background-image":"","background-repeat":"repeat","background-position":"center center","background-size":"auto","background-attachment":"scroll","background-type":"","background-media":"","overlay-type":"","overlay-color":"","overlay-opacity":"","overlay-gradient":""},"mobile":{"background-color":"","background-image":"","background-repeat":"repeat","background-position":"center center","background-size":"auto","background-attachment":"scroll","background-type":"","background-media":"","overlay-type":"","overlay-color":"","overlay-opacity":"","overlay-gradient":""}},"ast-content-background-meta":{"desktop":{"background-color":"var(--ast-global-color-4)","background-image":"","background-repeat":"repeat","background-position":"center center","background-size":"auto","background-attachment":"scroll","background-type":"","background-media":"","overlay-type":"","overlay-color":"","overlay-opacity":"","overlay-gradient":""},"tablet":{"background-color":"var(--ast-global-color-4)","background-image":"","background-repeat":"repeat","background-position":"center center","background-size":"auto","background-attachment":"scroll","background-type":"","background-media":"","overlay-type":"","overlay-color":"","overlay-opacity":"","overlay-gradient":""},"mobile":{"background-color":"var(--ast-global-color-4)","background-image":"","background-repeat":"repeat","background-position":"center center","background-size":"auto","background-attachment":"scroll","background-type":"","background-media":"","overlay-type":"","overlay-color":"","overlay-opacity":"","overlay-gradient":""}}},"product_brand":[],"product_cat":[94],"product_tag":[278,248],"class_list":{"0":"post-4599","1":"product","2":"type-product","3":"status-publish","4":"has-post-thumbnail","6":"product_cat-pvc-usb-pendrive","7":"product_tag-car-key-shaped-usb-flash-drive","8":"product_tag-pvc-usb-flash-drive","9":"desktop-align-left","10":"tablet-align-left","11":"mobile-align-left","13":"first","14":"instock","15":"shipping-taxable","16":"product-type-simple"},"_links":{"self":[{"href":"https:\/\/www.usborkeychain.com\/fr\/wp-json\/wp\/v2\/product\/4599","targetHints":{"allow":["GET"]}}],"collection":[{"href":"https:\/\/www.usborkeychain.com\/fr\/wp-json\/wp\/v2\/product"}],"about":[{"href":"https:\/\/www.usborkeychain.com\/fr\/wp-json\/wp\/v2\/types\/product"}],"replies":[{"embeddable":true,"href":"https:\/\/www.usborkeychain.com\/fr\/wp-json\/wp\/v2\/comments?post=4599"}],"wp:featuredmedia":[{"embeddable":true,"href":"https:\/\/www.usborkeychain.com\/fr\/wp-json\/wp\/v2\/media\/4607"}],"wp:attachment":[{"href":"https:\/\/www.usborkeychain.com\/fr\/wp-json\/wp\/v2\/media?parent=4599"}],"wp:term":[{"taxonomy":"product_brand","embeddable":true,"href":"https:\/\/www.usborkeychain.com\/fr\/wp-json\/wp\/v2\/product_brand?post=4599"},{"taxonomy":"product_cat","embeddable":true,"href":"https:\/\/www.usborkeychain.com\/fr\/wp-json\/wp\/v2\/product_cat?post=4599"},{"taxonomy":"product_tag","embeddable":true,"href":"https:\/\/www.usborkeychain.com\/fr\/wp-json\/wp\/v2\/product_tag?post=4599"}],"curies":[{"name":"wp","href":"https:\/\/api.w.org\/{rel}","templated":true}]}}