{"id":4610,"date":"2025-07-25T15:41:42","date_gmt":"2025-07-25T15:41:42","guid":{"rendered":"https:\/\/www.usborkeychain.com\/?post_type=product&#038;p=4610"},"modified":"2025-07-26T00:30:35","modified_gmt":"2025-07-26T00:30:35","slug":"retro-cassette-tape-shaped-usb-flash-drive","status":"publish","type":"product","link":"https:\/\/www.usborkeychain.com\/fr\/produit\/retro-cassette-tape-shaped-usb-flash-drive\/","title":{"rendered":"Cl\u00e9s USB transparentes en forme de ruban adh\u00e9sif"},"content":{"rendered":"<div class=\"wp-block-columns is-layout-flex wp-container-core-columns-is-layout-28f84493 wp-block-columns-is-layout-flex\">\n<div class=\"wp-block-column is-vertically-aligned-center is-layout-flow wp-block-column-is-layout-flow\">\n<figure class=\"wp-block-image size-full\"><img alt=\"\" fetchpriority=\"high\" decoding=\"async\" width=\"800\" height=\"800\" src=\"https:\/\/www.usborkeychain.com\/wp-content\/uploads\/Mix-Tape-USB-flash-drive.jpg\" class=\"wp-image-4614\" srcset=\"https:\/\/www.usborkeychain.com\/wp-content\/uploads\/Mix-Tape-USB-flash-drive.jpg 800w, https:\/\/www.usborkeychain.com\/wp-content\/uploads\/Mix-Tape-USB-flash-drive-300x300.jpg 300w, https:\/\/www.usborkeychain.com\/wp-content\/uploads\/Mix-Tape-USB-flash-drive-150x150.jpg 150w, https:\/\/www.usborkeychain.com\/wp-content\/uploads\/Mix-Tape-USB-flash-drive-768x768.jpg 768w, https:\/\/www.usborkeychain.com\/wp-content\/uploads\/Mix-Tape-USB-flash-drive-12x12.jpg 12w, https:\/\/www.usborkeychain.com\/wp-content\/uploads\/Mix-Tape-USB-flash-drive-600x600.jpg 600w, https:\/\/www.usborkeychain.com\/wp-content\/uploads\/Mix-Tape-USB-flash-drive-100x100.jpg 100w\" sizes=\"(max-width: 800px) 100vw, 800px\" \/><\/figure>\n<\/div>\n\n\n\n<div class=\"wp-block-column is-vertically-aligned-center is-layout-flow wp-block-column-is-layout-flow\">\n<p>Le <strong>cassette r\u00e9tro - cl\u00e9 USB en forme<\/strong> est fabriqu\u00e9 en haute - <strong>mat\u00e9riaux de qualit\u00e9 ABS + PC r\u00e9sistants au feu<\/strong>. Il est \u00e0 la fois durable et l\u00e9ger, r\u00e9siste efficacement aux chutes et \u00e0 l'abrasion, et ne s'ab\u00eeme pas facilement, m\u00eame apr\u00e8s un stockage de longue dur\u00e9e.<\/p>\n\n\n\n<p> Le point fort de son design est la reproduction pr\u00e9cise \u00e0 l'\u00e9chelle 1:1 de l'apparence des cassettes d'antan. De la forme du corps de la cassette \u00e0 la structure du compartiment de la bande, en passant par les \u00e9tiquettes classiques telles que \"MIX TAPE\", chaque d\u00e9tail est minutieusement restaur\u00e9, \u00e9voquant instantan\u00e9ment les souvenirs nostalgiques de la g\u00e9n\u00e9ration des ann\u00e9es 70 et 80 \u00e0 propos des Walkmans \u00e0 cassette et des magasins audio de rue.<\/p>\n\n\n\n<p>Le plus ing\u00e9nieux, c'est qu'elle est dot\u00e9e d'une interface USB rotative \u00e0 180\u00b0 (avec un axe en alliage de zinc et une dur\u00e9e de vie de \u2265100 000 rotations). L'interface USB de la cl\u00e9 USB est cach\u00e9e sur un c\u00f4t\u00e9 du corps de la cassette. Lorsqu'elle est tourn\u00e9e et ouverte, elle peut \u00eatre facilement connect\u00e9e \u00e0 des appareils, et lorsqu'elle est ferm\u00e9e, elle reprend parfaitement la forme d'une cassette. Elle allie l'utile \u00e0 l'agr\u00e9able et l'atmosph\u00e8re r\u00e9tro est irr\u00e9sistible lorsque l'on s'amuse avec.<\/p>\n<\/div>\n<\/div>\n\n\n\n<h2 class=\"wp-block-heading\">Param\u00e8tres de la cl\u00e9 USB<\/h2>\n\n\n\n<figure class=\"wp-block-table\"><table class=\"has-fixed-layout\"><thead><tr><th>Cat\u00e9gorie de param\u00e8tres<\/th><th>D\u00e9tails<\/th><\/tr><\/thead><tbody><tr><td>Capacit\u00e9 de stockage<\/td><td>8GB, 16GB, 32GB, 64GB, 128GB<\/td><\/tr><tr><td>Type d'interface<\/td><td>USB 2.0\/USB 3.0<\/td><\/tr><tr><td>Dimensions (Longueur \u00d7 Largeur \u00d7 \u00c9paisseur)<\/td><td>Environ 100mm\u00d764mm\u00d712mm<\/td><\/tr><tr><td>Poids<\/td><td>Environ 25 \u00e0 35 grammes<\/td><\/tr><\/tbody><\/table><\/figure>\n\n\n\n<h2 class=\"wp-block-heading\">Est-il possible d'imprimer des logos sur la cl\u00e9 USB en forme de cassette r\u00e9tro ?<\/h2>\n\n\n\n<div class=\"wp-block-columns is-layout-flex wp-container-core-columns-is-layout-28f84493 wp-block-columns-is-layout-flex\">\n<div class=\"wp-block-column is-vertically-aligned-center is-layout-flow wp-block-column-is-layout-flow\">\n<p>Les logos peuvent \u00eatre imprim\u00e9s sur la surface du corps de la cassette. Les zones telles que l'avant, l'arri\u00e8re et les c\u00f4t\u00e9s sont toutes d'excellentes zones d'impression. En particulier, \u00e0 c\u00f4t\u00e9 de \"MIX TAPE\" sur le devant et dans l'espace vide au dos, le logo de la marque peut \u00eatre clairement affich\u00e9, ce qui renforce la reconnaissance visuelle.<\/p>\n\n\n\n<h3 class=\"wp-block-heading\">Proc\u00e9d\u00e9s d'impression<\/h3>\n\n\n\n<ul class=\"wp-block-list\">\n<li>Impression en s\u00e9rigraphie : Convient pour les logos unicolores ou multicolores simples.<\/li>\n\n\n\n<li>Proc\u00e9d\u00e9 d'impression UV.<\/li>\n\n\n\n<li>Impression par transfert thermique : Convient pour les motifs complexes et les logos aux couleurs d\u00e9grad\u00e9es.<\/li>\n<\/ul>\n<\/div>\n\n\n\n<div class=\"wp-block-column is-vertically-aligned-center is-layout-flow wp-block-column-is-layout-flow\">\n<figure class=\"wp-block-image size-full\"><img alt=\"\" decoding=\"async\" width=\"800\" height=\"800\" src=\"https:\/\/www.usborkeychain.com\/wp-content\/uploads\/Tape-USB-Flash-Drive.jpg\" class=\"wp-image-4616\" srcset=\"https:\/\/www.usborkeychain.com\/wp-content\/uploads\/Tape-USB-Flash-Drive.jpg 800w, https:\/\/www.usborkeychain.com\/wp-content\/uploads\/Tape-USB-Flash-Drive-300x300.jpg 300w, https:\/\/www.usborkeychain.com\/wp-content\/uploads\/Tape-USB-Flash-Drive-150x150.jpg 150w, https:\/\/www.usborkeychain.com\/wp-content\/uploads\/Tape-USB-Flash-Drive-768x768.jpg 768w, https:\/\/www.usborkeychain.com\/wp-content\/uploads\/Tape-USB-Flash-Drive-12x12.jpg 12w, https:\/\/www.usborkeychain.com\/wp-content\/uploads\/Tape-USB-Flash-Drive-600x600.jpg 600w, https:\/\/www.usborkeychain.com\/wp-content\/uploads\/Tape-USB-Flash-Drive-100x100.jpg 100w\" sizes=\"(max-width: 800px) 100vw, 800px\" \/><\/figure>\n<\/div>\n<\/div>\n\n\n\n<h2 class=\"wp-block-heading\">Quelles sont les capacit\u00e9s des cl\u00e9s USB en forme de cassette ?<\/h2>\n\n\n\n<div class=\"wp-block-columns is-layout-flex wp-container-core-columns-is-layout-28f84493 wp-block-columns-is-layout-flex\">\n<div class=\"wp-block-column is-vertically-aligned-center is-layout-flow wp-block-column-is-layout-flow\">\n<figure class=\"wp-block-image size-full\"><img alt=\"\" decoding=\"async\" width=\"800\" height=\"800\" src=\"https:\/\/www.usborkeychain.com\/wp-content\/uploads\/Cassette-USB-flash-drive.jpg\" class=\"wp-image-4613\" srcset=\"https:\/\/www.usborkeychain.com\/wp-content\/uploads\/Cassette-USB-flash-drive.jpg 800w, https:\/\/www.usborkeychain.com\/wp-content\/uploads\/Cassette-USB-flash-drive-300x300.jpg 300w, https:\/\/www.usborkeychain.com\/wp-content\/uploads\/Cassette-USB-flash-drive-150x150.jpg 150w, https:\/\/www.usborkeychain.com\/wp-content\/uploads\/Cassette-USB-flash-drive-768x768.jpg 768w, https:\/\/www.usborkeychain.com\/wp-content\/uploads\/Cassette-USB-flash-drive-12x12.jpg 12w, https:\/\/www.usborkeychain.com\/wp-content\/uploads\/Cassette-USB-flash-drive-600x600.jpg 600w, https:\/\/www.usborkeychain.com\/wp-content\/uploads\/Cassette-USB-flash-drive-100x100.jpg 100w\" sizes=\"(max-width: 800px) 100vw, 800px\" \/><\/figure>\n<\/div>\n\n\n\n<div class=\"wp-block-column is-vertically-aligned-center is-layout-flow wp-block-column-is-layout-flow\">\n<p>Le <strong>Capacit\u00e9 de stockage de la cl\u00e9 USB en forme de cassette r\u00e9tro<\/strong> peuvent aller de 8 \u00e0 128 Go. Certains fabricants proposent \u00e9galement des capacit\u00e9s sup\u00e9rieures sur mesure (256 Go, par exemple). Dans le cadre d'une utilisation quotidienne, une cl\u00e9 USB de 8 Go peut stocker environ 2 000 chansons au format MP3 et 4 000 photos haute d\u00e9finition ; une cl\u00e9 USB de 64 Go peut contenir 16 000 chansons ou 20 000 photos, ainsi qu'un grand nombre de documents et de vid\u00e9os, ce qui r\u00e9pond parfaitement aux besoins des collections musicales nostalgiques personnelles, au stockage de contenus culturels et cr\u00e9atifs ou \u00e0 la distribution de mat\u00e9riel de promotion de la marque de l'entreprise.<\/p>\n<\/div>\n<\/div>\n\n\n\n<h2 class=\"wp-block-heading\">Dans quels domaines la cl\u00e9 USB en forme de cassette r\u00e9tro est-elle utilis\u00e9e ?<\/h2>\n\n\n\n<div class=\"wp-block-columns is-layout-flex wp-container-core-columns-is-layout-28f84493 wp-block-columns-is-layout-flex\">\n<div class=\"wp-block-column is-vertically-aligned-center is-layout-flow wp-block-column-is-layout-flow\">\n<ul class=\"wp-block-list\">\n<li>Magasins de produits culturels et cr\u00e9atifs r\u00e9tro : En tant que produit culturel et cr\u00e9atif sur le th\u00e8me de la nostalgie, il est vendu en combinaison avec des marque-pages en forme de cassette, des mod\u00e8les r\u00e9tro de Walkman, etc.<\/li>\n\n\n\n<li>Marques de cr\u00e9ateurs ind\u00e9pendants : Les cr\u00e9ateurs peuvent personnaliser des logos exclusifs et des motifs th\u00e9matiques.<\/li>\n\n\n\n<li>Restaurants\/bars \u00e0 th\u00e8me nostalgique.<\/li>\n\n\n\n<li>\u00c9v\u00e9nements musicaux : Organisateurs de festivals de musique et de concerts r\u00e9tro.<\/li>\n\n\n\n<li>Soci\u00e9t\u00e9s de production musicale\/magasins d'enregistrement.<\/li>\n\n\n\n<li>Marketing de marque de style r\u00e9tro : Par exemple, les marques de v\u00eatements et d'ameublement qui se concentrent sur un style r\u00e9tro.<\/li>\n<\/ul>\n<\/div>\n\n\n\n<div class=\"wp-block-column is-vertically-aligned-center is-layout-flow wp-block-column-is-layout-flow\">\n<figure class=\"wp-block-image size-full\"><img alt=\"\" loading=\"lazy\" decoding=\"async\" width=\"800\" height=\"800\" src=\"https:\/\/www.usborkeychain.com\/wp-content\/uploads\/Vintage-Mix-USB-flash-drive.jpg\" class=\"wp-image-4617\" srcset=\"https:\/\/www.usborkeychain.com\/wp-content\/uploads\/Vintage-Mix-USB-flash-drive.jpg 800w, https:\/\/www.usborkeychain.com\/wp-content\/uploads\/Vintage-Mix-USB-flash-drive-300x300.jpg 300w, https:\/\/www.usborkeychain.com\/wp-content\/uploads\/Vintage-Mix-USB-flash-drive-150x150.jpg 150w, https:\/\/www.usborkeychain.com\/wp-content\/uploads\/Vintage-Mix-USB-flash-drive-768x768.jpg 768w, https:\/\/www.usborkeychain.com\/wp-content\/uploads\/Vintage-Mix-USB-flash-drive-12x12.jpg 12w, https:\/\/www.usborkeychain.com\/wp-content\/uploads\/Vintage-Mix-USB-flash-drive-600x600.jpg 600w, https:\/\/www.usborkeychain.com\/wp-content\/uploads\/Vintage-Mix-USB-flash-drive-100x100.jpg 100w\" sizes=\"(max-width: 800px) 100vw, 800px\" \/><\/figure>\n<\/div>\n<\/div>\n\n\n\n<div class=\"wp-block-columns is-layout-flex wp-container-core-columns-is-layout-28f84493 wp-block-columns-is-layout-flex\">\n<div class=\"wp-block-column is-vertically-aligned-center is-layout-flow wp-block-column-is-layout-flow\">\n<figure class=\"wp-block-image size-full\"><img alt=\"\" loading=\"lazy\" decoding=\"async\" width=\"800\" height=\"800\" src=\"https:\/\/www.usborkeychain.com\/wp-content\/uploads\/RetroTape-USB-flash-Drive.jpg\" class=\"wp-image-4615\" srcset=\"https:\/\/www.usborkeychain.com\/wp-content\/uploads\/RetroTape-USB-flash-Drive.jpg 800w, https:\/\/www.usborkeychain.com\/wp-content\/uploads\/RetroTape-USB-flash-Drive-300x300.jpg 300w, https:\/\/www.usborkeychain.com\/wp-content\/uploads\/RetroTape-USB-flash-Drive-150x150.jpg 150w, https:\/\/www.usborkeychain.com\/wp-content\/uploads\/RetroTape-USB-flash-Drive-768x768.jpg 768w, https:\/\/www.usborkeychain.com\/wp-content\/uploads\/RetroTape-USB-flash-Drive-12x12.jpg 12w, https:\/\/www.usborkeychain.com\/wp-content\/uploads\/RetroTape-USB-flash-Drive-600x600.jpg 600w, https:\/\/www.usborkeychain.com\/wp-content\/uploads\/RetroTape-USB-flash-Drive-100x100.jpg 100w\" sizes=\"(max-width: 800px) 100vw, 800px\" \/><\/figure>\n<\/div>\n\n\n\n<div class=\"wp-block-column is-vertically-aligned-center is-layout-flow wp-block-column-is-layout-flow\">\n<p>Sur la base de <strong>Mat\u00e9riaux ABS<\/strong>La cl\u00e9 USB en forme de cassette r\u00e9tro reproduit l'apparence de la cassette \u00e0 l'\u00e9chelle 1:1 et permet une rotation \u00e0 180 degr\u00e9s. Elle r\u00e9veille avec justesse les sentiments nostalgiques de la g\u00e9n\u00e9ration des ann\u00e9es 70 et 80 et s'inscrit \u00e9galement dans la tendance r\u00e9tro actuelle. Ses nombreux param\u00e8tres permettent de r\u00e9pondre \u00e0 diff\u00e9rents besoins de stockage, de personnaliser les logos et d'utiliser plusieurs proc\u00e9d\u00e9s d'impression, ce qui le rend adapt\u00e9 \u00e0 de nombreux domaines, du commerce de d\u00e9tail culturel et cr\u00e9atif \u00e0 la restauration et \u00e0 la promotion d'entreprise. Qu'il soit utilis\u00e9 pour stocker de la musique nostalgique, v\u00e9hiculer des histoires de marque ou comme cadeau cr\u00e9atif, il combine habilement sentiment r\u00e9tro et technologie moderne, devenant un objet num\u00e9rique unique avec une valeur \u00e0 la fois pratique et \u00e9motionnelle.<\/p>\n<\/div>\n<\/div>","protected":false},"excerpt":{"rendered":"<ul>\n<li>ABS + PC - mat\u00e9riaux r\u00e9sistants au feu<\/li>\n<li>Cassette r\u00e9tro - en forme<\/li>\n<li>Logo Be Printed<\/li>\n<li>Rotation de 180 degr\u00e9s<\/li>\n<li>MOQ:100PCS<\/li>\n<\/ul>","protected":false},"featured_media":4616,"comment_status":"open","ping_status":"closed","template":"","meta":{"_seopress_robots_primary_cat":"none","_seopress_titles_title":"","_seopress_titles_desc":"","_seopress_robots_index":"","site-sidebar-layout":"default","site-content-layout":"","ast-site-content-layout":"","site-content-style":"default","site-sidebar-style":"default","ast-global-header-display":"","ast-banner-title-visibility":"","ast-main-header-display":"","ast-hfb-above-header-display":"","ast-hfb-below-header-display":"","ast-hfb-mobile-header-display":"","site-post-title":"","ast-breadcrumbs-content":"","ast-featured-img":"","footer-sml-layout":"","theme-transparent-header-meta":"","adv-header-id-meta":"","stick-header-meta":"","header-above-stick-meta":"","header-main-stick-meta":"","header-below-stick-meta":"","astra-migrate-meta-layouts":"default","ast-page-background-enabled":"default","ast-page-background-meta":{"desktop":{"background-color":"var(--ast-global-color-5)","background-image":"","background-repeat":"repeat","background-position":"center center","background-size":"auto","background-attachment":"scroll","background-type":"","background-media":"","overlay-type":"","overlay-color":"","overlay-opacity":"","overlay-gradient":""},"tablet":{"background-color":"","background-image":"","background-repeat":"repeat","background-position":"center center","background-size":"auto","background-attachment":"scroll","background-type":"","background-media":"","overlay-type":"","overlay-color":"","overlay-opacity":"","overlay-gradient":""},"mobile":{"background-color":"","background-image":"","background-repeat":"repeat","background-position":"center center","background-size":"auto","background-attachment":"scroll","background-type":"","background-media":"","overlay-type":"","overlay-color":"","overlay-opacity":"","overlay-gradient":""}},"ast-content-background-meta":{"desktop":{"background-color":"var(--ast-global-color-4)","background-image":"","background-repeat":"repeat","background-position":"center center","background-size":"auto","background-attachment":"scroll","background-type":"","background-media":"","overlay-type":"","overlay-color":"","overlay-opacity":"","overlay-gradient":""},"tablet":{"background-color":"var(--ast-global-color-4)","background-image":"","background-repeat":"repeat","background-position":"center center","background-size":"auto","background-attachment":"scroll","background-type":"","background-media":"","overlay-type":"","overlay-color":"","overlay-opacity":"","overlay-gradient":""},"mobile":{"background-color":"var(--ast-global-color-4)","background-image":"","background-repeat":"repeat","background-position":"center center","background-size":"auto","background-attachment":"scroll","background-type":"","background-media":"","overlay-type":"","overlay-color":"","overlay-opacity":"","overlay-gradient":""}}},"product_brand":[],"product_cat":[92],"product_tag":[280],"class_list":{"0":"post-4610","1":"product","2":"type-product","3":"status-publish","4":"has-post-thumbnail","6":"product_cat-plastic-usb-pendrive","7":"product_tag-transparent-usb-flash-drives","8":"desktop-align-left","9":"tablet-align-left","10":"mobile-align-left","12":"first","13":"instock","14":"shipping-taxable","15":"product-type-simple"},"_links":{"self":[{"href":"https:\/\/www.usborkeychain.com\/fr\/wp-json\/wp\/v2\/product\/4610","targetHints":{"allow":["GET"]}}],"collection":[{"href":"https:\/\/www.usborkeychain.com\/fr\/wp-json\/wp\/v2\/product"}],"about":[{"href":"https:\/\/www.usborkeychain.com\/fr\/wp-json\/wp\/v2\/types\/product"}],"replies":[{"embeddable":true,"href":"https:\/\/www.usborkeychain.com\/fr\/wp-json\/wp\/v2\/comments?post=4610"}],"wp:featuredmedia":[{"embeddable":true,"href":"https:\/\/www.usborkeychain.com\/fr\/wp-json\/wp\/v2\/media\/4616"}],"wp:attachment":[{"href":"https:\/\/www.usborkeychain.com\/fr\/wp-json\/wp\/v2\/media?parent=4610"}],"wp:term":[{"taxonomy":"product_brand","embeddable":true,"href":"https:\/\/www.usborkeychain.com\/fr\/wp-json\/wp\/v2\/product_brand?post=4610"},{"taxonomy":"product_cat","embeddable":true,"href":"https:\/\/www.usborkeychain.com\/fr\/wp-json\/wp\/v2\/product_cat?post=4610"},{"taxonomy":"product_tag","embeddable":true,"href":"https:\/\/www.usborkeychain.com\/fr\/wp-json\/wp\/v2\/product_tag?post=4610"}],"curies":[{"name":"wp","href":"https:\/\/api.w.org\/{rel}","templated":true}]}}