{"id":4621,"date":"2025-07-26T01:15:12","date_gmt":"2025-07-26T01:15:12","guid":{"rendered":"https:\/\/www.usborkeychain.com\/?post_type=product&#038;p=4621"},"modified":"2025-08-11T07:01:09","modified_gmt":"2025-08-11T07:01:09","slug":"long-strip-metal-keychain-usb-flash-drive","status":"publish","type":"product","link":"https:\/\/www.usborkeychain.com\/fr\/produit\/long-strip-metal-keychain-usb-flash-drive\/","title":{"rendered":"Cl\u00e9 USB avec porte-cl\u00e9s en m\u00e9tal \u00e0 longue bande"},"content":{"rendered":"<div class=\"wp-block-columns is-layout-flex wp-container-core-columns-is-layout-28f84493 wp-block-columns-is-layout-flex\">\n<div class=\"wp-block-column is-vertically-aligned-center is-layout-flow wp-block-column-is-layout-flow\">\n<figure class=\"wp-block-image size-full\"><img alt=\"\" fetchpriority=\"high\" decoding=\"async\" width=\"800\" height=\"800\" src=\"https:\/\/www.usborkeychain.com\/wp-content\/uploads\/Metal-Strip-USB-flash-drive.png\" class=\"wp-image-4627\" srcset=\"https:\/\/www.usborkeychain.com\/wp-content\/uploads\/Metal-Strip-USB-flash-drive.png 800w, https:\/\/www.usborkeychain.com\/wp-content\/uploads\/Metal-Strip-USB-flash-drive-300x300.png 300w, https:\/\/www.usborkeychain.com\/wp-content\/uploads\/Metal-Strip-USB-flash-drive-150x150.png 150w, https:\/\/www.usborkeychain.com\/wp-content\/uploads\/Metal-Strip-USB-flash-drive-768x768.png 768w, https:\/\/www.usborkeychain.com\/wp-content\/uploads\/Metal-Strip-USB-flash-drive-12x12.png 12w, https:\/\/www.usborkeychain.com\/wp-content\/uploads\/Metal-Strip-USB-flash-drive-600x600.png 600w, https:\/\/www.usborkeychain.com\/wp-content\/uploads\/Metal-Strip-USB-flash-drive-100x100.png 100w\" sizes=\"(max-width: 800px) 100vw, 800px\" \/><\/figure>\n<\/div>\n\n\n\n<div class=\"wp-block-column is-vertically-aligned-center is-layout-flow wp-block-column-is-layout-flow\">\n<p>Le pr\u00e9sent <strong>cl\u00e9 USB \u00e0 longue bande en m\u00e9tal<\/strong> est int\u00e9gralement form\u00e9 d'un alliage d'aluminium (il peut \u00eatre personnalis\u00e9 en tant qu'acier inoxydable 304\/alliage de zinc). Il est fa\u00e7onn\u00e9 en forme de parall\u00e9l\u00e9pip\u00e8de plat de 12,5\u00d780 mm (avec une \u00e9paisseur de seulement 8 mm) gr\u00e2ce \u00e0 une technologie de d\u00e9coupe CNC pr\u00e9cise. La surface est recouverte d'une texture bross\u00e9e d\u00e9licate qui permet d'\u00e9liminer les traces de doigts et d'am\u00e9liorer la r\u00e9sistance \u00e0 l'usure. Les bords sont polis en arc de cercle afin d'obtenir une sensation d'irritation nulle dans la main. Il adh\u00e8re \u00e0 la philosophie du \"design soustractif\" pour r\u00e9pondre \u00e0 la recherche d'une esth\u00e9tique minimaliste par les hommes d'affaires haut de gamme.<\/p>\n\n\n\n<p>Il est \u00e9quip\u00e9 d'un porte-cl\u00e9s bien pens\u00e9. Il est associ\u00e9 \u00e0 un porte-cl\u00e9s en m\u00e9tal par l'interm\u00e9diaire d'un connecteur en caoutchouc noir et peut \u00eatre directement accroch\u00e9 \u00e0 un porte-cl\u00e9s en m\u00e9tal. <strong>porte-cl\u00e9s<\/strong>Les enfants doivent \u00eatre en mesure d'acheter des v\u00eatements, des sacs \u00e0 dos et d'autres articles.<\/p>\n<\/div>\n<\/div>\n\n\n\n<h3 class=\"wp-block-heading\">Param\u00e8tres de la cl\u00e9 USB<\/h3>\n\n\n\n<figure class=\"wp-block-table\"><table class=\"has-fixed-layout\"><thead><tr><th>Cat\u00e9gorie de param\u00e8tres<\/th><th>Contenu sp\u00e9cifique<\/th><\/tr><\/thead><tbody><tr><td>Type d'interface<\/td><td>USB3.0, USB3.1<\/td><\/tr><tr><td>Capacit\u00e9 de stockage<\/td><td>8GB, 16GB, 32GB, 64GB, 128GB<\/td><\/tr><tr><td>Dimensions du corps principal (longueur\u00d7largeur\u00d7\u00e9paisseur)<\/td><td>80mm\u00d712.5mm\u00d78mm<\/td><\/tr><tr><td>Poids<\/td><td>Environ 28 g (y compris le porte-cl\u00e9s)<\/td><\/tr><\/tbody><\/table><\/figure>\n\n\n\n<h2 class=\"wp-block-heading\">Permet-il d'imprimer des logos ?<\/h2>\n\n\n\n<div class=\"wp-block-columns is-layout-flex wp-container-core-columns-is-layout-28f84493 wp-block-columns-is-layout-flex\">\n<div class=\"wp-block-column is-vertically-aligned-center is-layout-flow wp-block-column-is-layout-flow\">\n<p>La cl\u00e9 USB avec porte-cl\u00e9s en m\u00e9tal \u00e0 longue bande est compatible avec l'impression de logos, et les processus disponibles sont les suivants :<\/p>\n\n\n\n<ul class=\"wp-block-list\">\n<li><strong>Gravure au laser<\/strong>: Utilisez un laser pour graver des logos ou du texte sur la surface du m\u00e9tal. Les marques grav\u00e9es sont claires, durables et r\u00e9sistantes \u00e0 l'usure.<\/li>\n\n\n\n<li><strong>S\u00e9rigraphie<\/strong>: Gr\u00e2ce \u00e0 la s\u00e9rigraphie, l'encre est imprim\u00e9e sur la surface m\u00e9tallique, ce qui permet d'obtenir des couleurs riches et convient aux logos aux couleurs vives et aux motifs l\u00e9g\u00e8rement complexes.<\/li>\n\n\n\n<li><strong>Impression \u00e9lectrophor\u00e9tique<\/strong>: Il faut d'abord traiter la surface du m\u00e9tal, puis fixer le motif par \u00e9lectrophor\u00e8se. L'adh\u00e9rence des couleurs est forte et permet de cr\u00e9er un certain effet tridimensionnel.<\/li>\n<\/ul>\n<\/div>\n\n\n\n<div class=\"wp-block-column is-vertically-aligned-center is-layout-flow wp-block-column-is-layout-flow\">\n<figure class=\"wp-block-image size-full\"><img alt=\"\" decoding=\"async\" width=\"800\" height=\"800\" src=\"https:\/\/www.usborkeychain.com\/wp-content\/uploads\/MetalClip-USB-flash-drive.png\" class=\"wp-image-4629\" srcset=\"https:\/\/www.usborkeychain.com\/wp-content\/uploads\/MetalClip-USB-flash-drive.png 800w, https:\/\/www.usborkeychain.com\/wp-content\/uploads\/MetalClip-USB-flash-drive-300x300.png 300w, https:\/\/www.usborkeychain.com\/wp-content\/uploads\/MetalClip-USB-flash-drive-150x150.png 150w, https:\/\/www.usborkeychain.com\/wp-content\/uploads\/MetalClip-USB-flash-drive-768x768.png 768w, https:\/\/www.usborkeychain.com\/wp-content\/uploads\/MetalClip-USB-flash-drive-12x12.png 12w, https:\/\/www.usborkeychain.com\/wp-content\/uploads\/MetalClip-USB-flash-drive-600x600.png 600w, https:\/\/www.usborkeychain.com\/wp-content\/uploads\/MetalClip-USB-flash-drive-100x100.png 100w\" sizes=\"(max-width: 800px) 100vw, 800px\" \/><\/figure>\n<\/div>\n<\/div>\n\n\n\n<h2 class=\"wp-block-heading\">Qu'en est-il des performances de s\u00e9curit\u00e9 de cette cl\u00e9 USB ?<\/h2>\n\n\n\n<div class=\"wp-block-columns is-layout-flex wp-container-core-columns-is-layout-28f84493 wp-block-columns-is-layout-flex\">\n<div class=\"wp-block-column is-vertically-aligned-center is-layout-flow wp-block-column-is-layout-flow\">\n<figure class=\"wp-block-image size-full\"><img alt=\"\" decoding=\"async\" width=\"800\" height=\"800\" src=\"https:\/\/www.usborkeychain.com\/wp-content\/uploads\/Metal-Key-USB-flash-drive.png\" class=\"wp-image-4626\" srcset=\"https:\/\/www.usborkeychain.com\/wp-content\/uploads\/Metal-Key-USB-flash-drive.png 800w, https:\/\/www.usborkeychain.com\/wp-content\/uploads\/Metal-Key-USB-flash-drive-300x300.png 300w, https:\/\/www.usborkeychain.com\/wp-content\/uploads\/Metal-Key-USB-flash-drive-150x150.png 150w, https:\/\/www.usborkeychain.com\/wp-content\/uploads\/Metal-Key-USB-flash-drive-768x768.png 768w, https:\/\/www.usborkeychain.com\/wp-content\/uploads\/Metal-Key-USB-flash-drive-12x12.png 12w, https:\/\/www.usborkeychain.com\/wp-content\/uploads\/Metal-Key-USB-flash-drive-600x600.png 600w, https:\/\/www.usborkeychain.com\/wp-content\/uploads\/Metal-Key-USB-flash-drive-100x100.png 100w\" sizes=\"(max-width: 800px) 100vw, 800px\" \/><\/figure>\n<\/div>\n\n\n\n<div class=\"wp-block-column is-vertically-aligned-center is-layout-flow wp-block-column-is-layout-flow\">\n<p>Le <strong>cl\u00e9 USB \u00e0 longue bande en m\u00e9tal<\/strong> prend en charge une fonction de cryptage (pour certains produits, il doit \u00eatre utilis\u00e9 en conjonction avec un logiciel de cryptage correspondant ou des outils de cryptage int\u00e9gr\u00e9s au syst\u00e8me). Les utilisateurs peuvent crypter et prot\u00e9ger les fichiers stock\u00e9s sur la cl\u00e9 USB en d\u00e9finissant des mots de passe, en partitionnant pour le cryptage, etc. Pour les fichiers sensibles tels que les documents confidentiels professionnels, les photos personnelles et les donn\u00e9es financi\u00e8res importantes, l'activation de la fonction de cryptage peut emp\u00eacher efficacement l'acc\u00e8s non autoris\u00e9 aux donn\u00e9es et renforcer la s\u00e9curit\u00e9 des donn\u00e9es. Toutefois, il convient de noter que le mot de passe de cryptage doit \u00eatre correctement stock\u00e9. En cas d'oubli, les donn\u00e9es risquent d'\u00eatre illisibles. Il est recommand\u00e9 d'activer le cryptage raisonnablement en fonction de ses propres besoins lors de l'utilisation, afin de trouver un \u00e9quilibre entre commodit\u00e9 et s\u00e9curit\u00e9.<\/p>\n<\/div>\n<\/div>\n\n\n\n<div class=\"wp-block-columns is-layout-flex wp-container-core-columns-is-layout-28f84493 wp-block-columns-is-layout-flex\">\n<div class=\"wp-block-column is-vertically-aligned-center is-layout-flow wp-block-column-is-layout-flow\">\n<p>Le <strong>cl\u00e9 USB \u00e0 longue bande en m\u00e9tal<\/strong> Il pr\u00e9sente un design simple et pratique, dispose d'une vari\u00e9t\u00e9 d'options de capacit\u00e9, de configurations de param\u00e8tres adapt\u00e9es \u00e0 diff\u00e9rents sc\u00e9narios, prend en charge la personnalisation et dispose \u00e9galement d'une certaine capacit\u00e9 de cryptage de s\u00e9curit\u00e9. Il peut r\u00e9pondre aux besoins de stockage quotidien des documents de bureau et des photos de la vie quotidienne, ainsi qu'aux promotions personnalis\u00e9es des entreprises. Il s'agit d'un outil de stockage de haute qualit\u00e9 qui allie praticit\u00e9 et \u00e9volutivit\u00e9.<\/p>\n<\/div>\n\n\n\n<div class=\"wp-block-column is-vertically-aligned-center is-layout-flow wp-block-column-is-layout-flow\">\n<figure class=\"wp-block-image size-full\"><img alt=\"\" loading=\"lazy\" decoding=\"async\" width=\"800\" height=\"800\" src=\"https:\/\/www.usborkeychain.com\/wp-content\/uploads\/Bar-Key-USB-flash-drive.png\" class=\"wp-image-4624\" srcset=\"https:\/\/www.usborkeychain.com\/wp-content\/uploads\/Bar-Key-USB-flash-drive.png 800w, https:\/\/www.usborkeychain.com\/wp-content\/uploads\/Bar-Key-USB-flash-drive-300x300.png 300w, https:\/\/www.usborkeychain.com\/wp-content\/uploads\/Bar-Key-USB-flash-drive-150x150.png 150w, https:\/\/www.usborkeychain.com\/wp-content\/uploads\/Bar-Key-USB-flash-drive-768x768.png 768w, https:\/\/www.usborkeychain.com\/wp-content\/uploads\/Bar-Key-USB-flash-drive-12x12.png 12w, https:\/\/www.usborkeychain.com\/wp-content\/uploads\/Bar-Key-USB-flash-drive-600x600.png 600w, https:\/\/www.usborkeychain.com\/wp-content\/uploads\/Bar-Key-USB-flash-drive-100x100.png 100w\" sizes=\"(max-width: 800px) 100vw, 800px\" \/><\/figure>\n<\/div>\n<\/div>","protected":false},"excerpt":{"rendered":"<ul>\n<li>Alliage d'aluminium<\/li>\n<li>Porte-cl\u00e9s<\/li>\n<li>Fonction de cryptage<\/li>\n<li>Mat\u00e9riau m\u00e9tallique<\/li>\n<li>MOQ:100PCS<\/li>\n<\/ul>","protected":false},"featured_media":4629,"comment_status":"open","ping_status":"closed","template":"","meta":{"_seopress_robots_primary_cat":"","_seopress_titles_title":"","_seopress_titles_desc":"","_seopress_robots_index":"","site-sidebar-layout":"default","site-content-layout":"","ast-site-content-layout":"","site-content-style":"default","site-sidebar-style":"default","ast-global-header-display":"","ast-banner-title-visibility":"","ast-main-header-display":"","ast-hfb-above-header-display":"","ast-hfb-below-header-display":"","ast-hfb-mobile-header-display":"","site-post-title":"","ast-breadcrumbs-content":"","ast-featured-img":"","footer-sml-layout":"","theme-transparent-header-meta":"","adv-header-id-meta":"","stick-header-meta":"","header-above-stick-meta":"","header-main-stick-meta":"","header-below-stick-meta":"","astra-migrate-meta-layouts":"default","ast-page-background-enabled":"default","ast-page-background-meta":{"desktop":{"background-color":"var(--ast-global-color-5)","background-image":"","background-repeat":"repeat","background-position":"center center","background-size":"auto","background-attachment":"scroll","background-type":"","background-media":"","overlay-type":"","overlay-color":"","overlay-opacity":"","overlay-gradient":""},"tablet":{"background-color":"","background-image":"","background-repeat":"repeat","background-position":"center center","background-size":"auto","background-attachment":"scroll","background-type":"","background-media":"","overlay-type":"","overlay-color":"","overlay-opacity":"","overlay-gradient":""},"mobile":{"background-color":"","background-image":"","background-repeat":"repeat","background-position":"center center","background-size":"auto","background-attachment":"scroll","background-type":"","background-media":"","overlay-type":"","overlay-color":"","overlay-opacity":"","overlay-gradient":""}},"ast-content-background-meta":{"desktop":{"background-color":"var(--ast-global-color-4)","background-image":"","background-repeat":"repeat","background-position":"center center","background-size":"auto","background-attachment":"scroll","background-type":"","background-media":"","overlay-type":"","overlay-color":"","overlay-opacity":"","overlay-gradient":""},"tablet":{"background-color":"var(--ast-global-color-4)","background-image":"","background-repeat":"repeat","background-position":"center center","background-size":"auto","background-attachment":"scroll","background-type":"","background-media":"","overlay-type":"","overlay-color":"","overlay-opacity":"","overlay-gradient":""},"mobile":{"background-color":"var(--ast-global-color-4)","background-image":"","background-repeat":"repeat","background-position":"center center","background-size":"auto","background-attachment":"scroll","background-type":"","background-media":"","overlay-type":"","overlay-color":"","overlay-opacity":"","overlay-gradient":""}}},"product_brand":[],"product_cat":[89],"product_tag":[282,396],"class_list":{"0":"post-4621","1":"product","2":"type-product","3":"status-publish","4":"has-post-thumbnail","6":"product_cat-metal-usb-pendrive","7":"product_tag-metal-keychain-usb-flash-drive","8":"product_tag-stainless-steel-usb-flash-drive","9":"desktop-align-left","10":"tablet-align-left","11":"mobile-align-left","13":"first","14":"instock","15":"shipping-taxable","16":"product-type-simple"},"_links":{"self":[{"href":"https:\/\/www.usborkeychain.com\/fr\/wp-json\/wp\/v2\/product\/4621","targetHints":{"allow":["GET"]}}],"collection":[{"href":"https:\/\/www.usborkeychain.com\/fr\/wp-json\/wp\/v2\/product"}],"about":[{"href":"https:\/\/www.usborkeychain.com\/fr\/wp-json\/wp\/v2\/types\/product"}],"replies":[{"embeddable":true,"href":"https:\/\/www.usborkeychain.com\/fr\/wp-json\/wp\/v2\/comments?post=4621"}],"wp:featuredmedia":[{"embeddable":true,"href":"https:\/\/www.usborkeychain.com\/fr\/wp-json\/wp\/v2\/media\/4629"}],"wp:attachment":[{"href":"https:\/\/www.usborkeychain.com\/fr\/wp-json\/wp\/v2\/media?parent=4621"}],"wp:term":[{"taxonomy":"product_brand","embeddable":true,"href":"https:\/\/www.usborkeychain.com\/fr\/wp-json\/wp\/v2\/product_brand?post=4621"},{"taxonomy":"product_cat","embeddable":true,"href":"https:\/\/www.usborkeychain.com\/fr\/wp-json\/wp\/v2\/product_cat?post=4621"},{"taxonomy":"product_tag","embeddable":true,"href":"https:\/\/www.usborkeychain.com\/fr\/wp-json\/wp\/v2\/product_tag?post=4621"}],"curies":[{"name":"wp","href":"https:\/\/api.w.org\/{rel}","templated":true}]}}