{"id":4630,"date":"2025-07-26T01:35:00","date_gmt":"2025-07-26T01:35:00","guid":{"rendered":"https:\/\/www.usborkeychain.com\/?post_type=product&#038;p=4630"},"modified":"2025-07-26T06:31:43","modified_gmt":"2025-07-26T06:31:43","slug":"metal-carabiner-usb-flash-drive","status":"publish","type":"product","link":"https:\/\/www.usborkeychain.com\/fr\/produit\/metal-carabiner-usb-flash-drive\/","title":{"rendered":"Cl\u00e9 USB \u00e0 mousqueton en m\u00e9tal"},"content":{"rendered":"<div class=\"wp-block-columns is-layout-flex wp-container-core-columns-is-layout-28f84493 wp-block-columns-is-layout-flex\">\n<div class=\"wp-block-column is-vertically-aligned-center is-layout-flow wp-block-column-is-layout-flow\">\n<p>Le <strong>cl\u00e9 USB \u00e0 mousqueton en m\u00e9tal<\/strong> est principalement constitu\u00e9 de m\u00e9tal, qui est robuste et durable, et peut r\u00e9sister \u00e0 des collisions mineures et \u00e0 des pressions dans des environnements ext\u00e9rieurs.<\/p>\n\n\n\n<p>Le design g\u00e9n\u00e9ral est rond et l\u00e9ger, sans ar\u00eates ni coins tranchants. Il tient bien dans la main et risque moins de rayer d'autres objets lorsqu'il est accroch\u00e9 \u00e0 un sac \u00e0 dos ou \u00e0 un porte-cl\u00e9s.<\/p>\n\n\n\n<p>La forme embl\u00e9matique du mousqueton est parfaitement adapt\u00e9e aux activit\u00e9s de plein air. Ressemblant \u00e0 une \"version miniature\" de l'\u00e9quipement d'escalade professionnel, il est tr\u00e8s appr\u00e9ci\u00e9 des alpinistes et des amateurs d'activit\u00e9s de plein air. Il peut \u00eatre facilement transport\u00e9 en l'accrochant simplement.<\/p>\n<\/div>\n\n\n\n<div class=\"wp-block-column is-vertically-aligned-center is-layout-flow wp-block-column-is-layout-flow\">\n<figure class=\"wp-block-image size-full\"><img alt=\"\" fetchpriority=\"high\" decoding=\"async\" width=\"800\" height=\"800\" src=\"https:\/\/www.usborkeychain.com\/wp-content\/uploads\/Bank-Carabiner-USB-flash-drive.png\" class=\"wp-image-4633\" srcset=\"https:\/\/www.usborkeychain.com\/wp-content\/uploads\/Bank-Carabiner-USB-flash-drive.png 800w, https:\/\/www.usborkeychain.com\/wp-content\/uploads\/Bank-Carabiner-USB-flash-drive-300x300.png 300w, https:\/\/www.usborkeychain.com\/wp-content\/uploads\/Bank-Carabiner-USB-flash-drive-150x150.png 150w, https:\/\/www.usborkeychain.com\/wp-content\/uploads\/Bank-Carabiner-USB-flash-drive-768x768.png 768w, https:\/\/www.usborkeychain.com\/wp-content\/uploads\/Bank-Carabiner-USB-flash-drive-12x12.png 12w, https:\/\/www.usborkeychain.com\/wp-content\/uploads\/Bank-Carabiner-USB-flash-drive-600x600.png 600w, https:\/\/www.usborkeychain.com\/wp-content\/uploads\/Bank-Carabiner-USB-flash-drive-100x100.png 100w\" sizes=\"(max-width: 800px) 100vw, 800px\" \/><\/figure>\n<\/div>\n<\/div>\n\n\n\n<h2 class=\"wp-block-heading\">Permet-il de personnaliser le logo ?<\/h2>\n\n\n\n<div class=\"wp-block-columns is-layout-flex wp-container-core-columns-is-layout-28f84493 wp-block-columns-is-layout-flex\">\n<div class=\"wp-block-column is-vertically-aligned-center is-layout-flow wp-block-column-is-layout-flow\">\n<figure class=\"wp-block-image size-full\"><img alt=\"\" decoding=\"async\" width=\"800\" height=\"800\" src=\"https:\/\/www.usborkeychain.com\/wp-content\/uploads\/MetalClip-USB-flash-drive-1.png\" class=\"wp-image-4637\" srcset=\"https:\/\/www.usborkeychain.com\/wp-content\/uploads\/MetalClip-USB-flash-drive-1.png 800w, https:\/\/www.usborkeychain.com\/wp-content\/uploads\/MetalClip-USB-flash-drive-1-300x300.png 300w, https:\/\/www.usborkeychain.com\/wp-content\/uploads\/MetalClip-USB-flash-drive-1-150x150.png 150w, https:\/\/www.usborkeychain.com\/wp-content\/uploads\/MetalClip-USB-flash-drive-1-768x768.png 768w, https:\/\/www.usborkeychain.com\/wp-content\/uploads\/MetalClip-USB-flash-drive-1-12x12.png 12w, https:\/\/www.usborkeychain.com\/wp-content\/uploads\/MetalClip-USB-flash-drive-1-600x600.png 600w, https:\/\/www.usborkeychain.com\/wp-content\/uploads\/MetalClip-USB-flash-drive-1-100x100.png 100w\" sizes=\"(max-width: 800px) 100vw, 800px\" \/><\/figure>\n<\/div>\n\n\n\n<div class=\"wp-block-column is-vertically-aligned-center is-layout-flow wp-block-column-is-layout-flow\">\n<p>Le <strong>cl\u00e9 USB \u00e0 mousqueton en m\u00e9tal<\/strong> permet l'impression de logos. Les proc\u00e9d\u00e9s d'impression courants sont la gravure au laser, la s\u00e9rigraphie et l'impression par \u00e9lectrophor\u00e8se. Les co\u00fbts de chaque proc\u00e9d\u00e9 d'impression varient. <\/p>\n\n\n\n<p>Vous pouvez consulter nos repr\u00e9sentants commerciaux en fonction de vos besoins sp\u00e9cifiques.<\/p>\n<\/div>\n<\/div>\n\n\n\n<h3 class=\"wp-block-heading\">Param\u00e8tres de la cl\u00e9 USB<\/h3>\n\n\n\n<figure class=\"wp-block-table\"><table class=\"has-fixed-layout\"><thead><tr><th>Cat\u00e9gorie de param\u00e8tres<\/th><th>Contenu sp\u00e9cifique<\/th><\/tr><\/thead><tbody><tr><td>Type d'interface<\/td><td>USB 2.0, USB 3.0, USB 3.1<\/td><\/tr><tr><td>Capacit\u00e9 de stockage<\/td><td>4GB, 8GB, 16GB, 32GB<\/td><\/tr><tr><td>Dimensions du corps principal en m\u00e9tal (longueur\u00d7largeur\u00d7\u00e9paisseur)<\/td><td>75\u00d722\u00d79mm<\/td><\/tr><tr><td>Poids<\/td><td>18g<\/td><\/tr><\/tbody><\/table><\/figure>\n\n\n\n<h2 class=\"wp-block-heading\">A-t-il des fonctions de protection sp\u00e9ciales ?<\/h2>\n\n\n\n<div class=\"wp-block-columns is-layout-flex wp-container-core-columns-is-layout-28f84493 wp-block-columns-is-layout-flex\">\n<div class=\"wp-block-column is-vertically-aligned-center is-layout-flow wp-block-column-is-layout-flow\">\n<p>Certains <strong>cl\u00e9s USB \u00e0 mousqueton en m\u00e9tal<\/strong> sont \u00e9tanches \u00e0 l'eau et \u00e0 la poussi\u00e8re. Les espaces entre l'interface et la coque m\u00e9tallique sont scell\u00e9s pour emp\u00eacher l'intrusion de liquides et de poussi\u00e8res dans une certaine mesure lorsque l'appareil est expos\u00e9 \u00e0 des \u00e9claboussures de pluie ou \u00e0 la poussi\u00e8re ext\u00e9rieure, prot\u00e9geant ainsi la puce de stockage interne. Il convient toutefois de noter que le niveau d'\u00e9tanch\u00e9it\u00e9 est g\u00e9n\u00e9ralement destin\u00e9 \u00e0 un usage quotidien (tel que IPX4 - IPX6), et non \u00e0 une submersion compl\u00e8te. Lorsque vous l'utilisez, \u00e9vitez toute exposition prolong\u00e9e \u00e0 une grande quantit\u00e9 d'eau ou \u00e0 un environnement poussi\u00e9reux afin de fournir une couche de protection suppl\u00e9mentaire pour le stockage des donn\u00e9es dans des sc\u00e9narios ext\u00e9rieurs et difficiles.<\/p>\n<\/div>\n\n\n\n<div class=\"wp-block-column is-vertically-aligned-center is-layout-flow wp-block-column-is-layout-flow\">\n<figure class=\"wp-block-image size-full\"><img alt=\"\" decoding=\"async\" width=\"800\" height=\"800\" src=\"https:\/\/www.usborkeychain.com\/wp-content\/uploads\/BankClip-USB-flash-drive.png\" class=\"wp-image-4634\" srcset=\"https:\/\/www.usborkeychain.com\/wp-content\/uploads\/BankClip-USB-flash-drive.png 800w, https:\/\/www.usborkeychain.com\/wp-content\/uploads\/BankClip-USB-flash-drive-300x300.png 300w, https:\/\/www.usborkeychain.com\/wp-content\/uploads\/BankClip-USB-flash-drive-150x150.png 150w, https:\/\/www.usborkeychain.com\/wp-content\/uploads\/BankClip-USB-flash-drive-768x768.png 768w, https:\/\/www.usborkeychain.com\/wp-content\/uploads\/BankClip-USB-flash-drive-12x12.png 12w, https:\/\/www.usborkeychain.com\/wp-content\/uploads\/BankClip-USB-flash-drive-600x600.png 600w, https:\/\/www.usborkeychain.com\/wp-content\/uploads\/BankClip-USB-flash-drive-100x100.png 100w\" sizes=\"(max-width: 800px) 100vw, 800px\" \/><\/figure>\n<\/div>\n<\/div>\n\n\n\n<h2 class=\"wp-block-heading\">Quelles entreprises peuvent l'utiliser ?<\/h2>\n\n\n\n<div class=\"wp-block-columns is-layout-flex wp-container-core-columns-is-layout-28f84493 wp-block-columns-is-layout-flex\">\n<div class=\"wp-block-column is-vertically-aligned-center is-layout-flow wp-block-column-is-layout-flow\">\n<figure class=\"wp-block-image size-full\"><img alt=\"\" loading=\"lazy\" decoding=\"async\" width=\"800\" height=\"800\" src=\"https:\/\/www.usborkeychain.com\/wp-content\/uploads\/ProClip-USB-flash-drive.png\" class=\"wp-image-4639\" srcset=\"https:\/\/www.usborkeychain.com\/wp-content\/uploads\/ProClip-USB-flash-drive.png 800w, https:\/\/www.usborkeychain.com\/wp-content\/uploads\/ProClip-USB-flash-drive-300x300.png 300w, https:\/\/www.usborkeychain.com\/wp-content\/uploads\/ProClip-USB-flash-drive-150x150.png 150w, https:\/\/www.usborkeychain.com\/wp-content\/uploads\/ProClip-USB-flash-drive-768x768.png 768w, https:\/\/www.usborkeychain.com\/wp-content\/uploads\/ProClip-USB-flash-drive-12x12.png 12w, https:\/\/www.usborkeychain.com\/wp-content\/uploads\/ProClip-USB-flash-drive-600x600.png 600w, https:\/\/www.usborkeychain.com\/wp-content\/uploads\/ProClip-USB-flash-drive-100x100.png 100w\" sizes=\"(max-width: 800px) 100vw, 800px\" \/><\/figure>\n<\/div>\n\n\n\n<div class=\"wp-block-column is-vertically-aligned-center is-layout-flow wp-block-column-is-layout-flow\">\n<ul class=\"wp-block-list\">\n<li><strong>Industrie financi\u00e8re<\/strong>&nbsp;(Cas : personnalis\u00e9 par la Banque de Chine) : Cadeaux pour les clients VIP \/ souvenirs pour les employ\u00e9s.<\/li>\n\n\n\n<li><strong>Marques ext\u00e9rieures<\/strong>: Kits d'\u00e9quipement d'alpinisme\/souvenirs d'\u00e9v\u00e9nements.<\/li>\n\n\n\n<li><strong>Alpinistes<\/strong>: Associ\u00e9 \u00e0 un sifflet de survie pour constituer un kit d'urgence.<\/li>\n\n\n\n<li><strong>Hommes et femmes d'affaires<\/strong>: Coffrets cadeaux d'affaires grav\u00e9s au laser.<\/li>\n\n\n\n<li><strong>Groupes d'\u00e9tudiants<\/strong>: Graduation - s\u00e9rie th\u00e9matique (logo du d\u00e9partement + nom).<\/li>\n\n\n\n<li><strong>E - commerce Promotions<\/strong><\/li>\n<\/ul>\n<\/div>\n<\/div>\n\n\n\n<div class=\"wp-block-columns is-layout-flex wp-container-core-columns-is-layout-28f84493 wp-block-columns-is-layout-flex\">\n<div class=\"wp-block-column is-vertically-aligned-center is-layout-flow wp-block-column-is-layout-flow\">\n<p>Le <strong>cl\u00e9 USB \u00e0 mousqueton en m\u00e9tal<\/strong> allie la portabilit\u00e9 et la fonctionnalit\u00e9 de stockage pour les activit\u00e9s de plein air. Avec son mat\u00e9riau m\u00e9tallique robuste, ses diverses options de personnalisation, ses sp\u00e9cifications claires en mati\u00e8re de performances et ses capacit\u00e9s de protection, il constitue un excellent choix pour les cadeaux d'entreprise personnalis\u00e9s, l'auto-utilisation par les amateurs d'activit\u00e9s de plein air et les cadeaux personnels. Il garantit un stockage fiable des donn\u00e9es dans le cadre d'explorations en plein air et de sc\u00e9narios professionnels, en \u00e9tant \u00e0 la fois pratique et distinctif.<\/p>\n<\/div>\n\n\n\n<div class=\"wp-block-column is-vertically-aligned-center is-layout-flow wp-block-column-is-layout-flow\">\n<figure class=\"wp-block-image size-full\"><img alt=\"\" loading=\"lazy\" decoding=\"async\" width=\"800\" height=\"800\" src=\"https:\/\/www.usborkeychain.com\/wp-content\/uploads\/BankHook-USB-flash-drive.png\" class=\"wp-image-4635\" srcset=\"https:\/\/www.usborkeychain.com\/wp-content\/uploads\/BankHook-USB-flash-drive.png 800w, https:\/\/www.usborkeychain.com\/wp-content\/uploads\/BankHook-USB-flash-drive-300x300.png 300w, https:\/\/www.usborkeychain.com\/wp-content\/uploads\/BankHook-USB-flash-drive-150x150.png 150w, https:\/\/www.usborkeychain.com\/wp-content\/uploads\/BankHook-USB-flash-drive-768x768.png 768w, https:\/\/www.usborkeychain.com\/wp-content\/uploads\/BankHook-USB-flash-drive-12x12.png 12w, https:\/\/www.usborkeychain.com\/wp-content\/uploads\/BankHook-USB-flash-drive-600x600.png 600w, https:\/\/www.usborkeychain.com\/wp-content\/uploads\/BankHook-USB-flash-drive-100x100.png 100w\" sizes=\"(max-width: 800px) 100vw, 800px\" \/><\/figure>\n<\/div>\n<\/div>","protected":false},"excerpt":{"rendered":"<ul>\n<li>Mousqueton en m\u00e9tal<\/li>\n<li>Porte-cl\u00e9s<\/li>\n<li>Logo \u00e0 imprimer<\/li>\n<li>Ouverture et fermeture rotatives<\/li>\n<li>MOQ:100PCS<\/li>\n<\/ul>","protected":false},"featured_media":4633,"comment_status":"open","ping_status":"closed","template":"","meta":{"_seopress_robots_primary_cat":"","_seopress_titles_title":"","_seopress_titles_desc":"","_seopress_robots_index":"","site-sidebar-layout":"default","site-content-layout":"","ast-site-content-layout":"","site-content-style":"default","site-sidebar-style":"default","ast-global-header-display":"","ast-banner-title-visibility":"","ast-main-header-display":"","ast-hfb-above-header-display":"","ast-hfb-below-header-display":"","ast-hfb-mobile-header-display":"","site-post-title":"","ast-breadcrumbs-content":"","ast-featured-img":"","footer-sml-layout":"","theme-transparent-header-meta":"","adv-header-id-meta":"","stick-header-meta":"","header-above-stick-meta":"","header-main-stick-meta":"","header-below-stick-meta":"","astra-migrate-meta-layouts":"default","ast-page-background-enabled":"default","ast-page-background-meta":{"desktop":{"background-color":"var(--ast-global-color-5)","background-image":"","background-repeat":"repeat","background-position":"center center","background-size":"auto","background-attachment":"scroll","background-type":"","background-media":"","overlay-type":"","overlay-color":"","overlay-opacity":"","overlay-gradient":""},"tablet":{"background-color":"","background-image":"","background-repeat":"repeat","background-position":"center center","background-size":"auto","background-attachment":"scroll","background-type":"","background-media":"","overlay-type":"","overlay-color":"","overlay-opacity":"","overlay-gradient":""},"mobile":{"background-color":"","background-image":"","background-repeat":"repeat","background-position":"center center","background-size":"auto","background-attachment":"scroll","background-type":"","background-media":"","overlay-type":"","overlay-color":"","overlay-opacity":"","overlay-gradient":""}},"ast-content-background-meta":{"desktop":{"background-color":"var(--ast-global-color-4)","background-image":"","background-repeat":"repeat","background-position":"center center","background-size":"auto","background-attachment":"scroll","background-type":"","background-media":"","overlay-type":"","overlay-color":"","overlay-opacity":"","overlay-gradient":""},"tablet":{"background-color":"var(--ast-global-color-4)","background-image":"","background-repeat":"repeat","background-position":"center center","background-size":"auto","background-attachment":"scroll","background-type":"","background-media":"","overlay-type":"","overlay-color":"","overlay-opacity":"","overlay-gradient":""},"mobile":{"background-color":"var(--ast-global-color-4)","background-image":"","background-repeat":"repeat","background-position":"center center","background-size":"auto","background-attachment":"scroll","background-type":"","background-media":"","overlay-type":"","overlay-color":"","overlay-opacity":"","overlay-gradient":""}}},"product_brand":[],"product_cat":[92],"product_tag":[283],"class_list":{"0":"post-4630","1":"product","2":"type-product","3":"status-publish","4":"has-post-thumbnail","6":"product_cat-plastic-usb-pendrive","7":"product_tag-metal-carabiner-usb-flash-drive","8":"desktop-align-left","9":"tablet-align-left","10":"mobile-align-left","12":"first","13":"instock","14":"shipping-taxable","15":"product-type-simple"},"_links":{"self":[{"href":"https:\/\/www.usborkeychain.com\/fr\/wp-json\/wp\/v2\/product\/4630","targetHints":{"allow":["GET"]}}],"collection":[{"href":"https:\/\/www.usborkeychain.com\/fr\/wp-json\/wp\/v2\/product"}],"about":[{"href":"https:\/\/www.usborkeychain.com\/fr\/wp-json\/wp\/v2\/types\/product"}],"replies":[{"embeddable":true,"href":"https:\/\/www.usborkeychain.com\/fr\/wp-json\/wp\/v2\/comments?post=4630"}],"wp:featuredmedia":[{"embeddable":true,"href":"https:\/\/www.usborkeychain.com\/fr\/wp-json\/wp\/v2\/media\/4633"}],"wp:attachment":[{"href":"https:\/\/www.usborkeychain.com\/fr\/wp-json\/wp\/v2\/media?parent=4630"}],"wp:term":[{"taxonomy":"product_brand","embeddable":true,"href":"https:\/\/www.usborkeychain.com\/fr\/wp-json\/wp\/v2\/product_brand?post=4630"},{"taxonomy":"product_cat","embeddable":true,"href":"https:\/\/www.usborkeychain.com\/fr\/wp-json\/wp\/v2\/product_cat?post=4630"},{"taxonomy":"product_tag","embeddable":true,"href":"https:\/\/www.usborkeychain.com\/fr\/wp-json\/wp\/v2\/product_tag?post=4630"}],"curies":[{"name":"wp","href":"https:\/\/api.w.org\/{rel}","templated":true}]}}