{"id":4640,"date":"2025-07-26T06:49:56","date_gmt":"2025-07-26T06:49:56","guid":{"rendered":"https:\/\/www.usborkeychain.com\/?post_type=product&#038;p=4640"},"modified":"2025-08-14T12:11:25","modified_gmt":"2025-08-14T12:11:25","slug":"metal-usb-flash-drives","status":"publish","type":"product","link":"https:\/\/www.usborkeychain.com\/fr\/produit\/metal-usb-flash-drives\/","title":{"rendered":"Cl\u00e9s USB en m\u00e9tal"},"content":{"rendered":"<p><strong>Cl\u00e9s USB en m\u00e9tal<\/strong> sont constitu\u00e9s d'un m\u00e9tal de haute qualit\u00e9, qui est robuste et durable, r\u00e9sistant \u00e0 l'usure et anti-chute, et qui peut r\u00e9sister efficacement aux chocs lors d'une utilisation quotidienne. Il existe trois styles caract\u00e9ristiques pour r\u00e9pondre aux diff\u00e9rents besoins esth\u00e9tiques :<\/p>\n\n\n\n<div class=\"wp-block-columns is-layout-flex wp-container-core-columns-is-layout-28f84493 wp-block-columns-is-layout-flex\">\n<div class=\"wp-block-column is-vertically-aligned-center is-layout-flow wp-block-column-is-layout-flow\">\n<h3 class=\"wp-block-heading\">Cl\u00e9 USB en m\u00e9tal g\u00e9om\u00e9trique<\/h3>\n\n\n\n<ul class=\"wp-block-list\">\n<li><strong>Mat\u00e9riau<\/strong>: Alliage d'aluminium de qualit\u00e9 a\u00e9ronautique (disponible en double couleur or rose\/argent)<\/li>\n\n\n\n<li><strong>Points forts de la conception<\/strong>:\n<ul class=\"wp-block-list\">\n<li>Couvercle triangulaire creux (pr\u00e9cision \u00b10,05mm)<\/li>\n\n\n\n<li>Coupe en lame (angle R \u2264 0,3 mm)<\/li>\n\n\n\n<li>Taille : 65\u00d718\u00d76mm (conception adapt\u00e9e \u00e0 la paume de la main)<\/li>\n<\/ul>\n<\/li>\n\n\n\n<li><strong>L\u00e9ger<\/strong>: Poids net 15g \u00b1 0,5g<\/li>\n<\/ul>\n<\/div>\n\n\n\n<div class=\"wp-block-column is-layout-flow wp-block-column-is-layout-flow\">\n<figure class=\"wp-block-image size-full\"><img alt=\"\" fetchpriority=\"high\" decoding=\"async\" width=\"800\" height=\"800\" src=\"https:\/\/www.usborkeychain.com\/wp-content\/uploads\/Prism-USB-Flash-Drive.jpg\" class=\"wp-image-4649\" srcset=\"https:\/\/www.usborkeychain.com\/wp-content\/uploads\/Prism-USB-Flash-Drive.jpg 800w, https:\/\/www.usborkeychain.com\/wp-content\/uploads\/Prism-USB-Flash-Drive-300x300.jpg 300w, https:\/\/www.usborkeychain.com\/wp-content\/uploads\/Prism-USB-Flash-Drive-150x150.jpg 150w, https:\/\/www.usborkeychain.com\/wp-content\/uploads\/Prism-USB-Flash-Drive-768x768.jpg 768w, https:\/\/www.usborkeychain.com\/wp-content\/uploads\/Prism-USB-Flash-Drive-12x12.jpg 12w, https:\/\/www.usborkeychain.com\/wp-content\/uploads\/Prism-USB-Flash-Drive-600x600.jpg 600w, https:\/\/www.usborkeychain.com\/wp-content\/uploads\/Prism-USB-Flash-Drive-100x100.jpg 100w\" sizes=\"(max-width: 800px) 100vw, 800px\" \/><\/figure>\n<\/div>\n<\/div>\n\n\n\n<div class=\"wp-block-columns is-layout-flex wp-container-core-columns-is-layout-28f84493 wp-block-columns-is-layout-flex\">\n<div class=\"wp-block-column is-vertically-aligned-center is-layout-flow wp-block-column-is-layout-flow\">\n<h3 class=\"wp-block-heading\">Cl\u00e9 USB en m\u00e9tal en forme d'anneau<\/h3>\n\n\n\n<ul class=\"wp-block-list\">\n<li><strong>Mat\u00e9riau<\/strong>: Acier inoxydable 316L (r\u00e9sistance \u00e0 la corrosion augment\u00e9e par 30%)<\/li>\n\n\n\n<li><strong>Innovation structurelle<\/strong>:\n<ul class=\"wp-block-list\">\n<li>Trou lat\u00e9ral pour cordon de s\u00e9curit\u00e9 \u03a63mm (charge admissible 5kg)<\/li>\n\n\n\n<li>Interface \u00e0 coupe diamant\u00e9e (inclinaison de 18\u00b0 pour \u00e9viter l'insertion invers\u00e9e)<\/li>\n\n\n\n<li>Zone de gravure tridimensionnelle sur trois c\u00f4t\u00e9s (exemple du caract\u00e8re \"Xi\" dans la figure 2)<\/li>\n<\/ul>\n<\/li>\n\n\n\n<li><strong>Optimisation de l'\u00e9paisseur<\/strong>Corps ultra-mince de 9 mm<\/li>\n<\/ul>\n<\/div>\n\n\n\n<div class=\"wp-block-column is-layout-flow wp-block-column-is-layout-flow\">\n<figure class=\"wp-block-image size-full\"><img alt=\"\" decoding=\"async\" width=\"800\" height=\"800\" src=\"https:\/\/www.usborkeychain.com\/wp-content\/uploads\/MetalRing-USB-Flash-Drive.jpg\" class=\"wp-image-4647\" srcset=\"https:\/\/www.usborkeychain.com\/wp-content\/uploads\/MetalRing-USB-Flash-Drive.jpg 800w, https:\/\/www.usborkeychain.com\/wp-content\/uploads\/MetalRing-USB-Flash-Drive-300x300.jpg 300w, https:\/\/www.usborkeychain.com\/wp-content\/uploads\/MetalRing-USB-Flash-Drive-150x150.jpg 150w, https:\/\/www.usborkeychain.com\/wp-content\/uploads\/MetalRing-USB-Flash-Drive-768x768.jpg 768w, https:\/\/www.usborkeychain.com\/wp-content\/uploads\/MetalRing-USB-Flash-Drive-12x12.jpg 12w, https:\/\/www.usborkeychain.com\/wp-content\/uploads\/MetalRing-USB-Flash-Drive-600x600.jpg 600w, https:\/\/www.usborkeychain.com\/wp-content\/uploads\/MetalRing-USB-Flash-Drive-100x100.jpg 100w\" sizes=\"(max-width: 800px) 100vw, 800px\" \/><\/figure>\n<\/div>\n<\/div>\n\n\n\n<div class=\"wp-block-columns is-layout-flex wp-container-core-columns-is-layout-28f84493 wp-block-columns-is-layout-flex\">\n<div class=\"wp-block-column is-vertically-aligned-center is-layout-flow wp-block-column-is-layout-flow\">\n<h3 class=\"wp-block-heading\">Cl\u00e9 USB en m\u00e9tal \u00e0 facettes diamant\u00e9es<\/h3>\n\n\n\n<ul class=\"wp-block-list\">\n<li><strong>Technologie des surfaces<\/strong>:\n<ul class=\"wp-block-list\">\n<li>Texture ondul\u00e9e micro-grav\u00e9e (conception antid\u00e9rapante pour le toucher)<\/li>\n\n\n\n<li>Moulure int\u00e9gr\u00e9e au porte-cl\u00e9s (boucle anti-desserrage en laiton \u00e9lectroplaqu\u00e9)<\/li>\n\n\n\n<li>Polissage de miroirs au niveau nanom\u00e9trique <\/li>\n<\/ul>\n<\/li>\n\n\n\n<li><strong>Caract\u00e9ristiques trifonctionnelles<\/strong>: Structure centrale de protection IP68<\/li>\n<\/ul>\n<\/div>\n\n\n\n<div class=\"wp-block-column is-layout-flow wp-block-column-is-layout-flow\">\n<figure class=\"wp-block-image size-full\"><img alt=\"\" decoding=\"async\" width=\"800\" height=\"800\" src=\"https:\/\/www.usborkeychain.com\/wp-content\/uploads\/MetalGem-USB-Flash-Drive.jpg\" class=\"wp-image-4646\" srcset=\"https:\/\/www.usborkeychain.com\/wp-content\/uploads\/MetalGem-USB-Flash-Drive.jpg 800w, https:\/\/www.usborkeychain.com\/wp-content\/uploads\/MetalGem-USB-Flash-Drive-300x300.jpg 300w, https:\/\/www.usborkeychain.com\/wp-content\/uploads\/MetalGem-USB-Flash-Drive-150x150.jpg 150w, https:\/\/www.usborkeychain.com\/wp-content\/uploads\/MetalGem-USB-Flash-Drive-768x768.jpg 768w, https:\/\/www.usborkeychain.com\/wp-content\/uploads\/MetalGem-USB-Flash-Drive-12x12.jpg 12w, https:\/\/www.usborkeychain.com\/wp-content\/uploads\/MetalGem-USB-Flash-Drive-600x600.jpg 600w, https:\/\/www.usborkeychain.com\/wp-content\/uploads\/MetalGem-USB-Flash-Drive-100x100.jpg 100w\" sizes=\"(max-width: 800px) 100vw, 800px\" \/><\/figure>\n<\/div>\n<\/div>\n\n\n\n<h2 class=\"wp-block-heading\">Permet-il d'imprimer des logos ?<\/h2>\n\n\n\n<p>Les cl\u00e9s USB en m\u00e9tal permettent l'impression de logos. Les proc\u00e9d\u00e9s d'impression courants sont les suivants :<\/p>\n\n\n\n<figure class=\"wp-block-table\"><table class=\"has-fixed-layout\"><thead><tr><th>Processus<\/th><th>Styles applicables<\/th><th>Pr\u00e9sentoir de cas<\/th><\/tr><\/thead><tbody><tr><td>Gravure au laser<\/td><td>Mod\u00e8les g\u00e9om\u00e9triques\/anneaux<\/td><td>\"LOGO\" logo de l'entreprise<\/td><\/tr><tr><td>Garniture de gla\u00e7age color\u00e9<\/td><td>Rainures des mod\u00e8les diamant\u00e9s<\/td><td>\"Xi\" motif de bon augure<\/td><\/tr><tr><td>Placage \u00e9lectrolytique Gravure<\/td><td>Surface de coupe des mod\u00e8les d'anneaux<\/td><td>\"Texte \"Bonne chance et prosp\u00e9rit\u00e9<\/td><\/tr><tr><td>Impression par transfert UV<\/td><td>Toutes les zones plates de la s\u00e9rie<\/td><td>Slogan d'entreprise personnalis\u00e9<\/td><\/tr><\/tbody><\/table><\/figure>\n\n\n\n<div class=\"wp-block-columns is-layout-flex wp-container-core-columns-is-layout-28f84493 wp-block-columns-is-layout-flex\">\n<div class=\"wp-block-column is-layout-flow wp-block-column-is-layout-flow\">\n<figure class=\"wp-block-image size-full\"><img alt=\"\" loading=\"lazy\" decoding=\"async\" width=\"800\" height=\"800\" src=\"https:\/\/www.usborkeychain.com\/wp-content\/uploads\/GeoMetal-USB-Flash-Drive.jpg\" class=\"wp-image-4645\" srcset=\"https:\/\/www.usborkeychain.com\/wp-content\/uploads\/GeoMetal-USB-Flash-Drive.jpg 800w, https:\/\/www.usborkeychain.com\/wp-content\/uploads\/GeoMetal-USB-Flash-Drive-300x300.jpg 300w, https:\/\/www.usborkeychain.com\/wp-content\/uploads\/GeoMetal-USB-Flash-Drive-150x150.jpg 150w, https:\/\/www.usborkeychain.com\/wp-content\/uploads\/GeoMetal-USB-Flash-Drive-768x768.jpg 768w, https:\/\/www.usborkeychain.com\/wp-content\/uploads\/GeoMetal-USB-Flash-Drive-12x12.jpg 12w, https:\/\/www.usborkeychain.com\/wp-content\/uploads\/GeoMetal-USB-Flash-Drive-600x600.jpg 600w, https:\/\/www.usborkeychain.com\/wp-content\/uploads\/GeoMetal-USB-Flash-Drive-100x100.jpg 100w\" sizes=\"(max-width: 800px) 100vw, 800px\" \/><\/figure>\n<\/div>\n\n\n\n<div class=\"wp-block-column is-layout-flow wp-block-column-is-layout-flow\">\n<figure class=\"wp-block-image size-full\"><img alt=\"\" loading=\"lazy\" decoding=\"async\" width=\"800\" height=\"800\" src=\"https:\/\/www.usborkeychain.com\/wp-content\/uploads\/ShinyRing-USB-Flash-Drive.jpg\" class=\"wp-image-4650\" srcset=\"https:\/\/www.usborkeychain.com\/wp-content\/uploads\/ShinyRing-USB-Flash-Drive.jpg 800w, https:\/\/www.usborkeychain.com\/wp-content\/uploads\/ShinyRing-USB-Flash-Drive-300x300.jpg 300w, https:\/\/www.usborkeychain.com\/wp-content\/uploads\/ShinyRing-USB-Flash-Drive-150x150.jpg 150w, https:\/\/www.usborkeychain.com\/wp-content\/uploads\/ShinyRing-USB-Flash-Drive-768x768.jpg 768w, https:\/\/www.usborkeychain.com\/wp-content\/uploads\/ShinyRing-USB-Flash-Drive-12x12.jpg 12w, https:\/\/www.usborkeychain.com\/wp-content\/uploads\/ShinyRing-USB-Flash-Drive-600x600.jpg 600w, https:\/\/www.usborkeychain.com\/wp-content\/uploads\/ShinyRing-USB-Flash-Drive-100x100.jpg 100w\" sizes=\"(max-width: 800px) 100vw, 800px\" \/><\/figure>\n<\/div>\n\n\n\n<div class=\"wp-block-column is-layout-flow wp-block-column-is-layout-flow\">\n<figure class=\"wp-block-image size-full\"><img alt=\"\" loading=\"lazy\" decoding=\"async\" width=\"800\" height=\"800\" src=\"https:\/\/www.usborkeychain.com\/wp-content\/uploads\/ColorMetal-USB-Flash-Drive.jpg\" class=\"wp-image-4644\" srcset=\"https:\/\/www.usborkeychain.com\/wp-content\/uploads\/ColorMetal-USB-Flash-Drive.jpg 800w, https:\/\/www.usborkeychain.com\/wp-content\/uploads\/ColorMetal-USB-Flash-Drive-300x300.jpg 300w, https:\/\/www.usborkeychain.com\/wp-content\/uploads\/ColorMetal-USB-Flash-Drive-150x150.jpg 150w, https:\/\/www.usborkeychain.com\/wp-content\/uploads\/ColorMetal-USB-Flash-Drive-768x768.jpg 768w, https:\/\/www.usborkeychain.com\/wp-content\/uploads\/ColorMetal-USB-Flash-Drive-12x12.jpg 12w, https:\/\/www.usborkeychain.com\/wp-content\/uploads\/ColorMetal-USB-Flash-Drive-600x600.jpg 600w, https:\/\/www.usborkeychain.com\/wp-content\/uploads\/ColorMetal-USB-Flash-Drive-100x100.jpg 100w\" sizes=\"(max-width: 800px) 100vw, 800px\" \/><\/figure>\n<\/div>\n<\/div>\n\n\n\n<h2 class=\"wp-block-heading\">Param\u00e8tres essentiels des cl\u00e9s USB<\/h2>\n\n\n\n<figure class=\"wp-block-table\"><table class=\"has-fixed-layout\"><thead><tr><th>Cat\u00e9gorie de param\u00e8tres<\/th><th>Contenu sp\u00e9cifique<\/th><\/tr><\/thead><tbody><tr><td>Type d'interface<\/td><td>USB 2.0, USB 3.0, USB 3.1, Type - C, etc.<\/td><\/tr><tr><td>Capacit\u00e9 de stockage<\/td><td>8G, 16G, 32G, 64G, 128G<\/td><\/tr><tr><td>Vitesse de lecture et d'\u00e9criture<\/td><td>Interface USB 2.0 : la vitesse de lecture est d'environ 10 - 25MB\/s, la vitesse d'\u00e9criture est d'environ 5 - 15MB\/s ; interfaces USB 3.0 et sup\u00e9rieures : la vitesse de lecture peut atteindre 30 - 150MB\/s, la vitesse d'\u00e9criture peut atteindre 20 - 100MB\/s (il y a des diff\u00e9rences dues \u00e0 l'\u00e9quipement et \u00e0 l'environnement).<\/td><\/tr><\/tbody><\/table><\/figure>\n\n\n\n<h2 class=\"wp-block-heading\">\u00c0 quelles entreprises convient-il de s'adresser ?<\/h2>\n\n\n\n<div class=\"wp-block-columns is-layout-flex wp-container-core-columns-is-layout-28f84493 wp-block-columns-is-layout-flex\">\n<div class=\"wp-block-column is-vertically-aligned-center is-layout-flow wp-block-column-is-layout-flow\">\n<ul class=\"wp-block-list\">\n<li>Les institutions financi\u00e8res peuvent le personnaliser pour en faire un cadeau de remerciement \u00e0 la client\u00e8le ou un cadeau de promotion commerciale, et imprimer le logo de la marque pour v\u00e9hiculer l'image ;<\/li>\n\n\n\n<li>Les entreprises technologiques l'utilisent comme souvenir lors de r\u00e9unions d'affaires et de n\u00e9gociations de coop\u00e9ration, ce qui est pratique et professionnel ;<\/li>\n\n\n\n<li>Pour les industries de la cr\u00e9ation et de la mode, les cl\u00e9s USB aux formes uniques, telles que les faces en diamant, sont adapt\u00e9es au style de la marque et contribuent \u00e0 sa promotion.<\/li>\n\n\n\n<li>Les amateurs d'activit\u00e9s de plein air peuvent choisir le mod\u00e8le en forme d'anneau, qui est pratique \u00e0 porter sur le porte-cl\u00e9s et qui permet de stocker des photos d'activit\u00e9s de plein air et des donn\u00e9es de suivi ;<\/li>\n\n\n\n<li>Les \u00e9tudiants et les professionnels peuvent y ranger quotidiennement du mat\u00e9riel d'apprentissage et des documents de bureau. Le mat\u00e9riau m\u00e9tallique est durable et r\u00e9sistant aux dommages.<\/li>\n<\/ul>\n<\/div>\n\n\n\n<div class=\"wp-block-column is-vertically-aligned-center is-layout-flow wp-block-column-is-layout-flow\">\n<figure class=\"wp-block-image size-full\"><img alt=\"\" loading=\"lazy\" decoding=\"async\" width=\"800\" height=\"800\" src=\"https:\/\/www.usborkeychain.com\/wp-content\/uploads\/SleekLoop-USB-Flash-Drive.jpg\" class=\"wp-image-4651\" srcset=\"https:\/\/www.usborkeychain.com\/wp-content\/uploads\/SleekLoop-USB-Flash-Drive.jpg 800w, https:\/\/www.usborkeychain.com\/wp-content\/uploads\/SleekLoop-USB-Flash-Drive-300x300.jpg 300w, https:\/\/www.usborkeychain.com\/wp-content\/uploads\/SleekLoop-USB-Flash-Drive-150x150.jpg 150w, https:\/\/www.usborkeychain.com\/wp-content\/uploads\/SleekLoop-USB-Flash-Drive-768x768.jpg 768w, https:\/\/www.usborkeychain.com\/wp-content\/uploads\/SleekLoop-USB-Flash-Drive-12x12.jpg 12w, https:\/\/www.usborkeychain.com\/wp-content\/uploads\/SleekLoop-USB-Flash-Drive-600x600.jpg 600w, https:\/\/www.usborkeychain.com\/wp-content\/uploads\/SleekLoop-USB-Flash-Drive-100x100.jpg 100w\" sizes=\"(max-width: 800px) 100vw, 800px\" \/><\/figure>\n<\/div>\n<\/div>\n\n\n\n<div class=\"wp-block-columns is-layout-flex wp-container-core-columns-is-layout-28f84493 wp-block-columns-is-layout-flex\">\n<div class=\"wp-block-column is-layout-flow wp-block-column-is-layout-flow\">\n<figure class=\"wp-block-image size-full\"><img alt=\"\" loading=\"lazy\" decoding=\"async\" width=\"800\" height=\"800\" src=\"https:\/\/www.usborkeychain.com\/wp-content\/uploads\/ModernGeo-USB-Flash-Drive.jpg\" class=\"wp-image-4648\" srcset=\"https:\/\/www.usborkeychain.com\/wp-content\/uploads\/ModernGeo-USB-Flash-Drive.jpg 800w, https:\/\/www.usborkeychain.com\/wp-content\/uploads\/ModernGeo-USB-Flash-Drive-300x300.jpg 300w, https:\/\/www.usborkeychain.com\/wp-content\/uploads\/ModernGeo-USB-Flash-Drive-150x150.jpg 150w, https:\/\/www.usborkeychain.com\/wp-content\/uploads\/ModernGeo-USB-Flash-Drive-768x768.jpg 768w, https:\/\/www.usborkeychain.com\/wp-content\/uploads\/ModernGeo-USB-Flash-Drive-12x12.jpg 12w, https:\/\/www.usborkeychain.com\/wp-content\/uploads\/ModernGeo-USB-Flash-Drive-600x600.jpg 600w, https:\/\/www.usborkeychain.com\/wp-content\/uploads\/ModernGeo-USB-Flash-Drive-100x100.jpg 100w\" sizes=\"(max-width: 800px) 100vw, 800px\" \/><\/figure>\n<\/div>\n\n\n\n<div class=\"wp-block-column is-vertically-aligned-center is-layout-flow wp-block-column-is-layout-flow\">\n<p><strong>Cl\u00e9s USB en m\u00e9tal<\/strong>Avec des formes m\u00e9talliques vari\u00e9es (g\u00e9om\u00e9triques, en forme d'anneau ou de diamant), des mat\u00e9riaux fiables, des processus de personnalisation riches et des param\u00e8tres de performance clairs, le porte-documents est devenu un choix de grande qualit\u00e9 pour la personnalisation des cadeaux d'entreprise et l'utilisation quotidienne par les particuliers. Qu'il s'agisse d'une apparence \u00e0 la mode ou d'une durabilit\u00e9 et de besoins de personnalisation, il peut y r\u00e9pondre, rendant le stockage de donn\u00e9es \u00e0 la fois pratique et personnalis\u00e9.<\/p>\n<\/div>\n<\/div>","protected":false},"excerpt":{"rendered":"<ul>\n<li>Mat\u00e9riau m\u00e9tallique<\/li>\n<li>Style classique<\/li>\n<li>Logo personnalis\u00e9<\/li>\n<li>Durable<\/li>\n<li>MOQ:100PCS<\/li>\n<\/ul>","protected":false},"featured_media":4647,"comment_status":"open","ping_status":"closed","template":"","meta":{"_seopress_robots_primary_cat":"","_seopress_titles_title":"","_seopress_titles_desc":"","_seopress_robots_index":"","site-sidebar-layout":"default","site-content-layout":"","ast-site-content-layout":"","site-content-style":"default","site-sidebar-style":"default","ast-global-header-display":"","ast-banner-title-visibility":"","ast-main-header-display":"","ast-hfb-above-header-display":"","ast-hfb-below-header-display":"","ast-hfb-mobile-header-display":"","site-post-title":"","ast-breadcrumbs-content":"","ast-featured-img":"","footer-sml-layout":"","theme-transparent-header-meta":"","adv-header-id-meta":"","stick-header-meta":"","header-above-stick-meta":"","header-main-stick-meta":"","header-below-stick-meta":"","astra-migrate-meta-layouts":"default","ast-page-background-enabled":"default","ast-page-background-meta":{"desktop":{"background-color":"var(--ast-global-color-5)","background-image":"","background-repeat":"repeat","background-position":"center center","background-size":"auto","background-attachment":"scroll","background-type":"","background-media":"","overlay-type":"","overlay-color":"","overlay-opacity":"","overlay-gradient":""},"tablet":{"background-color":"","background-image":"","background-repeat":"repeat","background-position":"center center","background-size":"auto","background-attachment":"scroll","background-type":"","background-media":"","overlay-type":"","overlay-color":"","overlay-opacity":"","overlay-gradient":""},"mobile":{"background-color":"","background-image":"","background-repeat":"repeat","background-position":"center center","background-size":"auto","background-attachment":"scroll","background-type":"","background-media":"","overlay-type":"","overlay-color":"","overlay-opacity":"","overlay-gradient":""}},"ast-content-background-meta":{"desktop":{"background-color":"var(--ast-global-color-4)","background-image":"","background-repeat":"repeat","background-position":"center center","background-size":"auto","background-attachment":"scroll","background-type":"","background-media":"","overlay-type":"","overlay-color":"","overlay-opacity":"","overlay-gradient":""},"tablet":{"background-color":"var(--ast-global-color-4)","background-image":"","background-repeat":"repeat","background-position":"center center","background-size":"auto","background-attachment":"scroll","background-type":"","background-media":"","overlay-type":"","overlay-color":"","overlay-opacity":"","overlay-gradient":""},"mobile":{"background-color":"var(--ast-global-color-4)","background-image":"","background-repeat":"repeat","background-position":"center center","background-size":"auto","background-attachment":"scroll","background-type":"","background-media":"","overlay-type":"","overlay-color":"","overlay-opacity":"","overlay-gradient":""}}},"product_brand":[],"product_cat":[89],"product_tag":[396],"class_list":{"0":"post-4640","1":"product","2":"type-product","3":"status-publish","4":"has-post-thumbnail","6":"product_cat-metal-usb-pendrive","7":"product_tag-stainless-steel-usb-flash-drive","8":"desktop-align-left","9":"tablet-align-left","10":"mobile-align-left","12":"first","13":"instock","14":"shipping-taxable","15":"product-type-simple"},"_links":{"self":[{"href":"https:\/\/www.usborkeychain.com\/fr\/wp-json\/wp\/v2\/product\/4640","targetHints":{"allow":["GET"]}}],"collection":[{"href":"https:\/\/www.usborkeychain.com\/fr\/wp-json\/wp\/v2\/product"}],"about":[{"href":"https:\/\/www.usborkeychain.com\/fr\/wp-json\/wp\/v2\/types\/product"}],"replies":[{"embeddable":true,"href":"https:\/\/www.usborkeychain.com\/fr\/wp-json\/wp\/v2\/comments?post=4640"}],"wp:featuredmedia":[{"embeddable":true,"href":"https:\/\/www.usborkeychain.com\/fr\/wp-json\/wp\/v2\/media\/4647"}],"wp:attachment":[{"href":"https:\/\/www.usborkeychain.com\/fr\/wp-json\/wp\/v2\/media?parent=4640"}],"wp:term":[{"taxonomy":"product_brand","embeddable":true,"href":"https:\/\/www.usborkeychain.com\/fr\/wp-json\/wp\/v2\/product_brand?post=4640"},{"taxonomy":"product_cat","embeddable":true,"href":"https:\/\/www.usborkeychain.com\/fr\/wp-json\/wp\/v2\/product_cat?post=4640"},{"taxonomy":"product_tag","embeddable":true,"href":"https:\/\/www.usborkeychain.com\/fr\/wp-json\/wp\/v2\/product_tag?post=4640"}],"curies":[{"name":"wp","href":"https:\/\/api.w.org\/{rel}","templated":true}]}}