{"id":4652,"date":"2025-07-26T07:05:35","date_gmt":"2025-07-26T07:05:35","guid":{"rendered":"https:\/\/www.usborkeychain.com\/?post_type=product&#038;p=4652"},"modified":"2025-07-26T14:24:58","modified_gmt":"2025-07-26T14:24:58","slug":"simulation-gun-usb-flash-drive","status":"publish","type":"product","link":"https:\/\/www.usborkeychain.com\/fr\/produit\/simulation-gun-usb-flash-drive\/","title":{"rendered":"Cl\u00e9 USB pour pistolet de simulation"},"content":{"rendered":"<div class=\"wp-block-columns is-layout-flex wp-container-core-columns-is-layout-28f84493 wp-block-columns-is-layout-flex\">\n<div class=\"wp-block-column is-vertically-aligned-center is-layout-flow wp-block-column-is-layout-flow\">\n<p>Le <strong>Cl\u00e9 USB pour pistolet de simulation<\/strong> se compose d'un corps principal en plastique de haute qualit\u00e9, qui garantit un certain niveau de solidit\u00e9 et de durabilit\u00e9 tout en reproduisant fid\u00e8lement les d\u00e9tails ext\u00e9rieurs de l'\u00e9quipement militaire, tels que les fusils et les grenades.<\/p>\n\n\n\n<p>De la texture de la poign\u00e9e de l'arme et de la forme de la g\u00e2chette \u00e0 la coque concave-convexe de la grenade, chaque d\u00e9tail est m\u00e9ticuleusement reproduit. En le tenant en main, on a l'impression de tenir un v\u00e9ritable mini-mod\u00e8le militaire.<\/p>\n\n\n\n<p>Pour les passionn\u00e9s de l'arm\u00e9e et les amateurs de mat\u00e9riel militaire, ce mod\u00e8le est plein de sentiment et d'attrait. Au quotidien, il peut \u00eatre accroch\u00e9 \u00e0 un sac en guise de porte-cl\u00e9s ou plac\u00e9 sur un bureau, ce qui est non seulement pratique mais permet \u00e9galement de mettre en valeur des hobbies uniques, rendant la passion militaire \"\u00e0 port\u00e9e de main\" \u00e0 tout moment.<\/p>\n<\/div>\n\n\n\n<div class=\"wp-block-column is-vertically-aligned-center is-layout-flow wp-block-column-is-layout-flow\">\n<figure class=\"wp-block-image size-full\"><img alt=\"\" fetchpriority=\"high\" decoding=\"async\" width=\"800\" height=\"800\" src=\"https:\/\/www.usborkeychain.com\/wp-content\/uploads\/GunModel-USB-Flash-Drive.jpg\" class=\"wp-image-4657\" srcset=\"https:\/\/www.usborkeychain.com\/wp-content\/uploads\/GunModel-USB-Flash-Drive.jpg 800w, https:\/\/www.usborkeychain.com\/wp-content\/uploads\/GunModel-USB-Flash-Drive-300x300.jpg 300w, https:\/\/www.usborkeychain.com\/wp-content\/uploads\/GunModel-USB-Flash-Drive-150x150.jpg 150w, https:\/\/www.usborkeychain.com\/wp-content\/uploads\/GunModel-USB-Flash-Drive-768x768.jpg 768w, https:\/\/www.usborkeychain.com\/wp-content\/uploads\/GunModel-USB-Flash-Drive-12x12.jpg 12w, https:\/\/www.usborkeychain.com\/wp-content\/uploads\/GunModel-USB-Flash-Drive-600x600.jpg 600w, https:\/\/www.usborkeychain.com\/wp-content\/uploads\/GunModel-USB-Flash-Drive-100x100.jpg 100w\" sizes=\"(max-width: 800px) 100vw, 800px\" \/><\/figure>\n<\/div>\n<\/div>\n\n\n\n<h2 class=\"wp-block-heading\">Param\u00e8tres de base de la cl\u00e9 USB<\/h2>\n\n\n\n<figure class=\"wp-block-table\"><table class=\"has-fixed-layout\"><thead><tr><th>Cat\u00e9gorie de param\u00e8tres<\/th><th>Contenu sp\u00e9cifique<\/th><\/tr><\/thead><tbody><tr><td>Type d'interface<\/td><td>G\u00e9n\u00e9ralement USB 2.0, USB 3.0 (certains supportent le type C, selon le produit)<\/td><\/tr><tr><td>Capacit\u00e9 de stockage<\/td><td>4GB, 8GB, 16GB, 32GB, 64GB, 128GB<\/td><\/tr><\/tbody><\/table><\/figure>\n\n\n\n<h2 class=\"wp-block-heading\">Quels sont les styles de la s\u00e9rie de cl\u00e9s USB en forme de pistolet simul\u00e9 ?<\/h2>\n\n\n\n<div class=\"wp-block-columns is-layout-flex wp-container-core-columns-is-layout-28f84493 wp-block-columns-is-layout-flex\">\n<div class=\"wp-block-column is-vertically-aligned-center is-layout-flow wp-block-column-is-layout-flow\">\n<figure class=\"wp-block-image size-full\"><img alt=\"\" decoding=\"async\" width=\"800\" height=\"800\" src=\"https:\/\/www.usborkeychain.com\/wp-content\/uploads\/BlackGun-USB-Flash-Drive.jpg\" class=\"wp-image-4656\" srcset=\"https:\/\/www.usborkeychain.com\/wp-content\/uploads\/BlackGun-USB-Flash-Drive.jpg 800w, https:\/\/www.usborkeychain.com\/wp-content\/uploads\/BlackGun-USB-Flash-Drive-300x300.jpg 300w, https:\/\/www.usborkeychain.com\/wp-content\/uploads\/BlackGun-USB-Flash-Drive-150x150.jpg 150w, https:\/\/www.usborkeychain.com\/wp-content\/uploads\/BlackGun-USB-Flash-Drive-768x768.jpg 768w, https:\/\/www.usborkeychain.com\/wp-content\/uploads\/BlackGun-USB-Flash-Drive-12x12.jpg 12w, https:\/\/www.usborkeychain.com\/wp-content\/uploads\/BlackGun-USB-Flash-Drive-600x600.jpg 600w, https:\/\/www.usborkeychain.com\/wp-content\/uploads\/BlackGun-USB-Flash-Drive-100x100.jpg 100w\" sizes=\"(max-width: 800px) 100vw, 800px\" \/><\/figure>\n<\/div>\n\n\n\n<div class=\"wp-block-column is-vertically-aligned-center is-layout-flow wp-block-column-is-layout-flow\">\n<p>Cette s\u00e9rie de cl\u00e9s USB comporte 5 mod\u00e8les au total. Elle comprend plusieurs mod\u00e8les en forme de pistolet et m\u00eame un mod\u00e8le en forme de grenade, le tout formant une collection unique de cl\u00e9s USB en forme d'armes simul\u00e9es.<\/p>\n\n\n\n<p>Si vous souhaitez personnaliser un logo pour cette s\u00e9rie, il doit \u00eatre moul\u00e9 ensemble pendant le processus d'ouverture. Il sera ainsi plus r\u00e9aliste et plus vivant.<\/p>\n<\/div>\n<\/div>\n\n\n\n<h2 class=\"wp-block-heading\">\u00c0 quelles entreprises convient-il de s'adresser ?<\/h2>\n\n\n\n<div class=\"wp-block-columns is-layout-flex wp-container-core-columns-is-layout-28f84493 wp-block-columns-is-layout-flex\">\n<div class=\"wp-block-column is-vertically-aligned-center is-layout-flow wp-block-column-is-layout-flow\">\n<ul class=\"wp-block-list\">\n<li>Les clubs \u00e0 th\u00e8me militaire et les entreprises d'activit\u00e9s de plein air peuvent personnaliser les cl\u00e9s USB de simulation d'armes \u00e0 feu pour en faire des cadeaux pour les membres et des prix pour les \u00e9v\u00e9nements.<\/li>\n\n\n\n<li>Entreprises li\u00e9es \u00e0 l'armement et marques d'entrepreneurs v\u00e9t\u00e9rans.<\/li>\n\n\n\n<li>Producteurs de p\u00e9riph\u00e9riques de jeux et de films sur le th\u00e8me de l'arm\u00e9e : en tant que p\u00e9riph\u00e9riques co-marqu\u00e9s \u00e0 distribuer, ils attirent les groupes de fans.<\/li>\n\n\n\n<li>Les amateurs de munitions pour la collection et l'usage personnel, r\u00e9pondant aux besoins \"ludiques\" de l'\u00e9quipement militaire.<\/li>\n<\/ul>\n<\/div>\n\n\n\n<div class=\"wp-block-column is-vertically-aligned-center is-layout-flow wp-block-column-is-layout-flow\">\n<figure class=\"wp-block-image size-full\"><img alt=\"\" decoding=\"async\" width=\"800\" height=\"800\" src=\"https:\/\/www.usborkeychain.com\/wp-content\/uploads\/PVCGun-USB-Flash-Drive.jpg\" class=\"wp-image-4658\" srcset=\"https:\/\/www.usborkeychain.com\/wp-content\/uploads\/PVCGun-USB-Flash-Drive.jpg 800w, https:\/\/www.usborkeychain.com\/wp-content\/uploads\/PVCGun-USB-Flash-Drive-300x300.jpg 300w, https:\/\/www.usborkeychain.com\/wp-content\/uploads\/PVCGun-USB-Flash-Drive-150x150.jpg 150w, https:\/\/www.usborkeychain.com\/wp-content\/uploads\/PVCGun-USB-Flash-Drive-768x768.jpg 768w, https:\/\/www.usborkeychain.com\/wp-content\/uploads\/PVCGun-USB-Flash-Drive-12x12.jpg 12w, https:\/\/www.usborkeychain.com\/wp-content\/uploads\/PVCGun-USB-Flash-Drive-600x600.jpg 600w, https:\/\/www.usborkeychain.com\/wp-content\/uploads\/PVCGun-USB-Flash-Drive-100x100.jpg 100w\" sizes=\"(max-width: 800px) 100vw, 800px\" \/><\/figure>\n<\/div>\n<\/div>\n\n\n\n<div class=\"wp-block-columns is-layout-flex wp-container-core-columns-is-layout-28f84493 wp-block-columns-is-layout-flex\">\n<div class=\"wp-block-column is-layout-flow wp-block-column-is-layout-flow\">\n<figure class=\"wp-block-image size-full\"><img alt=\"\" loading=\"lazy\" decoding=\"async\" width=\"800\" height=\"800\" src=\"https:\/\/www.usborkeychain.com\/wp-content\/uploads\/ArmyGun-USB-Flash-Drive.jpg\" class=\"wp-image-4655\" srcset=\"https:\/\/www.usborkeychain.com\/wp-content\/uploads\/ArmyGun-USB-Flash-Drive.jpg 800w, https:\/\/www.usborkeychain.com\/wp-content\/uploads\/ArmyGun-USB-Flash-Drive-300x300.jpg 300w, https:\/\/www.usborkeychain.com\/wp-content\/uploads\/ArmyGun-USB-Flash-Drive-150x150.jpg 150w, https:\/\/www.usborkeychain.com\/wp-content\/uploads\/ArmyGun-USB-Flash-Drive-768x768.jpg 768w, https:\/\/www.usborkeychain.com\/wp-content\/uploads\/ArmyGun-USB-Flash-Drive-12x12.jpg 12w, https:\/\/www.usborkeychain.com\/wp-content\/uploads\/ArmyGun-USB-Flash-Drive-600x600.jpg 600w, https:\/\/www.usborkeychain.com\/wp-content\/uploads\/ArmyGun-USB-Flash-Drive-100x100.jpg 100w\" sizes=\"(max-width: 800px) 100vw, 800px\" \/><\/figure>\n<\/div>\n\n\n\n<div class=\"wp-block-column is-vertically-aligned-center is-layout-flow wp-block-column-is-layout-flow\">\n<p>Avec son apparence militaire robuste, l'\u00e9quilibre de la \"main\" du <strong>Mati\u00e8re PVC<\/strong>Gr\u00e2ce \u00e0 sa conception, \u00e0 ses param\u00e8tres de stockage clairs et \u00e0 ses divers processus de personnalisation, la cl\u00e9 USB de simulation d'armes \u00e0 feu est devenue un produit de stockage exclusif pour les fans de l'arm\u00e9e et les enthousiastes des munitions. Elle constitue \u00e9galement une option unique pour les entreprises qui souhaitent personnaliser des cadeaux sur le th\u00e8me de l'arm\u00e9e. <\/p>\n\n\n\n<p>Qu'il s'agisse de comm\u00e9morer le service militaire, de pr\u00e9senter des passe-temps ou, pour les entreprises, de v\u00e9hiculer l'image d'une marque, il permet de stocker des donn\u00e9es tout en \"emballant\" la passion militaire dans la poche, ce qui est \u00e0 la fois pratique et distinctif.<\/p>\n<\/div>\n<\/div>","protected":false},"excerpt":{"rendered":"<ul>\n<li>Pistolet de simulation<\/li>\n<li>Mati\u00e8re PVC<\/li>\n<li>Passionn\u00e9 par l'arm\u00e9e<\/li>\n<li>Logo personnalis\u00e9<\/li>\n<li>MOQ:100PCS<\/li>\n<\/ul>","protected":false},"featured_media":4657,"comment_status":"open","ping_status":"closed","template":"","meta":{"_seopress_robots_primary_cat":"none","_seopress_titles_title":"","_seopress_titles_desc":"","_seopress_robots_index":"","site-sidebar-layout":"default","site-content-layout":"","ast-site-content-layout":"","site-content-style":"default","site-sidebar-style":"default","ast-global-header-display":"","ast-banner-title-visibility":"","ast-main-header-display":"","ast-hfb-above-header-display":"","ast-hfb-below-header-display":"","ast-hfb-mobile-header-display":"","site-post-title":"","ast-breadcrumbs-content":"","ast-featured-img":"","footer-sml-layout":"","theme-transparent-header-meta":"","adv-header-id-meta":"","stick-header-meta":"","header-above-stick-meta":"","header-main-stick-meta":"","header-below-stick-meta":"","astra-migrate-meta-layouts":"default","ast-page-background-enabled":"default","ast-page-background-meta":{"desktop":{"background-color":"var(--ast-global-color-5)","background-image":"","background-repeat":"repeat","background-position":"center center","background-size":"auto","background-attachment":"scroll","background-type":"","background-media":"","overlay-type":"","overlay-color":"","overlay-opacity":"","overlay-gradient":""},"tablet":{"background-color":"","background-image":"","background-repeat":"repeat","background-position":"center center","background-size":"auto","background-attachment":"scroll","background-type":"","background-media":"","overlay-type":"","overlay-color":"","overlay-opacity":"","overlay-gradient":""},"mobile":{"background-color":"","background-image":"","background-repeat":"repeat","background-position":"center center","background-size":"auto","background-attachment":"scroll","background-type":"","background-media":"","overlay-type":"","overlay-color":"","overlay-opacity":"","overlay-gradient":""}},"ast-content-background-meta":{"desktop":{"background-color":"var(--ast-global-color-4)","background-image":"","background-repeat":"repeat","background-position":"center center","background-size":"auto","background-attachment":"scroll","background-type":"","background-media":"","overlay-type":"","overlay-color":"","overlay-opacity":"","overlay-gradient":""},"tablet":{"background-color":"var(--ast-global-color-4)","background-image":"","background-repeat":"repeat","background-position":"center center","background-size":"auto","background-attachment":"scroll","background-type":"","background-media":"","overlay-type":"","overlay-color":"","overlay-opacity":"","overlay-gradient":""},"mobile":{"background-color":"var(--ast-global-color-4)","background-image":"","background-repeat":"repeat","background-position":"center center","background-size":"auto","background-attachment":"scroll","background-type":"","background-media":"","overlay-type":"","overlay-color":"","overlay-opacity":"","overlay-gradient":""}}},"product_brand":[],"product_cat":[94],"product_tag":[248,284],"class_list":{"0":"post-4652","1":"product","2":"type-product","3":"status-publish","4":"has-post-thumbnail","6":"product_cat-pvc-usb-pendrive","7":"product_tag-pvc-usb-flash-drive","8":"product_tag-simulation-gun-usb-flash-drive","9":"desktop-align-left","10":"tablet-align-left","11":"mobile-align-left","13":"first","14":"instock","15":"shipping-taxable","16":"product-type-simple"},"_links":{"self":[{"href":"https:\/\/www.usborkeychain.com\/fr\/wp-json\/wp\/v2\/product\/4652","targetHints":{"allow":["GET"]}}],"collection":[{"href":"https:\/\/www.usborkeychain.com\/fr\/wp-json\/wp\/v2\/product"}],"about":[{"href":"https:\/\/www.usborkeychain.com\/fr\/wp-json\/wp\/v2\/types\/product"}],"replies":[{"embeddable":true,"href":"https:\/\/www.usborkeychain.com\/fr\/wp-json\/wp\/v2\/comments?post=4652"}],"wp:featuredmedia":[{"embeddable":true,"href":"https:\/\/www.usborkeychain.com\/fr\/wp-json\/wp\/v2\/media\/4657"}],"wp:attachment":[{"href":"https:\/\/www.usborkeychain.com\/fr\/wp-json\/wp\/v2\/media?parent=4652"}],"wp:term":[{"taxonomy":"product_brand","embeddable":true,"href":"https:\/\/www.usborkeychain.com\/fr\/wp-json\/wp\/v2\/product_brand?post=4652"},{"taxonomy":"product_cat","embeddable":true,"href":"https:\/\/www.usborkeychain.com\/fr\/wp-json\/wp\/v2\/product_cat?post=4652"},{"taxonomy":"product_tag","embeddable":true,"href":"https:\/\/www.usborkeychain.com\/fr\/wp-json\/wp\/v2\/product_tag?post=4652"}],"curies":[{"name":"wp","href":"https:\/\/api.w.org\/{rel}","templated":true}]}}