{"id":4661,"date":"2025-07-26T07:21:36","date_gmt":"2025-07-26T07:21:36","guid":{"rendered":"https:\/\/www.usborkeychain.com\/?post_type=product&#038;p=4661"},"modified":"2025-08-14T12:11:14","modified_gmt":"2025-08-14T12:11:14","slug":"metal-ring-usb-flash-drive","status":"publish","type":"product","link":"https:\/\/www.usborkeychain.com\/fr\/produit\/metal-ring-usb-flash-drive\/","title":{"rendered":"Cl\u00e9 USB avec anneau en m\u00e9tal"},"content":{"rendered":"<div class=\"wp-block-columns is-layout-flex wp-container-core-columns-is-layout-28f84493 wp-block-columns-is-layout-flex\">\n<div class=\"wp-block-column is-vertically-aligned-center is-layout-flow wp-block-column-is-layout-flow\">\n<p>Le<strong> anneau m\u00e9tallique cl\u00e9 USB <\/strong>se caract\u00e9rise par un corps principal en m\u00e9tal de haute qualit\u00e9. Les propri\u00e9t\u00e9s inh\u00e9rentes au m\u00e9tal lui conf\u00e8rent robustesse et durabilit\u00e9, ce qui lui permet de r\u00e9sister aux petits chocs et \u00e0 l'abrasion lors d'un usage quotidien et de rester en bon \u00e9tat pendant longtemps.<\/p>\n\n\n\n<p>Il pr\u00e9sente des caract\u00e9ristiques remarquables en mati\u00e8re de design. La forme int\u00e9gr\u00e9e de l'anneau m\u00e9tallique attire l'attention. L'anneau m\u00e9tallique n'est pas seulement une d\u00e9coration, mais aussi un \u00e9l\u00e9ment portable pratique. Le design g\u00e9n\u00e9ral est fin, compact et exquis, ce qui permet de l'attacher facilement \u00e0 un porte-cl\u00e9s ou \u00e0 un sac \u00e0 dos sans alourdir le transport.<\/p>\n\n\n\n<p>En termes de lecture et d'\u00e9criture, il b\u00e9n\u00e9ficie de puces de m\u00e9moire flash de haute qualit\u00e9 et d'une conception de circuit raisonnable, garantissant une transmission de donn\u00e9es efficace et stable.<\/p>\n<\/div>\n\n\n\n<div class=\"wp-block-column is-vertically-aligned-center is-layout-flow wp-block-column-is-layout-flow\">\n<figure class=\"wp-block-image size-full\"><img alt=\"\" fetchpriority=\"high\" decoding=\"async\" width=\"800\" height=\"800\" src=\"https:\/\/www.usborkeychain.com\/wp-content\/uploads\/Golden-Ring-USB-Flash-Drive.png\" class=\"wp-image-4666\" srcset=\"https:\/\/www.usborkeychain.com\/wp-content\/uploads\/Golden-Ring-USB-Flash-Drive.png 800w, https:\/\/www.usborkeychain.com\/wp-content\/uploads\/Golden-Ring-USB-Flash-Drive-300x300.png 300w, https:\/\/www.usborkeychain.com\/wp-content\/uploads\/Golden-Ring-USB-Flash-Drive-150x150.png 150w, https:\/\/www.usborkeychain.com\/wp-content\/uploads\/Golden-Ring-USB-Flash-Drive-768x768.png 768w, https:\/\/www.usborkeychain.com\/wp-content\/uploads\/Golden-Ring-USB-Flash-Drive-12x12.png 12w, https:\/\/www.usborkeychain.com\/wp-content\/uploads\/Golden-Ring-USB-Flash-Drive-600x600.png 600w, https:\/\/www.usborkeychain.com\/wp-content\/uploads\/Golden-Ring-USB-Flash-Drive-100x100.png 100w\" sizes=\"(max-width: 800px) 100vw, 800px\" \/><\/figure>\n<\/div>\n<\/div>\n\n\n\n<h2 class=\"wp-block-heading\">Param\u00e8tres de base de la cl\u00e9 USB<\/h2>\n\n\n\n<figure class=\"wp-block-table\"><table class=\"has-fixed-layout\"><thead><tr><th>Cat\u00e9gorie de param\u00e8tres<\/th><th>Contenu sp\u00e9cifique<\/th><\/tr><\/thead><tbody><tr><td>Type d'interface<\/td><td>USB 2.0, USB 3.0, USB 3.1<\/td><\/tr><tr><td>Capacit\u00e9 de stockage<\/td><td>4GB, 8GB, 16GB, 32GB, 64GB, 128GB<\/td><\/tr><tr><td>Dimensions (Longueur * Largeur * Epaisseur)<\/td><td>70\u00d720\u00d75mm<\/td><\/tr><tr><td>Poids<\/td><td>15g<\/td><\/tr><\/tbody><\/table><\/figure>\n\n\n\n<h2 class=\"wp-block-heading\">Permet-il d'imprimer des logos ?<\/h2>\n\n\n\n<p>La cl\u00e9 USB \u00e0 anneau m\u00e9tallique permet l'impression de logos.<\/p>\n\n\n\n<figure class=\"wp-block-table\"><table class=\"has-fixed-layout\"><thead><tr><th>Processus<\/th><th>Sc\u00e9narios applicables<\/th><\/tr><\/thead><tbody><tr><td>Gravure au laser<\/td><td>Logos d'entreprise\/num\u00e9ros de s\u00e9rie<\/td><\/tr><tr><td>S\u00e9rigraphie<\/td><td>Logos VI color\u00e9s<\/td><\/tr><tr><td>Tampographie<\/td><td>Mod\u00e8les de surfaces courbes (par exemple, c\u00f4t\u00e9 int\u00e9rieur de l'anneau)<\/td><\/tr><tr><td>Impression UV<\/td><td>Logos en d\u00e9grad\u00e9\/codes QR<\/td><\/tr><\/tbody><\/table><\/figure>\n\n\n\n<div class=\"wp-block-columns is-layout-flex wp-container-core-columns-is-layout-28f84493 wp-block-columns-is-layout-flex\">\n<div class=\"wp-block-column is-layout-flow wp-block-column-is-layout-flow\">\n<figure class=\"wp-block-image size-full\"><img alt=\"\" decoding=\"async\" width=\"800\" height=\"800\" src=\"https:\/\/www.usborkeychain.com\/wp-content\/uploads\/MetalRing-USB-Flash-Drive.png\" class=\"wp-image-4668\" srcset=\"https:\/\/www.usborkeychain.com\/wp-content\/uploads\/MetalRing-USB-Flash-Drive.png 800w, https:\/\/www.usborkeychain.com\/wp-content\/uploads\/MetalRing-USB-Flash-Drive-300x300.png 300w, https:\/\/www.usborkeychain.com\/wp-content\/uploads\/MetalRing-USB-Flash-Drive-150x150.png 150w, https:\/\/www.usborkeychain.com\/wp-content\/uploads\/MetalRing-USB-Flash-Drive-768x768.png 768w, https:\/\/www.usborkeychain.com\/wp-content\/uploads\/MetalRing-USB-Flash-Drive-12x12.png 12w, https:\/\/www.usborkeychain.com\/wp-content\/uploads\/MetalRing-USB-Flash-Drive-600x600.png 600w, https:\/\/www.usborkeychain.com\/wp-content\/uploads\/MetalRing-USB-Flash-Drive-100x100.png 100w\" sizes=\"(max-width: 800px) 100vw, 800px\" \/><\/figure>\n<\/div>\n\n\n\n<div class=\"wp-block-column is-layout-flow wp-block-column-is-layout-flow\">\n<figure class=\"wp-block-image size-full\"><img alt=\"\" decoding=\"async\" width=\"800\" height=\"800\" src=\"https:\/\/www.usborkeychain.com\/wp-content\/uploads\/Portable-Ring-USB-Flash-Drive.png\" class=\"wp-image-4669\" srcset=\"https:\/\/www.usborkeychain.com\/wp-content\/uploads\/Portable-Ring-USB-Flash-Drive.png 800w, https:\/\/www.usborkeychain.com\/wp-content\/uploads\/Portable-Ring-USB-Flash-Drive-300x300.png 300w, https:\/\/www.usborkeychain.com\/wp-content\/uploads\/Portable-Ring-USB-Flash-Drive-150x150.png 150w, https:\/\/www.usborkeychain.com\/wp-content\/uploads\/Portable-Ring-USB-Flash-Drive-768x768.png 768w, https:\/\/www.usborkeychain.com\/wp-content\/uploads\/Portable-Ring-USB-Flash-Drive-12x12.png 12w, https:\/\/www.usborkeychain.com\/wp-content\/uploads\/Portable-Ring-USB-Flash-Drive-600x600.png 600w, https:\/\/www.usborkeychain.com\/wp-content\/uploads\/Portable-Ring-USB-Flash-Drive-100x100.png 100w\" sizes=\"(max-width: 800px) 100vw, 800px\" \/><\/figure>\n<\/div>\n\n\n\n<div class=\"wp-block-column is-layout-flow wp-block-column-is-layout-flow\">\n<figure class=\"wp-block-image size-full\"><img alt=\"\" loading=\"lazy\" decoding=\"async\" width=\"800\" height=\"800\" src=\"https:\/\/www.usborkeychain.com\/wp-content\/uploads\/Loop-Metal-USB-Flash-Drive.png\" class=\"wp-image-4667\" srcset=\"https:\/\/www.usborkeychain.com\/wp-content\/uploads\/Loop-Metal-USB-Flash-Drive.png 800w, https:\/\/www.usborkeychain.com\/wp-content\/uploads\/Loop-Metal-USB-Flash-Drive-300x300.png 300w, https:\/\/www.usborkeychain.com\/wp-content\/uploads\/Loop-Metal-USB-Flash-Drive-150x150.png 150w, https:\/\/www.usborkeychain.com\/wp-content\/uploads\/Loop-Metal-USB-Flash-Drive-768x768.png 768w, https:\/\/www.usborkeychain.com\/wp-content\/uploads\/Loop-Metal-USB-Flash-Drive-12x12.png 12w, https:\/\/www.usborkeychain.com\/wp-content\/uploads\/Loop-Metal-USB-Flash-Drive-600x600.png 600w, https:\/\/www.usborkeychain.com\/wp-content\/uploads\/Loop-Metal-USB-Flash-Drive-100x100.png 100w\" sizes=\"(max-width: 800px) 100vw, 800px\" \/><\/figure>\n<\/div>\n<\/div>\n\n\n\n<h2 class=\"wp-block-heading\">A quelles entreprises convient-il de l'offrir ?<\/h2>\n\n\n\n<div class=\"wp-block-columns is-layout-flex wp-container-core-columns-is-layout-28f84493 wp-block-columns-is-layout-flex\">\n<div class=\"wp-block-column is-vertically-aligned-center is-layout-flow wp-block-column-is-layout-flow\">\n<figure class=\"wp-block-image size-full\"><img alt=\"\" loading=\"lazy\" decoding=\"async\" width=\"800\" height=\"800\" src=\"https:\/\/www.usborkeychain.com\/wp-content\/uploads\/ChicRing-USB-Flash-Drive.png\" class=\"wp-image-4665\" srcset=\"https:\/\/www.usborkeychain.com\/wp-content\/uploads\/ChicRing-USB-Flash-Drive.png 800w, https:\/\/www.usborkeychain.com\/wp-content\/uploads\/ChicRing-USB-Flash-Drive-300x300.png 300w, https:\/\/www.usborkeychain.com\/wp-content\/uploads\/ChicRing-USB-Flash-Drive-150x150.png 150w, https:\/\/www.usborkeychain.com\/wp-content\/uploads\/ChicRing-USB-Flash-Drive-768x768.png 768w, https:\/\/www.usborkeychain.com\/wp-content\/uploads\/ChicRing-USB-Flash-Drive-12x12.png 12w, https:\/\/www.usborkeychain.com\/wp-content\/uploads\/ChicRing-USB-Flash-Drive-600x600.png 600w, https:\/\/www.usborkeychain.com\/wp-content\/uploads\/ChicRing-USB-Flash-Drive-100x100.png 100w\" sizes=\"(max-width: 800px) 100vw, 800px\" \/><\/figure>\n<\/div>\n\n\n\n<div class=\"wp-block-column is-vertically-aligned-center is-layout-flow wp-block-column-is-layout-flow\">\n<ul class=\"wp-block-list\">\n<li><strong>Industrie financi\u00e8re<\/strong> (telles que les banques, les institutions de valeurs mobili\u00e8res)<\/li>\n\n\n\n<li><strong>Entreprises technologiques<\/strong><\/li>\n\n\n\n<li><strong>Entreprises de publicit\u00e9 et de cr\u00e9ation<\/strong><\/li>\n\n\n\n<li><strong>Individus <\/strong>peut \u00eatre utilis\u00e9 comme cadeau d'anniversaire ou de vacances<\/li>\n\n\n\n<li> Pour les personnes qui <strong>les voyages d'affaires ou les d\u00e9placements<\/strong>L'anneau m\u00e9tallique permet de l'accrocher aux bagages ou aux cl\u00e9s ; <\/li>\n\n\n\n<li><strong>Groupes d'\u00e9tudiants<\/strong> peut l'utiliser quotidiennement pour stocker du mat\u00e9riel d'apprentissage, des devoirs, des didacticiels, etc.<\/li>\n<\/ul>\n<\/div>\n<\/div>\n\n\n\n<div class=\"wp-block-columns is-layout-flex wp-container-core-columns-is-layout-28f84493 wp-block-columns-is-layout-flex\">\n<div class=\"wp-block-column is-vertically-aligned-center is-layout-flow wp-block-column-is-layout-flow\">\n<p>Avec son <strong>mat\u00e9riau m\u00e9tallique fin<\/strong>Gr\u00e2ce \u00e0 une conception intelligente de l'anneau m\u00e9tallique int\u00e9gr\u00e9, \u00e0 des param\u00e8tres de performance clairs et \u00e0 divers processus de personnalisation, le <strong>anneau m\u00e9tallique cl\u00e9 USB <\/strong>est devenu un excellent choix pour la personnalisation de cadeaux d'entreprise et l'utilisation quotidienne personnelle. Que vous appr\u00e9ciiez sa portabilit\u00e9 et sa praticit\u00e9, ou que vous souhaitiez transmettre la valeur de votre marque ou vos intentions personnelles par le biais de la personnalisation, il peut parfaitement r\u00e9pondre \u00e0 vos besoins, en rendant le stockage de donn\u00e9es transparent au travail, dans la vie priv\u00e9e et dans les sc\u00e9narios de cadeaux.<\/p>\n<\/div>\n\n\n\n<div class=\"wp-block-column is-vertically-aligned-center is-layout-flow wp-block-column-is-layout-flow\">\n<figure class=\"wp-block-image size-full\"><img alt=\"\" loading=\"lazy\" decoding=\"async\" width=\"800\" height=\"800\" src=\"https:\/\/www.usborkeychain.com\/wp-content\/uploads\/AluRing-USB-Flash-Drive.png\" class=\"wp-image-4664\" srcset=\"https:\/\/www.usborkeychain.com\/wp-content\/uploads\/AluRing-USB-Flash-Drive.png 800w, https:\/\/www.usborkeychain.com\/wp-content\/uploads\/AluRing-USB-Flash-Drive-300x300.png 300w, https:\/\/www.usborkeychain.com\/wp-content\/uploads\/AluRing-USB-Flash-Drive-150x150.png 150w, https:\/\/www.usborkeychain.com\/wp-content\/uploads\/AluRing-USB-Flash-Drive-768x768.png 768w, https:\/\/www.usborkeychain.com\/wp-content\/uploads\/AluRing-USB-Flash-Drive-12x12.png 12w, https:\/\/www.usborkeychain.com\/wp-content\/uploads\/AluRing-USB-Flash-Drive-600x600.png 600w, https:\/\/www.usborkeychain.com\/wp-content\/uploads\/AluRing-USB-Flash-Drive-100x100.png 100w\" sizes=\"(max-width: 800px) 100vw, 800px\" \/><\/figure>\n<\/div>\n<\/div>","protected":false},"excerpt":{"rendered":"<ul>\n<li>M\u00e9tal Premium<\/li>\n<li>Anneau m\u00e9tallique<\/li>\n<li>Logo personnalis\u00e9<\/li>\n<li>Transfert de donn\u00e9es \u00e0 haut d\u00e9bit<\/li>\n<li>MOQ:100PCS<\/li>\n<\/ul>","protected":false},"featured_media":4666,"comment_status":"open","ping_status":"closed","template":"","meta":{"_seopress_robots_primary_cat":"","_seopress_titles_title":"","_seopress_titles_desc":"","_seopress_robots_index":"","site-sidebar-layout":"default","site-content-layout":"","ast-site-content-layout":"","site-content-style":"default","site-sidebar-style":"default","ast-global-header-display":"","ast-banner-title-visibility":"","ast-main-header-display":"","ast-hfb-above-header-display":"","ast-hfb-below-header-display":"","ast-hfb-mobile-header-display":"","site-post-title":"","ast-breadcrumbs-content":"","ast-featured-img":"","footer-sml-layout":"","theme-transparent-header-meta":"","adv-header-id-meta":"","stick-header-meta":"","header-above-stick-meta":"","header-main-stick-meta":"","header-below-stick-meta":"","astra-migrate-meta-layouts":"default","ast-page-background-enabled":"default","ast-page-background-meta":{"desktop":{"background-color":"var(--ast-global-color-5)","background-image":"","background-repeat":"repeat","background-position":"center center","background-size":"auto","background-attachment":"scroll","background-type":"","background-media":"","overlay-type":"","overlay-color":"","overlay-opacity":"","overlay-gradient":""},"tablet":{"background-color":"","background-image":"","background-repeat":"repeat","background-position":"center center","background-size":"auto","background-attachment":"scroll","background-type":"","background-media":"","overlay-type":"","overlay-color":"","overlay-opacity":"","overlay-gradient":""},"mobile":{"background-color":"","background-image":"","background-repeat":"repeat","background-position":"center center","background-size":"auto","background-attachment":"scroll","background-type":"","background-media":"","overlay-type":"","overlay-color":"","overlay-opacity":"","overlay-gradient":""}},"ast-content-background-meta":{"desktop":{"background-color":"var(--ast-global-color-4)","background-image":"","background-repeat":"repeat","background-position":"center center","background-size":"auto","background-attachment":"scroll","background-type":"","background-media":"","overlay-type":"","overlay-color":"","overlay-opacity":"","overlay-gradient":""},"tablet":{"background-color":"var(--ast-global-color-4)","background-image":"","background-repeat":"repeat","background-position":"center center","background-size":"auto","background-attachment":"scroll","background-type":"","background-media":"","overlay-type":"","overlay-color":"","overlay-opacity":"","overlay-gradient":""},"mobile":{"background-color":"var(--ast-global-color-4)","background-image":"","background-repeat":"repeat","background-position":"center center","background-size":"auto","background-attachment":"scroll","background-type":"","background-media":"","overlay-type":"","overlay-color":"","overlay-opacity":"","overlay-gradient":""}}},"product_brand":[],"product_cat":[89],"product_tag":[292,396],"class_list":{"0":"post-4661","1":"product","2":"type-product","3":"status-publish","4":"has-post-thumbnail","6":"product_cat-metal-usb-pendrive","7":"product_tag-metal-ring-usb-flash-drive","8":"product_tag-stainless-steel-usb-flash-drive","9":"desktop-align-left","10":"tablet-align-left","11":"mobile-align-left","13":"first","14":"instock","15":"shipping-taxable","16":"product-type-simple"},"_links":{"self":[{"href":"https:\/\/www.usborkeychain.com\/fr\/wp-json\/wp\/v2\/product\/4661","targetHints":{"allow":["GET"]}}],"collection":[{"href":"https:\/\/www.usborkeychain.com\/fr\/wp-json\/wp\/v2\/product"}],"about":[{"href":"https:\/\/www.usborkeychain.com\/fr\/wp-json\/wp\/v2\/types\/product"}],"replies":[{"embeddable":true,"href":"https:\/\/www.usborkeychain.com\/fr\/wp-json\/wp\/v2\/comments?post=4661"}],"wp:featuredmedia":[{"embeddable":true,"href":"https:\/\/www.usborkeychain.com\/fr\/wp-json\/wp\/v2\/media\/4666"}],"wp:attachment":[{"href":"https:\/\/www.usborkeychain.com\/fr\/wp-json\/wp\/v2\/media?parent=4661"}],"wp:term":[{"taxonomy":"product_brand","embeddable":true,"href":"https:\/\/www.usborkeychain.com\/fr\/wp-json\/wp\/v2\/product_brand?post=4661"},{"taxonomy":"product_cat","embeddable":true,"href":"https:\/\/www.usborkeychain.com\/fr\/wp-json\/wp\/v2\/product_cat?post=4661"},{"taxonomy":"product_tag","embeddable":true,"href":"https:\/\/www.usborkeychain.com\/fr\/wp-json\/wp\/v2\/product_tag?post=4661"}],"curies":[{"name":"wp","href":"https:\/\/api.w.org\/{rel}","templated":true}]}}