{"id":4670,"date":"2025-07-26T07:43:17","date_gmt":"2025-07-26T07:43:17","guid":{"rendered":"https:\/\/www.usborkeychain.com\/?post_type=product&#038;p=4670"},"modified":"2025-08-14T12:11:01","modified_gmt":"2025-08-14T12:11:01","slug":"metal-house-shaped-usb-flash-drive","status":"publish","type":"product","link":"https:\/\/www.usborkeychain.com\/fr\/produit\/metal-house-shaped-usb-flash-drive\/","title":{"rendered":"Cl\u00e9 USB en forme de maison en m\u00e9tal"},"content":{"rendered":"<div class=\"wp-block-columns is-layout-flex wp-container-core-columns-is-layout-28f84493 wp-block-columns-is-layout-flex\">\n<div class=\"wp-block-column is-vertically-aligned-center is-layout-flow wp-block-column-is-layout-flow\">\n<p>Le <strong>cl\u00e9 USB en forme de maison en m\u00e9tal<\/strong> est fabriqu\u00e9 en m\u00e9tal de haute qualit\u00e9. Il est \u00e0 la fois robuste et d\u00e9licat. Lors d'une utilisation quotidienne, il peut r\u00e9sister aux rayures et aux chocs mineurs, ce qui t\u00e9moigne d'une excellente durabilit\u00e9. En outre, il pr\u00e9sente un attrait visuel haut de gamme et textur\u00e9.<\/p>\n\n\n\n<p>La forme de maison miniature \u00e9voque instantan\u00e9ment un sentiment chaleureux de foyer, comme si vous transportiez une mini \"maison\" avec vous.<\/p>\n\n\n\n<p>Il est extr\u00eamement l\u00e9ger et fin. Vous pouvez facilement l'attacher \u00e0 un porte-cl\u00e9s, le glisser dans votre poche ou le mettre dans un petit sac.<\/p>\n<\/div>\n\n\n\n<div class=\"wp-block-column is-vertically-aligned-center is-layout-flow wp-block-column-is-layout-flow\">\n<figure class=\"wp-block-image size-full\"><img alt=\"\" fetchpriority=\"high\" decoding=\"async\" width=\"800\" height=\"800\" src=\"https:\/\/www.usborkeychain.com\/wp-content\/uploads\/MiniHouse-USB-Flash-Drive.png\" class=\"wp-image-4677\" srcset=\"https:\/\/www.usborkeychain.com\/wp-content\/uploads\/MiniHouse-USB-Flash-Drive.png 800w, https:\/\/www.usborkeychain.com\/wp-content\/uploads\/MiniHouse-USB-Flash-Drive-300x300.png 300w, https:\/\/www.usborkeychain.com\/wp-content\/uploads\/MiniHouse-USB-Flash-Drive-150x150.png 150w, https:\/\/www.usborkeychain.com\/wp-content\/uploads\/MiniHouse-USB-Flash-Drive-768x768.png 768w, https:\/\/www.usborkeychain.com\/wp-content\/uploads\/MiniHouse-USB-Flash-Drive-12x12.png 12w, https:\/\/www.usborkeychain.com\/wp-content\/uploads\/MiniHouse-USB-Flash-Drive-600x600.png 600w, https:\/\/www.usborkeychain.com\/wp-content\/uploads\/MiniHouse-USB-Flash-Drive-100x100.png 100w\" sizes=\"(max-width: 800px) 100vw, 800px\" \/><\/figure>\n<\/div>\n<\/div>\n\n\n\n<h2 class=\"wp-block-heading\">Param\u00e8tres de la cl\u00e9 USB<\/h2>\n\n\n\n<figure class=\"wp-block-table\"><table class=\"has-fixed-layout\"><thead><tr><th>Cat\u00e9gorie de param\u00e8tres<\/th><th>D\u00e9tails<\/th><\/tr><\/thead><tbody><tr><td>Type d'interface<\/td><td>USB 3.0 (r\u00e9trocompatible avec USB 2.0 pour une plus grande compatibilit\u00e9 des appareils)<\/td><\/tr><tr><td>Capacit\u00e9s de stockage disponibles<\/td><td>4GB, 8GB, 16GB, 32GB, 64GB, 128GB<\/td><\/tr><tr><td>Dimensions (Longueur \u00d7 Largeur \u00d7 \u00c9paisseur)<\/td><td>60\u00d725\u00d710mm<\/td><\/tr><tr><td>Poids<\/td><td>15 grammes<\/td><\/tr><\/tbody><\/table><\/figure>\n\n\n\n<h2 class=\"wp-block-heading\">A quelles entreprises convient-il de l'offrir en cadeau ?<\/h2>\n\n\n\n<figure class=\"wp-block-table\"><table class=\"has-fixed-layout\"><thead><tr><th>Type d'objet applicable<\/th><th>Explication sp\u00e9cifique<\/th><\/tr><\/thead><tbody><tr><td>Entreprises immobili\u00e8res<\/td><td>Cadeaux promotionnels pour des projets immobiliers<\/td><\/tr><tr><td>Soci\u00e9t\u00e9s de conception de d\u00e9coration int\u00e9rieure<\/td><td>Remis \u00e0 des clients ou \u00e0 des partenaires commerciaux<\/td><\/tr><tr><td>Institutions financi\u00e8res (activit\u00e9s hypoth\u00e9caires)<\/td><td>Utilis\u00e9 dans les activit\u00e9s li\u00e9es aux pr\u00eats hypoth\u00e9caires<\/td><\/tr><tr><td>Particuliers (dons aux parents et amis)<\/td><td>Pour des occasions telles que les anniversaires et les f\u00eates de fin d'ann\u00e9e<\/td><\/tr><tr><td>Institutions d'enseignement et de formation<\/td><td>Cadeaux comm\u00e9moratifs pour les \u00e9tudiants \u00e0 l'occasion d'une remise de dipl\u00f4me ou d'un \u00e9v\u00e9nement<\/td><\/tr><\/tbody><\/table><\/figure>\n\n\n\n<h2 class=\"wp-block-heading\">L'impression de logos est-elle prise en charge ?<\/h2>\n\n\n\n<div class=\"wp-block-columns is-layout-flex wp-container-core-columns-is-layout-28f84493 wp-block-columns-is-layout-flex\">\n<div class=\"wp-block-column is-vertically-aligned-center is-layout-flow wp-block-column-is-layout-flow\">\n<figure class=\"wp-block-image size-full\"><img alt=\"\" decoding=\"async\" width=\"800\" height=\"800\" src=\"https:\/\/www.usborkeychain.com\/wp-content\/uploads\/HouseShaped-Metal-USB-Flash-Drive.png\" class=\"wp-image-4674\" srcset=\"https:\/\/www.usborkeychain.com\/wp-content\/uploads\/HouseShaped-Metal-USB-Flash-Drive.png 800w, https:\/\/www.usborkeychain.com\/wp-content\/uploads\/HouseShaped-Metal-USB-Flash-Drive-300x300.png 300w, https:\/\/www.usborkeychain.com\/wp-content\/uploads\/HouseShaped-Metal-USB-Flash-Drive-150x150.png 150w, https:\/\/www.usborkeychain.com\/wp-content\/uploads\/HouseShaped-Metal-USB-Flash-Drive-768x768.png 768w, https:\/\/www.usborkeychain.com\/wp-content\/uploads\/HouseShaped-Metal-USB-Flash-Drive-12x12.png 12w, https:\/\/www.usborkeychain.com\/wp-content\/uploads\/HouseShaped-Metal-USB-Flash-Drive-600x600.png 600w, https:\/\/www.usborkeychain.com\/wp-content\/uploads\/HouseShaped-Metal-USB-Flash-Drive-100x100.png 100w\" sizes=\"(max-width: 800px) 100vw, 800px\" \/><\/figure>\n<\/div>\n\n\n\n<div class=\"wp-block-column is-vertically-aligned-center is-layout-flow wp-block-column-is-layout-flow\">\n<p>Le<strong> cl\u00e9 USB en forme de maison en m\u00e9tal <\/strong>prend en charge l'impression de logos et constitue un excellent choix pour la personnalisation de la marque. Les proc\u00e9d\u00e9s d'impression disponibles sont les suivants :<\/p>\n\n\n\n<ul class=\"wp-block-list\">\n<li><strong>S\u00e9rigraphie<\/strong>: Il convient pour les motifs complexes. Il peut imprimer des logos ou des embl\u00e8mes d'entreprise avec une grande pr\u00e9cision, des couleurs vives et une excellente r\u00e9sistance aux rayures.<\/li>\n\n\n\n<li><strong>Gravure au laser<\/strong>: Sp\u00e9cialement con\u00e7u pour les surfaces m\u00e9talliques, il sculpte en profondeur le texte ou les graphiques, produisant un effet d\u00e9licat et permanent.<\/li>\n\n\n\n<li><strong>Impression UV<\/strong>: Id\u00e9al pour les conceptions multicolores, telles que l'ajout de d\u00e9grad\u00e9s ou d'images personnalis\u00e9es. Il pr\u00e9sente une forte r\u00e9sistance aux intemp\u00e9ries et des couleurs vives.<\/li>\n\n\n\n<li><strong>Impression par transfert thermique<\/strong>: Adapt\u00e9 \u00e0 la personnalisation de petits lots, il permet d'imprimer rapidement des informations personnalis\u00e9es.<\/li>\n<\/ul>\n<\/div>\n<\/div>\n\n\n\n<h2 class=\"wp-block-heading\">Est-il possible d'obtenir un emballage personnalis\u00e9 ?<\/h2>\n\n\n\n<div class=\"wp-block-columns is-layout-flex wp-container-core-columns-is-layout-28f84493 wp-block-columns-is-layout-flex\">\n<div class=\"wp-block-column is-vertically-aligned-center is-layout-flow wp-block-column-is-layout-flow\">\n<figure class=\"wp-block-image size-full\"><img alt=\"\" decoding=\"async\" width=\"800\" height=\"800\" src=\"https:\/\/www.usborkeychain.com\/wp-content\/uploads\/KeychainHouse-USB-Flash-Drive.png\" class=\"wp-image-4675\" srcset=\"https:\/\/www.usborkeychain.com\/wp-content\/uploads\/KeychainHouse-USB-Flash-Drive.png 800w, https:\/\/www.usborkeychain.com\/wp-content\/uploads\/KeychainHouse-USB-Flash-Drive-300x300.png 300w, https:\/\/www.usborkeychain.com\/wp-content\/uploads\/KeychainHouse-USB-Flash-Drive-150x150.png 150w, https:\/\/www.usborkeychain.com\/wp-content\/uploads\/KeychainHouse-USB-Flash-Drive-768x768.png 768w, https:\/\/www.usborkeychain.com\/wp-content\/uploads\/KeychainHouse-USB-Flash-Drive-12x12.png 12w, https:\/\/www.usborkeychain.com\/wp-content\/uploads\/KeychainHouse-USB-Flash-Drive-600x600.png 600w, https:\/\/www.usborkeychain.com\/wp-content\/uploads\/KeychainHouse-USB-Flash-Drive-100x100.png 100w\" sizes=\"(max-width: 800px) 100vw, 800px\" \/><\/figure>\n<\/div>\n\n\n\n<div class=\"wp-block-column is-vertically-aligned-center is-layout-flow wp-block-column-is-layout-flow\">\n<p>Des emballages personnalis\u00e9s sont disponibles pour <strong>la maison en m\u00e9tal - cl\u00e9 USB en forme<\/strong>. Les options d'emballage les plus courantes sont les suivantes :<\/p>\n\n\n\n<ul class=\"wp-block-list\">\n<li><strong>Emballage sous blister<\/strong>: Son co\u00fbt est relativement faible et il permet d'afficher clairement l'aspect de la cl\u00e9 USB.<\/li>\n\n\n\n<li><strong>Emballage en carton<\/strong>: Il est simple et pratique. Des informations sur la marque, des slogans promotionnels, etc. peuvent \u00eatre imprim\u00e9s sur la surface de la bo\u00eete.<\/li>\n\n\n\n<li><strong>Emballage en bo\u00eete cadeau<\/strong>: Il a un aspect plus exquis et haut de gamme, souvent associ\u00e9 \u00e0 des rubans et \u00e0 des doublures int\u00e9rieures.<\/li>\n<\/ul>\n<\/div>\n<\/div>\n\n\n\n<div class=\"wp-block-columns is-layout-flex wp-container-core-columns-is-layout-28f84493 wp-block-columns-is-layout-flex\">\n<div class=\"wp-block-column is-vertically-aligned-center is-layout-flow wp-block-column-is-layout-flow\">\n<p>Le <strong>cl\u00e9 USB en forme de maison en m\u00e9tal<\/strong> garantit la durabilit\u00e9 gr\u00e2ce \u00e0 son mat\u00e9riau m\u00e9tallique, conf\u00e8re une touche \u00e9motionnelle gr\u00e2ce \u00e0 son design en forme de maison, r\u00e9pond \u00e0 divers besoins de stockage gr\u00e2ce \u00e0 ses nombreux param\u00e8tres, et permet la personnalisation du logo et de l'emballage. Qu'il soit utilis\u00e9 par les entreprises comme cadeau pour la promotion de la marque et les sc\u00e9narios li\u00e9s aux affaires, ou par les particuliers pour transmettre la belle connotation de \"maison\" dans leurs cadeaux, il peut \u00eatre \u00e0 la fois pratique et exprimer des intentions uniques, devenant ainsi un excellent support pour le stockage de donn\u00e9es et la connexion \u00e9motionnelle.<\/p>\n<\/div>\n\n\n\n<div class=\"wp-block-column is-vertically-aligned-center is-layout-flow wp-block-column-is-layout-flow\">\n<figure class=\"wp-block-image size-full\"><img alt=\"\" loading=\"lazy\" decoding=\"async\" width=\"800\" height=\"800\" src=\"https:\/\/www.usborkeychain.com\/wp-content\/uploads\/ElegantHouse-USB-Flash-Drive.png\" class=\"wp-image-4673\" srcset=\"https:\/\/www.usborkeychain.com\/wp-content\/uploads\/ElegantHouse-USB-Flash-Drive.png 800w, https:\/\/www.usborkeychain.com\/wp-content\/uploads\/ElegantHouse-USB-Flash-Drive-300x300.png 300w, https:\/\/www.usborkeychain.com\/wp-content\/uploads\/ElegantHouse-USB-Flash-Drive-150x150.png 150w, https:\/\/www.usborkeychain.com\/wp-content\/uploads\/ElegantHouse-USB-Flash-Drive-768x768.png 768w, https:\/\/www.usborkeychain.com\/wp-content\/uploads\/ElegantHouse-USB-Flash-Drive-12x12.png 12w, https:\/\/www.usborkeychain.com\/wp-content\/uploads\/ElegantHouse-USB-Flash-Drive-600x600.png 600w, https:\/\/www.usborkeychain.com\/wp-content\/uploads\/ElegantHouse-USB-Flash-Drive-100x100.png 100w\" sizes=\"(max-width: 800px) 100vw, 800px\" \/><\/figure>\n<\/div>\n<\/div>","protected":false},"excerpt":{"rendered":"<ul>\n<li>M\u00e9tal de haute qualit\u00e9<\/li>\n<li>Forme de mini-maison<\/li>\n<li>Prise en charge de l'impression de logos<\/li>\n<li>\u00a0Emballage diff\u00e9rent personnalis\u00e9<\/li>\n<li>MOQ:100PCS<\/li>\n<\/ul>","protected":false},"featured_media":4677,"comment_status":"open","ping_status":"closed","template":"","meta":{"_seopress_robots_primary_cat":"","_seopress_titles_title":"","_seopress_titles_desc":"","_seopress_robots_index":"","site-sidebar-layout":"default","site-content-layout":"","ast-site-content-layout":"","site-content-style":"default","site-sidebar-style":"default","ast-global-header-display":"","ast-banner-title-visibility":"","ast-main-header-display":"","ast-hfb-above-header-display":"","ast-hfb-below-header-display":"","ast-hfb-mobile-header-display":"","site-post-title":"","ast-breadcrumbs-content":"","ast-featured-img":"","footer-sml-layout":"","theme-transparent-header-meta":"","adv-header-id-meta":"","stick-header-meta":"","header-above-stick-meta":"","header-main-stick-meta":"","header-below-stick-meta":"","astra-migrate-meta-layouts":"default","ast-page-background-enabled":"default","ast-page-background-meta":{"desktop":{"background-color":"var(--ast-global-color-5)","background-image":"","background-repeat":"repeat","background-position":"center center","background-size":"auto","background-attachment":"scroll","background-type":"","background-media":"","overlay-type":"","overlay-color":"","overlay-opacity":"","overlay-gradient":""},"tablet":{"background-color":"","background-image":"","background-repeat":"repeat","background-position":"center center","background-size":"auto","background-attachment":"scroll","background-type":"","background-media":"","overlay-type":"","overlay-color":"","overlay-opacity":"","overlay-gradient":""},"mobile":{"background-color":"","background-image":"","background-repeat":"repeat","background-position":"center center","background-size":"auto","background-attachment":"scroll","background-type":"","background-media":"","overlay-type":"","overlay-color":"","overlay-opacity":"","overlay-gradient":""}},"ast-content-background-meta":{"desktop":{"background-color":"var(--ast-global-color-4)","background-image":"","background-repeat":"repeat","background-position":"center center","background-size":"auto","background-attachment":"scroll","background-type":"","background-media":"","overlay-type":"","overlay-color":"","overlay-opacity":"","overlay-gradient":""},"tablet":{"background-color":"var(--ast-global-color-4)","background-image":"","background-repeat":"repeat","background-position":"center center","background-size":"auto","background-attachment":"scroll","background-type":"","background-media":"","overlay-type":"","overlay-color":"","overlay-opacity":"","overlay-gradient":""},"mobile":{"background-color":"var(--ast-global-color-4)","background-image":"","background-repeat":"repeat","background-position":"center center","background-size":"auto","background-attachment":"scroll","background-type":"","background-media":"","overlay-type":"","overlay-color":"","overlay-opacity":"","overlay-gradient":""}}},"product_brand":[],"product_cat":[89],"product_tag":[293,397],"class_list":{"0":"post-4670","1":"product","2":"type-product","3":"status-publish","4":"has-post-thumbnail","6":"product_cat-metal-usb-pendrive","7":"product_tag-metal-house-shaped-usb-flash-drive","8":"product_tag-zinc-alloy-usb-pen-drive","9":"desktop-align-left","10":"tablet-align-left","11":"mobile-align-left","13":"first","14":"instock","15":"shipping-taxable","16":"product-type-simple"},"_links":{"self":[{"href":"https:\/\/www.usborkeychain.com\/fr\/wp-json\/wp\/v2\/product\/4670","targetHints":{"allow":["GET"]}}],"collection":[{"href":"https:\/\/www.usborkeychain.com\/fr\/wp-json\/wp\/v2\/product"}],"about":[{"href":"https:\/\/www.usborkeychain.com\/fr\/wp-json\/wp\/v2\/types\/product"}],"replies":[{"embeddable":true,"href":"https:\/\/www.usborkeychain.com\/fr\/wp-json\/wp\/v2\/comments?post=4670"}],"wp:featuredmedia":[{"embeddable":true,"href":"https:\/\/www.usborkeychain.com\/fr\/wp-json\/wp\/v2\/media\/4677"}],"wp:attachment":[{"href":"https:\/\/www.usborkeychain.com\/fr\/wp-json\/wp\/v2\/media?parent=4670"}],"wp:term":[{"taxonomy":"product_brand","embeddable":true,"href":"https:\/\/www.usborkeychain.com\/fr\/wp-json\/wp\/v2\/product_brand?post=4670"},{"taxonomy":"product_cat","embeddable":true,"href":"https:\/\/www.usborkeychain.com\/fr\/wp-json\/wp\/v2\/product_cat?post=4670"},{"taxonomy":"product_tag","embeddable":true,"href":"https:\/\/www.usborkeychain.com\/fr\/wp-json\/wp\/v2\/product_tag?post=4670"}],"curies":[{"name":"wp","href":"https:\/\/api.w.org\/{rel}","templated":true}]}}