{"id":4679,"date":"2025-07-27T00:52:03","date_gmt":"2025-07-27T00:52:03","guid":{"rendered":"https:\/\/www.usborkeychain.com\/?post_type=product&#038;p=4679"},"modified":"2025-07-27T01:09:39","modified_gmt":"2025-07-27T01:09:39","slug":"pvc-aircraft-usb-flash-drive","status":"publish","type":"product","link":"https:\/\/www.usborkeychain.com\/fr\/produit\/pvc-aircraft-usb-flash-drive\/","title":{"rendered":"Cl\u00e9 USB en PVC pour avions"},"content":{"rendered":"<div class=\"wp-block-columns is-layout-flex wp-container-core-columns-is-layout-28f84493 wp-block-columns-is-layout-flex\">\n<div class=\"wp-block-column is-vertically-aligned-center is-layout-flow wp-block-column-is-layout-flow\">\n<p>Le<strong> Cl\u00e9 USB pour avion en PVC<\/strong> est fabriqu\u00e9 \u00e0 partir d'un mat\u00e9riau PVC de haute qualit\u00e9, offrant une flexibilit\u00e9 et une durabilit\u00e9 excellentes. Sa texture lisse offre un toucher agr\u00e9able. En outre, il est respectueux de l'environnement et non toxique, conforme aux normes de s\u00e9curit\u00e9 en vigueur, ce qui garantit la tranquillit\u00e9 d'esprit de l'utilisateur pendant l'utilisation.<\/p>\n\n\n\n<p>Con\u00e7u \u00e0 partir de prototypes d'avions r\u00e9els, il reproduit fid\u00e8lement l'apparence des h\u00e9licopt\u00e8res, des avions de ligne et d'autres mod\u00e8les d'avions. <\/p>\n\n\n\n<p>Gr\u00e2ce \u00e0 un processus de mise \u00e0 l'\u00e9chelle proportionnelle, les grands avions sont condens\u00e9s dans un appareil de la taille d'une paume de main avec de nombreux d\u00e9tails. Qu'il s'agisse de l'h\u00e9lice, du cockpit, des ailes ou de la queue, chaque partie est repr\u00e9sent\u00e9e de mani\u00e8re vivante, comme un mod\u00e8le d'avion miniaturis\u00e9.<\/p>\n<\/div>\n\n\n\n<div class=\"wp-block-column is-vertically-aligned-center is-layout-flow wp-block-column-is-layout-flow\">\n<figure class=\"wp-block-image size-full\"><img alt=\"\" fetchpriority=\"high\" decoding=\"async\" width=\"800\" height=\"800\" src=\"https:\/\/www.usborkeychain.com\/wp-content\/uploads\/Aircraft-PVC-USB-Flash-Drive.jpg\" class=\"wp-image-4682\" srcset=\"https:\/\/www.usborkeychain.com\/wp-content\/uploads\/Aircraft-PVC-USB-Flash-Drive.jpg 800w, https:\/\/www.usborkeychain.com\/wp-content\/uploads\/Aircraft-PVC-USB-Flash-Drive-300x300.jpg 300w, https:\/\/www.usborkeychain.com\/wp-content\/uploads\/Aircraft-PVC-USB-Flash-Drive-150x150.jpg 150w, https:\/\/www.usborkeychain.com\/wp-content\/uploads\/Aircraft-PVC-USB-Flash-Drive-768x768.jpg 768w, https:\/\/www.usborkeychain.com\/wp-content\/uploads\/Aircraft-PVC-USB-Flash-Drive-12x12.jpg 12w, https:\/\/www.usborkeychain.com\/wp-content\/uploads\/Aircraft-PVC-USB-Flash-Drive-600x600.jpg 600w, https:\/\/www.usborkeychain.com\/wp-content\/uploads\/Aircraft-PVC-USB-Flash-Drive-100x100.jpg 100w\" sizes=\"(max-width: 800px) 100vw, 800px\" \/><\/figure>\n<\/div>\n<\/div>\n\n\n\n<h2 class=\"wp-block-heading\">Sp\u00e9cifications de la cl\u00e9 USB en PVC pour avions<\/h2>\n\n\n\n<figure class=\"wp-block-table\"><table class=\"has-fixed-layout\"><thead><tr><th>Cat\u00e9gorie de param\u00e8tres<\/th><th>D\u00e9tails<\/th><\/tr><\/thead><tbody><tr><td>Capacit\u00e9 de stockage<\/td><td>8GB, 16GB, 32GB, 64GB, 128GB<\/td><\/tr><tr><td>Type d'interface<\/td><td>USB 2.0, USB 3.0, USB 3.1<\/td><\/tr><tr><td>Dimensions (Longueur * Largeur * Hauteur)<\/td><td>60mm x 50mm x 20mm<\/td><\/tr><tr><td>Poids<\/td><td>Environ 15-30 g<\/td><\/tr><\/tbody><\/table><\/figure>\n\n\n\n<h2 class=\"wp-block-heading\">\u00c0 quelles entreprises convient-il ?<\/h2>\n\n\n\n<div class=\"wp-block-columns is-layout-flex wp-container-core-columns-is-layout-28f84493 wp-block-columns-is-layout-flex\">\n<div class=\"wp-block-column is-vertically-aligned-center is-layout-flow wp-block-column-is-layout-flow\">\n<figure class=\"wp-block-image size-full\"><img alt=\"\" decoding=\"async\" width=\"800\" height=\"800\" src=\"https:\/\/www.usborkeychain.com\/wp-content\/uploads\/Helicopter-PVC-USB-Flash-Drive.jpg\" class=\"wp-image-4688\" srcset=\"https:\/\/www.usborkeychain.com\/wp-content\/uploads\/Helicopter-PVC-USB-Flash-Drive.jpg 800w, https:\/\/www.usborkeychain.com\/wp-content\/uploads\/Helicopter-PVC-USB-Flash-Drive-300x300.jpg 300w, https:\/\/www.usborkeychain.com\/wp-content\/uploads\/Helicopter-PVC-USB-Flash-Drive-150x150.jpg 150w, https:\/\/www.usborkeychain.com\/wp-content\/uploads\/Helicopter-PVC-USB-Flash-Drive-768x768.jpg 768w, https:\/\/www.usborkeychain.com\/wp-content\/uploads\/Helicopter-PVC-USB-Flash-Drive-12x12.jpg 12w, https:\/\/www.usborkeychain.com\/wp-content\/uploads\/Helicopter-PVC-USB-Flash-Drive-600x600.jpg 600w, https:\/\/www.usborkeychain.com\/wp-content\/uploads\/Helicopter-PVC-USB-Flash-Drive-100x100.jpg 100w\" sizes=\"(max-width: 800px) 100vw, 800px\" \/><\/figure>\n<\/div>\n\n\n\n<div class=\"wp-block-column is-vertically-aligned-center is-layout-flow wp-block-column-is-layout-flow\">\n<p><strong>Compagnies a\u00e9riennes<\/strong>: Ils ont servi de cadeaux aux membres, de cadeaux VIP et de souvenirs d'\u00e9v\u00e9nements pour renforcer les attributs de la marque dans le domaine de l'aviation.<\/p>\n\n\n\n<p><strong>Entreprises technologiques<\/strong>: Offerts en cadeau lors d'expositions, de conf\u00e9rences ou de visites de clients, ils refl\u00e8tent l'innovation et le sens de la technologie de l'entreprise.<\/p>\n\n\n\n<p><strong>Entreprises li\u00e9es \u00e0 l'automobile<\/strong>: En lien avec les th\u00e8mes de la \"vitesse\" et du \"voyage\".<\/p>\n\n\n\n<p><strong>\u00c9tablissements d'enseignement et de formation<\/strong>: Utilis\u00e9s comme r\u00e9compenses pour les \u00e9tudiants ou comme souvenirs d'\u00e9v\u00e9nements, ils conviennent particuli\u00e8rement aux \u00e9coles d'aviation et d'ing\u00e9nierie.<\/p>\n\n\n\n<p><strong>Avantages et r\u00e9compenses des employ\u00e9s<\/strong>: Motiver les employ\u00e9s et renforcer leur sentiment d'appartenance.<\/p>\n<\/div>\n<\/div>\n\n\n\n<div class=\"wp-block-columns is-layout-flex wp-container-core-columns-is-layout-28f84493 wp-block-columns-is-layout-flex\">\n<div class=\"wp-block-column is-layout-flow wp-block-column-is-layout-flow\">\n<figure class=\"wp-block-image size-full\"><img alt=\"\" decoding=\"async\" width=\"800\" height=\"800\" src=\"https:\/\/www.usborkeychain.com\/wp-content\/uploads\/PlaneShape-PVC-USB-Flash-Drive.jpg\" class=\"wp-image-4689\" srcset=\"https:\/\/www.usborkeychain.com\/wp-content\/uploads\/PlaneShape-PVC-USB-Flash-Drive.jpg 800w, https:\/\/www.usborkeychain.com\/wp-content\/uploads\/PlaneShape-PVC-USB-Flash-Drive-300x300.jpg 300w, https:\/\/www.usborkeychain.com\/wp-content\/uploads\/PlaneShape-PVC-USB-Flash-Drive-150x150.jpg 150w, https:\/\/www.usborkeychain.com\/wp-content\/uploads\/PlaneShape-PVC-USB-Flash-Drive-768x768.jpg 768w, https:\/\/www.usborkeychain.com\/wp-content\/uploads\/PlaneShape-PVC-USB-Flash-Drive-12x12.jpg 12w, https:\/\/www.usborkeychain.com\/wp-content\/uploads\/PlaneShape-PVC-USB-Flash-Drive-600x600.jpg 600w, https:\/\/www.usborkeychain.com\/wp-content\/uploads\/PlaneShape-PVC-USB-Flash-Drive-100x100.jpg 100w\" sizes=\"(max-width: 800px) 100vw, 800px\" \/><\/figure>\n<\/div>\n\n\n\n<div class=\"wp-block-column is-layout-flow wp-block-column-is-layout-flow\">\n<figure class=\"wp-block-image size-full\"><img alt=\"\" loading=\"lazy\" decoding=\"async\" width=\"800\" height=\"800\" src=\"https:\/\/www.usborkeychain.com\/wp-content\/uploads\/Airliner-PVC-USB-Flash-Drive.jpg\" class=\"wp-image-4684\" srcset=\"https:\/\/www.usborkeychain.com\/wp-content\/uploads\/Airliner-PVC-USB-Flash-Drive.jpg 800w, https:\/\/www.usborkeychain.com\/wp-content\/uploads\/Airliner-PVC-USB-Flash-Drive-300x300.jpg 300w, https:\/\/www.usborkeychain.com\/wp-content\/uploads\/Airliner-PVC-USB-Flash-Drive-150x150.jpg 150w, https:\/\/www.usborkeychain.com\/wp-content\/uploads\/Airliner-PVC-USB-Flash-Drive-768x768.jpg 768w, https:\/\/www.usborkeychain.com\/wp-content\/uploads\/Airliner-PVC-USB-Flash-Drive-12x12.jpg 12w, https:\/\/www.usborkeychain.com\/wp-content\/uploads\/Airliner-PVC-USB-Flash-Drive-600x600.jpg 600w, https:\/\/www.usborkeychain.com\/wp-content\/uploads\/Airliner-PVC-USB-Flash-Drive-100x100.jpg 100w\" sizes=\"(max-width: 800px) 100vw, 800px\" \/><\/figure>\n<\/div>\n\n\n\n<div class=\"wp-block-column is-layout-flow wp-block-column-is-layout-flow\">\n<figure class=\"wp-block-image size-full\"><img alt=\"\" loading=\"lazy\" decoding=\"async\" width=\"800\" height=\"800\" src=\"https:\/\/www.usborkeychain.com\/wp-content\/uploads\/RescueHelo-PVC-USB-Flash-Drive.jpg\" class=\"wp-image-4690\" srcset=\"https:\/\/www.usborkeychain.com\/wp-content\/uploads\/RescueHelo-PVC-USB-Flash-Drive.jpg 800w, https:\/\/www.usborkeychain.com\/wp-content\/uploads\/RescueHelo-PVC-USB-Flash-Drive-300x300.jpg 300w, https:\/\/www.usborkeychain.com\/wp-content\/uploads\/RescueHelo-PVC-USB-Flash-Drive-150x150.jpg 150w, https:\/\/www.usborkeychain.com\/wp-content\/uploads\/RescueHelo-PVC-USB-Flash-Drive-768x768.jpg 768w, https:\/\/www.usborkeychain.com\/wp-content\/uploads\/RescueHelo-PVC-USB-Flash-Drive-12x12.jpg 12w, https:\/\/www.usborkeychain.com\/wp-content\/uploads\/RescueHelo-PVC-USB-Flash-Drive-600x600.jpg 600w, https:\/\/www.usborkeychain.com\/wp-content\/uploads\/RescueHelo-PVC-USB-Flash-Drive-100x100.jpg 100w\" sizes=\"(max-width: 800px) 100vw, 800px\" \/><\/figure>\n<\/div>\n<\/div>\n\n\n\n<h2 class=\"wp-block-heading\">Quelle est la r\u00e9sistance de la cl\u00e9 USB aux chutes ?<\/h2>\n\n\n\n<p>En raison de l'adoption de la <strong>Mati\u00e8re PVC<\/strong>Il poss\u00e8de une certaine flexibilit\u00e9 et une certaine r\u00e9sistance aux chocs. Dans le cadre d'une utilisation normale, les chutes accidentelles d'un bureau (\u00e0 une hauteur d'environ 0,8 \u00e0 1,2 m\u00e8tre) et les autres chutes quotidiennes n'endommagent g\u00e9n\u00e9ralement pas la puce de stockage interne. Bien que la coque ext\u00e9rieure puisse pr\u00e9senter de l\u00e9g\u00e8res rayures, cela n'affecte pas l'utilisation normale. Toutefois, si l'appareil est soumis \u00e0 des chocs fr\u00e9quents de forte intensit\u00e9 ou \u00e0 des chutes d'une hauteur excessive (plus de 2 m\u00e8tres, par exemple), la coque peut se fissurer et les composants internes peuvent \u00eatre endommag\u00e9s. Une protection ad\u00e9quate lors de l'utilisation quotidienne peut garantir sa durabilit\u00e9.<\/p>\n\n\n\n<div class=\"wp-block-columns is-layout-flex wp-container-core-columns-is-layout-28f84493 wp-block-columns-is-layout-flex\">\n<div class=\"wp-block-column is-layout-flow wp-block-column-is-layout-flow\">\n<figure class=\"wp-block-image size-full\"><img alt=\"\" loading=\"lazy\" decoding=\"async\" width=\"800\" height=\"800\" src=\"https:\/\/www.usborkeychain.com\/wp-content\/uploads\/SkyPlane-PVC-USB-Flash-Drive.jpg\" class=\"wp-image-4691\" srcset=\"https:\/\/www.usborkeychain.com\/wp-content\/uploads\/SkyPlane-PVC-USB-Flash-Drive.jpg 800w, https:\/\/www.usborkeychain.com\/wp-content\/uploads\/SkyPlane-PVC-USB-Flash-Drive-300x300.jpg 300w, https:\/\/www.usborkeychain.com\/wp-content\/uploads\/SkyPlane-PVC-USB-Flash-Drive-150x150.jpg 150w, https:\/\/www.usborkeychain.com\/wp-content\/uploads\/SkyPlane-PVC-USB-Flash-Drive-768x768.jpg 768w, https:\/\/www.usborkeychain.com\/wp-content\/uploads\/SkyPlane-PVC-USB-Flash-Drive-12x12.jpg 12w, https:\/\/www.usborkeychain.com\/wp-content\/uploads\/SkyPlane-PVC-USB-Flash-Drive-600x600.jpg 600w, https:\/\/www.usborkeychain.com\/wp-content\/uploads\/SkyPlane-PVC-USB-Flash-Drive-100x100.jpg 100w\" sizes=\"(max-width: 800px) 100vw, 800px\" \/><\/figure>\n<\/div>\n\n\n\n<div class=\"wp-block-column is-layout-flow wp-block-column-is-layout-flow\">\n<figure class=\"wp-block-image size-full\"><img alt=\"\" loading=\"lazy\" decoding=\"async\" width=\"800\" height=\"800\" src=\"https:\/\/www.usborkeychain.com\/wp-content\/uploads\/Flyer-PVC-USB-Flash-Drive.jpg\" class=\"wp-image-4687\" srcset=\"https:\/\/www.usborkeychain.com\/wp-content\/uploads\/Flyer-PVC-USB-Flash-Drive.jpg 800w, https:\/\/www.usborkeychain.com\/wp-content\/uploads\/Flyer-PVC-USB-Flash-Drive-300x300.jpg 300w, https:\/\/www.usborkeychain.com\/wp-content\/uploads\/Flyer-PVC-USB-Flash-Drive-150x150.jpg 150w, https:\/\/www.usborkeychain.com\/wp-content\/uploads\/Flyer-PVC-USB-Flash-Drive-768x768.jpg 768w, https:\/\/www.usborkeychain.com\/wp-content\/uploads\/Flyer-PVC-USB-Flash-Drive-12x12.jpg 12w, https:\/\/www.usborkeychain.com\/wp-content\/uploads\/Flyer-PVC-USB-Flash-Drive-600x600.jpg 600w, https:\/\/www.usborkeychain.com\/wp-content\/uploads\/Flyer-PVC-USB-Flash-Drive-100x100.jpg 100w\" sizes=\"(max-width: 800px) 100vw, 800px\" \/><\/figure>\n<\/div>\n\n\n\n<div class=\"wp-block-column is-layout-flow wp-block-column-is-layout-flow\">\n<figure class=\"wp-block-image size-full\"><img alt=\"\" loading=\"lazy\" decoding=\"async\" width=\"800\" height=\"800\" src=\"https:\/\/www.usborkeychain.com\/wp-content\/uploads\/Aviation-PVC-USB-Flash-Drive.jpg\" class=\"wp-image-4685\" srcset=\"https:\/\/www.usborkeychain.com\/wp-content\/uploads\/Aviation-PVC-USB-Flash-Drive.jpg 800w, https:\/\/www.usborkeychain.com\/wp-content\/uploads\/Aviation-PVC-USB-Flash-Drive-300x300.jpg 300w, https:\/\/www.usborkeychain.com\/wp-content\/uploads\/Aviation-PVC-USB-Flash-Drive-150x150.jpg 150w, https:\/\/www.usborkeychain.com\/wp-content\/uploads\/Aviation-PVC-USB-Flash-Drive-768x768.jpg 768w, https:\/\/www.usborkeychain.com\/wp-content\/uploads\/Aviation-PVC-USB-Flash-Drive-12x12.jpg 12w, https:\/\/www.usborkeychain.com\/wp-content\/uploads\/Aviation-PVC-USB-Flash-Drive-600x600.jpg 600w, https:\/\/www.usborkeychain.com\/wp-content\/uploads\/Aviation-PVC-USB-Flash-Drive-100x100.jpg 100w\" sizes=\"(max-width: 800px) 100vw, 800px\" \/><\/figure>\n<\/div>\n<\/div>\n\n\n\n<div class=\"wp-block-columns is-layout-flex wp-container-core-columns-is-layout-28f84493 wp-block-columns-is-layout-flex\">\n<div class=\"wp-block-column is-vertically-aligned-center is-layout-flow wp-block-column-is-layout-flow\">\n<p>Le<strong> Cl\u00e9 USB pour avion en PVC<\/strong> int\u00e8gre une apparence cr\u00e9ative et des fonctions pratiques. Il est fabriqu\u00e9 \u00e0 partir de mat\u00e9riaux de haute qualit\u00e9 <strong>Mati\u00e8re PVC<\/strong> pour cr\u00e9er un mod\u00e8le d'avion r\u00e9aliste. Ses nombreux param\u00e8tres r\u00e9pondent \u00e0 des besoins vari\u00e9s et permettent de personnaliser le logo. Il convient \u00e0 divers sc\u00e9narios de cadeaux d'entreprise et de cadeaux personnels, et pr\u00e9sente une certaine r\u00e9sistance aux chutes. Le <strong>Cl\u00e9 USB pour avion en PVC<\/strong> est pl\u00e9biscit\u00e9 par les passionn\u00e9s d'aviation et r\u00e9pond \u00e0 leurs besoins de collection et \u00e0 leurs besoins pratiques. C'est \u00e9galement le premier choix pour les cadeaux cr\u00e9atifs, qui conviennent aux jeunes qui recherchent l'unicit\u00e9 et aiment les nouveaux produits num\u00e9riques. Lorsque les entreprises l'utilisent pour promouvoir leur marque, il peut attirer l'attention et am\u00e9liorer la reconnaissance de la marque, en particulier les entreprises li\u00e9es \u00e0 l'aviation et les entreprises technologiques. Son utilisation en tant que cadeau d'affaires ou article promotionnel a un effet significatif.<\/p>\n<\/div>\n\n\n\n<div class=\"wp-block-column is-vertically-aligned-center is-layout-flow wp-block-column-is-layout-flow\">\n<figure class=\"wp-block-image size-full\"><img alt=\"\" loading=\"lazy\" decoding=\"async\" width=\"800\" height=\"800\" src=\"https:\/\/www.usborkeychain.com\/wp-content\/uploads\/AircraftModel-PVC-USB-Flash-Drive.jpg\" class=\"wp-image-4683\" srcset=\"https:\/\/www.usborkeychain.com\/wp-content\/uploads\/AircraftModel-PVC-USB-Flash-Drive.jpg 800w, https:\/\/www.usborkeychain.com\/wp-content\/uploads\/AircraftModel-PVC-USB-Flash-Drive-300x300.jpg 300w, https:\/\/www.usborkeychain.com\/wp-content\/uploads\/AircraftModel-PVC-USB-Flash-Drive-150x150.jpg 150w, https:\/\/www.usborkeychain.com\/wp-content\/uploads\/AircraftModel-PVC-USB-Flash-Drive-768x768.jpg 768w, https:\/\/www.usborkeychain.com\/wp-content\/uploads\/AircraftModel-PVC-USB-Flash-Drive-12x12.jpg 12w, https:\/\/www.usborkeychain.com\/wp-content\/uploads\/AircraftModel-PVC-USB-Flash-Drive-600x600.jpg 600w, https:\/\/www.usborkeychain.com\/wp-content\/uploads\/AircraftModel-PVC-USB-Flash-Drive-100x100.jpg 100w\" sizes=\"(max-width: 800px) 100vw, 800px\" \/><\/figure>\n<\/div>\n<\/div>","protected":false},"excerpt":{"rendered":"<ul>\n<li>Mati\u00e8re PVC<\/li>\n<li>Forme de l'avion<\/li>\n<li>Personnaliser le style<\/li>\n<li>RoHS<\/li>\n<li>MOQ:100PCS<\/li>\n<\/ul>","protected":false},"featured_media":4682,"comment_status":"open","ping_status":"closed","template":"","meta":{"_seopress_robots_primary_cat":"","_seopress_titles_title":"","_seopress_titles_desc":"","_seopress_robots_index":"","site-sidebar-layout":"default","site-content-layout":"","ast-site-content-layout":"","site-content-style":"default","site-sidebar-style":"default","ast-global-header-display":"","ast-banner-title-visibility":"","ast-main-header-display":"","ast-hfb-above-header-display":"","ast-hfb-below-header-display":"","ast-hfb-mobile-header-display":"","site-post-title":"","ast-breadcrumbs-content":"","ast-featured-img":"","footer-sml-layout":"","theme-transparent-header-meta":"","adv-header-id-meta":"","stick-header-meta":"","header-above-stick-meta":"","header-main-stick-meta":"","header-below-stick-meta":"","astra-migrate-meta-layouts":"default","ast-page-background-enabled":"default","ast-page-background-meta":{"desktop":{"background-color":"var(--ast-global-color-5)","background-image":"","background-repeat":"repeat","background-position":"center center","background-size":"auto","background-attachment":"scroll","background-type":"","background-media":"","overlay-type":"","overlay-color":"","overlay-opacity":"","overlay-gradient":""},"tablet":{"background-color":"","background-image":"","background-repeat":"repeat","background-position":"center center","background-size":"auto","background-attachment":"scroll","background-type":"","background-media":"","overlay-type":"","overlay-color":"","overlay-opacity":"","overlay-gradient":""},"mobile":{"background-color":"","background-image":"","background-repeat":"repeat","background-position":"center center","background-size":"auto","background-attachment":"scroll","background-type":"","background-media":"","overlay-type":"","overlay-color":"","overlay-opacity":"","overlay-gradient":""}},"ast-content-background-meta":{"desktop":{"background-color":"var(--ast-global-color-4)","background-image":"","background-repeat":"repeat","background-position":"center center","background-size":"auto","background-attachment":"scroll","background-type":"","background-media":"","overlay-type":"","overlay-color":"","overlay-opacity":"","overlay-gradient":""},"tablet":{"background-color":"var(--ast-global-color-4)","background-image":"","background-repeat":"repeat","background-position":"center center","background-size":"auto","background-attachment":"scroll","background-type":"","background-media":"","overlay-type":"","overlay-color":"","overlay-opacity":"","overlay-gradient":""},"mobile":{"background-color":"var(--ast-global-color-4)","background-image":"","background-repeat":"repeat","background-position":"center center","background-size":"auto","background-attachment":"scroll","background-type":"","background-media":"","overlay-type":"","overlay-color":"","overlay-opacity":"","overlay-gradient":""}}},"product_brand":[],"product_cat":[94],"product_tag":[294,248],"class_list":{"0":"post-4679","1":"product","2":"type-product","3":"status-publish","4":"has-post-thumbnail","6":"product_cat-pvc-usb-pendrive","7":"product_tag-pvc-aircraft-usb-flash-drive","8":"product_tag-pvc-usb-flash-drive","9":"desktop-align-left","10":"tablet-align-left","11":"mobile-align-left","13":"first","14":"instock","15":"shipping-taxable","16":"product-type-simple"},"_links":{"self":[{"href":"https:\/\/www.usborkeychain.com\/fr\/wp-json\/wp\/v2\/product\/4679","targetHints":{"allow":["GET"]}}],"collection":[{"href":"https:\/\/www.usborkeychain.com\/fr\/wp-json\/wp\/v2\/product"}],"about":[{"href":"https:\/\/www.usborkeychain.com\/fr\/wp-json\/wp\/v2\/types\/product"}],"replies":[{"embeddable":true,"href":"https:\/\/www.usborkeychain.com\/fr\/wp-json\/wp\/v2\/comments?post=4679"}],"wp:featuredmedia":[{"embeddable":true,"href":"https:\/\/www.usborkeychain.com\/fr\/wp-json\/wp\/v2\/media\/4682"}],"wp:attachment":[{"href":"https:\/\/www.usborkeychain.com\/fr\/wp-json\/wp\/v2\/media?parent=4679"}],"wp:term":[{"taxonomy":"product_brand","embeddable":true,"href":"https:\/\/www.usborkeychain.com\/fr\/wp-json\/wp\/v2\/product_brand?post=4679"},{"taxonomy":"product_cat","embeddable":true,"href":"https:\/\/www.usborkeychain.com\/fr\/wp-json\/wp\/v2\/product_cat?post=4679"},{"taxonomy":"product_tag","embeddable":true,"href":"https:\/\/www.usborkeychain.com\/fr\/wp-json\/wp\/v2\/product_tag?post=4679"}],"curies":[{"name":"wp","href":"https:\/\/api.w.org\/{rel}","templated":true}]}}